{"id":105837,"date":"2024-08-20T11:02:55","date_gmt":"2024-08-20T09:02:55","guid":{"rendered":"https:\/\/letrame.com\/catalogo\/?post_type=product&#038;p=105837"},"modified":"2024-08-20T11:02:55","modified_gmt":"2024-08-20T09:02:55","slug":"loca","status":"publish","type":"product","link":"https:\/\/letrame.com\/catalogo\/producto\/loca\/","title":{"rendered":"Loca"},"content":{"rendered":"<p class=\"p1\">ISBN: 978-84-1068-637-3<\/p>\n<p class=\"p1\">T\u00edtulo: Loca<\/p>\n<p class=\"p1\">Fecha: 2024<\/p>\n<p class=\"p1\">P\u00e1ginas: 326<\/p>\n<p class=\"p1\">SINOPSIS<\/p>\n<p>Desde peque\u00f1os nos inculcan c\u00f3mo debe ser la vida adulta: encontrar una pareja, casarnos, tener hijos, formar una familia de apariencia perfecta, ser felices siempre y comer perdices. Pero esa no es la realidad, dej\u00e9monos de cuentos de princesas y pr\u00edncipes. La realidad es que cada vida es diferente, cada persona es \u00fanica y cada una de las personas tiene derecho a so\u00f1ar el futuro como quiera, sin ser juzgada ni se\u00f1alada por ello, \u00bfo acaso es una obligaci\u00f3n tener hijos? \u00bfO casarse? Cu\u00e1ntas veces hemos escuchado esa dichosa e inadecuada pregunta: \u00ab\u00bfQuieres tener hijos?\u00bb, seguida de una cara de asombro si la respuesta es \u00abno\u00bb.<\/p>\n<p>En esta novela, la protagonista tambi\u00e9n sue\u00f1a con un cuento de hadas, pero su camino tiene otras direcciones muy diferente, aquellas que est\u00e1n m\u00e1s en armon\u00eda con su forma de ser, aquellas que de verdad le har\u00e1n feliz en su intimidad y no solo delante de la gente.<\/p>\n","protected":false},"excerpt":{"rendered":"<p class=\"p1\">ISBN: 978-84-1068-637-3<\/p>\n<p class=\"p1\">SINOPSIS<\/p>\n<p>Desde peque\u00f1os nos inculcan c\u00f3mo debe ser la vida adulta: encontrar una pareja, casarnos, tener hijos, formar una familia de apariencia perfecta, ser felices siempre y comer perdices. Pero esa no es la realidad, dej\u00e9monos de cuentos de princesas y pr\u00edncipes. La realidad es que cada vida es diferente, cada persona es \u00fanica y cada una de las personas tiene derecho a so\u00f1ar el futuro como quiera, sin ser juzgada ni se\u00f1alada por ello, \u00bfo acaso es una obligaci\u00f3n tener hijos? \u00bfO casarse? Cu\u00e1ntas veces hemos escuchado esa dichosa e inadecuada pregunta: \u00ab\u00bfQuieres tener hijos?\u00bb, seguida de una cara de asombro si la respuesta es \u00abno\u00bb.<\/p>\n<p>En esta novela, la protagonista tambi\u00e9n sue\u00f1a con un cuento de hadas, pero su camino tiene otras direcciones muy diferente, aquellas que est\u00e1n m\u00e1s en armon\u00eda con su forma de ser, aquellas que de verdad le har\u00e1n feliz en su intimidad y no solo delante de la gente.<\/p>\n","protected":false},"featured_media":105841,"comment_status":"open","ping_status":"closed","template":"","meta":{"_acf_changed":false},"libro":[],"product_brand":[],"product_cat":[57],"product_tag":[],"class_list":{"0":"post-105837","1":"product","2":"type-product","3":"status-publish","4":"has-post-thumbnail","6":"product_cat-suspenso","8":"first","9":"instock","10":"shipping-taxable","11":"product-type-simple"},"acf":{"autor":[105838],"enlace_de_compra":"https:\/\/amzn.to\/4czadvu"},"yoast_head":"<!-- This site is optimized with the Yoast SEO plugin v27.4 - https:\/\/yoast.com\/product\/yoast-seo-wordpress\/ -->\n<title>Loca - Catalogo | Letrame Grupo Editorial<\/title>\n<meta name=\"robots\" content=\"index, follow, max-snippet:-1, max-image-preview:large, max-video-preview:-1\" \/>\n<link rel=\"canonical\" href=\"https:\/\/letrame.com\/catalogo\/producto\/loca\/\" \/>\n<meta property=\"og:locale\" content=\"es_ES\" \/>\n<meta property=\"og:type\" content=\"article\" \/>\n<meta property=\"og:title\" content=\"Loca - Catalogo | Letrame Grupo Editorial\" \/>\n<meta property=\"og:description\" content=\"ISBN: 978-84-1068-637-3 SINOPSIS Desde peque\u00f1os nos inculcan c\u00f3mo debe ser la vida adulta: encontrar una pareja, casarnos, tener hijos, formar una familia de apariencia perfecta, ser felices siempre y comer perdices. Pero esa no es la realidad, dej\u00e9monos de cuentos de princesas y pr\u00edncipes. La realidad es que cada vida es diferente, cada persona es \u00fanica y cada una de las personas tiene derecho a so\u00f1ar el futuro como quiera, sin ser juzgada ni se\u00f1alada por ello, \u00bfo acaso es una obligaci\u00f3n tener hijos? \u00bfO casarse? Cu\u00e1ntas veces hemos escuchado esa dichosa e inadecuada pregunta: \u00ab\u00bfQuieres tener hijos?\u00bb, seguida de una cara de asombro si la respuesta es \u00abno\u00bb.  En esta novela, la protagonista tambi\u00e9n sue\u00f1a con un cuento de hadas, pero su camino tiene otras direcciones muy diferente, aquellas que est\u00e1n m\u00e1s en armon\u00eda con su forma de ser, aquellas que de verdad le har\u00e1n feliz en su intimidad y no solo delante de la gente.\" \/>\n<meta property=\"og:url\" content=\"https:\/\/letrame.com\/catalogo\/producto\/loca\/\" \/>\n<meta property=\"og:site_name\" content=\"Catalogo | Letrame Grupo Editorial\" \/>\n<meta property=\"og:image\" content=\"https:\/\/letrame.com\/catalogo\/wp-content\/uploads\/2024\/08\/loca_1611mm4-compressed.jpg\" \/>\n\t<meta property=\"og:image:width\" content=\"1772\" \/>\n\t<meta property=\"og:image:height\" content=\"2480\" \/>\n\t<meta property=\"og:image:type\" content=\"image\/jpeg\" \/>\n<meta name=\"twitter:card\" content=\"summary_large_image\" \/>\n<meta name=\"twitter:label1\" content=\"Tiempo de lectura\" \/>\n\t<meta name=\"twitter:data1\" content=\"1 minuto\" \/>\n<script type=\"application\/ld+json\" class=\"yoast-schema-graph\">{\"@context\":\"https:\\\/\\\/schema.org\",\"@graph\":[{\"@type\":\"WebPage\",\"@id\":\"https:\\\/\\\/letrame.com\\\/catalogo\\\/producto\\\/loca\\\/\",\"url\":\"https:\\\/\\\/letrame.com\\\/catalogo\\\/producto\\\/loca\\\/\",\"name\":\"Loca - Catalogo | Letrame Grupo Editorial\",\"isPartOf\":{\"@id\":\"https:\\\/\\\/letrame.com\\\/catalogo\\\/#website\"},\"primaryImageOfPage\":{\"@id\":\"https:\\\/\\\/letrame.com\\\/catalogo\\\/producto\\\/loca\\\/#primaryimage\"},\"image\":{\"@id\":\"https:\\\/\\\/letrame.com\\\/catalogo\\\/producto\\\/loca\\\/#primaryimage\"},\"thumbnailUrl\":\"https:\\\/\\\/letrame.com\\\/catalogo\\\/wp-content\\\/uploads\\\/2024\\\/08\\\/loca_1611mm4-compressed.jpg\",\"datePublished\":\"2024-08-20T09:02:55+00:00\",\"breadcrumb\":{\"@id\":\"https:\\\/\\\/letrame.com\\\/catalogo\\\/producto\\\/loca\\\/#breadcrumb\"},\"inLanguage\":\"es\",\"potentialAction\":[{\"@type\":\"ReadAction\",\"target\":[\"https:\\\/\\\/letrame.com\\\/catalogo\\\/producto\\\/loca\\\/\"]}]},{\"@type\":\"ImageObject\",\"inLanguage\":\"es\",\"@id\":\"https:\\\/\\\/letrame.com\\\/catalogo\\\/producto\\\/loca\\\/#primaryimage\",\"url\":\"https:\\\/\\\/letrame.com\\\/catalogo\\\/wp-content\\\/uploads\\\/2024\\\/08\\\/loca_1611mm4-compressed.jpg\",\"contentUrl\":\"https:\\\/\\\/letrame.com\\\/catalogo\\\/wp-content\\\/uploads\\\/2024\\\/08\\\/loca_1611mm4-compressed.jpg\",\"width\":1772,\"height\":2480},{\"@type\":\"BreadcrumbList\",\"@id\":\"https:\\\/\\\/letrame.com\\\/catalogo\\\/producto\\\/loca\\\/#breadcrumb\",\"itemListElement\":[{\"@type\":\"ListItem\",\"position\":1,\"name\":\"Portada\",\"item\":\"https:\\\/\\\/letrame.com\\\/catalogo\\\/\"},{\"@type\":\"ListItem\",\"position\":2,\"name\":\"Cat\u00e1logo\",\"item\":\"https:\\\/\\\/letrame.com\\\/catalogo\\\/\"},{\"@type\":\"ListItem\",\"position\":3,\"name\":\"Loca\"}]},{\"@type\":\"WebSite\",\"@id\":\"https:\\\/\\\/letrame.com\\\/catalogo\\\/#website\",\"url\":\"https:\\\/\\\/letrame.com\\\/catalogo\\\/\",\"name\":\"Catalogo | Letrame Grupo Editorial\",\"description\":\"\",\"publisher\":{\"@id\":\"https:\\\/\\\/letrame.com\\\/catalogo\\\/#organization\"},\"potentialAction\":[{\"@type\":\"SearchAction\",\"target\":{\"@type\":\"EntryPoint\",\"urlTemplate\":\"https:\\\/\\\/letrame.com\\\/catalogo\\\/?s={search_term_string}\"},\"query-input\":{\"@type\":\"PropertyValueSpecification\",\"valueRequired\":true,\"valueName\":\"search_term_string\"}}],\"inLanguage\":\"es\"},{\"@type\":\"Organization\",\"@id\":\"https:\\\/\\\/letrame.com\\\/catalogo\\\/#organization\",\"name\":\"Catalogo | Letrame Grupo Editorial\",\"url\":\"https:\\\/\\\/letrame.com\\\/catalogo\\\/\",\"logo\":{\"@type\":\"ImageObject\",\"inLanguage\":\"es\",\"@id\":\"https:\\\/\\\/letrame.com\\\/catalogo\\\/#\\\/schema\\\/logo\\\/image\\\/\",\"url\":\"https:\\\/\\\/letrame.com\\\/catalogo\\\/wp-content\\\/uploads\\\/2024\\\/03\\\/logo2.webp\",\"contentUrl\":\"https:\\\/\\\/letrame.com\\\/catalogo\\\/wp-content\\\/uploads\\\/2024\\\/03\\\/logo2.webp\",\"width\":394,\"height\":128,\"caption\":\"Catalogo | Letrame Grupo Editorial\"},\"image\":{\"@id\":\"https:\\\/\\\/letrame.com\\\/catalogo\\\/#\\\/schema\\\/logo\\\/image\\\/\"}}]}<\/script>\n<!-- \/ Yoast SEO plugin. -->","yoast_head_json":{"title":"Loca - Catalogo | Letrame Grupo Editorial","robots":{"index":"index","follow":"follow","max-snippet":"max-snippet:-1","max-image-preview":"max-image-preview:large","max-video-preview":"max-video-preview:-1"},"canonical":"https:\/\/letrame.com\/catalogo\/producto\/loca\/","og_locale":"es_ES","og_type":"article","og_title":"Loca - Catalogo | Letrame Grupo Editorial","og_description":"ISBN: 978-84-1068-637-3 SINOPSIS Desde peque\u00f1os nos inculcan c\u00f3mo debe ser la vida adulta: encontrar una pareja, casarnos, tener hijos, formar una familia de apariencia perfecta, ser felices siempre y comer perdices. Pero esa no es la realidad, dej\u00e9monos de cuentos de princesas y pr\u00edncipes. La realidad es que cada vida es diferente, cada persona es \u00fanica y cada una de las personas tiene derecho a so\u00f1ar el futuro como quiera, sin ser juzgada ni se\u00f1alada por ello, \u00bfo acaso es una obligaci\u00f3n tener hijos? \u00bfO casarse? Cu\u00e1ntas veces hemos escuchado esa dichosa e inadecuada pregunta: \u00ab\u00bfQuieres tener hijos?\u00bb, seguida de una cara de asombro si la respuesta es \u00abno\u00bb.  En esta novela, la protagonista tambi\u00e9n sue\u00f1a con un cuento de hadas, pero su camino tiene otras direcciones muy diferente, aquellas que est\u00e1n m\u00e1s en armon\u00eda con su forma de ser, aquellas que de verdad le har\u00e1n feliz en su intimidad y no solo delante de la gente.","og_url":"https:\/\/letrame.com\/catalogo\/producto\/loca\/","og_site_name":"Catalogo | Letrame Grupo Editorial","og_image":[{"width":1772,"height":2480,"url":"https:\/\/letrame.com\/catalogo\/wp-content\/uploads\/2024\/08\/loca_1611mm4-compressed.jpg","type":"image\/jpeg"}],"twitter_card":"summary_large_image","twitter_misc":{"Tiempo de lectura":"1 minuto"},"schema":{"@context":"https:\/\/schema.org","@graph":[{"@type":"WebPage","@id":"https:\/\/letrame.com\/catalogo\/producto\/loca\/","url":"https:\/\/letrame.com\/catalogo\/producto\/loca\/","name":"Loca - Catalogo | Letrame Grupo Editorial","isPartOf":{"@id":"https:\/\/letrame.com\/catalogo\/#website"},"primaryImageOfPage":{"@id":"https:\/\/letrame.com\/catalogo\/producto\/loca\/#primaryimage"},"image":{"@id":"https:\/\/letrame.com\/catalogo\/producto\/loca\/#primaryimage"},"thumbnailUrl":"https:\/\/letrame.com\/catalogo\/wp-content\/uploads\/2024\/08\/loca_1611mm4-compressed.jpg","datePublished":"2024-08-20T09:02:55+00:00","breadcrumb":{"@id":"https:\/\/letrame.com\/catalogo\/producto\/loca\/#breadcrumb"},"inLanguage":"es","potentialAction":[{"@type":"ReadAction","target":["https:\/\/letrame.com\/catalogo\/producto\/loca\/"]}]},{"@type":"ImageObject","inLanguage":"es","@id":"https:\/\/letrame.com\/catalogo\/producto\/loca\/#primaryimage","url":"https:\/\/letrame.com\/catalogo\/wp-content\/uploads\/2024\/08\/loca_1611mm4-compressed.jpg","contentUrl":"https:\/\/letrame.com\/catalogo\/wp-content\/uploads\/2024\/08\/loca_1611mm4-compressed.jpg","width":1772,"height":2480},{"@type":"BreadcrumbList","@id":"https:\/\/letrame.com\/catalogo\/producto\/loca\/#breadcrumb","itemListElement":[{"@type":"ListItem","position":1,"name":"Portada","item":"https:\/\/letrame.com\/catalogo\/"},{"@type":"ListItem","position":2,"name":"Cat\u00e1logo","item":"https:\/\/letrame.com\/catalogo\/"},{"@type":"ListItem","position":3,"name":"Loca"}]},{"@type":"WebSite","@id":"https:\/\/letrame.com\/catalogo\/#website","url":"https:\/\/letrame.com\/catalogo\/","name":"Catalogo | Letrame Grupo Editorial","description":"","publisher":{"@id":"https:\/\/letrame.com\/catalogo\/#organization"},"potentialAction":[{"@type":"SearchAction","target":{"@type":"EntryPoint","urlTemplate":"https:\/\/letrame.com\/catalogo\/?s={search_term_string}"},"query-input":{"@type":"PropertyValueSpecification","valueRequired":true,"valueName":"search_term_string"}}],"inLanguage":"es"},{"@type":"Organization","@id":"https:\/\/letrame.com\/catalogo\/#organization","name":"Catalogo | Letrame Grupo Editorial","url":"https:\/\/letrame.com\/catalogo\/","logo":{"@type":"ImageObject","inLanguage":"es","@id":"https:\/\/letrame.com\/catalogo\/#\/schema\/logo\/image\/","url":"https:\/\/letrame.com\/catalogo\/wp-content\/uploads\/2024\/03\/logo2.webp","contentUrl":"https:\/\/letrame.com\/catalogo\/wp-content\/uploads\/2024\/03\/logo2.webp","width":394,"height":128,"caption":"Catalogo | Letrame Grupo Editorial"},"image":{"@id":"https:\/\/letrame.com\/catalogo\/#\/schema\/logo\/image\/"}}]}},"_links":{"self":[{"href":"https:\/\/letrame.com\/catalogo\/wp-json\/wp\/v2\/product\/105837","targetHints":{"allow":["GET"]}}],"collection":[{"href":"https:\/\/letrame.com\/catalogo\/wp-json\/wp\/v2\/product"}],"about":[{"href":"https:\/\/letrame.com\/catalogo\/wp-json\/wp\/v2\/types\/product"}],"replies":[{"embeddable":true,"href":"https:\/\/letrame.com\/catalogo\/wp-json\/wp\/v2\/comments?post=105837"}],"acf:post":[{"embeddable":true,"href":"https:\/\/letrame.com\/catalogo\/wp-json\/wp\/v2\/author_book\/105838"}],"wp:featuredmedia":[{"embeddable":true,"href":"https:\/\/letrame.com\/catalogo\/wp-json\/wp\/v2\/media\/105841"}],"wp:attachment":[{"href":"https:\/\/letrame.com\/catalogo\/wp-json\/wp\/v2\/media?parent=105837"}],"wp:term":[{"taxonomy":"libro","embeddable":true,"href":"https:\/\/letrame.com\/catalogo\/wp-json\/wp\/v2\/libro?post=105837"},{"taxonomy":"product_brand","embeddable":true,"href":"https:\/\/letrame.com\/catalogo\/wp-json\/wp\/v2\/product_brand?post=105837"},{"taxonomy":"product_cat","embeddable":true,"href":"https:\/\/letrame.com\/catalogo\/wp-json\/wp\/v2\/product_cat?post=105837"},{"taxonomy":"product_tag","embeddable":true,"href":"https:\/\/letrame.com\/catalogo\/wp-json\/wp\/v2\/product_tag?post=105837"}],"curies":[{"name":"wp","href":"https:\/\/api.w.org\/{rel}","templated":true}]}}