{"id":105832,"date":"2024-08-20T10:57:00","date_gmt":"2024-08-20T08:57:00","guid":{"rendered":"https:\/\/letrame.com\/catalogo\/?post_type=product&#038;p=105832"},"modified":"2024-08-20T10:57:01","modified_gmt":"2024-08-20T08:57:01","slug":"camino-a-la-felicidad","status":"publish","type":"product","link":"https:\/\/letrame.com\/catalogo\/producto\/camino-a-la-felicidad\/","title":{"rendered":"Camino a la felicidad"},"content":{"rendered":"<p class=\"p1\">ISBN:\u00a0978-84-1068-588-8<\/p>\n<p class=\"p1\">T\u00edtulo: Camino a la felicidad<\/p>\n<p class=\"p1\">Fecha: 2024<\/p>\n<p class=\"p1\">P\u00e1ginas: 284<\/p>\n<p class=\"p1\">SINOPSIS<\/p>\n<p>Reflexiones para acompa\u00f1ar en un viaje al interior de uno mismo. Cada carta explora una faceta de la vida emocional: la importancia del \u00abYo\u00bb, las necesidades psicol\u00f3gicas&#8230; Se proponen claves para desarrollar estrategias emocionales como la importancia de los pensamientos para gestionar las emociones y actitudes: analizarlas y mejorarlas para lograr el bienestar emocional y mejorar la comunicaci\u00f3n con los dem\u00e1s. C\u00f3mo evitar autoenga\u00f1os, clarificar los valores y descubrir el sentido de la vida. En definitiva: desarrollar la inteligencia emocional y aprender a ser optimistas y felices.<\/p>\n<p>La consistencia cient\u00edfica est\u00e1 validada por la experiencia de muchos a\u00f1os de trabajo con j\u00f3venes, y por la experiencia personal, tambi\u00e9n, en situaciones muy duras: ocho a\u00f1os acompa\u00f1ando a mi marido con Alzheimer. Este material me ayud\u00f3 a superarme y crecer y puede ayudar a afrontar los desaf\u00edos de la vida con una actitud positiva y a ser optimistas y felices. Las cartas est\u00e1n escritas con el coraz\u00f3n.<\/p>\n","protected":false},"excerpt":{"rendered":"<p class=\"p1\">ISBN:\u00a0978-84-1068-588-8<\/p>\n<p class=\"p1\">SINOPSIS<\/p>\n<p>Reflexiones para acompa\u00f1ar en un viaje al interior de uno mismo. Cada carta explora una faceta de la vida emocional: la importancia del \u00abYo\u00bb, las necesidades psicol\u00f3gicas&#8230; Se proponen claves para desarrollar estrategias emocionales como la importancia de los pensamientos para gestionar las emociones y actitudes: analizarlas y mejorarlas para lograr el bienestar emocional y mejorar la comunicaci\u00f3n con los dem\u00e1s. C\u00f3mo evitar autoenga\u00f1os, clarificar los valores y descubrir el sentido de la vida. En definitiva: desarrollar la inteligencia emocional y aprender a ser optimistas y felices.<\/p>\n<p>La consistencia cient\u00edfica est\u00e1 validada por la experiencia de muchos a\u00f1os de trabajo con j\u00f3venes, y por la experiencia personal, tambi\u00e9n, en situaciones muy duras: ocho a\u00f1os acompa\u00f1ando a mi marido con Alzheimer. Este material me ayud\u00f3 a superarme y crecer y puede ayudar a afrontar los desaf\u00edos de la vida con una actitud positiva y a ser optimistas y felices. Las cartas est\u00e1n escritas con el coraz\u00f3n.<\/p>\n","protected":false},"featured_media":105835,"comment_status":"open","ping_status":"closed","template":"","meta":{"_acf_changed":false},"libro":[],"product_brand":[],"product_cat":[18],"product_tag":[],"class_list":{"0":"post-105832","1":"product","2":"type-product","3":"status-publish","4":"has-post-thumbnail","6":"product_cat-autoayuda","8":"first","9":"instock","10":"shipping-taxable","11":"product-type-simple"},"acf":{"autor":[105827],"enlace_de_compra":"https:\/\/amzn.to\/3AEX7Q4"},"yoast_head":"<!-- This site is optimized with the Yoast SEO plugin v27.4 - https:\/\/yoast.com\/product\/yoast-seo-wordpress\/ -->\n<title>Camino a la felicidad - Catalogo | Letrame Grupo Editorial<\/title>\n<meta name=\"robots\" content=\"index, follow, max-snippet:-1, max-image-preview:large, max-video-preview:-1\" \/>\n<link rel=\"canonical\" href=\"https:\/\/letrame.com\/catalogo\/producto\/camino-a-la-felicidad\/\" \/>\n<meta property=\"og:locale\" content=\"es_ES\" \/>\n<meta property=\"og:type\" content=\"article\" \/>\n<meta property=\"og:title\" content=\"Camino a la felicidad - Catalogo | Letrame Grupo Editorial\" \/>\n<meta property=\"og:description\" content=\"ISBN:\u00a0978-84-1068-588-8 SINOPSIS Reflexiones para acompa\u00f1ar en un viaje al interior de uno mismo. Cada carta explora una faceta de la vida emocional: la importancia del \u00abYo\u00bb, las necesidades psicol\u00f3gicas... Se proponen claves para desarrollar estrategias emocionales como la importancia de los pensamientos para gestionar las emociones y actitudes: analizarlas y mejorarlas para lograr el bienestar emocional y mejorar la comunicaci\u00f3n con los dem\u00e1s. C\u00f3mo evitar autoenga\u00f1os, clarificar los valores y descubrir el sentido de la vida. En definitiva: desarrollar la inteligencia emocional y aprender a ser optimistas y felices.  La consistencia cient\u00edfica est\u00e1 validada por la experiencia de muchos a\u00f1os de trabajo con j\u00f3venes, y por la experiencia personal, tambi\u00e9n, en situaciones muy duras: ocho a\u00f1os acompa\u00f1ando a mi marido con Alzheimer. Este material me ayud\u00f3 a superarme y crecer y puede ayudar a afrontar los desaf\u00edos de la vida con una actitud positiva y a ser optimistas y felices. Las cartas est\u00e1n escritas con el coraz\u00f3n.\" \/>\n<meta property=\"og:url\" content=\"https:\/\/letrame.com\/catalogo\/producto\/camino-a-la-felicidad\/\" \/>\n<meta property=\"og:site_name\" content=\"Catalogo | Letrame Grupo Editorial\" \/>\n<meta property=\"article:modified_time\" content=\"2024-08-20T08:57:01+00:00\" \/>\n<meta property=\"og:image\" content=\"https:\/\/letrame.com\/catalogo\/wp-content\/uploads\/2024\/08\/webcaminoalafelicidad_1417mm4-compressed.jpg\" \/>\n\t<meta property=\"og:image:width\" content=\"425\" \/>\n\t<meta property=\"og:image:height\" content=\"624\" \/>\n\t<meta property=\"og:image:type\" content=\"image\/jpeg\" \/>\n<meta name=\"twitter:card\" content=\"summary_large_image\" \/>\n<meta name=\"twitter:label1\" content=\"Tiempo de lectura\" \/>\n\t<meta name=\"twitter:data1\" content=\"1 minuto\" \/>\n<script type=\"application\/ld+json\" class=\"yoast-schema-graph\">{\"@context\":\"https:\\\/\\\/schema.org\",\"@graph\":[{\"@type\":\"WebPage\",\"@id\":\"https:\\\/\\\/letrame.com\\\/catalogo\\\/producto\\\/camino-a-la-felicidad\\\/\",\"url\":\"https:\\\/\\\/letrame.com\\\/catalogo\\\/producto\\\/camino-a-la-felicidad\\\/\",\"name\":\"Camino a la felicidad - Catalogo | Letrame Grupo Editorial\",\"isPartOf\":{\"@id\":\"https:\\\/\\\/letrame.com\\\/catalogo\\\/#website\"},\"primaryImageOfPage\":{\"@id\":\"https:\\\/\\\/letrame.com\\\/catalogo\\\/producto\\\/camino-a-la-felicidad\\\/#primaryimage\"},\"image\":{\"@id\":\"https:\\\/\\\/letrame.com\\\/catalogo\\\/producto\\\/camino-a-la-felicidad\\\/#primaryimage\"},\"thumbnailUrl\":\"https:\\\/\\\/letrame.com\\\/catalogo\\\/wp-content\\\/uploads\\\/2024\\\/08\\\/webcaminoalafelicidad_1417mm4-compressed.jpg\",\"datePublished\":\"2024-08-20T08:57:00+00:00\",\"dateModified\":\"2024-08-20T08:57:01+00:00\",\"breadcrumb\":{\"@id\":\"https:\\\/\\\/letrame.com\\\/catalogo\\\/producto\\\/camino-a-la-felicidad\\\/#breadcrumb\"},\"inLanguage\":\"es\",\"potentialAction\":[{\"@type\":\"ReadAction\",\"target\":[\"https:\\\/\\\/letrame.com\\\/catalogo\\\/producto\\\/camino-a-la-felicidad\\\/\"]}]},{\"@type\":\"ImageObject\",\"inLanguage\":\"es\",\"@id\":\"https:\\\/\\\/letrame.com\\\/catalogo\\\/producto\\\/camino-a-la-felicidad\\\/#primaryimage\",\"url\":\"https:\\\/\\\/letrame.com\\\/catalogo\\\/wp-content\\\/uploads\\\/2024\\\/08\\\/webcaminoalafelicidad_1417mm4-compressed.jpg\",\"contentUrl\":\"https:\\\/\\\/letrame.com\\\/catalogo\\\/wp-content\\\/uploads\\\/2024\\\/08\\\/webcaminoalafelicidad_1417mm4-compressed.jpg\",\"width\":425,\"height\":624},{\"@type\":\"BreadcrumbList\",\"@id\":\"https:\\\/\\\/letrame.com\\\/catalogo\\\/producto\\\/camino-a-la-felicidad\\\/#breadcrumb\",\"itemListElement\":[{\"@type\":\"ListItem\",\"position\":1,\"name\":\"Portada\",\"item\":\"https:\\\/\\\/letrame.com\\\/catalogo\\\/\"},{\"@type\":\"ListItem\",\"position\":2,\"name\":\"Cat\u00e1logo\",\"item\":\"https:\\\/\\\/letrame.com\\\/catalogo\\\/\"},{\"@type\":\"ListItem\",\"position\":3,\"name\":\"Camino a la felicidad\"}]},{\"@type\":\"WebSite\",\"@id\":\"https:\\\/\\\/letrame.com\\\/catalogo\\\/#website\",\"url\":\"https:\\\/\\\/letrame.com\\\/catalogo\\\/\",\"name\":\"Catalogo | Letrame Grupo Editorial\",\"description\":\"\",\"publisher\":{\"@id\":\"https:\\\/\\\/letrame.com\\\/catalogo\\\/#organization\"},\"potentialAction\":[{\"@type\":\"SearchAction\",\"target\":{\"@type\":\"EntryPoint\",\"urlTemplate\":\"https:\\\/\\\/letrame.com\\\/catalogo\\\/?s={search_term_string}\"},\"query-input\":{\"@type\":\"PropertyValueSpecification\",\"valueRequired\":true,\"valueName\":\"search_term_string\"}}],\"inLanguage\":\"es\"},{\"@type\":\"Organization\",\"@id\":\"https:\\\/\\\/letrame.com\\\/catalogo\\\/#organization\",\"name\":\"Catalogo | Letrame Grupo Editorial\",\"url\":\"https:\\\/\\\/letrame.com\\\/catalogo\\\/\",\"logo\":{\"@type\":\"ImageObject\",\"inLanguage\":\"es\",\"@id\":\"https:\\\/\\\/letrame.com\\\/catalogo\\\/#\\\/schema\\\/logo\\\/image\\\/\",\"url\":\"https:\\\/\\\/letrame.com\\\/catalogo\\\/wp-content\\\/uploads\\\/2024\\\/03\\\/logo2.webp\",\"contentUrl\":\"https:\\\/\\\/letrame.com\\\/catalogo\\\/wp-content\\\/uploads\\\/2024\\\/03\\\/logo2.webp\",\"width\":394,\"height\":128,\"caption\":\"Catalogo | Letrame Grupo Editorial\"},\"image\":{\"@id\":\"https:\\\/\\\/letrame.com\\\/catalogo\\\/#\\\/schema\\\/logo\\\/image\\\/\"}}]}<\/script>\n<!-- \/ Yoast SEO plugin. -->","yoast_head_json":{"title":"Camino a la felicidad - Catalogo | Letrame Grupo Editorial","robots":{"index":"index","follow":"follow","max-snippet":"max-snippet:-1","max-image-preview":"max-image-preview:large","max-video-preview":"max-video-preview:-1"},"canonical":"https:\/\/letrame.com\/catalogo\/producto\/camino-a-la-felicidad\/","og_locale":"es_ES","og_type":"article","og_title":"Camino a la felicidad - Catalogo | Letrame Grupo Editorial","og_description":"ISBN:\u00a0978-84-1068-588-8 SINOPSIS Reflexiones para acompa\u00f1ar en un viaje al interior de uno mismo. Cada carta explora una faceta de la vida emocional: la importancia del \u00abYo\u00bb, las necesidades psicol\u00f3gicas... Se proponen claves para desarrollar estrategias emocionales como la importancia de los pensamientos para gestionar las emociones y actitudes: analizarlas y mejorarlas para lograr el bienestar emocional y mejorar la comunicaci\u00f3n con los dem\u00e1s. C\u00f3mo evitar autoenga\u00f1os, clarificar los valores y descubrir el sentido de la vida. En definitiva: desarrollar la inteligencia emocional y aprender a ser optimistas y felices.  La consistencia cient\u00edfica est\u00e1 validada por la experiencia de muchos a\u00f1os de trabajo con j\u00f3venes, y por la experiencia personal, tambi\u00e9n, en situaciones muy duras: ocho a\u00f1os acompa\u00f1ando a mi marido con Alzheimer. Este material me ayud\u00f3 a superarme y crecer y puede ayudar a afrontar los desaf\u00edos de la vida con una actitud positiva y a ser optimistas y felices. Las cartas est\u00e1n escritas con el coraz\u00f3n.","og_url":"https:\/\/letrame.com\/catalogo\/producto\/camino-a-la-felicidad\/","og_site_name":"Catalogo | Letrame Grupo Editorial","article_modified_time":"2024-08-20T08:57:01+00:00","og_image":[{"width":425,"height":624,"url":"https:\/\/letrame.com\/catalogo\/wp-content\/uploads\/2024\/08\/webcaminoalafelicidad_1417mm4-compressed.jpg","type":"image\/jpeg"}],"twitter_card":"summary_large_image","twitter_misc":{"Tiempo de lectura":"1 minuto"},"schema":{"@context":"https:\/\/schema.org","@graph":[{"@type":"WebPage","@id":"https:\/\/letrame.com\/catalogo\/producto\/camino-a-la-felicidad\/","url":"https:\/\/letrame.com\/catalogo\/producto\/camino-a-la-felicidad\/","name":"Camino a la felicidad - Catalogo | Letrame Grupo Editorial","isPartOf":{"@id":"https:\/\/letrame.com\/catalogo\/#website"},"primaryImageOfPage":{"@id":"https:\/\/letrame.com\/catalogo\/producto\/camino-a-la-felicidad\/#primaryimage"},"image":{"@id":"https:\/\/letrame.com\/catalogo\/producto\/camino-a-la-felicidad\/#primaryimage"},"thumbnailUrl":"https:\/\/letrame.com\/catalogo\/wp-content\/uploads\/2024\/08\/webcaminoalafelicidad_1417mm4-compressed.jpg","datePublished":"2024-08-20T08:57:00+00:00","dateModified":"2024-08-20T08:57:01+00:00","breadcrumb":{"@id":"https:\/\/letrame.com\/catalogo\/producto\/camino-a-la-felicidad\/#breadcrumb"},"inLanguage":"es","potentialAction":[{"@type":"ReadAction","target":["https:\/\/letrame.com\/catalogo\/producto\/camino-a-la-felicidad\/"]}]},{"@type":"ImageObject","inLanguage":"es","@id":"https:\/\/letrame.com\/catalogo\/producto\/camino-a-la-felicidad\/#primaryimage","url":"https:\/\/letrame.com\/catalogo\/wp-content\/uploads\/2024\/08\/webcaminoalafelicidad_1417mm4-compressed.jpg","contentUrl":"https:\/\/letrame.com\/catalogo\/wp-content\/uploads\/2024\/08\/webcaminoalafelicidad_1417mm4-compressed.jpg","width":425,"height":624},{"@type":"BreadcrumbList","@id":"https:\/\/letrame.com\/catalogo\/producto\/camino-a-la-felicidad\/#breadcrumb","itemListElement":[{"@type":"ListItem","position":1,"name":"Portada","item":"https:\/\/letrame.com\/catalogo\/"},{"@type":"ListItem","position":2,"name":"Cat\u00e1logo","item":"https:\/\/letrame.com\/catalogo\/"},{"@type":"ListItem","position":3,"name":"Camino a la felicidad"}]},{"@type":"WebSite","@id":"https:\/\/letrame.com\/catalogo\/#website","url":"https:\/\/letrame.com\/catalogo\/","name":"Catalogo | Letrame Grupo Editorial","description":"","publisher":{"@id":"https:\/\/letrame.com\/catalogo\/#organization"},"potentialAction":[{"@type":"SearchAction","target":{"@type":"EntryPoint","urlTemplate":"https:\/\/letrame.com\/catalogo\/?s={search_term_string}"},"query-input":{"@type":"PropertyValueSpecification","valueRequired":true,"valueName":"search_term_string"}}],"inLanguage":"es"},{"@type":"Organization","@id":"https:\/\/letrame.com\/catalogo\/#organization","name":"Catalogo | Letrame Grupo Editorial","url":"https:\/\/letrame.com\/catalogo\/","logo":{"@type":"ImageObject","inLanguage":"es","@id":"https:\/\/letrame.com\/catalogo\/#\/schema\/logo\/image\/","url":"https:\/\/letrame.com\/catalogo\/wp-content\/uploads\/2024\/03\/logo2.webp","contentUrl":"https:\/\/letrame.com\/catalogo\/wp-content\/uploads\/2024\/03\/logo2.webp","width":394,"height":128,"caption":"Catalogo | Letrame Grupo Editorial"},"image":{"@id":"https:\/\/letrame.com\/catalogo\/#\/schema\/logo\/image\/"}}]}},"_links":{"self":[{"href":"https:\/\/letrame.com\/catalogo\/wp-json\/wp\/v2\/product\/105832","targetHints":{"allow":["GET"]}}],"collection":[{"href":"https:\/\/letrame.com\/catalogo\/wp-json\/wp\/v2\/product"}],"about":[{"href":"https:\/\/letrame.com\/catalogo\/wp-json\/wp\/v2\/types\/product"}],"replies":[{"embeddable":true,"href":"https:\/\/letrame.com\/catalogo\/wp-json\/wp\/v2\/comments?post=105832"}],"acf:post":[{"embeddable":true,"href":"https:\/\/letrame.com\/catalogo\/wp-json\/wp\/v2\/author_book\/105827"}],"wp:featuredmedia":[{"embeddable":true,"href":"https:\/\/letrame.com\/catalogo\/wp-json\/wp\/v2\/media\/105835"}],"wp:attachment":[{"href":"https:\/\/letrame.com\/catalogo\/wp-json\/wp\/v2\/media?parent=105832"}],"wp:term":[{"taxonomy":"libro","embeddable":true,"href":"https:\/\/letrame.com\/catalogo\/wp-json\/wp\/v2\/libro?post=105832"},{"taxonomy":"product_brand","embeddable":true,"href":"https:\/\/letrame.com\/catalogo\/wp-json\/wp\/v2\/product_brand?post=105832"},{"taxonomy":"product_cat","embeddable":true,"href":"https:\/\/letrame.com\/catalogo\/wp-json\/wp\/v2\/product_cat?post=105832"},{"taxonomy":"product_tag","embeddable":true,"href":"https:\/\/letrame.com\/catalogo\/wp-json\/wp\/v2\/product_tag?post=105832"}],"curies":[{"name":"wp","href":"https:\/\/api.w.org\/{rel}","templated":true}]}}