{"id":105828,"date":"2024-08-20T10:41:34","date_gmt":"2024-08-20T08:41:34","guid":{"rendered":"https:\/\/letrame.com\/catalogo\/?post_type=product&#038;p=105828"},"modified":"2024-08-20T10:49:43","modified_gmt":"2024-08-20T08:49:43","slug":"los-gallos-del-alba","status":"publish","type":"product","link":"https:\/\/letrame.com\/catalogo\/producto\/los-gallos-del-alba\/","title":{"rendered":"Los gallos del alba"},"content":{"rendered":"<p class=\"p1\">ISBN:\u00a0978-84-1068-640-3<\/p>\n<p class=\"p1\">T\u00edtulo: Los gallos del alba<\/p>\n<p class=\"p1\">Fecha: 2024<\/p>\n<p class=\"p1\">P\u00e1ginas:\u00a0 322<\/p>\n<p class=\"p1\">SINOPSIS<\/p>\n<p>Claudia vuelve del trabajo al anochecer. Su anodina vida en el Madrid de la postguerra transcurre sin sobresaltos, creyendo que las pel\u00edculas que contempla en el Imperial ser\u00e1n la \u00fanica forma de evadirse de un ambiente plagado de carencias y penalidades.<\/p>\n<p>Pero no imagina que todo va a cambiar dr\u00e1sticamente al hallar a un joven herido junto a la puerta de su domicilio, solicitando ayuda.<\/p>\n<p>A partir de ese momento, su vida se convierte en un tobog\u00e1n de sensaciones que la empujar\u00e1n por paisajes hasta ahora nunca imaginados. Y es consciente de que la muerte empieza a respirar junto a ella.<\/p>\n","protected":false},"excerpt":{"rendered":"<p class=\"p1\">ISBN:\u00a0978-84-1068-640-3<\/p>\n<p class=\"p1\">SINOPSIS<\/p>\n<p>Claudia vuelve del trabajo al anochecer. Su anodina vida en el Madrid de la postguerra transcurre sin sobresaltos, creyendo que las pel\u00edculas que contempla en el Imperial ser\u00e1n la \u00fanica forma de evadirse de un ambiente plagado de carencias y penalidades.<\/p>\n<p>Pero no imagina que todo va a cambiar dr\u00e1sticamente al hallar a un joven herido junto a la puerta de su domicilio, solicitando ayuda.<\/p>\n<p>A partir de ese momento, su vida se convierte en un tobog\u00e1n de sensaciones que la empujar\u00e1n por paisajes hasta ahora nunca imaginados. Y es consciente de que la muerte empieza a respirar junto a ella.<\/p>\n","protected":false},"featured_media":105831,"comment_status":"open","ping_status":"closed","template":"","meta":{"_acf_changed":false},"libro":[],"product_brand":[],"product_cat":[47],"product_tag":[],"class_list":{"0":"post-105828","1":"product","2":"type-product","3":"status-publish","4":"has-post-thumbnail","6":"product_cat-ciencia-ficcion-misterio","8":"first","9":"instock","10":"shipping-taxable","11":"product-type-simple"},"acf":{"autor":[76963],"enlace_de_compra":"https:\/\/amzn.to\/3WRcLPN"},"yoast_head":"<!-- This site is optimized with the Yoast SEO plugin v27.4 - https:\/\/yoast.com\/product\/yoast-seo-wordpress\/ -->\n<title>Los gallos del alba - Catalogo | Letrame Grupo Editorial<\/title>\n<meta name=\"robots\" content=\"index, follow, max-snippet:-1, max-image-preview:large, max-video-preview:-1\" \/>\n<link rel=\"canonical\" href=\"https:\/\/letrame.com\/catalogo\/producto\/los-gallos-del-alba\/\" \/>\n<meta property=\"og:locale\" content=\"es_ES\" \/>\n<meta property=\"og:type\" content=\"article\" \/>\n<meta property=\"og:title\" content=\"Los gallos del alba - Catalogo | Letrame Grupo Editorial\" \/>\n<meta property=\"og:description\" content=\"ISBN:\u00a0978-84-1068-640-3 SINOPSIS Claudia vuelve del trabajo al anochecer. Su anodina vida en el Madrid de la postguerra transcurre sin sobresaltos, creyendo que las pel\u00edculas que contempla en el Imperial ser\u00e1n la \u00fanica forma de evadirse de un ambiente plagado de carencias y penalidades.  Pero no imagina que todo va a cambiar dr\u00e1sticamente al hallar a un joven herido junto a la puerta de su domicilio, solicitando ayuda.  A partir de ese momento, su vida se convierte en un tobog\u00e1n de sensaciones que la empujar\u00e1n por paisajes hasta ahora nunca imaginados. Y es consciente de que la muerte empieza a respirar junto a ella.\" \/>\n<meta property=\"og:url\" content=\"https:\/\/letrame.com\/catalogo\/producto\/los-gallos-del-alba\/\" \/>\n<meta property=\"og:site_name\" content=\"Catalogo | Letrame Grupo Editorial\" \/>\n<meta property=\"article:modified_time\" content=\"2024-08-20T08:49:43+00:00\" \/>\n<meta property=\"og:image\" content=\"https:\/\/letrame.com\/catalogo\/wp-content\/uploads\/2024\/08\/losgallosdelalba_1592mm4-compressed-scaled.jpg\" \/>\n\t<meta property=\"og:image:width\" content=\"1746\" \/>\n\t<meta property=\"og:image:height\" content=\"2560\" \/>\n\t<meta property=\"og:image:type\" content=\"image\/jpeg\" \/>\n<meta name=\"twitter:card\" content=\"summary_large_image\" \/>\n<meta name=\"twitter:label1\" content=\"Tiempo de lectura\" \/>\n\t<meta name=\"twitter:data1\" content=\"1 minuto\" \/>\n<script type=\"application\/ld+json\" class=\"yoast-schema-graph\">{\"@context\":\"https:\\\/\\\/schema.org\",\"@graph\":[{\"@type\":\"WebPage\",\"@id\":\"https:\\\/\\\/letrame.com\\\/catalogo\\\/producto\\\/los-gallos-del-alba\\\/\",\"url\":\"https:\\\/\\\/letrame.com\\\/catalogo\\\/producto\\\/los-gallos-del-alba\\\/\",\"name\":\"Los gallos del alba - Catalogo | Letrame Grupo Editorial\",\"isPartOf\":{\"@id\":\"https:\\\/\\\/letrame.com\\\/catalogo\\\/#website\"},\"primaryImageOfPage\":{\"@id\":\"https:\\\/\\\/letrame.com\\\/catalogo\\\/producto\\\/los-gallos-del-alba\\\/#primaryimage\"},\"image\":{\"@id\":\"https:\\\/\\\/letrame.com\\\/catalogo\\\/producto\\\/los-gallos-del-alba\\\/#primaryimage\"},\"thumbnailUrl\":\"https:\\\/\\\/letrame.com\\\/catalogo\\\/wp-content\\\/uploads\\\/2024\\\/08\\\/losgallosdelalba_1592mm4-compressed-scaled.jpg\",\"datePublished\":\"2024-08-20T08:41:34+00:00\",\"dateModified\":\"2024-08-20T08:49:43+00:00\",\"breadcrumb\":{\"@id\":\"https:\\\/\\\/letrame.com\\\/catalogo\\\/producto\\\/los-gallos-del-alba\\\/#breadcrumb\"},\"inLanguage\":\"es\",\"potentialAction\":[{\"@type\":\"ReadAction\",\"target\":[\"https:\\\/\\\/letrame.com\\\/catalogo\\\/producto\\\/los-gallos-del-alba\\\/\"]}]},{\"@type\":\"ImageObject\",\"inLanguage\":\"es\",\"@id\":\"https:\\\/\\\/letrame.com\\\/catalogo\\\/producto\\\/los-gallos-del-alba\\\/#primaryimage\",\"url\":\"https:\\\/\\\/letrame.com\\\/catalogo\\\/wp-content\\\/uploads\\\/2024\\\/08\\\/losgallosdelalba_1592mm4-compressed-scaled.jpg\",\"contentUrl\":\"https:\\\/\\\/letrame.com\\\/catalogo\\\/wp-content\\\/uploads\\\/2024\\\/08\\\/losgallosdelalba_1592mm4-compressed-scaled.jpg\",\"width\":1746,\"height\":2560},{\"@type\":\"BreadcrumbList\",\"@id\":\"https:\\\/\\\/letrame.com\\\/catalogo\\\/producto\\\/los-gallos-del-alba\\\/#breadcrumb\",\"itemListElement\":[{\"@type\":\"ListItem\",\"position\":1,\"name\":\"Portada\",\"item\":\"https:\\\/\\\/letrame.com\\\/catalogo\\\/\"},{\"@type\":\"ListItem\",\"position\":2,\"name\":\"Cat\u00e1logo\",\"item\":\"https:\\\/\\\/letrame.com\\\/catalogo\\\/\"},{\"@type\":\"ListItem\",\"position\":3,\"name\":\"Los gallos del alba\"}]},{\"@type\":\"WebSite\",\"@id\":\"https:\\\/\\\/letrame.com\\\/catalogo\\\/#website\",\"url\":\"https:\\\/\\\/letrame.com\\\/catalogo\\\/\",\"name\":\"Catalogo | Letrame Grupo Editorial\",\"description\":\"\",\"publisher\":{\"@id\":\"https:\\\/\\\/letrame.com\\\/catalogo\\\/#organization\"},\"potentialAction\":[{\"@type\":\"SearchAction\",\"target\":{\"@type\":\"EntryPoint\",\"urlTemplate\":\"https:\\\/\\\/letrame.com\\\/catalogo\\\/?s={search_term_string}\"},\"query-input\":{\"@type\":\"PropertyValueSpecification\",\"valueRequired\":true,\"valueName\":\"search_term_string\"}}],\"inLanguage\":\"es\"},{\"@type\":\"Organization\",\"@id\":\"https:\\\/\\\/letrame.com\\\/catalogo\\\/#organization\",\"name\":\"Catalogo | Letrame Grupo Editorial\",\"url\":\"https:\\\/\\\/letrame.com\\\/catalogo\\\/\",\"logo\":{\"@type\":\"ImageObject\",\"inLanguage\":\"es\",\"@id\":\"https:\\\/\\\/letrame.com\\\/catalogo\\\/#\\\/schema\\\/logo\\\/image\\\/\",\"url\":\"https:\\\/\\\/letrame.com\\\/catalogo\\\/wp-content\\\/uploads\\\/2024\\\/03\\\/logo2.webp\",\"contentUrl\":\"https:\\\/\\\/letrame.com\\\/catalogo\\\/wp-content\\\/uploads\\\/2024\\\/03\\\/logo2.webp\",\"width\":394,\"height\":128,\"caption\":\"Catalogo | Letrame Grupo Editorial\"},\"image\":{\"@id\":\"https:\\\/\\\/letrame.com\\\/catalogo\\\/#\\\/schema\\\/logo\\\/image\\\/\"}}]}<\/script>\n<!-- \/ Yoast SEO plugin. -->","yoast_head_json":{"title":"Los gallos del alba - Catalogo | Letrame Grupo Editorial","robots":{"index":"index","follow":"follow","max-snippet":"max-snippet:-1","max-image-preview":"max-image-preview:large","max-video-preview":"max-video-preview:-1"},"canonical":"https:\/\/letrame.com\/catalogo\/producto\/los-gallos-del-alba\/","og_locale":"es_ES","og_type":"article","og_title":"Los gallos del alba - Catalogo | Letrame Grupo Editorial","og_description":"ISBN:\u00a0978-84-1068-640-3 SINOPSIS Claudia vuelve del trabajo al anochecer. Su anodina vida en el Madrid de la postguerra transcurre sin sobresaltos, creyendo que las pel\u00edculas que contempla en el Imperial ser\u00e1n la \u00fanica forma de evadirse de un ambiente plagado de carencias y penalidades.  Pero no imagina que todo va a cambiar dr\u00e1sticamente al hallar a un joven herido junto a la puerta de su domicilio, solicitando ayuda.  A partir de ese momento, su vida se convierte en un tobog\u00e1n de sensaciones que la empujar\u00e1n por paisajes hasta ahora nunca imaginados. Y es consciente de que la muerte empieza a respirar junto a ella.","og_url":"https:\/\/letrame.com\/catalogo\/producto\/los-gallos-del-alba\/","og_site_name":"Catalogo | Letrame Grupo Editorial","article_modified_time":"2024-08-20T08:49:43+00:00","og_image":[{"width":1746,"height":2560,"url":"https:\/\/letrame.com\/catalogo\/wp-content\/uploads\/2024\/08\/losgallosdelalba_1592mm4-compressed-scaled.jpg","type":"image\/jpeg"}],"twitter_card":"summary_large_image","twitter_misc":{"Tiempo de lectura":"1 minuto"},"schema":{"@context":"https:\/\/schema.org","@graph":[{"@type":"WebPage","@id":"https:\/\/letrame.com\/catalogo\/producto\/los-gallos-del-alba\/","url":"https:\/\/letrame.com\/catalogo\/producto\/los-gallos-del-alba\/","name":"Los gallos del alba - Catalogo | Letrame Grupo Editorial","isPartOf":{"@id":"https:\/\/letrame.com\/catalogo\/#website"},"primaryImageOfPage":{"@id":"https:\/\/letrame.com\/catalogo\/producto\/los-gallos-del-alba\/#primaryimage"},"image":{"@id":"https:\/\/letrame.com\/catalogo\/producto\/los-gallos-del-alba\/#primaryimage"},"thumbnailUrl":"https:\/\/letrame.com\/catalogo\/wp-content\/uploads\/2024\/08\/losgallosdelalba_1592mm4-compressed-scaled.jpg","datePublished":"2024-08-20T08:41:34+00:00","dateModified":"2024-08-20T08:49:43+00:00","breadcrumb":{"@id":"https:\/\/letrame.com\/catalogo\/producto\/los-gallos-del-alba\/#breadcrumb"},"inLanguage":"es","potentialAction":[{"@type":"ReadAction","target":["https:\/\/letrame.com\/catalogo\/producto\/los-gallos-del-alba\/"]}]},{"@type":"ImageObject","inLanguage":"es","@id":"https:\/\/letrame.com\/catalogo\/producto\/los-gallos-del-alba\/#primaryimage","url":"https:\/\/letrame.com\/catalogo\/wp-content\/uploads\/2024\/08\/losgallosdelalba_1592mm4-compressed-scaled.jpg","contentUrl":"https:\/\/letrame.com\/catalogo\/wp-content\/uploads\/2024\/08\/losgallosdelalba_1592mm4-compressed-scaled.jpg","width":1746,"height":2560},{"@type":"BreadcrumbList","@id":"https:\/\/letrame.com\/catalogo\/producto\/los-gallos-del-alba\/#breadcrumb","itemListElement":[{"@type":"ListItem","position":1,"name":"Portada","item":"https:\/\/letrame.com\/catalogo\/"},{"@type":"ListItem","position":2,"name":"Cat\u00e1logo","item":"https:\/\/letrame.com\/catalogo\/"},{"@type":"ListItem","position":3,"name":"Los gallos del alba"}]},{"@type":"WebSite","@id":"https:\/\/letrame.com\/catalogo\/#website","url":"https:\/\/letrame.com\/catalogo\/","name":"Catalogo | Letrame Grupo Editorial","description":"","publisher":{"@id":"https:\/\/letrame.com\/catalogo\/#organization"},"potentialAction":[{"@type":"SearchAction","target":{"@type":"EntryPoint","urlTemplate":"https:\/\/letrame.com\/catalogo\/?s={search_term_string}"},"query-input":{"@type":"PropertyValueSpecification","valueRequired":true,"valueName":"search_term_string"}}],"inLanguage":"es"},{"@type":"Organization","@id":"https:\/\/letrame.com\/catalogo\/#organization","name":"Catalogo | Letrame Grupo Editorial","url":"https:\/\/letrame.com\/catalogo\/","logo":{"@type":"ImageObject","inLanguage":"es","@id":"https:\/\/letrame.com\/catalogo\/#\/schema\/logo\/image\/","url":"https:\/\/letrame.com\/catalogo\/wp-content\/uploads\/2024\/03\/logo2.webp","contentUrl":"https:\/\/letrame.com\/catalogo\/wp-content\/uploads\/2024\/03\/logo2.webp","width":394,"height":128,"caption":"Catalogo | Letrame Grupo Editorial"},"image":{"@id":"https:\/\/letrame.com\/catalogo\/#\/schema\/logo\/image\/"}}]}},"_links":{"self":[{"href":"https:\/\/letrame.com\/catalogo\/wp-json\/wp\/v2\/product\/105828","targetHints":{"allow":["GET"]}}],"collection":[{"href":"https:\/\/letrame.com\/catalogo\/wp-json\/wp\/v2\/product"}],"about":[{"href":"https:\/\/letrame.com\/catalogo\/wp-json\/wp\/v2\/types\/product"}],"replies":[{"embeddable":true,"href":"https:\/\/letrame.com\/catalogo\/wp-json\/wp\/v2\/comments?post=105828"}],"acf:post":[{"embeddable":true,"href":"https:\/\/letrame.com\/catalogo\/wp-json\/wp\/v2\/author_book\/76963"}],"wp:featuredmedia":[{"embeddable":true,"href":"https:\/\/letrame.com\/catalogo\/wp-json\/wp\/v2\/media\/105831"}],"wp:attachment":[{"href":"https:\/\/letrame.com\/catalogo\/wp-json\/wp\/v2\/media?parent=105828"}],"wp:term":[{"taxonomy":"libro","embeddable":true,"href":"https:\/\/letrame.com\/catalogo\/wp-json\/wp\/v2\/libro?post=105828"},{"taxonomy":"product_brand","embeddable":true,"href":"https:\/\/letrame.com\/catalogo\/wp-json\/wp\/v2\/product_brand?post=105828"},{"taxonomy":"product_cat","embeddable":true,"href":"https:\/\/letrame.com\/catalogo\/wp-json\/wp\/v2\/product_cat?post=105828"},{"taxonomy":"product_tag","embeddable":true,"href":"https:\/\/letrame.com\/catalogo\/wp-json\/wp\/v2\/product_tag?post=105828"}],"curies":[{"name":"wp","href":"https:\/\/api.w.org\/{rel}","templated":true}]}}