{"id":105811,"date":"2024-08-20T10:20:42","date_gmt":"2024-08-20T08:20:42","guid":{"rendered":"https:\/\/letrame.com\/catalogo\/?post_type=product&#038;p=105811"},"modified":"2024-08-20T10:22:17","modified_gmt":"2024-08-20T08:22:17","slug":"viabilidad-y-beneficios-de-combinar-techos-verdes-con-tecnologias-de-energia-renovable","status":"publish","type":"product","link":"https:\/\/letrame.com\/catalogo\/producto\/viabilidad-y-beneficios-de-combinar-techos-verdes-con-tecnologias-de-energia-renovable\/","title":{"rendered":"Viabilidad y beneficios de combinar techos verdes con tecnolog\u00edas de energ\u00eda renovable"},"content":{"rendered":"<p class=\"p1\">ISBN:\u00a0978-84-1068-435-5<\/p>\n<p class=\"p1\">T\u00edtulo: Viabilidad y beneficios de combinar techos verdes con tecnolog\u00edas de energ\u00eda renovable<\/p>\n<p class=\"p1\">Fecha: 2024<\/p>\n<p class=\"p1\">P\u00e1ginas: 130<\/p>\n<p class=\"p1\">SINOPSIS<\/p>\n<p>El estudio de viabilidad y beneficios de combinar techos verdes con tecnolog\u00edas de energ\u00eda renovable de Jos\u00e9 Pierre Gonz\u00e1lez presenta un an\u00e1lisis de la literatura cient\u00edfica relacionada con la materia y una evaluaci\u00f3n objetiva de los beneficios que repercuten en aspectos ambientales, econ\u00f3micos, sociales, etc., adem\u00e1s de identificar una serie de obst\u00e1culos para aportar las posibles soluciones estrat\u00e9gicas. As\u00ed, el investigador hace un recorrido por cuestiones de arquitectura sostenible, ecolog\u00eda urbana, eficiencia energ\u00e9tica, ingenier\u00eda o dise\u00f1o urbano, entre otras, para situar al lector en contexto antes de abordar el estudio de casos concretos en ciudades como Barcelona, Madrid, M\u00e1laga y Sevilla.<\/p>\n<p>El cierre del trabajo con las esperadas conclusiones est\u00e1 complementado con un gran detalle sobre las limitaciones encontradas durante la investigaci\u00f3n, \u00e1reas de mejora identificadas. Por a\u00f1adidura, el autor incluye dos cap\u00edtulos dedicados, uno, a proporcionar sugerencias de optimizaci\u00f3n de la eficiencia y de cuestiones a considerar antes de replicar los modelos actuales, y, otro, a mirar hacia el futuro de esta aplicaci\u00f3n de dise\u00f1o sostenible de espacios verdes en paisajes urbanos.<\/p>\n","protected":false},"excerpt":{"rendered":"<p class=\"p1\">ISBN:978-84-1068-606-9<\/p>\n<p class=\"p1\">SINOPSIS<\/p>\n<p>Aunque los datos y los personajes fundamentales de los que se parte son ciertos, lo que se cuenta es en gran parte ficci\u00f3n. Los hechos suceden desde aproximadamente 1917 hasta pr\u00e1cticamente la actualidad.<\/p>\n<p>La novela recrea la vida en Madrid de una familia con un hijo y dos hijas que tiene que dejar atr\u00e1s su vida en la capital, la familia y los recuerdos de una hija y un hijo muertos. Del barrio del Pac\u00edfico en el Madrid de la Segunda Rep\u00fablica se marchan a vivir a un pueblo aragon\u00e9s. En 1934 la MZA, compa\u00f1\u00eda de ferrocarriles donde trabaja el cabeza de familia como factor de circulaci\u00f3n, lo destina a la estaci\u00f3n de tren de Ariza.<\/p>\n<p>El padre acaba siendo concejal del Ayuntamiento en 1936 y sufren la Guerra Civil.<\/p>\n<p>La historia familiar se cierra con el destino de cada uno de los miembros que sobrevivieron a la guerra.<\/p>\n<p>Lo contado queda englobado en las reflexiones de un narrador que se sit\u00faa a distancias variables respecto a los hechos y a los personajes.<\/p>\n","protected":false},"featured_media":105812,"comment_status":"open","ping_status":"closed","template":"","meta":{"_acf_changed":false},"libro":[],"product_brand":[],"product_cat":[47,41],"product_tag":[],"class_list":{"0":"post-105811","1":"product","2":"type-product","3":"status-publish","4":"has-post-thumbnail","6":"product_cat-ciencia-ficcion-misterio","7":"product_cat-tecnologia","9":"first","10":"instock","11":"shipping-taxable","12":"product-type-simple"},"acf":{"autor":[105807],"enlace_de_compra":"https:\/\/amzn.to\/3ApMUXG"},"yoast_head":"<!-- This site is optimized with the Yoast SEO plugin v27.4 - https:\/\/yoast.com\/product\/yoast-seo-wordpress\/ -->\n<title>Viabilidad y beneficios de combinar techos verdes con tecnolog\u00edas de energ\u00eda renovable - Catalogo | Letrame Grupo Editorial<\/title>\n<meta name=\"robots\" content=\"index, follow, max-snippet:-1, max-image-preview:large, max-video-preview:-1\" \/>\n<link rel=\"canonical\" href=\"https:\/\/letrame.com\/catalogo\/producto\/viabilidad-y-beneficios-de-combinar-techos-verdes-con-tecnologias-de-energia-renovable\/\" \/>\n<meta property=\"og:locale\" content=\"es_ES\" \/>\n<meta property=\"og:type\" content=\"article\" \/>\n<meta property=\"og:title\" content=\"Viabilidad y beneficios de combinar techos verdes con tecnolog\u00edas de energ\u00eda renovable - Catalogo | Letrame Grupo Editorial\" \/>\n<meta property=\"og:description\" content=\"ISBN:978-84-1068-606-9 SINOPSIS Aunque los datos y los personajes fundamentales de los que se parte son ciertos, lo que se cuenta es en gran parte ficci\u00f3n. Los hechos suceden desde aproximadamente 1917 hasta pr\u00e1cticamente la actualidad.  La novela recrea la vida en Madrid de una familia con un hijo y dos hijas que tiene que dejar atr\u00e1s su vida en la capital, la familia y los recuerdos de una hija y un hijo muertos. Del barrio del Pac\u00edfico en el Madrid de la Segunda Rep\u00fablica se marchan a vivir a un pueblo aragon\u00e9s. En 1934 la MZA, compa\u00f1\u00eda de ferrocarriles donde trabaja el cabeza de familia como factor de circulaci\u00f3n, lo destina a la estaci\u00f3n de tren de Ariza.  El padre acaba siendo concejal del Ayuntamiento en 1936 y sufren la Guerra Civil.  La historia familiar se cierra con el destino de cada uno de los miembros que sobrevivieron a la guerra.  Lo contado queda englobado en las reflexiones de un narrador que se sit\u00faa a distancias variables respecto a los hechos y a los personajes.\" \/>\n<meta property=\"og:url\" content=\"https:\/\/letrame.com\/catalogo\/producto\/viabilidad-y-beneficios-de-combinar-techos-verdes-con-tecnologias-de-energia-renovable\/\" \/>\n<meta property=\"og:site_name\" content=\"Catalogo | Letrame Grupo Editorial\" \/>\n<meta property=\"article:modified_time\" content=\"2024-08-20T08:22:17+00:00\" \/>\n<meta property=\"og:image\" content=\"https:\/\/letrame.com\/catalogo\/wp-content\/uploads\/2024\/08\/estudiar_783mm4-compressed-scaled.jpg\" \/>\n\t<meta property=\"og:image:width\" content=\"1746\" \/>\n\t<meta property=\"og:image:height\" content=\"2560\" \/>\n\t<meta property=\"og:image:type\" content=\"image\/jpeg\" \/>\n<meta name=\"twitter:card\" content=\"summary_large_image\" \/>\n<meta name=\"twitter:label1\" content=\"Tiempo de lectura\" \/>\n\t<meta name=\"twitter:data1\" content=\"2 minutos\" \/>\n<script type=\"application\/ld+json\" class=\"yoast-schema-graph\">{\"@context\":\"https:\\\/\\\/schema.org\",\"@graph\":[{\"@type\":\"WebPage\",\"@id\":\"https:\\\/\\\/letrame.com\\\/catalogo\\\/producto\\\/viabilidad-y-beneficios-de-combinar-techos-verdes-con-tecnologias-de-energia-renovable\\\/\",\"url\":\"https:\\\/\\\/letrame.com\\\/catalogo\\\/producto\\\/viabilidad-y-beneficios-de-combinar-techos-verdes-con-tecnologias-de-energia-renovable\\\/\",\"name\":\"Viabilidad y beneficios de combinar techos verdes con tecnolog\u00edas de energ\u00eda renovable - Catalogo | Letrame Grupo Editorial\",\"isPartOf\":{\"@id\":\"https:\\\/\\\/letrame.com\\\/catalogo\\\/#website\"},\"primaryImageOfPage\":{\"@id\":\"https:\\\/\\\/letrame.com\\\/catalogo\\\/producto\\\/viabilidad-y-beneficios-de-combinar-techos-verdes-con-tecnologias-de-energia-renovable\\\/#primaryimage\"},\"image\":{\"@id\":\"https:\\\/\\\/letrame.com\\\/catalogo\\\/producto\\\/viabilidad-y-beneficios-de-combinar-techos-verdes-con-tecnologias-de-energia-renovable\\\/#primaryimage\"},\"thumbnailUrl\":\"https:\\\/\\\/letrame.com\\\/catalogo\\\/wp-content\\\/uploads\\\/2024\\\/08\\\/estudiar_783mm4-compressed-scaled.jpg\",\"datePublished\":\"2024-08-20T08:20:42+00:00\",\"dateModified\":\"2024-08-20T08:22:17+00:00\",\"breadcrumb\":{\"@id\":\"https:\\\/\\\/letrame.com\\\/catalogo\\\/producto\\\/viabilidad-y-beneficios-de-combinar-techos-verdes-con-tecnologias-de-energia-renovable\\\/#breadcrumb\"},\"inLanguage\":\"es\",\"potentialAction\":[{\"@type\":\"ReadAction\",\"target\":[\"https:\\\/\\\/letrame.com\\\/catalogo\\\/producto\\\/viabilidad-y-beneficios-de-combinar-techos-verdes-con-tecnologias-de-energia-renovable\\\/\"]}]},{\"@type\":\"ImageObject\",\"inLanguage\":\"es\",\"@id\":\"https:\\\/\\\/letrame.com\\\/catalogo\\\/producto\\\/viabilidad-y-beneficios-de-combinar-techos-verdes-con-tecnologias-de-energia-renovable\\\/#primaryimage\",\"url\":\"https:\\\/\\\/letrame.com\\\/catalogo\\\/wp-content\\\/uploads\\\/2024\\\/08\\\/estudiar_783mm4-compressed-scaled.jpg\",\"contentUrl\":\"https:\\\/\\\/letrame.com\\\/catalogo\\\/wp-content\\\/uploads\\\/2024\\\/08\\\/estudiar_783mm4-compressed-scaled.jpg\",\"width\":1746,\"height\":2560},{\"@type\":\"BreadcrumbList\",\"@id\":\"https:\\\/\\\/letrame.com\\\/catalogo\\\/producto\\\/viabilidad-y-beneficios-de-combinar-techos-verdes-con-tecnologias-de-energia-renovable\\\/#breadcrumb\",\"itemListElement\":[{\"@type\":\"ListItem\",\"position\":1,\"name\":\"Portada\",\"item\":\"https:\\\/\\\/letrame.com\\\/catalogo\\\/\"},{\"@type\":\"ListItem\",\"position\":2,\"name\":\"Cat\u00e1logo\",\"item\":\"https:\\\/\\\/letrame.com\\\/catalogo\\\/\"},{\"@type\":\"ListItem\",\"position\":3,\"name\":\"Viabilidad y beneficios de combinar techos verdes con tecnolog\u00edas de energ\u00eda renovable\"}]},{\"@type\":\"WebSite\",\"@id\":\"https:\\\/\\\/letrame.com\\\/catalogo\\\/#website\",\"url\":\"https:\\\/\\\/letrame.com\\\/catalogo\\\/\",\"name\":\"Catalogo | Letrame Grupo Editorial\",\"description\":\"\",\"publisher\":{\"@id\":\"https:\\\/\\\/letrame.com\\\/catalogo\\\/#organization\"},\"potentialAction\":[{\"@type\":\"SearchAction\",\"target\":{\"@type\":\"EntryPoint\",\"urlTemplate\":\"https:\\\/\\\/letrame.com\\\/catalogo\\\/?s={search_term_string}\"},\"query-input\":{\"@type\":\"PropertyValueSpecification\",\"valueRequired\":true,\"valueName\":\"search_term_string\"}}],\"inLanguage\":\"es\"},{\"@type\":\"Organization\",\"@id\":\"https:\\\/\\\/letrame.com\\\/catalogo\\\/#organization\",\"name\":\"Catalogo | Letrame Grupo Editorial\",\"url\":\"https:\\\/\\\/letrame.com\\\/catalogo\\\/\",\"logo\":{\"@type\":\"ImageObject\",\"inLanguage\":\"es\",\"@id\":\"https:\\\/\\\/letrame.com\\\/catalogo\\\/#\\\/schema\\\/logo\\\/image\\\/\",\"url\":\"https:\\\/\\\/letrame.com\\\/catalogo\\\/wp-content\\\/uploads\\\/2024\\\/03\\\/logo2.webp\",\"contentUrl\":\"https:\\\/\\\/letrame.com\\\/catalogo\\\/wp-content\\\/uploads\\\/2024\\\/03\\\/logo2.webp\",\"width\":394,\"height\":128,\"caption\":\"Catalogo | Letrame Grupo Editorial\"},\"image\":{\"@id\":\"https:\\\/\\\/letrame.com\\\/catalogo\\\/#\\\/schema\\\/logo\\\/image\\\/\"}}]}<\/script>\n<!-- \/ Yoast SEO plugin. -->","yoast_head_json":{"title":"Viabilidad y beneficios de combinar techos verdes con tecnolog\u00edas de energ\u00eda renovable - Catalogo | Letrame Grupo Editorial","robots":{"index":"index","follow":"follow","max-snippet":"max-snippet:-1","max-image-preview":"max-image-preview:large","max-video-preview":"max-video-preview:-1"},"canonical":"https:\/\/letrame.com\/catalogo\/producto\/viabilidad-y-beneficios-de-combinar-techos-verdes-con-tecnologias-de-energia-renovable\/","og_locale":"es_ES","og_type":"article","og_title":"Viabilidad y beneficios de combinar techos verdes con tecnolog\u00edas de energ\u00eda renovable - Catalogo | Letrame Grupo Editorial","og_description":"ISBN:978-84-1068-606-9 SINOPSIS Aunque los datos y los personajes fundamentales de los que se parte son ciertos, lo que se cuenta es en gran parte ficci\u00f3n. Los hechos suceden desde aproximadamente 1917 hasta pr\u00e1cticamente la actualidad.  La novela recrea la vida en Madrid de una familia con un hijo y dos hijas que tiene que dejar atr\u00e1s su vida en la capital, la familia y los recuerdos de una hija y un hijo muertos. Del barrio del Pac\u00edfico en el Madrid de la Segunda Rep\u00fablica se marchan a vivir a un pueblo aragon\u00e9s. En 1934 la MZA, compa\u00f1\u00eda de ferrocarriles donde trabaja el cabeza de familia como factor de circulaci\u00f3n, lo destina a la estaci\u00f3n de tren de Ariza.  El padre acaba siendo concejal del Ayuntamiento en 1936 y sufren la Guerra Civil.  La historia familiar se cierra con el destino de cada uno de los miembros que sobrevivieron a la guerra.  Lo contado queda englobado en las reflexiones de un narrador que se sit\u00faa a distancias variables respecto a los hechos y a los personajes.","og_url":"https:\/\/letrame.com\/catalogo\/producto\/viabilidad-y-beneficios-de-combinar-techos-verdes-con-tecnologias-de-energia-renovable\/","og_site_name":"Catalogo | Letrame Grupo Editorial","article_modified_time":"2024-08-20T08:22:17+00:00","og_image":[{"width":1746,"height":2560,"url":"https:\/\/letrame.com\/catalogo\/wp-content\/uploads\/2024\/08\/estudiar_783mm4-compressed-scaled.jpg","type":"image\/jpeg"}],"twitter_card":"summary_large_image","twitter_misc":{"Tiempo de lectura":"2 minutos"},"schema":{"@context":"https:\/\/schema.org","@graph":[{"@type":"WebPage","@id":"https:\/\/letrame.com\/catalogo\/producto\/viabilidad-y-beneficios-de-combinar-techos-verdes-con-tecnologias-de-energia-renovable\/","url":"https:\/\/letrame.com\/catalogo\/producto\/viabilidad-y-beneficios-de-combinar-techos-verdes-con-tecnologias-de-energia-renovable\/","name":"Viabilidad y beneficios de combinar techos verdes con tecnolog\u00edas de energ\u00eda renovable - Catalogo | Letrame Grupo Editorial","isPartOf":{"@id":"https:\/\/letrame.com\/catalogo\/#website"},"primaryImageOfPage":{"@id":"https:\/\/letrame.com\/catalogo\/producto\/viabilidad-y-beneficios-de-combinar-techos-verdes-con-tecnologias-de-energia-renovable\/#primaryimage"},"image":{"@id":"https:\/\/letrame.com\/catalogo\/producto\/viabilidad-y-beneficios-de-combinar-techos-verdes-con-tecnologias-de-energia-renovable\/#primaryimage"},"thumbnailUrl":"https:\/\/letrame.com\/catalogo\/wp-content\/uploads\/2024\/08\/estudiar_783mm4-compressed-scaled.jpg","datePublished":"2024-08-20T08:20:42+00:00","dateModified":"2024-08-20T08:22:17+00:00","breadcrumb":{"@id":"https:\/\/letrame.com\/catalogo\/producto\/viabilidad-y-beneficios-de-combinar-techos-verdes-con-tecnologias-de-energia-renovable\/#breadcrumb"},"inLanguage":"es","potentialAction":[{"@type":"ReadAction","target":["https:\/\/letrame.com\/catalogo\/producto\/viabilidad-y-beneficios-de-combinar-techos-verdes-con-tecnologias-de-energia-renovable\/"]}]},{"@type":"ImageObject","inLanguage":"es","@id":"https:\/\/letrame.com\/catalogo\/producto\/viabilidad-y-beneficios-de-combinar-techos-verdes-con-tecnologias-de-energia-renovable\/#primaryimage","url":"https:\/\/letrame.com\/catalogo\/wp-content\/uploads\/2024\/08\/estudiar_783mm4-compressed-scaled.jpg","contentUrl":"https:\/\/letrame.com\/catalogo\/wp-content\/uploads\/2024\/08\/estudiar_783mm4-compressed-scaled.jpg","width":1746,"height":2560},{"@type":"BreadcrumbList","@id":"https:\/\/letrame.com\/catalogo\/producto\/viabilidad-y-beneficios-de-combinar-techos-verdes-con-tecnologias-de-energia-renovable\/#breadcrumb","itemListElement":[{"@type":"ListItem","position":1,"name":"Portada","item":"https:\/\/letrame.com\/catalogo\/"},{"@type":"ListItem","position":2,"name":"Cat\u00e1logo","item":"https:\/\/letrame.com\/catalogo\/"},{"@type":"ListItem","position":3,"name":"Viabilidad y beneficios de combinar techos verdes con tecnolog\u00edas de energ\u00eda renovable"}]},{"@type":"WebSite","@id":"https:\/\/letrame.com\/catalogo\/#website","url":"https:\/\/letrame.com\/catalogo\/","name":"Catalogo | Letrame Grupo Editorial","description":"","publisher":{"@id":"https:\/\/letrame.com\/catalogo\/#organization"},"potentialAction":[{"@type":"SearchAction","target":{"@type":"EntryPoint","urlTemplate":"https:\/\/letrame.com\/catalogo\/?s={search_term_string}"},"query-input":{"@type":"PropertyValueSpecification","valueRequired":true,"valueName":"search_term_string"}}],"inLanguage":"es"},{"@type":"Organization","@id":"https:\/\/letrame.com\/catalogo\/#organization","name":"Catalogo | Letrame Grupo Editorial","url":"https:\/\/letrame.com\/catalogo\/","logo":{"@type":"ImageObject","inLanguage":"es","@id":"https:\/\/letrame.com\/catalogo\/#\/schema\/logo\/image\/","url":"https:\/\/letrame.com\/catalogo\/wp-content\/uploads\/2024\/03\/logo2.webp","contentUrl":"https:\/\/letrame.com\/catalogo\/wp-content\/uploads\/2024\/03\/logo2.webp","width":394,"height":128,"caption":"Catalogo | Letrame Grupo Editorial"},"image":{"@id":"https:\/\/letrame.com\/catalogo\/#\/schema\/logo\/image\/"}}]}},"_links":{"self":[{"href":"https:\/\/letrame.com\/catalogo\/wp-json\/wp\/v2\/product\/105811","targetHints":{"allow":["GET"]}}],"collection":[{"href":"https:\/\/letrame.com\/catalogo\/wp-json\/wp\/v2\/product"}],"about":[{"href":"https:\/\/letrame.com\/catalogo\/wp-json\/wp\/v2\/types\/product"}],"replies":[{"embeddable":true,"href":"https:\/\/letrame.com\/catalogo\/wp-json\/wp\/v2\/comments?post=105811"}],"acf:post":[{"embeddable":true,"href":"https:\/\/letrame.com\/catalogo\/wp-json\/wp\/v2\/author_book\/105807"}],"wp:featuredmedia":[{"embeddable":true,"href":"https:\/\/letrame.com\/catalogo\/wp-json\/wp\/v2\/media\/105812"}],"wp:attachment":[{"href":"https:\/\/letrame.com\/catalogo\/wp-json\/wp\/v2\/media?parent=105811"}],"wp:term":[{"taxonomy":"libro","embeddable":true,"href":"https:\/\/letrame.com\/catalogo\/wp-json\/wp\/v2\/libro?post=105811"},{"taxonomy":"product_brand","embeddable":true,"href":"https:\/\/letrame.com\/catalogo\/wp-json\/wp\/v2\/product_brand?post=105811"},{"taxonomy":"product_cat","embeddable":true,"href":"https:\/\/letrame.com\/catalogo\/wp-json\/wp\/v2\/product_cat?post=105811"},{"taxonomy":"product_tag","embeddable":true,"href":"https:\/\/letrame.com\/catalogo\/wp-json\/wp\/v2\/product_tag?post=105811"}],"curies":[{"name":"wp","href":"https:\/\/api.w.org\/{rel}","templated":true}]}}