{"id":105800,"date":"2024-08-20T09:48:34","date_gmt":"2024-08-20T07:48:34","guid":{"rendered":"https:\/\/letrame.com\/catalogo\/?post_type=product&#038;p=105800"},"modified":"2025-04-03T09:17:47","modified_gmt":"2025-04-03T07:17:47","slug":"yo-tambien-perdi-un-hijo","status":"publish","type":"product","link":"https:\/\/letrame.com\/catalogo\/producto\/yo-tambien-perdi-un-hijo\/","title":{"rendered":"Yo tambi\u00e9n perd\u00ed un hijo"},"content":{"rendered":"<p class=\"p1\"><strong>ISBN<\/strong>: 978-84-1089-293-4<\/p>\n<p class=\"p1\"><strong>T\u00edtulo<\/strong>: Yo tambi\u00e9n perd\u00ed un hijo<\/p>\n<p class=\"p1\"><strong>Fecha<\/strong>: 2025<\/p>\n<p class=\"p1\"><strong>P\u00e1ginas<\/strong>: 290<\/p>\n<p class=\"p1\"><strong>SINOPSIS<\/strong><\/p>\n<p class=\"p1\">En este libro se toca el hermoso tema de la comunicaci\u00f3n a trav\u00e9s de se\u00f1ales y manifestaciones de nuestra hija Karol Andrea, quien falleci\u00f3 a la edad de 14 a\u00f1os por fibrosis qu\u00edstica, una enfermedad cong\u00e9nita progresiva y mortal que hasta la fecha no tiene cura.<\/p>\n<p class=\"p1\">Todo comenz\u00f3 el primer d\u00eda de su fallecimiento y poco a poco nos dimos a la tarea de ir recopilando cada una de sus se\u00f1ales y manifestaciones, y as\u00ed poder aminorar nuestro dolor, ya que todo esto nos permiti\u00f3 aceptar la partida de nuestra amada hija.<\/p>\n<p class=\"p1\">Al paso del tiempo y por la gran cantidad de manifestaciones, cre\u00edmos necesario compartir nuestras experiencias con aquellos padres que desgraciadamente viven el mismo dolor, as\u00ed como con aquellos que han sufrido una p\u00e9rdida.<\/p>\n<p class=\"p1\">Hacemos constar que todo lo plasmado en el libro es real, sin exageraciones ni fantas\u00edas, igualmente, como a nosotros sus padres, Andrea se ha manifestado de una u otra forma a amistades, trabajadores, familiares e incluso a personas que no la conocieron en vida. Es por ello que nos atrevemos a compartir estas hermosas experiencias, para que, en la medida de lo posible, los lectores tengan la oportunidad de abrirse a esta hermosa realidad con aquella alma que se encuentre en espera de ser identificada, y as\u00ed darles esa alegr\u00eda a ellas tambi\u00e9n.<\/p>\n<p class=\"p1\">Dentro de la recopilaci\u00f3n de estas se\u00f1ales mi esposa, Isabel (la G\u00fcera), intercal\u00f3 an\u00e9cdotas que vivimos y nos regal\u00f3 nuestra hermosa hija.<\/p>\n<p class=\"p1\">Esperamos que los lectores encuentren tranquilidad, paz e incluso la alegr\u00eda de saber que \u00abellos\u00bb, nuestros seres queridos, se encuentran bien y cerca de nosotros.<\/p>\n","protected":false},"excerpt":{"rendered":"<p class=\"p1\"><strong>ISBN<\/strong>: 978-84-1089-293-4<\/p>\n<p class=\"p1\"><strong>SINOPSIS<\/strong><\/p>\n<p>En este libro se toca el hermoso tema de la comunicaci\u00f3n a trav\u00e9s de se\u00f1ales y manifestaciones de nuestra hija Karol Andrea, quien falleci\u00f3 a la edad de 14 a\u00f1os por fibrosis qu\u00edstica, una enfermedad cong\u00e9nita progresiva y mortal que hasta la fecha no tiene cura.<\/p>\n<p>Todo comenz\u00f3 el primer d\u00eda de su fallecimiento y poco a poco nos dimos a la tarea de ir recopilando cada una de sus se\u00f1ales y manifestaciones, y as\u00ed poder aminorar nuestro dolor, ya que todo esto nos permiti\u00f3 aceptar la partida de nuestra amada hija.<\/p>\n<p>Al paso del tiempo y por la gran cantidad de manifestaciones, cre\u00edmos necesario compartir nuestras experiencias con aquellos padres que desgraciadamente viven el mismo dolor, as\u00ed como con aquellos que ha sufrido una p\u00e9rdida.<\/p>\n<p>Hacemos constar que todo lo plasmado en el libro es real, sin exageraciones ni fantas\u00edas, igualmente, como a nosotros sus padres, Andrea se ha manifestado de una u otra forma a amistades, trabajadores, familiares e incluso a personas que no la conocieron en vida. Es por ello que nos atrevemos a compartir estas hermosas experiencias, para que, en la medida de lo posible, los lectores tengan la oportunidad de abrirse a esta hermosa realidad con aquella alma que se encuentre en espera de ser identificada, y as\u00ed darles esa alegr\u00eda a ellas tambi\u00e9n.<\/p>\n<p>Dentro de la recopilaci\u00f3n de estas se\u00f1ales mi esposa, Isabel (la Gu\u0308era), intercal\u00f3 an\u00e9cdotas que vivimos y nos regal\u00f3 nuestra hermosa hija.<\/p>\n<p>Esperamos que los lectores encuentren tranquilidad, paz e incluso la alegr\u00eda de saber que \u00abellos\u00bb, nuestros seres queridos, se encuentran bien y cerca de nosotros.<\/p>\n","protected":false},"featured_media":108421,"comment_status":"open","ping_status":"closed","template":"","meta":{"_acf_changed":false},"libro":[],"product_brand":[],"product_cat":[18],"product_tag":[],"class_list":{"0":"post-105800","1":"product","2":"type-product","3":"status-publish","4":"has-post-thumbnail","6":"product_cat-autoayuda","8":"first","9":"instock","10":"shipping-taxable","11":"product-type-simple"},"acf":{"autor":[105801,105803],"enlace_de_compra":"https:\/\/www.amazon.es\/dp\/8410892936"},"yoast_head":"<!-- This site is optimized with the Yoast SEO plugin v26.6 - https:\/\/yoast.com\/wordpress\/plugins\/seo\/ -->\n<title>Yo tambi\u00e9n perd\u00ed un hijo - Catalogo | Letrame Grupo Editorial<\/title>\n<meta name=\"robots\" content=\"index, follow, max-snippet:-1, max-image-preview:large, max-video-preview:-1\" \/>\n<link rel=\"canonical\" href=\"https:\/\/letrame.com\/catalogo\/producto\/yo-tambien-perdi-un-hijo\/\" \/>\n<meta property=\"og:locale\" content=\"es_ES\" \/>\n<meta property=\"og:type\" content=\"article\" \/>\n<meta property=\"og:title\" content=\"Yo tambi\u00e9n perd\u00ed un hijo - Catalogo | Letrame Grupo Editorial\" \/>\n<meta property=\"og:description\" content=\"ISBN: 978-84-1089-293-4 SINOPSIS En este libro se toca el hermoso tema de la comunicaci\u00f3n a trav\u00e9s de se\u00f1ales y manifestaciones de nuestra hija Karol Andrea, quien falleci\u00f3 a la edad de 14 a\u00f1os por fibrosis qu\u00edstica, una enfermedad cong\u00e9nita progresiva y mortal que hasta la fecha no tiene cura.  Todo comenz\u00f3 el primer d\u00eda de su fallecimiento y poco a poco nos dimos a la tarea de ir recopilando cada una de sus se\u00f1ales y manifestaciones, y as\u00ed poder aminorar nuestro dolor, ya que todo esto nos permiti\u00f3 aceptar la partida de nuestra amada hija.  Al paso del tiempo y por la gran cantidad de manifestaciones, cre\u00edmos necesario compartir nuestras experiencias con aquellos padres que desgraciadamente viven el mismo dolor, as\u00ed como con aquellos que ha sufrido una p\u00e9rdida.  Hacemos constar que todo lo plasmado en el libro es real, sin exageraciones ni fantas\u00edas, igualmente, como a nosotros sus padres, Andrea se ha manifestado de una u otra forma a amistades, trabajadores, familiares e incluso a personas que no la conocieron en vida. Es por ello que nos atrevemos a compartir estas hermosas experiencias, para que, en la medida de lo posible, los lectores tengan la oportunidad de abrirse a esta hermosa realidad con aquella alma que se encuentre en espera de ser identificada, y as\u00ed darles esa alegr\u00eda a ellas tambi\u00e9n.  Dentro de la recopilaci\u00f3n de estas se\u00f1ales mi esposa, Isabel (la Gu\u0308era), intercal\u00f3 an\u00e9cdotas que vivimos y nos regal\u00f3 nuestra hermosa hija.  Esperamos que los lectores encuentren tranquilidad, paz e incluso la alegr\u00eda de saber que \u00abellos\u00bb, nuestros seres queridos, se encuentran bien y cerca de nosotros.\" \/>\n<meta property=\"og:url\" content=\"https:\/\/letrame.com\/catalogo\/producto\/yo-tambien-perdi-un-hijo\/\" \/>\n<meta property=\"og:site_name\" content=\"Catalogo | Letrame Grupo Editorial\" \/>\n<meta property=\"article:modified_time\" content=\"2025-04-03T07:17:47+00:00\" \/>\n<meta property=\"og:image\" content=\"https:\/\/letrame.com\/catalogo\/wp-content\/uploads\/2024\/08\/2a-edi-yo-tambien.jpg\" \/>\n\t<meta property=\"og:image:width\" content=\"378\" \/>\n\t<meta property=\"og:image:height\" content=\"543\" \/>\n\t<meta property=\"og:image:type\" content=\"image\/jpeg\" \/>\n<meta name=\"twitter:card\" content=\"summary_large_image\" \/>\n<meta name=\"twitter:label1\" content=\"Tiempo de lectura\" \/>\n\t<meta name=\"twitter:data1\" content=\"2 minutos\" \/>\n<script type=\"application\/ld+json\" class=\"yoast-schema-graph\">{\"@context\":\"https:\/\/schema.org\",\"@graph\":[{\"@type\":\"WebPage\",\"@id\":\"https:\/\/letrame.com\/catalogo\/producto\/yo-tambien-perdi-un-hijo\/\",\"url\":\"https:\/\/letrame.com\/catalogo\/producto\/yo-tambien-perdi-un-hijo\/\",\"name\":\"Yo tambi\u00e9n perd\u00ed un hijo - Catalogo | Letrame Grupo Editorial\",\"isPartOf\":{\"@id\":\"https:\/\/letrame.com\/catalogo\/#website\"},\"primaryImageOfPage\":{\"@id\":\"https:\/\/letrame.com\/catalogo\/producto\/yo-tambien-perdi-un-hijo\/#primaryimage\"},\"image\":{\"@id\":\"https:\/\/letrame.com\/catalogo\/producto\/yo-tambien-perdi-un-hijo\/#primaryimage\"},\"thumbnailUrl\":\"https:\/\/letrame.com\/catalogo\/wp-content\/uploads\/2024\/08\/2a-edi-yo-tambien.jpg\",\"datePublished\":\"2024-08-20T07:48:34+00:00\",\"dateModified\":\"2025-04-03T07:17:47+00:00\",\"breadcrumb\":{\"@id\":\"https:\/\/letrame.com\/catalogo\/producto\/yo-tambien-perdi-un-hijo\/#breadcrumb\"},\"inLanguage\":\"es\",\"potentialAction\":[{\"@type\":\"ReadAction\",\"target\":[\"https:\/\/letrame.com\/catalogo\/producto\/yo-tambien-perdi-un-hijo\/\"]}]},{\"@type\":\"ImageObject\",\"inLanguage\":\"es\",\"@id\":\"https:\/\/letrame.com\/catalogo\/producto\/yo-tambien-perdi-un-hijo\/#primaryimage\",\"url\":\"https:\/\/letrame.com\/catalogo\/wp-content\/uploads\/2024\/08\/2a-edi-yo-tambien.jpg\",\"contentUrl\":\"https:\/\/letrame.com\/catalogo\/wp-content\/uploads\/2024\/08\/2a-edi-yo-tambien.jpg\",\"width\":378,\"height\":543},{\"@type\":\"BreadcrumbList\",\"@id\":\"https:\/\/letrame.com\/catalogo\/producto\/yo-tambien-perdi-un-hijo\/#breadcrumb\",\"itemListElement\":[{\"@type\":\"ListItem\",\"position\":1,\"name\":\"Portada\",\"item\":\"https:\/\/letrame.com\/catalogo\/\"},{\"@type\":\"ListItem\",\"position\":2,\"name\":\"Cat\u00e1logo\",\"item\":\"https:\/\/letrame.com\/catalogo\/\"},{\"@type\":\"ListItem\",\"position\":3,\"name\":\"Yo tambi\u00e9n perd\u00ed un hijo\"}]},{\"@type\":\"WebSite\",\"@id\":\"https:\/\/letrame.com\/catalogo\/#website\",\"url\":\"https:\/\/letrame.com\/catalogo\/\",\"name\":\"Catalogo | Letrame Grupo Editorial\",\"description\":\"\",\"publisher\":{\"@id\":\"https:\/\/letrame.com\/catalogo\/#organization\"},\"potentialAction\":[{\"@type\":\"SearchAction\",\"target\":{\"@type\":\"EntryPoint\",\"urlTemplate\":\"https:\/\/letrame.com\/catalogo\/?s={search_term_string}\"},\"query-input\":{\"@type\":\"PropertyValueSpecification\",\"valueRequired\":true,\"valueName\":\"search_term_string\"}}],\"inLanguage\":\"es\"},{\"@type\":\"Organization\",\"@id\":\"https:\/\/letrame.com\/catalogo\/#organization\",\"name\":\"Catalogo | Letrame Grupo Editorial\",\"url\":\"https:\/\/letrame.com\/catalogo\/\",\"logo\":{\"@type\":\"ImageObject\",\"inLanguage\":\"es\",\"@id\":\"https:\/\/letrame.com\/catalogo\/#\/schema\/logo\/image\/\",\"url\":\"https:\/\/letrame.com\/catalogo\/wp-content\/uploads\/2024\/03\/logo2.webp\",\"contentUrl\":\"https:\/\/letrame.com\/catalogo\/wp-content\/uploads\/2024\/03\/logo2.webp\",\"width\":394,\"height\":128,\"caption\":\"Catalogo | Letrame Grupo Editorial\"},\"image\":{\"@id\":\"https:\/\/letrame.com\/catalogo\/#\/schema\/logo\/image\/\"}}]}<\/script>\n<!-- \/ Yoast SEO plugin. -->","yoast_head_json":{"title":"Yo tambi\u00e9n perd\u00ed un hijo - Catalogo | Letrame Grupo Editorial","robots":{"index":"index","follow":"follow","max-snippet":"max-snippet:-1","max-image-preview":"max-image-preview:large","max-video-preview":"max-video-preview:-1"},"canonical":"https:\/\/letrame.com\/catalogo\/producto\/yo-tambien-perdi-un-hijo\/","og_locale":"es_ES","og_type":"article","og_title":"Yo tambi\u00e9n perd\u00ed un hijo - Catalogo | Letrame Grupo Editorial","og_description":"ISBN: 978-84-1089-293-4 SINOPSIS En este libro se toca el hermoso tema de la comunicaci\u00f3n a trav\u00e9s de se\u00f1ales y manifestaciones de nuestra hija Karol Andrea, quien falleci\u00f3 a la edad de 14 a\u00f1os por fibrosis qu\u00edstica, una enfermedad cong\u00e9nita progresiva y mortal que hasta la fecha no tiene cura.  Todo comenz\u00f3 el primer d\u00eda de su fallecimiento y poco a poco nos dimos a la tarea de ir recopilando cada una de sus se\u00f1ales y manifestaciones, y as\u00ed poder aminorar nuestro dolor, ya que todo esto nos permiti\u00f3 aceptar la partida de nuestra amada hija.  Al paso del tiempo y por la gran cantidad de manifestaciones, cre\u00edmos necesario compartir nuestras experiencias con aquellos padres que desgraciadamente viven el mismo dolor, as\u00ed como con aquellos que ha sufrido una p\u00e9rdida.  Hacemos constar que todo lo plasmado en el libro es real, sin exageraciones ni fantas\u00edas, igualmente, como a nosotros sus padres, Andrea se ha manifestado de una u otra forma a amistades, trabajadores, familiares e incluso a personas que no la conocieron en vida. Es por ello que nos atrevemos a compartir estas hermosas experiencias, para que, en la medida de lo posible, los lectores tengan la oportunidad de abrirse a esta hermosa realidad con aquella alma que se encuentre en espera de ser identificada, y as\u00ed darles esa alegr\u00eda a ellas tambi\u00e9n.  Dentro de la recopilaci\u00f3n de estas se\u00f1ales mi esposa, Isabel (la Gu\u0308era), intercal\u00f3 an\u00e9cdotas que vivimos y nos regal\u00f3 nuestra hermosa hija.  Esperamos que los lectores encuentren tranquilidad, paz e incluso la alegr\u00eda de saber que \u00abellos\u00bb, nuestros seres queridos, se encuentran bien y cerca de nosotros.","og_url":"https:\/\/letrame.com\/catalogo\/producto\/yo-tambien-perdi-un-hijo\/","og_site_name":"Catalogo | Letrame Grupo Editorial","article_modified_time":"2025-04-03T07:17:47+00:00","og_image":[{"width":378,"height":543,"url":"https:\/\/letrame.com\/catalogo\/wp-content\/uploads\/2024\/08\/2a-edi-yo-tambien.jpg","type":"image\/jpeg"}],"twitter_card":"summary_large_image","twitter_misc":{"Tiempo de lectura":"2 minutos"},"schema":{"@context":"https:\/\/schema.org","@graph":[{"@type":"WebPage","@id":"https:\/\/letrame.com\/catalogo\/producto\/yo-tambien-perdi-un-hijo\/","url":"https:\/\/letrame.com\/catalogo\/producto\/yo-tambien-perdi-un-hijo\/","name":"Yo tambi\u00e9n perd\u00ed un hijo - Catalogo | Letrame Grupo Editorial","isPartOf":{"@id":"https:\/\/letrame.com\/catalogo\/#website"},"primaryImageOfPage":{"@id":"https:\/\/letrame.com\/catalogo\/producto\/yo-tambien-perdi-un-hijo\/#primaryimage"},"image":{"@id":"https:\/\/letrame.com\/catalogo\/producto\/yo-tambien-perdi-un-hijo\/#primaryimage"},"thumbnailUrl":"https:\/\/letrame.com\/catalogo\/wp-content\/uploads\/2024\/08\/2a-edi-yo-tambien.jpg","datePublished":"2024-08-20T07:48:34+00:00","dateModified":"2025-04-03T07:17:47+00:00","breadcrumb":{"@id":"https:\/\/letrame.com\/catalogo\/producto\/yo-tambien-perdi-un-hijo\/#breadcrumb"},"inLanguage":"es","potentialAction":[{"@type":"ReadAction","target":["https:\/\/letrame.com\/catalogo\/producto\/yo-tambien-perdi-un-hijo\/"]}]},{"@type":"ImageObject","inLanguage":"es","@id":"https:\/\/letrame.com\/catalogo\/producto\/yo-tambien-perdi-un-hijo\/#primaryimage","url":"https:\/\/letrame.com\/catalogo\/wp-content\/uploads\/2024\/08\/2a-edi-yo-tambien.jpg","contentUrl":"https:\/\/letrame.com\/catalogo\/wp-content\/uploads\/2024\/08\/2a-edi-yo-tambien.jpg","width":378,"height":543},{"@type":"BreadcrumbList","@id":"https:\/\/letrame.com\/catalogo\/producto\/yo-tambien-perdi-un-hijo\/#breadcrumb","itemListElement":[{"@type":"ListItem","position":1,"name":"Portada","item":"https:\/\/letrame.com\/catalogo\/"},{"@type":"ListItem","position":2,"name":"Cat\u00e1logo","item":"https:\/\/letrame.com\/catalogo\/"},{"@type":"ListItem","position":3,"name":"Yo tambi\u00e9n perd\u00ed un hijo"}]},{"@type":"WebSite","@id":"https:\/\/letrame.com\/catalogo\/#website","url":"https:\/\/letrame.com\/catalogo\/","name":"Catalogo | Letrame Grupo Editorial","description":"","publisher":{"@id":"https:\/\/letrame.com\/catalogo\/#organization"},"potentialAction":[{"@type":"SearchAction","target":{"@type":"EntryPoint","urlTemplate":"https:\/\/letrame.com\/catalogo\/?s={search_term_string}"},"query-input":{"@type":"PropertyValueSpecification","valueRequired":true,"valueName":"search_term_string"}}],"inLanguage":"es"},{"@type":"Organization","@id":"https:\/\/letrame.com\/catalogo\/#organization","name":"Catalogo | Letrame Grupo Editorial","url":"https:\/\/letrame.com\/catalogo\/","logo":{"@type":"ImageObject","inLanguage":"es","@id":"https:\/\/letrame.com\/catalogo\/#\/schema\/logo\/image\/","url":"https:\/\/letrame.com\/catalogo\/wp-content\/uploads\/2024\/03\/logo2.webp","contentUrl":"https:\/\/letrame.com\/catalogo\/wp-content\/uploads\/2024\/03\/logo2.webp","width":394,"height":128,"caption":"Catalogo | Letrame Grupo Editorial"},"image":{"@id":"https:\/\/letrame.com\/catalogo\/#\/schema\/logo\/image\/"}}]}},"_links":{"self":[{"href":"https:\/\/letrame.com\/catalogo\/wp-json\/wp\/v2\/product\/105800","targetHints":{"allow":["GET"]}}],"collection":[{"href":"https:\/\/letrame.com\/catalogo\/wp-json\/wp\/v2\/product"}],"about":[{"href":"https:\/\/letrame.com\/catalogo\/wp-json\/wp\/v2\/types\/product"}],"replies":[{"embeddable":true,"href":"https:\/\/letrame.com\/catalogo\/wp-json\/wp\/v2\/comments?post=105800"}],"acf:post":[{"embeddable":true,"href":"https:\/\/letrame.com\/catalogo\/wp-json\/wp\/v2\/author_book\/105803"},{"embeddable":true,"href":"https:\/\/letrame.com\/catalogo\/wp-json\/wp\/v2\/author_book\/105801"}],"wp:featuredmedia":[{"embeddable":true,"href":"https:\/\/letrame.com\/catalogo\/wp-json\/wp\/v2\/media\/108421"}],"wp:attachment":[{"href":"https:\/\/letrame.com\/catalogo\/wp-json\/wp\/v2\/media?parent=105800"}],"wp:term":[{"taxonomy":"libro","embeddable":true,"href":"https:\/\/letrame.com\/catalogo\/wp-json\/wp\/v2\/libro?post=105800"},{"taxonomy":"product_brand","embeddable":true,"href":"https:\/\/letrame.com\/catalogo\/wp-json\/wp\/v2\/product_brand?post=105800"},{"taxonomy":"product_cat","embeddable":true,"href":"https:\/\/letrame.com\/catalogo\/wp-json\/wp\/v2\/product_cat?post=105800"},{"taxonomy":"product_tag","embeddable":true,"href":"https:\/\/letrame.com\/catalogo\/wp-json\/wp\/v2\/product_tag?post=105800"}],"curies":[{"name":"wp","href":"https:\/\/api.w.org\/{rel}","templated":true}]}}