{"id":105382,"date":"2024-08-13T09:26:33","date_gmt":"2024-08-13T07:26:33","guid":{"rendered":"https:\/\/letrame.com\/catalogo\/?post_type=product&#038;p=105382"},"modified":"2026-01-09T13:50:01","modified_gmt":"2026-01-09T12:50:01","slug":"todos-mis-yos","status":"publish","type":"product","link":"https:\/\/letrame.com\/catalogo\/producto\/todos-mis-yos\/","title":{"rendered":"TODOS MIS YOS 2\u00ba Ed"},"content":{"rendered":"<p><strong>ISBN: <\/strong>979-13-7029-327-7<\/p>\n<p><strong>Titulo: <\/strong>TODOS MIS YOS (El poder de las decisiones)<\/p>\n<p><strong>Fecha: <\/strong>2024<\/p>\n<p><strong>P\u00e1ginas:\u00a0<\/strong>120<\/p>\n<p><strong>Sinopsis<\/strong><\/p>\n<div class=\"react-pdf__Page css-139\" data-page-number=\"1\">\n<div class=\"react-pdf__Page__textContent textLayer\" data-main-rotation=\"0\"><span id=\"p3R_mc2\" class=\"markedContent\"><span dir=\"ltr\" role=\"presentation\"><span tabindex=\"0\">\u00bfTe has parado a pensar qu\u00e9 hubiese sido de ti, si tal d\u00eda de tu pasado hubieses tomado una<\/span><\/span><br role=\"presentation\" \/><span dir=\"ltr\" role=\"presentation\"><span tabindex=\"0\">decisi\u00f3n determinada?<\/span><\/span><\/span><span id=\"p3R_mc3\" class=\"markedContent\"><\/span><span id=\"p3R_mc4\" class=\"markedContent\"><br role=\"presentation\" \/><span dir=\"ltr\" role=\"presentation\"><span tabindex=\"0\">\u00bfD\u00f3nde, c\u00f3mo o con qui\u00e9n estar\u00edas hoy?<\/span><\/span><\/span><span id=\"p3R_mc5\" class=\"markedContent\"><\/span><span id=\"p3R_mc6\" class=\"markedContent\"><br role=\"presentation\" \/><span dir=\"ltr\" role=\"presentation\"><span tabindex=\"0\">Seguro que en m\u00e1s de una ocasi\u00f3n has fantaseado c\u00f3mo ser\u00eda tu vida actual, si en el pasado<\/span><\/span><br role=\"presentation\" \/><span dir=\"ltr\" role=\"presentation\"><span tabindex=\"0\">hubieras optado por un camino distinto del que elegiste.<\/span><\/span><\/span><span id=\"p3R_mc7\" class=\"markedContent\"><\/span><span id=\"p3R_mc8\" class=\"markedContent\"><br role=\"presentation\" \/><span dir=\"ltr\" role=\"presentation\"><span tabindex=\"0\">\u00bfY si pudieras saberlo?<\/span><\/span><\/span><span id=\"p3R_mc9\" class=\"markedContent\"><\/span><span id=\"p3R_mc10\" class=\"markedContent\"><br role=\"presentation\" \/><span dir=\"ltr\" role=\"presentation\"><span tabindex=\"0\">\u00bfCambiar\u00eda algo?<\/span><\/span><\/span><span id=\"p3R_mc11\" class=\"markedContent\"><\/span><span id=\"p3R_mc12\" class=\"markedContent\"><br role=\"presentation\" \/><span dir=\"ltr\" role=\"presentation\"><span tabindex=\"0\">\u00bfEl destino est\u00e1 escrito o somos marionetas de nuestras decisiones?<\/span><\/span><\/span><span id=\"p3R_mc13\" class=\"markedContent\"><\/span><span id=\"p3R_mc14\" class=\"markedContent\"><br role=\"presentation\" \/><span dir=\"ltr\" role=\"presentation\"><span tabindex=\"0\">Te invito a que descubras la historia de Nico y de c\u00f3mo la influencia de sus decisiones y las<\/span><\/span><br role=\"presentation\" \/><span dir=\"ltr\" role=\"presentation\"><span tabindex=\"0\">tuyas cambiar\u00e1n<\/span><\/span> <span dir=\"ltr\" role=\"presentation\"><span tabindex=\"0\">\u2014<\/span><\/span><span dir=\"ltr\" role=\"presentation\"><span tabindex=\"0\">o no<\/span><\/span><span dir=\"ltr\" role=\"presentation\"><span tabindex=\"0\">\u2014<\/span><\/span> <span dir=\"ltr\" role=\"presentation\"><span tabindex=\"0\">su forma de ver la vida para siempre.<\/span><\/span><\/span><span id=\"p3R_mc15\" class=\"markedContent\"><\/span><span id=\"p3R_mc16\" class=\"markedContent\"><br role=\"presentation\" \/><span dir=\"ltr\" role=\"presentation\"><span tabindex=\"0\">Un libro indispensable para todo aquel que se cuestiona su pasado, su presente y su futuro<\/span><\/span><\/span><span id=\"p3R_mc28\" class=\"markedContent\"><br role=\"presentation\" \/><\/span><\/div>\n<\/div>\n","protected":false},"excerpt":{"rendered":"<p><strong>ISBN: <\/strong>979-13-7029-327-7<\/p>\n<p><strong>Sinopsis<\/strong><\/p>\n<div class=\"react-pdf__Page css-139\" data-page-number=\"1\">\n<div class=\"react-pdf__Page__textContent textLayer\" data-main-rotation=\"0\"><span id=\"p3R_mc2\" class=\"markedContent\"><span dir=\"ltr\" role=\"presentation\"><span tabindex=\"0\">\u00bfTe has parado a pensar qu\u00e9 hubiese sido de ti, si tal d\u00eda de tu pasado hubieses tomado una<\/span><\/span><br role=\"presentation\" \/><span dir=\"ltr\" role=\"presentation\"><span tabindex=\"0\">decisi\u00f3n determinada?<\/span><\/span><\/span><span id=\"p3R_mc3\" class=\"markedContent\"><\/span><span id=\"p3R_mc4\" class=\"markedContent\"><br role=\"presentation\" \/><span dir=\"ltr\" role=\"presentation\"><span tabindex=\"0\">\u00bfD\u00f3nde, c\u00f3mo o con qui\u00e9n estar\u00edas hoy?<\/span><\/span><\/span><span id=\"p3R_mc5\" class=\"markedContent\"><\/span><span id=\"p3R_mc6\" class=\"markedContent\"><br role=\"presentation\" \/><span dir=\"ltr\" role=\"presentation\"><span tabindex=\"0\">Seguro que en m\u00e1s de una ocasi\u00f3n has fantaseado c\u00f3mo ser\u00eda tu vida actual, si en el pasado<\/span><\/span><br role=\"presentation\" \/><span dir=\"ltr\" role=\"presentation\"><span tabindex=\"0\">hubieras optado por un camino distinto del que elegiste.<\/span><\/span><\/span><span id=\"p3R_mc7\" class=\"markedContent\"><\/span><span id=\"p3R_mc8\" class=\"markedContent\"><br role=\"presentation\" \/><span dir=\"ltr\" role=\"presentation\"><span tabindex=\"0\">\u00bfY si pudieras saberlo?<\/span><\/span><\/span><span id=\"p3R_mc9\" class=\"markedContent\"><\/span><span id=\"p3R_mc10\" class=\"markedContent\"><br role=\"presentation\" \/><span dir=\"ltr\" role=\"presentation\"><span tabindex=\"0\">\u00bfCambiar\u00eda algo?<\/span><\/span><\/span><span id=\"p3R_mc11\" class=\"markedContent\"><\/span><span id=\"p3R_mc12\" class=\"markedContent\"><br role=\"presentation\" \/><span dir=\"ltr\" role=\"presentation\"><span tabindex=\"0\">\u00bfEl destino est\u00e1 escrito o somos marionetas de nuestras decisiones?<\/span><\/span><\/span><span id=\"p3R_mc13\" class=\"markedContent\"><\/span><span id=\"p3R_mc14\" class=\"markedContent\"><br role=\"presentation\" \/><span dir=\"ltr\" role=\"presentation\"><span tabindex=\"0\">Te invito a que descubras la historia de Nico y de c\u00f3mo la influencia de sus decisiones y las<\/span><\/span><br role=\"presentation\" \/><span dir=\"ltr\" role=\"presentation\"><span tabindex=\"0\">tuyas cambiar\u00e1n<\/span><\/span> <span dir=\"ltr\" role=\"presentation\"><span tabindex=\"0\">\u2014<\/span><\/span><span dir=\"ltr\" role=\"presentation\"><span tabindex=\"0\">o no<\/span><\/span><span dir=\"ltr\" role=\"presentation\"><span tabindex=\"0\">\u2014<\/span><\/span> <span dir=\"ltr\" role=\"presentation\"><span tabindex=\"0\">su forma de ver la vida para siempre.<\/span><\/span><\/span><span id=\"p3R_mc15\" class=\"markedContent\"><\/span><span id=\"p3R_mc16\" class=\"markedContent\"><br role=\"presentation\" \/><span dir=\"ltr\" role=\"presentation\"><span tabindex=\"0\">Un libro indispensable para todo aquel que se cuestiona su pasado, su presente y su futuro<\/span><\/span><\/span><\/div>\n<\/div>\n","protected":false},"featured_media":110755,"comment_status":"open","ping_status":"closed","template":"","meta":{"_acf_changed":false},"libro":[],"product_brand":[],"product_cat":[16],"product_tag":[],"class_list":{"0":"post-105382","1":"product","2":"type-product","3":"status-publish","4":"has-post-thumbnail","6":"product_cat-novela","8":"first","9":"instock","10":"shipping-taxable","11":"product-type-simple"},"acf":{"autor":[105383],"enlace_de_compra":"http:\/\/www.todosmisyos.com\/"},"yoast_head":"<!-- This site is optimized with the Yoast SEO plugin v26.6 - https:\/\/yoast.com\/wordpress\/plugins\/seo\/ -->\n<title>TODOS MIS YOS 2\u00ba Ed - Catalogo | Letrame Grupo Editorial<\/title>\n<meta name=\"robots\" content=\"index, follow, max-snippet:-1, max-image-preview:large, max-video-preview:-1\" \/>\n<link rel=\"canonical\" href=\"https:\/\/letrame.com\/catalogo\/producto\/todos-mis-yos\/\" \/>\n<meta property=\"og:locale\" content=\"es_ES\" \/>\n<meta property=\"og:type\" content=\"article\" \/>\n<meta property=\"og:title\" content=\"TODOS MIS YOS 2\u00ba Ed - Catalogo | Letrame Grupo Editorial\" \/>\n<meta property=\"og:description\" content=\"ISBN: 979-13-7029-327-7  Sinopsis  \u00bfTe has parado a pensar qu\u00e9 hubiese sido de ti, si tal d\u00eda de tu pasado hubieses tomado unadecisi\u00f3n determinada?\u00bfD\u00f3nde, c\u00f3mo o con qui\u00e9n estar\u00edas hoy?Seguro que en m\u00e1s de una ocasi\u00f3n has fantaseado c\u00f3mo ser\u00eda tu vida actual, si en el pasadohubieras optado por un camino distinto del que elegiste.\u00bfY si pudieras saberlo?\u00bfCambiar\u00eda algo?\u00bfEl destino est\u00e1 escrito o somos marionetas de nuestras decisiones?Te invito a que descubras la historia de Nico y de c\u00f3mo la influencia de sus decisiones y lastuyas cambiar\u00e1n \u2014o no\u2014 su forma de ver la vida para siempre.Un libro indispensable para todo aquel que se cuestiona su pasado, su presente y su futuro\" \/>\n<meta property=\"og:url\" content=\"https:\/\/letrame.com\/catalogo\/producto\/todos-mis-yos\/\" \/>\n<meta property=\"og:site_name\" content=\"Catalogo | Letrame Grupo Editorial\" \/>\n<meta property=\"article:modified_time\" content=\"2026-01-09T12:50:01+00:00\" \/>\n<meta property=\"og:image\" content=\"https:\/\/letrame.com\/catalogo\/wp-content\/uploads\/2024\/08\/2otodosmisyos_661mm4-scaled.jpg\" \/>\n\t<meta property=\"og:image:width\" content=\"1828\" \/>\n\t<meta property=\"og:image:height\" content=\"2560\" \/>\n\t<meta property=\"og:image:type\" content=\"image\/jpeg\" \/>\n<meta name=\"twitter:card\" content=\"summary_large_image\" \/>\n<meta name=\"twitter:label1\" content=\"Tiempo de lectura\" \/>\n\t<meta name=\"twitter:data1\" content=\"1 minuto\" \/>\n<script type=\"application\/ld+json\" class=\"yoast-schema-graph\">{\"@context\":\"https:\/\/schema.org\",\"@graph\":[{\"@type\":\"WebPage\",\"@id\":\"https:\/\/letrame.com\/catalogo\/producto\/todos-mis-yos\/\",\"url\":\"https:\/\/letrame.com\/catalogo\/producto\/todos-mis-yos\/\",\"name\":\"TODOS MIS YOS 2\u00ba Ed - Catalogo | Letrame Grupo Editorial\",\"isPartOf\":{\"@id\":\"https:\/\/letrame.com\/catalogo\/#website\"},\"primaryImageOfPage\":{\"@id\":\"https:\/\/letrame.com\/catalogo\/producto\/todos-mis-yos\/#primaryimage\"},\"image\":{\"@id\":\"https:\/\/letrame.com\/catalogo\/producto\/todos-mis-yos\/#primaryimage\"},\"thumbnailUrl\":\"https:\/\/letrame.com\/catalogo\/wp-content\/uploads\/2024\/08\/2otodosmisyos_661mm4-scaled.jpg\",\"datePublished\":\"2024-08-13T07:26:33+00:00\",\"dateModified\":\"2026-01-09T12:50:01+00:00\",\"breadcrumb\":{\"@id\":\"https:\/\/letrame.com\/catalogo\/producto\/todos-mis-yos\/#breadcrumb\"},\"inLanguage\":\"es\",\"potentialAction\":[{\"@type\":\"ReadAction\",\"target\":[\"https:\/\/letrame.com\/catalogo\/producto\/todos-mis-yos\/\"]}]},{\"@type\":\"ImageObject\",\"inLanguage\":\"es\",\"@id\":\"https:\/\/letrame.com\/catalogo\/producto\/todos-mis-yos\/#primaryimage\",\"url\":\"https:\/\/letrame.com\/catalogo\/wp-content\/uploads\/2024\/08\/2otodosmisyos_661mm4-scaled.jpg\",\"contentUrl\":\"https:\/\/letrame.com\/catalogo\/wp-content\/uploads\/2024\/08\/2otodosmisyos_661mm4-scaled.jpg\",\"width\":1828,\"height\":2560},{\"@type\":\"BreadcrumbList\",\"@id\":\"https:\/\/letrame.com\/catalogo\/producto\/todos-mis-yos\/#breadcrumb\",\"itemListElement\":[{\"@type\":\"ListItem\",\"position\":1,\"name\":\"Portada\",\"item\":\"https:\/\/letrame.com\/catalogo\/\"},{\"@type\":\"ListItem\",\"position\":2,\"name\":\"Cat\u00e1logo\",\"item\":\"https:\/\/letrame.com\/catalogo\/\"},{\"@type\":\"ListItem\",\"position\":3,\"name\":\"TODOS MIS YOS 2\u00ba Ed\"}]},{\"@type\":\"WebSite\",\"@id\":\"https:\/\/letrame.com\/catalogo\/#website\",\"url\":\"https:\/\/letrame.com\/catalogo\/\",\"name\":\"Catalogo | Letrame Grupo Editorial\",\"description\":\"\",\"publisher\":{\"@id\":\"https:\/\/letrame.com\/catalogo\/#organization\"},\"potentialAction\":[{\"@type\":\"SearchAction\",\"target\":{\"@type\":\"EntryPoint\",\"urlTemplate\":\"https:\/\/letrame.com\/catalogo\/?s={search_term_string}\"},\"query-input\":{\"@type\":\"PropertyValueSpecification\",\"valueRequired\":true,\"valueName\":\"search_term_string\"}}],\"inLanguage\":\"es\"},{\"@type\":\"Organization\",\"@id\":\"https:\/\/letrame.com\/catalogo\/#organization\",\"name\":\"Catalogo | Letrame Grupo Editorial\",\"url\":\"https:\/\/letrame.com\/catalogo\/\",\"logo\":{\"@type\":\"ImageObject\",\"inLanguage\":\"es\",\"@id\":\"https:\/\/letrame.com\/catalogo\/#\/schema\/logo\/image\/\",\"url\":\"https:\/\/letrame.com\/catalogo\/wp-content\/uploads\/2024\/03\/logo2.webp\",\"contentUrl\":\"https:\/\/letrame.com\/catalogo\/wp-content\/uploads\/2024\/03\/logo2.webp\",\"width\":394,\"height\":128,\"caption\":\"Catalogo | Letrame Grupo Editorial\"},\"image\":{\"@id\":\"https:\/\/letrame.com\/catalogo\/#\/schema\/logo\/image\/\"}}]}<\/script>\n<!-- \/ Yoast SEO plugin. -->","yoast_head_json":{"title":"TODOS MIS YOS 2\u00ba Ed - Catalogo | Letrame Grupo Editorial","robots":{"index":"index","follow":"follow","max-snippet":"max-snippet:-1","max-image-preview":"max-image-preview:large","max-video-preview":"max-video-preview:-1"},"canonical":"https:\/\/letrame.com\/catalogo\/producto\/todos-mis-yos\/","og_locale":"es_ES","og_type":"article","og_title":"TODOS MIS YOS 2\u00ba Ed - Catalogo | Letrame Grupo Editorial","og_description":"ISBN: 979-13-7029-327-7  Sinopsis  \u00bfTe has parado a pensar qu\u00e9 hubiese sido de ti, si tal d\u00eda de tu pasado hubieses tomado unadecisi\u00f3n determinada?\u00bfD\u00f3nde, c\u00f3mo o con qui\u00e9n estar\u00edas hoy?Seguro que en m\u00e1s de una ocasi\u00f3n has fantaseado c\u00f3mo ser\u00eda tu vida actual, si en el pasadohubieras optado por un camino distinto del que elegiste.\u00bfY si pudieras saberlo?\u00bfCambiar\u00eda algo?\u00bfEl destino est\u00e1 escrito o somos marionetas de nuestras decisiones?Te invito a que descubras la historia de Nico y de c\u00f3mo la influencia de sus decisiones y lastuyas cambiar\u00e1n \u2014o no\u2014 su forma de ver la vida para siempre.Un libro indispensable para todo aquel que se cuestiona su pasado, su presente y su futuro","og_url":"https:\/\/letrame.com\/catalogo\/producto\/todos-mis-yos\/","og_site_name":"Catalogo | Letrame Grupo Editorial","article_modified_time":"2026-01-09T12:50:01+00:00","og_image":[{"width":1828,"height":2560,"url":"https:\/\/letrame.com\/catalogo\/wp-content\/uploads\/2024\/08\/2otodosmisyos_661mm4-scaled.jpg","type":"image\/jpeg"}],"twitter_card":"summary_large_image","twitter_misc":{"Tiempo de lectura":"1 minuto"},"schema":{"@context":"https:\/\/schema.org","@graph":[{"@type":"WebPage","@id":"https:\/\/letrame.com\/catalogo\/producto\/todos-mis-yos\/","url":"https:\/\/letrame.com\/catalogo\/producto\/todos-mis-yos\/","name":"TODOS MIS YOS 2\u00ba Ed - Catalogo | Letrame Grupo Editorial","isPartOf":{"@id":"https:\/\/letrame.com\/catalogo\/#website"},"primaryImageOfPage":{"@id":"https:\/\/letrame.com\/catalogo\/producto\/todos-mis-yos\/#primaryimage"},"image":{"@id":"https:\/\/letrame.com\/catalogo\/producto\/todos-mis-yos\/#primaryimage"},"thumbnailUrl":"https:\/\/letrame.com\/catalogo\/wp-content\/uploads\/2024\/08\/2otodosmisyos_661mm4-scaled.jpg","datePublished":"2024-08-13T07:26:33+00:00","dateModified":"2026-01-09T12:50:01+00:00","breadcrumb":{"@id":"https:\/\/letrame.com\/catalogo\/producto\/todos-mis-yos\/#breadcrumb"},"inLanguage":"es","potentialAction":[{"@type":"ReadAction","target":["https:\/\/letrame.com\/catalogo\/producto\/todos-mis-yos\/"]}]},{"@type":"ImageObject","inLanguage":"es","@id":"https:\/\/letrame.com\/catalogo\/producto\/todos-mis-yos\/#primaryimage","url":"https:\/\/letrame.com\/catalogo\/wp-content\/uploads\/2024\/08\/2otodosmisyos_661mm4-scaled.jpg","contentUrl":"https:\/\/letrame.com\/catalogo\/wp-content\/uploads\/2024\/08\/2otodosmisyos_661mm4-scaled.jpg","width":1828,"height":2560},{"@type":"BreadcrumbList","@id":"https:\/\/letrame.com\/catalogo\/producto\/todos-mis-yos\/#breadcrumb","itemListElement":[{"@type":"ListItem","position":1,"name":"Portada","item":"https:\/\/letrame.com\/catalogo\/"},{"@type":"ListItem","position":2,"name":"Cat\u00e1logo","item":"https:\/\/letrame.com\/catalogo\/"},{"@type":"ListItem","position":3,"name":"TODOS MIS YOS 2\u00ba Ed"}]},{"@type":"WebSite","@id":"https:\/\/letrame.com\/catalogo\/#website","url":"https:\/\/letrame.com\/catalogo\/","name":"Catalogo | Letrame Grupo Editorial","description":"","publisher":{"@id":"https:\/\/letrame.com\/catalogo\/#organization"},"potentialAction":[{"@type":"SearchAction","target":{"@type":"EntryPoint","urlTemplate":"https:\/\/letrame.com\/catalogo\/?s={search_term_string}"},"query-input":{"@type":"PropertyValueSpecification","valueRequired":true,"valueName":"search_term_string"}}],"inLanguage":"es"},{"@type":"Organization","@id":"https:\/\/letrame.com\/catalogo\/#organization","name":"Catalogo | Letrame Grupo Editorial","url":"https:\/\/letrame.com\/catalogo\/","logo":{"@type":"ImageObject","inLanguage":"es","@id":"https:\/\/letrame.com\/catalogo\/#\/schema\/logo\/image\/","url":"https:\/\/letrame.com\/catalogo\/wp-content\/uploads\/2024\/03\/logo2.webp","contentUrl":"https:\/\/letrame.com\/catalogo\/wp-content\/uploads\/2024\/03\/logo2.webp","width":394,"height":128,"caption":"Catalogo | Letrame Grupo Editorial"},"image":{"@id":"https:\/\/letrame.com\/catalogo\/#\/schema\/logo\/image\/"}}]}},"_links":{"self":[{"href":"https:\/\/letrame.com\/catalogo\/wp-json\/wp\/v2\/product\/105382","targetHints":{"allow":["GET"]}}],"collection":[{"href":"https:\/\/letrame.com\/catalogo\/wp-json\/wp\/v2\/product"}],"about":[{"href":"https:\/\/letrame.com\/catalogo\/wp-json\/wp\/v2\/types\/product"}],"replies":[{"embeddable":true,"href":"https:\/\/letrame.com\/catalogo\/wp-json\/wp\/v2\/comments?post=105382"}],"acf:post":[{"embeddable":true,"href":"https:\/\/letrame.com\/catalogo\/wp-json\/wp\/v2\/author_book\/105383"}],"wp:featuredmedia":[{"embeddable":true,"href":"https:\/\/letrame.com\/catalogo\/wp-json\/wp\/v2\/media\/110755"}],"wp:attachment":[{"href":"https:\/\/letrame.com\/catalogo\/wp-json\/wp\/v2\/media?parent=105382"}],"wp:term":[{"taxonomy":"libro","embeddable":true,"href":"https:\/\/letrame.com\/catalogo\/wp-json\/wp\/v2\/libro?post=105382"},{"taxonomy":"product_brand","embeddable":true,"href":"https:\/\/letrame.com\/catalogo\/wp-json\/wp\/v2\/product_brand?post=105382"},{"taxonomy":"product_cat","embeddable":true,"href":"https:\/\/letrame.com\/catalogo\/wp-json\/wp\/v2\/product_cat?post=105382"},{"taxonomy":"product_tag","embeddable":true,"href":"https:\/\/letrame.com\/catalogo\/wp-json\/wp\/v2\/product_tag?post=105382"}],"curies":[{"name":"wp","href":"https:\/\/api.w.org\/{rel}","templated":true}]}}