{"id":105372,"date":"2024-08-13T09:01:34","date_gmt":"2024-08-13T07:01:34","guid":{"rendered":"https:\/\/letrame.com\/catalogo\/?post_type=product&#038;p=105372"},"modified":"2024-08-13T09:13:52","modified_gmt":"2024-08-13T07:13:52","slug":"vuelo-sin-retorno","status":"publish","type":"product","link":"https:\/\/letrame.com\/catalogo\/producto\/vuelo-sin-retorno\/","title":{"rendered":"Vuelo sin retorno"},"content":{"rendered":"<p><strong>ISBN:\u00a0<\/strong>978-84-1068-501-7<\/p>\n<p><strong>Titulo:\u00a0<\/strong>Vuelo sin retorno<\/p>\n<p><strong>Fecha:\u00a0<\/strong>2024<\/p>\n<p><strong>P\u00e1ginas:\u00a0<\/strong>124<\/p>\n<p><strong>Sinopsis<\/strong><\/p>\n<p><span id=\"p3R_mc10\" class=\"markedContent\"><span dir=\"ltr\" role=\"presentation\"><span tabindex=\"0\">Los dos protagonistas de esta historia, madre e<\/span><\/span> <span dir=\"ltr\" role=\"presentation\"><span tabindex=\"0\">hijo<\/span><\/span> <span dir=\"ltr\" role=\"presentation\"><span tabindex=\"0\">se mueven entre la realidad y la <\/span><\/span><span dir=\"ltr\" role=\"presentation\"><span tabindex=\"0\">fantas\u00eda, desvelando por el camino todas las virtudes<\/span><\/span> <span dir=\"ltr\" role=\"presentation\"><span tabindex=\"0\">y defectos<\/span><\/span> <span dir=\"ltr\" role=\"presentation\"><span tabindex=\"0\">del ser humano.<\/span><\/span><\/span><span id=\"p3R_mc11\" class=\"markedContent\"><br role=\"presentation\" \/><span dir=\"ltr\" role=\"presentation\"><span tabindex=\"0\">Al morir el hijo en un accidente<\/span><\/span><span dir=\"ltr\" role=\"presentation\"><span tabindex=\"0\">,<\/span><\/span> <span dir=\"ltr\" role=\"presentation\"><span tabindex=\"0\">el desconsuelo,<\/span><\/span> <span dir=\"ltr\" role=\"presentation\"><span tabindex=\"0\">la desesperaci\u00f3n y la tristeza <\/span><\/span><span dir=\"ltr\" role=\"presentation\"><span tabindex=\"0\">envuelven y<\/span><\/span> <span dir=\"ltr\" role=\"presentation\"><span tabindex=\"0\">hunden a<\/span><\/span> <span dir=\"ltr\" role=\"presentation\"><span tabindex=\"0\">la protagonista<\/span><\/span> <span dir=\"ltr\" role=\"presentation\"><span tabindex=\"0\">en un profundo y oscuro p<\/span><\/span><span dir=\"ltr\" role=\"presentation\"><span tabindex=\"0\">o<\/span><\/span><span dir=\"ltr\" role=\"presentation\"><span tabindex=\"0\">zo sin puertas ni <\/span><\/span><span dir=\"ltr\" role=\"presentation\"><span tabindex=\"0\">ventanas de salida.<\/span><\/span><\/span><span id=\"p3R_mc12\" class=\"markedContent\"><br role=\"presentation\" \/><span dir=\"ltr\" role=\"presentation\"><span tabindex=\"0\">Ni las terapias, medicamentos, ni siquiera el paso del tiempo consiguen rescatar<\/span><\/span><span dir=\"ltr\" role=\"presentation\"><span tabindex=\"0\">la <\/span><\/span><span dir=\"ltr\" role=\"presentation\"><span tabindex=\"0\">de su desesperaci\u00f3n. Pero el azar provoca un desenlace inesperado\u2026.<\/span><\/span><\/span><span id=\"p3R_mc13\" class=\"markedContent\"><\/span><span id=\"p3R_mc14\" class=\"markedContent\"><br role=\"presentation\" \/><span dir=\"ltr\" role=\"presentation\"><span tabindex=\"0\">\u00a8Maktub\u00a8<\/span><\/span><\/span><span id=\"p3R_mc15\" class=\"markedContent\"><br role=\"presentation\" \/><span dir=\"ltr\" role=\"presentation\"><span tabindex=\"0\">Lo que est\u00e1 destinado a suceder siempre encontrar\u00e1 una forma \u00fanica, m\u00e1gica y <\/span><\/span><span dir=\"ltr\" role=\"presentation\"><span tabindex=\"0\">maravillosa para manifestarse<\/span><\/span><\/span><\/p>\n","protected":false},"excerpt":{"rendered":"<p><strong>ISBN:\u00a0<\/strong>978-84-1068-501-7<\/p>\n<p><strong>Sinopsis<\/strong><\/p>\n<p><span id=\"p3R_mc10\" class=\"markedContent\"><span dir=\"ltr\" role=\"presentation\"><span tabindex=\"0\">Los dos protagonistas de esta historia, madre e<\/span><\/span> <span dir=\"ltr\" role=\"presentation\"><span tabindex=\"0\">hijo<\/span><\/span> <span dir=\"ltr\" role=\"presentation\"><span tabindex=\"0\">se mueven entre la realidad y la <\/span><\/span><span dir=\"ltr\" role=\"presentation\"><span tabindex=\"0\">fantas\u00eda, desvelando por el camino todas las virtudes<\/span><\/span> <span dir=\"ltr\" role=\"presentation\"><span tabindex=\"0\">y defectos<\/span><\/span> <span dir=\"ltr\" role=\"presentation\"><span tabindex=\"0\">del ser humano.<\/span><\/span><\/span><span id=\"p3R_mc11\" class=\"markedContent\"><br role=\"presentation\" \/><span dir=\"ltr\" role=\"presentation\"><span tabindex=\"0\">Al morir el hijo en un accidente<\/span><\/span><span dir=\"ltr\" role=\"presentation\"><span tabindex=\"0\">,<\/span><\/span> <span dir=\"ltr\" role=\"presentation\"><span tabindex=\"0\">el desconsuelo,<\/span><\/span> <span dir=\"ltr\" role=\"presentation\"><span tabindex=\"0\">la desesperaci\u00f3n y la tristeza <\/span><\/span><span dir=\"ltr\" role=\"presentation\"><span tabindex=\"0\">envuelven y<\/span><\/span> <span dir=\"ltr\" role=\"presentation\"><span tabindex=\"0\">hunden a<\/span><\/span> <span dir=\"ltr\" role=\"presentation\"><span tabindex=\"0\">la protagonista<\/span><\/span> <span dir=\"ltr\" role=\"presentation\"><span tabindex=\"0\">en un profundo y oscuro p<\/span><\/span><span dir=\"ltr\" role=\"presentation\"><span tabindex=\"0\">o<\/span><\/span><span dir=\"ltr\" role=\"presentation\"><span tabindex=\"0\">zo sin puertas ni <\/span><\/span><span dir=\"ltr\" role=\"presentation\"><span tabindex=\"0\">ventanas de salida.<\/span><\/span><\/span><span id=\"p3R_mc12\" class=\"markedContent\"><br role=\"presentation\" \/><span dir=\"ltr\" role=\"presentation\"><span tabindex=\"0\">Ni las terapias, medicamentos, ni siquiera el paso del tiempo consiguen rescatar<\/span><\/span><span dir=\"ltr\" role=\"presentation\"><span tabindex=\"0\">la <\/span><\/span><span dir=\"ltr\" role=\"presentation\"><span tabindex=\"0\">de su desesperaci\u00f3n. Pero el azar provoca un desenlace inesperado\u2026.<\/span><\/span><\/span><span id=\"p3R_mc13\" class=\"markedContent\"><\/span><span id=\"p3R_mc14\" class=\"markedContent\"><br role=\"presentation\" \/><span dir=\"ltr\" role=\"presentation\"><span tabindex=\"0\">\u00a8Maktub\u00a8<\/span><\/span><\/span><span id=\"p3R_mc15\" class=\"markedContent\"><br role=\"presentation\" \/><span dir=\"ltr\" role=\"presentation\"><span tabindex=\"0\">Lo que est\u00e1 destinado a suceder siempre encontrar\u00e1 una forma \u00fanica, m\u00e1gica y <\/span><\/span><span dir=\"ltr\" role=\"presentation\"><span tabindex=\"0\">maravillosa para manifestarse<\/span><\/span><\/span><\/p>\n","protected":false},"featured_media":105375,"comment_status":"open","ping_status":"closed","template":"","meta":{"_acf_changed":false},"libro":[],"product_brand":[],"product_cat":[102],"product_tag":[],"class_list":{"0":"post-105372","1":"product","2":"type-product","3":"status-publish","4":"has-post-thumbnail","6":"product_cat-biografia","8":"first","9":"instock","10":"shipping-taxable","11":"product-type-simple"},"acf":{"autor":[105373],"enlace_de_compra":"https:\/\/amzn.to\/46HisVd"},"yoast_head":"<!-- This site is optimized with the Yoast SEO plugin v26.6 - https:\/\/yoast.com\/wordpress\/plugins\/seo\/ -->\n<title>Vuelo sin retorno - Catalogo | Letrame Grupo Editorial<\/title>\n<meta name=\"robots\" content=\"index, follow, max-snippet:-1, max-image-preview:large, max-video-preview:-1\" \/>\n<link rel=\"canonical\" href=\"https:\/\/letrame.com\/catalogo\/producto\/vuelo-sin-retorno\/\" \/>\n<meta property=\"og:locale\" content=\"es_ES\" \/>\n<meta property=\"og:type\" content=\"article\" \/>\n<meta property=\"og:title\" content=\"Vuelo sin retorno - Catalogo | Letrame Grupo Editorial\" \/>\n<meta property=\"og:description\" content=\"ISBN:\u00a0978-84-1068-501-7  Sinopsis  Los dos protagonistas de esta historia, madre e hijo se mueven entre la realidad y la fantas\u00eda, desvelando por el camino todas las virtudes y defectos del ser humano.Al morir el hijo en un accidente, el desconsuelo, la desesperaci\u00f3n y la tristeza envuelven y hunden a la protagonista en un profundo y oscuro pozo sin puertas ni ventanas de salida.Ni las terapias, medicamentos, ni siquiera el paso del tiempo consiguen rescatarla de su desesperaci\u00f3n. Pero el azar provoca un desenlace inesperado\u2026.\u00a8Maktub\u00a8Lo que est\u00e1 destinado a suceder siempre encontrar\u00e1 una forma \u00fanica, m\u00e1gica y maravillosa para manifestarse\" \/>\n<meta property=\"og:url\" content=\"https:\/\/letrame.com\/catalogo\/producto\/vuelo-sin-retorno\/\" \/>\n<meta property=\"og:site_name\" content=\"Catalogo | Letrame Grupo Editorial\" \/>\n<meta property=\"article:modified_time\" content=\"2024-08-13T07:13:52+00:00\" \/>\n<meta property=\"og:image\" content=\"https:\/\/letrame.com\/catalogo\/wp-content\/uploads\/2024\/08\/vuelosinretorno_679mm4.jpg\" \/>\n\t<meta property=\"og:image:width\" content=\"1772\" \/>\n\t<meta property=\"og:image:height\" content=\"2480\" \/>\n\t<meta property=\"og:image:type\" content=\"image\/jpeg\" \/>\n<meta name=\"twitter:card\" content=\"summary_large_image\" \/>\n<meta name=\"twitter:label1\" content=\"Tiempo de lectura\" \/>\n\t<meta name=\"twitter:data1\" content=\"1 minuto\" \/>\n<script type=\"application\/ld+json\" class=\"yoast-schema-graph\">{\"@context\":\"https:\/\/schema.org\",\"@graph\":[{\"@type\":\"WebPage\",\"@id\":\"https:\/\/letrame.com\/catalogo\/producto\/vuelo-sin-retorno\/\",\"url\":\"https:\/\/letrame.com\/catalogo\/producto\/vuelo-sin-retorno\/\",\"name\":\"Vuelo sin retorno - Catalogo | Letrame Grupo Editorial\",\"isPartOf\":{\"@id\":\"https:\/\/letrame.com\/catalogo\/#website\"},\"primaryImageOfPage\":{\"@id\":\"https:\/\/letrame.com\/catalogo\/producto\/vuelo-sin-retorno\/#primaryimage\"},\"image\":{\"@id\":\"https:\/\/letrame.com\/catalogo\/producto\/vuelo-sin-retorno\/#primaryimage\"},\"thumbnailUrl\":\"https:\/\/letrame.com\/catalogo\/wp-content\/uploads\/2024\/08\/vuelosinretorno_679mm4.jpg\",\"datePublished\":\"2024-08-13T07:01:34+00:00\",\"dateModified\":\"2024-08-13T07:13:52+00:00\",\"breadcrumb\":{\"@id\":\"https:\/\/letrame.com\/catalogo\/producto\/vuelo-sin-retorno\/#breadcrumb\"},\"inLanguage\":\"es\",\"potentialAction\":[{\"@type\":\"ReadAction\",\"target\":[\"https:\/\/letrame.com\/catalogo\/producto\/vuelo-sin-retorno\/\"]}]},{\"@type\":\"ImageObject\",\"inLanguage\":\"es\",\"@id\":\"https:\/\/letrame.com\/catalogo\/producto\/vuelo-sin-retorno\/#primaryimage\",\"url\":\"https:\/\/letrame.com\/catalogo\/wp-content\/uploads\/2024\/08\/vuelosinretorno_679mm4.jpg\",\"contentUrl\":\"https:\/\/letrame.com\/catalogo\/wp-content\/uploads\/2024\/08\/vuelosinretorno_679mm4.jpg\",\"width\":1772,\"height\":2480},{\"@type\":\"BreadcrumbList\",\"@id\":\"https:\/\/letrame.com\/catalogo\/producto\/vuelo-sin-retorno\/#breadcrumb\",\"itemListElement\":[{\"@type\":\"ListItem\",\"position\":1,\"name\":\"Portada\",\"item\":\"https:\/\/letrame.com\/catalogo\/\"},{\"@type\":\"ListItem\",\"position\":2,\"name\":\"Cat\u00e1logo\",\"item\":\"https:\/\/letrame.com\/catalogo\/\"},{\"@type\":\"ListItem\",\"position\":3,\"name\":\"Vuelo sin retorno\"}]},{\"@type\":\"WebSite\",\"@id\":\"https:\/\/letrame.com\/catalogo\/#website\",\"url\":\"https:\/\/letrame.com\/catalogo\/\",\"name\":\"Catalogo | Letrame Grupo Editorial\",\"description\":\"\",\"publisher\":{\"@id\":\"https:\/\/letrame.com\/catalogo\/#organization\"},\"potentialAction\":[{\"@type\":\"SearchAction\",\"target\":{\"@type\":\"EntryPoint\",\"urlTemplate\":\"https:\/\/letrame.com\/catalogo\/?s={search_term_string}\"},\"query-input\":{\"@type\":\"PropertyValueSpecification\",\"valueRequired\":true,\"valueName\":\"search_term_string\"}}],\"inLanguage\":\"es\"},{\"@type\":\"Organization\",\"@id\":\"https:\/\/letrame.com\/catalogo\/#organization\",\"name\":\"Catalogo | Letrame Grupo Editorial\",\"url\":\"https:\/\/letrame.com\/catalogo\/\",\"logo\":{\"@type\":\"ImageObject\",\"inLanguage\":\"es\",\"@id\":\"https:\/\/letrame.com\/catalogo\/#\/schema\/logo\/image\/\",\"url\":\"https:\/\/letrame.com\/catalogo\/wp-content\/uploads\/2024\/03\/logo2.webp\",\"contentUrl\":\"https:\/\/letrame.com\/catalogo\/wp-content\/uploads\/2024\/03\/logo2.webp\",\"width\":394,\"height\":128,\"caption\":\"Catalogo | Letrame Grupo Editorial\"},\"image\":{\"@id\":\"https:\/\/letrame.com\/catalogo\/#\/schema\/logo\/image\/\"}}]}<\/script>\n<!-- \/ Yoast SEO plugin. -->","yoast_head_json":{"title":"Vuelo sin retorno - Catalogo | Letrame Grupo Editorial","robots":{"index":"index","follow":"follow","max-snippet":"max-snippet:-1","max-image-preview":"max-image-preview:large","max-video-preview":"max-video-preview:-1"},"canonical":"https:\/\/letrame.com\/catalogo\/producto\/vuelo-sin-retorno\/","og_locale":"es_ES","og_type":"article","og_title":"Vuelo sin retorno - Catalogo | Letrame Grupo Editorial","og_description":"ISBN:\u00a0978-84-1068-501-7  Sinopsis  Los dos protagonistas de esta historia, madre e hijo se mueven entre la realidad y la fantas\u00eda, desvelando por el camino todas las virtudes y defectos del ser humano.Al morir el hijo en un accidente, el desconsuelo, la desesperaci\u00f3n y la tristeza envuelven y hunden a la protagonista en un profundo y oscuro pozo sin puertas ni ventanas de salida.Ni las terapias, medicamentos, ni siquiera el paso del tiempo consiguen rescatarla de su desesperaci\u00f3n. Pero el azar provoca un desenlace inesperado\u2026.\u00a8Maktub\u00a8Lo que est\u00e1 destinado a suceder siempre encontrar\u00e1 una forma \u00fanica, m\u00e1gica y maravillosa para manifestarse","og_url":"https:\/\/letrame.com\/catalogo\/producto\/vuelo-sin-retorno\/","og_site_name":"Catalogo | Letrame Grupo Editorial","article_modified_time":"2024-08-13T07:13:52+00:00","og_image":[{"width":1772,"height":2480,"url":"https:\/\/letrame.com\/catalogo\/wp-content\/uploads\/2024\/08\/vuelosinretorno_679mm4.jpg","type":"image\/jpeg"}],"twitter_card":"summary_large_image","twitter_misc":{"Tiempo de lectura":"1 minuto"},"schema":{"@context":"https:\/\/schema.org","@graph":[{"@type":"WebPage","@id":"https:\/\/letrame.com\/catalogo\/producto\/vuelo-sin-retorno\/","url":"https:\/\/letrame.com\/catalogo\/producto\/vuelo-sin-retorno\/","name":"Vuelo sin retorno - Catalogo | Letrame Grupo Editorial","isPartOf":{"@id":"https:\/\/letrame.com\/catalogo\/#website"},"primaryImageOfPage":{"@id":"https:\/\/letrame.com\/catalogo\/producto\/vuelo-sin-retorno\/#primaryimage"},"image":{"@id":"https:\/\/letrame.com\/catalogo\/producto\/vuelo-sin-retorno\/#primaryimage"},"thumbnailUrl":"https:\/\/letrame.com\/catalogo\/wp-content\/uploads\/2024\/08\/vuelosinretorno_679mm4.jpg","datePublished":"2024-08-13T07:01:34+00:00","dateModified":"2024-08-13T07:13:52+00:00","breadcrumb":{"@id":"https:\/\/letrame.com\/catalogo\/producto\/vuelo-sin-retorno\/#breadcrumb"},"inLanguage":"es","potentialAction":[{"@type":"ReadAction","target":["https:\/\/letrame.com\/catalogo\/producto\/vuelo-sin-retorno\/"]}]},{"@type":"ImageObject","inLanguage":"es","@id":"https:\/\/letrame.com\/catalogo\/producto\/vuelo-sin-retorno\/#primaryimage","url":"https:\/\/letrame.com\/catalogo\/wp-content\/uploads\/2024\/08\/vuelosinretorno_679mm4.jpg","contentUrl":"https:\/\/letrame.com\/catalogo\/wp-content\/uploads\/2024\/08\/vuelosinretorno_679mm4.jpg","width":1772,"height":2480},{"@type":"BreadcrumbList","@id":"https:\/\/letrame.com\/catalogo\/producto\/vuelo-sin-retorno\/#breadcrumb","itemListElement":[{"@type":"ListItem","position":1,"name":"Portada","item":"https:\/\/letrame.com\/catalogo\/"},{"@type":"ListItem","position":2,"name":"Cat\u00e1logo","item":"https:\/\/letrame.com\/catalogo\/"},{"@type":"ListItem","position":3,"name":"Vuelo sin retorno"}]},{"@type":"WebSite","@id":"https:\/\/letrame.com\/catalogo\/#website","url":"https:\/\/letrame.com\/catalogo\/","name":"Catalogo | Letrame Grupo Editorial","description":"","publisher":{"@id":"https:\/\/letrame.com\/catalogo\/#organization"},"potentialAction":[{"@type":"SearchAction","target":{"@type":"EntryPoint","urlTemplate":"https:\/\/letrame.com\/catalogo\/?s={search_term_string}"},"query-input":{"@type":"PropertyValueSpecification","valueRequired":true,"valueName":"search_term_string"}}],"inLanguage":"es"},{"@type":"Organization","@id":"https:\/\/letrame.com\/catalogo\/#organization","name":"Catalogo | Letrame Grupo Editorial","url":"https:\/\/letrame.com\/catalogo\/","logo":{"@type":"ImageObject","inLanguage":"es","@id":"https:\/\/letrame.com\/catalogo\/#\/schema\/logo\/image\/","url":"https:\/\/letrame.com\/catalogo\/wp-content\/uploads\/2024\/03\/logo2.webp","contentUrl":"https:\/\/letrame.com\/catalogo\/wp-content\/uploads\/2024\/03\/logo2.webp","width":394,"height":128,"caption":"Catalogo | Letrame Grupo Editorial"},"image":{"@id":"https:\/\/letrame.com\/catalogo\/#\/schema\/logo\/image\/"}}]}},"_links":{"self":[{"href":"https:\/\/letrame.com\/catalogo\/wp-json\/wp\/v2\/product\/105372","targetHints":{"allow":["GET"]}}],"collection":[{"href":"https:\/\/letrame.com\/catalogo\/wp-json\/wp\/v2\/product"}],"about":[{"href":"https:\/\/letrame.com\/catalogo\/wp-json\/wp\/v2\/types\/product"}],"replies":[{"embeddable":true,"href":"https:\/\/letrame.com\/catalogo\/wp-json\/wp\/v2\/comments?post=105372"}],"acf:post":[{"embeddable":true,"href":"https:\/\/letrame.com\/catalogo\/wp-json\/wp\/v2\/author_book\/105373"}],"wp:featuredmedia":[{"embeddable":true,"href":"https:\/\/letrame.com\/catalogo\/wp-json\/wp\/v2\/media\/105375"}],"wp:attachment":[{"href":"https:\/\/letrame.com\/catalogo\/wp-json\/wp\/v2\/media?parent=105372"}],"wp:term":[{"taxonomy":"libro","embeddable":true,"href":"https:\/\/letrame.com\/catalogo\/wp-json\/wp\/v2\/libro?post=105372"},{"taxonomy":"product_brand","embeddable":true,"href":"https:\/\/letrame.com\/catalogo\/wp-json\/wp\/v2\/product_brand?post=105372"},{"taxonomy":"product_cat","embeddable":true,"href":"https:\/\/letrame.com\/catalogo\/wp-json\/wp\/v2\/product_cat?post=105372"},{"taxonomy":"product_tag","embeddable":true,"href":"https:\/\/letrame.com\/catalogo\/wp-json\/wp\/v2\/product_tag?post=105372"}],"curies":[{"name":"wp","href":"https:\/\/api.w.org\/{rel}","templated":true}]}}