{"id":103405,"date":"2024-07-25T11:01:12","date_gmt":"2024-07-25T09:01:12","guid":{"rendered":"https:\/\/letrame.com\/catalogo\/?post_type=product&#038;p=103405"},"modified":"2024-07-25T11:01:12","modified_gmt":"2024-07-25T09:01:12","slug":"futuro-truncado","status":"publish","type":"product","link":"https:\/\/letrame.com\/catalogo\/producto\/futuro-truncado\/","title":{"rendered":"Futuro truncado"},"content":{"rendered":"<p class=\"p1\">ISBN: 978-84-1068-522-2<\/p>\n<p class=\"p1\">T\u00edtulo: Futuro truncado<\/p>\n<p class=\"p1\">Fecha: 2024<\/p>\n<p class=\"p1\">P\u00e1ginas: 348<\/p>\n<p class=\"p1\">SINOPSIS<\/p>\n<p>La vida es un desastre. No ve el futuro, no recuerda el pasado y el presente no vale m\u00e1s que lo que cueste otra dosis. Casi todos los d\u00edas, entre el momento en el que la droga y su placentero efecto abandona su cuerpo y el momento en el que vuelve el mono, hay un leve espacio temporal de lucidez en el que decide dejar esa vida y hacer algo con ella. Pero falta voluntad. Hasta que un d\u00eda cualquiera por fin consigue el arrojo y determinaci\u00f3n necesarios para intentar cambiar su destino y salir de esa vida.<\/p>\n<p>&nbsp;<\/p>\n<p>Pero la vida puede que no piense as\u00ed y tenga preparado otro destino.<\/p>\n","protected":false},"excerpt":{"rendered":"<p class=\"p1\">ISBN: 978-84-1068-522-2<\/p>\n<p class=\"p1\">SINOPSIS<\/p>\n<p>La vida es un desastre. No ve el futuro, no recuerda el pasado y el presente no vale m\u00e1s que lo que cueste otra dosis. Casi todos los d\u00edas, entre el momento en el que la droga y su placentero efecto abandona su cuerpo y el momento en el que vuelve el mono, hay un leve espacio temporal de lucidez en el que decide dejar esa vida y hacer algo con ella. Pero falta voluntad. Hasta que un d\u00eda cualquiera por fin consigue el arrojo y determinaci\u00f3n necesarios para intentar cambiar su destino y salir de esa vida.<\/p>\n<p>&nbsp;<\/p>\n<p>Pero la vida puede que no piense as\u00ed y tenga preparado otro destino.<\/p>\n","protected":false},"featured_media":103410,"comment_status":"open","ping_status":"closed","template":"","meta":{"_acf_changed":false},"libro":[],"product_brand":[],"product_cat":[57],"product_tag":[],"class_list":{"0":"post-103405","1":"product","2":"type-product","3":"status-publish","4":"has-post-thumbnail","6":"product_cat-suspenso","8":"first","9":"instock","10":"shipping-taxable","11":"product-type-simple"},"acf":{"autor":[103406],"enlace_de_compra":"https:\/\/amzn.to\/3LBfGan"},"yoast_head":"<!-- This site is optimized with the Yoast SEO plugin v27.4 - https:\/\/yoast.com\/product\/yoast-seo-wordpress\/ -->\n<title>Futuro truncado - Catalogo | Letrame Grupo Editorial<\/title>\n<meta name=\"robots\" content=\"index, follow, max-snippet:-1, max-image-preview:large, max-video-preview:-1\" \/>\n<link rel=\"canonical\" href=\"https:\/\/letrame.com\/catalogo\/producto\/futuro-truncado\/\" \/>\n<meta property=\"og:locale\" content=\"es_ES\" \/>\n<meta property=\"og:type\" content=\"article\" \/>\n<meta property=\"og:title\" content=\"Futuro truncado - Catalogo | Letrame Grupo Editorial\" \/>\n<meta property=\"og:description\" content=\"ISBN: 978-84-1068-522-2 SINOPSIS La vida es un desastre. No ve el futuro, no recuerda el pasado y el presente no vale m\u00e1s que lo que cueste otra dosis. Casi todos los d\u00edas, entre el momento en el que la droga y su placentero efecto abandona su cuerpo y el momento en el que vuelve el mono, hay un leve espacio temporal de lucidez en el que decide dejar esa vida y hacer algo con ella. Pero falta voluntad. Hasta que un d\u00eda cualquiera por fin consigue el arrojo y determinaci\u00f3n necesarios para intentar cambiar su destino y salir de esa vida.  &nbsp;  Pero la vida puede que no piense as\u00ed y tenga preparado otro destino.\" \/>\n<meta property=\"og:url\" content=\"https:\/\/letrame.com\/catalogo\/producto\/futuro-truncado\/\" \/>\n<meta property=\"og:site_name\" content=\"Catalogo | Letrame Grupo Editorial\" \/>\n<meta property=\"og:image\" content=\"https:\/\/letrame.com\/catalogo\/wp-content\/uploads\/2024\/07\/futuro_1712mm4-compressed.jpg\" \/>\n\t<meta property=\"og:image:width\" content=\"1772\" \/>\n\t<meta property=\"og:image:height\" content=\"2480\" \/>\n\t<meta property=\"og:image:type\" content=\"image\/jpeg\" \/>\n<meta name=\"twitter:card\" content=\"summary_large_image\" \/>\n<meta name=\"twitter:label1\" content=\"Tiempo de lectura\" \/>\n\t<meta name=\"twitter:data1\" content=\"1 minuto\" \/>\n<script type=\"application\/ld+json\" class=\"yoast-schema-graph\">{\"@context\":\"https:\\\/\\\/schema.org\",\"@graph\":[{\"@type\":\"WebPage\",\"@id\":\"https:\\\/\\\/letrame.com\\\/catalogo\\\/producto\\\/futuro-truncado\\\/\",\"url\":\"https:\\\/\\\/letrame.com\\\/catalogo\\\/producto\\\/futuro-truncado\\\/\",\"name\":\"Futuro truncado - Catalogo | Letrame Grupo Editorial\",\"isPartOf\":{\"@id\":\"https:\\\/\\\/letrame.com\\\/catalogo\\\/#website\"},\"primaryImageOfPage\":{\"@id\":\"https:\\\/\\\/letrame.com\\\/catalogo\\\/producto\\\/futuro-truncado\\\/#primaryimage\"},\"image\":{\"@id\":\"https:\\\/\\\/letrame.com\\\/catalogo\\\/producto\\\/futuro-truncado\\\/#primaryimage\"},\"thumbnailUrl\":\"https:\\\/\\\/letrame.com\\\/catalogo\\\/wp-content\\\/uploads\\\/2024\\\/07\\\/futuro_1712mm4-compressed.jpg\",\"datePublished\":\"2024-07-25T09:01:12+00:00\",\"breadcrumb\":{\"@id\":\"https:\\\/\\\/letrame.com\\\/catalogo\\\/producto\\\/futuro-truncado\\\/#breadcrumb\"},\"inLanguage\":\"es\",\"potentialAction\":[{\"@type\":\"ReadAction\",\"target\":[\"https:\\\/\\\/letrame.com\\\/catalogo\\\/producto\\\/futuro-truncado\\\/\"]}]},{\"@type\":\"ImageObject\",\"inLanguage\":\"es\",\"@id\":\"https:\\\/\\\/letrame.com\\\/catalogo\\\/producto\\\/futuro-truncado\\\/#primaryimage\",\"url\":\"https:\\\/\\\/letrame.com\\\/catalogo\\\/wp-content\\\/uploads\\\/2024\\\/07\\\/futuro_1712mm4-compressed.jpg\",\"contentUrl\":\"https:\\\/\\\/letrame.com\\\/catalogo\\\/wp-content\\\/uploads\\\/2024\\\/07\\\/futuro_1712mm4-compressed.jpg\",\"width\":1772,\"height\":2480},{\"@type\":\"BreadcrumbList\",\"@id\":\"https:\\\/\\\/letrame.com\\\/catalogo\\\/producto\\\/futuro-truncado\\\/#breadcrumb\",\"itemListElement\":[{\"@type\":\"ListItem\",\"position\":1,\"name\":\"Portada\",\"item\":\"https:\\\/\\\/letrame.com\\\/catalogo\\\/\"},{\"@type\":\"ListItem\",\"position\":2,\"name\":\"Cat\u00e1logo\",\"item\":\"https:\\\/\\\/letrame.com\\\/catalogo\\\/\"},{\"@type\":\"ListItem\",\"position\":3,\"name\":\"Futuro truncado\"}]},{\"@type\":\"WebSite\",\"@id\":\"https:\\\/\\\/letrame.com\\\/catalogo\\\/#website\",\"url\":\"https:\\\/\\\/letrame.com\\\/catalogo\\\/\",\"name\":\"Catalogo | Letrame Grupo Editorial\",\"description\":\"\",\"publisher\":{\"@id\":\"https:\\\/\\\/letrame.com\\\/catalogo\\\/#organization\"},\"potentialAction\":[{\"@type\":\"SearchAction\",\"target\":{\"@type\":\"EntryPoint\",\"urlTemplate\":\"https:\\\/\\\/letrame.com\\\/catalogo\\\/?s={search_term_string}\"},\"query-input\":{\"@type\":\"PropertyValueSpecification\",\"valueRequired\":true,\"valueName\":\"search_term_string\"}}],\"inLanguage\":\"es\"},{\"@type\":\"Organization\",\"@id\":\"https:\\\/\\\/letrame.com\\\/catalogo\\\/#organization\",\"name\":\"Catalogo | Letrame Grupo Editorial\",\"url\":\"https:\\\/\\\/letrame.com\\\/catalogo\\\/\",\"logo\":{\"@type\":\"ImageObject\",\"inLanguage\":\"es\",\"@id\":\"https:\\\/\\\/letrame.com\\\/catalogo\\\/#\\\/schema\\\/logo\\\/image\\\/\",\"url\":\"https:\\\/\\\/letrame.com\\\/catalogo\\\/wp-content\\\/uploads\\\/2024\\\/03\\\/logo2.webp\",\"contentUrl\":\"https:\\\/\\\/letrame.com\\\/catalogo\\\/wp-content\\\/uploads\\\/2024\\\/03\\\/logo2.webp\",\"width\":394,\"height\":128,\"caption\":\"Catalogo | Letrame Grupo Editorial\"},\"image\":{\"@id\":\"https:\\\/\\\/letrame.com\\\/catalogo\\\/#\\\/schema\\\/logo\\\/image\\\/\"}}]}<\/script>\n<!-- \/ Yoast SEO plugin. -->","yoast_head_json":{"title":"Futuro truncado - Catalogo | Letrame Grupo Editorial","robots":{"index":"index","follow":"follow","max-snippet":"max-snippet:-1","max-image-preview":"max-image-preview:large","max-video-preview":"max-video-preview:-1"},"canonical":"https:\/\/letrame.com\/catalogo\/producto\/futuro-truncado\/","og_locale":"es_ES","og_type":"article","og_title":"Futuro truncado - Catalogo | Letrame Grupo Editorial","og_description":"ISBN: 978-84-1068-522-2 SINOPSIS La vida es un desastre. No ve el futuro, no recuerda el pasado y el presente no vale m\u00e1s que lo que cueste otra dosis. Casi todos los d\u00edas, entre el momento en el que la droga y su placentero efecto abandona su cuerpo y el momento en el que vuelve el mono, hay un leve espacio temporal de lucidez en el que decide dejar esa vida y hacer algo con ella. Pero falta voluntad. Hasta que un d\u00eda cualquiera por fin consigue el arrojo y determinaci\u00f3n necesarios para intentar cambiar su destino y salir de esa vida.  &nbsp;  Pero la vida puede que no piense as\u00ed y tenga preparado otro destino.","og_url":"https:\/\/letrame.com\/catalogo\/producto\/futuro-truncado\/","og_site_name":"Catalogo | Letrame Grupo Editorial","og_image":[{"width":1772,"height":2480,"url":"https:\/\/letrame.com\/catalogo\/wp-content\/uploads\/2024\/07\/futuro_1712mm4-compressed.jpg","type":"image\/jpeg"}],"twitter_card":"summary_large_image","twitter_misc":{"Tiempo de lectura":"1 minuto"},"schema":{"@context":"https:\/\/schema.org","@graph":[{"@type":"WebPage","@id":"https:\/\/letrame.com\/catalogo\/producto\/futuro-truncado\/","url":"https:\/\/letrame.com\/catalogo\/producto\/futuro-truncado\/","name":"Futuro truncado - Catalogo | Letrame Grupo Editorial","isPartOf":{"@id":"https:\/\/letrame.com\/catalogo\/#website"},"primaryImageOfPage":{"@id":"https:\/\/letrame.com\/catalogo\/producto\/futuro-truncado\/#primaryimage"},"image":{"@id":"https:\/\/letrame.com\/catalogo\/producto\/futuro-truncado\/#primaryimage"},"thumbnailUrl":"https:\/\/letrame.com\/catalogo\/wp-content\/uploads\/2024\/07\/futuro_1712mm4-compressed.jpg","datePublished":"2024-07-25T09:01:12+00:00","breadcrumb":{"@id":"https:\/\/letrame.com\/catalogo\/producto\/futuro-truncado\/#breadcrumb"},"inLanguage":"es","potentialAction":[{"@type":"ReadAction","target":["https:\/\/letrame.com\/catalogo\/producto\/futuro-truncado\/"]}]},{"@type":"ImageObject","inLanguage":"es","@id":"https:\/\/letrame.com\/catalogo\/producto\/futuro-truncado\/#primaryimage","url":"https:\/\/letrame.com\/catalogo\/wp-content\/uploads\/2024\/07\/futuro_1712mm4-compressed.jpg","contentUrl":"https:\/\/letrame.com\/catalogo\/wp-content\/uploads\/2024\/07\/futuro_1712mm4-compressed.jpg","width":1772,"height":2480},{"@type":"BreadcrumbList","@id":"https:\/\/letrame.com\/catalogo\/producto\/futuro-truncado\/#breadcrumb","itemListElement":[{"@type":"ListItem","position":1,"name":"Portada","item":"https:\/\/letrame.com\/catalogo\/"},{"@type":"ListItem","position":2,"name":"Cat\u00e1logo","item":"https:\/\/letrame.com\/catalogo\/"},{"@type":"ListItem","position":3,"name":"Futuro truncado"}]},{"@type":"WebSite","@id":"https:\/\/letrame.com\/catalogo\/#website","url":"https:\/\/letrame.com\/catalogo\/","name":"Catalogo | Letrame Grupo Editorial","description":"","publisher":{"@id":"https:\/\/letrame.com\/catalogo\/#organization"},"potentialAction":[{"@type":"SearchAction","target":{"@type":"EntryPoint","urlTemplate":"https:\/\/letrame.com\/catalogo\/?s={search_term_string}"},"query-input":{"@type":"PropertyValueSpecification","valueRequired":true,"valueName":"search_term_string"}}],"inLanguage":"es"},{"@type":"Organization","@id":"https:\/\/letrame.com\/catalogo\/#organization","name":"Catalogo | Letrame Grupo Editorial","url":"https:\/\/letrame.com\/catalogo\/","logo":{"@type":"ImageObject","inLanguage":"es","@id":"https:\/\/letrame.com\/catalogo\/#\/schema\/logo\/image\/","url":"https:\/\/letrame.com\/catalogo\/wp-content\/uploads\/2024\/03\/logo2.webp","contentUrl":"https:\/\/letrame.com\/catalogo\/wp-content\/uploads\/2024\/03\/logo2.webp","width":394,"height":128,"caption":"Catalogo | Letrame Grupo Editorial"},"image":{"@id":"https:\/\/letrame.com\/catalogo\/#\/schema\/logo\/image\/"}}]}},"_links":{"self":[{"href":"https:\/\/letrame.com\/catalogo\/wp-json\/wp\/v2\/product\/103405","targetHints":{"allow":["GET"]}}],"collection":[{"href":"https:\/\/letrame.com\/catalogo\/wp-json\/wp\/v2\/product"}],"about":[{"href":"https:\/\/letrame.com\/catalogo\/wp-json\/wp\/v2\/types\/product"}],"replies":[{"embeddable":true,"href":"https:\/\/letrame.com\/catalogo\/wp-json\/wp\/v2\/comments?post=103405"}],"acf:post":[{"embeddable":true,"href":"https:\/\/letrame.com\/catalogo\/wp-json\/wp\/v2\/author_book\/103406"}],"wp:featuredmedia":[{"embeddable":true,"href":"https:\/\/letrame.com\/catalogo\/wp-json\/wp\/v2\/media\/103410"}],"wp:attachment":[{"href":"https:\/\/letrame.com\/catalogo\/wp-json\/wp\/v2\/media?parent=103405"}],"wp:term":[{"taxonomy":"libro","embeddable":true,"href":"https:\/\/letrame.com\/catalogo\/wp-json\/wp\/v2\/libro?post=103405"},{"taxonomy":"product_brand","embeddable":true,"href":"https:\/\/letrame.com\/catalogo\/wp-json\/wp\/v2\/product_brand?post=103405"},{"taxonomy":"product_cat","embeddable":true,"href":"https:\/\/letrame.com\/catalogo\/wp-json\/wp\/v2\/product_cat?post=103405"},{"taxonomy":"product_tag","embeddable":true,"href":"https:\/\/letrame.com\/catalogo\/wp-json\/wp\/v2\/product_tag?post=103405"}],"curies":[{"name":"wp","href":"https:\/\/api.w.org\/{rel}","templated":true}]}}