{"id":103395,"date":"2024-07-25T10:54:37","date_gmt":"2024-07-25T08:54:37","guid":{"rendered":"https:\/\/letrame.com\/catalogo\/?post_type=product&#038;p=103395"},"modified":"2024-07-25T10:55:59","modified_gmt":"2024-07-25T08:55:59","slug":"no-quiero-despertarla","status":"publish","type":"product","link":"https:\/\/letrame.com\/catalogo\/producto\/no-quiero-despertarla\/","title":{"rendered":"No quiero despertarla"},"content":{"rendered":"<p class=\"p1\">ISBN: 978-84-1068-487-4<\/p>\n<p class=\"p1\">T\u00edtulo: No quiero despertarla<\/p>\n<p class=\"p1\">Fecha: 2024<\/p>\n<p class=\"p1\">P\u00e1ginas: 250<\/p>\n<p class=\"p1\">SINOPSIS<\/p>\n<p>A las puertas del siglo XX, la magia de las piedras envueltas en encaje de musgo, de gotas y retales de historia, son testigos de la vida de Manuela, de su amor por Jos\u00e9, de c\u00f3mo la vida le hizo recorrer caminos de tierra y de sentimientos, deseos, sue\u00f1os, dolor m\u00e1s all\u00e1 de lo que la mente es capaz de entender, ra\u00edces del alma que buscan la calma del bosque.<\/p>\n<p>Una cascada de sentimientos recorre esta historia, la de un amor que se repite a lo largo de los tiempos, de mil culturas y rincones, que sobrepasa la raz\u00f3n porque s\u00f3lo cabe en el coraz\u00f3n.<\/p>\n<p><em>No quiero despertarla,\u00a0<\/em>hilos de realidad y ficci\u00f3n en la urdimbre del tiempo, ahora y siempre.<\/p>\n","protected":false},"excerpt":{"rendered":"<p class=\"p1\">ISBN: 978-84-1068-487-4<\/p>\n<p class=\"p1\">SINOPSIS<\/p>\n<p>A las puertas del siglo XX, la magia de las piedras envueltas en encaje de musgo, de gotas y retales de historia, son testigos de la vida de Manuela, de su amor por Jos\u00e9, de c\u00f3mo la vida le hizo recorrer caminos de tierra y de sentimientos, deseos, sue\u00f1os, dolor m\u00e1s all\u00e1 de lo que la mente es capaz de entender, ra\u00edces del alma que buscan la calma del bosque.<\/p>\n<p>Una cascada de sentimientos recorre esta historia, la de un amor que se repite a lo largo de los tiempos, de mil culturas y rincones, que sobrepasa la raz\u00f3n porque s\u00f3lo cabe en el coraz\u00f3n.<\/p>\n<p><em>No quiero despertarla,\u00a0<\/em>hilos de realidad y ficci\u00f3n en la urdimbre del tiempo, ahora y siempre.<\/p>\n","protected":false},"featured_media":103404,"comment_status":"open","ping_status":"closed","template":"","meta":{"_acf_changed":false},"libro":[],"product_brand":[],"product_cat":[47],"product_tag":[],"class_list":{"0":"post-103395","1":"product","2":"type-product","3":"status-publish","4":"has-post-thumbnail","6":"product_cat-ciencia-ficcion-misterio","8":"first","9":"instock","10":"shipping-taxable","11":"product-type-simple"},"acf":{"autor":[103394],"enlace_de_compra":"https:\/\/amzn.to\/46ohih1"},"yoast_head":"<!-- This site is optimized with the Yoast SEO plugin v27.4 - https:\/\/yoast.com\/product\/yoast-seo-wordpress\/ -->\n<title>No quiero despertarla - Catalogo | Letrame Grupo Editorial<\/title>\n<meta name=\"robots\" content=\"index, follow, max-snippet:-1, max-image-preview:large, max-video-preview:-1\" \/>\n<link rel=\"canonical\" href=\"https:\/\/letrame.com\/catalogo\/producto\/no-quiero-despertarla\/\" \/>\n<meta property=\"og:locale\" content=\"es_ES\" \/>\n<meta property=\"og:type\" content=\"article\" \/>\n<meta property=\"og:title\" content=\"No quiero despertarla - Catalogo | Letrame Grupo Editorial\" \/>\n<meta property=\"og:description\" content=\"ISBN: 978-84-1068-487-4 SINOPSIS A las puertas del siglo XX, la magia de las piedras envueltas en encaje de musgo, de gotas y retales de historia, son testigos de la vida de Manuela, de su amor por Jos\u00e9, de c\u00f3mo la vida le hizo recorrer caminos de tierra y de sentimientos, deseos, sue\u00f1os, dolor m\u00e1s all\u00e1 de lo que la mente es capaz de entender, ra\u00edces del alma que buscan la calma del bosque.  Una cascada de sentimientos recorre esta historia, la de un amor que se repite a lo largo de los tiempos, de mil culturas y rincones, que sobrepasa la raz\u00f3n porque s\u00f3lo cabe en el coraz\u00f3n.  No quiero despertarla,\u00a0hilos de realidad y ficci\u00f3n en la urdimbre del tiempo, ahora y siempre.\" \/>\n<meta property=\"og:url\" content=\"https:\/\/letrame.com\/catalogo\/producto\/no-quiero-despertarla\/\" \/>\n<meta property=\"og:site_name\" content=\"Catalogo | Letrame Grupo Editorial\" \/>\n<meta property=\"article:modified_time\" content=\"2024-07-25T08:55:59+00:00\" \/>\n<meta property=\"og:image\" content=\"https:\/\/letrame.com\/catalogo\/wp-content\/uploads\/2024\/07\/noquierodespertarla_126mm4-compressed.jpg\" \/>\n\t<meta property=\"og:image:width\" content=\"1772\" \/>\n\t<meta property=\"og:image:height\" content=\"2480\" \/>\n\t<meta property=\"og:image:type\" content=\"image\/jpeg\" \/>\n<meta name=\"twitter:card\" content=\"summary_large_image\" \/>\n<meta name=\"twitter:label1\" content=\"Tiempo de lectura\" \/>\n\t<meta name=\"twitter:data1\" content=\"1 minuto\" \/>\n<script type=\"application\/ld+json\" class=\"yoast-schema-graph\">{\"@context\":\"https:\\\/\\\/schema.org\",\"@graph\":[{\"@type\":\"WebPage\",\"@id\":\"https:\\\/\\\/letrame.com\\\/catalogo\\\/producto\\\/no-quiero-despertarla\\\/\",\"url\":\"https:\\\/\\\/letrame.com\\\/catalogo\\\/producto\\\/no-quiero-despertarla\\\/\",\"name\":\"No quiero despertarla - Catalogo | Letrame Grupo Editorial\",\"isPartOf\":{\"@id\":\"https:\\\/\\\/letrame.com\\\/catalogo\\\/#website\"},\"primaryImageOfPage\":{\"@id\":\"https:\\\/\\\/letrame.com\\\/catalogo\\\/producto\\\/no-quiero-despertarla\\\/#primaryimage\"},\"image\":{\"@id\":\"https:\\\/\\\/letrame.com\\\/catalogo\\\/producto\\\/no-quiero-despertarla\\\/#primaryimage\"},\"thumbnailUrl\":\"https:\\\/\\\/letrame.com\\\/catalogo\\\/wp-content\\\/uploads\\\/2024\\\/07\\\/noquierodespertarla_126mm4-compressed.jpg\",\"datePublished\":\"2024-07-25T08:54:37+00:00\",\"dateModified\":\"2024-07-25T08:55:59+00:00\",\"breadcrumb\":{\"@id\":\"https:\\\/\\\/letrame.com\\\/catalogo\\\/producto\\\/no-quiero-despertarla\\\/#breadcrumb\"},\"inLanguage\":\"es\",\"potentialAction\":[{\"@type\":\"ReadAction\",\"target\":[\"https:\\\/\\\/letrame.com\\\/catalogo\\\/producto\\\/no-quiero-despertarla\\\/\"]}]},{\"@type\":\"ImageObject\",\"inLanguage\":\"es\",\"@id\":\"https:\\\/\\\/letrame.com\\\/catalogo\\\/producto\\\/no-quiero-despertarla\\\/#primaryimage\",\"url\":\"https:\\\/\\\/letrame.com\\\/catalogo\\\/wp-content\\\/uploads\\\/2024\\\/07\\\/noquierodespertarla_126mm4-compressed.jpg\",\"contentUrl\":\"https:\\\/\\\/letrame.com\\\/catalogo\\\/wp-content\\\/uploads\\\/2024\\\/07\\\/noquierodespertarla_126mm4-compressed.jpg\",\"width\":1772,\"height\":2480},{\"@type\":\"BreadcrumbList\",\"@id\":\"https:\\\/\\\/letrame.com\\\/catalogo\\\/producto\\\/no-quiero-despertarla\\\/#breadcrumb\",\"itemListElement\":[{\"@type\":\"ListItem\",\"position\":1,\"name\":\"Portada\",\"item\":\"https:\\\/\\\/letrame.com\\\/catalogo\\\/\"},{\"@type\":\"ListItem\",\"position\":2,\"name\":\"Cat\u00e1logo\",\"item\":\"https:\\\/\\\/letrame.com\\\/catalogo\\\/\"},{\"@type\":\"ListItem\",\"position\":3,\"name\":\"No quiero despertarla\"}]},{\"@type\":\"WebSite\",\"@id\":\"https:\\\/\\\/letrame.com\\\/catalogo\\\/#website\",\"url\":\"https:\\\/\\\/letrame.com\\\/catalogo\\\/\",\"name\":\"Catalogo | Letrame Grupo Editorial\",\"description\":\"\",\"publisher\":{\"@id\":\"https:\\\/\\\/letrame.com\\\/catalogo\\\/#organization\"},\"potentialAction\":[{\"@type\":\"SearchAction\",\"target\":{\"@type\":\"EntryPoint\",\"urlTemplate\":\"https:\\\/\\\/letrame.com\\\/catalogo\\\/?s={search_term_string}\"},\"query-input\":{\"@type\":\"PropertyValueSpecification\",\"valueRequired\":true,\"valueName\":\"search_term_string\"}}],\"inLanguage\":\"es\"},{\"@type\":\"Organization\",\"@id\":\"https:\\\/\\\/letrame.com\\\/catalogo\\\/#organization\",\"name\":\"Catalogo | Letrame Grupo Editorial\",\"url\":\"https:\\\/\\\/letrame.com\\\/catalogo\\\/\",\"logo\":{\"@type\":\"ImageObject\",\"inLanguage\":\"es\",\"@id\":\"https:\\\/\\\/letrame.com\\\/catalogo\\\/#\\\/schema\\\/logo\\\/image\\\/\",\"url\":\"https:\\\/\\\/letrame.com\\\/catalogo\\\/wp-content\\\/uploads\\\/2024\\\/03\\\/logo2.webp\",\"contentUrl\":\"https:\\\/\\\/letrame.com\\\/catalogo\\\/wp-content\\\/uploads\\\/2024\\\/03\\\/logo2.webp\",\"width\":394,\"height\":128,\"caption\":\"Catalogo | Letrame Grupo Editorial\"},\"image\":{\"@id\":\"https:\\\/\\\/letrame.com\\\/catalogo\\\/#\\\/schema\\\/logo\\\/image\\\/\"}}]}<\/script>\n<!-- \/ Yoast SEO plugin. -->","yoast_head_json":{"title":"No quiero despertarla - Catalogo | Letrame Grupo Editorial","robots":{"index":"index","follow":"follow","max-snippet":"max-snippet:-1","max-image-preview":"max-image-preview:large","max-video-preview":"max-video-preview:-1"},"canonical":"https:\/\/letrame.com\/catalogo\/producto\/no-quiero-despertarla\/","og_locale":"es_ES","og_type":"article","og_title":"No quiero despertarla - Catalogo | Letrame Grupo Editorial","og_description":"ISBN: 978-84-1068-487-4 SINOPSIS A las puertas del siglo XX, la magia de las piedras envueltas en encaje de musgo, de gotas y retales de historia, son testigos de la vida de Manuela, de su amor por Jos\u00e9, de c\u00f3mo la vida le hizo recorrer caminos de tierra y de sentimientos, deseos, sue\u00f1os, dolor m\u00e1s all\u00e1 de lo que la mente es capaz de entender, ra\u00edces del alma que buscan la calma del bosque.  Una cascada de sentimientos recorre esta historia, la de un amor que se repite a lo largo de los tiempos, de mil culturas y rincones, que sobrepasa la raz\u00f3n porque s\u00f3lo cabe en el coraz\u00f3n.  No quiero despertarla,\u00a0hilos de realidad y ficci\u00f3n en la urdimbre del tiempo, ahora y siempre.","og_url":"https:\/\/letrame.com\/catalogo\/producto\/no-quiero-despertarla\/","og_site_name":"Catalogo | Letrame Grupo Editorial","article_modified_time":"2024-07-25T08:55:59+00:00","og_image":[{"width":1772,"height":2480,"url":"https:\/\/letrame.com\/catalogo\/wp-content\/uploads\/2024\/07\/noquierodespertarla_126mm4-compressed.jpg","type":"image\/jpeg"}],"twitter_card":"summary_large_image","twitter_misc":{"Tiempo de lectura":"1 minuto"},"schema":{"@context":"https:\/\/schema.org","@graph":[{"@type":"WebPage","@id":"https:\/\/letrame.com\/catalogo\/producto\/no-quiero-despertarla\/","url":"https:\/\/letrame.com\/catalogo\/producto\/no-quiero-despertarla\/","name":"No quiero despertarla - Catalogo | Letrame Grupo Editorial","isPartOf":{"@id":"https:\/\/letrame.com\/catalogo\/#website"},"primaryImageOfPage":{"@id":"https:\/\/letrame.com\/catalogo\/producto\/no-quiero-despertarla\/#primaryimage"},"image":{"@id":"https:\/\/letrame.com\/catalogo\/producto\/no-quiero-despertarla\/#primaryimage"},"thumbnailUrl":"https:\/\/letrame.com\/catalogo\/wp-content\/uploads\/2024\/07\/noquierodespertarla_126mm4-compressed.jpg","datePublished":"2024-07-25T08:54:37+00:00","dateModified":"2024-07-25T08:55:59+00:00","breadcrumb":{"@id":"https:\/\/letrame.com\/catalogo\/producto\/no-quiero-despertarla\/#breadcrumb"},"inLanguage":"es","potentialAction":[{"@type":"ReadAction","target":["https:\/\/letrame.com\/catalogo\/producto\/no-quiero-despertarla\/"]}]},{"@type":"ImageObject","inLanguage":"es","@id":"https:\/\/letrame.com\/catalogo\/producto\/no-quiero-despertarla\/#primaryimage","url":"https:\/\/letrame.com\/catalogo\/wp-content\/uploads\/2024\/07\/noquierodespertarla_126mm4-compressed.jpg","contentUrl":"https:\/\/letrame.com\/catalogo\/wp-content\/uploads\/2024\/07\/noquierodespertarla_126mm4-compressed.jpg","width":1772,"height":2480},{"@type":"BreadcrumbList","@id":"https:\/\/letrame.com\/catalogo\/producto\/no-quiero-despertarla\/#breadcrumb","itemListElement":[{"@type":"ListItem","position":1,"name":"Portada","item":"https:\/\/letrame.com\/catalogo\/"},{"@type":"ListItem","position":2,"name":"Cat\u00e1logo","item":"https:\/\/letrame.com\/catalogo\/"},{"@type":"ListItem","position":3,"name":"No quiero despertarla"}]},{"@type":"WebSite","@id":"https:\/\/letrame.com\/catalogo\/#website","url":"https:\/\/letrame.com\/catalogo\/","name":"Catalogo | Letrame Grupo Editorial","description":"","publisher":{"@id":"https:\/\/letrame.com\/catalogo\/#organization"},"potentialAction":[{"@type":"SearchAction","target":{"@type":"EntryPoint","urlTemplate":"https:\/\/letrame.com\/catalogo\/?s={search_term_string}"},"query-input":{"@type":"PropertyValueSpecification","valueRequired":true,"valueName":"search_term_string"}}],"inLanguage":"es"},{"@type":"Organization","@id":"https:\/\/letrame.com\/catalogo\/#organization","name":"Catalogo | Letrame Grupo Editorial","url":"https:\/\/letrame.com\/catalogo\/","logo":{"@type":"ImageObject","inLanguage":"es","@id":"https:\/\/letrame.com\/catalogo\/#\/schema\/logo\/image\/","url":"https:\/\/letrame.com\/catalogo\/wp-content\/uploads\/2024\/03\/logo2.webp","contentUrl":"https:\/\/letrame.com\/catalogo\/wp-content\/uploads\/2024\/03\/logo2.webp","width":394,"height":128,"caption":"Catalogo | Letrame Grupo Editorial"},"image":{"@id":"https:\/\/letrame.com\/catalogo\/#\/schema\/logo\/image\/"}}]}},"_links":{"self":[{"href":"https:\/\/letrame.com\/catalogo\/wp-json\/wp\/v2\/product\/103395","targetHints":{"allow":["GET"]}}],"collection":[{"href":"https:\/\/letrame.com\/catalogo\/wp-json\/wp\/v2\/product"}],"about":[{"href":"https:\/\/letrame.com\/catalogo\/wp-json\/wp\/v2\/types\/product"}],"replies":[{"embeddable":true,"href":"https:\/\/letrame.com\/catalogo\/wp-json\/wp\/v2\/comments?post=103395"}],"acf:post":[{"embeddable":true,"href":"https:\/\/letrame.com\/catalogo\/wp-json\/wp\/v2\/author_book\/103394"}],"wp:featuredmedia":[{"embeddable":true,"href":"https:\/\/letrame.com\/catalogo\/wp-json\/wp\/v2\/media\/103404"}],"wp:attachment":[{"href":"https:\/\/letrame.com\/catalogo\/wp-json\/wp\/v2\/media?parent=103395"}],"wp:term":[{"taxonomy":"libro","embeddable":true,"href":"https:\/\/letrame.com\/catalogo\/wp-json\/wp\/v2\/libro?post=103395"},{"taxonomy":"product_brand","embeddable":true,"href":"https:\/\/letrame.com\/catalogo\/wp-json\/wp\/v2\/product_brand?post=103395"},{"taxonomy":"product_cat","embeddable":true,"href":"https:\/\/letrame.com\/catalogo\/wp-json\/wp\/v2\/product_cat?post=103395"},{"taxonomy":"product_tag","embeddable":true,"href":"https:\/\/letrame.com\/catalogo\/wp-json\/wp\/v2\/product_tag?post=103395"}],"curies":[{"name":"wp","href":"https:\/\/api.w.org\/{rel}","templated":true}]}}