{"id":103372,"date":"2024-07-25T10:12:09","date_gmt":"2024-07-25T08:12:09","guid":{"rendered":"https:\/\/letrame.com\/catalogo\/?post_type=product&#038;p=103372"},"modified":"2024-08-01T12:20:22","modified_gmt":"2024-08-01T10:20:22","slug":"a-traves-de-mi","status":"publish","type":"product","link":"https:\/\/letrame.com\/catalogo\/producto\/a-traves-de-mi\/","title":{"rendered":"A trav\u00e9s de m\u00ed"},"content":{"rendered":"<p class=\"p1\">ISBN: 978-84-1068-546-8<\/p>\n<p class=\"p1\">T\u00edtulo: A trav\u00e9s de m\u00ed<\/p>\n<p class=\"p1\">Fecha: 2024<\/p>\n<p class=\"p1\">P\u00e1ginas: 274<\/p>\n<p class=\"p1\">SINOPSIS<\/p>\n<p>Ari es una chica cuyos padres viven juntos hasta el momento de su separaci\u00f3n. Ella acaba perdiendo la cabeza por dos j\u00f3venes de los que piensa que est\u00e1 enamorada, necesitaba un golpe de realidad para darse cuenta de cu\u00e1l de los dos estaba realmente enamorada. A lo largo de la historia, Ari va descubriendo secretos que le ocultan personas cercanas y vive momentos duros a lo largo de su vida.<\/p>\n<p>\u00bfLograr\u00e1 Ari superarlo?<\/p>\n<p>Y t\u00fa, \u00bfest\u00e1s listo para leer la historia?<\/p>\n","protected":false},"excerpt":{"rendered":"<p class=\"p1\">ISBN: 978-84-1068-546-8<\/p>\n<p class=\"p1\">SINOPSIS<\/p>\n<p>Ari es una chica cuyos padres viven juntos hasta el momento de su separaci\u00f3n. Ella acaba perdiendo la cabeza por dos j\u00f3venes de los que piensa que est\u00e1 enamorada, necesitaba un golpe de realidad para darse cuenta de cu\u00e1l de los dos estaba realmente enamorada. A lo largo de la historia, Ari va descubriendo secretos que le ocultan personas cercanas y vive momentos duros a lo largo de su vida.<\/p>\n<p>\u00bfLograr\u00e1 Ari superarlo?<\/p>\n<p>Y t\u00fa, \u00bfest\u00e1s listo para leer la historia?<\/p>\n","protected":false},"featured_media":104663,"comment_status":"open","ping_status":"closed","template":"","meta":{"_acf_changed":false},"libro":[],"product_brand":[],"product_cat":[53],"product_tag":[],"class_list":{"0":"post-103372","1":"product","2":"type-product","3":"status-publish","4":"has-post-thumbnail","6":"product_cat-novela-infantil","8":"first","9":"instock","10":"shipping-taxable","11":"product-type-simple"},"acf":{"autor":[103364],"enlace_de_compra":"https:\/\/amzn.to\/3YjH6ZU"},"yoast_head":"<!-- This site is optimized with the Yoast SEO plugin v26.6 - https:\/\/yoast.com\/wordpress\/plugins\/seo\/ -->\n<title>A trav\u00e9s de m\u00ed - Catalogo | Letrame Grupo Editorial<\/title>\n<meta name=\"robots\" content=\"index, follow, max-snippet:-1, max-image-preview:large, max-video-preview:-1\" \/>\n<link rel=\"canonical\" href=\"https:\/\/letrame.com\/catalogo\/producto\/a-traves-de-mi\/\" \/>\n<meta property=\"og:locale\" content=\"es_ES\" \/>\n<meta property=\"og:type\" content=\"article\" \/>\n<meta property=\"og:title\" content=\"A trav\u00e9s de m\u00ed - Catalogo | Letrame Grupo Editorial\" \/>\n<meta property=\"og:description\" content=\"ISBN: 978-84-1068-546-8 SINOPSIS Ari es una chica cuyos padres viven juntos hasta el momento de su separaci\u00f3n. Ella acaba perdiendo la cabeza por dos j\u00f3venes de los que piensa que est\u00e1 enamorada, necesitaba un golpe de realidad para darse cuenta de cu\u00e1l de los dos estaba realmente enamorada. A lo largo de la historia, Ari va descubriendo secretos que le ocultan personas cercanas y vive momentos duros a lo largo de su vida.  \u00bfLograr\u00e1 Ari superarlo?  Y t\u00fa, \u00bfest\u00e1s listo para leer la historia?\" \/>\n<meta property=\"og:url\" content=\"https:\/\/letrame.com\/catalogo\/producto\/a-traves-de-mi\/\" \/>\n<meta property=\"og:site_name\" content=\"Catalogo | Letrame Grupo Editorial\" \/>\n<meta property=\"article:modified_time\" content=\"2024-08-01T10:20:22+00:00\" \/>\n<meta property=\"og:image\" content=\"https:\/\/letrame.com\/catalogo\/wp-content\/uploads\/2024\/07\/atravesdemi_1371mm4-compressed-scaled-compressed.jpg\" \/>\n\t<meta property=\"og:image:width\" content=\"1746\" \/>\n\t<meta property=\"og:image:height\" content=\"2560\" \/>\n\t<meta property=\"og:image:type\" content=\"image\/jpeg\" \/>\n<meta name=\"twitter:card\" content=\"summary_large_image\" \/>\n<meta name=\"twitter:label1\" content=\"Tiempo de lectura\" \/>\n\t<meta name=\"twitter:data1\" content=\"1 minuto\" \/>\n<script type=\"application\/ld+json\" class=\"yoast-schema-graph\">{\"@context\":\"https:\/\/schema.org\",\"@graph\":[{\"@type\":\"WebPage\",\"@id\":\"https:\/\/letrame.com\/catalogo\/producto\/a-traves-de-mi\/\",\"url\":\"https:\/\/letrame.com\/catalogo\/producto\/a-traves-de-mi\/\",\"name\":\"A trav\u00e9s de m\u00ed - Catalogo | Letrame Grupo Editorial\",\"isPartOf\":{\"@id\":\"https:\/\/letrame.com\/catalogo\/#website\"},\"primaryImageOfPage\":{\"@id\":\"https:\/\/letrame.com\/catalogo\/producto\/a-traves-de-mi\/#primaryimage\"},\"image\":{\"@id\":\"https:\/\/letrame.com\/catalogo\/producto\/a-traves-de-mi\/#primaryimage\"},\"thumbnailUrl\":\"https:\/\/letrame.com\/catalogo\/wp-content\/uploads\/2024\/07\/atravesdemi_1371mm4-compressed-scaled-compressed.jpg\",\"datePublished\":\"2024-07-25T08:12:09+00:00\",\"dateModified\":\"2024-08-01T10:20:22+00:00\",\"breadcrumb\":{\"@id\":\"https:\/\/letrame.com\/catalogo\/producto\/a-traves-de-mi\/#breadcrumb\"},\"inLanguage\":\"es\",\"potentialAction\":[{\"@type\":\"ReadAction\",\"target\":[\"https:\/\/letrame.com\/catalogo\/producto\/a-traves-de-mi\/\"]}]},{\"@type\":\"ImageObject\",\"inLanguage\":\"es\",\"@id\":\"https:\/\/letrame.com\/catalogo\/producto\/a-traves-de-mi\/#primaryimage\",\"url\":\"https:\/\/letrame.com\/catalogo\/wp-content\/uploads\/2024\/07\/atravesdemi_1371mm4-compressed-scaled-compressed.jpg\",\"contentUrl\":\"https:\/\/letrame.com\/catalogo\/wp-content\/uploads\/2024\/07\/atravesdemi_1371mm4-compressed-scaled-compressed.jpg\",\"width\":1746,\"height\":2560},{\"@type\":\"BreadcrumbList\",\"@id\":\"https:\/\/letrame.com\/catalogo\/producto\/a-traves-de-mi\/#breadcrumb\",\"itemListElement\":[{\"@type\":\"ListItem\",\"position\":1,\"name\":\"Portada\",\"item\":\"https:\/\/letrame.com\/catalogo\/\"},{\"@type\":\"ListItem\",\"position\":2,\"name\":\"Cat\u00e1logo\",\"item\":\"https:\/\/letrame.com\/catalogo\/\"},{\"@type\":\"ListItem\",\"position\":3,\"name\":\"A trav\u00e9s de m\u00ed\"}]},{\"@type\":\"WebSite\",\"@id\":\"https:\/\/letrame.com\/catalogo\/#website\",\"url\":\"https:\/\/letrame.com\/catalogo\/\",\"name\":\"Catalogo | Letrame Grupo Editorial\",\"description\":\"\",\"publisher\":{\"@id\":\"https:\/\/letrame.com\/catalogo\/#organization\"},\"potentialAction\":[{\"@type\":\"SearchAction\",\"target\":{\"@type\":\"EntryPoint\",\"urlTemplate\":\"https:\/\/letrame.com\/catalogo\/?s={search_term_string}\"},\"query-input\":{\"@type\":\"PropertyValueSpecification\",\"valueRequired\":true,\"valueName\":\"search_term_string\"}}],\"inLanguage\":\"es\"},{\"@type\":\"Organization\",\"@id\":\"https:\/\/letrame.com\/catalogo\/#organization\",\"name\":\"Catalogo | Letrame Grupo Editorial\",\"url\":\"https:\/\/letrame.com\/catalogo\/\",\"logo\":{\"@type\":\"ImageObject\",\"inLanguage\":\"es\",\"@id\":\"https:\/\/letrame.com\/catalogo\/#\/schema\/logo\/image\/\",\"url\":\"https:\/\/letrame.com\/catalogo\/wp-content\/uploads\/2024\/03\/logo2.webp\",\"contentUrl\":\"https:\/\/letrame.com\/catalogo\/wp-content\/uploads\/2024\/03\/logo2.webp\",\"width\":394,\"height\":128,\"caption\":\"Catalogo | Letrame Grupo Editorial\"},\"image\":{\"@id\":\"https:\/\/letrame.com\/catalogo\/#\/schema\/logo\/image\/\"}}]}<\/script>\n<!-- \/ Yoast SEO plugin. -->","yoast_head_json":{"title":"A trav\u00e9s de m\u00ed - Catalogo | Letrame Grupo Editorial","robots":{"index":"index","follow":"follow","max-snippet":"max-snippet:-1","max-image-preview":"max-image-preview:large","max-video-preview":"max-video-preview:-1"},"canonical":"https:\/\/letrame.com\/catalogo\/producto\/a-traves-de-mi\/","og_locale":"es_ES","og_type":"article","og_title":"A trav\u00e9s de m\u00ed - Catalogo | Letrame Grupo Editorial","og_description":"ISBN: 978-84-1068-546-8 SINOPSIS Ari es una chica cuyos padres viven juntos hasta el momento de su separaci\u00f3n. Ella acaba perdiendo la cabeza por dos j\u00f3venes de los que piensa que est\u00e1 enamorada, necesitaba un golpe de realidad para darse cuenta de cu\u00e1l de los dos estaba realmente enamorada. A lo largo de la historia, Ari va descubriendo secretos que le ocultan personas cercanas y vive momentos duros a lo largo de su vida.  \u00bfLograr\u00e1 Ari superarlo?  Y t\u00fa, \u00bfest\u00e1s listo para leer la historia?","og_url":"https:\/\/letrame.com\/catalogo\/producto\/a-traves-de-mi\/","og_site_name":"Catalogo | Letrame Grupo Editorial","article_modified_time":"2024-08-01T10:20:22+00:00","og_image":[{"width":1746,"height":2560,"url":"https:\/\/letrame.com\/catalogo\/wp-content\/uploads\/2024\/07\/atravesdemi_1371mm4-compressed-scaled-compressed.jpg","type":"image\/jpeg"}],"twitter_card":"summary_large_image","twitter_misc":{"Tiempo de lectura":"1 minuto"},"schema":{"@context":"https:\/\/schema.org","@graph":[{"@type":"WebPage","@id":"https:\/\/letrame.com\/catalogo\/producto\/a-traves-de-mi\/","url":"https:\/\/letrame.com\/catalogo\/producto\/a-traves-de-mi\/","name":"A trav\u00e9s de m\u00ed - Catalogo | Letrame Grupo Editorial","isPartOf":{"@id":"https:\/\/letrame.com\/catalogo\/#website"},"primaryImageOfPage":{"@id":"https:\/\/letrame.com\/catalogo\/producto\/a-traves-de-mi\/#primaryimage"},"image":{"@id":"https:\/\/letrame.com\/catalogo\/producto\/a-traves-de-mi\/#primaryimage"},"thumbnailUrl":"https:\/\/letrame.com\/catalogo\/wp-content\/uploads\/2024\/07\/atravesdemi_1371mm4-compressed-scaled-compressed.jpg","datePublished":"2024-07-25T08:12:09+00:00","dateModified":"2024-08-01T10:20:22+00:00","breadcrumb":{"@id":"https:\/\/letrame.com\/catalogo\/producto\/a-traves-de-mi\/#breadcrumb"},"inLanguage":"es","potentialAction":[{"@type":"ReadAction","target":["https:\/\/letrame.com\/catalogo\/producto\/a-traves-de-mi\/"]}]},{"@type":"ImageObject","inLanguage":"es","@id":"https:\/\/letrame.com\/catalogo\/producto\/a-traves-de-mi\/#primaryimage","url":"https:\/\/letrame.com\/catalogo\/wp-content\/uploads\/2024\/07\/atravesdemi_1371mm4-compressed-scaled-compressed.jpg","contentUrl":"https:\/\/letrame.com\/catalogo\/wp-content\/uploads\/2024\/07\/atravesdemi_1371mm4-compressed-scaled-compressed.jpg","width":1746,"height":2560},{"@type":"BreadcrumbList","@id":"https:\/\/letrame.com\/catalogo\/producto\/a-traves-de-mi\/#breadcrumb","itemListElement":[{"@type":"ListItem","position":1,"name":"Portada","item":"https:\/\/letrame.com\/catalogo\/"},{"@type":"ListItem","position":2,"name":"Cat\u00e1logo","item":"https:\/\/letrame.com\/catalogo\/"},{"@type":"ListItem","position":3,"name":"A trav\u00e9s de m\u00ed"}]},{"@type":"WebSite","@id":"https:\/\/letrame.com\/catalogo\/#website","url":"https:\/\/letrame.com\/catalogo\/","name":"Catalogo | Letrame Grupo Editorial","description":"","publisher":{"@id":"https:\/\/letrame.com\/catalogo\/#organization"},"potentialAction":[{"@type":"SearchAction","target":{"@type":"EntryPoint","urlTemplate":"https:\/\/letrame.com\/catalogo\/?s={search_term_string}"},"query-input":{"@type":"PropertyValueSpecification","valueRequired":true,"valueName":"search_term_string"}}],"inLanguage":"es"},{"@type":"Organization","@id":"https:\/\/letrame.com\/catalogo\/#organization","name":"Catalogo | Letrame Grupo Editorial","url":"https:\/\/letrame.com\/catalogo\/","logo":{"@type":"ImageObject","inLanguage":"es","@id":"https:\/\/letrame.com\/catalogo\/#\/schema\/logo\/image\/","url":"https:\/\/letrame.com\/catalogo\/wp-content\/uploads\/2024\/03\/logo2.webp","contentUrl":"https:\/\/letrame.com\/catalogo\/wp-content\/uploads\/2024\/03\/logo2.webp","width":394,"height":128,"caption":"Catalogo | Letrame Grupo Editorial"},"image":{"@id":"https:\/\/letrame.com\/catalogo\/#\/schema\/logo\/image\/"}}]}},"_links":{"self":[{"href":"https:\/\/letrame.com\/catalogo\/wp-json\/wp\/v2\/product\/103372","targetHints":{"allow":["GET"]}}],"collection":[{"href":"https:\/\/letrame.com\/catalogo\/wp-json\/wp\/v2\/product"}],"about":[{"href":"https:\/\/letrame.com\/catalogo\/wp-json\/wp\/v2\/types\/product"}],"replies":[{"embeddable":true,"href":"https:\/\/letrame.com\/catalogo\/wp-json\/wp\/v2\/comments?post=103372"}],"acf:post":[{"embeddable":true,"href":"https:\/\/letrame.com\/catalogo\/wp-json\/wp\/v2\/author_book\/103364"}],"wp:featuredmedia":[{"embeddable":true,"href":"https:\/\/letrame.com\/catalogo\/wp-json\/wp\/v2\/media\/104663"}],"wp:attachment":[{"href":"https:\/\/letrame.com\/catalogo\/wp-json\/wp\/v2\/media?parent=103372"}],"wp:term":[{"taxonomy":"libro","embeddable":true,"href":"https:\/\/letrame.com\/catalogo\/wp-json\/wp\/v2\/libro?post=103372"},{"taxonomy":"product_brand","embeddable":true,"href":"https:\/\/letrame.com\/catalogo\/wp-json\/wp\/v2\/product_brand?post=103372"},{"taxonomy":"product_cat","embeddable":true,"href":"https:\/\/letrame.com\/catalogo\/wp-json\/wp\/v2\/product_cat?post=103372"},{"taxonomy":"product_tag","embeddable":true,"href":"https:\/\/letrame.com\/catalogo\/wp-json\/wp\/v2\/product_tag?post=103372"}],"curies":[{"name":"wp","href":"https:\/\/api.w.org\/{rel}","templated":true}]}}