{"id":103353,"date":"2024-07-25T09:54:06","date_gmt":"2024-07-25T07:54:06","guid":{"rendered":"https:\/\/letrame.com\/catalogo\/?post_type=product&#038;p=103353"},"modified":"2024-08-01T11:17:53","modified_gmt":"2024-08-01T09:17:53","slug":"los-genes-de-la-mecanica-cuantica","status":"publish","type":"product","link":"https:\/\/letrame.com\/catalogo\/producto\/los-genes-de-la-mecanica-cuantica\/","title":{"rendered":"Los genes de la mec\u00e1nica cu\u00e1ntica"},"content":{"rendered":"<p class=\"p1\">ISBN: 978-84-1068-342-6<\/p>\n<p class=\"p1\">T\u00edtulo: Los genes de la mec\u00e1nica cu\u00e1ntica<\/p>\n<p class=\"p1\">Fecha: 2024<\/p>\n<p class=\"p1\">P\u00e1ginas: 212<\/p>\n<p class=\"p1\">SINOPSIS<\/p>\n<p>Este libro no es un libro de f\u00edsica, sino de historia. En \u00e9l se narra la apasionante historia que llev\u00f3 a la formulaci\u00f3n de la mec\u00e1nica cu\u00e1ntica, partiendo desde sus or\u00edgenes m\u00e1s remotos, la m\u00e1quina de vapor. A lo largo del libro se van describiendo las distintas etapas evolutivas de la parte de la ciencia que relaciona la energ\u00eda con la materia, poniendo especial inter\u00e9s en humanizar el proceso a trav\u00e9s de la historia de sus personajes. Se pone de manifiesto las virtudes, pero tambi\u00e9n los defectos, de aquellos cient\u00edficos que, mediante el uso de las matem\u00e1ticas y mucha imaginaci\u00f3n, desarrollaron los principios fundamentales de la mec\u00e1nica cu\u00e1ntica. Aunque en el libro aparecen algunos desarrollos matem\u00e1ticos, \u00e9stos son complementarios y no son necesarios para el completo entendimiento de la obra, en la que hay numerosos ejemplos que ayudan a su comprensi\u00f3n y an\u00e9cdotas que amenizan la lectura. Al final del libro hay cuatro anexos que tratan temas que complementan los acontecimientos que se describen en el libro.<\/p>\n","protected":false},"excerpt":{"rendered":"<p class=\"p1\">ISBN: 978-84-1068-342-6<\/p>\n<p class=\"p1\">SINOPSIS<\/p>\n<p>Este libro no es un libro de f\u00edsica, sino de historia. En \u00e9l se narra la apasionante historia que llev\u00f3 a la formulaci\u00f3n de la mec\u00e1nica cu\u00e1ntica, partiendo desde sus or\u00edgenes m\u00e1s remotos, la m\u00e1quina de vapor. A lo largo del libro se van describiendo las distintas etapas evolutivas de la parte de la ciencia que relaciona la energ\u00eda con la materia, poniendo especial inter\u00e9s en humanizar el proceso a trav\u00e9s de la historia de sus personajes. Se pone de manifiesto las virtudes, pero tambi\u00e9n los defectos, de aquellos cient\u00edficos que, mediante el uso de las matem\u00e1ticas y mucha imaginaci\u00f3n, desarrollaron los principios fundamentales de la mec\u00e1nica cu\u00e1ntica. Aunque en el libro aparecen algunos desarrollos matem\u00e1ticos, \u00e9stos son complementarios y no son necesarios para el completo entendimiento de la obra, en la que hay numerosos ejemplos que ayudan a su comprensi\u00f3n y an\u00e9cdotas que amenizan la lectura. Al final del libro hay cuatro anexos que tratan temas que complementan los acontecimientos que se describen en el libro.<\/p>\n","protected":false},"featured_media":104611,"comment_status":"open","ping_status":"closed","template":"","meta":{"_acf_changed":false},"libro":[],"product_brand":[],"product_cat":[125],"product_tag":[],"class_list":{"0":"post-103353","1":"product","2":"type-product","3":"status-publish","4":"has-post-thumbnail","6":"product_cat-fisica","8":"first","9":"instock","10":"shipping-taxable","11":"product-type-simple"},"acf":{"autor":[103352],"enlace_de_compra":"https:\/\/amzn.to\/46hkg79"},"yoast_head":"<!-- This site is optimized with the Yoast SEO plugin v26.6 - https:\/\/yoast.com\/wordpress\/plugins\/seo\/ -->\n<title>Los genes de la mec\u00e1nica cu\u00e1ntica - Catalogo | Letrame Grupo Editorial<\/title>\n<meta name=\"robots\" content=\"index, follow, max-snippet:-1, max-image-preview:large, max-video-preview:-1\" \/>\n<link rel=\"canonical\" href=\"https:\/\/letrame.com\/catalogo\/producto\/los-genes-de-la-mecanica-cuantica\/\" \/>\n<meta property=\"og:locale\" content=\"es_ES\" \/>\n<meta property=\"og:type\" content=\"article\" \/>\n<meta property=\"og:title\" content=\"Los genes de la mec\u00e1nica cu\u00e1ntica - Catalogo | Letrame Grupo Editorial\" \/>\n<meta property=\"og:description\" content=\"ISBN: 978-84-1068-342-6 SINOPSIS Este libro no es un libro de f\u00edsica, sino de historia. En \u00e9l se narra la apasionante historia que llev\u00f3 a la formulaci\u00f3n de la mec\u00e1nica cu\u00e1ntica, partiendo desde sus or\u00edgenes m\u00e1s remotos, la m\u00e1quina de vapor. A lo largo del libro se van describiendo las distintas etapas evolutivas de la parte de la ciencia que relaciona la energ\u00eda con la materia, poniendo especial inter\u00e9s en humanizar el proceso a trav\u00e9s de la historia de sus personajes. Se pone de manifiesto las virtudes, pero tambi\u00e9n los defectos, de aquellos cient\u00edficos que, mediante el uso de las matem\u00e1ticas y mucha imaginaci\u00f3n, desarrollaron los principios fundamentales de la mec\u00e1nica cu\u00e1ntica. Aunque en el libro aparecen algunos desarrollos matem\u00e1ticos, \u00e9stos son complementarios y no son necesarios para el completo entendimiento de la obra, en la que hay numerosos ejemplos que ayudan a su comprensi\u00f3n y an\u00e9cdotas que amenizan la lectura. Al final del libro hay cuatro anexos que tratan temas que complementan los acontecimientos que se describen en el libro.\" \/>\n<meta property=\"og:url\" content=\"https:\/\/letrame.com\/catalogo\/producto\/los-genes-de-la-mecanica-cuantica\/\" \/>\n<meta property=\"og:site_name\" content=\"Catalogo | Letrame Grupo Editorial\" \/>\n<meta property=\"article:modified_time\" content=\"2024-08-01T09:17:53+00:00\" \/>\n<meta property=\"og:image\" content=\"https:\/\/letrame.com\/catalogo\/wp-content\/uploads\/2024\/07\/webp_losgenesdela_1085mm-compressed-scaled-compressed.jpg\" \/>\n\t<meta property=\"og:image:width\" content=\"1813\" \/>\n\t<meta property=\"og:image:height\" content=\"2560\" \/>\n\t<meta property=\"og:image:type\" content=\"image\/jpeg\" \/>\n<meta name=\"twitter:card\" content=\"summary_large_image\" \/>\n<meta name=\"twitter:label1\" content=\"Tiempo de lectura\" \/>\n\t<meta name=\"twitter:data1\" content=\"2 minutos\" \/>\n<script type=\"application\/ld+json\" class=\"yoast-schema-graph\">{\"@context\":\"https:\/\/schema.org\",\"@graph\":[{\"@type\":\"WebPage\",\"@id\":\"https:\/\/letrame.com\/catalogo\/producto\/los-genes-de-la-mecanica-cuantica\/\",\"url\":\"https:\/\/letrame.com\/catalogo\/producto\/los-genes-de-la-mecanica-cuantica\/\",\"name\":\"Los genes de la mec\u00e1nica cu\u00e1ntica - Catalogo | Letrame Grupo Editorial\",\"isPartOf\":{\"@id\":\"https:\/\/letrame.com\/catalogo\/#website\"},\"primaryImageOfPage\":{\"@id\":\"https:\/\/letrame.com\/catalogo\/producto\/los-genes-de-la-mecanica-cuantica\/#primaryimage\"},\"image\":{\"@id\":\"https:\/\/letrame.com\/catalogo\/producto\/los-genes-de-la-mecanica-cuantica\/#primaryimage\"},\"thumbnailUrl\":\"https:\/\/letrame.com\/catalogo\/wp-content\/uploads\/2024\/07\/webp_losgenesdela_1085mm-compressed-scaled-compressed.jpg\",\"datePublished\":\"2024-07-25T07:54:06+00:00\",\"dateModified\":\"2024-08-01T09:17:53+00:00\",\"breadcrumb\":{\"@id\":\"https:\/\/letrame.com\/catalogo\/producto\/los-genes-de-la-mecanica-cuantica\/#breadcrumb\"},\"inLanguage\":\"es\",\"potentialAction\":[{\"@type\":\"ReadAction\",\"target\":[\"https:\/\/letrame.com\/catalogo\/producto\/los-genes-de-la-mecanica-cuantica\/\"]}]},{\"@type\":\"ImageObject\",\"inLanguage\":\"es\",\"@id\":\"https:\/\/letrame.com\/catalogo\/producto\/los-genes-de-la-mecanica-cuantica\/#primaryimage\",\"url\":\"https:\/\/letrame.com\/catalogo\/wp-content\/uploads\/2024\/07\/webp_losgenesdela_1085mm-compressed-scaled-compressed.jpg\",\"contentUrl\":\"https:\/\/letrame.com\/catalogo\/wp-content\/uploads\/2024\/07\/webp_losgenesdela_1085mm-compressed-scaled-compressed.jpg\",\"width\":1813,\"height\":2560},{\"@type\":\"BreadcrumbList\",\"@id\":\"https:\/\/letrame.com\/catalogo\/producto\/los-genes-de-la-mecanica-cuantica\/#breadcrumb\",\"itemListElement\":[{\"@type\":\"ListItem\",\"position\":1,\"name\":\"Portada\",\"item\":\"https:\/\/letrame.com\/catalogo\/\"},{\"@type\":\"ListItem\",\"position\":2,\"name\":\"Cat\u00e1logo\",\"item\":\"https:\/\/letrame.com\/catalogo\/\"},{\"@type\":\"ListItem\",\"position\":3,\"name\":\"Los genes de la mec\u00e1nica cu\u00e1ntica\"}]},{\"@type\":\"WebSite\",\"@id\":\"https:\/\/letrame.com\/catalogo\/#website\",\"url\":\"https:\/\/letrame.com\/catalogo\/\",\"name\":\"Catalogo | Letrame Grupo Editorial\",\"description\":\"\",\"publisher\":{\"@id\":\"https:\/\/letrame.com\/catalogo\/#organization\"},\"potentialAction\":[{\"@type\":\"SearchAction\",\"target\":{\"@type\":\"EntryPoint\",\"urlTemplate\":\"https:\/\/letrame.com\/catalogo\/?s={search_term_string}\"},\"query-input\":{\"@type\":\"PropertyValueSpecification\",\"valueRequired\":true,\"valueName\":\"search_term_string\"}}],\"inLanguage\":\"es\"},{\"@type\":\"Organization\",\"@id\":\"https:\/\/letrame.com\/catalogo\/#organization\",\"name\":\"Catalogo | Letrame Grupo Editorial\",\"url\":\"https:\/\/letrame.com\/catalogo\/\",\"logo\":{\"@type\":\"ImageObject\",\"inLanguage\":\"es\",\"@id\":\"https:\/\/letrame.com\/catalogo\/#\/schema\/logo\/image\/\",\"url\":\"https:\/\/letrame.com\/catalogo\/wp-content\/uploads\/2024\/03\/logo2.webp\",\"contentUrl\":\"https:\/\/letrame.com\/catalogo\/wp-content\/uploads\/2024\/03\/logo2.webp\",\"width\":394,\"height\":128,\"caption\":\"Catalogo | Letrame Grupo Editorial\"},\"image\":{\"@id\":\"https:\/\/letrame.com\/catalogo\/#\/schema\/logo\/image\/\"}}]}<\/script>\n<!-- \/ Yoast SEO plugin. -->","yoast_head_json":{"title":"Los genes de la mec\u00e1nica cu\u00e1ntica - Catalogo | Letrame Grupo Editorial","robots":{"index":"index","follow":"follow","max-snippet":"max-snippet:-1","max-image-preview":"max-image-preview:large","max-video-preview":"max-video-preview:-1"},"canonical":"https:\/\/letrame.com\/catalogo\/producto\/los-genes-de-la-mecanica-cuantica\/","og_locale":"es_ES","og_type":"article","og_title":"Los genes de la mec\u00e1nica cu\u00e1ntica - Catalogo | Letrame Grupo Editorial","og_description":"ISBN: 978-84-1068-342-6 SINOPSIS Este libro no es un libro de f\u00edsica, sino de historia. En \u00e9l se narra la apasionante historia que llev\u00f3 a la formulaci\u00f3n de la mec\u00e1nica cu\u00e1ntica, partiendo desde sus or\u00edgenes m\u00e1s remotos, la m\u00e1quina de vapor. A lo largo del libro se van describiendo las distintas etapas evolutivas de la parte de la ciencia que relaciona la energ\u00eda con la materia, poniendo especial inter\u00e9s en humanizar el proceso a trav\u00e9s de la historia de sus personajes. Se pone de manifiesto las virtudes, pero tambi\u00e9n los defectos, de aquellos cient\u00edficos que, mediante el uso de las matem\u00e1ticas y mucha imaginaci\u00f3n, desarrollaron los principios fundamentales de la mec\u00e1nica cu\u00e1ntica. Aunque en el libro aparecen algunos desarrollos matem\u00e1ticos, \u00e9stos son complementarios y no son necesarios para el completo entendimiento de la obra, en la que hay numerosos ejemplos que ayudan a su comprensi\u00f3n y an\u00e9cdotas que amenizan la lectura. Al final del libro hay cuatro anexos que tratan temas que complementan los acontecimientos que se describen en el libro.","og_url":"https:\/\/letrame.com\/catalogo\/producto\/los-genes-de-la-mecanica-cuantica\/","og_site_name":"Catalogo | Letrame Grupo Editorial","article_modified_time":"2024-08-01T09:17:53+00:00","og_image":[{"width":1813,"height":2560,"url":"https:\/\/letrame.com\/catalogo\/wp-content\/uploads\/2024\/07\/webp_losgenesdela_1085mm-compressed-scaled-compressed.jpg","type":"image\/jpeg"}],"twitter_card":"summary_large_image","twitter_misc":{"Tiempo de lectura":"2 minutos"},"schema":{"@context":"https:\/\/schema.org","@graph":[{"@type":"WebPage","@id":"https:\/\/letrame.com\/catalogo\/producto\/los-genes-de-la-mecanica-cuantica\/","url":"https:\/\/letrame.com\/catalogo\/producto\/los-genes-de-la-mecanica-cuantica\/","name":"Los genes de la mec\u00e1nica cu\u00e1ntica - Catalogo | Letrame Grupo Editorial","isPartOf":{"@id":"https:\/\/letrame.com\/catalogo\/#website"},"primaryImageOfPage":{"@id":"https:\/\/letrame.com\/catalogo\/producto\/los-genes-de-la-mecanica-cuantica\/#primaryimage"},"image":{"@id":"https:\/\/letrame.com\/catalogo\/producto\/los-genes-de-la-mecanica-cuantica\/#primaryimage"},"thumbnailUrl":"https:\/\/letrame.com\/catalogo\/wp-content\/uploads\/2024\/07\/webp_losgenesdela_1085mm-compressed-scaled-compressed.jpg","datePublished":"2024-07-25T07:54:06+00:00","dateModified":"2024-08-01T09:17:53+00:00","breadcrumb":{"@id":"https:\/\/letrame.com\/catalogo\/producto\/los-genes-de-la-mecanica-cuantica\/#breadcrumb"},"inLanguage":"es","potentialAction":[{"@type":"ReadAction","target":["https:\/\/letrame.com\/catalogo\/producto\/los-genes-de-la-mecanica-cuantica\/"]}]},{"@type":"ImageObject","inLanguage":"es","@id":"https:\/\/letrame.com\/catalogo\/producto\/los-genes-de-la-mecanica-cuantica\/#primaryimage","url":"https:\/\/letrame.com\/catalogo\/wp-content\/uploads\/2024\/07\/webp_losgenesdela_1085mm-compressed-scaled-compressed.jpg","contentUrl":"https:\/\/letrame.com\/catalogo\/wp-content\/uploads\/2024\/07\/webp_losgenesdela_1085mm-compressed-scaled-compressed.jpg","width":1813,"height":2560},{"@type":"BreadcrumbList","@id":"https:\/\/letrame.com\/catalogo\/producto\/los-genes-de-la-mecanica-cuantica\/#breadcrumb","itemListElement":[{"@type":"ListItem","position":1,"name":"Portada","item":"https:\/\/letrame.com\/catalogo\/"},{"@type":"ListItem","position":2,"name":"Cat\u00e1logo","item":"https:\/\/letrame.com\/catalogo\/"},{"@type":"ListItem","position":3,"name":"Los genes de la mec\u00e1nica cu\u00e1ntica"}]},{"@type":"WebSite","@id":"https:\/\/letrame.com\/catalogo\/#website","url":"https:\/\/letrame.com\/catalogo\/","name":"Catalogo | Letrame Grupo Editorial","description":"","publisher":{"@id":"https:\/\/letrame.com\/catalogo\/#organization"},"potentialAction":[{"@type":"SearchAction","target":{"@type":"EntryPoint","urlTemplate":"https:\/\/letrame.com\/catalogo\/?s={search_term_string}"},"query-input":{"@type":"PropertyValueSpecification","valueRequired":true,"valueName":"search_term_string"}}],"inLanguage":"es"},{"@type":"Organization","@id":"https:\/\/letrame.com\/catalogo\/#organization","name":"Catalogo | Letrame Grupo Editorial","url":"https:\/\/letrame.com\/catalogo\/","logo":{"@type":"ImageObject","inLanguage":"es","@id":"https:\/\/letrame.com\/catalogo\/#\/schema\/logo\/image\/","url":"https:\/\/letrame.com\/catalogo\/wp-content\/uploads\/2024\/03\/logo2.webp","contentUrl":"https:\/\/letrame.com\/catalogo\/wp-content\/uploads\/2024\/03\/logo2.webp","width":394,"height":128,"caption":"Catalogo | Letrame Grupo Editorial"},"image":{"@id":"https:\/\/letrame.com\/catalogo\/#\/schema\/logo\/image\/"}}]}},"_links":{"self":[{"href":"https:\/\/letrame.com\/catalogo\/wp-json\/wp\/v2\/product\/103353","targetHints":{"allow":["GET"]}}],"collection":[{"href":"https:\/\/letrame.com\/catalogo\/wp-json\/wp\/v2\/product"}],"about":[{"href":"https:\/\/letrame.com\/catalogo\/wp-json\/wp\/v2\/types\/product"}],"replies":[{"embeddable":true,"href":"https:\/\/letrame.com\/catalogo\/wp-json\/wp\/v2\/comments?post=103353"}],"acf:post":[{"embeddable":true,"href":"https:\/\/letrame.com\/catalogo\/wp-json\/wp\/v2\/author_book\/103352"}],"wp:featuredmedia":[{"embeddable":true,"href":"https:\/\/letrame.com\/catalogo\/wp-json\/wp\/v2\/media\/104611"}],"wp:attachment":[{"href":"https:\/\/letrame.com\/catalogo\/wp-json\/wp\/v2\/media?parent=103353"}],"wp:term":[{"taxonomy":"libro","embeddable":true,"href":"https:\/\/letrame.com\/catalogo\/wp-json\/wp\/v2\/libro?post=103353"},{"taxonomy":"product_brand","embeddable":true,"href":"https:\/\/letrame.com\/catalogo\/wp-json\/wp\/v2\/product_brand?post=103353"},{"taxonomy":"product_cat","embeddable":true,"href":"https:\/\/letrame.com\/catalogo\/wp-json\/wp\/v2\/product_cat?post=103353"},{"taxonomy":"product_tag","embeddable":true,"href":"https:\/\/letrame.com\/catalogo\/wp-json\/wp\/v2\/product_tag?post=103353"}],"curies":[{"name":"wp","href":"https:\/\/api.w.org\/{rel}","templated":true}]}}