{"id":103345,"date":"2024-07-25T09:44:33","date_gmt":"2024-07-25T07:44:33","guid":{"rendered":"https:\/\/letrame.com\/catalogo\/?post_type=product&#038;p=103345"},"modified":"2024-07-25T09:44:34","modified_gmt":"2024-07-25T07:44:34","slug":"paraiso-de-almas-dispersas","status":"publish","type":"product","link":"https:\/\/letrame.com\/catalogo\/producto\/paraiso-de-almas-dispersas\/","title":{"rendered":"Para\u00edso de almas dispersas"},"content":{"rendered":"<p class=\"p1\">ISBN: 978-84-1068-456-0<\/p>\n<p class=\"p1\">T\u00edtulo: Para\u00edso de almas dispersas<\/p>\n<p class=\"p1\">Fecha: 2024<\/p>\n<p class=\"p1\">P\u00e1ginas: 58<\/p>\n<p class=\"p1\">SINOPSIS<\/p>\n<p>Bienvenidos al <em>Para\u00edso de Almas Dispersas<\/em>, el lugar ideal para las ni\u00f1as solitarias, los ni\u00f1os malos, las ni\u00f1as sonrientes o los ni\u00f1os descontrolados. Este es un verdadero para\u00edso para ni\u00f1os rotos dentro de cuerpos de adolescentes revoltosos. Este para\u00edso no es el lugar del perd\u00f3n ni de la alegr\u00eda eterna, es el lugar de la verdad descrita con el coraz\u00f3n, y es, sobretodo, un hogar, con su calidez en primavera y su calor sofocante en verano, con los ligeros vientos en oto\u00f1o y las tormentas de invierno, que conforman, con todas sus caras, la fuerza y la gentileza de un hogar para el alma.<\/p>\n","protected":false},"excerpt":{"rendered":"<p class=\"p1\">ISBN: 978-84-1068-456-0<\/p>\n<p class=\"p1\">SINOPSIS<\/p>\n<p>Bienvenidos al <em>Para\u00edso de Almas Dispersas<\/em>, el lugar ideal para las ni\u00f1as solitarias, los ni\u00f1os malos, las ni\u00f1as sonrientes o los ni\u00f1os descontrolados. Este es un verdadero para\u00edso para ni\u00f1os rotos dentro de cuerpos de adolescentes revoltosos. Este para\u00edso no es el lugar del perd\u00f3n ni de la alegr\u00eda eterna, es el lugar de la verdad descrita con el coraz\u00f3n, y es, sobretodo, un hogar, con su calidez en primavera y su calor sofocante en verano, con los ligeros vientos en oto\u00f1o y las tormentas de invierno, que conforman, con todas sus caras, la fuerza y la gentileza de un hogar para el alma.<\/p>\n","protected":false},"featured_media":103349,"comment_status":"open","ping_status":"closed","template":"","meta":{"_acf_changed":false},"libro":[],"product_brand":[],"product_cat":[20],"product_tag":[],"class_list":{"0":"post-103345","1":"product","2":"type-product","3":"status-publish","4":"has-post-thumbnail","6":"product_cat-poesia","8":"first","9":"instock","10":"shipping-taxable","11":"product-type-simple"},"acf":{"autor":[103344],"enlace_de_compra":"https:\/\/amzn.to\/3LBsmh8"},"yoast_head":"<!-- This site is optimized with the Yoast SEO plugin v27.4 - https:\/\/yoast.com\/product\/yoast-seo-wordpress\/ -->\n<title>Para\u00edso de almas dispersas - Catalogo | Letrame Grupo Editorial<\/title>\n<meta name=\"robots\" content=\"index, follow, max-snippet:-1, max-image-preview:large, max-video-preview:-1\" \/>\n<link rel=\"canonical\" href=\"https:\/\/letrame.com\/catalogo\/producto\/paraiso-de-almas-dispersas\/\" \/>\n<meta property=\"og:locale\" content=\"es_ES\" \/>\n<meta property=\"og:type\" content=\"article\" \/>\n<meta property=\"og:title\" content=\"Para\u00edso de almas dispersas - Catalogo | Letrame Grupo Editorial\" \/>\n<meta property=\"og:description\" content=\"ISBN: 978-84-1068-456-0 SINOPSIS Bienvenidos al Para\u00edso de Almas Dispersas, el lugar ideal para las ni\u00f1as solitarias, los ni\u00f1os malos, las ni\u00f1as sonrientes o los ni\u00f1os descontrolados. Este es un verdadero para\u00edso para ni\u00f1os rotos dentro de cuerpos de adolescentes revoltosos. Este para\u00edso no es el lugar del perd\u00f3n ni de la alegr\u00eda eterna, es el lugar de la verdad descrita con el coraz\u00f3n, y es, sobretodo, un hogar, con su calidez en primavera y su calor sofocante en verano, con los ligeros vientos en oto\u00f1o y las tormentas de invierno, que conforman, con todas sus caras, la fuerza y la gentileza de un hogar para el alma.\" \/>\n<meta property=\"og:url\" content=\"https:\/\/letrame.com\/catalogo\/producto\/paraiso-de-almas-dispersas\/\" \/>\n<meta property=\"og:site_name\" content=\"Catalogo | Letrame Grupo Editorial\" \/>\n<meta property=\"article:modified_time\" content=\"2024-07-25T07:44:34+00:00\" \/>\n<meta property=\"og:image\" content=\"https:\/\/letrame.com\/catalogo\/wp-content\/uploads\/2024\/07\/paraisodealmas_41mm4-compressed.jpg\" \/>\n\t<meta property=\"og:image:width\" content=\"1476\" \/>\n\t<meta property=\"og:image:height\" content=\"2256\" \/>\n\t<meta property=\"og:image:type\" content=\"image\/jpeg\" \/>\n<meta name=\"twitter:card\" content=\"summary_large_image\" \/>\n<meta name=\"twitter:label1\" content=\"Tiempo de lectura\" \/>\n\t<meta name=\"twitter:data1\" content=\"1 minuto\" \/>\n<script type=\"application\/ld+json\" class=\"yoast-schema-graph\">{\"@context\":\"https:\\\/\\\/schema.org\",\"@graph\":[{\"@type\":\"WebPage\",\"@id\":\"https:\\\/\\\/letrame.com\\\/catalogo\\\/producto\\\/paraiso-de-almas-dispersas\\\/\",\"url\":\"https:\\\/\\\/letrame.com\\\/catalogo\\\/producto\\\/paraiso-de-almas-dispersas\\\/\",\"name\":\"Para\u00edso de almas dispersas - Catalogo | Letrame Grupo Editorial\",\"isPartOf\":{\"@id\":\"https:\\\/\\\/letrame.com\\\/catalogo\\\/#website\"},\"primaryImageOfPage\":{\"@id\":\"https:\\\/\\\/letrame.com\\\/catalogo\\\/producto\\\/paraiso-de-almas-dispersas\\\/#primaryimage\"},\"image\":{\"@id\":\"https:\\\/\\\/letrame.com\\\/catalogo\\\/producto\\\/paraiso-de-almas-dispersas\\\/#primaryimage\"},\"thumbnailUrl\":\"https:\\\/\\\/letrame.com\\\/catalogo\\\/wp-content\\\/uploads\\\/2024\\\/07\\\/paraisodealmas_41mm4-compressed.jpg\",\"datePublished\":\"2024-07-25T07:44:33+00:00\",\"dateModified\":\"2024-07-25T07:44:34+00:00\",\"breadcrumb\":{\"@id\":\"https:\\\/\\\/letrame.com\\\/catalogo\\\/producto\\\/paraiso-de-almas-dispersas\\\/#breadcrumb\"},\"inLanguage\":\"es\",\"potentialAction\":[{\"@type\":\"ReadAction\",\"target\":[\"https:\\\/\\\/letrame.com\\\/catalogo\\\/producto\\\/paraiso-de-almas-dispersas\\\/\"]}]},{\"@type\":\"ImageObject\",\"inLanguage\":\"es\",\"@id\":\"https:\\\/\\\/letrame.com\\\/catalogo\\\/producto\\\/paraiso-de-almas-dispersas\\\/#primaryimage\",\"url\":\"https:\\\/\\\/letrame.com\\\/catalogo\\\/wp-content\\\/uploads\\\/2024\\\/07\\\/paraisodealmas_41mm4-compressed.jpg\",\"contentUrl\":\"https:\\\/\\\/letrame.com\\\/catalogo\\\/wp-content\\\/uploads\\\/2024\\\/07\\\/paraisodealmas_41mm4-compressed.jpg\",\"width\":1476,\"height\":2256},{\"@type\":\"BreadcrumbList\",\"@id\":\"https:\\\/\\\/letrame.com\\\/catalogo\\\/producto\\\/paraiso-de-almas-dispersas\\\/#breadcrumb\",\"itemListElement\":[{\"@type\":\"ListItem\",\"position\":1,\"name\":\"Portada\",\"item\":\"https:\\\/\\\/letrame.com\\\/catalogo\\\/\"},{\"@type\":\"ListItem\",\"position\":2,\"name\":\"Cat\u00e1logo\",\"item\":\"https:\\\/\\\/letrame.com\\\/catalogo\\\/\"},{\"@type\":\"ListItem\",\"position\":3,\"name\":\"Para\u00edso de almas dispersas\"}]},{\"@type\":\"WebSite\",\"@id\":\"https:\\\/\\\/letrame.com\\\/catalogo\\\/#website\",\"url\":\"https:\\\/\\\/letrame.com\\\/catalogo\\\/\",\"name\":\"Catalogo | Letrame Grupo Editorial\",\"description\":\"\",\"publisher\":{\"@id\":\"https:\\\/\\\/letrame.com\\\/catalogo\\\/#organization\"},\"potentialAction\":[{\"@type\":\"SearchAction\",\"target\":{\"@type\":\"EntryPoint\",\"urlTemplate\":\"https:\\\/\\\/letrame.com\\\/catalogo\\\/?s={search_term_string}\"},\"query-input\":{\"@type\":\"PropertyValueSpecification\",\"valueRequired\":true,\"valueName\":\"search_term_string\"}}],\"inLanguage\":\"es\"},{\"@type\":\"Organization\",\"@id\":\"https:\\\/\\\/letrame.com\\\/catalogo\\\/#organization\",\"name\":\"Catalogo | Letrame Grupo Editorial\",\"url\":\"https:\\\/\\\/letrame.com\\\/catalogo\\\/\",\"logo\":{\"@type\":\"ImageObject\",\"inLanguage\":\"es\",\"@id\":\"https:\\\/\\\/letrame.com\\\/catalogo\\\/#\\\/schema\\\/logo\\\/image\\\/\",\"url\":\"https:\\\/\\\/letrame.com\\\/catalogo\\\/wp-content\\\/uploads\\\/2024\\\/03\\\/logo2.webp\",\"contentUrl\":\"https:\\\/\\\/letrame.com\\\/catalogo\\\/wp-content\\\/uploads\\\/2024\\\/03\\\/logo2.webp\",\"width\":394,\"height\":128,\"caption\":\"Catalogo | Letrame Grupo Editorial\"},\"image\":{\"@id\":\"https:\\\/\\\/letrame.com\\\/catalogo\\\/#\\\/schema\\\/logo\\\/image\\\/\"}}]}<\/script>\n<!-- \/ Yoast SEO plugin. -->","yoast_head_json":{"title":"Para\u00edso de almas dispersas - Catalogo | Letrame Grupo Editorial","robots":{"index":"index","follow":"follow","max-snippet":"max-snippet:-1","max-image-preview":"max-image-preview:large","max-video-preview":"max-video-preview:-1"},"canonical":"https:\/\/letrame.com\/catalogo\/producto\/paraiso-de-almas-dispersas\/","og_locale":"es_ES","og_type":"article","og_title":"Para\u00edso de almas dispersas - Catalogo | Letrame Grupo Editorial","og_description":"ISBN: 978-84-1068-456-0 SINOPSIS Bienvenidos al Para\u00edso de Almas Dispersas, el lugar ideal para las ni\u00f1as solitarias, los ni\u00f1os malos, las ni\u00f1as sonrientes o los ni\u00f1os descontrolados. Este es un verdadero para\u00edso para ni\u00f1os rotos dentro de cuerpos de adolescentes revoltosos. Este para\u00edso no es el lugar del perd\u00f3n ni de la alegr\u00eda eterna, es el lugar de la verdad descrita con el coraz\u00f3n, y es, sobretodo, un hogar, con su calidez en primavera y su calor sofocante en verano, con los ligeros vientos en oto\u00f1o y las tormentas de invierno, que conforman, con todas sus caras, la fuerza y la gentileza de un hogar para el alma.","og_url":"https:\/\/letrame.com\/catalogo\/producto\/paraiso-de-almas-dispersas\/","og_site_name":"Catalogo | Letrame Grupo Editorial","article_modified_time":"2024-07-25T07:44:34+00:00","og_image":[{"width":1476,"height":2256,"url":"https:\/\/letrame.com\/catalogo\/wp-content\/uploads\/2024\/07\/paraisodealmas_41mm4-compressed.jpg","type":"image\/jpeg"}],"twitter_card":"summary_large_image","twitter_misc":{"Tiempo de lectura":"1 minuto"},"schema":{"@context":"https:\/\/schema.org","@graph":[{"@type":"WebPage","@id":"https:\/\/letrame.com\/catalogo\/producto\/paraiso-de-almas-dispersas\/","url":"https:\/\/letrame.com\/catalogo\/producto\/paraiso-de-almas-dispersas\/","name":"Para\u00edso de almas dispersas - Catalogo | Letrame Grupo Editorial","isPartOf":{"@id":"https:\/\/letrame.com\/catalogo\/#website"},"primaryImageOfPage":{"@id":"https:\/\/letrame.com\/catalogo\/producto\/paraiso-de-almas-dispersas\/#primaryimage"},"image":{"@id":"https:\/\/letrame.com\/catalogo\/producto\/paraiso-de-almas-dispersas\/#primaryimage"},"thumbnailUrl":"https:\/\/letrame.com\/catalogo\/wp-content\/uploads\/2024\/07\/paraisodealmas_41mm4-compressed.jpg","datePublished":"2024-07-25T07:44:33+00:00","dateModified":"2024-07-25T07:44:34+00:00","breadcrumb":{"@id":"https:\/\/letrame.com\/catalogo\/producto\/paraiso-de-almas-dispersas\/#breadcrumb"},"inLanguage":"es","potentialAction":[{"@type":"ReadAction","target":["https:\/\/letrame.com\/catalogo\/producto\/paraiso-de-almas-dispersas\/"]}]},{"@type":"ImageObject","inLanguage":"es","@id":"https:\/\/letrame.com\/catalogo\/producto\/paraiso-de-almas-dispersas\/#primaryimage","url":"https:\/\/letrame.com\/catalogo\/wp-content\/uploads\/2024\/07\/paraisodealmas_41mm4-compressed.jpg","contentUrl":"https:\/\/letrame.com\/catalogo\/wp-content\/uploads\/2024\/07\/paraisodealmas_41mm4-compressed.jpg","width":1476,"height":2256},{"@type":"BreadcrumbList","@id":"https:\/\/letrame.com\/catalogo\/producto\/paraiso-de-almas-dispersas\/#breadcrumb","itemListElement":[{"@type":"ListItem","position":1,"name":"Portada","item":"https:\/\/letrame.com\/catalogo\/"},{"@type":"ListItem","position":2,"name":"Cat\u00e1logo","item":"https:\/\/letrame.com\/catalogo\/"},{"@type":"ListItem","position":3,"name":"Para\u00edso de almas dispersas"}]},{"@type":"WebSite","@id":"https:\/\/letrame.com\/catalogo\/#website","url":"https:\/\/letrame.com\/catalogo\/","name":"Catalogo | Letrame Grupo Editorial","description":"","publisher":{"@id":"https:\/\/letrame.com\/catalogo\/#organization"},"potentialAction":[{"@type":"SearchAction","target":{"@type":"EntryPoint","urlTemplate":"https:\/\/letrame.com\/catalogo\/?s={search_term_string}"},"query-input":{"@type":"PropertyValueSpecification","valueRequired":true,"valueName":"search_term_string"}}],"inLanguage":"es"},{"@type":"Organization","@id":"https:\/\/letrame.com\/catalogo\/#organization","name":"Catalogo | Letrame Grupo Editorial","url":"https:\/\/letrame.com\/catalogo\/","logo":{"@type":"ImageObject","inLanguage":"es","@id":"https:\/\/letrame.com\/catalogo\/#\/schema\/logo\/image\/","url":"https:\/\/letrame.com\/catalogo\/wp-content\/uploads\/2024\/03\/logo2.webp","contentUrl":"https:\/\/letrame.com\/catalogo\/wp-content\/uploads\/2024\/03\/logo2.webp","width":394,"height":128,"caption":"Catalogo | Letrame Grupo Editorial"},"image":{"@id":"https:\/\/letrame.com\/catalogo\/#\/schema\/logo\/image\/"}}]}},"_links":{"self":[{"href":"https:\/\/letrame.com\/catalogo\/wp-json\/wp\/v2\/product\/103345","targetHints":{"allow":["GET"]}}],"collection":[{"href":"https:\/\/letrame.com\/catalogo\/wp-json\/wp\/v2\/product"}],"about":[{"href":"https:\/\/letrame.com\/catalogo\/wp-json\/wp\/v2\/types\/product"}],"replies":[{"embeddable":true,"href":"https:\/\/letrame.com\/catalogo\/wp-json\/wp\/v2\/comments?post=103345"}],"acf:post":[{"embeddable":true,"href":"https:\/\/letrame.com\/catalogo\/wp-json\/wp\/v2\/author_book\/103344"}],"wp:featuredmedia":[{"embeddable":true,"href":"https:\/\/letrame.com\/catalogo\/wp-json\/wp\/v2\/media\/103349"}],"wp:attachment":[{"href":"https:\/\/letrame.com\/catalogo\/wp-json\/wp\/v2\/media?parent=103345"}],"wp:term":[{"taxonomy":"libro","embeddable":true,"href":"https:\/\/letrame.com\/catalogo\/wp-json\/wp\/v2\/libro?post=103345"},{"taxonomy":"product_brand","embeddable":true,"href":"https:\/\/letrame.com\/catalogo\/wp-json\/wp\/v2\/product_brand?post=103345"},{"taxonomy":"product_cat","embeddable":true,"href":"https:\/\/letrame.com\/catalogo\/wp-json\/wp\/v2\/product_cat?post=103345"},{"taxonomy":"product_tag","embeddable":true,"href":"https:\/\/letrame.com\/catalogo\/wp-json\/wp\/v2\/product_tag?post=103345"}],"curies":[{"name":"wp","href":"https:\/\/api.w.org\/{rel}","templated":true}]}}