{"id":103310,"date":"2024-07-25T09:23:10","date_gmt":"2024-07-25T07:23:10","guid":{"rendered":"https:\/\/letrame.com\/catalogo\/?post_type=product&#038;p=103310"},"modified":"2024-07-25T09:24:34","modified_gmt":"2024-07-25T07:24:34","slug":"estas-con-nosotras","status":"publish","type":"product","link":"https:\/\/letrame.com\/catalogo\/producto\/estas-con-nosotras\/","title":{"rendered":"Est\u00e1s con Nosotras"},"content":{"rendered":"<p class=\"p1\">ISBN: 978-84-1068-493-5<\/p>\n<p class=\"p1\">T\u00edtulo: Est\u00e1s con Nosotras<\/p>\n<p class=\"p1\">Fecha: 2024<\/p>\n<p class=\"p1\">P\u00e1ginas: 436<\/p>\n<p class=\"p1\">SINOPSIS<\/p>\n<p>Cuatro mujeres distanciadas por m\u00e1s de 200 a\u00f1os comparten un sue\u00f1o: vivir en una sociedad donde hombres y mujeres sean iguales.<\/p>\n<p>Catalina y Bernarda, j\u00f3venes novicias franciscanas de fines del siglo XVIII, emprenden un viaje \u00e9pico desde la ciudad de Salamanca, en Espa\u00f1a, hasta una hacienda en el m\u00e1s remoto reino en el conf\u00edn del mundo.<\/p>\n<p>Hacienda Marinas, en el reino de Chile, ser\u00e1 el lugar donde ellas extender\u00e1n ese sue\u00f1o, fundando el Monasterio de Nuestra Se\u00f1ora de Salamanca, cuyo objetivo es educar para empoderar a las mujeres de la Am\u00e9rica Latina.<\/p>\n<p>M\u00e1s de dos siglos despu\u00e9s, la hermana Paula Bugue\u00f1o, religiosa del monasterio y afamada <em>youtuber<\/em>, es encargada por el Vaticano para llevar adelante la beatificaci\u00f3n de una de aquellas novicias, Catalina.<\/p>\n<p>Lamentablemente, la religiosa fallece, no sin antes dejar un cuaderno con instrucciones para ser le\u00eddas solo por Juanita de los R\u00edos, periodista investigadora y oriunda de la moderna ciudad Marinas, quien continuar\u00e1 la tarea encomendada por la curia romana.<\/p>\n<p>Juanita iniciar\u00e1 un recorrido en la historia que la llevar\u00e1 de vuelta a Espa\u00f1a, desvelando capa por capa los secretos ocultos desde el a\u00f1o 1800 y que afectar\u00e1n a la historia de Marinas, la Iglesia y las cuatro mujeres.<\/p>\n","protected":false},"excerpt":{"rendered":"<p class=\"p1\">ISBN: 978-84-1068-493-5<\/p>\n<p class=\"p1\">SINOPSIS<\/p>\n<p>Cuatro mujeres distanciadas por m\u00e1s de 200 a\u00f1os comparten un sue\u00f1o: vivir en una sociedad donde hombres y mujeres sean iguales.<\/p>\n<p>Catalina y Bernarda, j\u00f3venes novicias franciscanas de fines del siglo XVIII, emprenden un viaje \u00e9pico desde la ciudad de Salamanca, en Espa\u00f1a, hasta una hacienda en el m\u00e1s remoto reino en el conf\u00edn del mundo.<\/p>\n<p>Hacienda Marinas, en el reino de Chile, ser\u00e1 el lugar donde ellas extender\u00e1n ese sue\u00f1o, fundando el Monasterio de Nuestra Se\u00f1ora de Salamanca, cuyo objetivo es educar para empoderar a las mujeres de la Am\u00e9rica Latina.<\/p>\n<p>M\u00e1s de dos siglos despu\u00e9s, la hermana Paula Bugue\u00f1o, religiosa del monasterio y afamada <em>youtuber<\/em>, es encargada por el Vaticano para llevar adelante la beatificaci\u00f3n de una de aquellas novicias, Catalina.<\/p>\n<p>Lamentablemente, la religiosa fallece, no sin antes dejar un cuaderno con instrucciones para ser le\u00eddas solo por Juanita de los R\u00edos, periodista investigadora y oriunda de la moderna ciudad Marinas, quien continuar\u00e1 la tarea encomendada por la curia romana.<\/p>\n<p>Juanita iniciar\u00e1 un recorrido en la historia que la llevar\u00e1 de vuelta a Espa\u00f1a, desvelando capa por capa los secretos ocultos desde el a\u00f1o 1800 y que afectar\u00e1n a la historia de Marinas, la Iglesia y las cuatro mujeres.<\/p>\n","protected":false},"featured_media":103316,"comment_status":"open","ping_status":"closed","template":"","meta":{"_acf_changed":false},"libro":[],"product_brand":[],"product_cat":[47],"product_tag":[],"class_list":{"0":"post-103310","1":"product","2":"type-product","3":"status-publish","4":"has-post-thumbnail","6":"product_cat-ciencia-ficcion-misterio","8":"first","9":"instock","10":"shipping-taxable","11":"product-type-simple"},"acf":{"autor":[103309],"enlace_de_compra":"https:\/\/amzn.to\/46iqByW"},"yoast_head":"<!-- This site is optimized with the Yoast SEO plugin v26.6 - https:\/\/yoast.com\/wordpress\/plugins\/seo\/ -->\n<title>Est\u00e1s con Nosotras - Catalogo | Letrame Grupo Editorial<\/title>\n<meta name=\"robots\" content=\"index, follow, max-snippet:-1, max-image-preview:large, max-video-preview:-1\" \/>\n<link rel=\"canonical\" href=\"https:\/\/letrame.com\/catalogo\/producto\/estas-con-nosotras\/\" \/>\n<meta property=\"og:locale\" content=\"es_ES\" \/>\n<meta property=\"og:type\" content=\"article\" \/>\n<meta property=\"og:title\" content=\"Est\u00e1s con Nosotras - Catalogo | Letrame Grupo Editorial\" \/>\n<meta property=\"og:description\" content=\"ISBN: 978-84-1068-493-5 SINOPSIS Cuatro mujeres distanciadas por m\u00e1s de 200 a\u00f1os comparten un sue\u00f1o: vivir en una sociedad donde hombres y mujeres sean iguales.  Catalina y Bernarda, j\u00f3venes novicias franciscanas de fines del siglo XVIII, emprenden un viaje \u00e9pico desde la ciudad de Salamanca, en Espa\u00f1a, hasta una hacienda en el m\u00e1s remoto reino en el conf\u00edn del mundo.  Hacienda Marinas, en el reino de Chile, ser\u00e1 el lugar donde ellas extender\u00e1n ese sue\u00f1o, fundando el Monasterio de Nuestra Se\u00f1ora de Salamanca, cuyo objetivo es educar para empoderar a las mujeres de la Am\u00e9rica Latina.  M\u00e1s de dos siglos despu\u00e9s, la hermana Paula Bugue\u00f1o, religiosa del monasterio y afamada youtuber, es encargada por el Vaticano para llevar adelante la beatificaci\u00f3n de una de aquellas novicias, Catalina.  Lamentablemente, la religiosa fallece, no sin antes dejar un cuaderno con instrucciones para ser le\u00eddas solo por Juanita de los R\u00edos, periodista investigadora y oriunda de la moderna ciudad Marinas, quien continuar\u00e1 la tarea encomendada por la curia romana.  Juanita iniciar\u00e1 un recorrido en la historia que la llevar\u00e1 de vuelta a Espa\u00f1a, desvelando capa por capa los secretos ocultos desde el a\u00f1o 1800 y que afectar\u00e1n a la historia de Marinas, la Iglesia y las cuatro mujeres.\" \/>\n<meta property=\"og:url\" content=\"https:\/\/letrame.com\/catalogo\/producto\/estas-con-nosotras\/\" \/>\n<meta property=\"og:site_name\" content=\"Catalogo | Letrame Grupo Editorial\" \/>\n<meta property=\"article:modified_time\" content=\"2024-07-25T07:24:34+00:00\" \/>\n<meta property=\"og:image\" content=\"https:\/\/letrame.com\/catalogo\/wp-content\/uploads\/2024\/07\/webp_estasconnosotras_2118mm-compressed.jpg\" \/>\n\t<meta property=\"og:image:width\" content=\"1772\" \/>\n\t<meta property=\"og:image:height\" content=\"2480\" \/>\n\t<meta property=\"og:image:type\" content=\"image\/jpeg\" \/>\n<meta name=\"twitter:card\" content=\"summary_large_image\" \/>\n<meta name=\"twitter:label1\" content=\"Tiempo de lectura\" \/>\n\t<meta name=\"twitter:data1\" content=\"1 minuto\" \/>\n<script type=\"application\/ld+json\" class=\"yoast-schema-graph\">{\"@context\":\"https:\/\/schema.org\",\"@graph\":[{\"@type\":\"WebPage\",\"@id\":\"https:\/\/letrame.com\/catalogo\/producto\/estas-con-nosotras\/\",\"url\":\"https:\/\/letrame.com\/catalogo\/producto\/estas-con-nosotras\/\",\"name\":\"Est\u00e1s con Nosotras - Catalogo | Letrame Grupo Editorial\",\"isPartOf\":{\"@id\":\"https:\/\/letrame.com\/catalogo\/#website\"},\"primaryImageOfPage\":{\"@id\":\"https:\/\/letrame.com\/catalogo\/producto\/estas-con-nosotras\/#primaryimage\"},\"image\":{\"@id\":\"https:\/\/letrame.com\/catalogo\/producto\/estas-con-nosotras\/#primaryimage\"},\"thumbnailUrl\":\"https:\/\/letrame.com\/catalogo\/wp-content\/uploads\/2024\/07\/webp_estasconnosotras_2118mm-compressed.jpg\",\"datePublished\":\"2024-07-25T07:23:10+00:00\",\"dateModified\":\"2024-07-25T07:24:34+00:00\",\"breadcrumb\":{\"@id\":\"https:\/\/letrame.com\/catalogo\/producto\/estas-con-nosotras\/#breadcrumb\"},\"inLanguage\":\"es\",\"potentialAction\":[{\"@type\":\"ReadAction\",\"target\":[\"https:\/\/letrame.com\/catalogo\/producto\/estas-con-nosotras\/\"]}]},{\"@type\":\"ImageObject\",\"inLanguage\":\"es\",\"@id\":\"https:\/\/letrame.com\/catalogo\/producto\/estas-con-nosotras\/#primaryimage\",\"url\":\"https:\/\/letrame.com\/catalogo\/wp-content\/uploads\/2024\/07\/webp_estasconnosotras_2118mm-compressed.jpg\",\"contentUrl\":\"https:\/\/letrame.com\/catalogo\/wp-content\/uploads\/2024\/07\/webp_estasconnosotras_2118mm-compressed.jpg\",\"width\":1772,\"height\":2480},{\"@type\":\"BreadcrumbList\",\"@id\":\"https:\/\/letrame.com\/catalogo\/producto\/estas-con-nosotras\/#breadcrumb\",\"itemListElement\":[{\"@type\":\"ListItem\",\"position\":1,\"name\":\"Portada\",\"item\":\"https:\/\/letrame.com\/catalogo\/\"},{\"@type\":\"ListItem\",\"position\":2,\"name\":\"Cat\u00e1logo\",\"item\":\"https:\/\/letrame.com\/catalogo\/\"},{\"@type\":\"ListItem\",\"position\":3,\"name\":\"Est\u00e1s con Nosotras\"}]},{\"@type\":\"WebSite\",\"@id\":\"https:\/\/letrame.com\/catalogo\/#website\",\"url\":\"https:\/\/letrame.com\/catalogo\/\",\"name\":\"Catalogo | Letrame Grupo Editorial\",\"description\":\"\",\"publisher\":{\"@id\":\"https:\/\/letrame.com\/catalogo\/#organization\"},\"potentialAction\":[{\"@type\":\"SearchAction\",\"target\":{\"@type\":\"EntryPoint\",\"urlTemplate\":\"https:\/\/letrame.com\/catalogo\/?s={search_term_string}\"},\"query-input\":{\"@type\":\"PropertyValueSpecification\",\"valueRequired\":true,\"valueName\":\"search_term_string\"}}],\"inLanguage\":\"es\"},{\"@type\":\"Organization\",\"@id\":\"https:\/\/letrame.com\/catalogo\/#organization\",\"name\":\"Catalogo | Letrame Grupo Editorial\",\"url\":\"https:\/\/letrame.com\/catalogo\/\",\"logo\":{\"@type\":\"ImageObject\",\"inLanguage\":\"es\",\"@id\":\"https:\/\/letrame.com\/catalogo\/#\/schema\/logo\/image\/\",\"url\":\"https:\/\/letrame.com\/catalogo\/wp-content\/uploads\/2024\/03\/logo2.webp\",\"contentUrl\":\"https:\/\/letrame.com\/catalogo\/wp-content\/uploads\/2024\/03\/logo2.webp\",\"width\":394,\"height\":128,\"caption\":\"Catalogo | Letrame Grupo Editorial\"},\"image\":{\"@id\":\"https:\/\/letrame.com\/catalogo\/#\/schema\/logo\/image\/\"}}]}<\/script>\n<!-- \/ Yoast SEO plugin. -->","yoast_head_json":{"title":"Est\u00e1s con Nosotras - Catalogo | Letrame Grupo Editorial","robots":{"index":"index","follow":"follow","max-snippet":"max-snippet:-1","max-image-preview":"max-image-preview:large","max-video-preview":"max-video-preview:-1"},"canonical":"https:\/\/letrame.com\/catalogo\/producto\/estas-con-nosotras\/","og_locale":"es_ES","og_type":"article","og_title":"Est\u00e1s con Nosotras - Catalogo | Letrame Grupo Editorial","og_description":"ISBN: 978-84-1068-493-5 SINOPSIS Cuatro mujeres distanciadas por m\u00e1s de 200 a\u00f1os comparten un sue\u00f1o: vivir en una sociedad donde hombres y mujeres sean iguales.  Catalina y Bernarda, j\u00f3venes novicias franciscanas de fines del siglo XVIII, emprenden un viaje \u00e9pico desde la ciudad de Salamanca, en Espa\u00f1a, hasta una hacienda en el m\u00e1s remoto reino en el conf\u00edn del mundo.  Hacienda Marinas, en el reino de Chile, ser\u00e1 el lugar donde ellas extender\u00e1n ese sue\u00f1o, fundando el Monasterio de Nuestra Se\u00f1ora de Salamanca, cuyo objetivo es educar para empoderar a las mujeres de la Am\u00e9rica Latina.  M\u00e1s de dos siglos despu\u00e9s, la hermana Paula Bugue\u00f1o, religiosa del monasterio y afamada youtuber, es encargada por el Vaticano para llevar adelante la beatificaci\u00f3n de una de aquellas novicias, Catalina.  Lamentablemente, la religiosa fallece, no sin antes dejar un cuaderno con instrucciones para ser le\u00eddas solo por Juanita de los R\u00edos, periodista investigadora y oriunda de la moderna ciudad Marinas, quien continuar\u00e1 la tarea encomendada por la curia romana.  Juanita iniciar\u00e1 un recorrido en la historia que la llevar\u00e1 de vuelta a Espa\u00f1a, desvelando capa por capa los secretos ocultos desde el a\u00f1o 1800 y que afectar\u00e1n a la historia de Marinas, la Iglesia y las cuatro mujeres.","og_url":"https:\/\/letrame.com\/catalogo\/producto\/estas-con-nosotras\/","og_site_name":"Catalogo | Letrame Grupo Editorial","article_modified_time":"2024-07-25T07:24:34+00:00","og_image":[{"width":1772,"height":2480,"url":"https:\/\/letrame.com\/catalogo\/wp-content\/uploads\/2024\/07\/webp_estasconnosotras_2118mm-compressed.jpg","type":"image\/jpeg"}],"twitter_card":"summary_large_image","twitter_misc":{"Tiempo de lectura":"1 minuto"},"schema":{"@context":"https:\/\/schema.org","@graph":[{"@type":"WebPage","@id":"https:\/\/letrame.com\/catalogo\/producto\/estas-con-nosotras\/","url":"https:\/\/letrame.com\/catalogo\/producto\/estas-con-nosotras\/","name":"Est\u00e1s con Nosotras - Catalogo | Letrame Grupo Editorial","isPartOf":{"@id":"https:\/\/letrame.com\/catalogo\/#website"},"primaryImageOfPage":{"@id":"https:\/\/letrame.com\/catalogo\/producto\/estas-con-nosotras\/#primaryimage"},"image":{"@id":"https:\/\/letrame.com\/catalogo\/producto\/estas-con-nosotras\/#primaryimage"},"thumbnailUrl":"https:\/\/letrame.com\/catalogo\/wp-content\/uploads\/2024\/07\/webp_estasconnosotras_2118mm-compressed.jpg","datePublished":"2024-07-25T07:23:10+00:00","dateModified":"2024-07-25T07:24:34+00:00","breadcrumb":{"@id":"https:\/\/letrame.com\/catalogo\/producto\/estas-con-nosotras\/#breadcrumb"},"inLanguage":"es","potentialAction":[{"@type":"ReadAction","target":["https:\/\/letrame.com\/catalogo\/producto\/estas-con-nosotras\/"]}]},{"@type":"ImageObject","inLanguage":"es","@id":"https:\/\/letrame.com\/catalogo\/producto\/estas-con-nosotras\/#primaryimage","url":"https:\/\/letrame.com\/catalogo\/wp-content\/uploads\/2024\/07\/webp_estasconnosotras_2118mm-compressed.jpg","contentUrl":"https:\/\/letrame.com\/catalogo\/wp-content\/uploads\/2024\/07\/webp_estasconnosotras_2118mm-compressed.jpg","width":1772,"height":2480},{"@type":"BreadcrumbList","@id":"https:\/\/letrame.com\/catalogo\/producto\/estas-con-nosotras\/#breadcrumb","itemListElement":[{"@type":"ListItem","position":1,"name":"Portada","item":"https:\/\/letrame.com\/catalogo\/"},{"@type":"ListItem","position":2,"name":"Cat\u00e1logo","item":"https:\/\/letrame.com\/catalogo\/"},{"@type":"ListItem","position":3,"name":"Est\u00e1s con Nosotras"}]},{"@type":"WebSite","@id":"https:\/\/letrame.com\/catalogo\/#website","url":"https:\/\/letrame.com\/catalogo\/","name":"Catalogo | Letrame Grupo Editorial","description":"","publisher":{"@id":"https:\/\/letrame.com\/catalogo\/#organization"},"potentialAction":[{"@type":"SearchAction","target":{"@type":"EntryPoint","urlTemplate":"https:\/\/letrame.com\/catalogo\/?s={search_term_string}"},"query-input":{"@type":"PropertyValueSpecification","valueRequired":true,"valueName":"search_term_string"}}],"inLanguage":"es"},{"@type":"Organization","@id":"https:\/\/letrame.com\/catalogo\/#organization","name":"Catalogo | Letrame Grupo Editorial","url":"https:\/\/letrame.com\/catalogo\/","logo":{"@type":"ImageObject","inLanguage":"es","@id":"https:\/\/letrame.com\/catalogo\/#\/schema\/logo\/image\/","url":"https:\/\/letrame.com\/catalogo\/wp-content\/uploads\/2024\/03\/logo2.webp","contentUrl":"https:\/\/letrame.com\/catalogo\/wp-content\/uploads\/2024\/03\/logo2.webp","width":394,"height":128,"caption":"Catalogo | Letrame Grupo Editorial"},"image":{"@id":"https:\/\/letrame.com\/catalogo\/#\/schema\/logo\/image\/"}}]}},"_links":{"self":[{"href":"https:\/\/letrame.com\/catalogo\/wp-json\/wp\/v2\/product\/103310","targetHints":{"allow":["GET"]}}],"collection":[{"href":"https:\/\/letrame.com\/catalogo\/wp-json\/wp\/v2\/product"}],"about":[{"href":"https:\/\/letrame.com\/catalogo\/wp-json\/wp\/v2\/types\/product"}],"replies":[{"embeddable":true,"href":"https:\/\/letrame.com\/catalogo\/wp-json\/wp\/v2\/comments?post=103310"}],"acf:post":[{"embeddable":true,"href":"https:\/\/letrame.com\/catalogo\/wp-json\/wp\/v2\/author_book\/103309"}],"wp:featuredmedia":[{"embeddable":true,"href":"https:\/\/letrame.com\/catalogo\/wp-json\/wp\/v2\/media\/103316"}],"wp:attachment":[{"href":"https:\/\/letrame.com\/catalogo\/wp-json\/wp\/v2\/media?parent=103310"}],"wp:term":[{"taxonomy":"libro","embeddable":true,"href":"https:\/\/letrame.com\/catalogo\/wp-json\/wp\/v2\/libro?post=103310"},{"taxonomy":"product_brand","embeddable":true,"href":"https:\/\/letrame.com\/catalogo\/wp-json\/wp\/v2\/product_brand?post=103310"},{"taxonomy":"product_cat","embeddable":true,"href":"https:\/\/letrame.com\/catalogo\/wp-json\/wp\/v2\/product_cat?post=103310"},{"taxonomy":"product_tag","embeddable":true,"href":"https:\/\/letrame.com\/catalogo\/wp-json\/wp\/v2\/product_tag?post=103310"}],"curies":[{"name":"wp","href":"https:\/\/api.w.org\/{rel}","templated":true}]}}