{"id":103250,"date":"2024-07-24T16:08:59","date_gmt":"2024-07-24T14:08:59","guid":{"rendered":"https:\/\/letrame.com\/catalogo\/?post_type=product&#038;p=103250"},"modified":"2024-08-01T12:31:47","modified_gmt":"2024-08-01T10:31:47","slug":"seis-copas","status":"publish","type":"product","link":"https:\/\/letrame.com\/catalogo\/producto\/seis-copas\/","title":{"rendered":"Seis copas"},"content":{"rendered":"<p class=\"p2\">ISBN: 978-84-1068-526-0<\/p>\n<p class=\"p2\">T\u00edtulo: seis copas<\/p>\n<p class=\"p2\">Fecha: 2024<\/p>\n<p class=\"p2\">P\u00e1ginas: 236<\/p>\n<p class=\"p2\">SINOPSIS<\/p>\n<p>Aulo Licinio Mart\u00ednez Bu\u00f1uel, alias el Lichi y natural del granadino pueblo de Azumejo, termina preso en una lejana y l\u00fagubre c\u00e1rcel rumana. Ans\u00eda salir de ese tugurio. \u00bfC\u00f3mo? Una antigua ley rumana conmuta la pena si el preso publica un libro. El escritor A.J. Vill\u00e9n se adentra en una novela de intriga y con un fino juego de perspectivas y retrospectivas conduce al lector por la impredecible vida del Lichi hasta el sorpresivo motivo de su presidio en Ruman\u00eda. Una novela que no deja indiferente ante la vulnerabilidad del destino y el azar.<\/p>\n","protected":false},"excerpt":{"rendered":"<p class=\"p2\">ISBN: 978-84-1068-526-0<\/p>\n<p class=\"p2\">SINOPSIS<\/p>\n<p>Aulo Licinio Mart\u00ednez Bu\u00f1uel, alias el Lichi y natural del granadino pueblo de Azumejo, termina preso en una lejana y l\u00fagubre c\u00e1rcel rumana. Ans\u00eda salir de ese tugurio. \u00bfC\u00f3mo? Una antigua ley rumana conmuta la pena si el preso publica un libro. El escritor A.J. Vill\u00e9n se adentra en una novela de intriga y con un fino juego de perspectivas y retrospectivas conduce al lector por la impredecible vida del Lichi hasta el sorpresivo motivo de su presidio en Ruman\u00eda. Una novela que no deja indiferente ante la vulnerabilidad del destino y el azar.<\/p>\n","protected":false},"featured_media":104673,"comment_status":"open","ping_status":"closed","template":"","meta":{"_acf_changed":false},"libro":[],"product_brand":[],"product_cat":[47],"product_tag":[],"class_list":{"0":"post-103250","1":"product","2":"type-product","3":"status-publish","4":"has-post-thumbnail","6":"product_cat-ciencia-ficcion-misterio","8":"first","9":"instock","10":"shipping-taxable","11":"product-type-simple"},"acf":{"autor":[103251],"enlace_de_compra":"https:\/\/amzn.to\/4feMJhU"},"yoast_head":"<!-- This site is optimized with the Yoast SEO plugin v27.4 - https:\/\/yoast.com\/product\/yoast-seo-wordpress\/ -->\n<title>Seis copas - Catalogo | Letrame Grupo Editorial<\/title>\n<meta name=\"robots\" content=\"index, follow, max-snippet:-1, max-image-preview:large, max-video-preview:-1\" \/>\n<link rel=\"canonical\" href=\"https:\/\/letrame.com\/catalogo\/producto\/seis-copas\/\" \/>\n<meta property=\"og:locale\" content=\"es_ES\" \/>\n<meta property=\"og:type\" content=\"article\" \/>\n<meta property=\"og:title\" content=\"Seis copas - Catalogo | Letrame Grupo Editorial\" \/>\n<meta property=\"og:description\" content=\"ISBN: 978-84-1068-526-0 SINOPSIS Aulo Licinio Mart\u00ednez Bu\u00f1uel, alias el Lichi y natural del granadino pueblo de Azumejo, termina preso en una lejana y l\u00fagubre c\u00e1rcel rumana. Ans\u00eda salir de ese tugurio. \u00bfC\u00f3mo? Una antigua ley rumana conmuta la pena si el preso publica un libro. El escritor A.J. Vill\u00e9n se adentra en una novela de intriga y con un fino juego de perspectivas y retrospectivas conduce al lector por la impredecible vida del Lichi hasta el sorpresivo motivo de su presidio en Ruman\u00eda. Una novela que no deja indiferente ante la vulnerabilidad del destino y el azar.\" \/>\n<meta property=\"og:url\" content=\"https:\/\/letrame.com\/catalogo\/producto\/seis-copas\/\" \/>\n<meta property=\"og:site_name\" content=\"Catalogo | Letrame Grupo Editorial\" \/>\n<meta property=\"article:modified_time\" content=\"2024-08-01T10:31:47+00:00\" \/>\n<meta property=\"og:image\" content=\"https:\/\/letrame.com\/catalogo\/wp-content\/uploads\/2024\/07\/seiscopas_12mm4-compressed-scaled-compressed-2.jpg\" \/>\n\t<meta property=\"og:image:width\" content=\"1746\" \/>\n\t<meta property=\"og:image:height\" content=\"2560\" \/>\n\t<meta property=\"og:image:type\" content=\"image\/jpeg\" \/>\n<meta name=\"twitter:card\" content=\"summary_large_image\" \/>\n<meta name=\"twitter:label1\" content=\"Tiempo de lectura\" \/>\n\t<meta name=\"twitter:data1\" content=\"1 minuto\" \/>\n<script type=\"application\/ld+json\" class=\"yoast-schema-graph\">{\"@context\":\"https:\\\/\\\/schema.org\",\"@graph\":[{\"@type\":\"WebPage\",\"@id\":\"https:\\\/\\\/letrame.com\\\/catalogo\\\/producto\\\/seis-copas\\\/\",\"url\":\"https:\\\/\\\/letrame.com\\\/catalogo\\\/producto\\\/seis-copas\\\/\",\"name\":\"Seis copas - Catalogo | Letrame Grupo Editorial\",\"isPartOf\":{\"@id\":\"https:\\\/\\\/letrame.com\\\/catalogo\\\/#website\"},\"primaryImageOfPage\":{\"@id\":\"https:\\\/\\\/letrame.com\\\/catalogo\\\/producto\\\/seis-copas\\\/#primaryimage\"},\"image\":{\"@id\":\"https:\\\/\\\/letrame.com\\\/catalogo\\\/producto\\\/seis-copas\\\/#primaryimage\"},\"thumbnailUrl\":\"https:\\\/\\\/letrame.com\\\/catalogo\\\/wp-content\\\/uploads\\\/2024\\\/07\\\/seiscopas_12mm4-compressed-scaled-compressed-2.jpg\",\"datePublished\":\"2024-07-24T14:08:59+00:00\",\"dateModified\":\"2024-08-01T10:31:47+00:00\",\"breadcrumb\":{\"@id\":\"https:\\\/\\\/letrame.com\\\/catalogo\\\/producto\\\/seis-copas\\\/#breadcrumb\"},\"inLanguage\":\"es\",\"potentialAction\":[{\"@type\":\"ReadAction\",\"target\":[\"https:\\\/\\\/letrame.com\\\/catalogo\\\/producto\\\/seis-copas\\\/\"]}]},{\"@type\":\"ImageObject\",\"inLanguage\":\"es\",\"@id\":\"https:\\\/\\\/letrame.com\\\/catalogo\\\/producto\\\/seis-copas\\\/#primaryimage\",\"url\":\"https:\\\/\\\/letrame.com\\\/catalogo\\\/wp-content\\\/uploads\\\/2024\\\/07\\\/seiscopas_12mm4-compressed-scaled-compressed-2.jpg\",\"contentUrl\":\"https:\\\/\\\/letrame.com\\\/catalogo\\\/wp-content\\\/uploads\\\/2024\\\/07\\\/seiscopas_12mm4-compressed-scaled-compressed-2.jpg\",\"width\":1746,\"height\":2560},{\"@type\":\"BreadcrumbList\",\"@id\":\"https:\\\/\\\/letrame.com\\\/catalogo\\\/producto\\\/seis-copas\\\/#breadcrumb\",\"itemListElement\":[{\"@type\":\"ListItem\",\"position\":1,\"name\":\"Portada\",\"item\":\"https:\\\/\\\/letrame.com\\\/catalogo\\\/\"},{\"@type\":\"ListItem\",\"position\":2,\"name\":\"Cat\u00e1logo\",\"item\":\"https:\\\/\\\/letrame.com\\\/catalogo\\\/\"},{\"@type\":\"ListItem\",\"position\":3,\"name\":\"Seis copas\"}]},{\"@type\":\"WebSite\",\"@id\":\"https:\\\/\\\/letrame.com\\\/catalogo\\\/#website\",\"url\":\"https:\\\/\\\/letrame.com\\\/catalogo\\\/\",\"name\":\"Catalogo | Letrame Grupo Editorial\",\"description\":\"\",\"publisher\":{\"@id\":\"https:\\\/\\\/letrame.com\\\/catalogo\\\/#organization\"},\"potentialAction\":[{\"@type\":\"SearchAction\",\"target\":{\"@type\":\"EntryPoint\",\"urlTemplate\":\"https:\\\/\\\/letrame.com\\\/catalogo\\\/?s={search_term_string}\"},\"query-input\":{\"@type\":\"PropertyValueSpecification\",\"valueRequired\":true,\"valueName\":\"search_term_string\"}}],\"inLanguage\":\"es\"},{\"@type\":\"Organization\",\"@id\":\"https:\\\/\\\/letrame.com\\\/catalogo\\\/#organization\",\"name\":\"Catalogo | Letrame Grupo Editorial\",\"url\":\"https:\\\/\\\/letrame.com\\\/catalogo\\\/\",\"logo\":{\"@type\":\"ImageObject\",\"inLanguage\":\"es\",\"@id\":\"https:\\\/\\\/letrame.com\\\/catalogo\\\/#\\\/schema\\\/logo\\\/image\\\/\",\"url\":\"https:\\\/\\\/letrame.com\\\/catalogo\\\/wp-content\\\/uploads\\\/2024\\\/03\\\/logo2.webp\",\"contentUrl\":\"https:\\\/\\\/letrame.com\\\/catalogo\\\/wp-content\\\/uploads\\\/2024\\\/03\\\/logo2.webp\",\"width\":394,\"height\":128,\"caption\":\"Catalogo | Letrame Grupo Editorial\"},\"image\":{\"@id\":\"https:\\\/\\\/letrame.com\\\/catalogo\\\/#\\\/schema\\\/logo\\\/image\\\/\"}}]}<\/script>\n<!-- \/ Yoast SEO plugin. -->","yoast_head_json":{"title":"Seis copas - Catalogo | Letrame Grupo Editorial","robots":{"index":"index","follow":"follow","max-snippet":"max-snippet:-1","max-image-preview":"max-image-preview:large","max-video-preview":"max-video-preview:-1"},"canonical":"https:\/\/letrame.com\/catalogo\/producto\/seis-copas\/","og_locale":"es_ES","og_type":"article","og_title":"Seis copas - Catalogo | Letrame Grupo Editorial","og_description":"ISBN: 978-84-1068-526-0 SINOPSIS Aulo Licinio Mart\u00ednez Bu\u00f1uel, alias el Lichi y natural del granadino pueblo de Azumejo, termina preso en una lejana y l\u00fagubre c\u00e1rcel rumana. Ans\u00eda salir de ese tugurio. \u00bfC\u00f3mo? Una antigua ley rumana conmuta la pena si el preso publica un libro. El escritor A.J. Vill\u00e9n se adentra en una novela de intriga y con un fino juego de perspectivas y retrospectivas conduce al lector por la impredecible vida del Lichi hasta el sorpresivo motivo de su presidio en Ruman\u00eda. Una novela que no deja indiferente ante la vulnerabilidad del destino y el azar.","og_url":"https:\/\/letrame.com\/catalogo\/producto\/seis-copas\/","og_site_name":"Catalogo | Letrame Grupo Editorial","article_modified_time":"2024-08-01T10:31:47+00:00","og_image":[{"width":1746,"height":2560,"url":"https:\/\/letrame.com\/catalogo\/wp-content\/uploads\/2024\/07\/seiscopas_12mm4-compressed-scaled-compressed-2.jpg","type":"image\/jpeg"}],"twitter_card":"summary_large_image","twitter_misc":{"Tiempo de lectura":"1 minuto"},"schema":{"@context":"https:\/\/schema.org","@graph":[{"@type":"WebPage","@id":"https:\/\/letrame.com\/catalogo\/producto\/seis-copas\/","url":"https:\/\/letrame.com\/catalogo\/producto\/seis-copas\/","name":"Seis copas - Catalogo | Letrame Grupo Editorial","isPartOf":{"@id":"https:\/\/letrame.com\/catalogo\/#website"},"primaryImageOfPage":{"@id":"https:\/\/letrame.com\/catalogo\/producto\/seis-copas\/#primaryimage"},"image":{"@id":"https:\/\/letrame.com\/catalogo\/producto\/seis-copas\/#primaryimage"},"thumbnailUrl":"https:\/\/letrame.com\/catalogo\/wp-content\/uploads\/2024\/07\/seiscopas_12mm4-compressed-scaled-compressed-2.jpg","datePublished":"2024-07-24T14:08:59+00:00","dateModified":"2024-08-01T10:31:47+00:00","breadcrumb":{"@id":"https:\/\/letrame.com\/catalogo\/producto\/seis-copas\/#breadcrumb"},"inLanguage":"es","potentialAction":[{"@type":"ReadAction","target":["https:\/\/letrame.com\/catalogo\/producto\/seis-copas\/"]}]},{"@type":"ImageObject","inLanguage":"es","@id":"https:\/\/letrame.com\/catalogo\/producto\/seis-copas\/#primaryimage","url":"https:\/\/letrame.com\/catalogo\/wp-content\/uploads\/2024\/07\/seiscopas_12mm4-compressed-scaled-compressed-2.jpg","contentUrl":"https:\/\/letrame.com\/catalogo\/wp-content\/uploads\/2024\/07\/seiscopas_12mm4-compressed-scaled-compressed-2.jpg","width":1746,"height":2560},{"@type":"BreadcrumbList","@id":"https:\/\/letrame.com\/catalogo\/producto\/seis-copas\/#breadcrumb","itemListElement":[{"@type":"ListItem","position":1,"name":"Portada","item":"https:\/\/letrame.com\/catalogo\/"},{"@type":"ListItem","position":2,"name":"Cat\u00e1logo","item":"https:\/\/letrame.com\/catalogo\/"},{"@type":"ListItem","position":3,"name":"Seis copas"}]},{"@type":"WebSite","@id":"https:\/\/letrame.com\/catalogo\/#website","url":"https:\/\/letrame.com\/catalogo\/","name":"Catalogo | Letrame Grupo Editorial","description":"","publisher":{"@id":"https:\/\/letrame.com\/catalogo\/#organization"},"potentialAction":[{"@type":"SearchAction","target":{"@type":"EntryPoint","urlTemplate":"https:\/\/letrame.com\/catalogo\/?s={search_term_string}"},"query-input":{"@type":"PropertyValueSpecification","valueRequired":true,"valueName":"search_term_string"}}],"inLanguage":"es"},{"@type":"Organization","@id":"https:\/\/letrame.com\/catalogo\/#organization","name":"Catalogo | Letrame Grupo Editorial","url":"https:\/\/letrame.com\/catalogo\/","logo":{"@type":"ImageObject","inLanguage":"es","@id":"https:\/\/letrame.com\/catalogo\/#\/schema\/logo\/image\/","url":"https:\/\/letrame.com\/catalogo\/wp-content\/uploads\/2024\/03\/logo2.webp","contentUrl":"https:\/\/letrame.com\/catalogo\/wp-content\/uploads\/2024\/03\/logo2.webp","width":394,"height":128,"caption":"Catalogo | Letrame Grupo Editorial"},"image":{"@id":"https:\/\/letrame.com\/catalogo\/#\/schema\/logo\/image\/"}}]}},"_links":{"self":[{"href":"https:\/\/letrame.com\/catalogo\/wp-json\/wp\/v2\/product\/103250","targetHints":{"allow":["GET"]}}],"collection":[{"href":"https:\/\/letrame.com\/catalogo\/wp-json\/wp\/v2\/product"}],"about":[{"href":"https:\/\/letrame.com\/catalogo\/wp-json\/wp\/v2\/types\/product"}],"replies":[{"embeddable":true,"href":"https:\/\/letrame.com\/catalogo\/wp-json\/wp\/v2\/comments?post=103250"}],"acf:post":[{"embeddable":true,"href":"https:\/\/letrame.com\/catalogo\/wp-json\/wp\/v2\/author_book\/103251"}],"wp:featuredmedia":[{"embeddable":true,"href":"https:\/\/letrame.com\/catalogo\/wp-json\/wp\/v2\/media\/104673"}],"wp:attachment":[{"href":"https:\/\/letrame.com\/catalogo\/wp-json\/wp\/v2\/media?parent=103250"}],"wp:term":[{"taxonomy":"libro","embeddable":true,"href":"https:\/\/letrame.com\/catalogo\/wp-json\/wp\/v2\/libro?post=103250"},{"taxonomy":"product_brand","embeddable":true,"href":"https:\/\/letrame.com\/catalogo\/wp-json\/wp\/v2\/product_brand?post=103250"},{"taxonomy":"product_cat","embeddable":true,"href":"https:\/\/letrame.com\/catalogo\/wp-json\/wp\/v2\/product_cat?post=103250"},{"taxonomy":"product_tag","embeddable":true,"href":"https:\/\/letrame.com\/catalogo\/wp-json\/wp\/v2\/product_tag?post=103250"}],"curies":[{"name":"wp","href":"https:\/\/api.w.org\/{rel}","templated":true}]}}