{"id":103204,"date":"2024-07-23T16:32:51","date_gmt":"2024-07-23T14:32:51","guid":{"rendered":"https:\/\/letrame.com\/catalogo\/?post_type=product&#038;p=103204"},"modified":"2024-07-23T16:32:52","modified_gmt":"2024-07-23T14:32:52","slug":"llantos-del-alba-hacia-el-alma","status":"publish","type":"product","link":"https:\/\/letrame.com\/catalogo\/producto\/llantos-del-alba-hacia-el-alma\/","title":{"rendered":"Llantos del alba hacia el alma"},"content":{"rendered":"<p class=\"p1\">ISBN: 978-84-1068-653-3<\/p>\n<p class=\"p1\">T\u00edtulo: Llantos del alba hacia el alma<\/p>\n<p class=\"p1\">Fecha: 2024<\/p>\n<p class=\"p1\">P\u00e1ginas:\u00a0 104<\/p>\n<p class=\"p1\">SINOPSIS<\/p>\n<p><em>El silencio de tus palabras: De m\u00ed a trav\u00e9s de ti<\/em> te hizo saber que \u00abpuedes volar sin alas si tienes el cielo en la mente y las alas en el coraz\u00f3n\u00bb a pesar del quebrantamiento, peso, sofoco y dolor en tu coraz\u00f3n. Aqu\u00ed, su hermana gemela quiere invitarte a que sepas que \u00abde mis ojos no caen gotas de agua salada, caen los reflejos del dolor de mi coraz\u00f3n, facilitados por el espejo de mi alma\u00bb en cinco libros divididos con esencia y personalidad \u00fanica e identificable.<\/p>\n<p>&nbsp;<\/p>\n<p>El primero, <em>Amor<\/em>, contiene diferentes tipos de poes\u00eda que delatan lo que me hacen sentir, lo que pienso y lo que en mi perspectiva significa dicha decisi\u00f3n infinita hacia la persona que quiero. El libro II, <em>Desamor<\/em>, es el m\u00e1s breve de todos, no obstante, no le falta la sensaci\u00f3n t\u00e1ctil y realista del dolor que este sentimiento le provoca a las personas y con los que muchos os podr\u00e9is identificar. <em>Un humano en la soledad<\/em> capta reflexiones \u00edntimas que uno se hace estando solo en la habitaci\u00f3n, desde el silenciado llanto de agon\u00eda, pasando por la correcci\u00f3n de la verificaci\u00f3n de definici\u00f3n de uno mismo y no lo que la gente piensa o cree saber de \u00e9l, hasta su identidad y el desconocimiento de la bondad en s\u00ed debido a las expectativas y est\u00e1ndares de la globalizaci\u00f3n. <em>Cartas de voz desde el coraz\u00f3n<\/em> es el cuarto y la contraparte del anterior, con la diferencia de que est\u00e9 en particular, aparte de contener cartas, contiene mucho m\u00e1s detalle y profundidad con m\u00e1s palabras en formato de ensayo. El benjam\u00edn y quinto libro, <em>En pocas palabras,<\/em> es una colecci\u00f3n de diferentes frases de meditaci\u00f3n diaria, frases no hechas para motivar, sino para inspirarte y para provocar que inspires a los dem\u00e1s en cualquier tipo de conversaci\u00f3n que sientas que sean apropiadas usarse.<\/p>\n<p>De sincero coraz\u00f3n espero que el leerlo te sea agradable y fruct\u00edfero en tu proceso de crecimiento tanto lectoral, personal, social, emocional y sentimental.<\/p>\n<p>&nbsp;<\/p>\n","protected":false},"excerpt":{"rendered":"<p class=\"p1\">ISBN: 978-84-1068-653-3<\/p>\n<p class=\"p1\">SINOPSIS<\/p>\n<p><em>El silencio de tus palabras: De m\u00ed a trav\u00e9s de ti<\/em> te hizo saber que \u00abpuedes volar sin alas si tienes el cielo en la mente y las alas en el coraz\u00f3n\u00bb a pesar del quebrantamiento, peso, sofoco y dolor en tu coraz\u00f3n. Aqu\u00ed, su hermana gemela quiere invitarte a que sepas que \u00abde mis ojos no caen gotas de agua salada, caen los reflejos del dolor de mi coraz\u00f3n, facilitados por el espejo de mi alma\u00bb en cinco libros divididos con esencia y personalidad \u00fanica e identificable.<\/p>\n<p>&nbsp;<\/p>\n<p>El primero, <em>Amor<\/em>, contiene diferentes tipos de poes\u00eda que delatan lo que me hacen sentir, lo que pienso y lo que en mi perspectiva significa dicha decisi\u00f3n infinita hacia la persona que quiero. El libro II, <em>Desamor<\/em>, es el m\u00e1s breve de todos, no obstante, no le falta la sensaci\u00f3n t\u00e1ctil y realista del dolor que este sentimiento le provoca a las personas y con los que muchos os podr\u00e9is identificar. <em>Un humano en la soledad<\/em> capta reflexiones \u00edntimas que uno se hace estando solo en la habitaci\u00f3n, desde el silenciado llanto de agon\u00eda, pasando por la correcci\u00f3n de la verificaci\u00f3n de definici\u00f3n de uno mismo y no lo que la gente piensa o cree saber de \u00e9l, hasta su identidad y el desconocimiento de la bondad en s\u00ed debido a las expectativas y est\u00e1ndares de la globalizaci\u00f3n. <em>Cartas de voz desde el coraz\u00f3n<\/em> es el cuarto y la contraparte del anterior, con la diferencia de que est\u00e9 en particular, aparte de contener cartas, contiene mucho m\u00e1s detalle y profundidad con m\u00e1s palabras en formato de ensayo. El benjam\u00edn y quinto libro, <em>En pocas palabras,<\/em> es una colecci\u00f3n de diferentes frases de meditaci\u00f3n diaria, frases no hechas para motivar, sino para inspirarte y para provocar que inspires a los dem\u00e1s en cualquier tipo de conversaci\u00f3n que sientas que sean apropiadas usarse.<\/p>\n<p>De sincero coraz\u00f3n espero que el leerlo te sea agradable y fruct\u00edfero en tu proceso de crecimiento tanto lectoral, personal, social, emocional y sentimental.<\/p>\n<p>&nbsp;<\/p>\n","protected":false},"featured_media":103209,"comment_status":"open","ping_status":"closed","template":"","meta":{"_acf_changed":false},"libro":[],"product_brand":[],"product_cat":[20],"product_tag":[],"class_list":{"0":"post-103204","1":"product","2":"type-product","3":"status-publish","4":"has-post-thumbnail","6":"product_cat-poesia","8":"first","9":"instock","10":"shipping-taxable","11":"product-type-simple"},"acf":{"autor":[103205],"enlace_de_compra":"https:\/\/amzn.to\/3Sj0xy2"},"yoast_head":"<!-- This site is optimized with the Yoast SEO plugin v27.4 - https:\/\/yoast.com\/product\/yoast-seo-wordpress\/ -->\n<title>Llantos del alba hacia el alma - Catalogo | Letrame Grupo Editorial<\/title>\n<meta name=\"robots\" content=\"index, follow, max-snippet:-1, max-image-preview:large, max-video-preview:-1\" \/>\n<link rel=\"canonical\" href=\"https:\/\/letrame.com\/catalogo\/producto\/llantos-del-alba-hacia-el-alma\/\" \/>\n<meta property=\"og:locale\" content=\"es_ES\" \/>\n<meta property=\"og:type\" content=\"article\" \/>\n<meta property=\"og:title\" content=\"Llantos del alba hacia el alma - Catalogo | Letrame Grupo Editorial\" \/>\n<meta property=\"og:description\" content=\"ISBN: 978-84-1068-653-3 SINOPSIS El silencio de tus palabras: De m\u00ed a trav\u00e9s de ti te hizo saber que \u00abpuedes volar sin alas si tienes el cielo en la mente y las alas en el coraz\u00f3n\u00bb a pesar del quebrantamiento, peso, sofoco y dolor en tu coraz\u00f3n. Aqu\u00ed, su hermana gemela quiere invitarte a que sepas que \u00abde mis ojos no caen gotas de agua salada, caen los reflejos del dolor de mi coraz\u00f3n, facilitados por el espejo de mi alma\u00bb en cinco libros divididos con esencia y personalidad \u00fanica e identificable.  &nbsp;  El primero, Amor, contiene diferentes tipos de poes\u00eda que delatan lo que me hacen sentir, lo que pienso y lo que en mi perspectiva significa dicha decisi\u00f3n infinita hacia la persona que quiero. El libro II, Desamor, es el m\u00e1s breve de todos, no obstante, no le falta la sensaci\u00f3n t\u00e1ctil y realista del dolor que este sentimiento le provoca a las personas y con los que muchos os podr\u00e9is identificar. Un humano en la soledad capta reflexiones \u00edntimas que uno se hace estando solo en la habitaci\u00f3n, desde el silenciado llanto de agon\u00eda, pasando por la correcci\u00f3n de la verificaci\u00f3n de definici\u00f3n de uno mismo y no lo que la gente piensa o cree saber de \u00e9l, hasta su identidad y el desconocimiento de la bondad en s\u00ed debido a las expectativas y est\u00e1ndares de la globalizaci\u00f3n. Cartas de voz desde el coraz\u00f3n es el cuarto y la contraparte del anterior, con la diferencia de que est\u00e9 en particular, aparte de contener cartas, contiene mucho m\u00e1s detalle y profundidad con m\u00e1s palabras en formato de ensayo. El benjam\u00edn y quinto libro, En pocas palabras, es una colecci\u00f3n de diferentes frases de meditaci\u00f3n diaria, frases no hechas para motivar, sino para inspirarte y para provocar que inspires a los dem\u00e1s en cualquier tipo de conversaci\u00f3n que sientas que sean apropiadas usarse.  De sincero coraz\u00f3n espero que el leerlo te sea agradable y fruct\u00edfero en tu proceso de crecimiento tanto lectoral, personal, social, emocional y sentimental.  &nbsp;\" \/>\n<meta property=\"og:url\" content=\"https:\/\/letrame.com\/catalogo\/producto\/llantos-del-alba-hacia-el-alma\/\" \/>\n<meta property=\"og:site_name\" content=\"Catalogo | Letrame Grupo Editorial\" \/>\n<meta property=\"article:modified_time\" content=\"2024-07-23T14:32:52+00:00\" \/>\n<meta property=\"og:image\" content=\"https:\/\/letrame.com\/catalogo\/wp-content\/uploads\/2024\/07\/llantosdelalma_587mm4-compressed.jpg\" \/>\n\t<meta property=\"og:image:width\" content=\"1772\" \/>\n\t<meta property=\"og:image:height\" content=\"2480\" \/>\n\t<meta property=\"og:image:type\" content=\"image\/jpeg\" \/>\n<meta name=\"twitter:card\" content=\"summary_large_image\" \/>\n<meta name=\"twitter:label1\" content=\"Tiempo de lectura\" \/>\n\t<meta name=\"twitter:data1\" content=\"2 minutos\" \/>\n<script type=\"application\/ld+json\" class=\"yoast-schema-graph\">{\"@context\":\"https:\\\/\\\/schema.org\",\"@graph\":[{\"@type\":\"WebPage\",\"@id\":\"https:\\\/\\\/letrame.com\\\/catalogo\\\/producto\\\/llantos-del-alba-hacia-el-alma\\\/\",\"url\":\"https:\\\/\\\/letrame.com\\\/catalogo\\\/producto\\\/llantos-del-alba-hacia-el-alma\\\/\",\"name\":\"Llantos del alba hacia el alma - Catalogo | Letrame Grupo Editorial\",\"isPartOf\":{\"@id\":\"https:\\\/\\\/letrame.com\\\/catalogo\\\/#website\"},\"primaryImageOfPage\":{\"@id\":\"https:\\\/\\\/letrame.com\\\/catalogo\\\/producto\\\/llantos-del-alba-hacia-el-alma\\\/#primaryimage\"},\"image\":{\"@id\":\"https:\\\/\\\/letrame.com\\\/catalogo\\\/producto\\\/llantos-del-alba-hacia-el-alma\\\/#primaryimage\"},\"thumbnailUrl\":\"https:\\\/\\\/letrame.com\\\/catalogo\\\/wp-content\\\/uploads\\\/2024\\\/07\\\/llantosdelalma_587mm4-compressed.jpg\",\"datePublished\":\"2024-07-23T14:32:51+00:00\",\"dateModified\":\"2024-07-23T14:32:52+00:00\",\"breadcrumb\":{\"@id\":\"https:\\\/\\\/letrame.com\\\/catalogo\\\/producto\\\/llantos-del-alba-hacia-el-alma\\\/#breadcrumb\"},\"inLanguage\":\"es\",\"potentialAction\":[{\"@type\":\"ReadAction\",\"target\":[\"https:\\\/\\\/letrame.com\\\/catalogo\\\/producto\\\/llantos-del-alba-hacia-el-alma\\\/\"]}]},{\"@type\":\"ImageObject\",\"inLanguage\":\"es\",\"@id\":\"https:\\\/\\\/letrame.com\\\/catalogo\\\/producto\\\/llantos-del-alba-hacia-el-alma\\\/#primaryimage\",\"url\":\"https:\\\/\\\/letrame.com\\\/catalogo\\\/wp-content\\\/uploads\\\/2024\\\/07\\\/llantosdelalma_587mm4-compressed.jpg\",\"contentUrl\":\"https:\\\/\\\/letrame.com\\\/catalogo\\\/wp-content\\\/uploads\\\/2024\\\/07\\\/llantosdelalma_587mm4-compressed.jpg\",\"width\":1772,\"height\":2480},{\"@type\":\"BreadcrumbList\",\"@id\":\"https:\\\/\\\/letrame.com\\\/catalogo\\\/producto\\\/llantos-del-alba-hacia-el-alma\\\/#breadcrumb\",\"itemListElement\":[{\"@type\":\"ListItem\",\"position\":1,\"name\":\"Portada\",\"item\":\"https:\\\/\\\/letrame.com\\\/catalogo\\\/\"},{\"@type\":\"ListItem\",\"position\":2,\"name\":\"Cat\u00e1logo\",\"item\":\"https:\\\/\\\/letrame.com\\\/catalogo\\\/\"},{\"@type\":\"ListItem\",\"position\":3,\"name\":\"Llantos del alba hacia el alma\"}]},{\"@type\":\"WebSite\",\"@id\":\"https:\\\/\\\/letrame.com\\\/catalogo\\\/#website\",\"url\":\"https:\\\/\\\/letrame.com\\\/catalogo\\\/\",\"name\":\"Catalogo | Letrame Grupo Editorial\",\"description\":\"\",\"publisher\":{\"@id\":\"https:\\\/\\\/letrame.com\\\/catalogo\\\/#organization\"},\"potentialAction\":[{\"@type\":\"SearchAction\",\"target\":{\"@type\":\"EntryPoint\",\"urlTemplate\":\"https:\\\/\\\/letrame.com\\\/catalogo\\\/?s={search_term_string}\"},\"query-input\":{\"@type\":\"PropertyValueSpecification\",\"valueRequired\":true,\"valueName\":\"search_term_string\"}}],\"inLanguage\":\"es\"},{\"@type\":\"Organization\",\"@id\":\"https:\\\/\\\/letrame.com\\\/catalogo\\\/#organization\",\"name\":\"Catalogo | Letrame Grupo Editorial\",\"url\":\"https:\\\/\\\/letrame.com\\\/catalogo\\\/\",\"logo\":{\"@type\":\"ImageObject\",\"inLanguage\":\"es\",\"@id\":\"https:\\\/\\\/letrame.com\\\/catalogo\\\/#\\\/schema\\\/logo\\\/image\\\/\",\"url\":\"https:\\\/\\\/letrame.com\\\/catalogo\\\/wp-content\\\/uploads\\\/2024\\\/03\\\/logo2.webp\",\"contentUrl\":\"https:\\\/\\\/letrame.com\\\/catalogo\\\/wp-content\\\/uploads\\\/2024\\\/03\\\/logo2.webp\",\"width\":394,\"height\":128,\"caption\":\"Catalogo | Letrame Grupo Editorial\"},\"image\":{\"@id\":\"https:\\\/\\\/letrame.com\\\/catalogo\\\/#\\\/schema\\\/logo\\\/image\\\/\"}}]}<\/script>\n<!-- \/ Yoast SEO plugin. -->","yoast_head_json":{"title":"Llantos del alba hacia el alma - Catalogo | Letrame Grupo Editorial","robots":{"index":"index","follow":"follow","max-snippet":"max-snippet:-1","max-image-preview":"max-image-preview:large","max-video-preview":"max-video-preview:-1"},"canonical":"https:\/\/letrame.com\/catalogo\/producto\/llantos-del-alba-hacia-el-alma\/","og_locale":"es_ES","og_type":"article","og_title":"Llantos del alba hacia el alma - Catalogo | Letrame Grupo Editorial","og_description":"ISBN: 978-84-1068-653-3 SINOPSIS El silencio de tus palabras: De m\u00ed a trav\u00e9s de ti te hizo saber que \u00abpuedes volar sin alas si tienes el cielo en la mente y las alas en el coraz\u00f3n\u00bb a pesar del quebrantamiento, peso, sofoco y dolor en tu coraz\u00f3n. Aqu\u00ed, su hermana gemela quiere invitarte a que sepas que \u00abde mis ojos no caen gotas de agua salada, caen los reflejos del dolor de mi coraz\u00f3n, facilitados por el espejo de mi alma\u00bb en cinco libros divididos con esencia y personalidad \u00fanica e identificable.  &nbsp;  El primero, Amor, contiene diferentes tipos de poes\u00eda que delatan lo que me hacen sentir, lo que pienso y lo que en mi perspectiva significa dicha decisi\u00f3n infinita hacia la persona que quiero. El libro II, Desamor, es el m\u00e1s breve de todos, no obstante, no le falta la sensaci\u00f3n t\u00e1ctil y realista del dolor que este sentimiento le provoca a las personas y con los que muchos os podr\u00e9is identificar. Un humano en la soledad capta reflexiones \u00edntimas que uno se hace estando solo en la habitaci\u00f3n, desde el silenciado llanto de agon\u00eda, pasando por la correcci\u00f3n de la verificaci\u00f3n de definici\u00f3n de uno mismo y no lo que la gente piensa o cree saber de \u00e9l, hasta su identidad y el desconocimiento de la bondad en s\u00ed debido a las expectativas y est\u00e1ndares de la globalizaci\u00f3n. Cartas de voz desde el coraz\u00f3n es el cuarto y la contraparte del anterior, con la diferencia de que est\u00e9 en particular, aparte de contener cartas, contiene mucho m\u00e1s detalle y profundidad con m\u00e1s palabras en formato de ensayo. El benjam\u00edn y quinto libro, En pocas palabras, es una colecci\u00f3n de diferentes frases de meditaci\u00f3n diaria, frases no hechas para motivar, sino para inspirarte y para provocar que inspires a los dem\u00e1s en cualquier tipo de conversaci\u00f3n que sientas que sean apropiadas usarse.  De sincero coraz\u00f3n espero que el leerlo te sea agradable y fruct\u00edfero en tu proceso de crecimiento tanto lectoral, personal, social, emocional y sentimental.  &nbsp;","og_url":"https:\/\/letrame.com\/catalogo\/producto\/llantos-del-alba-hacia-el-alma\/","og_site_name":"Catalogo | Letrame Grupo Editorial","article_modified_time":"2024-07-23T14:32:52+00:00","og_image":[{"width":1772,"height":2480,"url":"https:\/\/letrame.com\/catalogo\/wp-content\/uploads\/2024\/07\/llantosdelalma_587mm4-compressed.jpg","type":"image\/jpeg"}],"twitter_card":"summary_large_image","twitter_misc":{"Tiempo de lectura":"2 minutos"},"schema":{"@context":"https:\/\/schema.org","@graph":[{"@type":"WebPage","@id":"https:\/\/letrame.com\/catalogo\/producto\/llantos-del-alba-hacia-el-alma\/","url":"https:\/\/letrame.com\/catalogo\/producto\/llantos-del-alba-hacia-el-alma\/","name":"Llantos del alba hacia el alma - Catalogo | Letrame Grupo Editorial","isPartOf":{"@id":"https:\/\/letrame.com\/catalogo\/#website"},"primaryImageOfPage":{"@id":"https:\/\/letrame.com\/catalogo\/producto\/llantos-del-alba-hacia-el-alma\/#primaryimage"},"image":{"@id":"https:\/\/letrame.com\/catalogo\/producto\/llantos-del-alba-hacia-el-alma\/#primaryimage"},"thumbnailUrl":"https:\/\/letrame.com\/catalogo\/wp-content\/uploads\/2024\/07\/llantosdelalma_587mm4-compressed.jpg","datePublished":"2024-07-23T14:32:51+00:00","dateModified":"2024-07-23T14:32:52+00:00","breadcrumb":{"@id":"https:\/\/letrame.com\/catalogo\/producto\/llantos-del-alba-hacia-el-alma\/#breadcrumb"},"inLanguage":"es","potentialAction":[{"@type":"ReadAction","target":["https:\/\/letrame.com\/catalogo\/producto\/llantos-del-alba-hacia-el-alma\/"]}]},{"@type":"ImageObject","inLanguage":"es","@id":"https:\/\/letrame.com\/catalogo\/producto\/llantos-del-alba-hacia-el-alma\/#primaryimage","url":"https:\/\/letrame.com\/catalogo\/wp-content\/uploads\/2024\/07\/llantosdelalma_587mm4-compressed.jpg","contentUrl":"https:\/\/letrame.com\/catalogo\/wp-content\/uploads\/2024\/07\/llantosdelalma_587mm4-compressed.jpg","width":1772,"height":2480},{"@type":"BreadcrumbList","@id":"https:\/\/letrame.com\/catalogo\/producto\/llantos-del-alba-hacia-el-alma\/#breadcrumb","itemListElement":[{"@type":"ListItem","position":1,"name":"Portada","item":"https:\/\/letrame.com\/catalogo\/"},{"@type":"ListItem","position":2,"name":"Cat\u00e1logo","item":"https:\/\/letrame.com\/catalogo\/"},{"@type":"ListItem","position":3,"name":"Llantos del alba hacia el alma"}]},{"@type":"WebSite","@id":"https:\/\/letrame.com\/catalogo\/#website","url":"https:\/\/letrame.com\/catalogo\/","name":"Catalogo | Letrame Grupo Editorial","description":"","publisher":{"@id":"https:\/\/letrame.com\/catalogo\/#organization"},"potentialAction":[{"@type":"SearchAction","target":{"@type":"EntryPoint","urlTemplate":"https:\/\/letrame.com\/catalogo\/?s={search_term_string}"},"query-input":{"@type":"PropertyValueSpecification","valueRequired":true,"valueName":"search_term_string"}}],"inLanguage":"es"},{"@type":"Organization","@id":"https:\/\/letrame.com\/catalogo\/#organization","name":"Catalogo | Letrame Grupo Editorial","url":"https:\/\/letrame.com\/catalogo\/","logo":{"@type":"ImageObject","inLanguage":"es","@id":"https:\/\/letrame.com\/catalogo\/#\/schema\/logo\/image\/","url":"https:\/\/letrame.com\/catalogo\/wp-content\/uploads\/2024\/03\/logo2.webp","contentUrl":"https:\/\/letrame.com\/catalogo\/wp-content\/uploads\/2024\/03\/logo2.webp","width":394,"height":128,"caption":"Catalogo | Letrame Grupo Editorial"},"image":{"@id":"https:\/\/letrame.com\/catalogo\/#\/schema\/logo\/image\/"}}]}},"_links":{"self":[{"href":"https:\/\/letrame.com\/catalogo\/wp-json\/wp\/v2\/product\/103204","targetHints":{"allow":["GET"]}}],"collection":[{"href":"https:\/\/letrame.com\/catalogo\/wp-json\/wp\/v2\/product"}],"about":[{"href":"https:\/\/letrame.com\/catalogo\/wp-json\/wp\/v2\/types\/product"}],"replies":[{"embeddable":true,"href":"https:\/\/letrame.com\/catalogo\/wp-json\/wp\/v2\/comments?post=103204"}],"acf:post":[{"embeddable":true,"href":"https:\/\/letrame.com\/catalogo\/wp-json\/wp\/v2\/author_book\/103205"}],"wp:featuredmedia":[{"embeddable":true,"href":"https:\/\/letrame.com\/catalogo\/wp-json\/wp\/v2\/media\/103209"}],"wp:attachment":[{"href":"https:\/\/letrame.com\/catalogo\/wp-json\/wp\/v2\/media?parent=103204"}],"wp:term":[{"taxonomy":"libro","embeddable":true,"href":"https:\/\/letrame.com\/catalogo\/wp-json\/wp\/v2\/libro?post=103204"},{"taxonomy":"product_brand","embeddable":true,"href":"https:\/\/letrame.com\/catalogo\/wp-json\/wp\/v2\/product_brand?post=103204"},{"taxonomy":"product_cat","embeddable":true,"href":"https:\/\/letrame.com\/catalogo\/wp-json\/wp\/v2\/product_cat?post=103204"},{"taxonomy":"product_tag","embeddable":true,"href":"https:\/\/letrame.com\/catalogo\/wp-json\/wp\/v2\/product_tag?post=103204"}],"curies":[{"name":"wp","href":"https:\/\/api.w.org\/{rel}","templated":true}]}}