{"id":102423,"date":"2024-07-18T11:49:11","date_gmt":"2024-07-18T09:49:11","guid":{"rendered":"https:\/\/letrame.com\/catalogo\/?post_type=product&#038;p=102423"},"modified":"2024-07-22T15:20:09","modified_gmt":"2024-07-22T13:20:09","slug":"proyeccion-psiquica-con-las-pinturas-de-wangulen-2","status":"publish","type":"product","link":"https:\/\/letrame.com\/catalogo\/producto\/proyeccion-psiquica-con-las-pinturas-de-wangulen-2\/","title":{"rendered":"Proyeccio\u0301n psi\u0301quica con las pinturas de Wangule\u0301n"},"content":{"rendered":"<p class=\"p1\">ISBN: 978-84-1181-666-3<\/p>\n<p class=\"p1\">T\u00edtulo: Proyeccio\u0301n psi\u0301quica con las pinturas de Wangule\u0301n<\/p>\n<p class=\"p1\">Fecha: 2023<\/p>\n<p class=\"p1\">P\u00e1ginas: 156<\/p>\n<p class=\"p1\">SINOPSIS<\/p>\n<p>Quieres encontrar una respuesta a lo que te sucede. Muy simple, solo tienes que observar la agrupaci\u00f3n de pinturas como si fueran tus propios bocetos de vida. Es proyecci\u00f3n ps\u00edquica. Al final, contar\u00e1s tu existencia como la desees.<\/p>\n<p><em>Proyecci\u00f3n ps\u00edquica con las pinturas de Wangul\u00e9n, el esp\u00edritu del ni\u00f1o de pene grande y cuerpo l\u00e1nguido<\/em> no es tan solo una novela, sino una verdadera alegor\u00eda que te ayudar\u00e1 a la transformaci\u00f3n de tu vida y a mitigar el dolor, desde el mismo instante en que comienzas a leerla.<\/p>\n<p>La novela posee contenidos m\u00e1gicos de superaci\u00f3n y confianza para levantar las voluntades ca\u00eddas. Trae consigo la ecuaci\u00f3n matem\u00e1tica de emociones que te servir\u00e1n de autoayuda para cambiar la percepci\u00f3n sobre tu vida. Est\u00e1 llena de misterio y de sensaciones que lograr\u00e1n que te identifiques con tu propio dolor y con tus vivencias, pero lo m\u00e1s importante es que te dar\u00e1s cuenta, a trav\u00e9s de su relato, que la esperanza existe y que la respuesta a la vida seguramente est\u00e1 frente a tu actitud y no la has visto.<\/p>\n","protected":false},"excerpt":{"rendered":"<p class=\"p1\">ISBN: 978-84-1181-666-3<\/p>\n<p class=\"p1\">SINOPSIS<\/p>\n<p>Quieres encontrar una respuesta a lo que te sucede. Muy simple, solo tienes que observar la agrupaci\u00f3n de pinturas como si fueran tus propios bocetos de vida. Es proyecci\u00f3n ps\u00edquica. Al final, contar\u00e1s tu existencia como la desees.<\/p>\n<p><em>Proyecci\u00f3n ps\u00edquica con las pinturas de Wangul\u00e9n, el esp\u00edritu del ni\u00f1o de pene grande y cuerpo l\u00e1nguido<\/em> no es tan solo una novela, sino una verdadera alegor\u00eda que te ayudar\u00e1 a la transformaci\u00f3n de tu vida y a mitigar el dolor, desde el mismo instante en que comienzas a leerla.<\/p>\n<p>La novela posee contenidos m\u00e1gicos de superaci\u00f3n y confianza para levantar las voluntades ca\u00eddas. Trae consigo la ecuaci\u00f3n matem\u00e1tica de emociones que te servir\u00e1n de autoayuda para cambiar la percepci\u00f3n sobre tu vida. Est\u00e1 llena de misterio y de sensaciones que lograr\u00e1n que te identifiques con tu propio dolor y con tus vivencias, pero lo m\u00e1s importante es que te dar\u00e1s cuenta, a trav\u00e9s de su relato, que la esperanza existe y que la respuesta a la vida seguramente est\u00e1 frente a tu actitud y no la has visto.<\/p>\n","protected":false},"featured_media":102436,"comment_status":"open","ping_status":"closed","template":"","meta":{"_acf_changed":false},"libro":[],"product_brand":[],"product_cat":[27],"product_tag":[],"class_list":{"0":"post-102423","1":"product","2":"type-product","3":"status-publish","4":"has-post-thumbnail","6":"product_cat-divulgacion","8":"first","9":"instock","10":"shipping-taxable","11":"product-type-simple"},"acf":{"autor":[101566],"enlace_de_compra":"https:\/\/amzn.to\/4cX7bC2"},"yoast_head":"<!-- This site is optimized with the Yoast SEO plugin v27.4 - https:\/\/yoast.com\/product\/yoast-seo-wordpress\/ -->\n<title>Proyeccio\u0301n psi\u0301quica con las pinturas de Wangule\u0301n - Catalogo | Letrame Grupo Editorial<\/title>\n<meta name=\"robots\" content=\"index, follow, max-snippet:-1, max-image-preview:large, max-video-preview:-1\" \/>\n<link rel=\"canonical\" href=\"https:\/\/letrame.com\/catalogo\/producto\/proyeccion-psiquica-con-las-pinturas-de-wangulen-2\/\" \/>\n<meta property=\"og:locale\" content=\"es_ES\" \/>\n<meta property=\"og:type\" content=\"article\" \/>\n<meta property=\"og:title\" content=\"Proyeccio\u0301n psi\u0301quica con las pinturas de Wangule\u0301n - Catalogo | Letrame Grupo Editorial\" \/>\n<meta property=\"og:description\" content=\"ISBN: 978-84-1181-666-3 SINOPSIS Quieres encontrar una respuesta a lo que te sucede. Muy simple, solo tienes que observar la agrupaci\u00f3n de pinturas como si fueran tus propios bocetos de vida. Es proyecci\u00f3n ps\u00edquica. Al final, contar\u00e1s tu existencia como la desees.  Proyecci\u00f3n ps\u00edquica con las pinturas de Wangul\u00e9n, el esp\u00edritu del ni\u00f1o de pene grande y cuerpo l\u00e1nguido no es tan solo una novela, sino una verdadera alegor\u00eda que te ayudar\u00e1 a la transformaci\u00f3n de tu vida y a mitigar el dolor, desde el mismo instante en que comienzas a leerla.  La novela posee contenidos m\u00e1gicos de superaci\u00f3n y confianza para levantar las voluntades ca\u00eddas. Trae consigo la ecuaci\u00f3n matem\u00e1tica de emociones que te servir\u00e1n de autoayuda para cambiar la percepci\u00f3n sobre tu vida. Est\u00e1 llena de misterio y de sensaciones que lograr\u00e1n que te identifiques con tu propio dolor y con tus vivencias, pero lo m\u00e1s importante es que te dar\u00e1s cuenta, a trav\u00e9s de su relato, que la esperanza existe y que la respuesta a la vida seguramente est\u00e1 frente a tu actitud y no la has visto.\" \/>\n<meta property=\"og:url\" content=\"https:\/\/letrame.com\/catalogo\/producto\/proyeccion-psiquica-con-las-pinturas-de-wangulen-2\/\" \/>\n<meta property=\"og:site_name\" content=\"Catalogo | Letrame Grupo Editorial\" \/>\n<meta property=\"article:modified_time\" content=\"2024-07-22T13:20:09+00:00\" \/>\n<meta property=\"og:image\" content=\"https:\/\/letrame.com\/catalogo\/wp-content\/uploads\/2024\/07\/webp_proyeccionpsiquica_918mm-compressed.jpg\" \/>\n\t<meta property=\"og:image:width\" content=\"1780\" \/>\n\t<meta property=\"og:image:height\" content=\"2480\" \/>\n\t<meta property=\"og:image:type\" content=\"image\/jpeg\" \/>\n<meta name=\"twitter:card\" content=\"summary_large_image\" \/>\n<meta name=\"twitter:label1\" content=\"Tiempo de lectura\" \/>\n\t<meta name=\"twitter:data1\" content=\"2 minutos\" \/>\n<script type=\"application\/ld+json\" class=\"yoast-schema-graph\">{\"@context\":\"https:\\\/\\\/schema.org\",\"@graph\":[{\"@type\":\"WebPage\",\"@id\":\"https:\\\/\\\/letrame.com\\\/catalogo\\\/producto\\\/proyeccion-psiquica-con-las-pinturas-de-wangulen-2\\\/\",\"url\":\"https:\\\/\\\/letrame.com\\\/catalogo\\\/producto\\\/proyeccion-psiquica-con-las-pinturas-de-wangulen-2\\\/\",\"name\":\"Proyeccio\u0301n psi\u0301quica con las pinturas de Wangule\u0301n - Catalogo | Letrame Grupo Editorial\",\"isPartOf\":{\"@id\":\"https:\\\/\\\/letrame.com\\\/catalogo\\\/#website\"},\"primaryImageOfPage\":{\"@id\":\"https:\\\/\\\/letrame.com\\\/catalogo\\\/producto\\\/proyeccion-psiquica-con-las-pinturas-de-wangulen-2\\\/#primaryimage\"},\"image\":{\"@id\":\"https:\\\/\\\/letrame.com\\\/catalogo\\\/producto\\\/proyeccion-psiquica-con-las-pinturas-de-wangulen-2\\\/#primaryimage\"},\"thumbnailUrl\":\"https:\\\/\\\/letrame.com\\\/catalogo\\\/wp-content\\\/uploads\\\/2024\\\/07\\\/webp_proyeccionpsiquica_918mm-compressed.jpg\",\"datePublished\":\"2024-07-18T09:49:11+00:00\",\"dateModified\":\"2024-07-22T13:20:09+00:00\",\"breadcrumb\":{\"@id\":\"https:\\\/\\\/letrame.com\\\/catalogo\\\/producto\\\/proyeccion-psiquica-con-las-pinturas-de-wangulen-2\\\/#breadcrumb\"},\"inLanguage\":\"es\",\"potentialAction\":[{\"@type\":\"ReadAction\",\"target\":[\"https:\\\/\\\/letrame.com\\\/catalogo\\\/producto\\\/proyeccion-psiquica-con-las-pinturas-de-wangulen-2\\\/\"]}]},{\"@type\":\"ImageObject\",\"inLanguage\":\"es\",\"@id\":\"https:\\\/\\\/letrame.com\\\/catalogo\\\/producto\\\/proyeccion-psiquica-con-las-pinturas-de-wangulen-2\\\/#primaryimage\",\"url\":\"https:\\\/\\\/letrame.com\\\/catalogo\\\/wp-content\\\/uploads\\\/2024\\\/07\\\/webp_proyeccionpsiquica_918mm-compressed.jpg\",\"contentUrl\":\"https:\\\/\\\/letrame.com\\\/catalogo\\\/wp-content\\\/uploads\\\/2024\\\/07\\\/webp_proyeccionpsiquica_918mm-compressed.jpg\",\"width\":1780,\"height\":2480},{\"@type\":\"BreadcrumbList\",\"@id\":\"https:\\\/\\\/letrame.com\\\/catalogo\\\/producto\\\/proyeccion-psiquica-con-las-pinturas-de-wangulen-2\\\/#breadcrumb\",\"itemListElement\":[{\"@type\":\"ListItem\",\"position\":1,\"name\":\"Portada\",\"item\":\"https:\\\/\\\/letrame.com\\\/catalogo\\\/\"},{\"@type\":\"ListItem\",\"position\":2,\"name\":\"Cat\u00e1logo\",\"item\":\"https:\\\/\\\/letrame.com\\\/catalogo\\\/\"},{\"@type\":\"ListItem\",\"position\":3,\"name\":\"Proyeccio\u0301n psi\u0301quica con las pinturas de Wangule\u0301n\"}]},{\"@type\":\"WebSite\",\"@id\":\"https:\\\/\\\/letrame.com\\\/catalogo\\\/#website\",\"url\":\"https:\\\/\\\/letrame.com\\\/catalogo\\\/\",\"name\":\"Catalogo | Letrame Grupo Editorial\",\"description\":\"\",\"publisher\":{\"@id\":\"https:\\\/\\\/letrame.com\\\/catalogo\\\/#organization\"},\"potentialAction\":[{\"@type\":\"SearchAction\",\"target\":{\"@type\":\"EntryPoint\",\"urlTemplate\":\"https:\\\/\\\/letrame.com\\\/catalogo\\\/?s={search_term_string}\"},\"query-input\":{\"@type\":\"PropertyValueSpecification\",\"valueRequired\":true,\"valueName\":\"search_term_string\"}}],\"inLanguage\":\"es\"},{\"@type\":\"Organization\",\"@id\":\"https:\\\/\\\/letrame.com\\\/catalogo\\\/#organization\",\"name\":\"Catalogo | Letrame Grupo Editorial\",\"url\":\"https:\\\/\\\/letrame.com\\\/catalogo\\\/\",\"logo\":{\"@type\":\"ImageObject\",\"inLanguage\":\"es\",\"@id\":\"https:\\\/\\\/letrame.com\\\/catalogo\\\/#\\\/schema\\\/logo\\\/image\\\/\",\"url\":\"https:\\\/\\\/letrame.com\\\/catalogo\\\/wp-content\\\/uploads\\\/2024\\\/03\\\/logo2.webp\",\"contentUrl\":\"https:\\\/\\\/letrame.com\\\/catalogo\\\/wp-content\\\/uploads\\\/2024\\\/03\\\/logo2.webp\",\"width\":394,\"height\":128,\"caption\":\"Catalogo | Letrame Grupo Editorial\"},\"image\":{\"@id\":\"https:\\\/\\\/letrame.com\\\/catalogo\\\/#\\\/schema\\\/logo\\\/image\\\/\"}}]}<\/script>\n<!-- \/ Yoast SEO plugin. -->","yoast_head_json":{"title":"Proyeccio\u0301n psi\u0301quica con las pinturas de Wangule\u0301n - Catalogo | Letrame Grupo Editorial","robots":{"index":"index","follow":"follow","max-snippet":"max-snippet:-1","max-image-preview":"max-image-preview:large","max-video-preview":"max-video-preview:-1"},"canonical":"https:\/\/letrame.com\/catalogo\/producto\/proyeccion-psiquica-con-las-pinturas-de-wangulen-2\/","og_locale":"es_ES","og_type":"article","og_title":"Proyeccio\u0301n psi\u0301quica con las pinturas de Wangule\u0301n - Catalogo | Letrame Grupo Editorial","og_description":"ISBN: 978-84-1181-666-3 SINOPSIS Quieres encontrar una respuesta a lo que te sucede. Muy simple, solo tienes que observar la agrupaci\u00f3n de pinturas como si fueran tus propios bocetos de vida. Es proyecci\u00f3n ps\u00edquica. Al final, contar\u00e1s tu existencia como la desees.  Proyecci\u00f3n ps\u00edquica con las pinturas de Wangul\u00e9n, el esp\u00edritu del ni\u00f1o de pene grande y cuerpo l\u00e1nguido no es tan solo una novela, sino una verdadera alegor\u00eda que te ayudar\u00e1 a la transformaci\u00f3n de tu vida y a mitigar el dolor, desde el mismo instante en que comienzas a leerla.  La novela posee contenidos m\u00e1gicos de superaci\u00f3n y confianza para levantar las voluntades ca\u00eddas. Trae consigo la ecuaci\u00f3n matem\u00e1tica de emociones que te servir\u00e1n de autoayuda para cambiar la percepci\u00f3n sobre tu vida. Est\u00e1 llena de misterio y de sensaciones que lograr\u00e1n que te identifiques con tu propio dolor y con tus vivencias, pero lo m\u00e1s importante es que te dar\u00e1s cuenta, a trav\u00e9s de su relato, que la esperanza existe y que la respuesta a la vida seguramente est\u00e1 frente a tu actitud y no la has visto.","og_url":"https:\/\/letrame.com\/catalogo\/producto\/proyeccion-psiquica-con-las-pinturas-de-wangulen-2\/","og_site_name":"Catalogo | Letrame Grupo Editorial","article_modified_time":"2024-07-22T13:20:09+00:00","og_image":[{"width":1780,"height":2480,"url":"https:\/\/letrame.com\/catalogo\/wp-content\/uploads\/2024\/07\/webp_proyeccionpsiquica_918mm-compressed.jpg","type":"image\/jpeg"}],"twitter_card":"summary_large_image","twitter_misc":{"Tiempo de lectura":"2 minutos"},"schema":{"@context":"https:\/\/schema.org","@graph":[{"@type":"WebPage","@id":"https:\/\/letrame.com\/catalogo\/producto\/proyeccion-psiquica-con-las-pinturas-de-wangulen-2\/","url":"https:\/\/letrame.com\/catalogo\/producto\/proyeccion-psiquica-con-las-pinturas-de-wangulen-2\/","name":"Proyeccio\u0301n psi\u0301quica con las pinturas de Wangule\u0301n - Catalogo | Letrame Grupo Editorial","isPartOf":{"@id":"https:\/\/letrame.com\/catalogo\/#website"},"primaryImageOfPage":{"@id":"https:\/\/letrame.com\/catalogo\/producto\/proyeccion-psiquica-con-las-pinturas-de-wangulen-2\/#primaryimage"},"image":{"@id":"https:\/\/letrame.com\/catalogo\/producto\/proyeccion-psiquica-con-las-pinturas-de-wangulen-2\/#primaryimage"},"thumbnailUrl":"https:\/\/letrame.com\/catalogo\/wp-content\/uploads\/2024\/07\/webp_proyeccionpsiquica_918mm-compressed.jpg","datePublished":"2024-07-18T09:49:11+00:00","dateModified":"2024-07-22T13:20:09+00:00","breadcrumb":{"@id":"https:\/\/letrame.com\/catalogo\/producto\/proyeccion-psiquica-con-las-pinturas-de-wangulen-2\/#breadcrumb"},"inLanguage":"es","potentialAction":[{"@type":"ReadAction","target":["https:\/\/letrame.com\/catalogo\/producto\/proyeccion-psiquica-con-las-pinturas-de-wangulen-2\/"]}]},{"@type":"ImageObject","inLanguage":"es","@id":"https:\/\/letrame.com\/catalogo\/producto\/proyeccion-psiquica-con-las-pinturas-de-wangulen-2\/#primaryimage","url":"https:\/\/letrame.com\/catalogo\/wp-content\/uploads\/2024\/07\/webp_proyeccionpsiquica_918mm-compressed.jpg","contentUrl":"https:\/\/letrame.com\/catalogo\/wp-content\/uploads\/2024\/07\/webp_proyeccionpsiquica_918mm-compressed.jpg","width":1780,"height":2480},{"@type":"BreadcrumbList","@id":"https:\/\/letrame.com\/catalogo\/producto\/proyeccion-psiquica-con-las-pinturas-de-wangulen-2\/#breadcrumb","itemListElement":[{"@type":"ListItem","position":1,"name":"Portada","item":"https:\/\/letrame.com\/catalogo\/"},{"@type":"ListItem","position":2,"name":"Cat\u00e1logo","item":"https:\/\/letrame.com\/catalogo\/"},{"@type":"ListItem","position":3,"name":"Proyeccio\u0301n psi\u0301quica con las pinturas de Wangule\u0301n"}]},{"@type":"WebSite","@id":"https:\/\/letrame.com\/catalogo\/#website","url":"https:\/\/letrame.com\/catalogo\/","name":"Catalogo | Letrame Grupo Editorial","description":"","publisher":{"@id":"https:\/\/letrame.com\/catalogo\/#organization"},"potentialAction":[{"@type":"SearchAction","target":{"@type":"EntryPoint","urlTemplate":"https:\/\/letrame.com\/catalogo\/?s={search_term_string}"},"query-input":{"@type":"PropertyValueSpecification","valueRequired":true,"valueName":"search_term_string"}}],"inLanguage":"es"},{"@type":"Organization","@id":"https:\/\/letrame.com\/catalogo\/#organization","name":"Catalogo | Letrame Grupo Editorial","url":"https:\/\/letrame.com\/catalogo\/","logo":{"@type":"ImageObject","inLanguage":"es","@id":"https:\/\/letrame.com\/catalogo\/#\/schema\/logo\/image\/","url":"https:\/\/letrame.com\/catalogo\/wp-content\/uploads\/2024\/03\/logo2.webp","contentUrl":"https:\/\/letrame.com\/catalogo\/wp-content\/uploads\/2024\/03\/logo2.webp","width":394,"height":128,"caption":"Catalogo | Letrame Grupo Editorial"},"image":{"@id":"https:\/\/letrame.com\/catalogo\/#\/schema\/logo\/image\/"}}]}},"_links":{"self":[{"href":"https:\/\/letrame.com\/catalogo\/wp-json\/wp\/v2\/product\/102423","targetHints":{"allow":["GET"]}}],"collection":[{"href":"https:\/\/letrame.com\/catalogo\/wp-json\/wp\/v2\/product"}],"about":[{"href":"https:\/\/letrame.com\/catalogo\/wp-json\/wp\/v2\/types\/product"}],"replies":[{"embeddable":true,"href":"https:\/\/letrame.com\/catalogo\/wp-json\/wp\/v2\/comments?post=102423"}],"acf:post":[{"embeddable":true,"href":"https:\/\/letrame.com\/catalogo\/wp-json\/wp\/v2\/author_book\/101566"}],"wp:featuredmedia":[{"embeddable":true,"href":"https:\/\/letrame.com\/catalogo\/wp-json\/wp\/v2\/media\/102436"}],"wp:attachment":[{"href":"https:\/\/letrame.com\/catalogo\/wp-json\/wp\/v2\/media?parent=102423"}],"wp:term":[{"taxonomy":"libro","embeddable":true,"href":"https:\/\/letrame.com\/catalogo\/wp-json\/wp\/v2\/libro?post=102423"},{"taxonomy":"product_brand","embeddable":true,"href":"https:\/\/letrame.com\/catalogo\/wp-json\/wp\/v2\/product_brand?post=102423"},{"taxonomy":"product_cat","embeddable":true,"href":"https:\/\/letrame.com\/catalogo\/wp-json\/wp\/v2\/product_cat?post=102423"},{"taxonomy":"product_tag","embeddable":true,"href":"https:\/\/letrame.com\/catalogo\/wp-json\/wp\/v2\/product_tag?post=102423"}],"curies":[{"name":"wp","href":"https:\/\/api.w.org\/{rel}","templated":true}]}}