{"id":102373,"date":"2024-07-18T11:29:30","date_gmt":"2024-07-18T09:29:30","guid":{"rendered":"https:\/\/letrame.com\/catalogo\/?post_type=product&#038;p=102373"},"modified":"2024-07-18T11:29:31","modified_gmt":"2024-07-18T09:29:31","slug":"canopus-la-luz-de-los-heroes-2","status":"publish","type":"product","link":"https:\/\/letrame.com\/catalogo\/producto\/canopus-la-luz-de-los-heroes-2\/","title":{"rendered":"CANOPUS. LA LUZ DE LOS HE\u0301ROES"},"content":{"rendered":"<p class=\"p1\">ISBN: 978-84-1181-741-7<\/p>\n<p class=\"p1\">T\u00edtulo: CANOPUS. LA LUZ DE LOS HE\u0301ROES<\/p>\n<p class=\"p1\">Fecha: 2023<\/p>\n<p class=\"p1\">P\u00e1ginas: 174<\/p>\n<p class=\"p1\">SINOPSIS<\/p>\n<p>La saga contin\u00faa. Despu\u00e9s de proclamarse la protectora de Chicago, Cors\u00e9 Negro ha adoptado una personalidad mucho m\u00e1s t\u00e9trica a causa de su rutina que le har\u00e1 actuar de una manera mucho m\u00e1s implacable.<\/p>\n<p>La aparici\u00f3n de un nuevo personaje, que requerir\u00e1 de su ayuda para enfrentarse a su pasado, le obligar\u00e1 a sobreponerse a enemigos con poderes inimaginables. Juntos unir\u00e1n fuerzas para superar las adversidades de una ciudad convertida en un campo de batalla.<\/p>\n","protected":false},"excerpt":{"rendered":"<p>&nbsp;<\/p>\n<p class=\"p1\">ISBN: 978-84-1181-741-7<\/p>\n<p class=\"p1\">SINOPSIS<\/p>\n<p>La saga contin\u00faa. Despu\u00e9s de proclamarse la protectora de Chicago, Cors\u00e9 Negro ha adoptado una personalidad mucho m\u00e1s t\u00e9trica a causa de su rutina que le har\u00e1 actuar de una manera mucho m\u00e1s implacable.<\/p>\n<p>La aparici\u00f3n de un nuevo personaje, que requerir\u00e1 de su ayuda para enfrentarse a su pasado, le obligar\u00e1 a sobreponerse a enemigos con poderes inimaginables. Juntos unir\u00e1n fuerzas para superar las adversidades de una ciudad convertida en un campo de batalla.<\/p>\n","protected":false},"featured_media":102393,"comment_status":"open","ping_status":"closed","template":"","meta":{"_acf_changed":false},"libro":[],"product_brand":[],"product_cat":[118,16],"product_tag":[],"class_list":{"0":"post-102373","1":"product","2":"type-product","3":"status-publish","4":"has-post-thumbnail","6":"product_cat-fantasia","7":"product_cat-novela","9":"first","10":"instock","11":"shipping-taxable","12":"product-type-simple"},"acf":{"autor":[102378],"enlace_de_compra":"https:\/\/amzn.to\/4d1Oflw"},"yoast_head":"<!-- This site is optimized with the Yoast SEO plugin v27.4 - https:\/\/yoast.com\/product\/yoast-seo-wordpress\/ -->\n<title>CANOPUS. LA LUZ DE LOS HE\u0301ROES - Catalogo | Letrame Grupo Editorial<\/title>\n<meta name=\"robots\" content=\"index, follow, max-snippet:-1, max-image-preview:large, max-video-preview:-1\" \/>\n<link rel=\"canonical\" href=\"https:\/\/letrame.com\/catalogo\/producto\/canopus-la-luz-de-los-heroes-2\/\" \/>\n<meta property=\"og:locale\" content=\"es_ES\" \/>\n<meta property=\"og:type\" content=\"article\" \/>\n<meta property=\"og:title\" content=\"CANOPUS. LA LUZ DE LOS HE\u0301ROES - Catalogo | Letrame Grupo Editorial\" \/>\n<meta property=\"og:description\" content=\"&nbsp; ISBN: 978-84-1181-741-7 SINOPSIS La saga contin\u00faa. Despu\u00e9s de proclamarse la protectora de Chicago, Cors\u00e9 Negro ha adoptado una personalidad mucho m\u00e1s t\u00e9trica a causa de su rutina que le har\u00e1 actuar de una manera mucho m\u00e1s implacable.  La aparici\u00f3n de un nuevo personaje, que requerir\u00e1 de su ayuda para enfrentarse a su pasado, le obligar\u00e1 a sobreponerse a enemigos con poderes inimaginables. Juntos unir\u00e1n fuerzas para superar las adversidades de una ciudad convertida en un campo de batalla.\" \/>\n<meta property=\"og:url\" content=\"https:\/\/letrame.com\/catalogo\/producto\/canopus-la-luz-de-los-heroes-2\/\" \/>\n<meta property=\"og:site_name\" content=\"Catalogo | Letrame Grupo Editorial\" \/>\n<meta property=\"article:modified_time\" content=\"2024-07-18T09:29:31+00:00\" \/>\n<meta property=\"og:image\" content=\"https:\/\/letrame.com\/catalogo\/wp-content\/uploads\/2024\/07\/webp_canopus_91mm-compressed-scaled.jpg\" \/>\n\t<meta property=\"og:image:width\" content=\"1746\" \/>\n\t<meta property=\"og:image:height\" content=\"2560\" \/>\n\t<meta property=\"og:image:type\" content=\"image\/jpeg\" \/>\n<meta name=\"twitter:card\" content=\"summary_large_image\" \/>\n<meta name=\"twitter:label1\" content=\"Tiempo de lectura\" \/>\n\t<meta name=\"twitter:data1\" content=\"1 minuto\" \/>\n<script type=\"application\/ld+json\" class=\"yoast-schema-graph\">{\"@context\":\"https:\\\/\\\/schema.org\",\"@graph\":[{\"@type\":\"WebPage\",\"@id\":\"https:\\\/\\\/letrame.com\\\/catalogo\\\/producto\\\/canopus-la-luz-de-los-heroes-2\\\/\",\"url\":\"https:\\\/\\\/letrame.com\\\/catalogo\\\/producto\\\/canopus-la-luz-de-los-heroes-2\\\/\",\"name\":\"CANOPUS. LA LUZ DE LOS HE\u0301ROES - Catalogo | Letrame Grupo Editorial\",\"isPartOf\":{\"@id\":\"https:\\\/\\\/letrame.com\\\/catalogo\\\/#website\"},\"primaryImageOfPage\":{\"@id\":\"https:\\\/\\\/letrame.com\\\/catalogo\\\/producto\\\/canopus-la-luz-de-los-heroes-2\\\/#primaryimage\"},\"image\":{\"@id\":\"https:\\\/\\\/letrame.com\\\/catalogo\\\/producto\\\/canopus-la-luz-de-los-heroes-2\\\/#primaryimage\"},\"thumbnailUrl\":\"https:\\\/\\\/letrame.com\\\/catalogo\\\/wp-content\\\/uploads\\\/2024\\\/07\\\/webp_canopus_91mm-compressed-scaled.jpg\",\"datePublished\":\"2024-07-18T09:29:30+00:00\",\"dateModified\":\"2024-07-18T09:29:31+00:00\",\"breadcrumb\":{\"@id\":\"https:\\\/\\\/letrame.com\\\/catalogo\\\/producto\\\/canopus-la-luz-de-los-heroes-2\\\/#breadcrumb\"},\"inLanguage\":\"es\",\"potentialAction\":[{\"@type\":\"ReadAction\",\"target\":[\"https:\\\/\\\/letrame.com\\\/catalogo\\\/producto\\\/canopus-la-luz-de-los-heroes-2\\\/\"]}]},{\"@type\":\"ImageObject\",\"inLanguage\":\"es\",\"@id\":\"https:\\\/\\\/letrame.com\\\/catalogo\\\/producto\\\/canopus-la-luz-de-los-heroes-2\\\/#primaryimage\",\"url\":\"https:\\\/\\\/letrame.com\\\/catalogo\\\/wp-content\\\/uploads\\\/2024\\\/07\\\/webp_canopus_91mm-compressed-scaled.jpg\",\"contentUrl\":\"https:\\\/\\\/letrame.com\\\/catalogo\\\/wp-content\\\/uploads\\\/2024\\\/07\\\/webp_canopus_91mm-compressed-scaled.jpg\",\"width\":1746,\"height\":2560},{\"@type\":\"BreadcrumbList\",\"@id\":\"https:\\\/\\\/letrame.com\\\/catalogo\\\/producto\\\/canopus-la-luz-de-los-heroes-2\\\/#breadcrumb\",\"itemListElement\":[{\"@type\":\"ListItem\",\"position\":1,\"name\":\"Portada\",\"item\":\"https:\\\/\\\/letrame.com\\\/catalogo\\\/\"},{\"@type\":\"ListItem\",\"position\":2,\"name\":\"Cat\u00e1logo\",\"item\":\"https:\\\/\\\/letrame.com\\\/catalogo\\\/\"},{\"@type\":\"ListItem\",\"position\":3,\"name\":\"CANOPUS. LA LUZ DE LOS HE\u0301ROES\"}]},{\"@type\":\"WebSite\",\"@id\":\"https:\\\/\\\/letrame.com\\\/catalogo\\\/#website\",\"url\":\"https:\\\/\\\/letrame.com\\\/catalogo\\\/\",\"name\":\"Catalogo | Letrame Grupo Editorial\",\"description\":\"\",\"publisher\":{\"@id\":\"https:\\\/\\\/letrame.com\\\/catalogo\\\/#organization\"},\"potentialAction\":[{\"@type\":\"SearchAction\",\"target\":{\"@type\":\"EntryPoint\",\"urlTemplate\":\"https:\\\/\\\/letrame.com\\\/catalogo\\\/?s={search_term_string}\"},\"query-input\":{\"@type\":\"PropertyValueSpecification\",\"valueRequired\":true,\"valueName\":\"search_term_string\"}}],\"inLanguage\":\"es\"},{\"@type\":\"Organization\",\"@id\":\"https:\\\/\\\/letrame.com\\\/catalogo\\\/#organization\",\"name\":\"Catalogo | Letrame Grupo Editorial\",\"url\":\"https:\\\/\\\/letrame.com\\\/catalogo\\\/\",\"logo\":{\"@type\":\"ImageObject\",\"inLanguage\":\"es\",\"@id\":\"https:\\\/\\\/letrame.com\\\/catalogo\\\/#\\\/schema\\\/logo\\\/image\\\/\",\"url\":\"https:\\\/\\\/letrame.com\\\/catalogo\\\/wp-content\\\/uploads\\\/2024\\\/03\\\/logo2.webp\",\"contentUrl\":\"https:\\\/\\\/letrame.com\\\/catalogo\\\/wp-content\\\/uploads\\\/2024\\\/03\\\/logo2.webp\",\"width\":394,\"height\":128,\"caption\":\"Catalogo | Letrame Grupo Editorial\"},\"image\":{\"@id\":\"https:\\\/\\\/letrame.com\\\/catalogo\\\/#\\\/schema\\\/logo\\\/image\\\/\"}}]}<\/script>\n<!-- \/ Yoast SEO plugin. -->","yoast_head_json":{"title":"CANOPUS. LA LUZ DE LOS HE\u0301ROES - Catalogo | Letrame Grupo Editorial","robots":{"index":"index","follow":"follow","max-snippet":"max-snippet:-1","max-image-preview":"max-image-preview:large","max-video-preview":"max-video-preview:-1"},"canonical":"https:\/\/letrame.com\/catalogo\/producto\/canopus-la-luz-de-los-heroes-2\/","og_locale":"es_ES","og_type":"article","og_title":"CANOPUS. LA LUZ DE LOS HE\u0301ROES - Catalogo | Letrame Grupo Editorial","og_description":"&nbsp; ISBN: 978-84-1181-741-7 SINOPSIS La saga contin\u00faa. Despu\u00e9s de proclamarse la protectora de Chicago, Cors\u00e9 Negro ha adoptado una personalidad mucho m\u00e1s t\u00e9trica a causa de su rutina que le har\u00e1 actuar de una manera mucho m\u00e1s implacable.  La aparici\u00f3n de un nuevo personaje, que requerir\u00e1 de su ayuda para enfrentarse a su pasado, le obligar\u00e1 a sobreponerse a enemigos con poderes inimaginables. Juntos unir\u00e1n fuerzas para superar las adversidades de una ciudad convertida en un campo de batalla.","og_url":"https:\/\/letrame.com\/catalogo\/producto\/canopus-la-luz-de-los-heroes-2\/","og_site_name":"Catalogo | Letrame Grupo Editorial","article_modified_time":"2024-07-18T09:29:31+00:00","og_image":[{"width":1746,"height":2560,"url":"https:\/\/letrame.com\/catalogo\/wp-content\/uploads\/2024\/07\/webp_canopus_91mm-compressed-scaled.jpg","type":"image\/jpeg"}],"twitter_card":"summary_large_image","twitter_misc":{"Tiempo de lectura":"1 minuto"},"schema":{"@context":"https:\/\/schema.org","@graph":[{"@type":"WebPage","@id":"https:\/\/letrame.com\/catalogo\/producto\/canopus-la-luz-de-los-heroes-2\/","url":"https:\/\/letrame.com\/catalogo\/producto\/canopus-la-luz-de-los-heroes-2\/","name":"CANOPUS. LA LUZ DE LOS HE\u0301ROES - Catalogo | Letrame Grupo Editorial","isPartOf":{"@id":"https:\/\/letrame.com\/catalogo\/#website"},"primaryImageOfPage":{"@id":"https:\/\/letrame.com\/catalogo\/producto\/canopus-la-luz-de-los-heroes-2\/#primaryimage"},"image":{"@id":"https:\/\/letrame.com\/catalogo\/producto\/canopus-la-luz-de-los-heroes-2\/#primaryimage"},"thumbnailUrl":"https:\/\/letrame.com\/catalogo\/wp-content\/uploads\/2024\/07\/webp_canopus_91mm-compressed-scaled.jpg","datePublished":"2024-07-18T09:29:30+00:00","dateModified":"2024-07-18T09:29:31+00:00","breadcrumb":{"@id":"https:\/\/letrame.com\/catalogo\/producto\/canopus-la-luz-de-los-heroes-2\/#breadcrumb"},"inLanguage":"es","potentialAction":[{"@type":"ReadAction","target":["https:\/\/letrame.com\/catalogo\/producto\/canopus-la-luz-de-los-heroes-2\/"]}]},{"@type":"ImageObject","inLanguage":"es","@id":"https:\/\/letrame.com\/catalogo\/producto\/canopus-la-luz-de-los-heroes-2\/#primaryimage","url":"https:\/\/letrame.com\/catalogo\/wp-content\/uploads\/2024\/07\/webp_canopus_91mm-compressed-scaled.jpg","contentUrl":"https:\/\/letrame.com\/catalogo\/wp-content\/uploads\/2024\/07\/webp_canopus_91mm-compressed-scaled.jpg","width":1746,"height":2560},{"@type":"BreadcrumbList","@id":"https:\/\/letrame.com\/catalogo\/producto\/canopus-la-luz-de-los-heroes-2\/#breadcrumb","itemListElement":[{"@type":"ListItem","position":1,"name":"Portada","item":"https:\/\/letrame.com\/catalogo\/"},{"@type":"ListItem","position":2,"name":"Cat\u00e1logo","item":"https:\/\/letrame.com\/catalogo\/"},{"@type":"ListItem","position":3,"name":"CANOPUS. LA LUZ DE LOS HE\u0301ROES"}]},{"@type":"WebSite","@id":"https:\/\/letrame.com\/catalogo\/#website","url":"https:\/\/letrame.com\/catalogo\/","name":"Catalogo | Letrame Grupo Editorial","description":"","publisher":{"@id":"https:\/\/letrame.com\/catalogo\/#organization"},"potentialAction":[{"@type":"SearchAction","target":{"@type":"EntryPoint","urlTemplate":"https:\/\/letrame.com\/catalogo\/?s={search_term_string}"},"query-input":{"@type":"PropertyValueSpecification","valueRequired":true,"valueName":"search_term_string"}}],"inLanguage":"es"},{"@type":"Organization","@id":"https:\/\/letrame.com\/catalogo\/#organization","name":"Catalogo | Letrame Grupo Editorial","url":"https:\/\/letrame.com\/catalogo\/","logo":{"@type":"ImageObject","inLanguage":"es","@id":"https:\/\/letrame.com\/catalogo\/#\/schema\/logo\/image\/","url":"https:\/\/letrame.com\/catalogo\/wp-content\/uploads\/2024\/03\/logo2.webp","contentUrl":"https:\/\/letrame.com\/catalogo\/wp-content\/uploads\/2024\/03\/logo2.webp","width":394,"height":128,"caption":"Catalogo | Letrame Grupo Editorial"},"image":{"@id":"https:\/\/letrame.com\/catalogo\/#\/schema\/logo\/image\/"}}]}},"_links":{"self":[{"href":"https:\/\/letrame.com\/catalogo\/wp-json\/wp\/v2\/product\/102373","targetHints":{"allow":["GET"]}}],"collection":[{"href":"https:\/\/letrame.com\/catalogo\/wp-json\/wp\/v2\/product"}],"about":[{"href":"https:\/\/letrame.com\/catalogo\/wp-json\/wp\/v2\/types\/product"}],"replies":[{"embeddable":true,"href":"https:\/\/letrame.com\/catalogo\/wp-json\/wp\/v2\/comments?post=102373"}],"acf:post":[{"embeddable":true,"href":"https:\/\/letrame.com\/catalogo\/wp-json\/wp\/v2\/author_book\/102378"}],"wp:featuredmedia":[{"embeddable":true,"href":"https:\/\/letrame.com\/catalogo\/wp-json\/wp\/v2\/media\/102393"}],"wp:attachment":[{"href":"https:\/\/letrame.com\/catalogo\/wp-json\/wp\/v2\/media?parent=102373"}],"wp:term":[{"taxonomy":"libro","embeddable":true,"href":"https:\/\/letrame.com\/catalogo\/wp-json\/wp\/v2\/libro?post=102373"},{"taxonomy":"product_brand","embeddable":true,"href":"https:\/\/letrame.com\/catalogo\/wp-json\/wp\/v2\/product_brand?post=102373"},{"taxonomy":"product_cat","embeddable":true,"href":"https:\/\/letrame.com\/catalogo\/wp-json\/wp\/v2\/product_cat?post=102373"},{"taxonomy":"product_tag","embeddable":true,"href":"https:\/\/letrame.com\/catalogo\/wp-json\/wp\/v2\/product_tag?post=102373"}],"curies":[{"name":"wp","href":"https:\/\/api.w.org\/{rel}","templated":true}]}}