{"id":102357,"date":"2024-07-18T11:19:47","date_gmt":"2024-07-18T09:19:47","guid":{"rendered":"https:\/\/letrame.com\/catalogo\/?post_type=product&#038;p=102357"},"modified":"2024-07-22T16:04:10","modified_gmt":"2024-07-22T14:04:10","slug":"el-cuarto-eco-2","status":"publish","type":"product","link":"https:\/\/letrame.com\/catalogo\/producto\/el-cuarto-eco-2\/","title":{"rendered":"El cuarto eco"},"content":{"rendered":"<p class=\"p1\">ISBN: 978-84-1181-754-7<\/p>\n<p class=\"p1\">T\u00edtulo: El cuarto eco<\/p>\n<p class=\"p1\">Fecha: 2023<\/p>\n<p class=\"p1\">P\u00e1ginas: 248<\/p>\n<p class=\"p1\">SINOPSIS<\/p>\n<p>Joseph no imagina qu\u00e9 le deparan las monta\u00f1as de aquel pueblo.<\/p>\n<p>La vida de Jennifer est\u00e1 a punto de cambiar para siempre.<\/p>\n<p>Algo acecha al peque\u00f1o Sim\u00f3n durante el verano.<\/p>\n<p>Rebeca sabe que las verdaderas pesadillas comienzan al abrir los ojos.<\/p>\n<p>Inviernos que se derriten al calor de las llamas; primaveras a punto de estallar. Sangre. Ecos que resuenan de manera inquietante. Agua. Cuatro protagonistas que recorren veredas desconocidas y caminos sobrecogedores. Nieve. Pasos invisibles que crujen como hojas de oto\u00f1o. Fuego. Cenizas del pasado; rescoldos del futuro.<\/p>\n<p>Algo sobrevuela sus vidas. Y en el abismo al que se enfrentan, retumba una pregunta:<\/p>\n<p>\u00bfQu\u00e9 se esconde dentro de <em>El cuarto eco<\/em>?<\/p>\n<p>&nbsp;<\/p>\n<p>&nbsp;<\/p>\n","protected":false},"excerpt":{"rendered":"<p class=\"p1\">ISBN: 978-84-1181-754-7<\/p>\n<p class=\"p1\">SINOPSIS<\/p>\n<p>Joseph no imagina qu\u00e9 le deparan las monta\u00f1as de aquel pueblo.<\/p>\n<p>La vida de Jennifer est\u00e1 a punto de cambiar para siempre.<\/p>\n<p>Algo acecha al peque\u00f1o Sim\u00f3n durante el verano.<\/p>\n<p>Rebeca sabe que las verdaderas pesadillas comienzan al abrir los ojos.<\/p>\n<p>Inviernos que se derriten al calor de las llamas; primaveras a punto de estallar. Sangre. Ecos que resuenan de manera inquietante. Agua. Cuatro protagonistas que recorren veredas desconocidas y caminos sobrecogedores. Nieve. Pasos invisibles que crujen como hojas de oto\u00f1o. Fuego. Cenizas del pasado; rescoldos del futuro.<\/p>\n<p>Algo sobrevuela sus vidas. Y en el abismo al que se enfrentan, retumba una pregunta:<\/p>\n<p>\u00bfQu\u00e9 se esconde dentro de <em>El cuarto eco<\/em>?<\/p>\n<p>&nbsp;<\/p>\n<p>&nbsp;<\/p>\n","protected":false},"featured_media":102369,"comment_status":"open","ping_status":"closed","template":"","meta":{"_acf_changed":false},"libro":[],"product_brand":[],"product_cat":[16,51],"product_tag":[],"class_list":{"0":"post-102357","1":"product","2":"type-product","3":"status-publish","4":"has-post-thumbnail","6":"product_cat-novela","7":"product_cat-novela-negra","9":"first","10":"instock","11":"shipping-taxable","12":"product-type-simple"},"acf":{"autor":[72771],"enlace_de_compra":"https:\/\/amzn.to\/4bJ2DOE"},"yoast_head":"<!-- This site is optimized with the Yoast SEO plugin v27.4 - https:\/\/yoast.com\/product\/yoast-seo-wordpress\/ -->\n<title>El cuarto eco - Catalogo | Letrame Grupo Editorial<\/title>\n<meta name=\"robots\" content=\"index, follow, max-snippet:-1, max-image-preview:large, max-video-preview:-1\" \/>\n<link rel=\"canonical\" href=\"https:\/\/letrame.com\/catalogo\/producto\/el-cuarto-eco-2\/\" \/>\n<meta property=\"og:locale\" content=\"es_ES\" \/>\n<meta property=\"og:type\" content=\"article\" \/>\n<meta property=\"og:title\" content=\"El cuarto eco - Catalogo | Letrame Grupo Editorial\" \/>\n<meta property=\"og:description\" content=\"ISBN: 978-84-1181-754-7 SINOPSIS Joseph no imagina qu\u00e9 le deparan las monta\u00f1as de aquel pueblo.  La vida de Jennifer est\u00e1 a punto de cambiar para siempre.  Algo acecha al peque\u00f1o Sim\u00f3n durante el verano.  Rebeca sabe que las verdaderas pesadillas comienzan al abrir los ojos.  Inviernos que se derriten al calor de las llamas; primaveras a punto de estallar. Sangre. Ecos que resuenan de manera inquietante. Agua. Cuatro protagonistas que recorren veredas desconocidas y caminos sobrecogedores. Nieve. Pasos invisibles que crujen como hojas de oto\u00f1o. Fuego. Cenizas del pasado; rescoldos del futuro.  Algo sobrevuela sus vidas. Y en el abismo al que se enfrentan, retumba una pregunta:  \u00bfQu\u00e9 se esconde dentro de El cuarto eco?  &nbsp;  &nbsp;\" \/>\n<meta property=\"og:url\" content=\"https:\/\/letrame.com\/catalogo\/producto\/el-cuarto-eco-2\/\" \/>\n<meta property=\"og:site_name\" content=\"Catalogo | Letrame Grupo Editorial\" \/>\n<meta property=\"article:modified_time\" content=\"2024-07-22T14:04:10+00:00\" \/>\n<meta property=\"og:image\" content=\"https:\/\/letrame.com\/catalogo\/wp-content\/uploads\/2024\/07\/webp_elcuartoeco_1254mm_MONTADO-compressed-scaled.jpg\" \/>\n\t<meta property=\"og:image:width\" content=\"1746\" \/>\n\t<meta property=\"og:image:height\" content=\"2560\" \/>\n\t<meta property=\"og:image:type\" content=\"image\/jpeg\" \/>\n<meta name=\"twitter:card\" content=\"summary_large_image\" \/>\n<meta name=\"twitter:label1\" content=\"Tiempo de lectura\" \/>\n\t<meta name=\"twitter:data1\" content=\"1 minuto\" \/>\n<script type=\"application\/ld+json\" class=\"yoast-schema-graph\">{\"@context\":\"https:\\\/\\\/schema.org\",\"@graph\":[{\"@type\":\"WebPage\",\"@id\":\"https:\\\/\\\/letrame.com\\\/catalogo\\\/producto\\\/el-cuarto-eco-2\\\/\",\"url\":\"https:\\\/\\\/letrame.com\\\/catalogo\\\/producto\\\/el-cuarto-eco-2\\\/\",\"name\":\"El cuarto eco - Catalogo | Letrame Grupo Editorial\",\"isPartOf\":{\"@id\":\"https:\\\/\\\/letrame.com\\\/catalogo\\\/#website\"},\"primaryImageOfPage\":{\"@id\":\"https:\\\/\\\/letrame.com\\\/catalogo\\\/producto\\\/el-cuarto-eco-2\\\/#primaryimage\"},\"image\":{\"@id\":\"https:\\\/\\\/letrame.com\\\/catalogo\\\/producto\\\/el-cuarto-eco-2\\\/#primaryimage\"},\"thumbnailUrl\":\"https:\\\/\\\/letrame.com\\\/catalogo\\\/wp-content\\\/uploads\\\/2024\\\/07\\\/webp_elcuartoeco_1254mm_MONTADO-compressed-scaled.jpg\",\"datePublished\":\"2024-07-18T09:19:47+00:00\",\"dateModified\":\"2024-07-22T14:04:10+00:00\",\"breadcrumb\":{\"@id\":\"https:\\\/\\\/letrame.com\\\/catalogo\\\/producto\\\/el-cuarto-eco-2\\\/#breadcrumb\"},\"inLanguage\":\"es\",\"potentialAction\":[{\"@type\":\"ReadAction\",\"target\":[\"https:\\\/\\\/letrame.com\\\/catalogo\\\/producto\\\/el-cuarto-eco-2\\\/\"]}]},{\"@type\":\"ImageObject\",\"inLanguage\":\"es\",\"@id\":\"https:\\\/\\\/letrame.com\\\/catalogo\\\/producto\\\/el-cuarto-eco-2\\\/#primaryimage\",\"url\":\"https:\\\/\\\/letrame.com\\\/catalogo\\\/wp-content\\\/uploads\\\/2024\\\/07\\\/webp_elcuartoeco_1254mm_MONTADO-compressed-scaled.jpg\",\"contentUrl\":\"https:\\\/\\\/letrame.com\\\/catalogo\\\/wp-content\\\/uploads\\\/2024\\\/07\\\/webp_elcuartoeco_1254mm_MONTADO-compressed-scaled.jpg\",\"width\":1746,\"height\":2560},{\"@type\":\"BreadcrumbList\",\"@id\":\"https:\\\/\\\/letrame.com\\\/catalogo\\\/producto\\\/el-cuarto-eco-2\\\/#breadcrumb\",\"itemListElement\":[{\"@type\":\"ListItem\",\"position\":1,\"name\":\"Portada\",\"item\":\"https:\\\/\\\/letrame.com\\\/catalogo\\\/\"},{\"@type\":\"ListItem\",\"position\":2,\"name\":\"Cat\u00e1logo\",\"item\":\"https:\\\/\\\/letrame.com\\\/catalogo\\\/\"},{\"@type\":\"ListItem\",\"position\":3,\"name\":\"El cuarto eco\"}]},{\"@type\":\"WebSite\",\"@id\":\"https:\\\/\\\/letrame.com\\\/catalogo\\\/#website\",\"url\":\"https:\\\/\\\/letrame.com\\\/catalogo\\\/\",\"name\":\"Catalogo | Letrame Grupo Editorial\",\"description\":\"\",\"publisher\":{\"@id\":\"https:\\\/\\\/letrame.com\\\/catalogo\\\/#organization\"},\"potentialAction\":[{\"@type\":\"SearchAction\",\"target\":{\"@type\":\"EntryPoint\",\"urlTemplate\":\"https:\\\/\\\/letrame.com\\\/catalogo\\\/?s={search_term_string}\"},\"query-input\":{\"@type\":\"PropertyValueSpecification\",\"valueRequired\":true,\"valueName\":\"search_term_string\"}}],\"inLanguage\":\"es\"},{\"@type\":\"Organization\",\"@id\":\"https:\\\/\\\/letrame.com\\\/catalogo\\\/#organization\",\"name\":\"Catalogo | Letrame Grupo Editorial\",\"url\":\"https:\\\/\\\/letrame.com\\\/catalogo\\\/\",\"logo\":{\"@type\":\"ImageObject\",\"inLanguage\":\"es\",\"@id\":\"https:\\\/\\\/letrame.com\\\/catalogo\\\/#\\\/schema\\\/logo\\\/image\\\/\",\"url\":\"https:\\\/\\\/letrame.com\\\/catalogo\\\/wp-content\\\/uploads\\\/2024\\\/03\\\/logo2.webp\",\"contentUrl\":\"https:\\\/\\\/letrame.com\\\/catalogo\\\/wp-content\\\/uploads\\\/2024\\\/03\\\/logo2.webp\",\"width\":394,\"height\":128,\"caption\":\"Catalogo | Letrame Grupo Editorial\"},\"image\":{\"@id\":\"https:\\\/\\\/letrame.com\\\/catalogo\\\/#\\\/schema\\\/logo\\\/image\\\/\"}}]}<\/script>\n<!-- \/ Yoast SEO plugin. -->","yoast_head_json":{"title":"El cuarto eco - Catalogo | Letrame Grupo Editorial","robots":{"index":"index","follow":"follow","max-snippet":"max-snippet:-1","max-image-preview":"max-image-preview:large","max-video-preview":"max-video-preview:-1"},"canonical":"https:\/\/letrame.com\/catalogo\/producto\/el-cuarto-eco-2\/","og_locale":"es_ES","og_type":"article","og_title":"El cuarto eco - Catalogo | Letrame Grupo Editorial","og_description":"ISBN: 978-84-1181-754-7 SINOPSIS Joseph no imagina qu\u00e9 le deparan las monta\u00f1as de aquel pueblo.  La vida de Jennifer est\u00e1 a punto de cambiar para siempre.  Algo acecha al peque\u00f1o Sim\u00f3n durante el verano.  Rebeca sabe que las verdaderas pesadillas comienzan al abrir los ojos.  Inviernos que se derriten al calor de las llamas; primaveras a punto de estallar. Sangre. Ecos que resuenan de manera inquietante. Agua. Cuatro protagonistas que recorren veredas desconocidas y caminos sobrecogedores. Nieve. Pasos invisibles que crujen como hojas de oto\u00f1o. Fuego. Cenizas del pasado; rescoldos del futuro.  Algo sobrevuela sus vidas. Y en el abismo al que se enfrentan, retumba una pregunta:  \u00bfQu\u00e9 se esconde dentro de El cuarto eco?  &nbsp;  &nbsp;","og_url":"https:\/\/letrame.com\/catalogo\/producto\/el-cuarto-eco-2\/","og_site_name":"Catalogo | Letrame Grupo Editorial","article_modified_time":"2024-07-22T14:04:10+00:00","og_image":[{"width":1746,"height":2560,"url":"https:\/\/letrame.com\/catalogo\/wp-content\/uploads\/2024\/07\/webp_elcuartoeco_1254mm_MONTADO-compressed-scaled.jpg","type":"image\/jpeg"}],"twitter_card":"summary_large_image","twitter_misc":{"Tiempo de lectura":"1 minuto"},"schema":{"@context":"https:\/\/schema.org","@graph":[{"@type":"WebPage","@id":"https:\/\/letrame.com\/catalogo\/producto\/el-cuarto-eco-2\/","url":"https:\/\/letrame.com\/catalogo\/producto\/el-cuarto-eco-2\/","name":"El cuarto eco - Catalogo | Letrame Grupo Editorial","isPartOf":{"@id":"https:\/\/letrame.com\/catalogo\/#website"},"primaryImageOfPage":{"@id":"https:\/\/letrame.com\/catalogo\/producto\/el-cuarto-eco-2\/#primaryimage"},"image":{"@id":"https:\/\/letrame.com\/catalogo\/producto\/el-cuarto-eco-2\/#primaryimage"},"thumbnailUrl":"https:\/\/letrame.com\/catalogo\/wp-content\/uploads\/2024\/07\/webp_elcuartoeco_1254mm_MONTADO-compressed-scaled.jpg","datePublished":"2024-07-18T09:19:47+00:00","dateModified":"2024-07-22T14:04:10+00:00","breadcrumb":{"@id":"https:\/\/letrame.com\/catalogo\/producto\/el-cuarto-eco-2\/#breadcrumb"},"inLanguage":"es","potentialAction":[{"@type":"ReadAction","target":["https:\/\/letrame.com\/catalogo\/producto\/el-cuarto-eco-2\/"]}]},{"@type":"ImageObject","inLanguage":"es","@id":"https:\/\/letrame.com\/catalogo\/producto\/el-cuarto-eco-2\/#primaryimage","url":"https:\/\/letrame.com\/catalogo\/wp-content\/uploads\/2024\/07\/webp_elcuartoeco_1254mm_MONTADO-compressed-scaled.jpg","contentUrl":"https:\/\/letrame.com\/catalogo\/wp-content\/uploads\/2024\/07\/webp_elcuartoeco_1254mm_MONTADO-compressed-scaled.jpg","width":1746,"height":2560},{"@type":"BreadcrumbList","@id":"https:\/\/letrame.com\/catalogo\/producto\/el-cuarto-eco-2\/#breadcrumb","itemListElement":[{"@type":"ListItem","position":1,"name":"Portada","item":"https:\/\/letrame.com\/catalogo\/"},{"@type":"ListItem","position":2,"name":"Cat\u00e1logo","item":"https:\/\/letrame.com\/catalogo\/"},{"@type":"ListItem","position":3,"name":"El cuarto eco"}]},{"@type":"WebSite","@id":"https:\/\/letrame.com\/catalogo\/#website","url":"https:\/\/letrame.com\/catalogo\/","name":"Catalogo | Letrame Grupo Editorial","description":"","publisher":{"@id":"https:\/\/letrame.com\/catalogo\/#organization"},"potentialAction":[{"@type":"SearchAction","target":{"@type":"EntryPoint","urlTemplate":"https:\/\/letrame.com\/catalogo\/?s={search_term_string}"},"query-input":{"@type":"PropertyValueSpecification","valueRequired":true,"valueName":"search_term_string"}}],"inLanguage":"es"},{"@type":"Organization","@id":"https:\/\/letrame.com\/catalogo\/#organization","name":"Catalogo | Letrame Grupo Editorial","url":"https:\/\/letrame.com\/catalogo\/","logo":{"@type":"ImageObject","inLanguage":"es","@id":"https:\/\/letrame.com\/catalogo\/#\/schema\/logo\/image\/","url":"https:\/\/letrame.com\/catalogo\/wp-content\/uploads\/2024\/03\/logo2.webp","contentUrl":"https:\/\/letrame.com\/catalogo\/wp-content\/uploads\/2024\/03\/logo2.webp","width":394,"height":128,"caption":"Catalogo | Letrame Grupo Editorial"},"image":{"@id":"https:\/\/letrame.com\/catalogo\/#\/schema\/logo\/image\/"}}]}},"_links":{"self":[{"href":"https:\/\/letrame.com\/catalogo\/wp-json\/wp\/v2\/product\/102357","targetHints":{"allow":["GET"]}}],"collection":[{"href":"https:\/\/letrame.com\/catalogo\/wp-json\/wp\/v2\/product"}],"about":[{"href":"https:\/\/letrame.com\/catalogo\/wp-json\/wp\/v2\/types\/product"}],"replies":[{"embeddable":true,"href":"https:\/\/letrame.com\/catalogo\/wp-json\/wp\/v2\/comments?post=102357"}],"acf:post":[{"embeddable":true,"href":"https:\/\/letrame.com\/catalogo\/wp-json\/wp\/v2\/author_book\/72771"}],"wp:featuredmedia":[{"embeddable":true,"href":"https:\/\/letrame.com\/catalogo\/wp-json\/wp\/v2\/media\/102369"}],"wp:attachment":[{"href":"https:\/\/letrame.com\/catalogo\/wp-json\/wp\/v2\/media?parent=102357"}],"wp:term":[{"taxonomy":"libro","embeddable":true,"href":"https:\/\/letrame.com\/catalogo\/wp-json\/wp\/v2\/libro?post=102357"},{"taxonomy":"product_brand","embeddable":true,"href":"https:\/\/letrame.com\/catalogo\/wp-json\/wp\/v2\/product_brand?post=102357"},{"taxonomy":"product_cat","embeddable":true,"href":"https:\/\/letrame.com\/catalogo\/wp-json\/wp\/v2\/product_cat?post=102357"},{"taxonomy":"product_tag","embeddable":true,"href":"https:\/\/letrame.com\/catalogo\/wp-json\/wp\/v2\/product_tag?post=102357"}],"curies":[{"name":"wp","href":"https:\/\/api.w.org\/{rel}","templated":true}]}}