{"id":102180,"date":"2024-07-17T16:08:51","date_gmt":"2024-07-17T14:08:51","guid":{"rendered":"https:\/\/letrame.com\/catalogo\/?post_type=product&#038;p=102180"},"modified":"2024-07-17T16:08:51","modified_gmt":"2024-07-17T14:08:51","slug":"dioses-demonios-y-espiritus","status":"publish","type":"product","link":"https:\/\/letrame.com\/catalogo\/producto\/dioses-demonios-y-espiritus\/","title":{"rendered":"DIOSES, DEMONIOS Y ESPI\u0301RITUS"},"content":{"rendered":"<p class=\"p1\">ISBN: 978-84-1181-744-8<\/p>\n<p class=\"p1\">T\u00edtulo: DIOSES, DEMONIOS Y ESPI\u0301RITUS<\/p>\n<p class=\"p1\">Fecha: 2023<\/p>\n<p class=\"p1\">P\u00e1ginas: 288<\/p>\n<p class=\"p1\">SINOPSIS<\/p>\n<p>Cuando los a\u00f1os pasan y llega el momento de decir \u201ces ahora o nunca\u201d, Mar\u00eda decide celebrar su existencia por sesenta a\u00f1os de una manera peculiar.<\/p>\n<p>Sola,\u00a0 en una isla m\u00edstica y lejana, muy lejana de su d\u00eda a d\u00eda y no solo por su ubicaci\u00f3n sino por las costumbres, el idioma y la religi\u00f3n.<\/p>\n<p>Emprende los preparativos atra\u00edda, en un principio, por el clima del lugar en febrero, aunque tambi\u00e9n ayudan las fotograf\u00edas que encuentra en Internet y los comentarios de una amiga.<\/p>\n<p>Al acercarse la fecha debe comunicarlo a su familia. \u00bfQu\u00e9 pensar\u00e1n? Est\u00e1n acostumbrados a los gustos singulares de la madre, de la esposa pero \u00bfviajar al otro lado del mundo por un mes en solitario?<\/p>\n<p>Eso no la detendr\u00e1, la decisi\u00f3n est\u00e1 tomada y los detalles listos para visitar la Isla de los Dioses.<\/p>\n<p>Muchas horas de vuelo, muchos kil\u00f3metros de distancia que quieren robarle la seguridad de su elecci\u00f3n. Lucha contra los pensamientos que desean decirle que se equivoc\u00f3.<\/p>\n<p>Tendr\u00e1 que llenar los d\u00edas de actividades para no caer en la melancol\u00eda, buscar la osad\u00eda de los a\u00f1os de juventud y realizar aquellas actividades, que por la importancia de ser madre, dejo pasar.<\/p>\n<p>Nunca imagin\u00f3 que la isla tendr\u00eda un im\u00e1n m\u00e1s fuerte que solo el clima, la naturaleza o los templos. Tendr\u00eda \u201calma\u201d. Un alma tan poderosa que la envolvi\u00f3 al poco tiempo de haber llegado y le mostr\u00f3 la belleza de lo simple y a comprender que la vida se vive en el presente y solo en el presente.<\/p>\n","protected":false},"excerpt":{"rendered":"<p class=\"p1\">ISBN: 978-84-1181-744-8<\/p>\n<p class=\"p1\">SINOPSIS<\/p>\n<p>Cuando los a\u00f1os pasan y llega el momento de decir \u201ces ahora o nunca\u201d, Mar\u00eda decide celebrar su existencia por sesenta a\u00f1os de una manera peculiar.<\/p>\n<p>Sola,\u00a0 en una isla m\u00edstica y lejana, muy lejana de su d\u00eda a d\u00eda y no solo por su ubicaci\u00f3n sino por las costumbres, el idioma y la religi\u00f3n.<\/p>\n<p>Emprende los preparativos atra\u00edda, en un principio, por el clima del lugar en febrero, aunque tambi\u00e9n ayudan las fotograf\u00edas que encuentra en Internet y los comentarios de una amiga.<\/p>\n<p>Al acercarse la fecha debe comunicarlo a su familia. \u00bfQu\u00e9 pensar\u00e1n? Est\u00e1n acostumbrados a los gustos singulares de la madre, de la esposa pero \u00bfviajar al otro lado del mundo por un mes en solitario?<\/p>\n<p>Eso no la detendr\u00e1, la decisi\u00f3n est\u00e1 tomada y los detalles listos para visitar la Isla de los Dioses.<\/p>\n<p>Muchas horas de vuelo, muchos kil\u00f3metros de distancia que quieren robarle la seguridad de su elecci\u00f3n. Lucha contra los pensamientos que desean decirle que se equivoc\u00f3.<\/p>\n<p>Tendr\u00e1 que llenar los d\u00edas de actividades para no caer en la melancol\u00eda, buscar la osad\u00eda de los a\u00f1os de juventud y realizar aquellas actividades, que por la importancia de ser madre, dejo pasar.<\/p>\n<p>Nunca imagin\u00f3 que la isla tendr\u00eda un im\u00e1n m\u00e1s fuerte que solo el clima, la naturaleza o los templos. Tendr\u00eda \u201calma\u201d. Un alma tan poderosa que la envolvi\u00f3 al poco tiempo de haber llegado y le mostr\u00f3 la belleza de lo simple y a comprender que la vida se vive en el presente y solo en el presente.<\/p>\n","protected":false},"featured_media":102184,"comment_status":"open","ping_status":"closed","template":"","meta":{"_acf_changed":false},"libro":[],"product_brand":[],"product_cat":[34,30],"product_tag":[],"class_list":{"0":"post-102180","1":"product","2":"type-product","3":"status-publish","4":"has-post-thumbnail","6":"product_cat-crecimiento-espiritual","7":"product_cat-desarrollo-personal-y-autoconocimiento","9":"first","10":"instock","11":"shipping-taxable","12":"product-type-simple"},"acf":{"autor":[102181],"enlace_de_compra":"https:\/\/amzn.to\/4bMHovd"},"yoast_head":"<!-- This site is optimized with the Yoast SEO plugin v27.4 - https:\/\/yoast.com\/product\/yoast-seo-wordpress\/ -->\n<title>DIOSES, DEMONIOS Y ESPI\u0301RITUS - Catalogo | Letrame Grupo Editorial<\/title>\n<meta name=\"robots\" content=\"index, follow, max-snippet:-1, max-image-preview:large, max-video-preview:-1\" \/>\n<link rel=\"canonical\" href=\"https:\/\/letrame.com\/catalogo\/producto\/dioses-demonios-y-espiritus\/\" \/>\n<meta property=\"og:locale\" content=\"es_ES\" \/>\n<meta property=\"og:type\" content=\"article\" \/>\n<meta property=\"og:title\" content=\"DIOSES, DEMONIOS Y ESPI\u0301RITUS - Catalogo | Letrame Grupo Editorial\" \/>\n<meta property=\"og:description\" content=\"ISBN: 978-84-1181-744-8 SINOPSIS Cuando los a\u00f1os pasan y llega el momento de decir \u201ces ahora o nunca\u201d, Mar\u00eda decide celebrar su existencia por sesenta a\u00f1os de una manera peculiar.  Sola,\u00a0 en una isla m\u00edstica y lejana, muy lejana de su d\u00eda a d\u00eda y no solo por su ubicaci\u00f3n sino por las costumbres, el idioma y la religi\u00f3n.  Emprende los preparativos atra\u00edda, en un principio, por el clima del lugar en febrero, aunque tambi\u00e9n ayudan las fotograf\u00edas que encuentra en Internet y los comentarios de una amiga.  Al acercarse la fecha debe comunicarlo a su familia. \u00bfQu\u00e9 pensar\u00e1n? Est\u00e1n acostumbrados a los gustos singulares de la madre, de la esposa pero \u00bfviajar al otro lado del mundo por un mes en solitario?  Eso no la detendr\u00e1, la decisi\u00f3n est\u00e1 tomada y los detalles listos para visitar la Isla de los Dioses.  Muchas horas de vuelo, muchos kil\u00f3metros de distancia que quieren robarle la seguridad de su elecci\u00f3n. Lucha contra los pensamientos que desean decirle que se equivoc\u00f3.  Tendr\u00e1 que llenar los d\u00edas de actividades para no caer en la melancol\u00eda, buscar la osad\u00eda de los a\u00f1os de juventud y realizar aquellas actividades, que por la importancia de ser madre, dejo pasar.  Nunca imagin\u00f3 que la isla tendr\u00eda un im\u00e1n m\u00e1s fuerte que solo el clima, la naturaleza o los templos. Tendr\u00eda \u201calma\u201d. Un alma tan poderosa que la envolvi\u00f3 al poco tiempo de haber llegado y le mostr\u00f3 la belleza de lo simple y a comprender que la vida se vive en el presente y solo en el presente.\" \/>\n<meta property=\"og:url\" content=\"https:\/\/letrame.com\/catalogo\/producto\/dioses-demonios-y-espiritus\/\" \/>\n<meta property=\"og:site_name\" content=\"Catalogo | Letrame Grupo Editorial\" \/>\n<meta property=\"og:image\" content=\"https:\/\/letrame.com\/catalogo\/wp-content\/uploads\/2024\/07\/webp_dioses-demonios_161-compressed-scaled.jpg\" \/>\n\t<meta property=\"og:image:width\" content=\"1746\" \/>\n\t<meta property=\"og:image:height\" content=\"2560\" \/>\n\t<meta property=\"og:image:type\" content=\"image\/jpeg\" \/>\n<meta name=\"twitter:card\" content=\"summary_large_image\" \/>\n<meta name=\"twitter:label1\" content=\"Tiempo de lectura\" \/>\n\t<meta name=\"twitter:data1\" content=\"2 minutos\" \/>\n<script type=\"application\/ld+json\" class=\"yoast-schema-graph\">{\"@context\":\"https:\\\/\\\/schema.org\",\"@graph\":[{\"@type\":\"WebPage\",\"@id\":\"https:\\\/\\\/letrame.com\\\/catalogo\\\/producto\\\/dioses-demonios-y-espiritus\\\/\",\"url\":\"https:\\\/\\\/letrame.com\\\/catalogo\\\/producto\\\/dioses-demonios-y-espiritus\\\/\",\"name\":\"DIOSES, DEMONIOS Y ESPI\u0301RITUS - Catalogo | Letrame Grupo Editorial\",\"isPartOf\":{\"@id\":\"https:\\\/\\\/letrame.com\\\/catalogo\\\/#website\"},\"primaryImageOfPage\":{\"@id\":\"https:\\\/\\\/letrame.com\\\/catalogo\\\/producto\\\/dioses-demonios-y-espiritus\\\/#primaryimage\"},\"image\":{\"@id\":\"https:\\\/\\\/letrame.com\\\/catalogo\\\/producto\\\/dioses-demonios-y-espiritus\\\/#primaryimage\"},\"thumbnailUrl\":\"https:\\\/\\\/letrame.com\\\/catalogo\\\/wp-content\\\/uploads\\\/2024\\\/07\\\/webp_dioses-demonios_161-compressed-scaled.jpg\",\"datePublished\":\"2024-07-17T14:08:51+00:00\",\"breadcrumb\":{\"@id\":\"https:\\\/\\\/letrame.com\\\/catalogo\\\/producto\\\/dioses-demonios-y-espiritus\\\/#breadcrumb\"},\"inLanguage\":\"es\",\"potentialAction\":[{\"@type\":\"ReadAction\",\"target\":[\"https:\\\/\\\/letrame.com\\\/catalogo\\\/producto\\\/dioses-demonios-y-espiritus\\\/\"]}]},{\"@type\":\"ImageObject\",\"inLanguage\":\"es\",\"@id\":\"https:\\\/\\\/letrame.com\\\/catalogo\\\/producto\\\/dioses-demonios-y-espiritus\\\/#primaryimage\",\"url\":\"https:\\\/\\\/letrame.com\\\/catalogo\\\/wp-content\\\/uploads\\\/2024\\\/07\\\/webp_dioses-demonios_161-compressed-scaled.jpg\",\"contentUrl\":\"https:\\\/\\\/letrame.com\\\/catalogo\\\/wp-content\\\/uploads\\\/2024\\\/07\\\/webp_dioses-demonios_161-compressed-scaled.jpg\",\"width\":1746,\"height\":2560},{\"@type\":\"BreadcrumbList\",\"@id\":\"https:\\\/\\\/letrame.com\\\/catalogo\\\/producto\\\/dioses-demonios-y-espiritus\\\/#breadcrumb\",\"itemListElement\":[{\"@type\":\"ListItem\",\"position\":1,\"name\":\"Portada\",\"item\":\"https:\\\/\\\/letrame.com\\\/catalogo\\\/\"},{\"@type\":\"ListItem\",\"position\":2,\"name\":\"Cat\u00e1logo\",\"item\":\"https:\\\/\\\/letrame.com\\\/catalogo\\\/\"},{\"@type\":\"ListItem\",\"position\":3,\"name\":\"DIOSES, DEMONIOS Y ESPI\u0301RITUS\"}]},{\"@type\":\"WebSite\",\"@id\":\"https:\\\/\\\/letrame.com\\\/catalogo\\\/#website\",\"url\":\"https:\\\/\\\/letrame.com\\\/catalogo\\\/\",\"name\":\"Catalogo | Letrame Grupo Editorial\",\"description\":\"\",\"publisher\":{\"@id\":\"https:\\\/\\\/letrame.com\\\/catalogo\\\/#organization\"},\"potentialAction\":[{\"@type\":\"SearchAction\",\"target\":{\"@type\":\"EntryPoint\",\"urlTemplate\":\"https:\\\/\\\/letrame.com\\\/catalogo\\\/?s={search_term_string}\"},\"query-input\":{\"@type\":\"PropertyValueSpecification\",\"valueRequired\":true,\"valueName\":\"search_term_string\"}}],\"inLanguage\":\"es\"},{\"@type\":\"Organization\",\"@id\":\"https:\\\/\\\/letrame.com\\\/catalogo\\\/#organization\",\"name\":\"Catalogo | Letrame Grupo Editorial\",\"url\":\"https:\\\/\\\/letrame.com\\\/catalogo\\\/\",\"logo\":{\"@type\":\"ImageObject\",\"inLanguage\":\"es\",\"@id\":\"https:\\\/\\\/letrame.com\\\/catalogo\\\/#\\\/schema\\\/logo\\\/image\\\/\",\"url\":\"https:\\\/\\\/letrame.com\\\/catalogo\\\/wp-content\\\/uploads\\\/2024\\\/03\\\/logo2.webp\",\"contentUrl\":\"https:\\\/\\\/letrame.com\\\/catalogo\\\/wp-content\\\/uploads\\\/2024\\\/03\\\/logo2.webp\",\"width\":394,\"height\":128,\"caption\":\"Catalogo | Letrame Grupo Editorial\"},\"image\":{\"@id\":\"https:\\\/\\\/letrame.com\\\/catalogo\\\/#\\\/schema\\\/logo\\\/image\\\/\"}}]}<\/script>\n<!-- \/ Yoast SEO plugin. -->","yoast_head_json":{"title":"DIOSES, DEMONIOS Y ESPI\u0301RITUS - Catalogo | Letrame Grupo Editorial","robots":{"index":"index","follow":"follow","max-snippet":"max-snippet:-1","max-image-preview":"max-image-preview:large","max-video-preview":"max-video-preview:-1"},"canonical":"https:\/\/letrame.com\/catalogo\/producto\/dioses-demonios-y-espiritus\/","og_locale":"es_ES","og_type":"article","og_title":"DIOSES, DEMONIOS Y ESPI\u0301RITUS - Catalogo | Letrame Grupo Editorial","og_description":"ISBN: 978-84-1181-744-8 SINOPSIS Cuando los a\u00f1os pasan y llega el momento de decir \u201ces ahora o nunca\u201d, Mar\u00eda decide celebrar su existencia por sesenta a\u00f1os de una manera peculiar.  Sola,\u00a0 en una isla m\u00edstica y lejana, muy lejana de su d\u00eda a d\u00eda y no solo por su ubicaci\u00f3n sino por las costumbres, el idioma y la religi\u00f3n.  Emprende los preparativos atra\u00edda, en un principio, por el clima del lugar en febrero, aunque tambi\u00e9n ayudan las fotograf\u00edas que encuentra en Internet y los comentarios de una amiga.  Al acercarse la fecha debe comunicarlo a su familia. \u00bfQu\u00e9 pensar\u00e1n? Est\u00e1n acostumbrados a los gustos singulares de la madre, de la esposa pero \u00bfviajar al otro lado del mundo por un mes en solitario?  Eso no la detendr\u00e1, la decisi\u00f3n est\u00e1 tomada y los detalles listos para visitar la Isla de los Dioses.  Muchas horas de vuelo, muchos kil\u00f3metros de distancia que quieren robarle la seguridad de su elecci\u00f3n. Lucha contra los pensamientos que desean decirle que se equivoc\u00f3.  Tendr\u00e1 que llenar los d\u00edas de actividades para no caer en la melancol\u00eda, buscar la osad\u00eda de los a\u00f1os de juventud y realizar aquellas actividades, que por la importancia de ser madre, dejo pasar.  Nunca imagin\u00f3 que la isla tendr\u00eda un im\u00e1n m\u00e1s fuerte que solo el clima, la naturaleza o los templos. Tendr\u00eda \u201calma\u201d. Un alma tan poderosa que la envolvi\u00f3 al poco tiempo de haber llegado y le mostr\u00f3 la belleza de lo simple y a comprender que la vida se vive en el presente y solo en el presente.","og_url":"https:\/\/letrame.com\/catalogo\/producto\/dioses-demonios-y-espiritus\/","og_site_name":"Catalogo | Letrame Grupo Editorial","og_image":[{"width":1746,"height":2560,"url":"https:\/\/letrame.com\/catalogo\/wp-content\/uploads\/2024\/07\/webp_dioses-demonios_161-compressed-scaled.jpg","type":"image\/jpeg"}],"twitter_card":"summary_large_image","twitter_misc":{"Tiempo de lectura":"2 minutos"},"schema":{"@context":"https:\/\/schema.org","@graph":[{"@type":"WebPage","@id":"https:\/\/letrame.com\/catalogo\/producto\/dioses-demonios-y-espiritus\/","url":"https:\/\/letrame.com\/catalogo\/producto\/dioses-demonios-y-espiritus\/","name":"DIOSES, DEMONIOS Y ESPI\u0301RITUS - Catalogo | Letrame Grupo Editorial","isPartOf":{"@id":"https:\/\/letrame.com\/catalogo\/#website"},"primaryImageOfPage":{"@id":"https:\/\/letrame.com\/catalogo\/producto\/dioses-demonios-y-espiritus\/#primaryimage"},"image":{"@id":"https:\/\/letrame.com\/catalogo\/producto\/dioses-demonios-y-espiritus\/#primaryimage"},"thumbnailUrl":"https:\/\/letrame.com\/catalogo\/wp-content\/uploads\/2024\/07\/webp_dioses-demonios_161-compressed-scaled.jpg","datePublished":"2024-07-17T14:08:51+00:00","breadcrumb":{"@id":"https:\/\/letrame.com\/catalogo\/producto\/dioses-demonios-y-espiritus\/#breadcrumb"},"inLanguage":"es","potentialAction":[{"@type":"ReadAction","target":["https:\/\/letrame.com\/catalogo\/producto\/dioses-demonios-y-espiritus\/"]}]},{"@type":"ImageObject","inLanguage":"es","@id":"https:\/\/letrame.com\/catalogo\/producto\/dioses-demonios-y-espiritus\/#primaryimage","url":"https:\/\/letrame.com\/catalogo\/wp-content\/uploads\/2024\/07\/webp_dioses-demonios_161-compressed-scaled.jpg","contentUrl":"https:\/\/letrame.com\/catalogo\/wp-content\/uploads\/2024\/07\/webp_dioses-demonios_161-compressed-scaled.jpg","width":1746,"height":2560},{"@type":"BreadcrumbList","@id":"https:\/\/letrame.com\/catalogo\/producto\/dioses-demonios-y-espiritus\/#breadcrumb","itemListElement":[{"@type":"ListItem","position":1,"name":"Portada","item":"https:\/\/letrame.com\/catalogo\/"},{"@type":"ListItem","position":2,"name":"Cat\u00e1logo","item":"https:\/\/letrame.com\/catalogo\/"},{"@type":"ListItem","position":3,"name":"DIOSES, DEMONIOS Y ESPI\u0301RITUS"}]},{"@type":"WebSite","@id":"https:\/\/letrame.com\/catalogo\/#website","url":"https:\/\/letrame.com\/catalogo\/","name":"Catalogo | Letrame Grupo Editorial","description":"","publisher":{"@id":"https:\/\/letrame.com\/catalogo\/#organization"},"potentialAction":[{"@type":"SearchAction","target":{"@type":"EntryPoint","urlTemplate":"https:\/\/letrame.com\/catalogo\/?s={search_term_string}"},"query-input":{"@type":"PropertyValueSpecification","valueRequired":true,"valueName":"search_term_string"}}],"inLanguage":"es"},{"@type":"Organization","@id":"https:\/\/letrame.com\/catalogo\/#organization","name":"Catalogo | Letrame Grupo Editorial","url":"https:\/\/letrame.com\/catalogo\/","logo":{"@type":"ImageObject","inLanguage":"es","@id":"https:\/\/letrame.com\/catalogo\/#\/schema\/logo\/image\/","url":"https:\/\/letrame.com\/catalogo\/wp-content\/uploads\/2024\/03\/logo2.webp","contentUrl":"https:\/\/letrame.com\/catalogo\/wp-content\/uploads\/2024\/03\/logo2.webp","width":394,"height":128,"caption":"Catalogo | Letrame Grupo Editorial"},"image":{"@id":"https:\/\/letrame.com\/catalogo\/#\/schema\/logo\/image\/"}}]}},"_links":{"self":[{"href":"https:\/\/letrame.com\/catalogo\/wp-json\/wp\/v2\/product\/102180","targetHints":{"allow":["GET"]}}],"collection":[{"href":"https:\/\/letrame.com\/catalogo\/wp-json\/wp\/v2\/product"}],"about":[{"href":"https:\/\/letrame.com\/catalogo\/wp-json\/wp\/v2\/types\/product"}],"replies":[{"embeddable":true,"href":"https:\/\/letrame.com\/catalogo\/wp-json\/wp\/v2\/comments?post=102180"}],"acf:post":[{"embeddable":true,"href":"https:\/\/letrame.com\/catalogo\/wp-json\/wp\/v2\/author_book\/102181"}],"wp:featuredmedia":[{"embeddable":true,"href":"https:\/\/letrame.com\/catalogo\/wp-json\/wp\/v2\/media\/102184"}],"wp:attachment":[{"href":"https:\/\/letrame.com\/catalogo\/wp-json\/wp\/v2\/media?parent=102180"}],"wp:term":[{"taxonomy":"libro","embeddable":true,"href":"https:\/\/letrame.com\/catalogo\/wp-json\/wp\/v2\/libro?post=102180"},{"taxonomy":"product_brand","embeddable":true,"href":"https:\/\/letrame.com\/catalogo\/wp-json\/wp\/v2\/product_brand?post=102180"},{"taxonomy":"product_cat","embeddable":true,"href":"https:\/\/letrame.com\/catalogo\/wp-json\/wp\/v2\/product_cat?post=102180"},{"taxonomy":"product_tag","embeddable":true,"href":"https:\/\/letrame.com\/catalogo\/wp-json\/wp\/v2\/product_tag?post=102180"}],"curies":[{"name":"wp","href":"https:\/\/api.w.org\/{rel}","templated":true}]}}