{"id":102170,"date":"2024-07-17T15:51:41","date_gmt":"2024-07-17T13:51:41","guid":{"rendered":"https:\/\/letrame.com\/catalogo\/?post_type=product&#038;p=102170"},"modified":"2024-07-22T16:18:37","modified_gmt":"2024-07-22T14:18:37","slug":"cyrus-el-vigilante","status":"publish","type":"product","link":"https:\/\/letrame.com\/catalogo\/producto\/cyrus-el-vigilante\/","title":{"rendered":"CYRUS EL VIGILANTE"},"content":{"rendered":"<p class=\"p1\">ISBN: 978-84-1181-751-6<\/p>\n<p class=\"p1\">T\u00edtulo: CYRUS EL VIGILANTE<\/p>\n<p class=\"p1\">Fecha: 2023<\/p>\n<p class=\"p1\">P\u00e1ginas: 262<\/p>\n<p class=\"p1\">SINOPSIS<\/p>\n<p>Cyrus no es un vigilante cualquiera; es el mejor. Cyrus est\u00e1 al mando de los operativos de una misteriosa agencia que trabaja para acabar con los criminales en todo el mundo. En esta ocasi\u00f3n, nos lleva con su equipo hasta Norteam\u00e9rica y los pa\u00edses n\u00f3rdicos para desmantelar las redes de delincuentes. Trata de blancas, tr\u00e1fico de drogas y armas, terrorismo internacional\u2026 no hay delito que se resista a las operaciones de esta agencia o corporaci\u00f3n que act\u00faa a modo de polic\u00eda mundial.<\/p>\n<p>Suecia, Finlandia, Dinamarca, Islandia, Noruega y tambi\u00e9n Estados Unidos, M\u00e9xico y Canad\u00e1 son los escenarios de esta historia llena de acci\u00f3n, secretos, innovaciones tecnol\u00f3gicas, \u00e9xitos y fracasos. Porque incluso el m\u00e1s inteligente y valeroso vigilante del orden mundial, Cyrus, puede cometer errores. A partir de ahora, los delincuentes tendr\u00e1n que enfrentarse a un peligro m\u00e1s, la agencia EICO que trabaja para ayudar a restaurar la paz y el bienestar.<\/p>\n","protected":false},"excerpt":{"rendered":"<p class=\"p1\">ISBN: 978-84-1181-751-6<\/p>\n<p class=\"p1\">SINOPSIS<\/p>\n<p>Cyrus no es un vigilante cualquiera; es el mejor. Cyrus est\u00e1 al mando de los operativos de una misteriosa agencia que trabaja para acabar con los criminales en todo el mundo. En esta ocasi\u00f3n, nos lleva con su equipo hasta Norteam\u00e9rica y los pa\u00edses n\u00f3rdicos para desmantelar las redes de delincuentes. Trata de blancas, tr\u00e1fico de drogas y armas, terrorismo internacional\u2026 no hay delito que se resista a las operaciones de esta agencia o corporaci\u00f3n que act\u00faa a modo de polic\u00eda mundial.<\/p>\n<p>Suecia, Finlandia, Dinamarca, Islandia, Noruega y tambi\u00e9n Estados Unidos, M\u00e9xico y Canad\u00e1 son los escenarios de esta historia llena de acci\u00f3n, secretos, innovaciones tecnol\u00f3gicas, \u00e9xitos y fracasos. Porque incluso el m\u00e1s inteligente y valeroso vigilante del orden mundial, Cyrus, puede cometer errores. A partir de ahora, los delincuentes tendr\u00e1n que enfrentarse a un peligro m\u00e1s, la agencia EICO que trabaja para ayudar a restaurar la paz y el bienestar.<\/p>\n","protected":false},"featured_media":102173,"comment_status":"open","ping_status":"closed","template":"","meta":{"_acf_changed":false},"libro":[],"product_brand":[],"product_cat":[16,51],"product_tag":[],"class_list":{"0":"post-102170","1":"product","2":"type-product","3":"status-publish","4":"has-post-thumbnail","6":"product_cat-novela","7":"product_cat-novela-negra","9":"first","10":"instock","11":"shipping-taxable","12":"product-type-simple"},"acf":{"autor":[102171],"enlace_de_compra":"https:\/\/amzn.to\/4bHjPE8"},"yoast_head":"<!-- This site is optimized with the Yoast SEO plugin v27.4 - https:\/\/yoast.com\/product\/yoast-seo-wordpress\/ -->\n<title>CYRUS EL VIGILANTE - Catalogo | Letrame Grupo Editorial<\/title>\n<meta name=\"robots\" content=\"index, follow, max-snippet:-1, max-image-preview:large, max-video-preview:-1\" \/>\n<link rel=\"canonical\" href=\"https:\/\/letrame.com\/catalogo\/producto\/cyrus-el-vigilante\/\" \/>\n<meta property=\"og:locale\" content=\"es_ES\" \/>\n<meta property=\"og:type\" content=\"article\" \/>\n<meta property=\"og:title\" content=\"CYRUS EL VIGILANTE - Catalogo | Letrame Grupo Editorial\" \/>\n<meta property=\"og:description\" content=\"ISBN: 978-84-1181-751-6 SINOPSIS Cyrus no es un vigilante cualquiera; es el mejor. Cyrus est\u00e1 al mando de los operativos de una misteriosa agencia que trabaja para acabar con los criminales en todo el mundo. En esta ocasi\u00f3n, nos lleva con su equipo hasta Norteam\u00e9rica y los pa\u00edses n\u00f3rdicos para desmantelar las redes de delincuentes. Trata de blancas, tr\u00e1fico de drogas y armas, terrorismo internacional\u2026 no hay delito que se resista a las operaciones de esta agencia o corporaci\u00f3n que act\u00faa a modo de polic\u00eda mundial.  Suecia, Finlandia, Dinamarca, Islandia, Noruega y tambi\u00e9n Estados Unidos, M\u00e9xico y Canad\u00e1 son los escenarios de esta historia llena de acci\u00f3n, secretos, innovaciones tecnol\u00f3gicas, \u00e9xitos y fracasos. Porque incluso el m\u00e1s inteligente y valeroso vigilante del orden mundial, Cyrus, puede cometer errores. A partir de ahora, los delincuentes tendr\u00e1n que enfrentarse a un peligro m\u00e1s, la agencia EICO que trabaja para ayudar a restaurar la paz y el bienestar.\" \/>\n<meta property=\"og:url\" content=\"https:\/\/letrame.com\/catalogo\/producto\/cyrus-el-vigilante\/\" \/>\n<meta property=\"og:site_name\" content=\"Catalogo | Letrame Grupo Editorial\" \/>\n<meta property=\"article:modified_time\" content=\"2024-07-22T14:18:37+00:00\" \/>\n<meta property=\"og:image\" content=\"https:\/\/letrame.com\/catalogo\/wp-content\/uploads\/2024\/07\/webp_cyrus_1315mm-compressed-scaled.jpg\" \/>\n\t<meta property=\"og:image:width\" content=\"1746\" \/>\n\t<meta property=\"og:image:height\" content=\"2560\" \/>\n\t<meta property=\"og:image:type\" content=\"image\/jpeg\" \/>\n<meta name=\"twitter:card\" content=\"summary_large_image\" \/>\n<meta name=\"twitter:label1\" content=\"Tiempo de lectura\" \/>\n\t<meta name=\"twitter:data1\" content=\"1 minuto\" \/>\n<script type=\"application\/ld+json\" class=\"yoast-schema-graph\">{\"@context\":\"https:\\\/\\\/schema.org\",\"@graph\":[{\"@type\":\"WebPage\",\"@id\":\"https:\\\/\\\/letrame.com\\\/catalogo\\\/producto\\\/cyrus-el-vigilante\\\/\",\"url\":\"https:\\\/\\\/letrame.com\\\/catalogo\\\/producto\\\/cyrus-el-vigilante\\\/\",\"name\":\"CYRUS EL VIGILANTE - Catalogo | Letrame Grupo Editorial\",\"isPartOf\":{\"@id\":\"https:\\\/\\\/letrame.com\\\/catalogo\\\/#website\"},\"primaryImageOfPage\":{\"@id\":\"https:\\\/\\\/letrame.com\\\/catalogo\\\/producto\\\/cyrus-el-vigilante\\\/#primaryimage\"},\"image\":{\"@id\":\"https:\\\/\\\/letrame.com\\\/catalogo\\\/producto\\\/cyrus-el-vigilante\\\/#primaryimage\"},\"thumbnailUrl\":\"https:\\\/\\\/letrame.com\\\/catalogo\\\/wp-content\\\/uploads\\\/2024\\\/07\\\/webp_cyrus_1315mm-compressed-scaled.jpg\",\"datePublished\":\"2024-07-17T13:51:41+00:00\",\"dateModified\":\"2024-07-22T14:18:37+00:00\",\"breadcrumb\":{\"@id\":\"https:\\\/\\\/letrame.com\\\/catalogo\\\/producto\\\/cyrus-el-vigilante\\\/#breadcrumb\"},\"inLanguage\":\"es\",\"potentialAction\":[{\"@type\":\"ReadAction\",\"target\":[\"https:\\\/\\\/letrame.com\\\/catalogo\\\/producto\\\/cyrus-el-vigilante\\\/\"]}]},{\"@type\":\"ImageObject\",\"inLanguage\":\"es\",\"@id\":\"https:\\\/\\\/letrame.com\\\/catalogo\\\/producto\\\/cyrus-el-vigilante\\\/#primaryimage\",\"url\":\"https:\\\/\\\/letrame.com\\\/catalogo\\\/wp-content\\\/uploads\\\/2024\\\/07\\\/webp_cyrus_1315mm-compressed-scaled.jpg\",\"contentUrl\":\"https:\\\/\\\/letrame.com\\\/catalogo\\\/wp-content\\\/uploads\\\/2024\\\/07\\\/webp_cyrus_1315mm-compressed-scaled.jpg\",\"width\":1746,\"height\":2560},{\"@type\":\"BreadcrumbList\",\"@id\":\"https:\\\/\\\/letrame.com\\\/catalogo\\\/producto\\\/cyrus-el-vigilante\\\/#breadcrumb\",\"itemListElement\":[{\"@type\":\"ListItem\",\"position\":1,\"name\":\"Portada\",\"item\":\"https:\\\/\\\/letrame.com\\\/catalogo\\\/\"},{\"@type\":\"ListItem\",\"position\":2,\"name\":\"Cat\u00e1logo\",\"item\":\"https:\\\/\\\/letrame.com\\\/catalogo\\\/\"},{\"@type\":\"ListItem\",\"position\":3,\"name\":\"CYRUS EL VIGILANTE\"}]},{\"@type\":\"WebSite\",\"@id\":\"https:\\\/\\\/letrame.com\\\/catalogo\\\/#website\",\"url\":\"https:\\\/\\\/letrame.com\\\/catalogo\\\/\",\"name\":\"Catalogo | Letrame Grupo Editorial\",\"description\":\"\",\"publisher\":{\"@id\":\"https:\\\/\\\/letrame.com\\\/catalogo\\\/#organization\"},\"potentialAction\":[{\"@type\":\"SearchAction\",\"target\":{\"@type\":\"EntryPoint\",\"urlTemplate\":\"https:\\\/\\\/letrame.com\\\/catalogo\\\/?s={search_term_string}\"},\"query-input\":{\"@type\":\"PropertyValueSpecification\",\"valueRequired\":true,\"valueName\":\"search_term_string\"}}],\"inLanguage\":\"es\"},{\"@type\":\"Organization\",\"@id\":\"https:\\\/\\\/letrame.com\\\/catalogo\\\/#organization\",\"name\":\"Catalogo | Letrame Grupo Editorial\",\"url\":\"https:\\\/\\\/letrame.com\\\/catalogo\\\/\",\"logo\":{\"@type\":\"ImageObject\",\"inLanguage\":\"es\",\"@id\":\"https:\\\/\\\/letrame.com\\\/catalogo\\\/#\\\/schema\\\/logo\\\/image\\\/\",\"url\":\"https:\\\/\\\/letrame.com\\\/catalogo\\\/wp-content\\\/uploads\\\/2024\\\/03\\\/logo2.webp\",\"contentUrl\":\"https:\\\/\\\/letrame.com\\\/catalogo\\\/wp-content\\\/uploads\\\/2024\\\/03\\\/logo2.webp\",\"width\":394,\"height\":128,\"caption\":\"Catalogo | Letrame Grupo Editorial\"},\"image\":{\"@id\":\"https:\\\/\\\/letrame.com\\\/catalogo\\\/#\\\/schema\\\/logo\\\/image\\\/\"}}]}<\/script>\n<!-- \/ Yoast SEO plugin. -->","yoast_head_json":{"title":"CYRUS EL VIGILANTE - Catalogo | Letrame Grupo Editorial","robots":{"index":"index","follow":"follow","max-snippet":"max-snippet:-1","max-image-preview":"max-image-preview:large","max-video-preview":"max-video-preview:-1"},"canonical":"https:\/\/letrame.com\/catalogo\/producto\/cyrus-el-vigilante\/","og_locale":"es_ES","og_type":"article","og_title":"CYRUS EL VIGILANTE - Catalogo | Letrame Grupo Editorial","og_description":"ISBN: 978-84-1181-751-6 SINOPSIS Cyrus no es un vigilante cualquiera; es el mejor. Cyrus est\u00e1 al mando de los operativos de una misteriosa agencia que trabaja para acabar con los criminales en todo el mundo. En esta ocasi\u00f3n, nos lleva con su equipo hasta Norteam\u00e9rica y los pa\u00edses n\u00f3rdicos para desmantelar las redes de delincuentes. Trata de blancas, tr\u00e1fico de drogas y armas, terrorismo internacional\u2026 no hay delito que se resista a las operaciones de esta agencia o corporaci\u00f3n que act\u00faa a modo de polic\u00eda mundial.  Suecia, Finlandia, Dinamarca, Islandia, Noruega y tambi\u00e9n Estados Unidos, M\u00e9xico y Canad\u00e1 son los escenarios de esta historia llena de acci\u00f3n, secretos, innovaciones tecnol\u00f3gicas, \u00e9xitos y fracasos. Porque incluso el m\u00e1s inteligente y valeroso vigilante del orden mundial, Cyrus, puede cometer errores. A partir de ahora, los delincuentes tendr\u00e1n que enfrentarse a un peligro m\u00e1s, la agencia EICO que trabaja para ayudar a restaurar la paz y el bienestar.","og_url":"https:\/\/letrame.com\/catalogo\/producto\/cyrus-el-vigilante\/","og_site_name":"Catalogo | Letrame Grupo Editorial","article_modified_time":"2024-07-22T14:18:37+00:00","og_image":[{"width":1746,"height":2560,"url":"https:\/\/letrame.com\/catalogo\/wp-content\/uploads\/2024\/07\/webp_cyrus_1315mm-compressed-scaled.jpg","type":"image\/jpeg"}],"twitter_card":"summary_large_image","twitter_misc":{"Tiempo de lectura":"1 minuto"},"schema":{"@context":"https:\/\/schema.org","@graph":[{"@type":"WebPage","@id":"https:\/\/letrame.com\/catalogo\/producto\/cyrus-el-vigilante\/","url":"https:\/\/letrame.com\/catalogo\/producto\/cyrus-el-vigilante\/","name":"CYRUS EL VIGILANTE - Catalogo | Letrame Grupo Editorial","isPartOf":{"@id":"https:\/\/letrame.com\/catalogo\/#website"},"primaryImageOfPage":{"@id":"https:\/\/letrame.com\/catalogo\/producto\/cyrus-el-vigilante\/#primaryimage"},"image":{"@id":"https:\/\/letrame.com\/catalogo\/producto\/cyrus-el-vigilante\/#primaryimage"},"thumbnailUrl":"https:\/\/letrame.com\/catalogo\/wp-content\/uploads\/2024\/07\/webp_cyrus_1315mm-compressed-scaled.jpg","datePublished":"2024-07-17T13:51:41+00:00","dateModified":"2024-07-22T14:18:37+00:00","breadcrumb":{"@id":"https:\/\/letrame.com\/catalogo\/producto\/cyrus-el-vigilante\/#breadcrumb"},"inLanguage":"es","potentialAction":[{"@type":"ReadAction","target":["https:\/\/letrame.com\/catalogo\/producto\/cyrus-el-vigilante\/"]}]},{"@type":"ImageObject","inLanguage":"es","@id":"https:\/\/letrame.com\/catalogo\/producto\/cyrus-el-vigilante\/#primaryimage","url":"https:\/\/letrame.com\/catalogo\/wp-content\/uploads\/2024\/07\/webp_cyrus_1315mm-compressed-scaled.jpg","contentUrl":"https:\/\/letrame.com\/catalogo\/wp-content\/uploads\/2024\/07\/webp_cyrus_1315mm-compressed-scaled.jpg","width":1746,"height":2560},{"@type":"BreadcrumbList","@id":"https:\/\/letrame.com\/catalogo\/producto\/cyrus-el-vigilante\/#breadcrumb","itemListElement":[{"@type":"ListItem","position":1,"name":"Portada","item":"https:\/\/letrame.com\/catalogo\/"},{"@type":"ListItem","position":2,"name":"Cat\u00e1logo","item":"https:\/\/letrame.com\/catalogo\/"},{"@type":"ListItem","position":3,"name":"CYRUS EL VIGILANTE"}]},{"@type":"WebSite","@id":"https:\/\/letrame.com\/catalogo\/#website","url":"https:\/\/letrame.com\/catalogo\/","name":"Catalogo | Letrame Grupo Editorial","description":"","publisher":{"@id":"https:\/\/letrame.com\/catalogo\/#organization"},"potentialAction":[{"@type":"SearchAction","target":{"@type":"EntryPoint","urlTemplate":"https:\/\/letrame.com\/catalogo\/?s={search_term_string}"},"query-input":{"@type":"PropertyValueSpecification","valueRequired":true,"valueName":"search_term_string"}}],"inLanguage":"es"},{"@type":"Organization","@id":"https:\/\/letrame.com\/catalogo\/#organization","name":"Catalogo | Letrame Grupo Editorial","url":"https:\/\/letrame.com\/catalogo\/","logo":{"@type":"ImageObject","inLanguage":"es","@id":"https:\/\/letrame.com\/catalogo\/#\/schema\/logo\/image\/","url":"https:\/\/letrame.com\/catalogo\/wp-content\/uploads\/2024\/03\/logo2.webp","contentUrl":"https:\/\/letrame.com\/catalogo\/wp-content\/uploads\/2024\/03\/logo2.webp","width":394,"height":128,"caption":"Catalogo | Letrame Grupo Editorial"},"image":{"@id":"https:\/\/letrame.com\/catalogo\/#\/schema\/logo\/image\/"}}]}},"_links":{"self":[{"href":"https:\/\/letrame.com\/catalogo\/wp-json\/wp\/v2\/product\/102170","targetHints":{"allow":["GET"]}}],"collection":[{"href":"https:\/\/letrame.com\/catalogo\/wp-json\/wp\/v2\/product"}],"about":[{"href":"https:\/\/letrame.com\/catalogo\/wp-json\/wp\/v2\/types\/product"}],"replies":[{"embeddable":true,"href":"https:\/\/letrame.com\/catalogo\/wp-json\/wp\/v2\/comments?post=102170"}],"acf:post":[{"embeddable":true,"href":"https:\/\/letrame.com\/catalogo\/wp-json\/wp\/v2\/author_book\/102171"}],"wp:featuredmedia":[{"embeddable":true,"href":"https:\/\/letrame.com\/catalogo\/wp-json\/wp\/v2\/media\/102173"}],"wp:attachment":[{"href":"https:\/\/letrame.com\/catalogo\/wp-json\/wp\/v2\/media?parent=102170"}],"wp:term":[{"taxonomy":"libro","embeddable":true,"href":"https:\/\/letrame.com\/catalogo\/wp-json\/wp\/v2\/libro?post=102170"},{"taxonomy":"product_brand","embeddable":true,"href":"https:\/\/letrame.com\/catalogo\/wp-json\/wp\/v2\/product_brand?post=102170"},{"taxonomy":"product_cat","embeddable":true,"href":"https:\/\/letrame.com\/catalogo\/wp-json\/wp\/v2\/product_cat?post=102170"},{"taxonomy":"product_tag","embeddable":true,"href":"https:\/\/letrame.com\/catalogo\/wp-json\/wp\/v2\/product_tag?post=102170"}],"curies":[{"name":"wp","href":"https:\/\/api.w.org\/{rel}","templated":true}]}}