{"id":102129,"date":"2024-07-17T15:32:26","date_gmt":"2024-07-17T13:32:26","guid":{"rendered":"https:\/\/letrame.com\/catalogo\/?post_type=product&#038;p=102129"},"modified":"2024-07-17T15:32:27","modified_gmt":"2024-07-17T13:32:27","slug":"entre-atardeceres","status":"publish","type":"product","link":"https:\/\/letrame.com\/catalogo\/producto\/entre-atardeceres\/","title":{"rendered":"Entre Atardeceres"},"content":{"rendered":"<p class=\"p1\">ISBN: 978-84-1181-652-6<\/p>\n<p class=\"p1\">T\u00edtulo: Entre Atardeceres<\/p>\n<p class=\"p1\">Fecha: 2023<\/p>\n<p class=\"p1\">P\u00e1ginas: 428<\/p>\n<p class=\"p1\">SINOPSIS<\/p>\n<p>\u00bfQu\u00e9 pasa si te digo que los polos m\u00e1s opuestos son los que m\u00e1s se atraen?<\/p>\n<p>\u00bfQue sus vidas est\u00e1n llenas de secretos, mentiras y ocultaciones?<\/p>\n<p>\u00bfY si esto solo se trata de seguir un orden, de seguir y resolver unos pasos?<\/p>\n<p>Acabas de entrar al caso y vamos a resolver el homicidio de misterios.<\/p>\n<p><strong>Escena del crimen e investigaci\u00f3n:<\/strong><\/p>\n<p>Sus vidas estaban yendo de lo m\u00e1s normal. Todo era un hechizo. Una burbuja encantada de la cual no saldr\u00edan. Porque alguien se las hab\u00eda impuesto y estaban destinados a no salir de ellas. Vidas llenas de paz y tranquilidad. Sin problemas. Menuda tonter\u00eda, \u00bfno? Todo parec\u00eda bien hasta que cometieron el crimen de investigar m\u00e1s all\u00e1 de sus burbujas.<\/p>\n<p><strong>Interrogatorio de los sospechosos:<\/strong><\/p>\n<p>Ahora todo parece ser m\u00e1s real. La burbuja deja de existir y los problemas llegan para afrontarlos. Pero nada es tan f\u00e1cil como parece. Muchos sospechosos empiezan aparecer y una monta\u00f1a rusa de emociones pide un interrogatorio.<\/p>\n<p><strong>Se presenta el asesino ante la m\u00e1xima autoridad:<\/strong><\/p>\n<p>Por fin, el final parece estar acerc\u00e1ndose y el asesinato empieza salir a la luz. La autoridad nos enga\u00f1a, nos mantiene ciegos, nos ocultan las verdades y ellos parece que cada vez han dejado m\u00e1s atr\u00e1s esas burbujas de las que proven\u00edan y no pod\u00edan salir. \u00abNo quiero perder parte de m\u00ed\u00bb.<\/p>\n<p><strong>Soluci\u00f3n del caso:<\/strong><\/p>\n<p>\u00bfSer\u00e1 verdad que los polos opuestos pueden llegar a congeniar hasta el punto de ser el uno por el otro? \u00bfO solo ser\u00e1n algo ef\u00edmero entre atardeceres?<\/p>\n","protected":false},"excerpt":{"rendered":"<p class=\"p1\">ISBN: 978-84-1181-652-6<\/p>\n<p class=\"p1\">SINOPSIS<\/p>\n<p>\u00bfQu\u00e9 pasa si te digo que los polos m\u00e1s opuestos son los que m\u00e1s se atraen?<\/p>\n<p>\u00bfQue sus vidas est\u00e1n llenas de secretos, mentiras y ocultaciones?<\/p>\n<p>\u00bfY si esto solo se trata de seguir un orden, de seguir y resolver unos pasos?<\/p>\n<p>Acabas de entrar al caso y vamos a resolver el homicidio de misterios.<\/p>\n<p><strong>Escena del crimen e investigaci\u00f3n:<\/strong><\/p>\n<p>Sus vidas estaban yendo de lo m\u00e1s normal. Todo era un hechizo. Una burbuja encantada de la cual no saldr\u00edan. Porque alguien se las hab\u00eda impuesto y estaban destinados a no salir de ellas. Vidas llenas de paz y tranquilidad. Sin problemas. Menuda tonter\u00eda, \u00bfno? Todo parec\u00eda bien hasta que cometieron el crimen de investigar m\u00e1s all\u00e1 de sus burbujas.<\/p>\n<p><strong>Interrogatorio de los sospechosos:<\/strong><\/p>\n<p>Ahora todo parece ser m\u00e1s real. La burbuja deja de existir y los problemas llegan para afrontarlos. Pero nada es tan f\u00e1cil como parece. Muchos sospechosos empiezan aparecer y una monta\u00f1a rusa de emociones pide un interrogatorio.<\/p>\n<p><strong>Se presenta el asesino ante la m\u00e1xima autoridad:<\/strong><\/p>\n<p>Por fin, el final parece estar acerc\u00e1ndose y el asesinato empieza salir a la luz. La autoridad nos enga\u00f1a, nos mantiene ciegos, nos ocultan las verdades y ellos parece que cada vez han dejado m\u00e1s atr\u00e1s esas burbujas de las que proven\u00edan y no pod\u00edan salir. \u00abNo quiero perder parte de m\u00ed\u00bb.<\/p>\n<p><strong>Soluci\u00f3n del caso:<\/strong><\/p>\n<p>\u00bfSer\u00e1 verdad que los polos opuestos pueden llegar a congeniar hasta el punto de ser el uno por el otro? \u00bfO solo ser\u00e1n algo ef\u00edmero entre atardeceres?<\/p>\n","protected":false},"featured_media":102136,"comment_status":"open","ping_status":"closed","template":"","meta":{"_acf_changed":false},"libro":[],"product_brand":[],"product_cat":[50],"product_tag":[],"class_list":{"0":"post-102129","1":"product","2":"type-product","3":"status-publish","4":"has-post-thumbnail","6":"product_cat-novela-romantica","8":"first","9":"instock","10":"shipping-taxable","11":"product-type-simple"},"acf":{"autor":[102130],"enlace_de_compra":"https:\/\/amzn.to\/3WaN50c"},"yoast_head":"<!-- This site is optimized with the Yoast SEO plugin v27.4 - https:\/\/yoast.com\/product\/yoast-seo-wordpress\/ -->\n<title>Entre Atardeceres - Catalogo | Letrame Grupo Editorial<\/title>\n<meta name=\"robots\" content=\"index, follow, max-snippet:-1, max-image-preview:large, max-video-preview:-1\" \/>\n<link rel=\"canonical\" href=\"https:\/\/letrame.com\/catalogo\/producto\/entre-atardeceres\/\" \/>\n<meta property=\"og:locale\" content=\"es_ES\" \/>\n<meta property=\"og:type\" content=\"article\" \/>\n<meta property=\"og:title\" content=\"Entre Atardeceres - Catalogo | Letrame Grupo Editorial\" \/>\n<meta property=\"og:description\" content=\"ISBN: 978-84-1181-652-6 SINOPSIS \u00bfQu\u00e9 pasa si te digo que los polos m\u00e1s opuestos son los que m\u00e1s se atraen?  \u00bfQue sus vidas est\u00e1n llenas de secretos, mentiras y ocultaciones?  \u00bfY si esto solo se trata de seguir un orden, de seguir y resolver unos pasos?  Acabas de entrar al caso y vamos a resolver el homicidio de misterios.  Escena del crimen e investigaci\u00f3n:  Sus vidas estaban yendo de lo m\u00e1s normal. Todo era un hechizo. Una burbuja encantada de la cual no saldr\u00edan. Porque alguien se las hab\u00eda impuesto y estaban destinados a no salir de ellas. Vidas llenas de paz y tranquilidad. Sin problemas. Menuda tonter\u00eda, \u00bfno? Todo parec\u00eda bien hasta que cometieron el crimen de investigar m\u00e1s all\u00e1 de sus burbujas.  Interrogatorio de los sospechosos:  Ahora todo parece ser m\u00e1s real. La burbuja deja de existir y los problemas llegan para afrontarlos. Pero nada es tan f\u00e1cil como parece. Muchos sospechosos empiezan aparecer y una monta\u00f1a rusa de emociones pide un interrogatorio.  Se presenta el asesino ante la m\u00e1xima autoridad:  Por fin, el final parece estar acerc\u00e1ndose y el asesinato empieza salir a la luz. La autoridad nos enga\u00f1a, nos mantiene ciegos, nos ocultan las verdades y ellos parece que cada vez han dejado m\u00e1s atr\u00e1s esas burbujas de las que proven\u00edan y no pod\u00edan salir. \u00abNo quiero perder parte de m\u00ed\u00bb.  Soluci\u00f3n del caso:  \u00bfSer\u00e1 verdad que los polos opuestos pueden llegar a congeniar hasta el punto de ser el uno por el otro? \u00bfO solo ser\u00e1n algo ef\u00edmero entre atardeceres?\" \/>\n<meta property=\"og:url\" content=\"https:\/\/letrame.com\/catalogo\/producto\/entre-atardeceres\/\" \/>\n<meta property=\"og:site_name\" content=\"Catalogo | Letrame Grupo Editorial\" \/>\n<meta property=\"article:modified_time\" content=\"2024-07-17T13:32:27+00:00\" \/>\n<meta property=\"og:image\" content=\"https:\/\/letrame.com\/catalogo\/wp-content\/uploads\/2024\/07\/webp_entreatardeceres_2081mm-compressed-scaled.jpg\" \/>\n\t<meta property=\"og:image:width\" content=\"1746\" \/>\n\t<meta property=\"og:image:height\" content=\"2560\" \/>\n\t<meta property=\"og:image:type\" content=\"image\/jpeg\" \/>\n<meta name=\"twitter:card\" content=\"summary_large_image\" \/>\n<meta name=\"twitter:label1\" content=\"Tiempo de lectura\" \/>\n\t<meta name=\"twitter:data1\" content=\"2 minutos\" \/>\n<script type=\"application\/ld+json\" class=\"yoast-schema-graph\">{\"@context\":\"https:\\\/\\\/schema.org\",\"@graph\":[{\"@type\":\"WebPage\",\"@id\":\"https:\\\/\\\/letrame.com\\\/catalogo\\\/producto\\\/entre-atardeceres\\\/\",\"url\":\"https:\\\/\\\/letrame.com\\\/catalogo\\\/producto\\\/entre-atardeceres\\\/\",\"name\":\"Entre Atardeceres - Catalogo | Letrame Grupo Editorial\",\"isPartOf\":{\"@id\":\"https:\\\/\\\/letrame.com\\\/catalogo\\\/#website\"},\"primaryImageOfPage\":{\"@id\":\"https:\\\/\\\/letrame.com\\\/catalogo\\\/producto\\\/entre-atardeceres\\\/#primaryimage\"},\"image\":{\"@id\":\"https:\\\/\\\/letrame.com\\\/catalogo\\\/producto\\\/entre-atardeceres\\\/#primaryimage\"},\"thumbnailUrl\":\"https:\\\/\\\/letrame.com\\\/catalogo\\\/wp-content\\\/uploads\\\/2024\\\/07\\\/webp_entreatardeceres_2081mm-compressed-scaled.jpg\",\"datePublished\":\"2024-07-17T13:32:26+00:00\",\"dateModified\":\"2024-07-17T13:32:27+00:00\",\"breadcrumb\":{\"@id\":\"https:\\\/\\\/letrame.com\\\/catalogo\\\/producto\\\/entre-atardeceres\\\/#breadcrumb\"},\"inLanguage\":\"es\",\"potentialAction\":[{\"@type\":\"ReadAction\",\"target\":[\"https:\\\/\\\/letrame.com\\\/catalogo\\\/producto\\\/entre-atardeceres\\\/\"]}]},{\"@type\":\"ImageObject\",\"inLanguage\":\"es\",\"@id\":\"https:\\\/\\\/letrame.com\\\/catalogo\\\/producto\\\/entre-atardeceres\\\/#primaryimage\",\"url\":\"https:\\\/\\\/letrame.com\\\/catalogo\\\/wp-content\\\/uploads\\\/2024\\\/07\\\/webp_entreatardeceres_2081mm-compressed-scaled.jpg\",\"contentUrl\":\"https:\\\/\\\/letrame.com\\\/catalogo\\\/wp-content\\\/uploads\\\/2024\\\/07\\\/webp_entreatardeceres_2081mm-compressed-scaled.jpg\",\"width\":1746,\"height\":2560},{\"@type\":\"BreadcrumbList\",\"@id\":\"https:\\\/\\\/letrame.com\\\/catalogo\\\/producto\\\/entre-atardeceres\\\/#breadcrumb\",\"itemListElement\":[{\"@type\":\"ListItem\",\"position\":1,\"name\":\"Portada\",\"item\":\"https:\\\/\\\/letrame.com\\\/catalogo\\\/\"},{\"@type\":\"ListItem\",\"position\":2,\"name\":\"Cat\u00e1logo\",\"item\":\"https:\\\/\\\/letrame.com\\\/catalogo\\\/\"},{\"@type\":\"ListItem\",\"position\":3,\"name\":\"Entre Atardeceres\"}]},{\"@type\":\"WebSite\",\"@id\":\"https:\\\/\\\/letrame.com\\\/catalogo\\\/#website\",\"url\":\"https:\\\/\\\/letrame.com\\\/catalogo\\\/\",\"name\":\"Catalogo | Letrame Grupo Editorial\",\"description\":\"\",\"publisher\":{\"@id\":\"https:\\\/\\\/letrame.com\\\/catalogo\\\/#organization\"},\"potentialAction\":[{\"@type\":\"SearchAction\",\"target\":{\"@type\":\"EntryPoint\",\"urlTemplate\":\"https:\\\/\\\/letrame.com\\\/catalogo\\\/?s={search_term_string}\"},\"query-input\":{\"@type\":\"PropertyValueSpecification\",\"valueRequired\":true,\"valueName\":\"search_term_string\"}}],\"inLanguage\":\"es\"},{\"@type\":\"Organization\",\"@id\":\"https:\\\/\\\/letrame.com\\\/catalogo\\\/#organization\",\"name\":\"Catalogo | Letrame Grupo Editorial\",\"url\":\"https:\\\/\\\/letrame.com\\\/catalogo\\\/\",\"logo\":{\"@type\":\"ImageObject\",\"inLanguage\":\"es\",\"@id\":\"https:\\\/\\\/letrame.com\\\/catalogo\\\/#\\\/schema\\\/logo\\\/image\\\/\",\"url\":\"https:\\\/\\\/letrame.com\\\/catalogo\\\/wp-content\\\/uploads\\\/2024\\\/03\\\/logo2.webp\",\"contentUrl\":\"https:\\\/\\\/letrame.com\\\/catalogo\\\/wp-content\\\/uploads\\\/2024\\\/03\\\/logo2.webp\",\"width\":394,\"height\":128,\"caption\":\"Catalogo | Letrame Grupo Editorial\"},\"image\":{\"@id\":\"https:\\\/\\\/letrame.com\\\/catalogo\\\/#\\\/schema\\\/logo\\\/image\\\/\"}}]}<\/script>\n<!-- \/ Yoast SEO plugin. -->","yoast_head_json":{"title":"Entre Atardeceres - Catalogo | Letrame Grupo Editorial","robots":{"index":"index","follow":"follow","max-snippet":"max-snippet:-1","max-image-preview":"max-image-preview:large","max-video-preview":"max-video-preview:-1"},"canonical":"https:\/\/letrame.com\/catalogo\/producto\/entre-atardeceres\/","og_locale":"es_ES","og_type":"article","og_title":"Entre Atardeceres - Catalogo | Letrame Grupo Editorial","og_description":"ISBN: 978-84-1181-652-6 SINOPSIS \u00bfQu\u00e9 pasa si te digo que los polos m\u00e1s opuestos son los que m\u00e1s se atraen?  \u00bfQue sus vidas est\u00e1n llenas de secretos, mentiras y ocultaciones?  \u00bfY si esto solo se trata de seguir un orden, de seguir y resolver unos pasos?  Acabas de entrar al caso y vamos a resolver el homicidio de misterios.  Escena del crimen e investigaci\u00f3n:  Sus vidas estaban yendo de lo m\u00e1s normal. Todo era un hechizo. Una burbuja encantada de la cual no saldr\u00edan. Porque alguien se las hab\u00eda impuesto y estaban destinados a no salir de ellas. Vidas llenas de paz y tranquilidad. Sin problemas. Menuda tonter\u00eda, \u00bfno? Todo parec\u00eda bien hasta que cometieron el crimen de investigar m\u00e1s all\u00e1 de sus burbujas.  Interrogatorio de los sospechosos:  Ahora todo parece ser m\u00e1s real. La burbuja deja de existir y los problemas llegan para afrontarlos. Pero nada es tan f\u00e1cil como parece. Muchos sospechosos empiezan aparecer y una monta\u00f1a rusa de emociones pide un interrogatorio.  Se presenta el asesino ante la m\u00e1xima autoridad:  Por fin, el final parece estar acerc\u00e1ndose y el asesinato empieza salir a la luz. La autoridad nos enga\u00f1a, nos mantiene ciegos, nos ocultan las verdades y ellos parece que cada vez han dejado m\u00e1s atr\u00e1s esas burbujas de las que proven\u00edan y no pod\u00edan salir. \u00abNo quiero perder parte de m\u00ed\u00bb.  Soluci\u00f3n del caso:  \u00bfSer\u00e1 verdad que los polos opuestos pueden llegar a congeniar hasta el punto de ser el uno por el otro? \u00bfO solo ser\u00e1n algo ef\u00edmero entre atardeceres?","og_url":"https:\/\/letrame.com\/catalogo\/producto\/entre-atardeceres\/","og_site_name":"Catalogo | Letrame Grupo Editorial","article_modified_time":"2024-07-17T13:32:27+00:00","og_image":[{"width":1746,"height":2560,"url":"https:\/\/letrame.com\/catalogo\/wp-content\/uploads\/2024\/07\/webp_entreatardeceres_2081mm-compressed-scaled.jpg","type":"image\/jpeg"}],"twitter_card":"summary_large_image","twitter_misc":{"Tiempo de lectura":"2 minutos"},"schema":{"@context":"https:\/\/schema.org","@graph":[{"@type":"WebPage","@id":"https:\/\/letrame.com\/catalogo\/producto\/entre-atardeceres\/","url":"https:\/\/letrame.com\/catalogo\/producto\/entre-atardeceres\/","name":"Entre Atardeceres - Catalogo | Letrame Grupo Editorial","isPartOf":{"@id":"https:\/\/letrame.com\/catalogo\/#website"},"primaryImageOfPage":{"@id":"https:\/\/letrame.com\/catalogo\/producto\/entre-atardeceres\/#primaryimage"},"image":{"@id":"https:\/\/letrame.com\/catalogo\/producto\/entre-atardeceres\/#primaryimage"},"thumbnailUrl":"https:\/\/letrame.com\/catalogo\/wp-content\/uploads\/2024\/07\/webp_entreatardeceres_2081mm-compressed-scaled.jpg","datePublished":"2024-07-17T13:32:26+00:00","dateModified":"2024-07-17T13:32:27+00:00","breadcrumb":{"@id":"https:\/\/letrame.com\/catalogo\/producto\/entre-atardeceres\/#breadcrumb"},"inLanguage":"es","potentialAction":[{"@type":"ReadAction","target":["https:\/\/letrame.com\/catalogo\/producto\/entre-atardeceres\/"]}]},{"@type":"ImageObject","inLanguage":"es","@id":"https:\/\/letrame.com\/catalogo\/producto\/entre-atardeceres\/#primaryimage","url":"https:\/\/letrame.com\/catalogo\/wp-content\/uploads\/2024\/07\/webp_entreatardeceres_2081mm-compressed-scaled.jpg","contentUrl":"https:\/\/letrame.com\/catalogo\/wp-content\/uploads\/2024\/07\/webp_entreatardeceres_2081mm-compressed-scaled.jpg","width":1746,"height":2560},{"@type":"BreadcrumbList","@id":"https:\/\/letrame.com\/catalogo\/producto\/entre-atardeceres\/#breadcrumb","itemListElement":[{"@type":"ListItem","position":1,"name":"Portada","item":"https:\/\/letrame.com\/catalogo\/"},{"@type":"ListItem","position":2,"name":"Cat\u00e1logo","item":"https:\/\/letrame.com\/catalogo\/"},{"@type":"ListItem","position":3,"name":"Entre Atardeceres"}]},{"@type":"WebSite","@id":"https:\/\/letrame.com\/catalogo\/#website","url":"https:\/\/letrame.com\/catalogo\/","name":"Catalogo | Letrame Grupo Editorial","description":"","publisher":{"@id":"https:\/\/letrame.com\/catalogo\/#organization"},"potentialAction":[{"@type":"SearchAction","target":{"@type":"EntryPoint","urlTemplate":"https:\/\/letrame.com\/catalogo\/?s={search_term_string}"},"query-input":{"@type":"PropertyValueSpecification","valueRequired":true,"valueName":"search_term_string"}}],"inLanguage":"es"},{"@type":"Organization","@id":"https:\/\/letrame.com\/catalogo\/#organization","name":"Catalogo | Letrame Grupo Editorial","url":"https:\/\/letrame.com\/catalogo\/","logo":{"@type":"ImageObject","inLanguage":"es","@id":"https:\/\/letrame.com\/catalogo\/#\/schema\/logo\/image\/","url":"https:\/\/letrame.com\/catalogo\/wp-content\/uploads\/2024\/03\/logo2.webp","contentUrl":"https:\/\/letrame.com\/catalogo\/wp-content\/uploads\/2024\/03\/logo2.webp","width":394,"height":128,"caption":"Catalogo | Letrame Grupo Editorial"},"image":{"@id":"https:\/\/letrame.com\/catalogo\/#\/schema\/logo\/image\/"}}]}},"_links":{"self":[{"href":"https:\/\/letrame.com\/catalogo\/wp-json\/wp\/v2\/product\/102129","targetHints":{"allow":["GET"]}}],"collection":[{"href":"https:\/\/letrame.com\/catalogo\/wp-json\/wp\/v2\/product"}],"about":[{"href":"https:\/\/letrame.com\/catalogo\/wp-json\/wp\/v2\/types\/product"}],"replies":[{"embeddable":true,"href":"https:\/\/letrame.com\/catalogo\/wp-json\/wp\/v2\/comments?post=102129"}],"acf:post":[{"embeddable":true,"href":"https:\/\/letrame.com\/catalogo\/wp-json\/wp\/v2\/author_book\/102130"}],"wp:featuredmedia":[{"embeddable":true,"href":"https:\/\/letrame.com\/catalogo\/wp-json\/wp\/v2\/media\/102136"}],"wp:attachment":[{"href":"https:\/\/letrame.com\/catalogo\/wp-json\/wp\/v2\/media?parent=102129"}],"wp:term":[{"taxonomy":"libro","embeddable":true,"href":"https:\/\/letrame.com\/catalogo\/wp-json\/wp\/v2\/libro?post=102129"},{"taxonomy":"product_brand","embeddable":true,"href":"https:\/\/letrame.com\/catalogo\/wp-json\/wp\/v2\/product_brand?post=102129"},{"taxonomy":"product_cat","embeddable":true,"href":"https:\/\/letrame.com\/catalogo\/wp-json\/wp\/v2\/product_cat?post=102129"},{"taxonomy":"product_tag","embeddable":true,"href":"https:\/\/letrame.com\/catalogo\/wp-json\/wp\/v2\/product_tag?post=102129"}],"curies":[{"name":"wp","href":"https:\/\/api.w.org\/{rel}","templated":true}]}}