{"id":102090,"date":"2024-07-17T15:01:45","date_gmt":"2024-07-17T13:01:45","guid":{"rendered":"https:\/\/letrame.com\/catalogo\/?post_type=product&#038;p=102090"},"modified":"2024-07-17T15:01:45","modified_gmt":"2024-07-17T13:01:45","slug":"manual-del-cavernicola-moderno-o-la-odisea-de-la-evolucion-humana","status":"publish","type":"product","link":"https:\/\/letrame.com\/catalogo\/producto\/manual-del-cavernicola-moderno-o-la-odisea-de-la-evolucion-humana\/","title":{"rendered":"MANUAL DEL CAVERNI\u0301COLA MODERNO. O la odisea de la evolucio\u0301n humana"},"content":{"rendered":"<p class=\"p1\">ISBN: 978-84-1181-756-1<\/p>\n<p class=\"p1\">T\u00edtulo: MANUAL DEL CAVERNI\u0301COLA MODERNO<\/p>\n<p class=\"p1\">Fecha: 2023<\/p>\n<p class=\"p1\">P\u00e1ginas: 366<\/p>\n<p class=\"p1\">SINOPSIS<\/p>\n<p>Hace cuatro millones de a\u00f1os, nuestros antepasados ya hab\u00edan iniciado la gran aventura humana, la odisea que nos llevar\u00eda a conquistar el mundo. \u00bfC\u00f3mo ocurri\u00f3 esta gran transformaci\u00f3n desde aquellos primates primitivos hasta los confundidos homo sapiens que hoy corren a sus trabajos cada ma\u00f1ana?<\/p>\n<p>Profundo, atrevido y desafiante, el <em>Manual del Cavern\u00edcola Moderno<\/em> es un ensayo antropol\u00f3gico, cuyo personaje central es el ser humano actual. Su prop\u00f3sito principal es que cada lector se conozca mejor a s\u00ed mismo, a trav\u00e9s de la comprensi\u00f3n de nuestra historia evolutiva. Para ello, se propone una hip\u00f3tesis factible de la evoluci\u00f3n humana, en la cual, cap\u00edtulo a cap\u00edtulo se va desplegando la odisea que llev\u00f3 a nuestros antepasados a enfrentar su supervivencia, haciendo surgir as\u00ed la especie humana, en todas sus dimensiones, virtudes y defectos.<\/p>\n<p>Acomp\u00e1\u00f1enos a conocer c\u00f3mo y por qu\u00e9 nuestra especie tom\u00f3 su curso evolutivo por la v\u00eda social y cultural, c\u00f3mo se expandieron nuestra inteligencia y nuestra consciencia, cu\u00e1nto cambiaron nuestras caracter\u00edsticas psicol\u00f3gicas, la importancia de nuestra naturaleza humana, el rol del sexo en la formaci\u00f3n de la familia, el desarrollo individual de cada ser humano, la necesidad de la consciencia y de nuestro exquisito lenguaje, el nacimiento del h\u00e1bitat cultural en el cual vivimos, nuestra adaptaci\u00f3n social y cultural, el surgimiento de la moral, la \u00e9tica y la justicia, la econom\u00eda y la pol\u00edtica.<\/p>\n<p>Adem\u00e1s, a la luz de la evoluci\u00f3n, conozca nuestras reflexiones acerca de las sociedades humanas, el sentido de la vida, los roles humanos, de c\u00f3mo surgi\u00f3 la necesidad de un Dios y la inesperada e inadvertida exteriorizaci\u00f3n del ser humano en el mundo cultural que habitamos. Todos estos temas contribuyen en forma eficaz al prop\u00f3sito del libro, el de conocernos y comprendernos mejor.<\/p>\n","protected":false},"excerpt":{"rendered":"<p class=\"p1\">ISBN: 978-84-1181-756-1<\/p>\n<p class=\"p1\">SINOPSIS<\/p>\n<p>Hace cuatro millones de a\u00f1os, nuestros antepasados ya hab\u00edan iniciado la gran aventura humana, la odisea que nos llevar\u00eda a conquistar el mundo. \u00bfC\u00f3mo ocurri\u00f3 esta gran transformaci\u00f3n desde aquellos primates primitivos hasta los confundidos homo sapiens que hoy corren a sus trabajos cada ma\u00f1ana?<\/p>\n<p>Profundo, atrevido y desafiante, el <em>Manual del Cavern\u00edcola Moderno<\/em> es un ensayo antropol\u00f3gico, cuyo personaje central es el ser humano actual. Su prop\u00f3sito principal es que cada lector se conozca mejor a s\u00ed mismo, a trav\u00e9s de la comprensi\u00f3n de nuestra historia evolutiva. Para ello, se propone una hip\u00f3tesis factible de la evoluci\u00f3n humana, en la cual, cap\u00edtulo a cap\u00edtulo se va desplegando la odisea que llev\u00f3 a nuestros antepasados a enfrentar su supervivencia, haciendo surgir as\u00ed la especie humana, en todas sus dimensiones, virtudes y defectos.<\/p>\n<p>Acomp\u00e1\u00f1enos a conocer c\u00f3mo y por qu\u00e9 nuestra especie tom\u00f3 su curso evolutivo por la v\u00eda social y cultural, c\u00f3mo se expandieron nuestra inteligencia y nuestra consciencia, cu\u00e1nto cambiaron nuestras caracter\u00edsticas psicol\u00f3gicas, la importancia de nuestra naturaleza humana, el rol del sexo en la formaci\u00f3n de la familia, el desarrollo individual de cada ser humano, la necesidad de la consciencia y de nuestro exquisito lenguaje, el nacimiento del h\u00e1bitat cultural en el cual vivimos, nuestra adaptaci\u00f3n social y cultural, el surgimiento de la moral, la \u00e9tica y la justicia, la econom\u00eda y la pol\u00edtica.<\/p>\n<p>Adem\u00e1s, a la luz de la evoluci\u00f3n, conozca nuestras reflexiones acerca de las sociedades humanas, el sentido de la vida, los roles humanos, de c\u00f3mo surgi\u00f3 la necesidad de un Dios y la inesperada e inadvertida exteriorizaci\u00f3n del ser humano en el mundo cultural que habitamos. Todos estos temas contribuyen en forma eficaz al prop\u00f3sito del libro, el de conocernos y comprendernos mejor.<\/p>\n","protected":false},"featured_media":102099,"comment_status":"open","ping_status":"closed","template":"","meta":{"_acf_changed":false},"libro":[],"product_brand":[],"product_cat":[60,23],"product_tag":[],"class_list":{"0":"post-102090","1":"product","2":"type-product","3":"status-publish","4":"has-post-thumbnail","6":"product_cat-ensayo-cientifico-teologico","7":"product_cat-ensayos","9":"first","10":"instock","11":"shipping-taxable","12":"product-type-simple"},"acf":{"autor":[102092],"enlace_de_compra":"https:\/\/amzn.to\/3SfTh5Z"},"yoast_head":"<!-- This site is optimized with the Yoast SEO plugin v27.4 - https:\/\/yoast.com\/product\/yoast-seo-wordpress\/ -->\n<title>MANUAL DEL CAVERNI\u0301COLA MODERNO. O la odisea de la evolucio\u0301n humana - Catalogo | Letrame Grupo Editorial<\/title>\n<meta name=\"robots\" content=\"index, follow, max-snippet:-1, max-image-preview:large, max-video-preview:-1\" \/>\n<link rel=\"canonical\" href=\"https:\/\/letrame.com\/catalogo\/producto\/manual-del-cavernicola-moderno-o-la-odisea-de-la-evolucion-humana\/\" \/>\n<meta property=\"og:locale\" content=\"es_ES\" \/>\n<meta property=\"og:type\" content=\"article\" \/>\n<meta property=\"og:title\" content=\"MANUAL DEL CAVERNI\u0301COLA MODERNO. O la odisea de la evolucio\u0301n humana - Catalogo | Letrame Grupo Editorial\" \/>\n<meta property=\"og:description\" content=\"ISBN: 978-84-1181-756-1 SINOPSIS Hace cuatro millones de a\u00f1os, nuestros antepasados ya hab\u00edan iniciado la gran aventura humana, la odisea que nos llevar\u00eda a conquistar el mundo. \u00bfC\u00f3mo ocurri\u00f3 esta gran transformaci\u00f3n desde aquellos primates primitivos hasta los confundidos homo sapiens que hoy corren a sus trabajos cada ma\u00f1ana?  Profundo, atrevido y desafiante, el Manual del Cavern\u00edcola Moderno es un ensayo antropol\u00f3gico, cuyo personaje central es el ser humano actual. Su prop\u00f3sito principal es que cada lector se conozca mejor a s\u00ed mismo, a trav\u00e9s de la comprensi\u00f3n de nuestra historia evolutiva. Para ello, se propone una hip\u00f3tesis factible de la evoluci\u00f3n humana, en la cual, cap\u00edtulo a cap\u00edtulo se va desplegando la odisea que llev\u00f3 a nuestros antepasados a enfrentar su supervivencia, haciendo surgir as\u00ed la especie humana, en todas sus dimensiones, virtudes y defectos.  Acomp\u00e1\u00f1enos a conocer c\u00f3mo y por qu\u00e9 nuestra especie tom\u00f3 su curso evolutivo por la v\u00eda social y cultural, c\u00f3mo se expandieron nuestra inteligencia y nuestra consciencia, cu\u00e1nto cambiaron nuestras caracter\u00edsticas psicol\u00f3gicas, la importancia de nuestra naturaleza humana, el rol del sexo en la formaci\u00f3n de la familia, el desarrollo individual de cada ser humano, la necesidad de la consciencia y de nuestro exquisito lenguaje, el nacimiento del h\u00e1bitat cultural en el cual vivimos, nuestra adaptaci\u00f3n social y cultural, el surgimiento de la moral, la \u00e9tica y la justicia, la econom\u00eda y la pol\u00edtica.  Adem\u00e1s, a la luz de la evoluci\u00f3n, conozca nuestras reflexiones acerca de las sociedades humanas, el sentido de la vida, los roles humanos, de c\u00f3mo surgi\u00f3 la necesidad de un Dios y la inesperada e inadvertida exteriorizaci\u00f3n del ser humano en el mundo cultural que habitamos. Todos estos temas contribuyen en forma eficaz al prop\u00f3sito del libro, el de conocernos y comprendernos mejor.\" \/>\n<meta property=\"og:url\" content=\"https:\/\/letrame.com\/catalogo\/producto\/manual-del-cavernicola-moderno-o-la-odisea-de-la-evolucion-humana\/\" \/>\n<meta property=\"og:site_name\" content=\"Catalogo | Letrame Grupo Editorial\" \/>\n<meta property=\"og:image\" content=\"https:\/\/letrame.com\/catalogo\/wp-content\/uploads\/2024\/07\/webp_manualdelcavernicola_1795mm-compressed-scaled.jpg\" \/>\n\t<meta property=\"og:image:width\" content=\"1746\" \/>\n\t<meta property=\"og:image:height\" content=\"2560\" \/>\n\t<meta property=\"og:image:type\" content=\"image\/jpeg\" \/>\n<meta name=\"twitter:card\" content=\"summary_large_image\" \/>\n<meta name=\"twitter:label1\" content=\"Tiempo de lectura\" \/>\n\t<meta name=\"twitter:data1\" content=\"2 minutos\" \/>\n<script type=\"application\/ld+json\" class=\"yoast-schema-graph\">{\"@context\":\"https:\\\/\\\/schema.org\",\"@graph\":[{\"@type\":\"WebPage\",\"@id\":\"https:\\\/\\\/letrame.com\\\/catalogo\\\/producto\\\/manual-del-cavernicola-moderno-o-la-odisea-de-la-evolucion-humana\\\/\",\"url\":\"https:\\\/\\\/letrame.com\\\/catalogo\\\/producto\\\/manual-del-cavernicola-moderno-o-la-odisea-de-la-evolucion-humana\\\/\",\"name\":\"MANUAL DEL CAVERNI\u0301COLA MODERNO. O la odisea de la evolucio\u0301n humana - Catalogo | Letrame Grupo Editorial\",\"isPartOf\":{\"@id\":\"https:\\\/\\\/letrame.com\\\/catalogo\\\/#website\"},\"primaryImageOfPage\":{\"@id\":\"https:\\\/\\\/letrame.com\\\/catalogo\\\/producto\\\/manual-del-cavernicola-moderno-o-la-odisea-de-la-evolucion-humana\\\/#primaryimage\"},\"image\":{\"@id\":\"https:\\\/\\\/letrame.com\\\/catalogo\\\/producto\\\/manual-del-cavernicola-moderno-o-la-odisea-de-la-evolucion-humana\\\/#primaryimage\"},\"thumbnailUrl\":\"https:\\\/\\\/letrame.com\\\/catalogo\\\/wp-content\\\/uploads\\\/2024\\\/07\\\/webp_manualdelcavernicola_1795mm-compressed-scaled.jpg\",\"datePublished\":\"2024-07-17T13:01:45+00:00\",\"breadcrumb\":{\"@id\":\"https:\\\/\\\/letrame.com\\\/catalogo\\\/producto\\\/manual-del-cavernicola-moderno-o-la-odisea-de-la-evolucion-humana\\\/#breadcrumb\"},\"inLanguage\":\"es\",\"potentialAction\":[{\"@type\":\"ReadAction\",\"target\":[\"https:\\\/\\\/letrame.com\\\/catalogo\\\/producto\\\/manual-del-cavernicola-moderno-o-la-odisea-de-la-evolucion-humana\\\/\"]}]},{\"@type\":\"ImageObject\",\"inLanguage\":\"es\",\"@id\":\"https:\\\/\\\/letrame.com\\\/catalogo\\\/producto\\\/manual-del-cavernicola-moderno-o-la-odisea-de-la-evolucion-humana\\\/#primaryimage\",\"url\":\"https:\\\/\\\/letrame.com\\\/catalogo\\\/wp-content\\\/uploads\\\/2024\\\/07\\\/webp_manualdelcavernicola_1795mm-compressed-scaled.jpg\",\"contentUrl\":\"https:\\\/\\\/letrame.com\\\/catalogo\\\/wp-content\\\/uploads\\\/2024\\\/07\\\/webp_manualdelcavernicola_1795mm-compressed-scaled.jpg\",\"width\":1746,\"height\":2560},{\"@type\":\"BreadcrumbList\",\"@id\":\"https:\\\/\\\/letrame.com\\\/catalogo\\\/producto\\\/manual-del-cavernicola-moderno-o-la-odisea-de-la-evolucion-humana\\\/#breadcrumb\",\"itemListElement\":[{\"@type\":\"ListItem\",\"position\":1,\"name\":\"Portada\",\"item\":\"https:\\\/\\\/letrame.com\\\/catalogo\\\/\"},{\"@type\":\"ListItem\",\"position\":2,\"name\":\"Cat\u00e1logo\",\"item\":\"https:\\\/\\\/letrame.com\\\/catalogo\\\/\"},{\"@type\":\"ListItem\",\"position\":3,\"name\":\"MANUAL DEL CAVERNI\u0301COLA MODERNO. O la odisea de la evolucio\u0301n humana\"}]},{\"@type\":\"WebSite\",\"@id\":\"https:\\\/\\\/letrame.com\\\/catalogo\\\/#website\",\"url\":\"https:\\\/\\\/letrame.com\\\/catalogo\\\/\",\"name\":\"Catalogo | Letrame Grupo Editorial\",\"description\":\"\",\"publisher\":{\"@id\":\"https:\\\/\\\/letrame.com\\\/catalogo\\\/#organization\"},\"potentialAction\":[{\"@type\":\"SearchAction\",\"target\":{\"@type\":\"EntryPoint\",\"urlTemplate\":\"https:\\\/\\\/letrame.com\\\/catalogo\\\/?s={search_term_string}\"},\"query-input\":{\"@type\":\"PropertyValueSpecification\",\"valueRequired\":true,\"valueName\":\"search_term_string\"}}],\"inLanguage\":\"es\"},{\"@type\":\"Organization\",\"@id\":\"https:\\\/\\\/letrame.com\\\/catalogo\\\/#organization\",\"name\":\"Catalogo | Letrame Grupo Editorial\",\"url\":\"https:\\\/\\\/letrame.com\\\/catalogo\\\/\",\"logo\":{\"@type\":\"ImageObject\",\"inLanguage\":\"es\",\"@id\":\"https:\\\/\\\/letrame.com\\\/catalogo\\\/#\\\/schema\\\/logo\\\/image\\\/\",\"url\":\"https:\\\/\\\/letrame.com\\\/catalogo\\\/wp-content\\\/uploads\\\/2024\\\/03\\\/logo2.webp\",\"contentUrl\":\"https:\\\/\\\/letrame.com\\\/catalogo\\\/wp-content\\\/uploads\\\/2024\\\/03\\\/logo2.webp\",\"width\":394,\"height\":128,\"caption\":\"Catalogo | Letrame Grupo Editorial\"},\"image\":{\"@id\":\"https:\\\/\\\/letrame.com\\\/catalogo\\\/#\\\/schema\\\/logo\\\/image\\\/\"}}]}<\/script>\n<!-- \/ Yoast SEO plugin. -->","yoast_head_json":{"title":"MANUAL DEL CAVERNI\u0301COLA MODERNO. O la odisea de la evolucio\u0301n humana - Catalogo | Letrame Grupo Editorial","robots":{"index":"index","follow":"follow","max-snippet":"max-snippet:-1","max-image-preview":"max-image-preview:large","max-video-preview":"max-video-preview:-1"},"canonical":"https:\/\/letrame.com\/catalogo\/producto\/manual-del-cavernicola-moderno-o-la-odisea-de-la-evolucion-humana\/","og_locale":"es_ES","og_type":"article","og_title":"MANUAL DEL CAVERNI\u0301COLA MODERNO. O la odisea de la evolucio\u0301n humana - Catalogo | Letrame Grupo Editorial","og_description":"ISBN: 978-84-1181-756-1 SINOPSIS Hace cuatro millones de a\u00f1os, nuestros antepasados ya hab\u00edan iniciado la gran aventura humana, la odisea que nos llevar\u00eda a conquistar el mundo. \u00bfC\u00f3mo ocurri\u00f3 esta gran transformaci\u00f3n desde aquellos primates primitivos hasta los confundidos homo sapiens que hoy corren a sus trabajos cada ma\u00f1ana?  Profundo, atrevido y desafiante, el Manual del Cavern\u00edcola Moderno es un ensayo antropol\u00f3gico, cuyo personaje central es el ser humano actual. Su prop\u00f3sito principal es que cada lector se conozca mejor a s\u00ed mismo, a trav\u00e9s de la comprensi\u00f3n de nuestra historia evolutiva. Para ello, se propone una hip\u00f3tesis factible de la evoluci\u00f3n humana, en la cual, cap\u00edtulo a cap\u00edtulo se va desplegando la odisea que llev\u00f3 a nuestros antepasados a enfrentar su supervivencia, haciendo surgir as\u00ed la especie humana, en todas sus dimensiones, virtudes y defectos.  Acomp\u00e1\u00f1enos a conocer c\u00f3mo y por qu\u00e9 nuestra especie tom\u00f3 su curso evolutivo por la v\u00eda social y cultural, c\u00f3mo se expandieron nuestra inteligencia y nuestra consciencia, cu\u00e1nto cambiaron nuestras caracter\u00edsticas psicol\u00f3gicas, la importancia de nuestra naturaleza humana, el rol del sexo en la formaci\u00f3n de la familia, el desarrollo individual de cada ser humano, la necesidad de la consciencia y de nuestro exquisito lenguaje, el nacimiento del h\u00e1bitat cultural en el cual vivimos, nuestra adaptaci\u00f3n social y cultural, el surgimiento de la moral, la \u00e9tica y la justicia, la econom\u00eda y la pol\u00edtica.  Adem\u00e1s, a la luz de la evoluci\u00f3n, conozca nuestras reflexiones acerca de las sociedades humanas, el sentido de la vida, los roles humanos, de c\u00f3mo surgi\u00f3 la necesidad de un Dios y la inesperada e inadvertida exteriorizaci\u00f3n del ser humano en el mundo cultural que habitamos. Todos estos temas contribuyen en forma eficaz al prop\u00f3sito del libro, el de conocernos y comprendernos mejor.","og_url":"https:\/\/letrame.com\/catalogo\/producto\/manual-del-cavernicola-moderno-o-la-odisea-de-la-evolucion-humana\/","og_site_name":"Catalogo | Letrame Grupo Editorial","og_image":[{"width":1746,"height":2560,"url":"https:\/\/letrame.com\/catalogo\/wp-content\/uploads\/2024\/07\/webp_manualdelcavernicola_1795mm-compressed-scaled.jpg","type":"image\/jpeg"}],"twitter_card":"summary_large_image","twitter_misc":{"Tiempo de lectura":"2 minutos"},"schema":{"@context":"https:\/\/schema.org","@graph":[{"@type":"WebPage","@id":"https:\/\/letrame.com\/catalogo\/producto\/manual-del-cavernicola-moderno-o-la-odisea-de-la-evolucion-humana\/","url":"https:\/\/letrame.com\/catalogo\/producto\/manual-del-cavernicola-moderno-o-la-odisea-de-la-evolucion-humana\/","name":"MANUAL DEL CAVERNI\u0301COLA MODERNO. O la odisea de la evolucio\u0301n humana - Catalogo | Letrame Grupo Editorial","isPartOf":{"@id":"https:\/\/letrame.com\/catalogo\/#website"},"primaryImageOfPage":{"@id":"https:\/\/letrame.com\/catalogo\/producto\/manual-del-cavernicola-moderno-o-la-odisea-de-la-evolucion-humana\/#primaryimage"},"image":{"@id":"https:\/\/letrame.com\/catalogo\/producto\/manual-del-cavernicola-moderno-o-la-odisea-de-la-evolucion-humana\/#primaryimage"},"thumbnailUrl":"https:\/\/letrame.com\/catalogo\/wp-content\/uploads\/2024\/07\/webp_manualdelcavernicola_1795mm-compressed-scaled.jpg","datePublished":"2024-07-17T13:01:45+00:00","breadcrumb":{"@id":"https:\/\/letrame.com\/catalogo\/producto\/manual-del-cavernicola-moderno-o-la-odisea-de-la-evolucion-humana\/#breadcrumb"},"inLanguage":"es","potentialAction":[{"@type":"ReadAction","target":["https:\/\/letrame.com\/catalogo\/producto\/manual-del-cavernicola-moderno-o-la-odisea-de-la-evolucion-humana\/"]}]},{"@type":"ImageObject","inLanguage":"es","@id":"https:\/\/letrame.com\/catalogo\/producto\/manual-del-cavernicola-moderno-o-la-odisea-de-la-evolucion-humana\/#primaryimage","url":"https:\/\/letrame.com\/catalogo\/wp-content\/uploads\/2024\/07\/webp_manualdelcavernicola_1795mm-compressed-scaled.jpg","contentUrl":"https:\/\/letrame.com\/catalogo\/wp-content\/uploads\/2024\/07\/webp_manualdelcavernicola_1795mm-compressed-scaled.jpg","width":1746,"height":2560},{"@type":"BreadcrumbList","@id":"https:\/\/letrame.com\/catalogo\/producto\/manual-del-cavernicola-moderno-o-la-odisea-de-la-evolucion-humana\/#breadcrumb","itemListElement":[{"@type":"ListItem","position":1,"name":"Portada","item":"https:\/\/letrame.com\/catalogo\/"},{"@type":"ListItem","position":2,"name":"Cat\u00e1logo","item":"https:\/\/letrame.com\/catalogo\/"},{"@type":"ListItem","position":3,"name":"MANUAL DEL CAVERNI\u0301COLA MODERNO. O la odisea de la evolucio\u0301n humana"}]},{"@type":"WebSite","@id":"https:\/\/letrame.com\/catalogo\/#website","url":"https:\/\/letrame.com\/catalogo\/","name":"Catalogo | Letrame Grupo Editorial","description":"","publisher":{"@id":"https:\/\/letrame.com\/catalogo\/#organization"},"potentialAction":[{"@type":"SearchAction","target":{"@type":"EntryPoint","urlTemplate":"https:\/\/letrame.com\/catalogo\/?s={search_term_string}"},"query-input":{"@type":"PropertyValueSpecification","valueRequired":true,"valueName":"search_term_string"}}],"inLanguage":"es"},{"@type":"Organization","@id":"https:\/\/letrame.com\/catalogo\/#organization","name":"Catalogo | Letrame Grupo Editorial","url":"https:\/\/letrame.com\/catalogo\/","logo":{"@type":"ImageObject","inLanguage":"es","@id":"https:\/\/letrame.com\/catalogo\/#\/schema\/logo\/image\/","url":"https:\/\/letrame.com\/catalogo\/wp-content\/uploads\/2024\/03\/logo2.webp","contentUrl":"https:\/\/letrame.com\/catalogo\/wp-content\/uploads\/2024\/03\/logo2.webp","width":394,"height":128,"caption":"Catalogo | Letrame Grupo Editorial"},"image":{"@id":"https:\/\/letrame.com\/catalogo\/#\/schema\/logo\/image\/"}}]}},"_links":{"self":[{"href":"https:\/\/letrame.com\/catalogo\/wp-json\/wp\/v2\/product\/102090","targetHints":{"allow":["GET"]}}],"collection":[{"href":"https:\/\/letrame.com\/catalogo\/wp-json\/wp\/v2\/product"}],"about":[{"href":"https:\/\/letrame.com\/catalogo\/wp-json\/wp\/v2\/types\/product"}],"replies":[{"embeddable":true,"href":"https:\/\/letrame.com\/catalogo\/wp-json\/wp\/v2\/comments?post=102090"}],"acf:post":[{"embeddable":true,"href":"https:\/\/letrame.com\/catalogo\/wp-json\/wp\/v2\/author_book\/102092"}],"wp:featuredmedia":[{"embeddable":true,"href":"https:\/\/letrame.com\/catalogo\/wp-json\/wp\/v2\/media\/102099"}],"wp:attachment":[{"href":"https:\/\/letrame.com\/catalogo\/wp-json\/wp\/v2\/media?parent=102090"}],"wp:term":[{"taxonomy":"libro","embeddable":true,"href":"https:\/\/letrame.com\/catalogo\/wp-json\/wp\/v2\/libro?post=102090"},{"taxonomy":"product_brand","embeddable":true,"href":"https:\/\/letrame.com\/catalogo\/wp-json\/wp\/v2\/product_brand?post=102090"},{"taxonomy":"product_cat","embeddable":true,"href":"https:\/\/letrame.com\/catalogo\/wp-json\/wp\/v2\/product_cat?post=102090"},{"taxonomy":"product_tag","embeddable":true,"href":"https:\/\/letrame.com\/catalogo\/wp-json\/wp\/v2\/product_tag?post=102090"}],"curies":[{"name":"wp","href":"https:\/\/api.w.org\/{rel}","templated":true}]}}