{"id":102057,"date":"2024-07-17T14:05:09","date_gmt":"2024-07-17T12:05:09","guid":{"rendered":"https:\/\/letrame.com\/catalogo\/?post_type=product&#038;p=102057"},"modified":"2024-07-17T14:05:09","modified_gmt":"2024-07-17T12:05:09","slug":"blue-moon-un-cherokee-del-pirineu","status":"publish","type":"product","link":"https:\/\/letrame.com\/catalogo\/producto\/blue-moon-un-cherokee-del-pirineu\/","title":{"rendered":"Blue Moon &#038; un cherokee del Pirineu"},"content":{"rendered":"<p class=\"p1\">ISBN: 978-84-1181-625-0<\/p>\n<p class=\"p1\">T\u00edtulo: Blue Moon &amp; un cherokee del Pirineu<\/p>\n<p class=\"p1\">Fecha: 2023<\/p>\n<p class=\"p1\">P\u00e1ginas: 366<\/p>\n<p class=\"p1\">SINOPSIS<\/p>\n<p>La realitat i la ficci\u00f3 ens acompanyant en aquesta novel\u00b7la. Amb la seva lectura podreu gaudir d\u2019un viatge al voltant de mig m\u00f3n, acompanyant en LLuc Ribatell un jove del Pirineu que buscant-se les garrofes es troba embolicat en un grapat d\u2019aventures inesperades.<\/p>\n<p>El protagonista d\u2019aquesta historia \u00e9s un noi que sense medis econ\u00f2mics i amb escassa preparaci\u00f3 cultural i professional s\u2019agafa a la roda de la vida i apr\u00e8n a surar per les aig\u00fces t\u00e8rboles del m\u00f3n amb ast\u00facia i decisi\u00f3.<\/p>\n<p>A l\u2019Orient Mitja es veu embolicat en un tema religi\u00f3s que se li complica en un fet d\u2019armes i te que fugir dels circuits normals per on transcorre la vida de tothom, cercat per terrorista i per suposadament haver insultat l\u2019Islam. En la seva fugida travessa l\u2019\u00c0frica i navega per tres Oceans enrolat com mec\u00e0nic naval en tres petrolers, la casualitat i l\u2019ast\u00facia fan que a Sud Americ\u00e0 faci fortuna en poc temps.<\/p>\n<p>Continua la seva fugida fins als EE.UU. on es topa amb un hurac\u00e0\u00a0 que li deixa anar un llamp de record. Arreplegat per un fam\u00edlia de la Cherokee Nation \u00a0d\u2019Oklahoma coneix una tal Blue Moon nativa americana, que li canvia la vida per sempre en ser el seu esperit coincident All\u00e0 \u00e9s don comte de lo petit i rodo que \u00e9s el nostre m\u00f3n.<\/p>\n","protected":false},"excerpt":{"rendered":"<p class=\"p1\">ISBN: 978-84-1181-625-0<\/p>\n<p class=\"p1\">SINOPSIS<\/p>\n<p>La realitat i la ficci\u00f3 ens acompanyant en aquesta novel\u00b7la. Amb la seva lectura podreu gaudir d\u2019un viatge al voltant de mig m\u00f3n, acompanyant en LLuc Ribatell un jove del Pirineu que buscant-se les garrofes es troba embolicat en un grapat d\u2019aventures inesperades.<\/p>\n<p>El protagonista d\u2019aquesta historia \u00e9s un noi que sense medis econ\u00f2mics i amb escassa preparaci\u00f3 cultural i professional s\u2019agafa a la roda de la vida i apr\u00e8n a surar per les aig\u00fces t\u00e8rboles del m\u00f3n amb ast\u00facia i decisi\u00f3.<\/p>\n<p>A l\u2019Orient Mitja es veu embolicat en un tema religi\u00f3s que se li complica en un fet d\u2019armes i te que fugir dels circuits normals per on transcorre la vida de tothom, cercat per terrorista i per suposadament haver insultat l\u2019Islam. En la seva fugida travessa l\u2019\u00c0frica i navega per tres Oceans enrolat com mec\u00e0nic naval en tres petrolers, la casualitat i l\u2019ast\u00facia fan que a Sud Americ\u00e0 faci fortuna en poc temps.<\/p>\n<p>Continua la seva fugida fins als EE.UU. on es topa amb un hurac\u00e0\u00a0 que li deixa anar un llamp de record. Arreplegat per un fam\u00edlia de la Cherokee Nation \u00a0d\u2019Oklahoma coneix una tal Blue Moon nativa americana, que li canvia la vida per sempre en ser el seu esperit coincident All\u00e0 \u00e9s don comte de lo petit i rodo que \u00e9s el nostre m\u00f3n.<\/p>\n","protected":false},"featured_media":102066,"comment_status":"open","ping_status":"closed","template":"","meta":{"_acf_changed":false},"libro":[],"product_brand":[],"product_cat":[16],"product_tag":[],"class_list":{"0":"post-102057","1":"product","2":"type-product","3":"status-publish","4":"has-post-thumbnail","6":"product_cat-novela","8":"first","9":"instock","10":"shipping-taxable","11":"product-type-simple"},"acf":{"autor":[102059],"enlace_de_compra":"https:\/\/amzn.to\/3S7VH6E"},"yoast_head":"<!-- This site is optimized with the Yoast SEO plugin v27.4 - https:\/\/yoast.com\/product\/yoast-seo-wordpress\/ -->\n<title>Blue Moon &amp; un cherokee del Pirineu - Catalogo | Letrame Grupo Editorial<\/title>\n<meta name=\"robots\" content=\"index, follow, max-snippet:-1, max-image-preview:large, max-video-preview:-1\" \/>\n<link rel=\"canonical\" href=\"https:\/\/letrame.com\/catalogo\/producto\/blue-moon-un-cherokee-del-pirineu\/\" \/>\n<meta property=\"og:locale\" content=\"es_ES\" \/>\n<meta property=\"og:type\" content=\"article\" \/>\n<meta property=\"og:title\" content=\"Blue Moon &amp; un cherokee del Pirineu - Catalogo | Letrame Grupo Editorial\" \/>\n<meta property=\"og:description\" content=\"ISBN: 978-84-1181-625-0 SINOPSIS La realitat i la ficci\u00f3 ens acompanyant en aquesta novel\u00b7la. Amb la seva lectura podreu gaudir d\u2019un viatge al voltant de mig m\u00f3n, acompanyant en LLuc Ribatell un jove del Pirineu que buscant-se les garrofes es troba embolicat en un grapat d\u2019aventures inesperades.  El protagonista d\u2019aquesta historia \u00e9s un noi que sense medis econ\u00f2mics i amb escassa preparaci\u00f3 cultural i professional s\u2019agafa a la roda de la vida i apr\u00e8n a surar per les aig\u00fces t\u00e8rboles del m\u00f3n amb ast\u00facia i decisi\u00f3.  A l\u2019Orient Mitja es veu embolicat en un tema religi\u00f3s que se li complica en un fet d\u2019armes i te que fugir dels circuits normals per on transcorre la vida de tothom, cercat per terrorista i per suposadament haver insultat l\u2019Islam. En la seva fugida travessa l\u2019\u00c0frica i navega per tres Oceans enrolat com mec\u00e0nic naval en tres petrolers, la casualitat i l\u2019ast\u00facia fan que a Sud Americ\u00e0 faci fortuna en poc temps.  Continua la seva fugida fins als EE.UU. on es topa amb un hurac\u00e0\u00a0 que li deixa anar un llamp de record. Arreplegat per un fam\u00edlia de la Cherokee Nation \u00a0d\u2019Oklahoma coneix una tal Blue Moon nativa americana, que li canvia la vida per sempre en ser el seu esperit coincident All\u00e0 \u00e9s don comte de lo petit i rodo que \u00e9s el nostre m\u00f3n.\" \/>\n<meta property=\"og:url\" content=\"https:\/\/letrame.com\/catalogo\/producto\/blue-moon-un-cherokee-del-pirineu\/\" \/>\n<meta property=\"og:site_name\" content=\"Catalogo | Letrame Grupo Editorial\" \/>\n<meta property=\"og:image\" content=\"https:\/\/letrame.com\/catalogo\/wp-content\/uploads\/2024\/07\/webp_bluemoon_1795mm-compressed-scaled.jpg\" \/>\n\t<meta property=\"og:image:width\" content=\"1746\" \/>\n\t<meta property=\"og:image:height\" content=\"2560\" \/>\n\t<meta property=\"og:image:type\" content=\"image\/jpeg\" \/>\n<meta name=\"twitter:card\" content=\"summary_large_image\" \/>\n<meta name=\"twitter:label1\" content=\"Tiempo de lectura\" \/>\n\t<meta name=\"twitter:data1\" content=\"2 minutos\" \/>\n<script type=\"application\/ld+json\" class=\"yoast-schema-graph\">{\"@context\":\"https:\\\/\\\/schema.org\",\"@graph\":[{\"@type\":\"WebPage\",\"@id\":\"https:\\\/\\\/letrame.com\\\/catalogo\\\/producto\\\/blue-moon-un-cherokee-del-pirineu\\\/\",\"url\":\"https:\\\/\\\/letrame.com\\\/catalogo\\\/producto\\\/blue-moon-un-cherokee-del-pirineu\\\/\",\"name\":\"Blue Moon & un cherokee del Pirineu - Catalogo | Letrame Grupo Editorial\",\"isPartOf\":{\"@id\":\"https:\\\/\\\/letrame.com\\\/catalogo\\\/#website\"},\"primaryImageOfPage\":{\"@id\":\"https:\\\/\\\/letrame.com\\\/catalogo\\\/producto\\\/blue-moon-un-cherokee-del-pirineu\\\/#primaryimage\"},\"image\":{\"@id\":\"https:\\\/\\\/letrame.com\\\/catalogo\\\/producto\\\/blue-moon-un-cherokee-del-pirineu\\\/#primaryimage\"},\"thumbnailUrl\":\"https:\\\/\\\/letrame.com\\\/catalogo\\\/wp-content\\\/uploads\\\/2024\\\/07\\\/webp_bluemoon_1795mm-compressed-scaled.jpg\",\"datePublished\":\"2024-07-17T12:05:09+00:00\",\"breadcrumb\":{\"@id\":\"https:\\\/\\\/letrame.com\\\/catalogo\\\/producto\\\/blue-moon-un-cherokee-del-pirineu\\\/#breadcrumb\"},\"inLanguage\":\"es\",\"potentialAction\":[{\"@type\":\"ReadAction\",\"target\":[\"https:\\\/\\\/letrame.com\\\/catalogo\\\/producto\\\/blue-moon-un-cherokee-del-pirineu\\\/\"]}]},{\"@type\":\"ImageObject\",\"inLanguage\":\"es\",\"@id\":\"https:\\\/\\\/letrame.com\\\/catalogo\\\/producto\\\/blue-moon-un-cherokee-del-pirineu\\\/#primaryimage\",\"url\":\"https:\\\/\\\/letrame.com\\\/catalogo\\\/wp-content\\\/uploads\\\/2024\\\/07\\\/webp_bluemoon_1795mm-compressed-scaled.jpg\",\"contentUrl\":\"https:\\\/\\\/letrame.com\\\/catalogo\\\/wp-content\\\/uploads\\\/2024\\\/07\\\/webp_bluemoon_1795mm-compressed-scaled.jpg\",\"width\":1746,\"height\":2560},{\"@type\":\"BreadcrumbList\",\"@id\":\"https:\\\/\\\/letrame.com\\\/catalogo\\\/producto\\\/blue-moon-un-cherokee-del-pirineu\\\/#breadcrumb\",\"itemListElement\":[{\"@type\":\"ListItem\",\"position\":1,\"name\":\"Portada\",\"item\":\"https:\\\/\\\/letrame.com\\\/catalogo\\\/\"},{\"@type\":\"ListItem\",\"position\":2,\"name\":\"Cat\u00e1logo\",\"item\":\"https:\\\/\\\/letrame.com\\\/catalogo\\\/\"},{\"@type\":\"ListItem\",\"position\":3,\"name\":\"Blue Moon &#038; un cherokee del Pirineu\"}]},{\"@type\":\"WebSite\",\"@id\":\"https:\\\/\\\/letrame.com\\\/catalogo\\\/#website\",\"url\":\"https:\\\/\\\/letrame.com\\\/catalogo\\\/\",\"name\":\"Catalogo | Letrame Grupo Editorial\",\"description\":\"\",\"publisher\":{\"@id\":\"https:\\\/\\\/letrame.com\\\/catalogo\\\/#organization\"},\"potentialAction\":[{\"@type\":\"SearchAction\",\"target\":{\"@type\":\"EntryPoint\",\"urlTemplate\":\"https:\\\/\\\/letrame.com\\\/catalogo\\\/?s={search_term_string}\"},\"query-input\":{\"@type\":\"PropertyValueSpecification\",\"valueRequired\":true,\"valueName\":\"search_term_string\"}}],\"inLanguage\":\"es\"},{\"@type\":\"Organization\",\"@id\":\"https:\\\/\\\/letrame.com\\\/catalogo\\\/#organization\",\"name\":\"Catalogo | Letrame Grupo Editorial\",\"url\":\"https:\\\/\\\/letrame.com\\\/catalogo\\\/\",\"logo\":{\"@type\":\"ImageObject\",\"inLanguage\":\"es\",\"@id\":\"https:\\\/\\\/letrame.com\\\/catalogo\\\/#\\\/schema\\\/logo\\\/image\\\/\",\"url\":\"https:\\\/\\\/letrame.com\\\/catalogo\\\/wp-content\\\/uploads\\\/2024\\\/03\\\/logo2.webp\",\"contentUrl\":\"https:\\\/\\\/letrame.com\\\/catalogo\\\/wp-content\\\/uploads\\\/2024\\\/03\\\/logo2.webp\",\"width\":394,\"height\":128,\"caption\":\"Catalogo | Letrame Grupo Editorial\"},\"image\":{\"@id\":\"https:\\\/\\\/letrame.com\\\/catalogo\\\/#\\\/schema\\\/logo\\\/image\\\/\"}}]}<\/script>\n<!-- \/ Yoast SEO plugin. -->","yoast_head_json":{"title":"Blue Moon & un cherokee del Pirineu - Catalogo | Letrame Grupo Editorial","robots":{"index":"index","follow":"follow","max-snippet":"max-snippet:-1","max-image-preview":"max-image-preview:large","max-video-preview":"max-video-preview:-1"},"canonical":"https:\/\/letrame.com\/catalogo\/producto\/blue-moon-un-cherokee-del-pirineu\/","og_locale":"es_ES","og_type":"article","og_title":"Blue Moon & un cherokee del Pirineu - Catalogo | Letrame Grupo Editorial","og_description":"ISBN: 978-84-1181-625-0 SINOPSIS La realitat i la ficci\u00f3 ens acompanyant en aquesta novel\u00b7la. Amb la seva lectura podreu gaudir d\u2019un viatge al voltant de mig m\u00f3n, acompanyant en LLuc Ribatell un jove del Pirineu que buscant-se les garrofes es troba embolicat en un grapat d\u2019aventures inesperades.  El protagonista d\u2019aquesta historia \u00e9s un noi que sense medis econ\u00f2mics i amb escassa preparaci\u00f3 cultural i professional s\u2019agafa a la roda de la vida i apr\u00e8n a surar per les aig\u00fces t\u00e8rboles del m\u00f3n amb ast\u00facia i decisi\u00f3.  A l\u2019Orient Mitja es veu embolicat en un tema religi\u00f3s que se li complica en un fet d\u2019armes i te que fugir dels circuits normals per on transcorre la vida de tothom, cercat per terrorista i per suposadament haver insultat l\u2019Islam. En la seva fugida travessa l\u2019\u00c0frica i navega per tres Oceans enrolat com mec\u00e0nic naval en tres petrolers, la casualitat i l\u2019ast\u00facia fan que a Sud Americ\u00e0 faci fortuna en poc temps.  Continua la seva fugida fins als EE.UU. on es topa amb un hurac\u00e0\u00a0 que li deixa anar un llamp de record. Arreplegat per un fam\u00edlia de la Cherokee Nation \u00a0d\u2019Oklahoma coneix una tal Blue Moon nativa americana, que li canvia la vida per sempre en ser el seu esperit coincident All\u00e0 \u00e9s don comte de lo petit i rodo que \u00e9s el nostre m\u00f3n.","og_url":"https:\/\/letrame.com\/catalogo\/producto\/blue-moon-un-cherokee-del-pirineu\/","og_site_name":"Catalogo | Letrame Grupo Editorial","og_image":[{"width":1746,"height":2560,"url":"https:\/\/letrame.com\/catalogo\/wp-content\/uploads\/2024\/07\/webp_bluemoon_1795mm-compressed-scaled.jpg","type":"image\/jpeg"}],"twitter_card":"summary_large_image","twitter_misc":{"Tiempo de lectura":"2 minutos"},"schema":{"@context":"https:\/\/schema.org","@graph":[{"@type":"WebPage","@id":"https:\/\/letrame.com\/catalogo\/producto\/blue-moon-un-cherokee-del-pirineu\/","url":"https:\/\/letrame.com\/catalogo\/producto\/blue-moon-un-cherokee-del-pirineu\/","name":"Blue Moon & un cherokee del Pirineu - Catalogo | Letrame Grupo Editorial","isPartOf":{"@id":"https:\/\/letrame.com\/catalogo\/#website"},"primaryImageOfPage":{"@id":"https:\/\/letrame.com\/catalogo\/producto\/blue-moon-un-cherokee-del-pirineu\/#primaryimage"},"image":{"@id":"https:\/\/letrame.com\/catalogo\/producto\/blue-moon-un-cherokee-del-pirineu\/#primaryimage"},"thumbnailUrl":"https:\/\/letrame.com\/catalogo\/wp-content\/uploads\/2024\/07\/webp_bluemoon_1795mm-compressed-scaled.jpg","datePublished":"2024-07-17T12:05:09+00:00","breadcrumb":{"@id":"https:\/\/letrame.com\/catalogo\/producto\/blue-moon-un-cherokee-del-pirineu\/#breadcrumb"},"inLanguage":"es","potentialAction":[{"@type":"ReadAction","target":["https:\/\/letrame.com\/catalogo\/producto\/blue-moon-un-cherokee-del-pirineu\/"]}]},{"@type":"ImageObject","inLanguage":"es","@id":"https:\/\/letrame.com\/catalogo\/producto\/blue-moon-un-cherokee-del-pirineu\/#primaryimage","url":"https:\/\/letrame.com\/catalogo\/wp-content\/uploads\/2024\/07\/webp_bluemoon_1795mm-compressed-scaled.jpg","contentUrl":"https:\/\/letrame.com\/catalogo\/wp-content\/uploads\/2024\/07\/webp_bluemoon_1795mm-compressed-scaled.jpg","width":1746,"height":2560},{"@type":"BreadcrumbList","@id":"https:\/\/letrame.com\/catalogo\/producto\/blue-moon-un-cherokee-del-pirineu\/#breadcrumb","itemListElement":[{"@type":"ListItem","position":1,"name":"Portada","item":"https:\/\/letrame.com\/catalogo\/"},{"@type":"ListItem","position":2,"name":"Cat\u00e1logo","item":"https:\/\/letrame.com\/catalogo\/"},{"@type":"ListItem","position":3,"name":"Blue Moon &#038; un cherokee del Pirineu"}]},{"@type":"WebSite","@id":"https:\/\/letrame.com\/catalogo\/#website","url":"https:\/\/letrame.com\/catalogo\/","name":"Catalogo | Letrame Grupo Editorial","description":"","publisher":{"@id":"https:\/\/letrame.com\/catalogo\/#organization"},"potentialAction":[{"@type":"SearchAction","target":{"@type":"EntryPoint","urlTemplate":"https:\/\/letrame.com\/catalogo\/?s={search_term_string}"},"query-input":{"@type":"PropertyValueSpecification","valueRequired":true,"valueName":"search_term_string"}}],"inLanguage":"es"},{"@type":"Organization","@id":"https:\/\/letrame.com\/catalogo\/#organization","name":"Catalogo | Letrame Grupo Editorial","url":"https:\/\/letrame.com\/catalogo\/","logo":{"@type":"ImageObject","inLanguage":"es","@id":"https:\/\/letrame.com\/catalogo\/#\/schema\/logo\/image\/","url":"https:\/\/letrame.com\/catalogo\/wp-content\/uploads\/2024\/03\/logo2.webp","contentUrl":"https:\/\/letrame.com\/catalogo\/wp-content\/uploads\/2024\/03\/logo2.webp","width":394,"height":128,"caption":"Catalogo | Letrame Grupo Editorial"},"image":{"@id":"https:\/\/letrame.com\/catalogo\/#\/schema\/logo\/image\/"}}]}},"_links":{"self":[{"href":"https:\/\/letrame.com\/catalogo\/wp-json\/wp\/v2\/product\/102057","targetHints":{"allow":["GET"]}}],"collection":[{"href":"https:\/\/letrame.com\/catalogo\/wp-json\/wp\/v2\/product"}],"about":[{"href":"https:\/\/letrame.com\/catalogo\/wp-json\/wp\/v2\/types\/product"}],"replies":[{"embeddable":true,"href":"https:\/\/letrame.com\/catalogo\/wp-json\/wp\/v2\/comments?post=102057"}],"acf:post":[{"embeddable":true,"href":"https:\/\/letrame.com\/catalogo\/wp-json\/wp\/v2\/author_book\/102059"}],"wp:featuredmedia":[{"embeddable":true,"href":"https:\/\/letrame.com\/catalogo\/wp-json\/wp\/v2\/media\/102066"}],"wp:attachment":[{"href":"https:\/\/letrame.com\/catalogo\/wp-json\/wp\/v2\/media?parent=102057"}],"wp:term":[{"taxonomy":"libro","embeddable":true,"href":"https:\/\/letrame.com\/catalogo\/wp-json\/wp\/v2\/libro?post=102057"},{"taxonomy":"product_brand","embeddable":true,"href":"https:\/\/letrame.com\/catalogo\/wp-json\/wp\/v2\/product_brand?post=102057"},{"taxonomy":"product_cat","embeddable":true,"href":"https:\/\/letrame.com\/catalogo\/wp-json\/wp\/v2\/product_cat?post=102057"},{"taxonomy":"product_tag","embeddable":true,"href":"https:\/\/letrame.com\/catalogo\/wp-json\/wp\/v2\/product_tag?post=102057"}],"curies":[{"name":"wp","href":"https:\/\/api.w.org\/{rel}","templated":true}]}}