{"id":101981,"date":"2024-07-17T13:27:27","date_gmt":"2024-07-17T11:27:27","guid":{"rendered":"https:\/\/letrame.com\/catalogo\/?post_type=product&#038;p=101981"},"modified":"2024-07-23T10:38:22","modified_gmt":"2024-07-23T08:38:22","slug":"almas-en-vuelo-relatos-de-amor-superacion-y-autodescubrimiento","status":"publish","type":"product","link":"https:\/\/letrame.com\/catalogo\/producto\/almas-en-vuelo-relatos-de-amor-superacion-y-autodescubrimiento\/","title":{"rendered":"Almas en vuelo. Relatos de amor, superacio\u0301n y autodescubrimiento."},"content":{"rendered":"<p class=\"p1\">ISBN: 978-84-1181-642-7<\/p>\n<p class=\"p1\">T\u00edtulo: Almas en vuelo. Relatos de amor, superacio\u0301n y autodescubrimiento.<\/p>\n<p class=\"p1\">Fecha: 2023<\/p>\n<p class=\"p1\">P\u00e1ginas: 132<\/p>\n<p class=\"p1\">SINOPSIS<\/p>\n<p>\u00bfQu\u00e9 es el amor? \u00bfCu\u00e1ntas formas puede adquirir? \u00bfCu\u00e1l es su l\u00edmite? Estas son algunas de las preguntas que <em>Almas en vuelo<\/em> responde. A partir de once relatos cortos, la autora nos hace reflexionar sobre todas estas cuestiones y nos lleva de la mano hacia una compresi\u00f3n m\u00e1s amplia, profunda y espiritual de lo que es el amor. Pero no desde una perspectiva exclusivamente rom\u00e1ntica, sino desde la idea de que este sentimiento va m\u00e1s all\u00e1 de la relaci\u00f3n de pareja y cubre todos los aspectos de nuestras vidas, desde las relaciones sociales de todo tipo (familia, amigos) hasta las pasiones personales, pasando por el amor propio como pilar vital imprescindible.<\/p>\n<p><em>Almas en vuelo<\/em> nos recuerda que el amor es el hilo que teje el tapiz de nuestras vidas, y que, en su esencia m\u00e1s pura, es la fuerza que nos conecta a todos en un abrazo universal de comprensi\u00f3n y empat\u00eda.<\/p>\n","protected":false},"excerpt":{"rendered":"<p class=\"p1\">ISBN: 978-84-1181-642-7<\/p>\n<p class=\"p1\">SINOPSIS<\/p>\n<p>\u00bfQu\u00e9 es el amor? \u00bfCu\u00e1ntas formas puede adquirir? \u00bfCu\u00e1l es su l\u00edmite? Estas son algunas de las preguntas que <em>Almas en vuelo<\/em> responde. A partir de once relatos cortos, la autora nos hace reflexionar sobre todas estas cuestiones y nos lleva de la mano hacia una compresi\u00f3n m\u00e1s amplia, profunda y espiritual de lo que es el amor. Pero no desde una perspectiva exclusivamente rom\u00e1ntica, sino desde la idea de que este sentimiento va m\u00e1s all\u00e1 de la relaci\u00f3n de pareja y cubre todos los aspectos de nuestras vidas, desde las relaciones sociales de todo tipo (familia, amigos) hasta las pasiones personales, pasando por el amor propio como pilar vital imprescindible.<\/p>\n<p><em>Almas en vuelo<\/em> nos recuerda que el amor es el hilo que teje el tapiz de nuestras vidas, y que, en su esencia m\u00e1s pura, es la fuerza que nos conecta a todos en un abrazo universal de comprensi\u00f3n y empat\u00eda.<\/p>\n","protected":false},"featured_media":101994,"comment_status":"open","ping_status":"closed","template":"","meta":{"_acf_changed":false},"libro":[],"product_brand":[],"product_cat":[50],"product_tag":[],"class_list":{"0":"post-101981","1":"product","2":"type-product","3":"status-publish","4":"has-post-thumbnail","6":"product_cat-novela-romantica","8":"first","9":"instock","10":"shipping-taxable","11":"product-type-simple"},"acf":{"autor":[101326],"enlace_de_compra":"https:\/\/amzn.to\/3zNDaX6"},"yoast_head":"<!-- This site is optimized with the Yoast SEO plugin v27.4 - https:\/\/yoast.com\/product\/yoast-seo-wordpress\/ -->\n<title>Almas en vuelo. Relatos de amor, superacio\u0301n y autodescubrimiento. - Catalogo | Letrame Grupo Editorial<\/title>\n<meta name=\"robots\" content=\"index, follow, max-snippet:-1, max-image-preview:large, max-video-preview:-1\" \/>\n<link rel=\"canonical\" href=\"https:\/\/letrame.com\/catalogo\/producto\/almas-en-vuelo-relatos-de-amor-superacion-y-autodescubrimiento\/\" \/>\n<meta property=\"og:locale\" content=\"es_ES\" \/>\n<meta property=\"og:type\" content=\"article\" \/>\n<meta property=\"og:title\" content=\"Almas en vuelo. Relatos de amor, superacio\u0301n y autodescubrimiento. - Catalogo | Letrame Grupo Editorial\" \/>\n<meta property=\"og:description\" content=\"ISBN: 978-84-1181-642-7 SINOPSIS \u00bfQu\u00e9 es el amor? \u00bfCu\u00e1ntas formas puede adquirir? \u00bfCu\u00e1l es su l\u00edmite? Estas son algunas de las preguntas que Almas en vuelo responde. A partir de once relatos cortos, la autora nos hace reflexionar sobre todas estas cuestiones y nos lleva de la mano hacia una compresi\u00f3n m\u00e1s amplia, profunda y espiritual de lo que es el amor. Pero no desde una perspectiva exclusivamente rom\u00e1ntica, sino desde la idea de que este sentimiento va m\u00e1s all\u00e1 de la relaci\u00f3n de pareja y cubre todos los aspectos de nuestras vidas, desde las relaciones sociales de todo tipo (familia, amigos) hasta las pasiones personales, pasando por el amor propio como pilar vital imprescindible.  Almas en vuelo nos recuerda que el amor es el hilo que teje el tapiz de nuestras vidas, y que, en su esencia m\u00e1s pura, es la fuerza que nos conecta a todos en un abrazo universal de comprensi\u00f3n y empat\u00eda.\" \/>\n<meta property=\"og:url\" content=\"https:\/\/letrame.com\/catalogo\/producto\/almas-en-vuelo-relatos-de-amor-superacion-y-autodescubrimiento\/\" \/>\n<meta property=\"og:site_name\" content=\"Catalogo | Letrame Grupo Editorial\" \/>\n<meta property=\"article:modified_time\" content=\"2024-07-23T08:38:22+00:00\" \/>\n<meta property=\"og:image\" content=\"https:\/\/letrame.com\/catalogo\/wp-content\/uploads\/2024\/07\/webportada_almasenvuelo_793mm-compressed.jpg\" \/>\n\t<meta property=\"og:image:width\" content=\"1772\" \/>\n\t<meta property=\"og:image:height\" content=\"2480\" \/>\n\t<meta property=\"og:image:type\" content=\"image\/jpeg\" \/>\n<meta name=\"twitter:card\" content=\"summary_large_image\" \/>\n<meta name=\"twitter:label1\" content=\"Tiempo de lectura\" \/>\n\t<meta name=\"twitter:data1\" content=\"1 minuto\" \/>\n<script type=\"application\/ld+json\" class=\"yoast-schema-graph\">{\"@context\":\"https:\\\/\\\/schema.org\",\"@graph\":[{\"@type\":\"WebPage\",\"@id\":\"https:\\\/\\\/letrame.com\\\/catalogo\\\/producto\\\/almas-en-vuelo-relatos-de-amor-superacion-y-autodescubrimiento\\\/\",\"url\":\"https:\\\/\\\/letrame.com\\\/catalogo\\\/producto\\\/almas-en-vuelo-relatos-de-amor-superacion-y-autodescubrimiento\\\/\",\"name\":\"Almas en vuelo. Relatos de amor, superacio\u0301n y autodescubrimiento. - Catalogo | Letrame Grupo Editorial\",\"isPartOf\":{\"@id\":\"https:\\\/\\\/letrame.com\\\/catalogo\\\/#website\"},\"primaryImageOfPage\":{\"@id\":\"https:\\\/\\\/letrame.com\\\/catalogo\\\/producto\\\/almas-en-vuelo-relatos-de-amor-superacion-y-autodescubrimiento\\\/#primaryimage\"},\"image\":{\"@id\":\"https:\\\/\\\/letrame.com\\\/catalogo\\\/producto\\\/almas-en-vuelo-relatos-de-amor-superacion-y-autodescubrimiento\\\/#primaryimage\"},\"thumbnailUrl\":\"https:\\\/\\\/letrame.com\\\/catalogo\\\/wp-content\\\/uploads\\\/2024\\\/07\\\/webportada_almasenvuelo_793mm-compressed.jpg\",\"datePublished\":\"2024-07-17T11:27:27+00:00\",\"dateModified\":\"2024-07-23T08:38:22+00:00\",\"breadcrumb\":{\"@id\":\"https:\\\/\\\/letrame.com\\\/catalogo\\\/producto\\\/almas-en-vuelo-relatos-de-amor-superacion-y-autodescubrimiento\\\/#breadcrumb\"},\"inLanguage\":\"es\",\"potentialAction\":[{\"@type\":\"ReadAction\",\"target\":[\"https:\\\/\\\/letrame.com\\\/catalogo\\\/producto\\\/almas-en-vuelo-relatos-de-amor-superacion-y-autodescubrimiento\\\/\"]}]},{\"@type\":\"ImageObject\",\"inLanguage\":\"es\",\"@id\":\"https:\\\/\\\/letrame.com\\\/catalogo\\\/producto\\\/almas-en-vuelo-relatos-de-amor-superacion-y-autodescubrimiento\\\/#primaryimage\",\"url\":\"https:\\\/\\\/letrame.com\\\/catalogo\\\/wp-content\\\/uploads\\\/2024\\\/07\\\/webportada_almasenvuelo_793mm-compressed.jpg\",\"contentUrl\":\"https:\\\/\\\/letrame.com\\\/catalogo\\\/wp-content\\\/uploads\\\/2024\\\/07\\\/webportada_almasenvuelo_793mm-compressed.jpg\",\"width\":1772,\"height\":2480},{\"@type\":\"BreadcrumbList\",\"@id\":\"https:\\\/\\\/letrame.com\\\/catalogo\\\/producto\\\/almas-en-vuelo-relatos-de-amor-superacion-y-autodescubrimiento\\\/#breadcrumb\",\"itemListElement\":[{\"@type\":\"ListItem\",\"position\":1,\"name\":\"Portada\",\"item\":\"https:\\\/\\\/letrame.com\\\/catalogo\\\/\"},{\"@type\":\"ListItem\",\"position\":2,\"name\":\"Cat\u00e1logo\",\"item\":\"https:\\\/\\\/letrame.com\\\/catalogo\\\/\"},{\"@type\":\"ListItem\",\"position\":3,\"name\":\"Almas en vuelo. Relatos de amor, superacio\u0301n y autodescubrimiento.\"}]},{\"@type\":\"WebSite\",\"@id\":\"https:\\\/\\\/letrame.com\\\/catalogo\\\/#website\",\"url\":\"https:\\\/\\\/letrame.com\\\/catalogo\\\/\",\"name\":\"Catalogo | Letrame Grupo Editorial\",\"description\":\"\",\"publisher\":{\"@id\":\"https:\\\/\\\/letrame.com\\\/catalogo\\\/#organization\"},\"potentialAction\":[{\"@type\":\"SearchAction\",\"target\":{\"@type\":\"EntryPoint\",\"urlTemplate\":\"https:\\\/\\\/letrame.com\\\/catalogo\\\/?s={search_term_string}\"},\"query-input\":{\"@type\":\"PropertyValueSpecification\",\"valueRequired\":true,\"valueName\":\"search_term_string\"}}],\"inLanguage\":\"es\"},{\"@type\":\"Organization\",\"@id\":\"https:\\\/\\\/letrame.com\\\/catalogo\\\/#organization\",\"name\":\"Catalogo | Letrame Grupo Editorial\",\"url\":\"https:\\\/\\\/letrame.com\\\/catalogo\\\/\",\"logo\":{\"@type\":\"ImageObject\",\"inLanguage\":\"es\",\"@id\":\"https:\\\/\\\/letrame.com\\\/catalogo\\\/#\\\/schema\\\/logo\\\/image\\\/\",\"url\":\"https:\\\/\\\/letrame.com\\\/catalogo\\\/wp-content\\\/uploads\\\/2024\\\/03\\\/logo2.webp\",\"contentUrl\":\"https:\\\/\\\/letrame.com\\\/catalogo\\\/wp-content\\\/uploads\\\/2024\\\/03\\\/logo2.webp\",\"width\":394,\"height\":128,\"caption\":\"Catalogo | Letrame Grupo Editorial\"},\"image\":{\"@id\":\"https:\\\/\\\/letrame.com\\\/catalogo\\\/#\\\/schema\\\/logo\\\/image\\\/\"}}]}<\/script>\n<!-- \/ Yoast SEO plugin. -->","yoast_head_json":{"title":"Almas en vuelo. Relatos de amor, superacio\u0301n y autodescubrimiento. - Catalogo | Letrame Grupo Editorial","robots":{"index":"index","follow":"follow","max-snippet":"max-snippet:-1","max-image-preview":"max-image-preview:large","max-video-preview":"max-video-preview:-1"},"canonical":"https:\/\/letrame.com\/catalogo\/producto\/almas-en-vuelo-relatos-de-amor-superacion-y-autodescubrimiento\/","og_locale":"es_ES","og_type":"article","og_title":"Almas en vuelo. Relatos de amor, superacio\u0301n y autodescubrimiento. - Catalogo | Letrame Grupo Editorial","og_description":"ISBN: 978-84-1181-642-7 SINOPSIS \u00bfQu\u00e9 es el amor? \u00bfCu\u00e1ntas formas puede adquirir? \u00bfCu\u00e1l es su l\u00edmite? Estas son algunas de las preguntas que Almas en vuelo responde. A partir de once relatos cortos, la autora nos hace reflexionar sobre todas estas cuestiones y nos lleva de la mano hacia una compresi\u00f3n m\u00e1s amplia, profunda y espiritual de lo que es el amor. Pero no desde una perspectiva exclusivamente rom\u00e1ntica, sino desde la idea de que este sentimiento va m\u00e1s all\u00e1 de la relaci\u00f3n de pareja y cubre todos los aspectos de nuestras vidas, desde las relaciones sociales de todo tipo (familia, amigos) hasta las pasiones personales, pasando por el amor propio como pilar vital imprescindible.  Almas en vuelo nos recuerda que el amor es el hilo que teje el tapiz de nuestras vidas, y que, en su esencia m\u00e1s pura, es la fuerza que nos conecta a todos en un abrazo universal de comprensi\u00f3n y empat\u00eda.","og_url":"https:\/\/letrame.com\/catalogo\/producto\/almas-en-vuelo-relatos-de-amor-superacion-y-autodescubrimiento\/","og_site_name":"Catalogo | Letrame Grupo Editorial","article_modified_time":"2024-07-23T08:38:22+00:00","og_image":[{"width":1772,"height":2480,"url":"https:\/\/letrame.com\/catalogo\/wp-content\/uploads\/2024\/07\/webportada_almasenvuelo_793mm-compressed.jpg","type":"image\/jpeg"}],"twitter_card":"summary_large_image","twitter_misc":{"Tiempo de lectura":"1 minuto"},"schema":{"@context":"https:\/\/schema.org","@graph":[{"@type":"WebPage","@id":"https:\/\/letrame.com\/catalogo\/producto\/almas-en-vuelo-relatos-de-amor-superacion-y-autodescubrimiento\/","url":"https:\/\/letrame.com\/catalogo\/producto\/almas-en-vuelo-relatos-de-amor-superacion-y-autodescubrimiento\/","name":"Almas en vuelo. Relatos de amor, superacio\u0301n y autodescubrimiento. - Catalogo | Letrame Grupo Editorial","isPartOf":{"@id":"https:\/\/letrame.com\/catalogo\/#website"},"primaryImageOfPage":{"@id":"https:\/\/letrame.com\/catalogo\/producto\/almas-en-vuelo-relatos-de-amor-superacion-y-autodescubrimiento\/#primaryimage"},"image":{"@id":"https:\/\/letrame.com\/catalogo\/producto\/almas-en-vuelo-relatos-de-amor-superacion-y-autodescubrimiento\/#primaryimage"},"thumbnailUrl":"https:\/\/letrame.com\/catalogo\/wp-content\/uploads\/2024\/07\/webportada_almasenvuelo_793mm-compressed.jpg","datePublished":"2024-07-17T11:27:27+00:00","dateModified":"2024-07-23T08:38:22+00:00","breadcrumb":{"@id":"https:\/\/letrame.com\/catalogo\/producto\/almas-en-vuelo-relatos-de-amor-superacion-y-autodescubrimiento\/#breadcrumb"},"inLanguage":"es","potentialAction":[{"@type":"ReadAction","target":["https:\/\/letrame.com\/catalogo\/producto\/almas-en-vuelo-relatos-de-amor-superacion-y-autodescubrimiento\/"]}]},{"@type":"ImageObject","inLanguage":"es","@id":"https:\/\/letrame.com\/catalogo\/producto\/almas-en-vuelo-relatos-de-amor-superacion-y-autodescubrimiento\/#primaryimage","url":"https:\/\/letrame.com\/catalogo\/wp-content\/uploads\/2024\/07\/webportada_almasenvuelo_793mm-compressed.jpg","contentUrl":"https:\/\/letrame.com\/catalogo\/wp-content\/uploads\/2024\/07\/webportada_almasenvuelo_793mm-compressed.jpg","width":1772,"height":2480},{"@type":"BreadcrumbList","@id":"https:\/\/letrame.com\/catalogo\/producto\/almas-en-vuelo-relatos-de-amor-superacion-y-autodescubrimiento\/#breadcrumb","itemListElement":[{"@type":"ListItem","position":1,"name":"Portada","item":"https:\/\/letrame.com\/catalogo\/"},{"@type":"ListItem","position":2,"name":"Cat\u00e1logo","item":"https:\/\/letrame.com\/catalogo\/"},{"@type":"ListItem","position":3,"name":"Almas en vuelo. Relatos de amor, superacio\u0301n y autodescubrimiento."}]},{"@type":"WebSite","@id":"https:\/\/letrame.com\/catalogo\/#website","url":"https:\/\/letrame.com\/catalogo\/","name":"Catalogo | Letrame Grupo Editorial","description":"","publisher":{"@id":"https:\/\/letrame.com\/catalogo\/#organization"},"potentialAction":[{"@type":"SearchAction","target":{"@type":"EntryPoint","urlTemplate":"https:\/\/letrame.com\/catalogo\/?s={search_term_string}"},"query-input":{"@type":"PropertyValueSpecification","valueRequired":true,"valueName":"search_term_string"}}],"inLanguage":"es"},{"@type":"Organization","@id":"https:\/\/letrame.com\/catalogo\/#organization","name":"Catalogo | Letrame Grupo Editorial","url":"https:\/\/letrame.com\/catalogo\/","logo":{"@type":"ImageObject","inLanguage":"es","@id":"https:\/\/letrame.com\/catalogo\/#\/schema\/logo\/image\/","url":"https:\/\/letrame.com\/catalogo\/wp-content\/uploads\/2024\/03\/logo2.webp","contentUrl":"https:\/\/letrame.com\/catalogo\/wp-content\/uploads\/2024\/03\/logo2.webp","width":394,"height":128,"caption":"Catalogo | Letrame Grupo Editorial"},"image":{"@id":"https:\/\/letrame.com\/catalogo\/#\/schema\/logo\/image\/"}}]}},"_links":{"self":[{"href":"https:\/\/letrame.com\/catalogo\/wp-json\/wp\/v2\/product\/101981","targetHints":{"allow":["GET"]}}],"collection":[{"href":"https:\/\/letrame.com\/catalogo\/wp-json\/wp\/v2\/product"}],"about":[{"href":"https:\/\/letrame.com\/catalogo\/wp-json\/wp\/v2\/types\/product"}],"replies":[{"embeddable":true,"href":"https:\/\/letrame.com\/catalogo\/wp-json\/wp\/v2\/comments?post=101981"}],"acf:post":[{"embeddable":true,"href":"https:\/\/letrame.com\/catalogo\/wp-json\/wp\/v2\/author_book\/101326"}],"wp:featuredmedia":[{"embeddable":true,"href":"https:\/\/letrame.com\/catalogo\/wp-json\/wp\/v2\/media\/101994"}],"wp:attachment":[{"href":"https:\/\/letrame.com\/catalogo\/wp-json\/wp\/v2\/media?parent=101981"}],"wp:term":[{"taxonomy":"libro","embeddable":true,"href":"https:\/\/letrame.com\/catalogo\/wp-json\/wp\/v2\/libro?post=101981"},{"taxonomy":"product_brand","embeddable":true,"href":"https:\/\/letrame.com\/catalogo\/wp-json\/wp\/v2\/product_brand?post=101981"},{"taxonomy":"product_cat","embeddable":true,"href":"https:\/\/letrame.com\/catalogo\/wp-json\/wp\/v2\/product_cat?post=101981"},{"taxonomy":"product_tag","embeddable":true,"href":"https:\/\/letrame.com\/catalogo\/wp-json\/wp\/v2\/product_tag?post=101981"}],"curies":[{"name":"wp","href":"https:\/\/api.w.org\/{rel}","templated":true}]}}