{"id":101973,"date":"2024-07-17T13:13:06","date_gmt":"2024-07-17T11:13:06","guid":{"rendered":"https:\/\/letrame.com\/catalogo\/?post_type=product&#038;p=101973"},"modified":"2024-07-17T13:13:06","modified_gmt":"2024-07-17T11:13:06","slug":"la-guerra-del-orden-2","status":"publish","type":"product","link":"https:\/\/letrame.com\/catalogo\/producto\/la-guerra-del-orden-2\/","title":{"rendered":"LA GUERRA DEL ORDEN"},"content":{"rendered":"<p class=\"p1\">ISBN: 978-84-1181-671-7<\/p>\n<p class=\"p1\">T\u00edtulo: LA GUERRA DEL ORDEN<\/p>\n<p class=\"p1\">Fecha: 2023<\/p>\n<p class=\"p1\">P\u00e1ginas: 378<\/p>\n<p class=\"p1\">SINOPSIS<\/p>\n<p>Hiro y Lyan son unos j\u00f3venes hermanos, que viven junto a sus padres de origen campesino, en el pac\u00edfico y pr\u00f3spero Reino de Hordof. Hiro desea y sue\u00f1a despierto con salir al exterior, cosa que el mismo rey de dicha naci\u00f3n, les impide a todos sus habitantes por los peligros exteriores. Pero un d\u00eda eso cambiar\u00eda para siempre.<\/p>\n<p>Tras el ataque de un ej\u00e9rcito misterioso y salvaje, todo lo que conoc\u00edan y amaban desaparecer\u00eda. Nada ser\u00eda como antes, o al menos eso creer\u00edan al principio.<\/p>\n<p>Tras salir fuera de sus territorios, har\u00edan amigos nuevos, conocer\u00edan historias que nunca escucharon, descubrir\u00edan lugares y reinos asombrosos, contempl\u00e1ndolos con sus propios ojos. Pero no todo ser\u00eda de color de rosas.<\/p>\n<p>Terribles y atroces acontecimientos que ocurrieron en el pasado, les atormentar\u00edan sin ninguna piedad, poniendo al l\u00edmite su cordura, su moral y \u00e9tica, junto a inc\u00f3modas y constantes preguntas sobre sus identidades reales.<\/p>\n<p>A trav\u00e9s de este oscuro y siniestro camino, entender\u00edan c\u00f3mo funciona el mundo en el que viven. Y no podr\u00edan evitar al monstruo que muchos temen, y que de manera desesperada, intentan disuadirlo de todas las formas posibles. Este monstruo denominado como, la verdad.<\/p>\n","protected":false},"excerpt":{"rendered":"<p class=\"p1\">ISBN: 978-84-1181-671-7<\/p>\n<p class=\"p1\">SINOPSIS<\/p>\n<p>Hiro y Lyan son unos j\u00f3venes hermanos, que viven junto a sus padres de origen campesino, en el pac\u00edfico y pr\u00f3spero Reino de Hordof. Hiro desea y sue\u00f1a despierto con salir al exterior, cosa que el mismo rey de dicha naci\u00f3n, les impide a todos sus habitantes por los peligros exteriores. Pero un d\u00eda eso cambiar\u00eda para siempre.<\/p>\n<p>Tras el ataque de un ej\u00e9rcito misterioso y salvaje, todo lo que conoc\u00edan y amaban desaparecer\u00eda. Nada ser\u00eda como antes, o al menos eso creer\u00edan al principio.<\/p>\n<p>Tras salir fuera de sus territorios, har\u00edan amigos nuevos, conocer\u00edan historias que nunca escucharon, descubrir\u00edan lugares y reinos asombrosos, contempl\u00e1ndolos con sus propios ojos. Pero no todo ser\u00eda de color de rosas.<\/p>\n<p>Terribles y atroces acontecimientos que ocurrieron en el pasado, les atormentar\u00edan sin ninguna piedad, poniendo al l\u00edmite su cordura, su moral y \u00e9tica, junto a inc\u00f3modas y constantes preguntas sobre sus identidades reales.<\/p>\n<p>A trav\u00e9s de este oscuro y siniestro camino, entender\u00edan c\u00f3mo funciona el mundo en el que viven. Y no podr\u00edan evitar al monstruo que muchos temen, y que de manera desesperada, intentan disuadirlo de todas las formas posibles. Este monstruo denominado como, la verdad.<\/p>\n","protected":false},"featured_media":101977,"comment_status":"open","ping_status":"closed","template":"","meta":{"_acf_changed":false},"libro":[],"product_brand":[],"product_cat":[16],"product_tag":[],"class_list":{"0":"post-101973","1":"product","2":"type-product","3":"status-publish","4":"has-post-thumbnail","6":"product_cat-novela","8":"first","9":"instock","10":"shipping-taxable","11":"product-type-simple"},"acf":{"autor":[77912],"enlace_de_compra":"https:\/\/amzn.to\/4cOCa3t"},"yoast_head":"<!-- This site is optimized with the Yoast SEO plugin v26.6 - https:\/\/yoast.com\/wordpress\/plugins\/seo\/ -->\n<title>LA GUERRA DEL ORDEN - Catalogo | Letrame Grupo Editorial<\/title>\n<meta name=\"robots\" content=\"index, follow, max-snippet:-1, max-image-preview:large, max-video-preview:-1\" \/>\n<link rel=\"canonical\" href=\"https:\/\/letrame.com\/catalogo\/producto\/la-guerra-del-orden-2\/\" \/>\n<meta property=\"og:locale\" content=\"es_ES\" \/>\n<meta property=\"og:type\" content=\"article\" \/>\n<meta property=\"og:title\" content=\"LA GUERRA DEL ORDEN - Catalogo | Letrame Grupo Editorial\" \/>\n<meta property=\"og:description\" content=\"ISBN: 978-84-1181-671-7 SINOPSIS Hiro y Lyan son unos j\u00f3venes hermanos, que viven junto a sus padres de origen campesino, en el pac\u00edfico y pr\u00f3spero Reino de Hordof. Hiro desea y sue\u00f1a despierto con salir al exterior, cosa que el mismo rey de dicha naci\u00f3n, les impide a todos sus habitantes por los peligros exteriores. Pero un d\u00eda eso cambiar\u00eda para siempre.  Tras el ataque de un ej\u00e9rcito misterioso y salvaje, todo lo que conoc\u00edan y amaban desaparecer\u00eda. Nada ser\u00eda como antes, o al menos eso creer\u00edan al principio.  Tras salir fuera de sus territorios, har\u00edan amigos nuevos, conocer\u00edan historias que nunca escucharon, descubrir\u00edan lugares y reinos asombrosos, contempl\u00e1ndolos con sus propios ojos. Pero no todo ser\u00eda de color de rosas.  Terribles y atroces acontecimientos que ocurrieron en el pasado, les atormentar\u00edan sin ninguna piedad, poniendo al l\u00edmite su cordura, su moral y \u00e9tica, junto a inc\u00f3modas y constantes preguntas sobre sus identidades reales.  A trav\u00e9s de este oscuro y siniestro camino, entender\u00edan c\u00f3mo funciona el mundo en el que viven. Y no podr\u00edan evitar al monstruo que muchos temen, y que de manera desesperada, intentan disuadirlo de todas las formas posibles. Este monstruo denominado como, la verdad.\" \/>\n<meta property=\"og:url\" content=\"https:\/\/letrame.com\/catalogo\/producto\/la-guerra-del-orden-2\/\" \/>\n<meta property=\"og:site_name\" content=\"Catalogo | Letrame Grupo Editorial\" \/>\n<meta property=\"og:image\" content=\"https:\/\/letrame.com\/catalogo\/wp-content\/uploads\/2024\/07\/webp_laguerradelorden_185mm-compressed.jpg\" \/>\n\t<meta property=\"og:image:width\" content=\"1772\" \/>\n\t<meta property=\"og:image:height\" content=\"2480\" \/>\n\t<meta property=\"og:image:type\" content=\"image\/jpeg\" \/>\n<meta name=\"twitter:card\" content=\"summary_large_image\" \/>\n<meta name=\"twitter:label1\" content=\"Tiempo de lectura\" \/>\n\t<meta name=\"twitter:data1\" content=\"2 minutos\" \/>\n<script type=\"application\/ld+json\" class=\"yoast-schema-graph\">{\"@context\":\"https:\/\/schema.org\",\"@graph\":[{\"@type\":\"WebPage\",\"@id\":\"https:\/\/letrame.com\/catalogo\/producto\/la-guerra-del-orden-2\/\",\"url\":\"https:\/\/letrame.com\/catalogo\/producto\/la-guerra-del-orden-2\/\",\"name\":\"LA GUERRA DEL ORDEN - Catalogo | Letrame Grupo Editorial\",\"isPartOf\":{\"@id\":\"https:\/\/letrame.com\/catalogo\/#website\"},\"primaryImageOfPage\":{\"@id\":\"https:\/\/letrame.com\/catalogo\/producto\/la-guerra-del-orden-2\/#primaryimage\"},\"image\":{\"@id\":\"https:\/\/letrame.com\/catalogo\/producto\/la-guerra-del-orden-2\/#primaryimage\"},\"thumbnailUrl\":\"https:\/\/letrame.com\/catalogo\/wp-content\/uploads\/2024\/07\/webp_laguerradelorden_185mm-compressed.jpg\",\"datePublished\":\"2024-07-17T11:13:06+00:00\",\"breadcrumb\":{\"@id\":\"https:\/\/letrame.com\/catalogo\/producto\/la-guerra-del-orden-2\/#breadcrumb\"},\"inLanguage\":\"es\",\"potentialAction\":[{\"@type\":\"ReadAction\",\"target\":[\"https:\/\/letrame.com\/catalogo\/producto\/la-guerra-del-orden-2\/\"]}]},{\"@type\":\"ImageObject\",\"inLanguage\":\"es\",\"@id\":\"https:\/\/letrame.com\/catalogo\/producto\/la-guerra-del-orden-2\/#primaryimage\",\"url\":\"https:\/\/letrame.com\/catalogo\/wp-content\/uploads\/2024\/07\/webp_laguerradelorden_185mm-compressed.jpg\",\"contentUrl\":\"https:\/\/letrame.com\/catalogo\/wp-content\/uploads\/2024\/07\/webp_laguerradelorden_185mm-compressed.jpg\",\"width\":1772,\"height\":2480},{\"@type\":\"BreadcrumbList\",\"@id\":\"https:\/\/letrame.com\/catalogo\/producto\/la-guerra-del-orden-2\/#breadcrumb\",\"itemListElement\":[{\"@type\":\"ListItem\",\"position\":1,\"name\":\"Portada\",\"item\":\"https:\/\/letrame.com\/catalogo\/\"},{\"@type\":\"ListItem\",\"position\":2,\"name\":\"Cat\u00e1logo\",\"item\":\"https:\/\/letrame.com\/catalogo\/\"},{\"@type\":\"ListItem\",\"position\":3,\"name\":\"LA GUERRA DEL ORDEN\"}]},{\"@type\":\"WebSite\",\"@id\":\"https:\/\/letrame.com\/catalogo\/#website\",\"url\":\"https:\/\/letrame.com\/catalogo\/\",\"name\":\"Catalogo | Letrame Grupo Editorial\",\"description\":\"\",\"publisher\":{\"@id\":\"https:\/\/letrame.com\/catalogo\/#organization\"},\"potentialAction\":[{\"@type\":\"SearchAction\",\"target\":{\"@type\":\"EntryPoint\",\"urlTemplate\":\"https:\/\/letrame.com\/catalogo\/?s={search_term_string}\"},\"query-input\":{\"@type\":\"PropertyValueSpecification\",\"valueRequired\":true,\"valueName\":\"search_term_string\"}}],\"inLanguage\":\"es\"},{\"@type\":\"Organization\",\"@id\":\"https:\/\/letrame.com\/catalogo\/#organization\",\"name\":\"Catalogo | Letrame Grupo Editorial\",\"url\":\"https:\/\/letrame.com\/catalogo\/\",\"logo\":{\"@type\":\"ImageObject\",\"inLanguage\":\"es\",\"@id\":\"https:\/\/letrame.com\/catalogo\/#\/schema\/logo\/image\/\",\"url\":\"https:\/\/letrame.com\/catalogo\/wp-content\/uploads\/2024\/03\/logo2.webp\",\"contentUrl\":\"https:\/\/letrame.com\/catalogo\/wp-content\/uploads\/2024\/03\/logo2.webp\",\"width\":394,\"height\":128,\"caption\":\"Catalogo | Letrame Grupo Editorial\"},\"image\":{\"@id\":\"https:\/\/letrame.com\/catalogo\/#\/schema\/logo\/image\/\"}}]}<\/script>\n<!-- \/ Yoast SEO plugin. -->","yoast_head_json":{"title":"LA GUERRA DEL ORDEN - Catalogo | Letrame Grupo Editorial","robots":{"index":"index","follow":"follow","max-snippet":"max-snippet:-1","max-image-preview":"max-image-preview:large","max-video-preview":"max-video-preview:-1"},"canonical":"https:\/\/letrame.com\/catalogo\/producto\/la-guerra-del-orden-2\/","og_locale":"es_ES","og_type":"article","og_title":"LA GUERRA DEL ORDEN - Catalogo | Letrame Grupo Editorial","og_description":"ISBN: 978-84-1181-671-7 SINOPSIS Hiro y Lyan son unos j\u00f3venes hermanos, que viven junto a sus padres de origen campesino, en el pac\u00edfico y pr\u00f3spero Reino de Hordof. Hiro desea y sue\u00f1a despierto con salir al exterior, cosa que el mismo rey de dicha naci\u00f3n, les impide a todos sus habitantes por los peligros exteriores. Pero un d\u00eda eso cambiar\u00eda para siempre.  Tras el ataque de un ej\u00e9rcito misterioso y salvaje, todo lo que conoc\u00edan y amaban desaparecer\u00eda. Nada ser\u00eda como antes, o al menos eso creer\u00edan al principio.  Tras salir fuera de sus territorios, har\u00edan amigos nuevos, conocer\u00edan historias que nunca escucharon, descubrir\u00edan lugares y reinos asombrosos, contempl\u00e1ndolos con sus propios ojos. Pero no todo ser\u00eda de color de rosas.  Terribles y atroces acontecimientos que ocurrieron en el pasado, les atormentar\u00edan sin ninguna piedad, poniendo al l\u00edmite su cordura, su moral y \u00e9tica, junto a inc\u00f3modas y constantes preguntas sobre sus identidades reales.  A trav\u00e9s de este oscuro y siniestro camino, entender\u00edan c\u00f3mo funciona el mundo en el que viven. Y no podr\u00edan evitar al monstruo que muchos temen, y que de manera desesperada, intentan disuadirlo de todas las formas posibles. Este monstruo denominado como, la verdad.","og_url":"https:\/\/letrame.com\/catalogo\/producto\/la-guerra-del-orden-2\/","og_site_name":"Catalogo | Letrame Grupo Editorial","og_image":[{"width":1772,"height":2480,"url":"https:\/\/letrame.com\/catalogo\/wp-content\/uploads\/2024\/07\/webp_laguerradelorden_185mm-compressed.jpg","type":"image\/jpeg"}],"twitter_card":"summary_large_image","twitter_misc":{"Tiempo de lectura":"2 minutos"},"schema":{"@context":"https:\/\/schema.org","@graph":[{"@type":"WebPage","@id":"https:\/\/letrame.com\/catalogo\/producto\/la-guerra-del-orden-2\/","url":"https:\/\/letrame.com\/catalogo\/producto\/la-guerra-del-orden-2\/","name":"LA GUERRA DEL ORDEN - Catalogo | Letrame Grupo Editorial","isPartOf":{"@id":"https:\/\/letrame.com\/catalogo\/#website"},"primaryImageOfPage":{"@id":"https:\/\/letrame.com\/catalogo\/producto\/la-guerra-del-orden-2\/#primaryimage"},"image":{"@id":"https:\/\/letrame.com\/catalogo\/producto\/la-guerra-del-orden-2\/#primaryimage"},"thumbnailUrl":"https:\/\/letrame.com\/catalogo\/wp-content\/uploads\/2024\/07\/webp_laguerradelorden_185mm-compressed.jpg","datePublished":"2024-07-17T11:13:06+00:00","breadcrumb":{"@id":"https:\/\/letrame.com\/catalogo\/producto\/la-guerra-del-orden-2\/#breadcrumb"},"inLanguage":"es","potentialAction":[{"@type":"ReadAction","target":["https:\/\/letrame.com\/catalogo\/producto\/la-guerra-del-orden-2\/"]}]},{"@type":"ImageObject","inLanguage":"es","@id":"https:\/\/letrame.com\/catalogo\/producto\/la-guerra-del-orden-2\/#primaryimage","url":"https:\/\/letrame.com\/catalogo\/wp-content\/uploads\/2024\/07\/webp_laguerradelorden_185mm-compressed.jpg","contentUrl":"https:\/\/letrame.com\/catalogo\/wp-content\/uploads\/2024\/07\/webp_laguerradelorden_185mm-compressed.jpg","width":1772,"height":2480},{"@type":"BreadcrumbList","@id":"https:\/\/letrame.com\/catalogo\/producto\/la-guerra-del-orden-2\/#breadcrumb","itemListElement":[{"@type":"ListItem","position":1,"name":"Portada","item":"https:\/\/letrame.com\/catalogo\/"},{"@type":"ListItem","position":2,"name":"Cat\u00e1logo","item":"https:\/\/letrame.com\/catalogo\/"},{"@type":"ListItem","position":3,"name":"LA GUERRA DEL ORDEN"}]},{"@type":"WebSite","@id":"https:\/\/letrame.com\/catalogo\/#website","url":"https:\/\/letrame.com\/catalogo\/","name":"Catalogo | Letrame Grupo Editorial","description":"","publisher":{"@id":"https:\/\/letrame.com\/catalogo\/#organization"},"potentialAction":[{"@type":"SearchAction","target":{"@type":"EntryPoint","urlTemplate":"https:\/\/letrame.com\/catalogo\/?s={search_term_string}"},"query-input":{"@type":"PropertyValueSpecification","valueRequired":true,"valueName":"search_term_string"}}],"inLanguage":"es"},{"@type":"Organization","@id":"https:\/\/letrame.com\/catalogo\/#organization","name":"Catalogo | Letrame Grupo Editorial","url":"https:\/\/letrame.com\/catalogo\/","logo":{"@type":"ImageObject","inLanguage":"es","@id":"https:\/\/letrame.com\/catalogo\/#\/schema\/logo\/image\/","url":"https:\/\/letrame.com\/catalogo\/wp-content\/uploads\/2024\/03\/logo2.webp","contentUrl":"https:\/\/letrame.com\/catalogo\/wp-content\/uploads\/2024\/03\/logo2.webp","width":394,"height":128,"caption":"Catalogo | Letrame Grupo Editorial"},"image":{"@id":"https:\/\/letrame.com\/catalogo\/#\/schema\/logo\/image\/"}}]}},"_links":{"self":[{"href":"https:\/\/letrame.com\/catalogo\/wp-json\/wp\/v2\/product\/101973","targetHints":{"allow":["GET"]}}],"collection":[{"href":"https:\/\/letrame.com\/catalogo\/wp-json\/wp\/v2\/product"}],"about":[{"href":"https:\/\/letrame.com\/catalogo\/wp-json\/wp\/v2\/types\/product"}],"replies":[{"embeddable":true,"href":"https:\/\/letrame.com\/catalogo\/wp-json\/wp\/v2\/comments?post=101973"}],"acf:post":[{"embeddable":true,"href":"https:\/\/letrame.com\/catalogo\/wp-json\/wp\/v2\/author_book\/77912"}],"wp:featuredmedia":[{"embeddable":true,"href":"https:\/\/letrame.com\/catalogo\/wp-json\/wp\/v2\/media\/101977"}],"wp:attachment":[{"href":"https:\/\/letrame.com\/catalogo\/wp-json\/wp\/v2\/media?parent=101973"}],"wp:term":[{"taxonomy":"libro","embeddable":true,"href":"https:\/\/letrame.com\/catalogo\/wp-json\/wp\/v2\/libro?post=101973"},{"taxonomy":"product_brand","embeddable":true,"href":"https:\/\/letrame.com\/catalogo\/wp-json\/wp\/v2\/product_brand?post=101973"},{"taxonomy":"product_cat","embeddable":true,"href":"https:\/\/letrame.com\/catalogo\/wp-json\/wp\/v2\/product_cat?post=101973"},{"taxonomy":"product_tag","embeddable":true,"href":"https:\/\/letrame.com\/catalogo\/wp-json\/wp\/v2\/product_tag?post=101973"}],"curies":[{"name":"wp","href":"https:\/\/api.w.org\/{rel}","templated":true}]}}