{"id":101819,"date":"2024-07-17T11:42:34","date_gmt":"2024-07-17T09:42:34","guid":{"rendered":"https:\/\/letrame.com\/catalogo\/?post_type=product&#038;p=101819"},"modified":"2024-07-17T11:42:34","modified_gmt":"2024-07-17T09:42:34","slug":"nakerland-el-ejercito-de-ninos","status":"publish","type":"product","link":"https:\/\/letrame.com\/catalogo\/producto\/nakerland-el-ejercito-de-ninos\/","title":{"rendered":"NAKERLAND. El eje\u0301rcito de nin\u0303os"},"content":{"rendered":"<p class=\"p1\">ISBN: 978-84-1181-607-6<\/p>\n<p class=\"p1\">T\u00edtulo: NAKERLAND. El eje\u0301rcito de nin\u0303os<\/p>\n<p class=\"p1\">Fecha: 2023<\/p>\n<p class=\"p1\">P\u00e1ginas:\u00a0 292<\/p>\n<p class=\"p1\">SINOPSIS<\/p>\n<p>Un nuevo d\u00eda comienza en el mundo fant\u00e1stico de Nakerland con la inesperada desaparici\u00f3n de Sarah. Su hermano Sack debe encontrarla para poder regresar a casa, pero no sin antes ayudar a los Nakers a lograr vencer a sus enemigos, los Badernakers, y evitar que ejecuten sus perversos planes para dominar el reino.<\/p>\n<p>Sack y sus nuevos amigos se ver\u00e1n envueltos en una emocionante aventura, donde un ej\u00e9rcito de ni\u00f1os ser\u00e1 el protagonista de tan cruel enfrentamiento, que sumir\u00e1 al reino en un tiempo de conflicto y oscuridad.<\/p>\n<p>\u00bfPodr\u00e1n conseguir restablecer la paz de tan extraordinario y m\u00e1gico lugar?<\/p>\n","protected":false},"excerpt":{"rendered":"<p class=\"p1\">ISBN: 978-84-1181-607-6<\/p>\n<p class=\"p1\">SINOPSIS<\/p>\n<p>Un nuevo d\u00eda comienza en el mundo fant\u00e1stico de Nakerland con la inesperada desaparici\u00f3n de Sarah. Su hermano Sack debe encontrarla para poder regresar a casa, pero no sin antes ayudar a los Nakers a lograr vencer a sus enemigos, los Badernakers, y evitar que ejecuten sus perversos planes para dominar el reino.<\/p>\n<p>Sack y sus nuevos amigos se ver\u00e1n envueltos en una emocionante aventura, donde un ej\u00e9rcito de ni\u00f1os ser\u00e1 el protagonista de tan cruel enfrentamiento, que sumir\u00e1 al reino en un tiempo de conflicto y oscuridad.<\/p>\n<p>\u00bfPodr\u00e1n conseguir restablecer la paz de tan extraordinario y m\u00e1gico lugar?<\/p>\n","protected":false},"featured_media":101834,"comment_status":"open","ping_status":"closed","template":"","meta":{"_acf_changed":false},"libro":[],"product_brand":[],"product_cat":[16],"product_tag":[],"class_list":{"0":"post-101819","1":"product","2":"type-product","3":"status-publish","4":"has-post-thumbnail","6":"product_cat-novela","8":"first","9":"instock","10":"shipping-taxable","11":"product-type-simple"},"acf":{"autor":[101786],"enlace_de_compra":"https:\/\/amzn.to\/3zMxAUV"},"yoast_head":"<!-- This site is optimized with the Yoast SEO plugin v26.6 - https:\/\/yoast.com\/wordpress\/plugins\/seo\/ -->\n<title>NAKERLAND. El eje\u0301rcito de nin\u0303os - Catalogo | Letrame Grupo Editorial<\/title>\n<meta name=\"robots\" content=\"index, follow, max-snippet:-1, max-image-preview:large, max-video-preview:-1\" \/>\n<link rel=\"canonical\" href=\"https:\/\/letrame.com\/catalogo\/producto\/nakerland-el-ejercito-de-ninos\/\" \/>\n<meta property=\"og:locale\" content=\"es_ES\" \/>\n<meta property=\"og:type\" content=\"article\" \/>\n<meta property=\"og:title\" content=\"NAKERLAND. El eje\u0301rcito de nin\u0303os - Catalogo | Letrame Grupo Editorial\" \/>\n<meta property=\"og:description\" content=\"ISBN: 978-84-1181-607-6 SINOPSIS Un nuevo d\u00eda comienza en el mundo fant\u00e1stico de Nakerland con la inesperada desaparici\u00f3n de Sarah. Su hermano Sack debe encontrarla para poder regresar a casa, pero no sin antes ayudar a los Nakers a lograr vencer a sus enemigos, los Badernakers, y evitar que ejecuten sus perversos planes para dominar el reino.  Sack y sus nuevos amigos se ver\u00e1n envueltos en una emocionante aventura, donde un ej\u00e9rcito de ni\u00f1os ser\u00e1 el protagonista de tan cruel enfrentamiento, que sumir\u00e1 al reino en un tiempo de conflicto y oscuridad.  \u00bfPodr\u00e1n conseguir restablecer la paz de tan extraordinario y m\u00e1gico lugar?\" \/>\n<meta property=\"og:url\" content=\"https:\/\/letrame.com\/catalogo\/producto\/nakerland-el-ejercito-de-ninos\/\" \/>\n<meta property=\"og:site_name\" content=\"Catalogo | Letrame Grupo Editorial\" \/>\n<meta property=\"og:image\" content=\"https:\/\/letrame.com\/catalogo\/wp-content\/uploads\/2024\/07\/webp_nakerlandninos_1454mm-compressed-scaled.jpg\" \/>\n\t<meta property=\"og:image:width\" content=\"1675\" \/>\n\t<meta property=\"og:image:height\" content=\"2560\" \/>\n\t<meta property=\"og:image:type\" content=\"image\/jpeg\" \/>\n<meta name=\"twitter:card\" content=\"summary_large_image\" \/>\n<meta name=\"twitter:label1\" content=\"Tiempo de lectura\" \/>\n\t<meta name=\"twitter:data1\" content=\"1 minuto\" \/>\n<script type=\"application\/ld+json\" class=\"yoast-schema-graph\">{\"@context\":\"https:\/\/schema.org\",\"@graph\":[{\"@type\":\"WebPage\",\"@id\":\"https:\/\/letrame.com\/catalogo\/producto\/nakerland-el-ejercito-de-ninos\/\",\"url\":\"https:\/\/letrame.com\/catalogo\/producto\/nakerland-el-ejercito-de-ninos\/\",\"name\":\"NAKERLAND. El eje\u0301rcito de nin\u0303os - Catalogo | Letrame Grupo Editorial\",\"isPartOf\":{\"@id\":\"https:\/\/letrame.com\/catalogo\/#website\"},\"primaryImageOfPage\":{\"@id\":\"https:\/\/letrame.com\/catalogo\/producto\/nakerland-el-ejercito-de-ninos\/#primaryimage\"},\"image\":{\"@id\":\"https:\/\/letrame.com\/catalogo\/producto\/nakerland-el-ejercito-de-ninos\/#primaryimage\"},\"thumbnailUrl\":\"https:\/\/letrame.com\/catalogo\/wp-content\/uploads\/2024\/07\/webp_nakerlandninos_1454mm-compressed-scaled.jpg\",\"datePublished\":\"2024-07-17T09:42:34+00:00\",\"breadcrumb\":{\"@id\":\"https:\/\/letrame.com\/catalogo\/producto\/nakerland-el-ejercito-de-ninos\/#breadcrumb\"},\"inLanguage\":\"es\",\"potentialAction\":[{\"@type\":\"ReadAction\",\"target\":[\"https:\/\/letrame.com\/catalogo\/producto\/nakerland-el-ejercito-de-ninos\/\"]}]},{\"@type\":\"ImageObject\",\"inLanguage\":\"es\",\"@id\":\"https:\/\/letrame.com\/catalogo\/producto\/nakerland-el-ejercito-de-ninos\/#primaryimage\",\"url\":\"https:\/\/letrame.com\/catalogo\/wp-content\/uploads\/2024\/07\/webp_nakerlandninos_1454mm-compressed-scaled.jpg\",\"contentUrl\":\"https:\/\/letrame.com\/catalogo\/wp-content\/uploads\/2024\/07\/webp_nakerlandninos_1454mm-compressed-scaled.jpg\",\"width\":1675,\"height\":2560},{\"@type\":\"BreadcrumbList\",\"@id\":\"https:\/\/letrame.com\/catalogo\/producto\/nakerland-el-ejercito-de-ninos\/#breadcrumb\",\"itemListElement\":[{\"@type\":\"ListItem\",\"position\":1,\"name\":\"Portada\",\"item\":\"https:\/\/letrame.com\/catalogo\/\"},{\"@type\":\"ListItem\",\"position\":2,\"name\":\"Cat\u00e1logo\",\"item\":\"https:\/\/letrame.com\/catalogo\/\"},{\"@type\":\"ListItem\",\"position\":3,\"name\":\"NAKERLAND. El eje\u0301rcito de nin\u0303os\"}]},{\"@type\":\"WebSite\",\"@id\":\"https:\/\/letrame.com\/catalogo\/#website\",\"url\":\"https:\/\/letrame.com\/catalogo\/\",\"name\":\"Catalogo | Letrame Grupo Editorial\",\"description\":\"\",\"publisher\":{\"@id\":\"https:\/\/letrame.com\/catalogo\/#organization\"},\"potentialAction\":[{\"@type\":\"SearchAction\",\"target\":{\"@type\":\"EntryPoint\",\"urlTemplate\":\"https:\/\/letrame.com\/catalogo\/?s={search_term_string}\"},\"query-input\":{\"@type\":\"PropertyValueSpecification\",\"valueRequired\":true,\"valueName\":\"search_term_string\"}}],\"inLanguage\":\"es\"},{\"@type\":\"Organization\",\"@id\":\"https:\/\/letrame.com\/catalogo\/#organization\",\"name\":\"Catalogo | Letrame Grupo Editorial\",\"url\":\"https:\/\/letrame.com\/catalogo\/\",\"logo\":{\"@type\":\"ImageObject\",\"inLanguage\":\"es\",\"@id\":\"https:\/\/letrame.com\/catalogo\/#\/schema\/logo\/image\/\",\"url\":\"https:\/\/letrame.com\/catalogo\/wp-content\/uploads\/2024\/03\/logo2.webp\",\"contentUrl\":\"https:\/\/letrame.com\/catalogo\/wp-content\/uploads\/2024\/03\/logo2.webp\",\"width\":394,\"height\":128,\"caption\":\"Catalogo | Letrame Grupo Editorial\"},\"image\":{\"@id\":\"https:\/\/letrame.com\/catalogo\/#\/schema\/logo\/image\/\"}}]}<\/script>\n<!-- \/ Yoast SEO plugin. -->","yoast_head_json":{"title":"NAKERLAND. El eje\u0301rcito de nin\u0303os - Catalogo | Letrame Grupo Editorial","robots":{"index":"index","follow":"follow","max-snippet":"max-snippet:-1","max-image-preview":"max-image-preview:large","max-video-preview":"max-video-preview:-1"},"canonical":"https:\/\/letrame.com\/catalogo\/producto\/nakerland-el-ejercito-de-ninos\/","og_locale":"es_ES","og_type":"article","og_title":"NAKERLAND. El eje\u0301rcito de nin\u0303os - Catalogo | Letrame Grupo Editorial","og_description":"ISBN: 978-84-1181-607-6 SINOPSIS Un nuevo d\u00eda comienza en el mundo fant\u00e1stico de Nakerland con la inesperada desaparici\u00f3n de Sarah. Su hermano Sack debe encontrarla para poder regresar a casa, pero no sin antes ayudar a los Nakers a lograr vencer a sus enemigos, los Badernakers, y evitar que ejecuten sus perversos planes para dominar el reino.  Sack y sus nuevos amigos se ver\u00e1n envueltos en una emocionante aventura, donde un ej\u00e9rcito de ni\u00f1os ser\u00e1 el protagonista de tan cruel enfrentamiento, que sumir\u00e1 al reino en un tiempo de conflicto y oscuridad.  \u00bfPodr\u00e1n conseguir restablecer la paz de tan extraordinario y m\u00e1gico lugar?","og_url":"https:\/\/letrame.com\/catalogo\/producto\/nakerland-el-ejercito-de-ninos\/","og_site_name":"Catalogo | Letrame Grupo Editorial","og_image":[{"width":1675,"height":2560,"url":"https:\/\/letrame.com\/catalogo\/wp-content\/uploads\/2024\/07\/webp_nakerlandninos_1454mm-compressed-scaled.jpg","type":"image\/jpeg"}],"twitter_card":"summary_large_image","twitter_misc":{"Tiempo de lectura":"1 minuto"},"schema":{"@context":"https:\/\/schema.org","@graph":[{"@type":"WebPage","@id":"https:\/\/letrame.com\/catalogo\/producto\/nakerland-el-ejercito-de-ninos\/","url":"https:\/\/letrame.com\/catalogo\/producto\/nakerland-el-ejercito-de-ninos\/","name":"NAKERLAND. El eje\u0301rcito de nin\u0303os - Catalogo | Letrame Grupo Editorial","isPartOf":{"@id":"https:\/\/letrame.com\/catalogo\/#website"},"primaryImageOfPage":{"@id":"https:\/\/letrame.com\/catalogo\/producto\/nakerland-el-ejercito-de-ninos\/#primaryimage"},"image":{"@id":"https:\/\/letrame.com\/catalogo\/producto\/nakerland-el-ejercito-de-ninos\/#primaryimage"},"thumbnailUrl":"https:\/\/letrame.com\/catalogo\/wp-content\/uploads\/2024\/07\/webp_nakerlandninos_1454mm-compressed-scaled.jpg","datePublished":"2024-07-17T09:42:34+00:00","breadcrumb":{"@id":"https:\/\/letrame.com\/catalogo\/producto\/nakerland-el-ejercito-de-ninos\/#breadcrumb"},"inLanguage":"es","potentialAction":[{"@type":"ReadAction","target":["https:\/\/letrame.com\/catalogo\/producto\/nakerland-el-ejercito-de-ninos\/"]}]},{"@type":"ImageObject","inLanguage":"es","@id":"https:\/\/letrame.com\/catalogo\/producto\/nakerland-el-ejercito-de-ninos\/#primaryimage","url":"https:\/\/letrame.com\/catalogo\/wp-content\/uploads\/2024\/07\/webp_nakerlandninos_1454mm-compressed-scaled.jpg","contentUrl":"https:\/\/letrame.com\/catalogo\/wp-content\/uploads\/2024\/07\/webp_nakerlandninos_1454mm-compressed-scaled.jpg","width":1675,"height":2560},{"@type":"BreadcrumbList","@id":"https:\/\/letrame.com\/catalogo\/producto\/nakerland-el-ejercito-de-ninos\/#breadcrumb","itemListElement":[{"@type":"ListItem","position":1,"name":"Portada","item":"https:\/\/letrame.com\/catalogo\/"},{"@type":"ListItem","position":2,"name":"Cat\u00e1logo","item":"https:\/\/letrame.com\/catalogo\/"},{"@type":"ListItem","position":3,"name":"NAKERLAND. El eje\u0301rcito de nin\u0303os"}]},{"@type":"WebSite","@id":"https:\/\/letrame.com\/catalogo\/#website","url":"https:\/\/letrame.com\/catalogo\/","name":"Catalogo | Letrame Grupo Editorial","description":"","publisher":{"@id":"https:\/\/letrame.com\/catalogo\/#organization"},"potentialAction":[{"@type":"SearchAction","target":{"@type":"EntryPoint","urlTemplate":"https:\/\/letrame.com\/catalogo\/?s={search_term_string}"},"query-input":{"@type":"PropertyValueSpecification","valueRequired":true,"valueName":"search_term_string"}}],"inLanguage":"es"},{"@type":"Organization","@id":"https:\/\/letrame.com\/catalogo\/#organization","name":"Catalogo | Letrame Grupo Editorial","url":"https:\/\/letrame.com\/catalogo\/","logo":{"@type":"ImageObject","inLanguage":"es","@id":"https:\/\/letrame.com\/catalogo\/#\/schema\/logo\/image\/","url":"https:\/\/letrame.com\/catalogo\/wp-content\/uploads\/2024\/03\/logo2.webp","contentUrl":"https:\/\/letrame.com\/catalogo\/wp-content\/uploads\/2024\/03\/logo2.webp","width":394,"height":128,"caption":"Catalogo | Letrame Grupo Editorial"},"image":{"@id":"https:\/\/letrame.com\/catalogo\/#\/schema\/logo\/image\/"}}]}},"_links":{"self":[{"href":"https:\/\/letrame.com\/catalogo\/wp-json\/wp\/v2\/product\/101819","targetHints":{"allow":["GET"]}}],"collection":[{"href":"https:\/\/letrame.com\/catalogo\/wp-json\/wp\/v2\/product"}],"about":[{"href":"https:\/\/letrame.com\/catalogo\/wp-json\/wp\/v2\/types\/product"}],"replies":[{"embeddable":true,"href":"https:\/\/letrame.com\/catalogo\/wp-json\/wp\/v2\/comments?post=101819"}],"acf:post":[{"embeddable":true,"href":"https:\/\/letrame.com\/catalogo\/wp-json\/wp\/v2\/author_book\/101786"}],"wp:featuredmedia":[{"embeddable":true,"href":"https:\/\/letrame.com\/catalogo\/wp-json\/wp\/v2\/media\/101834"}],"wp:attachment":[{"href":"https:\/\/letrame.com\/catalogo\/wp-json\/wp\/v2\/media?parent=101819"}],"wp:term":[{"taxonomy":"libro","embeddable":true,"href":"https:\/\/letrame.com\/catalogo\/wp-json\/wp\/v2\/libro?post=101819"},{"taxonomy":"product_brand","embeddable":true,"href":"https:\/\/letrame.com\/catalogo\/wp-json\/wp\/v2\/product_brand?post=101819"},{"taxonomy":"product_cat","embeddable":true,"href":"https:\/\/letrame.com\/catalogo\/wp-json\/wp\/v2\/product_cat?post=101819"},{"taxonomy":"product_tag","embeddable":true,"href":"https:\/\/letrame.com\/catalogo\/wp-json\/wp\/v2\/product_tag?post=101819"}],"curies":[{"name":"wp","href":"https:\/\/api.w.org\/{rel}","templated":true}]}}