{"id":101805,"date":"2024-07-17T11:34:17","date_gmt":"2024-07-17T09:34:17","guid":{"rendered":"https:\/\/letrame.com\/catalogo\/?post_type=product&#038;p=101805"},"modified":"2024-10-03T08:43:07","modified_gmt":"2024-10-03T06:43:07","slug":"los-jubilados-los-carga-el-diablo","status":"publish","type":"product","link":"https:\/\/letrame.com\/catalogo\/producto\/los-jubilados-los-carga-el-diablo\/","title":{"rendered":"Los jubilados los carga el diablo"},"content":{"rendered":"<p class=\"p1\">ISBN: 978-84-1181-659-5<\/p>\n<p class=\"p1\">T\u00edtulo: Los jubilados los carga el diablo<\/p>\n<p class=\"p1\">Fecha: 2023<\/p>\n<p class=\"p1\">P\u00e1ginas: 406<\/p>\n<p class=\"p1\">SINOPSIS<\/p>\n<p>A Alfonsito (Pochele) se le viene el mundo encima cuando, en plenas vacaciones estivales, sus padres lo dejan un mes con su abuelo, pero no con el de ciudad (el urbanita), sino con el rural (el ga\u00f1\u00e1n), el que vive en una quinter\u00eda, a las afueras de Cacerorilla. Se llama Tiburcio (alias \u201cAtranca-poco\u201d), y apenas lo visitan, no sea que se le \u201cpeguen\u201d sus modales de paleto al ni\u00f1o. Para el chiquete esto supone un cambio radical de costumbres y horarios, y sobre todo de lenguaje, pues la jerga de \u201cgarrulo\u201d de su pariente le resulta indescifrable. Como consecuencia no paran de surgir conflictos entre ambos, chocando la formalidad del chaval con las man\u00edas y comportamientos de \u201cviejuno de campo\u201d de su impredecible abuelo, y Pochele se pasa los d\u00edas refunfu\u00f1ando y moh\u00edno. El anciano, no obstante, empe\u00f1ado en tener contento a su nieto, lo embarca en un insensato e irracional periplo veraniego, y de repente todo se vuelve un \u201csindi\u00f3s\u201d.<\/p>\n<p>Una comedia entra\u00f1able, llena de guasas y \u201csimplonadas\u201d, apta para gente abierta y con sentido del humor, y todo ello aderezado con la idiosincrasia, la ternura y el surrealismo de la gente mayor de los pueblos de La Mancha.<\/p>\n<p>&nbsp;<\/p>\n<p><strong>Algunas cr\u00edticas del libro:\u00a0<\/strong><\/p>\n<p>&nbsp;<\/p>\n<p><em>\u201cNo me re\u00eda tanto desde mi elecci\u00f3n como presidente\u201d (Donald Trans) \u00a0<\/em><\/p>\n<p><em>\u201cHumor manchego, el que m\u00e1j me gujta a m\u00ed\u201d (Jos\u00e9 Abono)\u00a0<\/em><\/p>\n<p><em>\u201cMenuda risi\u00f3n. Cu\u00e1ntas tont\u00e1s juntas\u201d (Wonderbrad Pitt)\u00a0<\/em><\/p>\n<p><em>\u201cNo me he enterado de nada, pero me ha gustado\u201d (Paris Jilton)\u00a0<\/em><\/p>\n","protected":false},"excerpt":{"rendered":"<p class=\"p1\">ISBN: 978-84-1181-659-5<\/p>\n<p class=\"p1\">SINOPSIS<\/p>\n<p>A Alfonsito (Pochele) se le viene el mundo encima cuando, en plenas vacaciones estivales, sus padres lo dejan un mes con su abuelo, pero no con el de ciudad (el urbanita), sino con el rural (el ga\u00f1\u00e1n), el que vive en una quinter\u00eda, a las afueras de Cacerorilla. Se llama Tiburcio (alias \u201cAtranca-poco\u201d), y apenas lo visitan, no sea que se le \u201cpeguen\u201d sus modales de paleto al ni\u00f1o. Para el chiquete esto supone un cambio radical de costumbres y horarios, y sobre todo de lenguaje, pues la jerga de \u201cgarrulo\u201d de su pariente le resulta indescifrable. Como consecuencia no paran de surgir conflictos entre ambos, chocando la formalidad del chaval con las man\u00edas y comportamientos de \u201cviejuno de campo\u201d de su impredecible abuelo, y Pochele se pasa los d\u00edas refunfu\u00f1ando y moh\u00edno. El anciano, no obstante, empe\u00f1ado en tener contento a su nieto, lo embarca en un insensato e irracional periplo veraniego, y de repente todo se vuelve un \u201csindi\u00f3s\u201d.<\/p>\n<p>Una comedia entra\u00f1able, llena de guasas y \u201csimplonadas\u201d, apta para gente abierta y con sentido del humor, y todo ello aderezado con la idiosincrasia, la ternura y el surrealismo de la gente mayor de los pueblos de La Mancha.<\/p>\n<p>&nbsp;<\/p>\n<p><strong>Algunas cr\u00edticas del libro:\u00a0<\/strong><\/p>\n<p>&nbsp;<\/p>\n<p><em>\u201cNo me re\u00eda tanto desde mi elecci\u00f3n como presidente\u201d (Donald Trans) \u00a0<\/em><\/p>\n<p><em>\u201cHumor manchego, el que m\u00e1j me gujta a m\u00ed\u201d (Jos\u00e9 Abono)\u00a0<\/em><\/p>\n<p><em>\u201cMenuda risi\u00f3n. Cu\u00e1ntas tont\u00e1s juntas\u201d (Wonderbrad Pitt)\u00a0<\/em><\/p>\n<p><em>\u201cNo me he enterado de nada, pero me ha gustado\u201d (Paris Jilton)\u00a0<\/em><\/p>\n","protected":false},"featured_media":101815,"comment_status":"open","ping_status":"closed","template":"","meta":{"_acf_changed":false},"libro":[],"product_brand":[],"product_cat":[16],"product_tag":[],"class_list":{"0":"post-101805","1":"product","2":"type-product","3":"status-publish","4":"has-post-thumbnail","6":"product_cat-novela","8":"first","9":"instock","10":"shipping-taxable","11":"product-type-simple"},"acf":{"autor":[76048],"enlace_de_compra":"https:\/\/amzn.to\/4eYJomW"},"yoast_head":"<!-- This site is optimized with the Yoast SEO plugin v27.4 - https:\/\/yoast.com\/product\/yoast-seo-wordpress\/ -->\n<title>Los jubilados los carga el diablo - Catalogo | Letrame Grupo Editorial<\/title>\n<meta name=\"robots\" content=\"index, follow, max-snippet:-1, max-image-preview:large, max-video-preview:-1\" \/>\n<link rel=\"canonical\" href=\"https:\/\/letrame.com\/catalogo\/producto\/los-jubilados-los-carga-el-diablo\/\" \/>\n<meta property=\"og:locale\" content=\"es_ES\" \/>\n<meta property=\"og:type\" content=\"article\" \/>\n<meta property=\"og:title\" content=\"Los jubilados los carga el diablo - Catalogo | Letrame Grupo Editorial\" \/>\n<meta property=\"og:description\" content=\"ISBN: 978-84-1181-659-5 SINOPSIS A Alfonsito (Pochele) se le viene el mundo encima cuando, en plenas vacaciones estivales, sus padres lo dejan un mes con su abuelo, pero no con el de ciudad (el urbanita), sino con el rural (el ga\u00f1\u00e1n), el que vive en una quinter\u00eda, a las afueras de Cacerorilla. Se llama Tiburcio (alias \u201cAtranca-poco\u201d), y apenas lo visitan, no sea que se le \u201cpeguen\u201d sus modales de paleto al ni\u00f1o. Para el chiquete esto supone un cambio radical de costumbres y horarios, y sobre todo de lenguaje, pues la jerga de \u201cgarrulo\u201d de su pariente le resulta indescifrable. Como consecuencia no paran de surgir conflictos entre ambos, chocando la formalidad del chaval con las man\u00edas y comportamientos de \u201cviejuno de campo\u201d de su impredecible abuelo, y Pochele se pasa los d\u00edas refunfu\u00f1ando y moh\u00edno. El anciano, no obstante, empe\u00f1ado en tener contento a su nieto, lo embarca en un insensato e irracional periplo veraniego, y de repente todo se vuelve un \u201csindi\u00f3s\u201d.  Una comedia entra\u00f1able, llena de guasas y \u201csimplonadas\u201d, apta para gente abierta y con sentido del humor, y todo ello aderezado con la idiosincrasia, la ternura y el surrealismo de la gente mayor de los pueblos de La Mancha.  &nbsp;  Algunas cr\u00edticas del libro:\u00a0  &nbsp;  \u201cNo me re\u00eda tanto desde mi elecci\u00f3n como presidente\u201d (Donald Trans) \u00a0  \u201cHumor manchego, el que m\u00e1j me gujta a m\u00ed\u201d (Jos\u00e9 Abono)\u00a0  \u201cMenuda risi\u00f3n. Cu\u00e1ntas tont\u00e1s juntas\u201d (Wonderbrad Pitt)\u00a0  \u201cNo me he enterado de nada, pero me ha gustado\u201d (Paris Jilton)\u00a0\" \/>\n<meta property=\"og:url\" content=\"https:\/\/letrame.com\/catalogo\/producto\/los-jubilados-los-carga-el-diablo\/\" \/>\n<meta property=\"og:site_name\" content=\"Catalogo | Letrame Grupo Editorial\" \/>\n<meta property=\"article:modified_time\" content=\"2024-10-03T06:43:07+00:00\" \/>\n<meta property=\"og:image\" content=\"https:\/\/letrame.com\/catalogo\/wp-content\/uploads\/2024\/07\/webp_losjubilados_1979mm-compressed-scaled.jpg\" \/>\n\t<meta property=\"og:image:width\" content=\"1768\" \/>\n\t<meta property=\"og:image:height\" content=\"2560\" \/>\n\t<meta property=\"og:image:type\" content=\"image\/jpeg\" \/>\n<meta name=\"twitter:card\" content=\"summary_large_image\" \/>\n<meta name=\"twitter:label1\" content=\"Tiempo de lectura\" \/>\n\t<meta name=\"twitter:data1\" content=\"2 minutos\" \/>\n<script type=\"application\/ld+json\" class=\"yoast-schema-graph\">{\"@context\":\"https:\\\/\\\/schema.org\",\"@graph\":[{\"@type\":\"WebPage\",\"@id\":\"https:\\\/\\\/letrame.com\\\/catalogo\\\/producto\\\/los-jubilados-los-carga-el-diablo\\\/\",\"url\":\"https:\\\/\\\/letrame.com\\\/catalogo\\\/producto\\\/los-jubilados-los-carga-el-diablo\\\/\",\"name\":\"Los jubilados los carga el diablo - Catalogo | Letrame Grupo Editorial\",\"isPartOf\":{\"@id\":\"https:\\\/\\\/letrame.com\\\/catalogo\\\/#website\"},\"primaryImageOfPage\":{\"@id\":\"https:\\\/\\\/letrame.com\\\/catalogo\\\/producto\\\/los-jubilados-los-carga-el-diablo\\\/#primaryimage\"},\"image\":{\"@id\":\"https:\\\/\\\/letrame.com\\\/catalogo\\\/producto\\\/los-jubilados-los-carga-el-diablo\\\/#primaryimage\"},\"thumbnailUrl\":\"https:\\\/\\\/letrame.com\\\/catalogo\\\/wp-content\\\/uploads\\\/2024\\\/07\\\/webp_losjubilados_1979mm-compressed-scaled.jpg\",\"datePublished\":\"2024-07-17T09:34:17+00:00\",\"dateModified\":\"2024-10-03T06:43:07+00:00\",\"breadcrumb\":{\"@id\":\"https:\\\/\\\/letrame.com\\\/catalogo\\\/producto\\\/los-jubilados-los-carga-el-diablo\\\/#breadcrumb\"},\"inLanguage\":\"es\",\"potentialAction\":[{\"@type\":\"ReadAction\",\"target\":[\"https:\\\/\\\/letrame.com\\\/catalogo\\\/producto\\\/los-jubilados-los-carga-el-diablo\\\/\"]}]},{\"@type\":\"ImageObject\",\"inLanguage\":\"es\",\"@id\":\"https:\\\/\\\/letrame.com\\\/catalogo\\\/producto\\\/los-jubilados-los-carga-el-diablo\\\/#primaryimage\",\"url\":\"https:\\\/\\\/letrame.com\\\/catalogo\\\/wp-content\\\/uploads\\\/2024\\\/07\\\/webp_losjubilados_1979mm-compressed-scaled.jpg\",\"contentUrl\":\"https:\\\/\\\/letrame.com\\\/catalogo\\\/wp-content\\\/uploads\\\/2024\\\/07\\\/webp_losjubilados_1979mm-compressed-scaled.jpg\",\"width\":1768,\"height\":2560},{\"@type\":\"BreadcrumbList\",\"@id\":\"https:\\\/\\\/letrame.com\\\/catalogo\\\/producto\\\/los-jubilados-los-carga-el-diablo\\\/#breadcrumb\",\"itemListElement\":[{\"@type\":\"ListItem\",\"position\":1,\"name\":\"Portada\",\"item\":\"https:\\\/\\\/letrame.com\\\/catalogo\\\/\"},{\"@type\":\"ListItem\",\"position\":2,\"name\":\"Cat\u00e1logo\",\"item\":\"https:\\\/\\\/letrame.com\\\/catalogo\\\/\"},{\"@type\":\"ListItem\",\"position\":3,\"name\":\"Los jubilados los carga el diablo\"}]},{\"@type\":\"WebSite\",\"@id\":\"https:\\\/\\\/letrame.com\\\/catalogo\\\/#website\",\"url\":\"https:\\\/\\\/letrame.com\\\/catalogo\\\/\",\"name\":\"Catalogo | Letrame Grupo Editorial\",\"description\":\"\",\"publisher\":{\"@id\":\"https:\\\/\\\/letrame.com\\\/catalogo\\\/#organization\"},\"potentialAction\":[{\"@type\":\"SearchAction\",\"target\":{\"@type\":\"EntryPoint\",\"urlTemplate\":\"https:\\\/\\\/letrame.com\\\/catalogo\\\/?s={search_term_string}\"},\"query-input\":{\"@type\":\"PropertyValueSpecification\",\"valueRequired\":true,\"valueName\":\"search_term_string\"}}],\"inLanguage\":\"es\"},{\"@type\":\"Organization\",\"@id\":\"https:\\\/\\\/letrame.com\\\/catalogo\\\/#organization\",\"name\":\"Catalogo | Letrame Grupo Editorial\",\"url\":\"https:\\\/\\\/letrame.com\\\/catalogo\\\/\",\"logo\":{\"@type\":\"ImageObject\",\"inLanguage\":\"es\",\"@id\":\"https:\\\/\\\/letrame.com\\\/catalogo\\\/#\\\/schema\\\/logo\\\/image\\\/\",\"url\":\"https:\\\/\\\/letrame.com\\\/catalogo\\\/wp-content\\\/uploads\\\/2024\\\/03\\\/logo2.webp\",\"contentUrl\":\"https:\\\/\\\/letrame.com\\\/catalogo\\\/wp-content\\\/uploads\\\/2024\\\/03\\\/logo2.webp\",\"width\":394,\"height\":128,\"caption\":\"Catalogo | Letrame Grupo Editorial\"},\"image\":{\"@id\":\"https:\\\/\\\/letrame.com\\\/catalogo\\\/#\\\/schema\\\/logo\\\/image\\\/\"}}]}<\/script>\n<!-- \/ Yoast SEO plugin. -->","yoast_head_json":{"title":"Los jubilados los carga el diablo - Catalogo | Letrame Grupo Editorial","robots":{"index":"index","follow":"follow","max-snippet":"max-snippet:-1","max-image-preview":"max-image-preview:large","max-video-preview":"max-video-preview:-1"},"canonical":"https:\/\/letrame.com\/catalogo\/producto\/los-jubilados-los-carga-el-diablo\/","og_locale":"es_ES","og_type":"article","og_title":"Los jubilados los carga el diablo - Catalogo | Letrame Grupo Editorial","og_description":"ISBN: 978-84-1181-659-5 SINOPSIS A Alfonsito (Pochele) se le viene el mundo encima cuando, en plenas vacaciones estivales, sus padres lo dejan un mes con su abuelo, pero no con el de ciudad (el urbanita), sino con el rural (el ga\u00f1\u00e1n), el que vive en una quinter\u00eda, a las afueras de Cacerorilla. Se llama Tiburcio (alias \u201cAtranca-poco\u201d), y apenas lo visitan, no sea que se le \u201cpeguen\u201d sus modales de paleto al ni\u00f1o. Para el chiquete esto supone un cambio radical de costumbres y horarios, y sobre todo de lenguaje, pues la jerga de \u201cgarrulo\u201d de su pariente le resulta indescifrable. Como consecuencia no paran de surgir conflictos entre ambos, chocando la formalidad del chaval con las man\u00edas y comportamientos de \u201cviejuno de campo\u201d de su impredecible abuelo, y Pochele se pasa los d\u00edas refunfu\u00f1ando y moh\u00edno. El anciano, no obstante, empe\u00f1ado en tener contento a su nieto, lo embarca en un insensato e irracional periplo veraniego, y de repente todo se vuelve un \u201csindi\u00f3s\u201d.  Una comedia entra\u00f1able, llena de guasas y \u201csimplonadas\u201d, apta para gente abierta y con sentido del humor, y todo ello aderezado con la idiosincrasia, la ternura y el surrealismo de la gente mayor de los pueblos de La Mancha.  &nbsp;  Algunas cr\u00edticas del libro:\u00a0  &nbsp;  \u201cNo me re\u00eda tanto desde mi elecci\u00f3n como presidente\u201d (Donald Trans) \u00a0  \u201cHumor manchego, el que m\u00e1j me gujta a m\u00ed\u201d (Jos\u00e9 Abono)\u00a0  \u201cMenuda risi\u00f3n. Cu\u00e1ntas tont\u00e1s juntas\u201d (Wonderbrad Pitt)\u00a0  \u201cNo me he enterado de nada, pero me ha gustado\u201d (Paris Jilton)\u00a0","og_url":"https:\/\/letrame.com\/catalogo\/producto\/los-jubilados-los-carga-el-diablo\/","og_site_name":"Catalogo | Letrame Grupo Editorial","article_modified_time":"2024-10-03T06:43:07+00:00","og_image":[{"width":1768,"height":2560,"url":"https:\/\/letrame.com\/catalogo\/wp-content\/uploads\/2024\/07\/webp_losjubilados_1979mm-compressed-scaled.jpg","type":"image\/jpeg"}],"twitter_card":"summary_large_image","twitter_misc":{"Tiempo de lectura":"2 minutos"},"schema":{"@context":"https:\/\/schema.org","@graph":[{"@type":"WebPage","@id":"https:\/\/letrame.com\/catalogo\/producto\/los-jubilados-los-carga-el-diablo\/","url":"https:\/\/letrame.com\/catalogo\/producto\/los-jubilados-los-carga-el-diablo\/","name":"Los jubilados los carga el diablo - Catalogo | Letrame Grupo Editorial","isPartOf":{"@id":"https:\/\/letrame.com\/catalogo\/#website"},"primaryImageOfPage":{"@id":"https:\/\/letrame.com\/catalogo\/producto\/los-jubilados-los-carga-el-diablo\/#primaryimage"},"image":{"@id":"https:\/\/letrame.com\/catalogo\/producto\/los-jubilados-los-carga-el-diablo\/#primaryimage"},"thumbnailUrl":"https:\/\/letrame.com\/catalogo\/wp-content\/uploads\/2024\/07\/webp_losjubilados_1979mm-compressed-scaled.jpg","datePublished":"2024-07-17T09:34:17+00:00","dateModified":"2024-10-03T06:43:07+00:00","breadcrumb":{"@id":"https:\/\/letrame.com\/catalogo\/producto\/los-jubilados-los-carga-el-diablo\/#breadcrumb"},"inLanguage":"es","potentialAction":[{"@type":"ReadAction","target":["https:\/\/letrame.com\/catalogo\/producto\/los-jubilados-los-carga-el-diablo\/"]}]},{"@type":"ImageObject","inLanguage":"es","@id":"https:\/\/letrame.com\/catalogo\/producto\/los-jubilados-los-carga-el-diablo\/#primaryimage","url":"https:\/\/letrame.com\/catalogo\/wp-content\/uploads\/2024\/07\/webp_losjubilados_1979mm-compressed-scaled.jpg","contentUrl":"https:\/\/letrame.com\/catalogo\/wp-content\/uploads\/2024\/07\/webp_losjubilados_1979mm-compressed-scaled.jpg","width":1768,"height":2560},{"@type":"BreadcrumbList","@id":"https:\/\/letrame.com\/catalogo\/producto\/los-jubilados-los-carga-el-diablo\/#breadcrumb","itemListElement":[{"@type":"ListItem","position":1,"name":"Portada","item":"https:\/\/letrame.com\/catalogo\/"},{"@type":"ListItem","position":2,"name":"Cat\u00e1logo","item":"https:\/\/letrame.com\/catalogo\/"},{"@type":"ListItem","position":3,"name":"Los jubilados los carga el diablo"}]},{"@type":"WebSite","@id":"https:\/\/letrame.com\/catalogo\/#website","url":"https:\/\/letrame.com\/catalogo\/","name":"Catalogo | Letrame Grupo Editorial","description":"","publisher":{"@id":"https:\/\/letrame.com\/catalogo\/#organization"},"potentialAction":[{"@type":"SearchAction","target":{"@type":"EntryPoint","urlTemplate":"https:\/\/letrame.com\/catalogo\/?s={search_term_string}"},"query-input":{"@type":"PropertyValueSpecification","valueRequired":true,"valueName":"search_term_string"}}],"inLanguage":"es"},{"@type":"Organization","@id":"https:\/\/letrame.com\/catalogo\/#organization","name":"Catalogo | Letrame Grupo Editorial","url":"https:\/\/letrame.com\/catalogo\/","logo":{"@type":"ImageObject","inLanguage":"es","@id":"https:\/\/letrame.com\/catalogo\/#\/schema\/logo\/image\/","url":"https:\/\/letrame.com\/catalogo\/wp-content\/uploads\/2024\/03\/logo2.webp","contentUrl":"https:\/\/letrame.com\/catalogo\/wp-content\/uploads\/2024\/03\/logo2.webp","width":394,"height":128,"caption":"Catalogo | Letrame Grupo Editorial"},"image":{"@id":"https:\/\/letrame.com\/catalogo\/#\/schema\/logo\/image\/"}}]}},"_links":{"self":[{"href":"https:\/\/letrame.com\/catalogo\/wp-json\/wp\/v2\/product\/101805","targetHints":{"allow":["GET"]}}],"collection":[{"href":"https:\/\/letrame.com\/catalogo\/wp-json\/wp\/v2\/product"}],"about":[{"href":"https:\/\/letrame.com\/catalogo\/wp-json\/wp\/v2\/types\/product"}],"replies":[{"embeddable":true,"href":"https:\/\/letrame.com\/catalogo\/wp-json\/wp\/v2\/comments?post=101805"}],"acf:post":[{"embeddable":true,"href":"https:\/\/letrame.com\/catalogo\/wp-json\/wp\/v2\/author_book\/76048"}],"wp:featuredmedia":[{"embeddable":true,"href":"https:\/\/letrame.com\/catalogo\/wp-json\/wp\/v2\/media\/101815"}],"wp:attachment":[{"href":"https:\/\/letrame.com\/catalogo\/wp-json\/wp\/v2\/media?parent=101805"}],"wp:term":[{"taxonomy":"libro","embeddable":true,"href":"https:\/\/letrame.com\/catalogo\/wp-json\/wp\/v2\/libro?post=101805"},{"taxonomy":"product_brand","embeddable":true,"href":"https:\/\/letrame.com\/catalogo\/wp-json\/wp\/v2\/product_brand?post=101805"},{"taxonomy":"product_cat","embeddable":true,"href":"https:\/\/letrame.com\/catalogo\/wp-json\/wp\/v2\/product_cat?post=101805"},{"taxonomy":"product_tag","embeddable":true,"href":"https:\/\/letrame.com\/catalogo\/wp-json\/wp\/v2\/product_tag?post=101805"}],"curies":[{"name":"wp","href":"https:\/\/api.w.org\/{rel}","templated":true}]}}