{"id":101785,"date":"2024-07-17T10:56:00","date_gmt":"2024-07-17T08:56:00","guid":{"rendered":"https:\/\/letrame.com\/catalogo\/?post_type=product&#038;p=101785"},"modified":"2024-07-17T10:56:01","modified_gmt":"2024-07-17T08:56:01","slug":"suenos-encuentros-y-despertares","status":"publish","type":"product","link":"https:\/\/letrame.com\/catalogo\/producto\/suenos-encuentros-y-despertares\/","title":{"rendered":"SUEN\u0303OS, ENCUENTROS Y DESPERTARES"},"content":{"rendered":"<p>ISBN: 978-84-1181-535-2<\/p>\n<p>T\u00edtulo: SUEN\u0303OS, ENCUENTROS Y DESPERTARES<\/p>\n<p>Fecha: 2023<\/p>\n<p>P\u00e1ginas: 82<\/p>\n<p>SINOPSIS<\/p>\n<p>Algunos, yo uno de ellos, somos persistentes. Insistimos, en la tarde del d\u00eda, en expresar y compartir, aunque a tropiezos, algo de lo vivido, lo que hoy vivimos o retenemos vivo en la memoria, lo que deseamos. Lo que hemos o no construido, o que descubrimos en sue\u00f1os; a veces quien nos habita y complementa desde lo profundo de nosotros mismos. Mas all\u00e1 de las apariencias y lo caminado. Tambi\u00e9n nuestras creencias acerca de aquel otro futuro que nos viene a cada uno. Si se trata de compartir, dialogar, quiz\u00e1s por eso he retornado al aula, aunque cre\u00eda hacerlo por motivos m\u00e1s profanos.<\/p>\n<p>&nbsp;<\/p>\n<p>Algunos en esta parte del camino retoman tareas antiguas, otros adquieren campo y se vuelven labradores tard\u00edos, otros los pintores que nunca fueron y otros escribimos. Mejor es decir que lo intentamos y, perdido algo del pudor, si el objetivo es dialogar, en mi caso, hasta lo publicamos.<\/p>\n<p>&nbsp;<\/p>\n<p>Al fin, algunos intentan algo nuevo, aunque de las conversaciones me resulta evidente que la mayor\u00eda retoma aquello que le gustaba y que dej\u00f3 porque opt\u00f3 irse por otro camino por fuerza o necesidad, por temor a carecer de capacidad, destreza o talento suficientes, o simplemente porque as\u00ed lo quiso. Ahora, dando ya lo mismo, a pesar del desuso y la herrumbre se aplica a ello, lo que dej\u00f3, con gusto. Y ese es el caso aqu\u00ed.<\/p>\n<p>&nbsp;<\/p>\n<p>As\u00ed que se trata de repasar, repensar, proyectar, so\u00f1ar y haci\u00e9ndolo, dialogar con quien lea esto que escribo y Dios quiera algo le resuene o le sea grato. Yo creo saber lo que digo y no digo, lo que parece se dice, pero no se dice. As\u00ed cada uno supone y en realidad proyecta lo suyo. Quiz\u00e1s, incluso yo me enga\u00f1o con lo creo est\u00e1 escrito.<\/p>\n<p>&nbsp;<\/p>\n<p>Seguro puede haber alguien ajeno que si adivina y tambi\u00e9n alguien cercano o cercana que sabe y le resulta evidente lo dicho. Porque siempre hay lo que ocultar no se pudo, o no se quiso, siempre algo se filtra en lo escrito de lo aprendido, sea con dolor por lo perdido o con la gratitud por lo recibido.<\/p>\n<p>&nbsp;<\/p>\n<p>As\u00ed que escribo agradecido de hacer algo que dej\u00e9 en la infancia y juventud. Usar lo que resta de aquello que nunca sabr\u00e9 si se tuvo, como algunos creyeron, y darle un espacio peque\u00f1o pero posible y por ello, a\u00fan m\u00e1s querido.<\/p>\n<p>&nbsp;<\/p>\n","protected":false},"excerpt":{"rendered":"<p>ISBN: 978-84-1181-535-2<\/p>\n<p>&nbsp;<\/p>\n<p>SINOPSIS<\/p>\n<p>Algunos, yo uno de ellos, somos persistentes. Insistimos, en la tarde del d\u00eda, en expresar y compartir, aunque a tropiezos, algo de lo vivido, lo que hoy vivimos o retenemos vivo en la memoria, lo que deseamos. Lo que hemos o no construido, o que descubrimos en sue\u00f1os; a veces quien nos habita y complementa desde lo profundo de nosotros mismos. Mas all\u00e1 de las apariencias y lo caminado. Tambi\u00e9n nuestras creencias acerca de aquel otro futuro que nos viene a cada uno. Si se trata de compartir, dialogar, quiz\u00e1s por eso he retornado al aula, aunque cre\u00eda hacerlo por motivos m\u00e1s profanos.<\/p>\n<p>&nbsp;<\/p>\n<p>Algunos en esta parte del camino retoman tareas antiguas, otros adquieren campo y se vuelven labradores tard\u00edos, otros los pintores que nunca fueron y otros escribimos. Mejor es decir que lo intentamos y, perdido algo del pudor, si el objetivo es dialogar, en mi caso, hasta lo publicamos.<\/p>\n<p>&nbsp;<\/p>\n<p>Al fin, algunos intentan algo nuevo, aunque de las conversaciones me resulta evidente que la mayor\u00eda retoma aquello que le gustaba y que dej\u00f3 porque opt\u00f3 irse por otro camino por fuerza o necesidad, por temor a carecer de capacidad, destreza o talento suficientes, o simplemente porque as\u00ed lo quiso. Ahora, dando ya lo mismo, a pesar del desuso y la herrumbre se aplica a ello, lo que dej\u00f3, con gusto. Y ese es el caso aqu\u00ed.<\/p>\n<p>&nbsp;<\/p>\n<p>As\u00ed que se trata de repasar, repensar, proyectar, so\u00f1ar y haci\u00e9ndolo, dialogar con quien lea esto que escribo y Dios quiera algo le resuene o le sea grato. Yo creo saber lo que digo y no digo, lo que parece se dice, pero no se dice. As\u00ed cada uno supone y en realidad proyecta lo suyo. Quiz\u00e1s, incluso yo me enga\u00f1o con lo creo est\u00e1 escrito.<\/p>\n<p>&nbsp;<\/p>\n<p>Seguro puede haber alguien ajeno que si adivina y tambi\u00e9n alguien cercano o cercana que sabe y le resulta evidente lo dicho. Porque siempre hay lo que ocultar no se pudo, o no se quiso, siempre algo se filtra en lo escrito de lo aprendido, sea con dolor por lo perdido o con la gratitud por lo recibido.<\/p>\n<p>&nbsp;<\/p>\n<p>As\u00ed que escribo agradecido de hacer algo que dej\u00e9 en la infancia y juventud. Usar lo que resta de aquello que nunca sabr\u00e9 si se tuvo, como algunos creyeron, y darle un espacio peque\u00f1o pero posible y por ello, a\u00fan m\u00e1s querido.<\/p>\n<p>&nbsp;<\/p>\n","protected":false},"featured_media":101787,"comment_status":"open","ping_status":"closed","template":"","meta":{"_acf_changed":false},"libro":[],"product_brand":[],"product_cat":[20],"product_tag":[],"class_list":{"0":"post-101785","1":"product","2":"type-product","3":"status-publish","4":"has-post-thumbnail","6":"product_cat-poesia","8":"first","9":"instock","10":"shipping-taxable","11":"product-type-simple"},"acf":{"autor":[75654],"enlace_de_compra":"https:\/\/amzn.to\/4cHA70V"},"yoast_head":"<!-- This site is optimized with the Yoast SEO plugin v27.4 - https:\/\/yoast.com\/product\/yoast-seo-wordpress\/ -->\n<title>SUEN\u0303OS, ENCUENTROS Y DESPERTARES - Catalogo | Letrame Grupo Editorial<\/title>\n<meta name=\"robots\" content=\"index, follow, max-snippet:-1, max-image-preview:large, max-video-preview:-1\" \/>\n<link rel=\"canonical\" href=\"https:\/\/letrame.com\/catalogo\/producto\/suenos-encuentros-y-despertares\/\" \/>\n<meta property=\"og:locale\" content=\"es_ES\" \/>\n<meta property=\"og:type\" content=\"article\" \/>\n<meta property=\"og:title\" content=\"SUEN\u0303OS, ENCUENTROS Y DESPERTARES - Catalogo | Letrame Grupo Editorial\" \/>\n<meta property=\"og:description\" content=\"ISBN: 978-84-1181-535-2  &nbsp;  SINOPSIS  Algunos, yo uno de ellos, somos persistentes. Insistimos, en la tarde del d\u00eda, en expresar y compartir, aunque a tropiezos, algo de lo vivido, lo que hoy vivimos o retenemos vivo en la memoria, lo que deseamos. Lo que hemos o no construido, o que descubrimos en sue\u00f1os; a veces quien nos habita y complementa desde lo profundo de nosotros mismos. Mas all\u00e1 de las apariencias y lo caminado. Tambi\u00e9n nuestras creencias acerca de aquel otro futuro que nos viene a cada uno. Si se trata de compartir, dialogar, quiz\u00e1s por eso he retornado al aula, aunque cre\u00eda hacerlo por motivos m\u00e1s profanos.  &nbsp;  Algunos en esta parte del camino retoman tareas antiguas, otros adquieren campo y se vuelven labradores tard\u00edos, otros los pintores que nunca fueron y otros escribimos. Mejor es decir que lo intentamos y, perdido algo del pudor, si el objetivo es dialogar, en mi caso, hasta lo publicamos.  &nbsp;  Al fin, algunos intentan algo nuevo, aunque de las conversaciones me resulta evidente que la mayor\u00eda retoma aquello que le gustaba y que dej\u00f3 porque opt\u00f3 irse por otro camino por fuerza o necesidad, por temor a carecer de capacidad, destreza o talento suficientes, o simplemente porque as\u00ed lo quiso. Ahora, dando ya lo mismo, a pesar del desuso y la herrumbre se aplica a ello, lo que dej\u00f3, con gusto. Y ese es el caso aqu\u00ed.  &nbsp;  As\u00ed que se trata de repasar, repensar, proyectar, so\u00f1ar y haci\u00e9ndolo, dialogar con quien lea esto que escribo y Dios quiera algo le resuene o le sea grato. Yo creo saber lo que digo y no digo, lo que parece se dice, pero no se dice. As\u00ed cada uno supone y en realidad proyecta lo suyo. Quiz\u00e1s, incluso yo me enga\u00f1o con lo creo est\u00e1 escrito.  &nbsp;  Seguro puede haber alguien ajeno que si adivina y tambi\u00e9n alguien cercano o cercana que sabe y le resulta evidente lo dicho. Porque siempre hay lo que ocultar no se pudo, o no se quiso, siempre algo se filtra en lo escrito de lo aprendido, sea con dolor por lo perdido o con la gratitud por lo recibido.  &nbsp;  As\u00ed que escribo agradecido de hacer algo que dej\u00e9 en la infancia y juventud. Usar lo que resta de aquello que nunca sabr\u00e9 si se tuvo, como algunos creyeron, y darle un espacio peque\u00f1o pero posible y por ello, a\u00fan m\u00e1s querido.  &nbsp;\" \/>\n<meta property=\"og:url\" content=\"https:\/\/letrame.com\/catalogo\/producto\/suenos-encuentros-y-despertares\/\" \/>\n<meta property=\"og:site_name\" content=\"Catalogo | Letrame Grupo Editorial\" \/>\n<meta property=\"article:modified_time\" content=\"2024-07-17T08:56:01+00:00\" \/>\n<meta property=\"og:image\" content=\"https:\/\/letrame.com\/catalogo\/wp-content\/uploads\/2024\/07\/webportada_suenosencuentros_6mm-compressed.jpg\" \/>\n\t<meta property=\"og:image:width\" content=\"1654\" \/>\n\t<meta property=\"og:image:height\" content=\"2362\" \/>\n\t<meta property=\"og:image:type\" content=\"image\/jpeg\" \/>\n<meta name=\"twitter:card\" content=\"summary_large_image\" \/>\n<meta name=\"twitter:label1\" content=\"Tiempo de lectura\" \/>\n\t<meta name=\"twitter:data1\" content=\"2 minutos\" \/>\n<script type=\"application\/ld+json\" class=\"yoast-schema-graph\">{\"@context\":\"https:\\\/\\\/schema.org\",\"@graph\":[{\"@type\":\"WebPage\",\"@id\":\"https:\\\/\\\/letrame.com\\\/catalogo\\\/producto\\\/suenos-encuentros-y-despertares\\\/\",\"url\":\"https:\\\/\\\/letrame.com\\\/catalogo\\\/producto\\\/suenos-encuentros-y-despertares\\\/\",\"name\":\"SUEN\u0303OS, ENCUENTROS Y DESPERTARES - Catalogo | Letrame Grupo Editorial\",\"isPartOf\":{\"@id\":\"https:\\\/\\\/letrame.com\\\/catalogo\\\/#website\"},\"primaryImageOfPage\":{\"@id\":\"https:\\\/\\\/letrame.com\\\/catalogo\\\/producto\\\/suenos-encuentros-y-despertares\\\/#primaryimage\"},\"image\":{\"@id\":\"https:\\\/\\\/letrame.com\\\/catalogo\\\/producto\\\/suenos-encuentros-y-despertares\\\/#primaryimage\"},\"thumbnailUrl\":\"https:\\\/\\\/letrame.com\\\/catalogo\\\/wp-content\\\/uploads\\\/2024\\\/07\\\/webportada_suenosencuentros_6mm-compressed.jpg\",\"datePublished\":\"2024-07-17T08:56:00+00:00\",\"dateModified\":\"2024-07-17T08:56:01+00:00\",\"breadcrumb\":{\"@id\":\"https:\\\/\\\/letrame.com\\\/catalogo\\\/producto\\\/suenos-encuentros-y-despertares\\\/#breadcrumb\"},\"inLanguage\":\"es\",\"potentialAction\":[{\"@type\":\"ReadAction\",\"target\":[\"https:\\\/\\\/letrame.com\\\/catalogo\\\/producto\\\/suenos-encuentros-y-despertares\\\/\"]}]},{\"@type\":\"ImageObject\",\"inLanguage\":\"es\",\"@id\":\"https:\\\/\\\/letrame.com\\\/catalogo\\\/producto\\\/suenos-encuentros-y-despertares\\\/#primaryimage\",\"url\":\"https:\\\/\\\/letrame.com\\\/catalogo\\\/wp-content\\\/uploads\\\/2024\\\/07\\\/webportada_suenosencuentros_6mm-compressed.jpg\",\"contentUrl\":\"https:\\\/\\\/letrame.com\\\/catalogo\\\/wp-content\\\/uploads\\\/2024\\\/07\\\/webportada_suenosencuentros_6mm-compressed.jpg\",\"width\":1654,\"height\":2362},{\"@type\":\"BreadcrumbList\",\"@id\":\"https:\\\/\\\/letrame.com\\\/catalogo\\\/producto\\\/suenos-encuentros-y-despertares\\\/#breadcrumb\",\"itemListElement\":[{\"@type\":\"ListItem\",\"position\":1,\"name\":\"Portada\",\"item\":\"https:\\\/\\\/letrame.com\\\/catalogo\\\/\"},{\"@type\":\"ListItem\",\"position\":2,\"name\":\"Cat\u00e1logo\",\"item\":\"https:\\\/\\\/letrame.com\\\/catalogo\\\/\"},{\"@type\":\"ListItem\",\"position\":3,\"name\":\"SUEN\u0303OS, ENCUENTROS Y DESPERTARES\"}]},{\"@type\":\"WebSite\",\"@id\":\"https:\\\/\\\/letrame.com\\\/catalogo\\\/#website\",\"url\":\"https:\\\/\\\/letrame.com\\\/catalogo\\\/\",\"name\":\"Catalogo | Letrame Grupo Editorial\",\"description\":\"\",\"publisher\":{\"@id\":\"https:\\\/\\\/letrame.com\\\/catalogo\\\/#organization\"},\"potentialAction\":[{\"@type\":\"SearchAction\",\"target\":{\"@type\":\"EntryPoint\",\"urlTemplate\":\"https:\\\/\\\/letrame.com\\\/catalogo\\\/?s={search_term_string}\"},\"query-input\":{\"@type\":\"PropertyValueSpecification\",\"valueRequired\":true,\"valueName\":\"search_term_string\"}}],\"inLanguage\":\"es\"},{\"@type\":\"Organization\",\"@id\":\"https:\\\/\\\/letrame.com\\\/catalogo\\\/#organization\",\"name\":\"Catalogo | Letrame Grupo Editorial\",\"url\":\"https:\\\/\\\/letrame.com\\\/catalogo\\\/\",\"logo\":{\"@type\":\"ImageObject\",\"inLanguage\":\"es\",\"@id\":\"https:\\\/\\\/letrame.com\\\/catalogo\\\/#\\\/schema\\\/logo\\\/image\\\/\",\"url\":\"https:\\\/\\\/letrame.com\\\/catalogo\\\/wp-content\\\/uploads\\\/2024\\\/03\\\/logo2.webp\",\"contentUrl\":\"https:\\\/\\\/letrame.com\\\/catalogo\\\/wp-content\\\/uploads\\\/2024\\\/03\\\/logo2.webp\",\"width\":394,\"height\":128,\"caption\":\"Catalogo | Letrame Grupo Editorial\"},\"image\":{\"@id\":\"https:\\\/\\\/letrame.com\\\/catalogo\\\/#\\\/schema\\\/logo\\\/image\\\/\"}}]}<\/script>\n<!-- \/ Yoast SEO plugin. -->","yoast_head_json":{"title":"SUEN\u0303OS, ENCUENTROS Y DESPERTARES - Catalogo | Letrame Grupo Editorial","robots":{"index":"index","follow":"follow","max-snippet":"max-snippet:-1","max-image-preview":"max-image-preview:large","max-video-preview":"max-video-preview:-1"},"canonical":"https:\/\/letrame.com\/catalogo\/producto\/suenos-encuentros-y-despertares\/","og_locale":"es_ES","og_type":"article","og_title":"SUEN\u0303OS, ENCUENTROS Y DESPERTARES - Catalogo | Letrame Grupo Editorial","og_description":"ISBN: 978-84-1181-535-2  &nbsp;  SINOPSIS  Algunos, yo uno de ellos, somos persistentes. Insistimos, en la tarde del d\u00eda, en expresar y compartir, aunque a tropiezos, algo de lo vivido, lo que hoy vivimos o retenemos vivo en la memoria, lo que deseamos. Lo que hemos o no construido, o que descubrimos en sue\u00f1os; a veces quien nos habita y complementa desde lo profundo de nosotros mismos. Mas all\u00e1 de las apariencias y lo caminado. Tambi\u00e9n nuestras creencias acerca de aquel otro futuro que nos viene a cada uno. Si se trata de compartir, dialogar, quiz\u00e1s por eso he retornado al aula, aunque cre\u00eda hacerlo por motivos m\u00e1s profanos.  &nbsp;  Algunos en esta parte del camino retoman tareas antiguas, otros adquieren campo y se vuelven labradores tard\u00edos, otros los pintores que nunca fueron y otros escribimos. Mejor es decir que lo intentamos y, perdido algo del pudor, si el objetivo es dialogar, en mi caso, hasta lo publicamos.  &nbsp;  Al fin, algunos intentan algo nuevo, aunque de las conversaciones me resulta evidente que la mayor\u00eda retoma aquello que le gustaba y que dej\u00f3 porque opt\u00f3 irse por otro camino por fuerza o necesidad, por temor a carecer de capacidad, destreza o talento suficientes, o simplemente porque as\u00ed lo quiso. Ahora, dando ya lo mismo, a pesar del desuso y la herrumbre se aplica a ello, lo que dej\u00f3, con gusto. Y ese es el caso aqu\u00ed.  &nbsp;  As\u00ed que se trata de repasar, repensar, proyectar, so\u00f1ar y haci\u00e9ndolo, dialogar con quien lea esto que escribo y Dios quiera algo le resuene o le sea grato. Yo creo saber lo que digo y no digo, lo que parece se dice, pero no se dice. As\u00ed cada uno supone y en realidad proyecta lo suyo. Quiz\u00e1s, incluso yo me enga\u00f1o con lo creo est\u00e1 escrito.  &nbsp;  Seguro puede haber alguien ajeno que si adivina y tambi\u00e9n alguien cercano o cercana que sabe y le resulta evidente lo dicho. Porque siempre hay lo que ocultar no se pudo, o no se quiso, siempre algo se filtra en lo escrito de lo aprendido, sea con dolor por lo perdido o con la gratitud por lo recibido.  &nbsp;  As\u00ed que escribo agradecido de hacer algo que dej\u00e9 en la infancia y juventud. Usar lo que resta de aquello que nunca sabr\u00e9 si se tuvo, como algunos creyeron, y darle un espacio peque\u00f1o pero posible y por ello, a\u00fan m\u00e1s querido.  &nbsp;","og_url":"https:\/\/letrame.com\/catalogo\/producto\/suenos-encuentros-y-despertares\/","og_site_name":"Catalogo | Letrame Grupo Editorial","article_modified_time":"2024-07-17T08:56:01+00:00","og_image":[{"width":1654,"height":2362,"url":"https:\/\/letrame.com\/catalogo\/wp-content\/uploads\/2024\/07\/webportada_suenosencuentros_6mm-compressed.jpg","type":"image\/jpeg"}],"twitter_card":"summary_large_image","twitter_misc":{"Tiempo de lectura":"2 minutos"},"schema":{"@context":"https:\/\/schema.org","@graph":[{"@type":"WebPage","@id":"https:\/\/letrame.com\/catalogo\/producto\/suenos-encuentros-y-despertares\/","url":"https:\/\/letrame.com\/catalogo\/producto\/suenos-encuentros-y-despertares\/","name":"SUEN\u0303OS, ENCUENTROS Y DESPERTARES - Catalogo | Letrame Grupo Editorial","isPartOf":{"@id":"https:\/\/letrame.com\/catalogo\/#website"},"primaryImageOfPage":{"@id":"https:\/\/letrame.com\/catalogo\/producto\/suenos-encuentros-y-despertares\/#primaryimage"},"image":{"@id":"https:\/\/letrame.com\/catalogo\/producto\/suenos-encuentros-y-despertares\/#primaryimage"},"thumbnailUrl":"https:\/\/letrame.com\/catalogo\/wp-content\/uploads\/2024\/07\/webportada_suenosencuentros_6mm-compressed.jpg","datePublished":"2024-07-17T08:56:00+00:00","dateModified":"2024-07-17T08:56:01+00:00","breadcrumb":{"@id":"https:\/\/letrame.com\/catalogo\/producto\/suenos-encuentros-y-despertares\/#breadcrumb"},"inLanguage":"es","potentialAction":[{"@type":"ReadAction","target":["https:\/\/letrame.com\/catalogo\/producto\/suenos-encuentros-y-despertares\/"]}]},{"@type":"ImageObject","inLanguage":"es","@id":"https:\/\/letrame.com\/catalogo\/producto\/suenos-encuentros-y-despertares\/#primaryimage","url":"https:\/\/letrame.com\/catalogo\/wp-content\/uploads\/2024\/07\/webportada_suenosencuentros_6mm-compressed.jpg","contentUrl":"https:\/\/letrame.com\/catalogo\/wp-content\/uploads\/2024\/07\/webportada_suenosencuentros_6mm-compressed.jpg","width":1654,"height":2362},{"@type":"BreadcrumbList","@id":"https:\/\/letrame.com\/catalogo\/producto\/suenos-encuentros-y-despertares\/#breadcrumb","itemListElement":[{"@type":"ListItem","position":1,"name":"Portada","item":"https:\/\/letrame.com\/catalogo\/"},{"@type":"ListItem","position":2,"name":"Cat\u00e1logo","item":"https:\/\/letrame.com\/catalogo\/"},{"@type":"ListItem","position":3,"name":"SUEN\u0303OS, ENCUENTROS Y DESPERTARES"}]},{"@type":"WebSite","@id":"https:\/\/letrame.com\/catalogo\/#website","url":"https:\/\/letrame.com\/catalogo\/","name":"Catalogo | Letrame Grupo Editorial","description":"","publisher":{"@id":"https:\/\/letrame.com\/catalogo\/#organization"},"potentialAction":[{"@type":"SearchAction","target":{"@type":"EntryPoint","urlTemplate":"https:\/\/letrame.com\/catalogo\/?s={search_term_string}"},"query-input":{"@type":"PropertyValueSpecification","valueRequired":true,"valueName":"search_term_string"}}],"inLanguage":"es"},{"@type":"Organization","@id":"https:\/\/letrame.com\/catalogo\/#organization","name":"Catalogo | Letrame Grupo Editorial","url":"https:\/\/letrame.com\/catalogo\/","logo":{"@type":"ImageObject","inLanguage":"es","@id":"https:\/\/letrame.com\/catalogo\/#\/schema\/logo\/image\/","url":"https:\/\/letrame.com\/catalogo\/wp-content\/uploads\/2024\/03\/logo2.webp","contentUrl":"https:\/\/letrame.com\/catalogo\/wp-content\/uploads\/2024\/03\/logo2.webp","width":394,"height":128,"caption":"Catalogo | Letrame Grupo Editorial"},"image":{"@id":"https:\/\/letrame.com\/catalogo\/#\/schema\/logo\/image\/"}}]}},"_links":{"self":[{"href":"https:\/\/letrame.com\/catalogo\/wp-json\/wp\/v2\/product\/101785","targetHints":{"allow":["GET"]}}],"collection":[{"href":"https:\/\/letrame.com\/catalogo\/wp-json\/wp\/v2\/product"}],"about":[{"href":"https:\/\/letrame.com\/catalogo\/wp-json\/wp\/v2\/types\/product"}],"replies":[{"embeddable":true,"href":"https:\/\/letrame.com\/catalogo\/wp-json\/wp\/v2\/comments?post=101785"}],"acf:post":[{"embeddable":true,"href":"https:\/\/letrame.com\/catalogo\/wp-json\/wp\/v2\/author_book\/75654"}],"wp:featuredmedia":[{"embeddable":true,"href":"https:\/\/letrame.com\/catalogo\/wp-json\/wp\/v2\/media\/101787"}],"wp:attachment":[{"href":"https:\/\/letrame.com\/catalogo\/wp-json\/wp\/v2\/media?parent=101785"}],"wp:term":[{"taxonomy":"libro","embeddable":true,"href":"https:\/\/letrame.com\/catalogo\/wp-json\/wp\/v2\/libro?post=101785"},{"taxonomy":"product_brand","embeddable":true,"href":"https:\/\/letrame.com\/catalogo\/wp-json\/wp\/v2\/product_brand?post=101785"},{"taxonomy":"product_cat","embeddable":true,"href":"https:\/\/letrame.com\/catalogo\/wp-json\/wp\/v2\/product_cat?post=101785"},{"taxonomy":"product_tag","embeddable":true,"href":"https:\/\/letrame.com\/catalogo\/wp-json\/wp\/v2\/product_tag?post=101785"}],"curies":[{"name":"wp","href":"https:\/\/api.w.org\/{rel}","templated":true}]}}