{"id":101706,"date":"2024-07-11T15:19:13","date_gmt":"2024-07-11T13:19:13","guid":{"rendered":"https:\/\/letrame.com\/catalogo\/?post_type=product&#038;p=101706"},"modified":"2024-07-11T15:19:13","modified_gmt":"2024-07-11T13:19:13","slug":"por-todo-lo-que-esta-por-vivir","status":"publish","type":"product","link":"https:\/\/letrame.com\/catalogo\/producto\/por-todo-lo-que-esta-por-vivir\/","title":{"rendered":"Por todo lo que est\u00e1 por VIVIR"},"content":{"rendered":"<p class=\"p1\">ISBN: 9788410684119<\/p>\n<p class=\"p1\">T\u00edtulo: Por todo lo que est\u00e1 por VIVIR<br \/>\nFecha:2024<br \/>\nP\u00e1ginas: 270<\/p>\n<p class=\"p1\">SINOPSIS<\/p>\n<div id=\"bookDescription_feature_div\" class=\"celwidget\" data-feature-name=\"bookDescription\" data-csa-c-type=\"widget\" data-csa-c-content-id=\"bookDescription\" data-csa-c-slot-id=\"bookDescription_feature_div\" data-csa-c-asin=\"841068411X\" data-csa-c-is-in-initial-active-row=\"false\" data-csa-c-id=\"bq26ap-veqe9x-ul2y5o-z9h6pr\" data-cel-widget=\"bookDescription_feature_div\">\n<div class=\"a-expander-collapsed-height a-row a-expander-container a-spacing-base a-expander-partial-collapse-container\" data-a-expander-name=\"book_description_expander\" data-a-expander-collapsed-height=\"280\">\n<div class=\"a-expander-content a-expander-partial-collapse-content\" data-expanded=\"false\">Valiente quien dijo nunca m\u00e1s, y no volvi\u00f3 a ser jam\u00e1s.<br \/>\nTe invito a navegar en un mar lleno de aprendizaje, en este trocito tan m\u00edo como ahora nuestro. Te invito a quererte m\u00e1s bien que mucho, a soltar lo que duele y dejar a un lado el qu\u00e9 dir\u00e1n. Te invito a que me acompa\u00f1es en mis momentos m\u00e1s vulnerables, en esos donde soy sin miedo a ser. Te invito a retarte y abrazarte fuerte, a convertirte en tu lugar seguro, a valorar la importancia de la salud mental y llenarte de primeras veces.<br \/>\nDespu\u00e9s de mucho entend\u00ed que el amor empieza en uno mismo, y que el amor propio es la base de todo. Aprend\u00ed a vivirme en cada etapa y sentirme viva en cada una de ellas. Que la vida es ahora y dejarse para despu\u00e9s es una locura que condena en la tristeza.<br \/>\nQue estamos aqu\u00ed para vivirlo, para intentarlo, para triunfar. Que existe gente muy bonita ah\u00ed fuera, quien merece lo mejor porque supo estar en lo peor, y fue ah\u00ed, justo ah\u00ed, cuando entend\u00ed que hogar no siempre significa lugar, que existen abrazos donde siempre apetece quedarse cinco minutitos m\u00e1s, y eso, eso s\u00ed que es fortuna.<\/div>\n<\/div>\n<\/div>\n<div id=\"globalStoreInfoBullets_feature_div\" class=\"celwidget\" data-feature-name=\"globalStoreInfoBullets\" data-csa-c-type=\"widget\" data-csa-c-content-id=\"globalStoreInfoBullets\" data-csa-c-slot-id=\"globalStoreInfoBullets_feature_div\" data-csa-c-asin=\"841068411X\" data-csa-c-is-in-initial-active-row=\"false\" data-csa-c-id=\"aoftlf-5zh2ed-ldnrpd-9y8t12\" data-cel-widget=\"globalStoreInfoBullets_feature_div\"><\/div>\n<div id=\"buyingOptionNostosBadge_feature_div\" class=\"celwidget\" data-feature-name=\"buyingOptionNostosBadge\" data-csa-c-type=\"widget\" data-csa-c-content-id=\"buyingOptionNostosBadge\" data-csa-c-slot-id=\"buyingOptionNostosBadge_feature_div\" data-csa-c-asin=\"841068411X\" data-csa-c-is-in-initial-active-row=\"false\" data-csa-c-id=\"ttb5ze-w52et2-rrrym3-smvqcf\" data-cel-widget=\"buyingOptionNostosBadge_feature_div\"><\/div>\n<div id=\"tellAmazon_feature_div\" class=\"celwidget\" data-feature-name=\"tellAmazon\" data-csa-c-type=\"widget\" data-csa-c-content-id=\"tellAmazon\" data-csa-c-slot-id=\"tellAmazon_feature_div\" data-csa-c-asin=\"841068411X\" data-csa-c-is-in-initial-active-row=\"false\" data-csa-c-id=\"ni4k32-2zmxe5-9u7jll-vyh5me\" data-cel-widget=\"tellAmazon_feature_div\">\n<div class=\"celwidget c-f\" data-csa-op-log-render=\"\" data-csa-c-content-id=\"DsUnknown\" data-csa-c-slot-id=\"DsUnknown-2\" data-csa-c-type=\"widget\" data-csa-c-painter=\"tell-amazon-desktop-cards\" data-csa-c-id=\"40bbyb-tvvdn7-uc3zm-fxcori\" data-cel-widget=\"tell-amazon-desktop_DetailPage_1\">\n<div id=\"CardInstanceJAMWOC12TqUItj8ZXLTPbA\" data-card-metrics-id=\"tell-amazon-desktop_DetailPage_1\" data-acp-tracking=\"{}\" data-mix-claimed=\"true\">\n<div class=\"_tell-amazon-desktop_style_tell_amazon_div__1YDZk\" data-asin=\"841068411X\" data-marketplace=\"A1RKKUPIHCS9HS\" data-logged-in=\"true\"><\/div>\n<\/div>\n<\/div>\n<\/div>\n<p>&nbsp;<\/p>\n<p>&nbsp;<\/p>\n","protected":false},"excerpt":{"rendered":"<p class=\"p1\">ISBN: 9788410684119<\/p>\n<p class=\"p1\">SINOPSIS<\/p>\n<div id=\"bookDescription_feature_div\" class=\"celwidget\" data-feature-name=\"bookDescription\" data-csa-c-type=\"widget\" data-csa-c-content-id=\"bookDescription\" data-csa-c-slot-id=\"bookDescription_feature_div\" data-csa-c-asin=\"841068411X\" data-csa-c-is-in-initial-active-row=\"false\" data-csa-c-id=\"bq26ap-veqe9x-ul2y5o-z9h6pr\" data-cel-widget=\"bookDescription_feature_div\">\n<div class=\"a-expander-collapsed-height a-row a-expander-container a-spacing-base a-expander-partial-collapse-container\" data-a-expander-name=\"book_description_expander\" data-a-expander-collapsed-height=\"280\">\n<div class=\"a-expander-content a-expander-partial-collapse-content\" data-expanded=\"false\">Valiente quien dijo nunca m\u00e1s, y no volvi\u00f3 a ser jam\u00e1s.<br \/>\nTe invito a navegar en un mar lleno de aprendizaje, en este trocito tan m\u00edo como ahora nuestro. Te invito a quererte m\u00e1s bien que mucho, a soltar lo que duele y dejar a un lado el qu\u00e9 dir\u00e1n. Te invito a que me acompa\u00f1es en mis momentos m\u00e1s vulnerables, en esos donde soy sin miedo a ser. Te invito a retarte y abrazarte fuerte, a convertirte en tu lugar seguro, a valorar la importancia de la salud mental y llenarte de primeras veces.<br \/>\nDespu\u00e9s de mucho entend\u00ed que el amor empieza en uno mismo, y que el amor propio es la base de todo. Aprend\u00ed a vivirme en cada etapa y sentirme viva en cada una de ellas. Que la vida es ahora y dejarse para despu\u00e9s es una locura que condena en la tristeza.<br \/>\nQue estamos aqu\u00ed para vivirlo, para intentarlo, para triunfar. Que existe gente muy bonita ah\u00ed fuera, quien merece lo mejor porque supo estar en lo peor, y fue ah\u00ed, justo ah\u00ed, cuando entend\u00ed que hogar no siempre significa lugar, que existen abrazos donde siempre apetece quedarse cinco minutitos m\u00e1s, y eso, eso s\u00ed que es fortuna.<\/div>\n<\/div>\n<\/div>\n","protected":false},"featured_media":101710,"comment_status":"open","ping_status":"closed","template":"","meta":{"_acf_changed":false},"libro":[],"product_brand":[],"product_cat":[30],"product_tag":[],"class_list":{"0":"post-101706","1":"product","2":"type-product","3":"status-publish","4":"has-post-thumbnail","6":"product_cat-desarrollo-personal-y-autoconocimiento","8":"first","9":"instock","10":"shipping-taxable","11":"product-type-simple"},"acf":{"autor":[101708],"enlace_de_compra":"https:\/\/amzn.to\/3xTE5oc"},"yoast_head":"<!-- This site is optimized with the Yoast SEO plugin v26.6 - https:\/\/yoast.com\/wordpress\/plugins\/seo\/ -->\n<title>Por todo lo que est\u00e1 por VIVIR - Catalogo | Letrame Grupo Editorial<\/title>\n<meta name=\"robots\" content=\"index, follow, max-snippet:-1, max-image-preview:large, max-video-preview:-1\" \/>\n<link rel=\"canonical\" href=\"https:\/\/letrame.com\/catalogo\/producto\/por-todo-lo-que-esta-por-vivir\/\" \/>\n<meta property=\"og:locale\" content=\"es_ES\" \/>\n<meta property=\"og:type\" content=\"article\" \/>\n<meta property=\"og:title\" content=\"Por todo lo que est\u00e1 por VIVIR - Catalogo | Letrame Grupo Editorial\" \/>\n<meta property=\"og:description\" content=\"ISBN: 9788410684119 SINOPSIS    Valiente quien dijo nunca m\u00e1s, y no volvi\u00f3 a ser jam\u00e1s. Te invito a navegar en un mar lleno de aprendizaje, en este trocito tan m\u00edo como ahora nuestro. Te invito a quererte m\u00e1s bien que mucho, a soltar lo que duele y dejar a un lado el qu\u00e9 dir\u00e1n. Te invito a que me acompa\u00f1es en mis momentos m\u00e1s vulnerables, en esos donde soy sin miedo a ser. Te invito a retarte y abrazarte fuerte, a convertirte en tu lugar seguro, a valorar la importancia de la salud mental y llenarte de primeras veces. Despu\u00e9s de mucho entend\u00ed que el amor empieza en uno mismo, y que el amor propio es la base de todo. Aprend\u00ed a vivirme en cada etapa y sentirme viva en cada una de ellas. Que la vida es ahora y dejarse para despu\u00e9s es una locura que condena en la tristeza. Que estamos aqu\u00ed para vivirlo, para intentarlo, para triunfar. Que existe gente muy bonita ah\u00ed fuera, quien merece lo mejor porque supo estar en lo peor, y fue ah\u00ed, justo ah\u00ed, cuando entend\u00ed que hogar no siempre significa lugar, que existen abrazos donde siempre apetece quedarse cinco minutitos m\u00e1s, y eso, eso s\u00ed que es fortuna.\" \/>\n<meta property=\"og:url\" content=\"https:\/\/letrame.com\/catalogo\/producto\/por-todo-lo-que-esta-por-vivir\/\" \/>\n<meta property=\"og:site_name\" content=\"Catalogo | Letrame Grupo Editorial\" \/>\n<meta property=\"og:image\" content=\"https:\/\/letrame.com\/catalogo\/wp-content\/uploads\/2024\/07\/portodoloque_1528mm4-scaled.jpg\" \/>\n\t<meta property=\"og:image:width\" content=\"1746\" \/>\n\t<meta property=\"og:image:height\" content=\"2560\" \/>\n\t<meta property=\"og:image:type\" content=\"image\/jpeg\" \/>\n<meta name=\"twitter:card\" content=\"summary_large_image\" \/>\n<meta name=\"twitter:label1\" content=\"Tiempo de lectura\" \/>\n\t<meta name=\"twitter:data1\" content=\"2 minutos\" \/>\n<script type=\"application\/ld+json\" class=\"yoast-schema-graph\">{\"@context\":\"https:\/\/schema.org\",\"@graph\":[{\"@type\":\"WebPage\",\"@id\":\"https:\/\/letrame.com\/catalogo\/producto\/por-todo-lo-que-esta-por-vivir\/\",\"url\":\"https:\/\/letrame.com\/catalogo\/producto\/por-todo-lo-que-esta-por-vivir\/\",\"name\":\"Por todo lo que est\u00e1 por VIVIR - Catalogo | Letrame Grupo Editorial\",\"isPartOf\":{\"@id\":\"https:\/\/letrame.com\/catalogo\/#website\"},\"primaryImageOfPage\":{\"@id\":\"https:\/\/letrame.com\/catalogo\/producto\/por-todo-lo-que-esta-por-vivir\/#primaryimage\"},\"image\":{\"@id\":\"https:\/\/letrame.com\/catalogo\/producto\/por-todo-lo-que-esta-por-vivir\/#primaryimage\"},\"thumbnailUrl\":\"https:\/\/letrame.com\/catalogo\/wp-content\/uploads\/2024\/07\/portodoloque_1528mm4-scaled.jpg\",\"datePublished\":\"2024-07-11T13:19:13+00:00\",\"breadcrumb\":{\"@id\":\"https:\/\/letrame.com\/catalogo\/producto\/por-todo-lo-que-esta-por-vivir\/#breadcrumb\"},\"inLanguage\":\"es\",\"potentialAction\":[{\"@type\":\"ReadAction\",\"target\":[\"https:\/\/letrame.com\/catalogo\/producto\/por-todo-lo-que-esta-por-vivir\/\"]}]},{\"@type\":\"ImageObject\",\"inLanguage\":\"es\",\"@id\":\"https:\/\/letrame.com\/catalogo\/producto\/por-todo-lo-que-esta-por-vivir\/#primaryimage\",\"url\":\"https:\/\/letrame.com\/catalogo\/wp-content\/uploads\/2024\/07\/portodoloque_1528mm4-scaled.jpg\",\"contentUrl\":\"https:\/\/letrame.com\/catalogo\/wp-content\/uploads\/2024\/07\/portodoloque_1528mm4-scaled.jpg\",\"width\":1746,\"height\":2560},{\"@type\":\"BreadcrumbList\",\"@id\":\"https:\/\/letrame.com\/catalogo\/producto\/por-todo-lo-que-esta-por-vivir\/#breadcrumb\",\"itemListElement\":[{\"@type\":\"ListItem\",\"position\":1,\"name\":\"Portada\",\"item\":\"https:\/\/letrame.com\/catalogo\/\"},{\"@type\":\"ListItem\",\"position\":2,\"name\":\"Cat\u00e1logo\",\"item\":\"https:\/\/letrame.com\/catalogo\/\"},{\"@type\":\"ListItem\",\"position\":3,\"name\":\"Por todo lo que est\u00e1 por VIVIR\"}]},{\"@type\":\"WebSite\",\"@id\":\"https:\/\/letrame.com\/catalogo\/#website\",\"url\":\"https:\/\/letrame.com\/catalogo\/\",\"name\":\"Catalogo | Letrame Grupo Editorial\",\"description\":\"\",\"publisher\":{\"@id\":\"https:\/\/letrame.com\/catalogo\/#organization\"},\"potentialAction\":[{\"@type\":\"SearchAction\",\"target\":{\"@type\":\"EntryPoint\",\"urlTemplate\":\"https:\/\/letrame.com\/catalogo\/?s={search_term_string}\"},\"query-input\":{\"@type\":\"PropertyValueSpecification\",\"valueRequired\":true,\"valueName\":\"search_term_string\"}}],\"inLanguage\":\"es\"},{\"@type\":\"Organization\",\"@id\":\"https:\/\/letrame.com\/catalogo\/#organization\",\"name\":\"Catalogo | Letrame Grupo Editorial\",\"url\":\"https:\/\/letrame.com\/catalogo\/\",\"logo\":{\"@type\":\"ImageObject\",\"inLanguage\":\"es\",\"@id\":\"https:\/\/letrame.com\/catalogo\/#\/schema\/logo\/image\/\",\"url\":\"https:\/\/letrame.com\/catalogo\/wp-content\/uploads\/2024\/03\/logo2.webp\",\"contentUrl\":\"https:\/\/letrame.com\/catalogo\/wp-content\/uploads\/2024\/03\/logo2.webp\",\"width\":394,\"height\":128,\"caption\":\"Catalogo | Letrame Grupo Editorial\"},\"image\":{\"@id\":\"https:\/\/letrame.com\/catalogo\/#\/schema\/logo\/image\/\"}}]}<\/script>\n<!-- \/ Yoast SEO plugin. -->","yoast_head_json":{"title":"Por todo lo que est\u00e1 por VIVIR - Catalogo | Letrame Grupo Editorial","robots":{"index":"index","follow":"follow","max-snippet":"max-snippet:-1","max-image-preview":"max-image-preview:large","max-video-preview":"max-video-preview:-1"},"canonical":"https:\/\/letrame.com\/catalogo\/producto\/por-todo-lo-que-esta-por-vivir\/","og_locale":"es_ES","og_type":"article","og_title":"Por todo lo que est\u00e1 por VIVIR - Catalogo | Letrame Grupo Editorial","og_description":"ISBN: 9788410684119 SINOPSIS    Valiente quien dijo nunca m\u00e1s, y no volvi\u00f3 a ser jam\u00e1s. Te invito a navegar en un mar lleno de aprendizaje, en este trocito tan m\u00edo como ahora nuestro. Te invito a quererte m\u00e1s bien que mucho, a soltar lo que duele y dejar a un lado el qu\u00e9 dir\u00e1n. Te invito a que me acompa\u00f1es en mis momentos m\u00e1s vulnerables, en esos donde soy sin miedo a ser. Te invito a retarte y abrazarte fuerte, a convertirte en tu lugar seguro, a valorar la importancia de la salud mental y llenarte de primeras veces. Despu\u00e9s de mucho entend\u00ed que el amor empieza en uno mismo, y que el amor propio es la base de todo. Aprend\u00ed a vivirme en cada etapa y sentirme viva en cada una de ellas. Que la vida es ahora y dejarse para despu\u00e9s es una locura que condena en la tristeza. Que estamos aqu\u00ed para vivirlo, para intentarlo, para triunfar. Que existe gente muy bonita ah\u00ed fuera, quien merece lo mejor porque supo estar en lo peor, y fue ah\u00ed, justo ah\u00ed, cuando entend\u00ed que hogar no siempre significa lugar, que existen abrazos donde siempre apetece quedarse cinco minutitos m\u00e1s, y eso, eso s\u00ed que es fortuna.","og_url":"https:\/\/letrame.com\/catalogo\/producto\/por-todo-lo-que-esta-por-vivir\/","og_site_name":"Catalogo | Letrame Grupo Editorial","og_image":[{"width":1746,"height":2560,"url":"https:\/\/letrame.com\/catalogo\/wp-content\/uploads\/2024\/07\/portodoloque_1528mm4-scaled.jpg","type":"image\/jpeg"}],"twitter_card":"summary_large_image","twitter_misc":{"Tiempo de lectura":"2 minutos"},"schema":{"@context":"https:\/\/schema.org","@graph":[{"@type":"WebPage","@id":"https:\/\/letrame.com\/catalogo\/producto\/por-todo-lo-que-esta-por-vivir\/","url":"https:\/\/letrame.com\/catalogo\/producto\/por-todo-lo-que-esta-por-vivir\/","name":"Por todo lo que est\u00e1 por VIVIR - Catalogo | Letrame Grupo Editorial","isPartOf":{"@id":"https:\/\/letrame.com\/catalogo\/#website"},"primaryImageOfPage":{"@id":"https:\/\/letrame.com\/catalogo\/producto\/por-todo-lo-que-esta-por-vivir\/#primaryimage"},"image":{"@id":"https:\/\/letrame.com\/catalogo\/producto\/por-todo-lo-que-esta-por-vivir\/#primaryimage"},"thumbnailUrl":"https:\/\/letrame.com\/catalogo\/wp-content\/uploads\/2024\/07\/portodoloque_1528mm4-scaled.jpg","datePublished":"2024-07-11T13:19:13+00:00","breadcrumb":{"@id":"https:\/\/letrame.com\/catalogo\/producto\/por-todo-lo-que-esta-por-vivir\/#breadcrumb"},"inLanguage":"es","potentialAction":[{"@type":"ReadAction","target":["https:\/\/letrame.com\/catalogo\/producto\/por-todo-lo-que-esta-por-vivir\/"]}]},{"@type":"ImageObject","inLanguage":"es","@id":"https:\/\/letrame.com\/catalogo\/producto\/por-todo-lo-que-esta-por-vivir\/#primaryimage","url":"https:\/\/letrame.com\/catalogo\/wp-content\/uploads\/2024\/07\/portodoloque_1528mm4-scaled.jpg","contentUrl":"https:\/\/letrame.com\/catalogo\/wp-content\/uploads\/2024\/07\/portodoloque_1528mm4-scaled.jpg","width":1746,"height":2560},{"@type":"BreadcrumbList","@id":"https:\/\/letrame.com\/catalogo\/producto\/por-todo-lo-que-esta-por-vivir\/#breadcrumb","itemListElement":[{"@type":"ListItem","position":1,"name":"Portada","item":"https:\/\/letrame.com\/catalogo\/"},{"@type":"ListItem","position":2,"name":"Cat\u00e1logo","item":"https:\/\/letrame.com\/catalogo\/"},{"@type":"ListItem","position":3,"name":"Por todo lo que est\u00e1 por VIVIR"}]},{"@type":"WebSite","@id":"https:\/\/letrame.com\/catalogo\/#website","url":"https:\/\/letrame.com\/catalogo\/","name":"Catalogo | Letrame Grupo Editorial","description":"","publisher":{"@id":"https:\/\/letrame.com\/catalogo\/#organization"},"potentialAction":[{"@type":"SearchAction","target":{"@type":"EntryPoint","urlTemplate":"https:\/\/letrame.com\/catalogo\/?s={search_term_string}"},"query-input":{"@type":"PropertyValueSpecification","valueRequired":true,"valueName":"search_term_string"}}],"inLanguage":"es"},{"@type":"Organization","@id":"https:\/\/letrame.com\/catalogo\/#organization","name":"Catalogo | Letrame Grupo Editorial","url":"https:\/\/letrame.com\/catalogo\/","logo":{"@type":"ImageObject","inLanguage":"es","@id":"https:\/\/letrame.com\/catalogo\/#\/schema\/logo\/image\/","url":"https:\/\/letrame.com\/catalogo\/wp-content\/uploads\/2024\/03\/logo2.webp","contentUrl":"https:\/\/letrame.com\/catalogo\/wp-content\/uploads\/2024\/03\/logo2.webp","width":394,"height":128,"caption":"Catalogo | Letrame Grupo Editorial"},"image":{"@id":"https:\/\/letrame.com\/catalogo\/#\/schema\/logo\/image\/"}}]}},"_links":{"self":[{"href":"https:\/\/letrame.com\/catalogo\/wp-json\/wp\/v2\/product\/101706","targetHints":{"allow":["GET"]}}],"collection":[{"href":"https:\/\/letrame.com\/catalogo\/wp-json\/wp\/v2\/product"}],"about":[{"href":"https:\/\/letrame.com\/catalogo\/wp-json\/wp\/v2\/types\/product"}],"replies":[{"embeddable":true,"href":"https:\/\/letrame.com\/catalogo\/wp-json\/wp\/v2\/comments?post=101706"}],"acf:post":[{"embeddable":true,"href":"https:\/\/letrame.com\/catalogo\/wp-json\/wp\/v2\/author_book\/101708"}],"wp:featuredmedia":[{"embeddable":true,"href":"https:\/\/letrame.com\/catalogo\/wp-json\/wp\/v2\/media\/101710"}],"wp:attachment":[{"href":"https:\/\/letrame.com\/catalogo\/wp-json\/wp\/v2\/media?parent=101706"}],"wp:term":[{"taxonomy":"libro","embeddable":true,"href":"https:\/\/letrame.com\/catalogo\/wp-json\/wp\/v2\/libro?post=101706"},{"taxonomy":"product_brand","embeddable":true,"href":"https:\/\/letrame.com\/catalogo\/wp-json\/wp\/v2\/product_brand?post=101706"},{"taxonomy":"product_cat","embeddable":true,"href":"https:\/\/letrame.com\/catalogo\/wp-json\/wp\/v2\/product_cat?post=101706"},{"taxonomy":"product_tag","embeddable":true,"href":"https:\/\/letrame.com\/catalogo\/wp-json\/wp\/v2\/product_tag?post=101706"}],"curies":[{"name":"wp","href":"https:\/\/api.w.org\/{rel}","templated":true}]}}