{"id":101676,"date":"2024-06-25T16:31:34","date_gmt":"2024-06-25T14:31:34","guid":{"rendered":"https:\/\/letrame.com\/catalogo\/?post_type=product&#038;p=101676"},"modified":"2024-06-25T16:31:34","modified_gmt":"2024-06-25T14:31:34","slug":"volviendo-a-mi-ser","status":"publish","type":"product","link":"https:\/\/letrame.com\/catalogo\/producto\/volviendo-a-mi-ser\/","title":{"rendered":"Volviendo a mi Ser"},"content":{"rendered":"<p class=\"p1\">ISBN: 9788410684089<\/p>\n<p class=\"p1\">T\u00edtulo: Volviendo a mi Ser<\/p>\n<p class=\"p1\">Fecha: 2024<\/p>\n<p class=\"p1\">P\u00e1ginas:\u00a0 102<\/p>\n<p class=\"p1\">SINOPSIS<\/p>\n<p>Lo que encontrar\u00e1s aqu\u00ed es una aventura, un recorrido por tu existencia y todo lo que has cre\u00eddo ser, y una invitaci\u00f3n a dejar de ser lo que no eres.<\/p>\n<p>A trav\u00e9s de la alegor\u00eda de atravesar un puente, deshacerte de todas las piedras que cargas in\u00fatilmente contigo y lanzarlas al r\u00edo para llegar a la otra orilla libre de todo, ir\u00e1s, p\u00e1gina tras p\u00e1gina, tomando conciencia de la senda que te conduce a tu Verdad.<\/p>\n<p>De esta forma, tendr\u00e1s una oportunidad para liberarte de lo que innecesariamente has guardado e ir a un encuentro con tu verdadero Ser.<\/p>\n<p><em>Volviendo a mi Ser<\/em> ofrece una narrativa introspectiva, el uso de met\u00e1foras evocadoras, un lenguaje inspirador y referencias a ense\u00f1anzas espirituales, invitando al lector a un viaje de autodescubrimiento, liberaci\u00f3n y despertar espiritual. El texto utiliza una voz narrativa que gu\u00eda al lector a trav\u00e9s de un proceso de autoexploraci\u00f3n y reflexi\u00f3n, creando un ambiente seguro y propicio para la transformaci\u00f3n personal.<\/p>\n","protected":false},"excerpt":{"rendered":"<p class=\"p1\">ISBN: 9788410684089<\/p>\n<p class=\"p1\">SINOPSIS<\/p>\n<p>Lo que encontrar\u00e1s aqu\u00ed es una aventura, un recorrido por tu existencia y todo lo que has cre\u00eddo ser, y una invitaci\u00f3n a dejar de ser lo que no eres.<\/p>\n<p>A trav\u00e9s de la alegor\u00eda de atravesar un puente, deshacerte de todas las piedras que cargas in\u00fatilmente contigo y lanzarlas al r\u00edo para llegar a la otra orilla libre de todo, ir\u00e1s, p\u00e1gina tras p\u00e1gina, tomando conciencia de la senda que te conduce a tu Verdad.<\/p>\n<p>De esta forma, tendr\u00e1s una oportunidad para liberarte de lo que innecesariamente has guardado e ir a un encuentro con tu verdadero Ser.<\/p>\n<p><em>Volviendo a mi Ser<\/em> ofrece una narrativa introspectiva, el uso de met\u00e1foras evocadoras, un lenguaje inspirador y referencias a ense\u00f1anzas espirituales, invitando al lector a un viaje de autodescubrimiento, liberaci\u00f3n y despertar espiritual. El texto utiliza una voz narrativa que gu\u00eda al lector a trav\u00e9s de un proceso de autoexploraci\u00f3n y reflexi\u00f3n, creando un ambiente seguro y propicio para la transformaci\u00f3n personal.<\/p>\n","protected":false},"featured_media":101678,"comment_status":"open","ping_status":"closed","template":"","meta":{"_acf_changed":false},"libro":[],"product_brand":[],"product_cat":[25],"product_tag":[],"class_list":{"0":"post-101676","1":"product","2":"type-product","3":"status-publish","4":"has-post-thumbnail","6":"product_cat-religion-y-espiritualidad","8":"first","9":"instock","10":"shipping-taxable","11":"product-type-simple"},"acf":{"autor":[101672],"enlace_de_compra":"https:\/\/www.casadellibro.com\/libro-volviendo-a-mi-ser\/9788410684089\/16112280"},"yoast_head":"<!-- This site is optimized with the Yoast SEO plugin v27.4 - https:\/\/yoast.com\/product\/yoast-seo-wordpress\/ -->\n<title>Volviendo a mi Ser - Catalogo | Letrame Grupo Editorial<\/title>\n<meta name=\"robots\" content=\"index, follow, max-snippet:-1, max-image-preview:large, max-video-preview:-1\" \/>\n<link rel=\"canonical\" href=\"https:\/\/letrame.com\/catalogo\/producto\/volviendo-a-mi-ser\/\" \/>\n<meta property=\"og:locale\" content=\"es_ES\" \/>\n<meta property=\"og:type\" content=\"article\" \/>\n<meta property=\"og:title\" content=\"Volviendo a mi Ser - Catalogo | Letrame Grupo Editorial\" \/>\n<meta property=\"og:description\" content=\"ISBN: 9788410684089 SINOPSIS Lo que encontrar\u00e1s aqu\u00ed es una aventura, un recorrido por tu existencia y todo lo que has cre\u00eddo ser, y una invitaci\u00f3n a dejar de ser lo que no eres.  A trav\u00e9s de la alegor\u00eda de atravesar un puente, deshacerte de todas las piedras que cargas in\u00fatilmente contigo y lanzarlas al r\u00edo para llegar a la otra orilla libre de todo, ir\u00e1s, p\u00e1gina tras p\u00e1gina, tomando conciencia de la senda que te conduce a tu Verdad.  De esta forma, tendr\u00e1s una oportunidad para liberarte de lo que innecesariamente has guardado e ir a un encuentro con tu verdadero Ser.  Volviendo a mi Ser ofrece una narrativa introspectiva, el uso de met\u00e1foras evocadoras, un lenguaje inspirador y referencias a ense\u00f1anzas espirituales, invitando al lector a un viaje de autodescubrimiento, liberaci\u00f3n y despertar espiritual. El texto utiliza una voz narrativa que gu\u00eda al lector a trav\u00e9s de un proceso de autoexploraci\u00f3n y reflexi\u00f3n, creando un ambiente seguro y propicio para la transformaci\u00f3n personal.\" \/>\n<meta property=\"og:url\" content=\"https:\/\/letrame.com\/catalogo\/producto\/volviendo-a-mi-ser\/\" \/>\n<meta property=\"og:site_name\" content=\"Catalogo | Letrame Grupo Editorial\" \/>\n<meta property=\"og:image\" content=\"https:\/\/letrame.com\/catalogo\/wp-content\/uploads\/2024\/06\/webp_volveramiser_578mm-compressed.jpg\" \/>\n\t<meta property=\"og:image:width\" content=\"1748\" \/>\n\t<meta property=\"og:image:height\" content=\"2480\" \/>\n\t<meta property=\"og:image:type\" content=\"image\/jpeg\" \/>\n<meta name=\"twitter:card\" content=\"summary_large_image\" \/>\n<meta name=\"twitter:label1\" content=\"Tiempo de lectura\" \/>\n\t<meta name=\"twitter:data1\" content=\"1 minuto\" \/>\n<script type=\"application\/ld+json\" class=\"yoast-schema-graph\">{\"@context\":\"https:\\\/\\\/schema.org\",\"@graph\":[{\"@type\":\"WebPage\",\"@id\":\"https:\\\/\\\/letrame.com\\\/catalogo\\\/producto\\\/volviendo-a-mi-ser\\\/\",\"url\":\"https:\\\/\\\/letrame.com\\\/catalogo\\\/producto\\\/volviendo-a-mi-ser\\\/\",\"name\":\"Volviendo a mi Ser - Catalogo | Letrame Grupo Editorial\",\"isPartOf\":{\"@id\":\"https:\\\/\\\/letrame.com\\\/catalogo\\\/#website\"},\"primaryImageOfPage\":{\"@id\":\"https:\\\/\\\/letrame.com\\\/catalogo\\\/producto\\\/volviendo-a-mi-ser\\\/#primaryimage\"},\"image\":{\"@id\":\"https:\\\/\\\/letrame.com\\\/catalogo\\\/producto\\\/volviendo-a-mi-ser\\\/#primaryimage\"},\"thumbnailUrl\":\"https:\\\/\\\/letrame.com\\\/catalogo\\\/wp-content\\\/uploads\\\/2024\\\/06\\\/webp_volveramiser_578mm-compressed.jpg\",\"datePublished\":\"2024-06-25T14:31:34+00:00\",\"breadcrumb\":{\"@id\":\"https:\\\/\\\/letrame.com\\\/catalogo\\\/producto\\\/volviendo-a-mi-ser\\\/#breadcrumb\"},\"inLanguage\":\"es\",\"potentialAction\":[{\"@type\":\"ReadAction\",\"target\":[\"https:\\\/\\\/letrame.com\\\/catalogo\\\/producto\\\/volviendo-a-mi-ser\\\/\"]}]},{\"@type\":\"ImageObject\",\"inLanguage\":\"es\",\"@id\":\"https:\\\/\\\/letrame.com\\\/catalogo\\\/producto\\\/volviendo-a-mi-ser\\\/#primaryimage\",\"url\":\"https:\\\/\\\/letrame.com\\\/catalogo\\\/wp-content\\\/uploads\\\/2024\\\/06\\\/webp_volveramiser_578mm-compressed.jpg\",\"contentUrl\":\"https:\\\/\\\/letrame.com\\\/catalogo\\\/wp-content\\\/uploads\\\/2024\\\/06\\\/webp_volveramiser_578mm-compressed.jpg\",\"width\":1748,\"height\":2480},{\"@type\":\"BreadcrumbList\",\"@id\":\"https:\\\/\\\/letrame.com\\\/catalogo\\\/producto\\\/volviendo-a-mi-ser\\\/#breadcrumb\",\"itemListElement\":[{\"@type\":\"ListItem\",\"position\":1,\"name\":\"Portada\",\"item\":\"https:\\\/\\\/letrame.com\\\/catalogo\\\/\"},{\"@type\":\"ListItem\",\"position\":2,\"name\":\"Cat\u00e1logo\",\"item\":\"https:\\\/\\\/letrame.com\\\/catalogo\\\/\"},{\"@type\":\"ListItem\",\"position\":3,\"name\":\"Volviendo a mi Ser\"}]},{\"@type\":\"WebSite\",\"@id\":\"https:\\\/\\\/letrame.com\\\/catalogo\\\/#website\",\"url\":\"https:\\\/\\\/letrame.com\\\/catalogo\\\/\",\"name\":\"Catalogo | Letrame Grupo Editorial\",\"description\":\"\",\"publisher\":{\"@id\":\"https:\\\/\\\/letrame.com\\\/catalogo\\\/#organization\"},\"potentialAction\":[{\"@type\":\"SearchAction\",\"target\":{\"@type\":\"EntryPoint\",\"urlTemplate\":\"https:\\\/\\\/letrame.com\\\/catalogo\\\/?s={search_term_string}\"},\"query-input\":{\"@type\":\"PropertyValueSpecification\",\"valueRequired\":true,\"valueName\":\"search_term_string\"}}],\"inLanguage\":\"es\"},{\"@type\":\"Organization\",\"@id\":\"https:\\\/\\\/letrame.com\\\/catalogo\\\/#organization\",\"name\":\"Catalogo | Letrame Grupo Editorial\",\"url\":\"https:\\\/\\\/letrame.com\\\/catalogo\\\/\",\"logo\":{\"@type\":\"ImageObject\",\"inLanguage\":\"es\",\"@id\":\"https:\\\/\\\/letrame.com\\\/catalogo\\\/#\\\/schema\\\/logo\\\/image\\\/\",\"url\":\"https:\\\/\\\/letrame.com\\\/catalogo\\\/wp-content\\\/uploads\\\/2024\\\/03\\\/logo2.webp\",\"contentUrl\":\"https:\\\/\\\/letrame.com\\\/catalogo\\\/wp-content\\\/uploads\\\/2024\\\/03\\\/logo2.webp\",\"width\":394,\"height\":128,\"caption\":\"Catalogo | Letrame Grupo Editorial\"},\"image\":{\"@id\":\"https:\\\/\\\/letrame.com\\\/catalogo\\\/#\\\/schema\\\/logo\\\/image\\\/\"}}]}<\/script>\n<!-- \/ Yoast SEO plugin. -->","yoast_head_json":{"title":"Volviendo a mi Ser - Catalogo | Letrame Grupo Editorial","robots":{"index":"index","follow":"follow","max-snippet":"max-snippet:-1","max-image-preview":"max-image-preview:large","max-video-preview":"max-video-preview:-1"},"canonical":"https:\/\/letrame.com\/catalogo\/producto\/volviendo-a-mi-ser\/","og_locale":"es_ES","og_type":"article","og_title":"Volviendo a mi Ser - Catalogo | Letrame Grupo Editorial","og_description":"ISBN: 9788410684089 SINOPSIS Lo que encontrar\u00e1s aqu\u00ed es una aventura, un recorrido por tu existencia y todo lo que has cre\u00eddo ser, y una invitaci\u00f3n a dejar de ser lo que no eres.  A trav\u00e9s de la alegor\u00eda de atravesar un puente, deshacerte de todas las piedras que cargas in\u00fatilmente contigo y lanzarlas al r\u00edo para llegar a la otra orilla libre de todo, ir\u00e1s, p\u00e1gina tras p\u00e1gina, tomando conciencia de la senda que te conduce a tu Verdad.  De esta forma, tendr\u00e1s una oportunidad para liberarte de lo que innecesariamente has guardado e ir a un encuentro con tu verdadero Ser.  Volviendo a mi Ser ofrece una narrativa introspectiva, el uso de met\u00e1foras evocadoras, un lenguaje inspirador y referencias a ense\u00f1anzas espirituales, invitando al lector a un viaje de autodescubrimiento, liberaci\u00f3n y despertar espiritual. El texto utiliza una voz narrativa que gu\u00eda al lector a trav\u00e9s de un proceso de autoexploraci\u00f3n y reflexi\u00f3n, creando un ambiente seguro y propicio para la transformaci\u00f3n personal.","og_url":"https:\/\/letrame.com\/catalogo\/producto\/volviendo-a-mi-ser\/","og_site_name":"Catalogo | Letrame Grupo Editorial","og_image":[{"width":1748,"height":2480,"url":"https:\/\/letrame.com\/catalogo\/wp-content\/uploads\/2024\/06\/webp_volveramiser_578mm-compressed.jpg","type":"image\/jpeg"}],"twitter_card":"summary_large_image","twitter_misc":{"Tiempo de lectura":"1 minuto"},"schema":{"@context":"https:\/\/schema.org","@graph":[{"@type":"WebPage","@id":"https:\/\/letrame.com\/catalogo\/producto\/volviendo-a-mi-ser\/","url":"https:\/\/letrame.com\/catalogo\/producto\/volviendo-a-mi-ser\/","name":"Volviendo a mi Ser - Catalogo | Letrame Grupo Editorial","isPartOf":{"@id":"https:\/\/letrame.com\/catalogo\/#website"},"primaryImageOfPage":{"@id":"https:\/\/letrame.com\/catalogo\/producto\/volviendo-a-mi-ser\/#primaryimage"},"image":{"@id":"https:\/\/letrame.com\/catalogo\/producto\/volviendo-a-mi-ser\/#primaryimage"},"thumbnailUrl":"https:\/\/letrame.com\/catalogo\/wp-content\/uploads\/2024\/06\/webp_volveramiser_578mm-compressed.jpg","datePublished":"2024-06-25T14:31:34+00:00","breadcrumb":{"@id":"https:\/\/letrame.com\/catalogo\/producto\/volviendo-a-mi-ser\/#breadcrumb"},"inLanguage":"es","potentialAction":[{"@type":"ReadAction","target":["https:\/\/letrame.com\/catalogo\/producto\/volviendo-a-mi-ser\/"]}]},{"@type":"ImageObject","inLanguage":"es","@id":"https:\/\/letrame.com\/catalogo\/producto\/volviendo-a-mi-ser\/#primaryimage","url":"https:\/\/letrame.com\/catalogo\/wp-content\/uploads\/2024\/06\/webp_volveramiser_578mm-compressed.jpg","contentUrl":"https:\/\/letrame.com\/catalogo\/wp-content\/uploads\/2024\/06\/webp_volveramiser_578mm-compressed.jpg","width":1748,"height":2480},{"@type":"BreadcrumbList","@id":"https:\/\/letrame.com\/catalogo\/producto\/volviendo-a-mi-ser\/#breadcrumb","itemListElement":[{"@type":"ListItem","position":1,"name":"Portada","item":"https:\/\/letrame.com\/catalogo\/"},{"@type":"ListItem","position":2,"name":"Cat\u00e1logo","item":"https:\/\/letrame.com\/catalogo\/"},{"@type":"ListItem","position":3,"name":"Volviendo a mi Ser"}]},{"@type":"WebSite","@id":"https:\/\/letrame.com\/catalogo\/#website","url":"https:\/\/letrame.com\/catalogo\/","name":"Catalogo | Letrame Grupo Editorial","description":"","publisher":{"@id":"https:\/\/letrame.com\/catalogo\/#organization"},"potentialAction":[{"@type":"SearchAction","target":{"@type":"EntryPoint","urlTemplate":"https:\/\/letrame.com\/catalogo\/?s={search_term_string}"},"query-input":{"@type":"PropertyValueSpecification","valueRequired":true,"valueName":"search_term_string"}}],"inLanguage":"es"},{"@type":"Organization","@id":"https:\/\/letrame.com\/catalogo\/#organization","name":"Catalogo | Letrame Grupo Editorial","url":"https:\/\/letrame.com\/catalogo\/","logo":{"@type":"ImageObject","inLanguage":"es","@id":"https:\/\/letrame.com\/catalogo\/#\/schema\/logo\/image\/","url":"https:\/\/letrame.com\/catalogo\/wp-content\/uploads\/2024\/03\/logo2.webp","contentUrl":"https:\/\/letrame.com\/catalogo\/wp-content\/uploads\/2024\/03\/logo2.webp","width":394,"height":128,"caption":"Catalogo | Letrame Grupo Editorial"},"image":{"@id":"https:\/\/letrame.com\/catalogo\/#\/schema\/logo\/image\/"}}]}},"_links":{"self":[{"href":"https:\/\/letrame.com\/catalogo\/wp-json\/wp\/v2\/product\/101676","targetHints":{"allow":["GET"]}}],"collection":[{"href":"https:\/\/letrame.com\/catalogo\/wp-json\/wp\/v2\/product"}],"about":[{"href":"https:\/\/letrame.com\/catalogo\/wp-json\/wp\/v2\/types\/product"}],"replies":[{"embeddable":true,"href":"https:\/\/letrame.com\/catalogo\/wp-json\/wp\/v2\/comments?post=101676"}],"acf:post":[{"embeddable":true,"href":"https:\/\/letrame.com\/catalogo\/wp-json\/wp\/v2\/author_book\/101672"}],"wp:featuredmedia":[{"embeddable":true,"href":"https:\/\/letrame.com\/catalogo\/wp-json\/wp\/v2\/media\/101678"}],"wp:attachment":[{"href":"https:\/\/letrame.com\/catalogo\/wp-json\/wp\/v2\/media?parent=101676"}],"wp:term":[{"taxonomy":"libro","embeddable":true,"href":"https:\/\/letrame.com\/catalogo\/wp-json\/wp\/v2\/libro?post=101676"},{"taxonomy":"product_brand","embeddable":true,"href":"https:\/\/letrame.com\/catalogo\/wp-json\/wp\/v2\/product_brand?post=101676"},{"taxonomy":"product_cat","embeddable":true,"href":"https:\/\/letrame.com\/catalogo\/wp-json\/wp\/v2\/product_cat?post=101676"},{"taxonomy":"product_tag","embeddable":true,"href":"https:\/\/letrame.com\/catalogo\/wp-json\/wp\/v2\/product_tag?post=101676"}],"curies":[{"name":"wp","href":"https:\/\/api.w.org\/{rel}","templated":true}]}}