{"id":101674,"date":"2024-06-25T16:27:01","date_gmt":"2024-06-25T14:27:01","guid":{"rendered":"https:\/\/letrame.com\/catalogo\/?post_type=product&#038;p=101674"},"modified":"2024-07-22T09:25:20","modified_gmt":"2024-07-22T07:25:20","slug":"sangre-y-amor","status":"publish","type":"product","link":"https:\/\/letrame.com\/catalogo\/producto\/sangre-y-amor\/","title":{"rendered":"Sangre y Amor"},"content":{"rendered":"<p class=\"p1\">ISBN: 9788410684287<\/p>\n<p class=\"p1\">T\u00edtulo: Saber y morir<\/p>\n<p class=\"p1\">Fecha: 2024<\/p>\n<p class=\"p1\">P\u00e1ginas: 180<\/p>\n<p class=\"p1\">SINOPSIS<\/p>\n<p>En busca de refugio y escapando de un pasado sombr\u00edo, Hailey y Gabriel deciden huir de su ciudad natal y refugiarse en un pintoresco pueblo donde la calma aparente oculta sus propios misterios. En su primer d\u00eda en la nueva escuela, se encuentran con Emily, una enigm\u00e1tica joven cuya presencia despierta en ellos una atracci\u00f3n inexplicable.<\/p>\n<p>Con el paso del tiempo, la conexi\u00f3n entre los tres se profundiza y Emily les revela un secreto oscuro que los sumerge en un mundo de sombras y peligros sobrenaturales. Cada elecci\u00f3n desencadena consecuencias inimaginables y, pronto, Hailey descubre que su amor est\u00e1 destinado a enfrentar pruebas m\u00e1s all\u00e1 de lo terrenal.<\/p>\n<p>En este viaje de pasiones prohibidas y desaf\u00edos sobrenaturales, Hailey, Gabriel y Emily se enfrentar\u00e1n a su propio destino en una lucha contra fuerzas que nunca pensaron posibles. Sum\u00e9rgete en esta historia de intriga, amor y secretos ocultos, donde la l\u00ednea entre la luz y la oscuridad se desdibuja, y el destino espera entre las sombras.<\/p>\n<p>&nbsp;<\/p>\n","protected":false},"excerpt":{"rendered":"<p class=\"p1\">ISBN: 9788410684287<\/p>\n<p class=\"p1\">SINOPSIS<\/p>\n<p>En busca de refugio y escapando de un pasado sombr\u00edo, Hailey y Gabriel deciden huir de su ciudad natal y refugiarse en un pintoresco pueblo donde la calma aparente oculta sus propios misterios. En su primer d\u00eda en la nueva escuela, se encuentran con Emily, una enigm\u00e1tica joven cuya presencia despierta en ellos una atracci\u00f3n inexplicable.<\/p>\n<p>Con el paso del tiempo, la conexi\u00f3n entre los tres se profundiza y Emily les revela un secreto oscuro que los sumerge en un mundo de sombras y peligros sobrenaturales. Cada elecci\u00f3n desencadena consecuencias inimaginables y, pronto, Hailey descubre que su amor est\u00e1 destinado a enfrentar pruebas m\u00e1s all\u00e1 de lo terrenal.<\/p>\n<p>En este viaje de pasiones prohibidas y desaf\u00edos sobrenaturales, Hailey, Gabriel y Emily se enfrentar\u00e1n a su propio destino en una lucha contra fuerzas que nunca pensaron posibles. Sum\u00e9rgete en esta historia de intriga, amor y secretos ocultos, donde la l\u00ednea entre la luz y la oscuridad se desdibuja, y el destino espera entre las sombras.<\/p>\n<p>&nbsp;<\/p>\n","protected":false},"featured_media":101675,"comment_status":"open","ping_status":"closed","template":"","meta":{"_acf_changed":false},"libro":[],"product_brand":[],"product_cat":[50],"product_tag":[],"class_list":{"0":"post-101674","1":"product","2":"type-product","3":"status-publish","4":"has-post-thumbnail","6":"product_cat-novela-romantica","8":"first","9":"instock","10":"shipping-taxable","11":"product-type-simple"},"acf":{"autor":[76010],"enlace_de_compra":"https:\/\/www.casadellibro.com\/libro-sangre-y-amor\/9788410684287\/16123807?gclid=CjwKCAjw1emzBhB8EiwAHwZZxU_sb0OrKBla8re2JP7I21Iyy0NjM0LwM4Sa65djIV-mvw-8Kog1_RoCQ7QQAvD_BwE"},"yoast_head":"<!-- This site is optimized with the Yoast SEO plugin v27.4 - https:\/\/yoast.com\/product\/yoast-seo-wordpress\/ -->\n<title>Sangre y Amor - Catalogo | Letrame Grupo Editorial<\/title>\n<meta name=\"robots\" content=\"index, follow, max-snippet:-1, max-image-preview:large, max-video-preview:-1\" \/>\n<link rel=\"canonical\" href=\"https:\/\/letrame.com\/catalogo\/producto\/sangre-y-amor\/\" \/>\n<meta property=\"og:locale\" content=\"es_ES\" \/>\n<meta property=\"og:type\" content=\"article\" \/>\n<meta property=\"og:title\" content=\"Sangre y Amor - Catalogo | Letrame Grupo Editorial\" \/>\n<meta property=\"og:description\" content=\"ISBN: 9788410684287 SINOPSIS En busca de refugio y escapando de un pasado sombr\u00edo, Hailey y Gabriel deciden huir de su ciudad natal y refugiarse en un pintoresco pueblo donde la calma aparente oculta sus propios misterios. En su primer d\u00eda en la nueva escuela, se encuentran con Emily, una enigm\u00e1tica joven cuya presencia despierta en ellos una atracci\u00f3n inexplicable.  Con el paso del tiempo, la conexi\u00f3n entre los tres se profundiza y Emily les revela un secreto oscuro que los sumerge en un mundo de sombras y peligros sobrenaturales. Cada elecci\u00f3n desencadena consecuencias inimaginables y, pronto, Hailey descubre que su amor est\u00e1 destinado a enfrentar pruebas m\u00e1s all\u00e1 de lo terrenal.  En este viaje de pasiones prohibidas y desaf\u00edos sobrenaturales, Hailey, Gabriel y Emily se enfrentar\u00e1n a su propio destino en una lucha contra fuerzas que nunca pensaron posibles. Sum\u00e9rgete en esta historia de intriga, amor y secretos ocultos, donde la l\u00ednea entre la luz y la oscuridad se desdibuja, y el destino espera entre las sombras.  &nbsp;\" \/>\n<meta property=\"og:url\" content=\"https:\/\/letrame.com\/catalogo\/producto\/sangre-y-amor\/\" \/>\n<meta property=\"og:site_name\" content=\"Catalogo | Letrame Grupo Editorial\" \/>\n<meta property=\"article:modified_time\" content=\"2024-07-22T07:25:20+00:00\" \/>\n<meta property=\"og:image\" content=\"https:\/\/letrame.com\/catalogo\/wp-content\/uploads\/2024\/06\/webp_sangreyamor_937mm-compressed.jpg\" \/>\n\t<meta property=\"og:image:width\" content=\"1772\" \/>\n\t<meta property=\"og:image:height\" content=\"2480\" \/>\n\t<meta property=\"og:image:type\" content=\"image\/jpeg\" \/>\n<meta name=\"twitter:card\" content=\"summary_large_image\" \/>\n<meta name=\"twitter:label1\" content=\"Tiempo de lectura\" \/>\n\t<meta name=\"twitter:data1\" content=\"2 minutos\" \/>\n<script type=\"application\/ld+json\" class=\"yoast-schema-graph\">{\"@context\":\"https:\\\/\\\/schema.org\",\"@graph\":[{\"@type\":\"WebPage\",\"@id\":\"https:\\\/\\\/letrame.com\\\/catalogo\\\/producto\\\/sangre-y-amor\\\/\",\"url\":\"https:\\\/\\\/letrame.com\\\/catalogo\\\/producto\\\/sangre-y-amor\\\/\",\"name\":\"Sangre y Amor - Catalogo | Letrame Grupo Editorial\",\"isPartOf\":{\"@id\":\"https:\\\/\\\/letrame.com\\\/catalogo\\\/#website\"},\"primaryImageOfPage\":{\"@id\":\"https:\\\/\\\/letrame.com\\\/catalogo\\\/producto\\\/sangre-y-amor\\\/#primaryimage\"},\"image\":{\"@id\":\"https:\\\/\\\/letrame.com\\\/catalogo\\\/producto\\\/sangre-y-amor\\\/#primaryimage\"},\"thumbnailUrl\":\"https:\\\/\\\/letrame.com\\\/catalogo\\\/wp-content\\\/uploads\\\/2024\\\/06\\\/webp_sangreyamor_937mm-compressed.jpg\",\"datePublished\":\"2024-06-25T14:27:01+00:00\",\"dateModified\":\"2024-07-22T07:25:20+00:00\",\"breadcrumb\":{\"@id\":\"https:\\\/\\\/letrame.com\\\/catalogo\\\/producto\\\/sangre-y-amor\\\/#breadcrumb\"},\"inLanguage\":\"es\",\"potentialAction\":[{\"@type\":\"ReadAction\",\"target\":[\"https:\\\/\\\/letrame.com\\\/catalogo\\\/producto\\\/sangre-y-amor\\\/\"]}]},{\"@type\":\"ImageObject\",\"inLanguage\":\"es\",\"@id\":\"https:\\\/\\\/letrame.com\\\/catalogo\\\/producto\\\/sangre-y-amor\\\/#primaryimage\",\"url\":\"https:\\\/\\\/letrame.com\\\/catalogo\\\/wp-content\\\/uploads\\\/2024\\\/06\\\/webp_sangreyamor_937mm-compressed.jpg\",\"contentUrl\":\"https:\\\/\\\/letrame.com\\\/catalogo\\\/wp-content\\\/uploads\\\/2024\\\/06\\\/webp_sangreyamor_937mm-compressed.jpg\",\"width\":1772,\"height\":2480},{\"@type\":\"BreadcrumbList\",\"@id\":\"https:\\\/\\\/letrame.com\\\/catalogo\\\/producto\\\/sangre-y-amor\\\/#breadcrumb\",\"itemListElement\":[{\"@type\":\"ListItem\",\"position\":1,\"name\":\"Portada\",\"item\":\"https:\\\/\\\/letrame.com\\\/catalogo\\\/\"},{\"@type\":\"ListItem\",\"position\":2,\"name\":\"Cat\u00e1logo\",\"item\":\"https:\\\/\\\/letrame.com\\\/catalogo\\\/\"},{\"@type\":\"ListItem\",\"position\":3,\"name\":\"Sangre y Amor\"}]},{\"@type\":\"WebSite\",\"@id\":\"https:\\\/\\\/letrame.com\\\/catalogo\\\/#website\",\"url\":\"https:\\\/\\\/letrame.com\\\/catalogo\\\/\",\"name\":\"Catalogo | Letrame Grupo Editorial\",\"description\":\"\",\"publisher\":{\"@id\":\"https:\\\/\\\/letrame.com\\\/catalogo\\\/#organization\"},\"potentialAction\":[{\"@type\":\"SearchAction\",\"target\":{\"@type\":\"EntryPoint\",\"urlTemplate\":\"https:\\\/\\\/letrame.com\\\/catalogo\\\/?s={search_term_string}\"},\"query-input\":{\"@type\":\"PropertyValueSpecification\",\"valueRequired\":true,\"valueName\":\"search_term_string\"}}],\"inLanguage\":\"es\"},{\"@type\":\"Organization\",\"@id\":\"https:\\\/\\\/letrame.com\\\/catalogo\\\/#organization\",\"name\":\"Catalogo | Letrame Grupo Editorial\",\"url\":\"https:\\\/\\\/letrame.com\\\/catalogo\\\/\",\"logo\":{\"@type\":\"ImageObject\",\"inLanguage\":\"es\",\"@id\":\"https:\\\/\\\/letrame.com\\\/catalogo\\\/#\\\/schema\\\/logo\\\/image\\\/\",\"url\":\"https:\\\/\\\/letrame.com\\\/catalogo\\\/wp-content\\\/uploads\\\/2024\\\/03\\\/logo2.webp\",\"contentUrl\":\"https:\\\/\\\/letrame.com\\\/catalogo\\\/wp-content\\\/uploads\\\/2024\\\/03\\\/logo2.webp\",\"width\":394,\"height\":128,\"caption\":\"Catalogo | Letrame Grupo Editorial\"},\"image\":{\"@id\":\"https:\\\/\\\/letrame.com\\\/catalogo\\\/#\\\/schema\\\/logo\\\/image\\\/\"}}]}<\/script>\n<!-- \/ Yoast SEO plugin. -->","yoast_head_json":{"title":"Sangre y Amor - Catalogo | Letrame Grupo Editorial","robots":{"index":"index","follow":"follow","max-snippet":"max-snippet:-1","max-image-preview":"max-image-preview:large","max-video-preview":"max-video-preview:-1"},"canonical":"https:\/\/letrame.com\/catalogo\/producto\/sangre-y-amor\/","og_locale":"es_ES","og_type":"article","og_title":"Sangre y Amor - Catalogo | Letrame Grupo Editorial","og_description":"ISBN: 9788410684287 SINOPSIS En busca de refugio y escapando de un pasado sombr\u00edo, Hailey y Gabriel deciden huir de su ciudad natal y refugiarse en un pintoresco pueblo donde la calma aparente oculta sus propios misterios. En su primer d\u00eda en la nueva escuela, se encuentran con Emily, una enigm\u00e1tica joven cuya presencia despierta en ellos una atracci\u00f3n inexplicable.  Con el paso del tiempo, la conexi\u00f3n entre los tres se profundiza y Emily les revela un secreto oscuro que los sumerge en un mundo de sombras y peligros sobrenaturales. Cada elecci\u00f3n desencadena consecuencias inimaginables y, pronto, Hailey descubre que su amor est\u00e1 destinado a enfrentar pruebas m\u00e1s all\u00e1 de lo terrenal.  En este viaje de pasiones prohibidas y desaf\u00edos sobrenaturales, Hailey, Gabriel y Emily se enfrentar\u00e1n a su propio destino en una lucha contra fuerzas que nunca pensaron posibles. Sum\u00e9rgete en esta historia de intriga, amor y secretos ocultos, donde la l\u00ednea entre la luz y la oscuridad se desdibuja, y el destino espera entre las sombras.  &nbsp;","og_url":"https:\/\/letrame.com\/catalogo\/producto\/sangre-y-amor\/","og_site_name":"Catalogo | Letrame Grupo Editorial","article_modified_time":"2024-07-22T07:25:20+00:00","og_image":[{"width":1772,"height":2480,"url":"https:\/\/letrame.com\/catalogo\/wp-content\/uploads\/2024\/06\/webp_sangreyamor_937mm-compressed.jpg","type":"image\/jpeg"}],"twitter_card":"summary_large_image","twitter_misc":{"Tiempo de lectura":"2 minutos"},"schema":{"@context":"https:\/\/schema.org","@graph":[{"@type":"WebPage","@id":"https:\/\/letrame.com\/catalogo\/producto\/sangre-y-amor\/","url":"https:\/\/letrame.com\/catalogo\/producto\/sangre-y-amor\/","name":"Sangre y Amor - Catalogo | Letrame Grupo Editorial","isPartOf":{"@id":"https:\/\/letrame.com\/catalogo\/#website"},"primaryImageOfPage":{"@id":"https:\/\/letrame.com\/catalogo\/producto\/sangre-y-amor\/#primaryimage"},"image":{"@id":"https:\/\/letrame.com\/catalogo\/producto\/sangre-y-amor\/#primaryimage"},"thumbnailUrl":"https:\/\/letrame.com\/catalogo\/wp-content\/uploads\/2024\/06\/webp_sangreyamor_937mm-compressed.jpg","datePublished":"2024-06-25T14:27:01+00:00","dateModified":"2024-07-22T07:25:20+00:00","breadcrumb":{"@id":"https:\/\/letrame.com\/catalogo\/producto\/sangre-y-amor\/#breadcrumb"},"inLanguage":"es","potentialAction":[{"@type":"ReadAction","target":["https:\/\/letrame.com\/catalogo\/producto\/sangre-y-amor\/"]}]},{"@type":"ImageObject","inLanguage":"es","@id":"https:\/\/letrame.com\/catalogo\/producto\/sangre-y-amor\/#primaryimage","url":"https:\/\/letrame.com\/catalogo\/wp-content\/uploads\/2024\/06\/webp_sangreyamor_937mm-compressed.jpg","contentUrl":"https:\/\/letrame.com\/catalogo\/wp-content\/uploads\/2024\/06\/webp_sangreyamor_937mm-compressed.jpg","width":1772,"height":2480},{"@type":"BreadcrumbList","@id":"https:\/\/letrame.com\/catalogo\/producto\/sangre-y-amor\/#breadcrumb","itemListElement":[{"@type":"ListItem","position":1,"name":"Portada","item":"https:\/\/letrame.com\/catalogo\/"},{"@type":"ListItem","position":2,"name":"Cat\u00e1logo","item":"https:\/\/letrame.com\/catalogo\/"},{"@type":"ListItem","position":3,"name":"Sangre y Amor"}]},{"@type":"WebSite","@id":"https:\/\/letrame.com\/catalogo\/#website","url":"https:\/\/letrame.com\/catalogo\/","name":"Catalogo | Letrame Grupo Editorial","description":"","publisher":{"@id":"https:\/\/letrame.com\/catalogo\/#organization"},"potentialAction":[{"@type":"SearchAction","target":{"@type":"EntryPoint","urlTemplate":"https:\/\/letrame.com\/catalogo\/?s={search_term_string}"},"query-input":{"@type":"PropertyValueSpecification","valueRequired":true,"valueName":"search_term_string"}}],"inLanguage":"es"},{"@type":"Organization","@id":"https:\/\/letrame.com\/catalogo\/#organization","name":"Catalogo | Letrame Grupo Editorial","url":"https:\/\/letrame.com\/catalogo\/","logo":{"@type":"ImageObject","inLanguage":"es","@id":"https:\/\/letrame.com\/catalogo\/#\/schema\/logo\/image\/","url":"https:\/\/letrame.com\/catalogo\/wp-content\/uploads\/2024\/03\/logo2.webp","contentUrl":"https:\/\/letrame.com\/catalogo\/wp-content\/uploads\/2024\/03\/logo2.webp","width":394,"height":128,"caption":"Catalogo | Letrame Grupo Editorial"},"image":{"@id":"https:\/\/letrame.com\/catalogo\/#\/schema\/logo\/image\/"}}]}},"_links":{"self":[{"href":"https:\/\/letrame.com\/catalogo\/wp-json\/wp\/v2\/product\/101674","targetHints":{"allow":["GET"]}}],"collection":[{"href":"https:\/\/letrame.com\/catalogo\/wp-json\/wp\/v2\/product"}],"about":[{"href":"https:\/\/letrame.com\/catalogo\/wp-json\/wp\/v2\/types\/product"}],"replies":[{"embeddable":true,"href":"https:\/\/letrame.com\/catalogo\/wp-json\/wp\/v2\/comments?post=101674"}],"acf:post":[{"embeddable":true,"href":"https:\/\/letrame.com\/catalogo\/wp-json\/wp\/v2\/author_book\/76010"}],"wp:featuredmedia":[{"embeddable":true,"href":"https:\/\/letrame.com\/catalogo\/wp-json\/wp\/v2\/media\/101675"}],"wp:attachment":[{"href":"https:\/\/letrame.com\/catalogo\/wp-json\/wp\/v2\/media?parent=101674"}],"wp:term":[{"taxonomy":"libro","embeddable":true,"href":"https:\/\/letrame.com\/catalogo\/wp-json\/wp\/v2\/libro?post=101674"},{"taxonomy":"product_brand","embeddable":true,"href":"https:\/\/letrame.com\/catalogo\/wp-json\/wp\/v2\/product_brand?post=101674"},{"taxonomy":"product_cat","embeddable":true,"href":"https:\/\/letrame.com\/catalogo\/wp-json\/wp\/v2\/product_cat?post=101674"},{"taxonomy":"product_tag","embeddable":true,"href":"https:\/\/letrame.com\/catalogo\/wp-json\/wp\/v2\/product_tag?post=101674"}],"curies":[{"name":"wp","href":"https:\/\/api.w.org\/{rel}","templated":true}]}}