{"id":101666,"date":"2024-06-25T16:14:15","date_gmt":"2024-06-25T14:14:15","guid":{"rendered":"https:\/\/letrame.com\/catalogo\/?post_type=product&#038;p=101666"},"modified":"2024-06-25T16:14:15","modified_gmt":"2024-06-25T14:14:15","slug":"divorciate-de-tu-ego","status":"publish","type":"product","link":"https:\/\/letrame.com\/catalogo\/producto\/divorciate-de-tu-ego\/","title":{"rendered":"Div\u00f3rciate de tu Ego"},"content":{"rendered":"<p class=\"p1\">ISBN: 9788410684201<\/p>\n<p class=\"p1\">T\u00edtulo: Div\u00f3rciate de tu Ego<\/p>\n<p class=\"p1\">Fecha: 2024<\/p>\n<p class=\"p1\">P\u00e1ginas: 318<\/p>\n<p class=\"p1\">SINOPSIS<\/p>\n<p><em>Div\u00f3rciate de tu ego<\/em> es una conmovedora narrativa de autodescubrimiento y transformaci\u00f3n personal que entrelaza la pasi\u00f3n por la lectura con el viaje hacia la autenticidad. La autora nos gu\u00eda a trav\u00e9s de su historia de vida, desde los momentos de conformidad y crisis, hasta el despertar de un anhelo por vivir conforme a sus propios t\u00e9rminos. Cada p\u00e1gina narra el viaje de la ni\u00f1a buena que segu\u00eda un guion preestablecido a la mujer que cuestiona, se atreve a so\u00f1ar en grande y encuentra su propia voz.<\/p>\n<p>Anita Aldana, a trav\u00e9s de una narrativa \u00edntima y reveladora, explora la capacidad de los libros para servir como refugio, inspiraci\u00f3n y veh\u00edculos de cambio en los momentos m\u00e1s desafiantes de la vida. Dividido en tres secciones principales que proponen un viaje para descubrir la verdadera identidad \u2014<em>\u00bfQui\u00e9n soy?, \u00bfQui\u00e9n puedo ser?<\/em> y \u00bf<em>Qui\u00e9n elijo ser?<\/em>\u2014, cada cap\u00edtulo aborda distintos aspectos de la vida, ofreciendo una gu\u00eda pr\u00e1ctica que incorpora herramientas de biblioterapia y <em>coaching<\/em>, dise\u00f1adas para empoderar al lector a despojarse de las m\u00e1scaras del ego, y as\u00ed redescubrir su voz interior y perseguir sus sue\u00f1os con determinaci\u00f3n.<\/p>\n<p><em>Div\u00f3rciate de tu ego<\/em> no solo es una historia de superaci\u00f3n; es una invitaci\u00f3n a mirar dentro de nuestras propias vidas, a cuestionarnos y a cultivar nuestro prop\u00f3sito de vida. Es una gu\u00eda de autoexploraci\u00f3n con herramientas para la acci\u00f3n y el cambio hacia una versi\u00f3n m\u00e1s aut\u00e9ntica de nosotros mismos.<\/p>\n","protected":false},"excerpt":{"rendered":"<p class=\"p1\">ISBN: 9788410684201<\/p>\n<p class=\"p1\">SINOPSIS<\/p>\n<p><em>Div\u00f3rciate de tu ego<\/em> es una conmovedora narrativa de autodescubrimiento y transformaci\u00f3n personal que entrelaza la pasi\u00f3n por la lectura con el viaje hacia la autenticidad. La autora nos gu\u00eda a trav\u00e9s de su historia de vida, desde los momentos de conformidad y crisis, hasta el despertar de un anhelo por vivir conforme a sus propios t\u00e9rminos. Cada p\u00e1gina narra el viaje de la ni\u00f1a buena que segu\u00eda un guion preestablecido a la mujer que cuestiona, se atreve a so\u00f1ar en grande y encuentra su propia voz.<\/p>\n<p>Anita Aldana, a trav\u00e9s de una narrativa \u00edntima y reveladora, explora la capacidad de los libros para servir como refugio, inspiraci\u00f3n y veh\u00edculos de cambio en los momentos m\u00e1s desafiantes de la vida. Dividido en tres secciones principales que proponen un viaje para descubrir la verdadera identidad \u2014<em>\u00bfQui\u00e9n soy?, \u00bfQui\u00e9n puedo ser?<\/em> y \u00bf<em>Qui\u00e9n elijo ser?<\/em>\u2014, cada cap\u00edtulo aborda distintos aspectos de la vida, ofreciendo una gu\u00eda pr\u00e1ctica que incorpora herramientas de biblioterapia y <em>coaching<\/em>, dise\u00f1adas para empoderar al lector a despojarse de las m\u00e1scaras del ego, y as\u00ed redescubrir su voz interior y perseguir sus sue\u00f1os con determinaci\u00f3n.<\/p>\n<p><em>Div\u00f3rciate de tu ego<\/em> no solo es una historia de superaci\u00f3n; es una invitaci\u00f3n a mirar dentro de nuestras propias vidas, a cuestionarnos y a cultivar nuestro prop\u00f3sito de vida. Es una gu\u00eda de autoexploraci\u00f3n con herramientas para la acci\u00f3n y el cambio hacia una versi\u00f3n m\u00e1s aut\u00e9ntica de nosotros mismos.<\/p>\n","protected":false},"featured_media":101670,"comment_status":"open","ping_status":"closed","template":"","meta":{"_acf_changed":false},"libro":[],"product_brand":[],"product_cat":[18],"product_tag":[],"class_list":{"0":"post-101666","1":"product","2":"type-product","3":"status-publish","4":"has-post-thumbnail","6":"product_cat-autoayuda","8":"first","9":"instock","10":"shipping-taxable","11":"product-type-simple"},"acf":{"autor":[101667],"enlace_de_compra":"https:\/\/amzn.to\/4bi9xKj"},"yoast_head":"<!-- This site is optimized with the Yoast SEO plugin v26.6 - https:\/\/yoast.com\/wordpress\/plugins\/seo\/ -->\n<title>Div\u00f3rciate de tu Ego - Catalogo | Letrame Grupo Editorial<\/title>\n<meta name=\"robots\" content=\"index, follow, max-snippet:-1, max-image-preview:large, max-video-preview:-1\" \/>\n<link rel=\"canonical\" href=\"https:\/\/letrame.com\/catalogo\/producto\/divorciate-de-tu-ego\/\" \/>\n<meta property=\"og:locale\" content=\"es_ES\" \/>\n<meta property=\"og:type\" content=\"article\" \/>\n<meta property=\"og:title\" content=\"Div\u00f3rciate de tu Ego - Catalogo | Letrame Grupo Editorial\" \/>\n<meta property=\"og:description\" content=\"ISBN: 9788410684201 SINOPSIS Div\u00f3rciate de tu ego es una conmovedora narrativa de autodescubrimiento y transformaci\u00f3n personal que entrelaza la pasi\u00f3n por la lectura con el viaje hacia la autenticidad. La autora nos gu\u00eda a trav\u00e9s de su historia de vida, desde los momentos de conformidad y crisis, hasta el despertar de un anhelo por vivir conforme a sus propios t\u00e9rminos. Cada p\u00e1gina narra el viaje de la ni\u00f1a buena que segu\u00eda un guion preestablecido a la mujer que cuestiona, se atreve a so\u00f1ar en grande y encuentra su propia voz.  Anita Aldana, a trav\u00e9s de una narrativa \u00edntima y reveladora, explora la capacidad de los libros para servir como refugio, inspiraci\u00f3n y veh\u00edculos de cambio en los momentos m\u00e1s desafiantes de la vida. Dividido en tres secciones principales que proponen un viaje para descubrir la verdadera identidad \u2014\u00bfQui\u00e9n soy?, \u00bfQui\u00e9n puedo ser? y \u00bfQui\u00e9n elijo ser?\u2014, cada cap\u00edtulo aborda distintos aspectos de la vida, ofreciendo una gu\u00eda pr\u00e1ctica que incorpora herramientas de biblioterapia y coaching, dise\u00f1adas para empoderar al lector a despojarse de las m\u00e1scaras del ego, y as\u00ed redescubrir su voz interior y perseguir sus sue\u00f1os con determinaci\u00f3n.  Div\u00f3rciate de tu ego no solo es una historia de superaci\u00f3n; es una invitaci\u00f3n a mirar dentro de nuestras propias vidas, a cuestionarnos y a cultivar nuestro prop\u00f3sito de vida. Es una gu\u00eda de autoexploraci\u00f3n con herramientas para la acci\u00f3n y el cambio hacia una versi\u00f3n m\u00e1s aut\u00e9ntica de nosotros mismos.\" \/>\n<meta property=\"og:url\" content=\"https:\/\/letrame.com\/catalogo\/producto\/divorciate-de-tu-ego\/\" \/>\n<meta property=\"og:site_name\" content=\"Catalogo | Letrame Grupo Editorial\" \/>\n<meta property=\"og:image\" content=\"https:\/\/letrame.com\/catalogo\/wp-content\/uploads\/2024\/06\/webp_divorciate_1749mm-compressed.jpg\" \/>\n\t<meta property=\"og:image:width\" content=\"1772\" \/>\n\t<meta property=\"og:image:height\" content=\"2480\" \/>\n\t<meta property=\"og:image:type\" content=\"image\/jpeg\" \/>\n<meta name=\"twitter:card\" content=\"summary_large_image\" \/>\n<meta name=\"twitter:label1\" content=\"Tiempo de lectura\" \/>\n\t<meta name=\"twitter:data1\" content=\"2 minutos\" \/>\n<script type=\"application\/ld+json\" class=\"yoast-schema-graph\">{\"@context\":\"https:\/\/schema.org\",\"@graph\":[{\"@type\":\"WebPage\",\"@id\":\"https:\/\/letrame.com\/catalogo\/producto\/divorciate-de-tu-ego\/\",\"url\":\"https:\/\/letrame.com\/catalogo\/producto\/divorciate-de-tu-ego\/\",\"name\":\"Div\u00f3rciate de tu Ego - Catalogo | Letrame Grupo Editorial\",\"isPartOf\":{\"@id\":\"https:\/\/letrame.com\/catalogo\/#website\"},\"primaryImageOfPage\":{\"@id\":\"https:\/\/letrame.com\/catalogo\/producto\/divorciate-de-tu-ego\/#primaryimage\"},\"image\":{\"@id\":\"https:\/\/letrame.com\/catalogo\/producto\/divorciate-de-tu-ego\/#primaryimage\"},\"thumbnailUrl\":\"https:\/\/letrame.com\/catalogo\/wp-content\/uploads\/2024\/06\/webp_divorciate_1749mm-compressed.jpg\",\"datePublished\":\"2024-06-25T14:14:15+00:00\",\"breadcrumb\":{\"@id\":\"https:\/\/letrame.com\/catalogo\/producto\/divorciate-de-tu-ego\/#breadcrumb\"},\"inLanguage\":\"es\",\"potentialAction\":[{\"@type\":\"ReadAction\",\"target\":[\"https:\/\/letrame.com\/catalogo\/producto\/divorciate-de-tu-ego\/\"]}]},{\"@type\":\"ImageObject\",\"inLanguage\":\"es\",\"@id\":\"https:\/\/letrame.com\/catalogo\/producto\/divorciate-de-tu-ego\/#primaryimage\",\"url\":\"https:\/\/letrame.com\/catalogo\/wp-content\/uploads\/2024\/06\/webp_divorciate_1749mm-compressed.jpg\",\"contentUrl\":\"https:\/\/letrame.com\/catalogo\/wp-content\/uploads\/2024\/06\/webp_divorciate_1749mm-compressed.jpg\",\"width\":1772,\"height\":2480},{\"@type\":\"BreadcrumbList\",\"@id\":\"https:\/\/letrame.com\/catalogo\/producto\/divorciate-de-tu-ego\/#breadcrumb\",\"itemListElement\":[{\"@type\":\"ListItem\",\"position\":1,\"name\":\"Portada\",\"item\":\"https:\/\/letrame.com\/catalogo\/\"},{\"@type\":\"ListItem\",\"position\":2,\"name\":\"Cat\u00e1logo\",\"item\":\"https:\/\/letrame.com\/catalogo\/\"},{\"@type\":\"ListItem\",\"position\":3,\"name\":\"Div\u00f3rciate de tu Ego\"}]},{\"@type\":\"WebSite\",\"@id\":\"https:\/\/letrame.com\/catalogo\/#website\",\"url\":\"https:\/\/letrame.com\/catalogo\/\",\"name\":\"Catalogo | Letrame Grupo Editorial\",\"description\":\"\",\"publisher\":{\"@id\":\"https:\/\/letrame.com\/catalogo\/#organization\"},\"potentialAction\":[{\"@type\":\"SearchAction\",\"target\":{\"@type\":\"EntryPoint\",\"urlTemplate\":\"https:\/\/letrame.com\/catalogo\/?s={search_term_string}\"},\"query-input\":{\"@type\":\"PropertyValueSpecification\",\"valueRequired\":true,\"valueName\":\"search_term_string\"}}],\"inLanguage\":\"es\"},{\"@type\":\"Organization\",\"@id\":\"https:\/\/letrame.com\/catalogo\/#organization\",\"name\":\"Catalogo | Letrame Grupo Editorial\",\"url\":\"https:\/\/letrame.com\/catalogo\/\",\"logo\":{\"@type\":\"ImageObject\",\"inLanguage\":\"es\",\"@id\":\"https:\/\/letrame.com\/catalogo\/#\/schema\/logo\/image\/\",\"url\":\"https:\/\/letrame.com\/catalogo\/wp-content\/uploads\/2024\/03\/logo2.webp\",\"contentUrl\":\"https:\/\/letrame.com\/catalogo\/wp-content\/uploads\/2024\/03\/logo2.webp\",\"width\":394,\"height\":128,\"caption\":\"Catalogo | Letrame Grupo Editorial\"},\"image\":{\"@id\":\"https:\/\/letrame.com\/catalogo\/#\/schema\/logo\/image\/\"}}]}<\/script>\n<!-- \/ Yoast SEO plugin. -->","yoast_head_json":{"title":"Div\u00f3rciate de tu Ego - Catalogo | Letrame Grupo Editorial","robots":{"index":"index","follow":"follow","max-snippet":"max-snippet:-1","max-image-preview":"max-image-preview:large","max-video-preview":"max-video-preview:-1"},"canonical":"https:\/\/letrame.com\/catalogo\/producto\/divorciate-de-tu-ego\/","og_locale":"es_ES","og_type":"article","og_title":"Div\u00f3rciate de tu Ego - Catalogo | Letrame Grupo Editorial","og_description":"ISBN: 9788410684201 SINOPSIS Div\u00f3rciate de tu ego es una conmovedora narrativa de autodescubrimiento y transformaci\u00f3n personal que entrelaza la pasi\u00f3n por la lectura con el viaje hacia la autenticidad. La autora nos gu\u00eda a trav\u00e9s de su historia de vida, desde los momentos de conformidad y crisis, hasta el despertar de un anhelo por vivir conforme a sus propios t\u00e9rminos. Cada p\u00e1gina narra el viaje de la ni\u00f1a buena que segu\u00eda un guion preestablecido a la mujer que cuestiona, se atreve a so\u00f1ar en grande y encuentra su propia voz.  Anita Aldana, a trav\u00e9s de una narrativa \u00edntima y reveladora, explora la capacidad de los libros para servir como refugio, inspiraci\u00f3n y veh\u00edculos de cambio en los momentos m\u00e1s desafiantes de la vida. Dividido en tres secciones principales que proponen un viaje para descubrir la verdadera identidad \u2014\u00bfQui\u00e9n soy?, \u00bfQui\u00e9n puedo ser? y \u00bfQui\u00e9n elijo ser?\u2014, cada cap\u00edtulo aborda distintos aspectos de la vida, ofreciendo una gu\u00eda pr\u00e1ctica que incorpora herramientas de biblioterapia y coaching, dise\u00f1adas para empoderar al lector a despojarse de las m\u00e1scaras del ego, y as\u00ed redescubrir su voz interior y perseguir sus sue\u00f1os con determinaci\u00f3n.  Div\u00f3rciate de tu ego no solo es una historia de superaci\u00f3n; es una invitaci\u00f3n a mirar dentro de nuestras propias vidas, a cuestionarnos y a cultivar nuestro prop\u00f3sito de vida. Es una gu\u00eda de autoexploraci\u00f3n con herramientas para la acci\u00f3n y el cambio hacia una versi\u00f3n m\u00e1s aut\u00e9ntica de nosotros mismos.","og_url":"https:\/\/letrame.com\/catalogo\/producto\/divorciate-de-tu-ego\/","og_site_name":"Catalogo | Letrame Grupo Editorial","og_image":[{"width":1772,"height":2480,"url":"https:\/\/letrame.com\/catalogo\/wp-content\/uploads\/2024\/06\/webp_divorciate_1749mm-compressed.jpg","type":"image\/jpeg"}],"twitter_card":"summary_large_image","twitter_misc":{"Tiempo de lectura":"2 minutos"},"schema":{"@context":"https:\/\/schema.org","@graph":[{"@type":"WebPage","@id":"https:\/\/letrame.com\/catalogo\/producto\/divorciate-de-tu-ego\/","url":"https:\/\/letrame.com\/catalogo\/producto\/divorciate-de-tu-ego\/","name":"Div\u00f3rciate de tu Ego - Catalogo | Letrame Grupo Editorial","isPartOf":{"@id":"https:\/\/letrame.com\/catalogo\/#website"},"primaryImageOfPage":{"@id":"https:\/\/letrame.com\/catalogo\/producto\/divorciate-de-tu-ego\/#primaryimage"},"image":{"@id":"https:\/\/letrame.com\/catalogo\/producto\/divorciate-de-tu-ego\/#primaryimage"},"thumbnailUrl":"https:\/\/letrame.com\/catalogo\/wp-content\/uploads\/2024\/06\/webp_divorciate_1749mm-compressed.jpg","datePublished":"2024-06-25T14:14:15+00:00","breadcrumb":{"@id":"https:\/\/letrame.com\/catalogo\/producto\/divorciate-de-tu-ego\/#breadcrumb"},"inLanguage":"es","potentialAction":[{"@type":"ReadAction","target":["https:\/\/letrame.com\/catalogo\/producto\/divorciate-de-tu-ego\/"]}]},{"@type":"ImageObject","inLanguage":"es","@id":"https:\/\/letrame.com\/catalogo\/producto\/divorciate-de-tu-ego\/#primaryimage","url":"https:\/\/letrame.com\/catalogo\/wp-content\/uploads\/2024\/06\/webp_divorciate_1749mm-compressed.jpg","contentUrl":"https:\/\/letrame.com\/catalogo\/wp-content\/uploads\/2024\/06\/webp_divorciate_1749mm-compressed.jpg","width":1772,"height":2480},{"@type":"BreadcrumbList","@id":"https:\/\/letrame.com\/catalogo\/producto\/divorciate-de-tu-ego\/#breadcrumb","itemListElement":[{"@type":"ListItem","position":1,"name":"Portada","item":"https:\/\/letrame.com\/catalogo\/"},{"@type":"ListItem","position":2,"name":"Cat\u00e1logo","item":"https:\/\/letrame.com\/catalogo\/"},{"@type":"ListItem","position":3,"name":"Div\u00f3rciate de tu Ego"}]},{"@type":"WebSite","@id":"https:\/\/letrame.com\/catalogo\/#website","url":"https:\/\/letrame.com\/catalogo\/","name":"Catalogo | Letrame Grupo Editorial","description":"","publisher":{"@id":"https:\/\/letrame.com\/catalogo\/#organization"},"potentialAction":[{"@type":"SearchAction","target":{"@type":"EntryPoint","urlTemplate":"https:\/\/letrame.com\/catalogo\/?s={search_term_string}"},"query-input":{"@type":"PropertyValueSpecification","valueRequired":true,"valueName":"search_term_string"}}],"inLanguage":"es"},{"@type":"Organization","@id":"https:\/\/letrame.com\/catalogo\/#organization","name":"Catalogo | Letrame Grupo Editorial","url":"https:\/\/letrame.com\/catalogo\/","logo":{"@type":"ImageObject","inLanguage":"es","@id":"https:\/\/letrame.com\/catalogo\/#\/schema\/logo\/image\/","url":"https:\/\/letrame.com\/catalogo\/wp-content\/uploads\/2024\/03\/logo2.webp","contentUrl":"https:\/\/letrame.com\/catalogo\/wp-content\/uploads\/2024\/03\/logo2.webp","width":394,"height":128,"caption":"Catalogo | Letrame Grupo Editorial"},"image":{"@id":"https:\/\/letrame.com\/catalogo\/#\/schema\/logo\/image\/"}}]}},"_links":{"self":[{"href":"https:\/\/letrame.com\/catalogo\/wp-json\/wp\/v2\/product\/101666","targetHints":{"allow":["GET"]}}],"collection":[{"href":"https:\/\/letrame.com\/catalogo\/wp-json\/wp\/v2\/product"}],"about":[{"href":"https:\/\/letrame.com\/catalogo\/wp-json\/wp\/v2\/types\/product"}],"replies":[{"embeddable":true,"href":"https:\/\/letrame.com\/catalogo\/wp-json\/wp\/v2\/comments?post=101666"}],"acf:post":[{"embeddable":true,"href":"https:\/\/letrame.com\/catalogo\/wp-json\/wp\/v2\/author_book\/101667"}],"wp:featuredmedia":[{"embeddable":true,"href":"https:\/\/letrame.com\/catalogo\/wp-json\/wp\/v2\/media\/101670"}],"wp:attachment":[{"href":"https:\/\/letrame.com\/catalogo\/wp-json\/wp\/v2\/media?parent=101666"}],"wp:term":[{"taxonomy":"libro","embeddable":true,"href":"https:\/\/letrame.com\/catalogo\/wp-json\/wp\/v2\/libro?post=101666"},{"taxonomy":"product_brand","embeddable":true,"href":"https:\/\/letrame.com\/catalogo\/wp-json\/wp\/v2\/product_brand?post=101666"},{"taxonomy":"product_cat","embeddable":true,"href":"https:\/\/letrame.com\/catalogo\/wp-json\/wp\/v2\/product_cat?post=101666"},{"taxonomy":"product_tag","embeddable":true,"href":"https:\/\/letrame.com\/catalogo\/wp-json\/wp\/v2\/product_tag?post=101666"}],"curies":[{"name":"wp","href":"https:\/\/api.w.org\/{rel}","templated":true}]}}