{"id":101571,"date":"2024-06-21T13:59:40","date_gmt":"2024-06-21T11:59:40","guid":{"rendered":"https:\/\/letrame.com\/catalogo\/?post_type=product&#038;p=101571"},"modified":"2024-07-23T11:48:05","modified_gmt":"2024-07-23T09:48:05","slug":"metales-salvajes","status":"publish","type":"product","link":"https:\/\/letrame.com\/catalogo\/producto\/metales-salvajes\/","title":{"rendered":"Metales salvajes"},"content":{"rendered":"<p class=\"p1\">ISBN: 978-84-1181-600-7<\/p>\n<p class=\"p1\">T\u00edtulo: Metales salvajes<br \/>\nFecha: 2024<br \/>\nP\u00e1ginas: 162<\/p>\n<p class=\"p1\">SINOPSIS<\/p>\n<p>El escritor valenciano, \u00c1ngel J. Garc\u00eda, nos presenta un poemario demoledor y descarnado. Desde la primera l\u00ednea, el autor nos seduce con su ternura canalla, su libertad de pensamiento, la dureza, el ritmo y la vitalidad que imprime en cada verso.<br \/>\nViajaremos por estas vibrantes p\u00e1ginas a trav\u00e9s de temas universales e historias de \u00edndole social: el mundo laboral, la sensaci\u00f3n de extra\u00f1eza, el amor, el paso del tiempo, la enfermedad, la cura, la soledad o la muerte&#8230; Alej\u00e1ndose \u2014como en toda su obra\u2014, tanto en forma como en fondo, de lo pol\u00edticamente correcto, de lo superficial y de lo intrascendente.<br \/>\n\u00abImaginaros a Nietzsche, Freud, Kafka y Borges por un lado. Enfrente a Carver, Bukowski y Silvia Plath. Todos lanz\u00e1ndose sus ideas, locuras, pensamientos grises&#8230; Buscando soluci\u00f3n para este mundo atormentado. Y en medio de la mesa:\u00a0<span class=\"a-text-italic\">Metales Salvajes<\/span>, el libro de \u00c1ngel J. Garc\u00eda. Y estos genios intentando ponerse de acuerdo si aceptan o no al escritor dentro de su mundo de \u201clocos\u201d\u00bb. Txema Pikabea Bereziartua.<\/p>\n","protected":false},"excerpt":{"rendered":"<p class=\"p1\">ISBN: 978-84-1181-600-7<\/p>\n<p class=\"p1\">SINOPSIS<\/p>\n<p>El escritor valenciano, \u00c1ngel J. Garc\u00eda, nos presenta un poemario demoledor y descarnado. Desde la primera l\u00ednea, el autor nos seduce con su ternura canalla, su libertad de pensamiento, la dureza, el ritmo y la vitalidad que imprime en cada verso.<br \/>\nViajaremos por estas vibrantes p\u00e1ginas a trav\u00e9s de temas universales e historias de \u00edndole social: el mundo laboral, la sensaci\u00f3n de extra\u00f1eza, el amor, el paso del tiempo, la enfermedad, la cura, la soledad o la muerte&#8230; Alej\u00e1ndose \u2014como en toda su obra\u2014, tanto en forma como en fondo, de lo pol\u00edticamente correcto, de lo superficial y de lo intrascendente.<br \/>\n\u00abImaginaros a Nietzsche, Freud, Kafka y Borges por un lado. Enfrente a Carver, Bukowski y Silvia Plath. Todos lanz\u00e1ndose sus ideas, locuras, pensamientos grises&#8230; Buscando soluci\u00f3n para este mundo atormentado. Y en medio de la mesa:\u00a0<span class=\"a-text-italic\">Metales Salvajes<\/span>, el libro de \u00c1ngel J. Garc\u00eda. Y estos genios intentando ponerse de acuerdo si aceptan o no al escritor dentro de su mundo de \u201clocos\u201d\u00bb. Txema Pikabea Bereziartua.<\/p>\n","protected":false},"featured_media":101573,"comment_status":"open","ping_status":"closed","template":"","meta":{"_acf_changed":false},"libro":[],"product_brand":[],"product_cat":[20],"product_tag":[],"class_list":{"0":"post-101571","1":"product","2":"type-product","3":"status-publish","4":"has-post-thumbnail","6":"product_cat-poesia","8":"first","9":"instock","10":"shipping-taxable","11":"product-type-simple"},"acf":{"autor":[76069],"enlace_de_compra":"https:\/\/amzn.to\/4eNtoUG"},"yoast_head":"<!-- This site is optimized with the Yoast SEO plugin v27.4 - https:\/\/yoast.com\/product\/yoast-seo-wordpress\/ -->\n<title>Metales salvajes - Catalogo | Letrame Grupo Editorial<\/title>\n<meta name=\"robots\" content=\"index, follow, max-snippet:-1, max-image-preview:large, max-video-preview:-1\" \/>\n<link rel=\"canonical\" href=\"https:\/\/letrame.com\/catalogo\/producto\/metales-salvajes\/\" \/>\n<meta property=\"og:locale\" content=\"es_ES\" \/>\n<meta property=\"og:type\" content=\"article\" \/>\n<meta property=\"og:title\" content=\"Metales salvajes - Catalogo | Letrame Grupo Editorial\" \/>\n<meta property=\"og:description\" content=\"ISBN: 978-84-1181-600-7 SINOPSIS El escritor valenciano, \u00c1ngel J. Garc\u00eda, nos presenta un poemario demoledor y descarnado. Desde la primera l\u00ednea, el autor nos seduce con su ternura canalla, su libertad de pensamiento, la dureza, el ritmo y la vitalidad que imprime en cada verso. Viajaremos por estas vibrantes p\u00e1ginas a trav\u00e9s de temas universales e historias de \u00edndole social: el mundo laboral, la sensaci\u00f3n de extra\u00f1eza, el amor, el paso del tiempo, la enfermedad, la cura, la soledad o la muerte... Alej\u00e1ndose \u2014como en toda su obra\u2014, tanto en forma como en fondo, de lo pol\u00edticamente correcto, de lo superficial y de lo intrascendente. \u00abImaginaros a Nietzsche, Freud, Kafka y Borges por un lado. Enfrente a Carver, Bukowski y Silvia Plath. Todos lanz\u00e1ndose sus ideas, locuras, pensamientos grises... Buscando soluci\u00f3n para este mundo atormentado. Y en medio de la mesa:\u00a0Metales Salvajes, el libro de \u00c1ngel J. Garc\u00eda. Y estos genios intentando ponerse de acuerdo si aceptan o no al escritor dentro de su mundo de \u201clocos\u201d\u00bb. Txema Pikabea Bereziartua.\" \/>\n<meta property=\"og:url\" content=\"https:\/\/letrame.com\/catalogo\/producto\/metales-salvajes\/\" \/>\n<meta property=\"og:site_name\" content=\"Catalogo | Letrame Grupo Editorial\" \/>\n<meta property=\"article:modified_time\" content=\"2024-07-23T09:48:05+00:00\" \/>\n<meta property=\"og:image\" content=\"https:\/\/letrame.com\/catalogo\/wp-content\/uploads\/2024\/06\/webp_metalessalvajes_854mm.jpg\" \/>\n\t<meta property=\"og:image:width\" content=\"1594\" \/>\n\t<meta property=\"og:image:height\" content=\"2303\" \/>\n\t<meta property=\"og:image:type\" content=\"image\/jpeg\" \/>\n<meta name=\"twitter:card\" content=\"summary_large_image\" \/>\n<meta name=\"twitter:label1\" content=\"Tiempo de lectura\" \/>\n\t<meta name=\"twitter:data1\" content=\"2 minutos\" \/>\n<script type=\"application\/ld+json\" class=\"yoast-schema-graph\">{\"@context\":\"https:\\\/\\\/schema.org\",\"@graph\":[{\"@type\":\"WebPage\",\"@id\":\"https:\\\/\\\/letrame.com\\\/catalogo\\\/producto\\\/metales-salvajes\\\/\",\"url\":\"https:\\\/\\\/letrame.com\\\/catalogo\\\/producto\\\/metales-salvajes\\\/\",\"name\":\"Metales salvajes - Catalogo | Letrame Grupo Editorial\",\"isPartOf\":{\"@id\":\"https:\\\/\\\/letrame.com\\\/catalogo\\\/#website\"},\"primaryImageOfPage\":{\"@id\":\"https:\\\/\\\/letrame.com\\\/catalogo\\\/producto\\\/metales-salvajes\\\/#primaryimage\"},\"image\":{\"@id\":\"https:\\\/\\\/letrame.com\\\/catalogo\\\/producto\\\/metales-salvajes\\\/#primaryimage\"},\"thumbnailUrl\":\"https:\\\/\\\/letrame.com\\\/catalogo\\\/wp-content\\\/uploads\\\/2024\\\/06\\\/webp_metalessalvajes_854mm.jpg\",\"datePublished\":\"2024-06-21T11:59:40+00:00\",\"dateModified\":\"2024-07-23T09:48:05+00:00\",\"breadcrumb\":{\"@id\":\"https:\\\/\\\/letrame.com\\\/catalogo\\\/producto\\\/metales-salvajes\\\/#breadcrumb\"},\"inLanguage\":\"es\",\"potentialAction\":[{\"@type\":\"ReadAction\",\"target\":[\"https:\\\/\\\/letrame.com\\\/catalogo\\\/producto\\\/metales-salvajes\\\/\"]}]},{\"@type\":\"ImageObject\",\"inLanguage\":\"es\",\"@id\":\"https:\\\/\\\/letrame.com\\\/catalogo\\\/producto\\\/metales-salvajes\\\/#primaryimage\",\"url\":\"https:\\\/\\\/letrame.com\\\/catalogo\\\/wp-content\\\/uploads\\\/2024\\\/06\\\/webp_metalessalvajes_854mm.jpg\",\"contentUrl\":\"https:\\\/\\\/letrame.com\\\/catalogo\\\/wp-content\\\/uploads\\\/2024\\\/06\\\/webp_metalessalvajes_854mm.jpg\",\"width\":1594,\"height\":2303},{\"@type\":\"BreadcrumbList\",\"@id\":\"https:\\\/\\\/letrame.com\\\/catalogo\\\/producto\\\/metales-salvajes\\\/#breadcrumb\",\"itemListElement\":[{\"@type\":\"ListItem\",\"position\":1,\"name\":\"Portada\",\"item\":\"https:\\\/\\\/letrame.com\\\/catalogo\\\/\"},{\"@type\":\"ListItem\",\"position\":2,\"name\":\"Cat\u00e1logo\",\"item\":\"https:\\\/\\\/letrame.com\\\/catalogo\\\/\"},{\"@type\":\"ListItem\",\"position\":3,\"name\":\"Metales salvajes\"}]},{\"@type\":\"WebSite\",\"@id\":\"https:\\\/\\\/letrame.com\\\/catalogo\\\/#website\",\"url\":\"https:\\\/\\\/letrame.com\\\/catalogo\\\/\",\"name\":\"Catalogo | Letrame Grupo Editorial\",\"description\":\"\",\"publisher\":{\"@id\":\"https:\\\/\\\/letrame.com\\\/catalogo\\\/#organization\"},\"potentialAction\":[{\"@type\":\"SearchAction\",\"target\":{\"@type\":\"EntryPoint\",\"urlTemplate\":\"https:\\\/\\\/letrame.com\\\/catalogo\\\/?s={search_term_string}\"},\"query-input\":{\"@type\":\"PropertyValueSpecification\",\"valueRequired\":true,\"valueName\":\"search_term_string\"}}],\"inLanguage\":\"es\"},{\"@type\":\"Organization\",\"@id\":\"https:\\\/\\\/letrame.com\\\/catalogo\\\/#organization\",\"name\":\"Catalogo | Letrame Grupo Editorial\",\"url\":\"https:\\\/\\\/letrame.com\\\/catalogo\\\/\",\"logo\":{\"@type\":\"ImageObject\",\"inLanguage\":\"es\",\"@id\":\"https:\\\/\\\/letrame.com\\\/catalogo\\\/#\\\/schema\\\/logo\\\/image\\\/\",\"url\":\"https:\\\/\\\/letrame.com\\\/catalogo\\\/wp-content\\\/uploads\\\/2024\\\/03\\\/logo2.webp\",\"contentUrl\":\"https:\\\/\\\/letrame.com\\\/catalogo\\\/wp-content\\\/uploads\\\/2024\\\/03\\\/logo2.webp\",\"width\":394,\"height\":128,\"caption\":\"Catalogo | Letrame Grupo Editorial\"},\"image\":{\"@id\":\"https:\\\/\\\/letrame.com\\\/catalogo\\\/#\\\/schema\\\/logo\\\/image\\\/\"}}]}<\/script>\n<!-- \/ Yoast SEO plugin. -->","yoast_head_json":{"title":"Metales salvajes - Catalogo | Letrame Grupo Editorial","robots":{"index":"index","follow":"follow","max-snippet":"max-snippet:-1","max-image-preview":"max-image-preview:large","max-video-preview":"max-video-preview:-1"},"canonical":"https:\/\/letrame.com\/catalogo\/producto\/metales-salvajes\/","og_locale":"es_ES","og_type":"article","og_title":"Metales salvajes - Catalogo | Letrame Grupo Editorial","og_description":"ISBN: 978-84-1181-600-7 SINOPSIS El escritor valenciano, \u00c1ngel J. Garc\u00eda, nos presenta un poemario demoledor y descarnado. Desde la primera l\u00ednea, el autor nos seduce con su ternura canalla, su libertad de pensamiento, la dureza, el ritmo y la vitalidad que imprime en cada verso. Viajaremos por estas vibrantes p\u00e1ginas a trav\u00e9s de temas universales e historias de \u00edndole social: el mundo laboral, la sensaci\u00f3n de extra\u00f1eza, el amor, el paso del tiempo, la enfermedad, la cura, la soledad o la muerte... Alej\u00e1ndose \u2014como en toda su obra\u2014, tanto en forma como en fondo, de lo pol\u00edticamente correcto, de lo superficial y de lo intrascendente. \u00abImaginaros a Nietzsche, Freud, Kafka y Borges por un lado. Enfrente a Carver, Bukowski y Silvia Plath. Todos lanz\u00e1ndose sus ideas, locuras, pensamientos grises... Buscando soluci\u00f3n para este mundo atormentado. Y en medio de la mesa:\u00a0Metales Salvajes, el libro de \u00c1ngel J. Garc\u00eda. Y estos genios intentando ponerse de acuerdo si aceptan o no al escritor dentro de su mundo de \u201clocos\u201d\u00bb. Txema Pikabea Bereziartua.","og_url":"https:\/\/letrame.com\/catalogo\/producto\/metales-salvajes\/","og_site_name":"Catalogo | Letrame Grupo Editorial","article_modified_time":"2024-07-23T09:48:05+00:00","og_image":[{"width":1594,"height":2303,"url":"https:\/\/letrame.com\/catalogo\/wp-content\/uploads\/2024\/06\/webp_metalessalvajes_854mm.jpg","type":"image\/jpeg"}],"twitter_card":"summary_large_image","twitter_misc":{"Tiempo de lectura":"2 minutos"},"schema":{"@context":"https:\/\/schema.org","@graph":[{"@type":"WebPage","@id":"https:\/\/letrame.com\/catalogo\/producto\/metales-salvajes\/","url":"https:\/\/letrame.com\/catalogo\/producto\/metales-salvajes\/","name":"Metales salvajes - Catalogo | Letrame Grupo Editorial","isPartOf":{"@id":"https:\/\/letrame.com\/catalogo\/#website"},"primaryImageOfPage":{"@id":"https:\/\/letrame.com\/catalogo\/producto\/metales-salvajes\/#primaryimage"},"image":{"@id":"https:\/\/letrame.com\/catalogo\/producto\/metales-salvajes\/#primaryimage"},"thumbnailUrl":"https:\/\/letrame.com\/catalogo\/wp-content\/uploads\/2024\/06\/webp_metalessalvajes_854mm.jpg","datePublished":"2024-06-21T11:59:40+00:00","dateModified":"2024-07-23T09:48:05+00:00","breadcrumb":{"@id":"https:\/\/letrame.com\/catalogo\/producto\/metales-salvajes\/#breadcrumb"},"inLanguage":"es","potentialAction":[{"@type":"ReadAction","target":["https:\/\/letrame.com\/catalogo\/producto\/metales-salvajes\/"]}]},{"@type":"ImageObject","inLanguage":"es","@id":"https:\/\/letrame.com\/catalogo\/producto\/metales-salvajes\/#primaryimage","url":"https:\/\/letrame.com\/catalogo\/wp-content\/uploads\/2024\/06\/webp_metalessalvajes_854mm.jpg","contentUrl":"https:\/\/letrame.com\/catalogo\/wp-content\/uploads\/2024\/06\/webp_metalessalvajes_854mm.jpg","width":1594,"height":2303},{"@type":"BreadcrumbList","@id":"https:\/\/letrame.com\/catalogo\/producto\/metales-salvajes\/#breadcrumb","itemListElement":[{"@type":"ListItem","position":1,"name":"Portada","item":"https:\/\/letrame.com\/catalogo\/"},{"@type":"ListItem","position":2,"name":"Cat\u00e1logo","item":"https:\/\/letrame.com\/catalogo\/"},{"@type":"ListItem","position":3,"name":"Metales salvajes"}]},{"@type":"WebSite","@id":"https:\/\/letrame.com\/catalogo\/#website","url":"https:\/\/letrame.com\/catalogo\/","name":"Catalogo | Letrame Grupo Editorial","description":"","publisher":{"@id":"https:\/\/letrame.com\/catalogo\/#organization"},"potentialAction":[{"@type":"SearchAction","target":{"@type":"EntryPoint","urlTemplate":"https:\/\/letrame.com\/catalogo\/?s={search_term_string}"},"query-input":{"@type":"PropertyValueSpecification","valueRequired":true,"valueName":"search_term_string"}}],"inLanguage":"es"},{"@type":"Organization","@id":"https:\/\/letrame.com\/catalogo\/#organization","name":"Catalogo | Letrame Grupo Editorial","url":"https:\/\/letrame.com\/catalogo\/","logo":{"@type":"ImageObject","inLanguage":"es","@id":"https:\/\/letrame.com\/catalogo\/#\/schema\/logo\/image\/","url":"https:\/\/letrame.com\/catalogo\/wp-content\/uploads\/2024\/03\/logo2.webp","contentUrl":"https:\/\/letrame.com\/catalogo\/wp-content\/uploads\/2024\/03\/logo2.webp","width":394,"height":128,"caption":"Catalogo | Letrame Grupo Editorial"},"image":{"@id":"https:\/\/letrame.com\/catalogo\/#\/schema\/logo\/image\/"}}]}},"_links":{"self":[{"href":"https:\/\/letrame.com\/catalogo\/wp-json\/wp\/v2\/product\/101571","targetHints":{"allow":["GET"]}}],"collection":[{"href":"https:\/\/letrame.com\/catalogo\/wp-json\/wp\/v2\/product"}],"about":[{"href":"https:\/\/letrame.com\/catalogo\/wp-json\/wp\/v2\/types\/product"}],"replies":[{"embeddable":true,"href":"https:\/\/letrame.com\/catalogo\/wp-json\/wp\/v2\/comments?post=101571"}],"acf:post":[{"embeddable":true,"href":"https:\/\/letrame.com\/catalogo\/wp-json\/wp\/v2\/author_book\/76069"}],"wp:featuredmedia":[{"embeddable":true,"href":"https:\/\/letrame.com\/catalogo\/wp-json\/wp\/v2\/media\/101573"}],"wp:attachment":[{"href":"https:\/\/letrame.com\/catalogo\/wp-json\/wp\/v2\/media?parent=101571"}],"wp:term":[{"taxonomy":"libro","embeddable":true,"href":"https:\/\/letrame.com\/catalogo\/wp-json\/wp\/v2\/libro?post=101571"},{"taxonomy":"product_brand","embeddable":true,"href":"https:\/\/letrame.com\/catalogo\/wp-json\/wp\/v2\/product_brand?post=101571"},{"taxonomy":"product_cat","embeddable":true,"href":"https:\/\/letrame.com\/catalogo\/wp-json\/wp\/v2\/product_cat?post=101571"},{"taxonomy":"product_tag","embeddable":true,"href":"https:\/\/letrame.com\/catalogo\/wp-json\/wp\/v2\/product_tag?post=101571"}],"curies":[{"name":"wp","href":"https:\/\/api.w.org\/{rel}","templated":true}]}}