{"id":101546,"date":"2024-06-20T15:24:56","date_gmt":"2024-06-20T13:24:56","guid":{"rendered":"https:\/\/letrame.com\/catalogo\/?post_type=product&#038;p=101546"},"modified":"2024-06-20T15:24:57","modified_gmt":"2024-06-20T13:24:57","slug":"carlos-de-izakas-libro-2-un-largo-viaje-a-desierto","status":"publish","type":"product","link":"https:\/\/letrame.com\/catalogo\/producto\/carlos-de-izakas-libro-2-un-largo-viaje-a-desierto\/","title":{"rendered":"Carlos de Izak\u2019as. Libro 2: Un largo viaje a Desierto"},"content":{"rendered":"<p>ISBN:\u00a0978-84-1068-026-5<br \/>\nT\u00edtulo:\u2028Carlos de Izak\u2019as. Libro 2: Un largo viaje a Desierto<br \/>\nFecha:\u20282024<br \/>\nP\u00e1ginas:\u00a0410<br \/>\nSINOPSIS<\/p>\n<p>Izak\u2019as, Desierto, Nix y Urbium son los cuatro planetas de las cuatro historias, de lectura independiente, de esta saga.<\/p>\n<p>En Desierto, la IA ya no es una preocupaci\u00f3n, sino la CA (conciencia aut\u00f3noma) que poseen los Programas de Asgard. La Hum\u00e1nica, la ciencia creada por los Kenk\u00f3, tendr\u00e1 que comprenderla y explicarla.<\/p>\n<p>Los T\u00faneles de Fr\u00edo hicieron posible la \u00abExpansi\u00f3n\u00bb, pero nadie sabe qu\u00e9 son ni c\u00f3mo o por qu\u00e9 aparecieron.<\/p>\n<p>Carlos y su amigos llegan a un mundo muy primitivo, pero con un asombroso lenguaje; un mundo sin tecnolog\u00eda. El lugar de origen del Yume, uno de sus secretos mejor guardados.<\/p>\n<p>Las capacidades especiales, como las que Carlos ha comenzado a tener, pueden transformarse en un arma de dominaci\u00f3n. <\/p>\n<p>Uno de los Ocultos, una desviaci\u00f3n gen\u00e9tica, ser\u00e1 clave para salvarles la vida.<\/p>\n<p>Ha desaparecido una colonia entera. La causa es un error.<br \/>\nUna ayuda inesperada, una criatura casi m\u00edstica adopta a Carlos.<br \/>\nEn medio de una tormenta de arena surgen los rastros de una vieja leyenda, anterior incluso a los humanos de la Vieja Tierra. <\/p>\n<p>Varias trampas y un juicio en que se juegan sus vidas y el posible futuro  de la humanidad.<\/p>\n","protected":false},"excerpt":{"rendered":"<p>ISBN:\u00a0978-84-1068-026-5<\/p>\n<p>SINOPSIS<\/p>\n<p>Izak\u2019as, Desierto, Nix y Urbium son los cuatro planetas de las cuatro historias, de lectura independiente, de esta saga.<\/p>\n<p>En Desierto, la IA ya no es una preocupaci\u00f3n, sino la CA (conciencia aut\u00f3noma) que poseen los Programas de Asgard. La Hum\u00e1nica, la ciencia creada por los Kenk\u00f3, tendr\u00e1 que comprenderla y explicarla.<\/p>\n<p>Los T\u00faneles de Fr\u00edo hicieron posible la \u00abExpansi\u00f3n\u00bb, pero nadie sabe qu\u00e9 son ni c\u00f3mo o por qu\u00e9 aparecieron.<\/p>\n<p>Carlos y su amigos llegan a un mundo muy primitivo, pero con un asombroso lenguaje; un mundo sin tecnolog\u00eda. El lugar de origen del Yume, uno de sus secretos mejor guardados.<\/p>\n<p>Las capacidades especiales, como las que Carlos ha comenzado a tener, pueden transformarse en un arma de dominaci\u00f3n. <\/p>\n<p>Uno de los Ocultos, una desviaci\u00f3n gen\u00e9tica, ser\u00e1 clave para salvarles la vida.<\/p>\n<p>Ha desaparecido una colonia entera. La causa es un error.<br \/>\nUna ayuda inesperada, una criatura casi m\u00edstica adopta a Carlos.<br \/>\nEn medio de una tormenta de arena surgen los rastros de una vieja leyenda, anterior incluso a los humanos de la Vieja Tierra. <\/p>\n<p>Varias trampas y un juicio en que se juegan sus vidas y el posible futuro  de la humanidad.<\/p>\n","protected":false},"featured_media":101549,"comment_status":"open","ping_status":"closed","template":"","meta":{"_acf_changed":false},"libro":[],"product_brand":[],"product_cat":[47],"product_tag":[],"class_list":{"0":"post-101546","1":"product","2":"type-product","3":"status-publish","4":"has-post-thumbnail","6":"product_cat-ciencia-ficcion-misterio","8":"first","9":"instock","10":"shipping-taxable","11":"product-type-simple"},"acf":{"autor":[101545],"enlace_de_compra":"https:\/\/www.agapea.com\/Jose-Juan-Mazzuco-de-Leon\/Carlos-de-Izak-as-Libro-2-Un-largo-viaje-al-Desierto--9788410680265-i.htm"},"yoast_head":"<!-- This site is optimized with the Yoast SEO plugin v27.4 - https:\/\/yoast.com\/product\/yoast-seo-wordpress\/ -->\n<title>Carlos de Izak\u2019as. Libro 2: Un largo viaje a Desierto - Catalogo | Letrame Grupo Editorial<\/title>\n<meta name=\"robots\" content=\"index, follow, max-snippet:-1, max-image-preview:large, max-video-preview:-1\" \/>\n<link rel=\"canonical\" href=\"https:\/\/letrame.com\/catalogo\/producto\/carlos-de-izakas-libro-2-un-largo-viaje-a-desierto\/\" \/>\n<meta property=\"og:locale\" content=\"es_ES\" \/>\n<meta property=\"og:type\" content=\"article\" \/>\n<meta property=\"og:title\" content=\"Carlos de Izak\u2019as. Libro 2: Un largo viaje a Desierto - Catalogo | Letrame Grupo Editorial\" \/>\n<meta property=\"og:description\" content=\"ISBN:\u00a0978-84-1068-026-5  SINOPSIS  Izak\u2019as, Desierto, Nix y Urbium son los cuatro planetas de las cuatro historias, de lectura independiente, de esta saga.  En Desierto, la IA ya no es una preocupaci\u00f3n, sino la CA (conciencia aut\u00f3noma) que poseen los Programas de Asgard. La Hum\u00e1nica, la ciencia creada por los Kenk\u00f3, tendr\u00e1 que comprenderla y explicarla.  Los T\u00faneles de Fr\u00edo hicieron posible la \u00abExpansi\u00f3n\u00bb, pero nadie sabe qu\u00e9 son ni c\u00f3mo o por qu\u00e9 aparecieron.  Carlos y su amigos llegan a un mundo muy primitivo, pero con un asombroso lenguaje; un mundo sin tecnolog\u00eda. El lugar de origen del Yume, uno de sus secretos mejor guardados.  Las capacidades especiales, como las que Carlos ha comenzado a tener, pueden transformarse en un arma de dominaci\u00f3n.   Uno de los Ocultos, una desviaci\u00f3n gen\u00e9tica, ser\u00e1 clave para salvarles la vida.  Ha desaparecido una colonia entera. La causa es un error.  Una ayuda inesperada, una criatura casi m\u00edstica adopta a Carlos.  En medio de una tormenta de arena surgen los rastros de una vieja leyenda, anterior incluso a los humanos de la Vieja Tierra.   Varias trampas y un juicio en que se juegan sus vidas y el posible futuro de la humanidad.\" \/>\n<meta property=\"og:url\" content=\"https:\/\/letrame.com\/catalogo\/producto\/carlos-de-izakas-libro-2-un-largo-viaje-a-desierto\/\" \/>\n<meta property=\"og:site_name\" content=\"Catalogo | Letrame Grupo Editorial\" \/>\n<meta property=\"article:modified_time\" content=\"2024-06-20T13:24:57+00:00\" \/>\n<meta property=\"og:image\" content=\"https:\/\/letrame.com\/catalogo\/wp-content\/uploads\/2024\/06\/webp_carlosdeizak_20mm-compressed-scaled.jpg\" \/>\n\t<meta property=\"og:image:width\" content=\"1746\" \/>\n\t<meta property=\"og:image:height\" content=\"2560\" \/>\n\t<meta property=\"og:image:type\" content=\"image\/jpeg\" \/>\n<meta name=\"twitter:card\" content=\"summary_large_image\" \/>\n<script type=\"application\/ld+json\" class=\"yoast-schema-graph\">{\"@context\":\"https:\\\/\\\/schema.org\",\"@graph\":[{\"@type\":\"WebPage\",\"@id\":\"https:\\\/\\\/letrame.com\\\/catalogo\\\/producto\\\/carlos-de-izakas-libro-2-un-largo-viaje-a-desierto\\\/\",\"url\":\"https:\\\/\\\/letrame.com\\\/catalogo\\\/producto\\\/carlos-de-izakas-libro-2-un-largo-viaje-a-desierto\\\/\",\"name\":\"Carlos de Izak\u2019as. Libro 2: Un largo viaje a Desierto - Catalogo | Letrame Grupo Editorial\",\"isPartOf\":{\"@id\":\"https:\\\/\\\/letrame.com\\\/catalogo\\\/#website\"},\"primaryImageOfPage\":{\"@id\":\"https:\\\/\\\/letrame.com\\\/catalogo\\\/producto\\\/carlos-de-izakas-libro-2-un-largo-viaje-a-desierto\\\/#primaryimage\"},\"image\":{\"@id\":\"https:\\\/\\\/letrame.com\\\/catalogo\\\/producto\\\/carlos-de-izakas-libro-2-un-largo-viaje-a-desierto\\\/#primaryimage\"},\"thumbnailUrl\":\"https:\\\/\\\/letrame.com\\\/catalogo\\\/wp-content\\\/uploads\\\/2024\\\/06\\\/webp_carlosdeizak_20mm-compressed-scaled.jpg\",\"datePublished\":\"2024-06-20T13:24:56+00:00\",\"dateModified\":\"2024-06-20T13:24:57+00:00\",\"breadcrumb\":{\"@id\":\"https:\\\/\\\/letrame.com\\\/catalogo\\\/producto\\\/carlos-de-izakas-libro-2-un-largo-viaje-a-desierto\\\/#breadcrumb\"},\"inLanguage\":\"es\",\"potentialAction\":[{\"@type\":\"ReadAction\",\"target\":[\"https:\\\/\\\/letrame.com\\\/catalogo\\\/producto\\\/carlos-de-izakas-libro-2-un-largo-viaje-a-desierto\\\/\"]}]},{\"@type\":\"ImageObject\",\"inLanguage\":\"es\",\"@id\":\"https:\\\/\\\/letrame.com\\\/catalogo\\\/producto\\\/carlos-de-izakas-libro-2-un-largo-viaje-a-desierto\\\/#primaryimage\",\"url\":\"https:\\\/\\\/letrame.com\\\/catalogo\\\/wp-content\\\/uploads\\\/2024\\\/06\\\/webp_carlosdeizak_20mm-compressed-scaled.jpg\",\"contentUrl\":\"https:\\\/\\\/letrame.com\\\/catalogo\\\/wp-content\\\/uploads\\\/2024\\\/06\\\/webp_carlosdeizak_20mm-compressed-scaled.jpg\",\"width\":1746,\"height\":2560},{\"@type\":\"BreadcrumbList\",\"@id\":\"https:\\\/\\\/letrame.com\\\/catalogo\\\/producto\\\/carlos-de-izakas-libro-2-un-largo-viaje-a-desierto\\\/#breadcrumb\",\"itemListElement\":[{\"@type\":\"ListItem\",\"position\":1,\"name\":\"Portada\",\"item\":\"https:\\\/\\\/letrame.com\\\/catalogo\\\/\"},{\"@type\":\"ListItem\",\"position\":2,\"name\":\"Cat\u00e1logo\",\"item\":\"https:\\\/\\\/letrame.com\\\/catalogo\\\/\"},{\"@type\":\"ListItem\",\"position\":3,\"name\":\"Carlos de Izak\u2019as. Libro 2: Un largo viaje a Desierto\"}]},{\"@type\":\"WebSite\",\"@id\":\"https:\\\/\\\/letrame.com\\\/catalogo\\\/#website\",\"url\":\"https:\\\/\\\/letrame.com\\\/catalogo\\\/\",\"name\":\"Catalogo | Letrame Grupo Editorial\",\"description\":\"\",\"publisher\":{\"@id\":\"https:\\\/\\\/letrame.com\\\/catalogo\\\/#organization\"},\"potentialAction\":[{\"@type\":\"SearchAction\",\"target\":{\"@type\":\"EntryPoint\",\"urlTemplate\":\"https:\\\/\\\/letrame.com\\\/catalogo\\\/?s={search_term_string}\"},\"query-input\":{\"@type\":\"PropertyValueSpecification\",\"valueRequired\":true,\"valueName\":\"search_term_string\"}}],\"inLanguage\":\"es\"},{\"@type\":\"Organization\",\"@id\":\"https:\\\/\\\/letrame.com\\\/catalogo\\\/#organization\",\"name\":\"Catalogo | Letrame Grupo Editorial\",\"url\":\"https:\\\/\\\/letrame.com\\\/catalogo\\\/\",\"logo\":{\"@type\":\"ImageObject\",\"inLanguage\":\"es\",\"@id\":\"https:\\\/\\\/letrame.com\\\/catalogo\\\/#\\\/schema\\\/logo\\\/image\\\/\",\"url\":\"https:\\\/\\\/letrame.com\\\/catalogo\\\/wp-content\\\/uploads\\\/2024\\\/03\\\/logo2.webp\",\"contentUrl\":\"https:\\\/\\\/letrame.com\\\/catalogo\\\/wp-content\\\/uploads\\\/2024\\\/03\\\/logo2.webp\",\"width\":394,\"height\":128,\"caption\":\"Catalogo | Letrame Grupo Editorial\"},\"image\":{\"@id\":\"https:\\\/\\\/letrame.com\\\/catalogo\\\/#\\\/schema\\\/logo\\\/image\\\/\"}}]}<\/script>\n<!-- \/ Yoast SEO plugin. -->","yoast_head_json":{"title":"Carlos de Izak\u2019as. Libro 2: Un largo viaje a Desierto - Catalogo | Letrame Grupo Editorial","robots":{"index":"index","follow":"follow","max-snippet":"max-snippet:-1","max-image-preview":"max-image-preview:large","max-video-preview":"max-video-preview:-1"},"canonical":"https:\/\/letrame.com\/catalogo\/producto\/carlos-de-izakas-libro-2-un-largo-viaje-a-desierto\/","og_locale":"es_ES","og_type":"article","og_title":"Carlos de Izak\u2019as. Libro 2: Un largo viaje a Desierto - Catalogo | Letrame Grupo Editorial","og_description":"ISBN:\u00a0978-84-1068-026-5  SINOPSIS  Izak\u2019as, Desierto, Nix y Urbium son los cuatro planetas de las cuatro historias, de lectura independiente, de esta saga.  En Desierto, la IA ya no es una preocupaci\u00f3n, sino la CA (conciencia aut\u00f3noma) que poseen los Programas de Asgard. La Hum\u00e1nica, la ciencia creada por los Kenk\u00f3, tendr\u00e1 que comprenderla y explicarla.  Los T\u00faneles de Fr\u00edo hicieron posible la \u00abExpansi\u00f3n\u00bb, pero nadie sabe qu\u00e9 son ni c\u00f3mo o por qu\u00e9 aparecieron.  Carlos y su amigos llegan a un mundo muy primitivo, pero con un asombroso lenguaje; un mundo sin tecnolog\u00eda. El lugar de origen del Yume, uno de sus secretos mejor guardados.  Las capacidades especiales, como las que Carlos ha comenzado a tener, pueden transformarse en un arma de dominaci\u00f3n.   Uno de los Ocultos, una desviaci\u00f3n gen\u00e9tica, ser\u00e1 clave para salvarles la vida.  Ha desaparecido una colonia entera. La causa es un error.  Una ayuda inesperada, una criatura casi m\u00edstica adopta a Carlos.  En medio de una tormenta de arena surgen los rastros de una vieja leyenda, anterior incluso a los humanos de la Vieja Tierra.   Varias trampas y un juicio en que se juegan sus vidas y el posible futuro de la humanidad.","og_url":"https:\/\/letrame.com\/catalogo\/producto\/carlos-de-izakas-libro-2-un-largo-viaje-a-desierto\/","og_site_name":"Catalogo | Letrame Grupo Editorial","article_modified_time":"2024-06-20T13:24:57+00:00","og_image":[{"width":1746,"height":2560,"url":"https:\/\/letrame.com\/catalogo\/wp-content\/uploads\/2024\/06\/webp_carlosdeizak_20mm-compressed-scaled.jpg","type":"image\/jpeg"}],"twitter_card":"summary_large_image","schema":{"@context":"https:\/\/schema.org","@graph":[{"@type":"WebPage","@id":"https:\/\/letrame.com\/catalogo\/producto\/carlos-de-izakas-libro-2-un-largo-viaje-a-desierto\/","url":"https:\/\/letrame.com\/catalogo\/producto\/carlos-de-izakas-libro-2-un-largo-viaje-a-desierto\/","name":"Carlos de Izak\u2019as. Libro 2: Un largo viaje a Desierto - Catalogo | Letrame Grupo Editorial","isPartOf":{"@id":"https:\/\/letrame.com\/catalogo\/#website"},"primaryImageOfPage":{"@id":"https:\/\/letrame.com\/catalogo\/producto\/carlos-de-izakas-libro-2-un-largo-viaje-a-desierto\/#primaryimage"},"image":{"@id":"https:\/\/letrame.com\/catalogo\/producto\/carlos-de-izakas-libro-2-un-largo-viaje-a-desierto\/#primaryimage"},"thumbnailUrl":"https:\/\/letrame.com\/catalogo\/wp-content\/uploads\/2024\/06\/webp_carlosdeizak_20mm-compressed-scaled.jpg","datePublished":"2024-06-20T13:24:56+00:00","dateModified":"2024-06-20T13:24:57+00:00","breadcrumb":{"@id":"https:\/\/letrame.com\/catalogo\/producto\/carlos-de-izakas-libro-2-un-largo-viaje-a-desierto\/#breadcrumb"},"inLanguage":"es","potentialAction":[{"@type":"ReadAction","target":["https:\/\/letrame.com\/catalogo\/producto\/carlos-de-izakas-libro-2-un-largo-viaje-a-desierto\/"]}]},{"@type":"ImageObject","inLanguage":"es","@id":"https:\/\/letrame.com\/catalogo\/producto\/carlos-de-izakas-libro-2-un-largo-viaje-a-desierto\/#primaryimage","url":"https:\/\/letrame.com\/catalogo\/wp-content\/uploads\/2024\/06\/webp_carlosdeizak_20mm-compressed-scaled.jpg","contentUrl":"https:\/\/letrame.com\/catalogo\/wp-content\/uploads\/2024\/06\/webp_carlosdeizak_20mm-compressed-scaled.jpg","width":1746,"height":2560},{"@type":"BreadcrumbList","@id":"https:\/\/letrame.com\/catalogo\/producto\/carlos-de-izakas-libro-2-un-largo-viaje-a-desierto\/#breadcrumb","itemListElement":[{"@type":"ListItem","position":1,"name":"Portada","item":"https:\/\/letrame.com\/catalogo\/"},{"@type":"ListItem","position":2,"name":"Cat\u00e1logo","item":"https:\/\/letrame.com\/catalogo\/"},{"@type":"ListItem","position":3,"name":"Carlos de Izak\u2019as. Libro 2: Un largo viaje a Desierto"}]},{"@type":"WebSite","@id":"https:\/\/letrame.com\/catalogo\/#website","url":"https:\/\/letrame.com\/catalogo\/","name":"Catalogo | Letrame Grupo Editorial","description":"","publisher":{"@id":"https:\/\/letrame.com\/catalogo\/#organization"},"potentialAction":[{"@type":"SearchAction","target":{"@type":"EntryPoint","urlTemplate":"https:\/\/letrame.com\/catalogo\/?s={search_term_string}"},"query-input":{"@type":"PropertyValueSpecification","valueRequired":true,"valueName":"search_term_string"}}],"inLanguage":"es"},{"@type":"Organization","@id":"https:\/\/letrame.com\/catalogo\/#organization","name":"Catalogo | Letrame Grupo Editorial","url":"https:\/\/letrame.com\/catalogo\/","logo":{"@type":"ImageObject","inLanguage":"es","@id":"https:\/\/letrame.com\/catalogo\/#\/schema\/logo\/image\/","url":"https:\/\/letrame.com\/catalogo\/wp-content\/uploads\/2024\/03\/logo2.webp","contentUrl":"https:\/\/letrame.com\/catalogo\/wp-content\/uploads\/2024\/03\/logo2.webp","width":394,"height":128,"caption":"Catalogo | Letrame Grupo Editorial"},"image":{"@id":"https:\/\/letrame.com\/catalogo\/#\/schema\/logo\/image\/"}}]}},"_links":{"self":[{"href":"https:\/\/letrame.com\/catalogo\/wp-json\/wp\/v2\/product\/101546","targetHints":{"allow":["GET"]}}],"collection":[{"href":"https:\/\/letrame.com\/catalogo\/wp-json\/wp\/v2\/product"}],"about":[{"href":"https:\/\/letrame.com\/catalogo\/wp-json\/wp\/v2\/types\/product"}],"replies":[{"embeddable":true,"href":"https:\/\/letrame.com\/catalogo\/wp-json\/wp\/v2\/comments?post=101546"}],"acf:post":[{"embeddable":true,"href":"https:\/\/letrame.com\/catalogo\/wp-json\/wp\/v2\/author_book\/101545"}],"wp:featuredmedia":[{"embeddable":true,"href":"https:\/\/letrame.com\/catalogo\/wp-json\/wp\/v2\/media\/101549"}],"wp:attachment":[{"href":"https:\/\/letrame.com\/catalogo\/wp-json\/wp\/v2\/media?parent=101546"}],"wp:term":[{"taxonomy":"libro","embeddable":true,"href":"https:\/\/letrame.com\/catalogo\/wp-json\/wp\/v2\/libro?post=101546"},{"taxonomy":"product_brand","embeddable":true,"href":"https:\/\/letrame.com\/catalogo\/wp-json\/wp\/v2\/product_brand?post=101546"},{"taxonomy":"product_cat","embeddable":true,"href":"https:\/\/letrame.com\/catalogo\/wp-json\/wp\/v2\/product_cat?post=101546"},{"taxonomy":"product_tag","embeddable":true,"href":"https:\/\/letrame.com\/catalogo\/wp-json\/wp\/v2\/product_tag?post=101546"}],"curies":[{"name":"wp","href":"https:\/\/api.w.org\/{rel}","templated":true}]}}