{"id":101528,"date":"2024-06-20T14:21:28","date_gmt":"2024-06-20T12:21:28","guid":{"rendered":"https:\/\/letrame.com\/catalogo\/?post_type=product&#038;p=101528"},"modified":"2024-07-17T15:09:13","modified_gmt":"2024-07-17T13:09:13","slug":"al-borde-del-suicidio","status":"publish","type":"product","link":"https:\/\/letrame.com\/catalogo\/producto\/al-borde-del-suicidio\/","title":{"rendered":"Al borde del suicidio"},"content":{"rendered":"<p>ISBN:\u00a0978-84-1068-434-8<br \/>\nT\u00edtulo:\u2028Al borde del suicidio<br \/>\nFecha:\u20282024<br \/>\nP\u00e1ginas:\u00a0152<br \/>\nSINOPSIS<\/p>\n<p>Hay vivencias en la vida que no pueden describirse con palabras: la muerte de un hijo, sufrir una enfermedad terminal o tener deseos profundos de morir pueden ser ejemplos de ello.<\/p>\n<p>La autora de Al borde del suicidio pretende acercar su coraz\u00f3n al de aquellos que se sienten solos e incomprendidos. A aquellas personas que sienten un dolor tan profundo que la \u00fanica salida que ven a su dolor es quitarse la vida.<\/p>\n<p>A trav\u00e9s de las palabras y emociones escritas en \u00e9l, el lector podr\u00e1 comprender un poco m\u00e1s lo que una persona con pensamientos suicidas lleva en su alma, mente y coraz\u00f3n.<\/p>\n<p>Un libro honesto, escrito desde la vivencia personal y \u00f3ptica profesional, para poner luz a un tema muy poco visto en nuestra sociedad. Hablemos del suicidio, demos luz a todo ese dolor y sanemos corazones.<\/p>\n","protected":false},"excerpt":{"rendered":"<p>ISBN:\u00a0978-84-1068-434-8<\/p>\n<p>SINOPSIS<\/p>\n<p>Hay vivencias en la vida que no pueden describirse con palabras: la muerte de un hijo, sufrir una enfermedad terminal o tener deseos profundos de morir pueden ser ejemplos de ello.<\/p>\n<p>La autora de Al borde del suicidio pretende acercar su coraz\u00f3n al de aquellos que se sienten solos e incomprendidos. A aquellas personas que sienten un dolor tan profundo que la \u00fanica salida que ven a su dolor es quitarse la vida.<\/p>\n<p>A trav\u00e9s de las palabras y emociones escritas en \u00e9l, el lector podr\u00e1 comprender un poco m\u00e1s lo que una persona con pensamientos suicidas lleva en su alma, mente y coraz\u00f3n.<\/p>\n<p>Un libro honesto, escrito desde la vivencia personal y \u00f3ptica profesional, para poner luz a un tema muy poco visto en nuestra sociedad. Hablemos del suicidio, demos luz a todo ese dolor y sanemos corazones.<\/p>\n","protected":false},"featured_media":101531,"comment_status":"open","ping_status":"closed","template":"","meta":{"_acf_changed":false},"libro":[],"product_brand":[],"product_cat":[102],"product_tag":[],"class_list":{"0":"post-101528","1":"product","2":"type-product","3":"status-publish","4":"has-post-thumbnail","6":"product_cat-biografia","8":"first","9":"instock","10":"shipping-taxable","11":"product-type-simple"},"acf":{"autor":[101527],"enlace_de_compra":"https:\/\/amzn.to\/3Y3S9WL"},"yoast_head":"<!-- This site is optimized with the Yoast SEO plugin v26.6 - https:\/\/yoast.com\/wordpress\/plugins\/seo\/ -->\n<title>Al borde del suicidio - Catalogo | Letrame Grupo Editorial<\/title>\n<meta name=\"robots\" content=\"index, follow, max-snippet:-1, max-image-preview:large, max-video-preview:-1\" \/>\n<link rel=\"canonical\" href=\"https:\/\/letrame.com\/catalogo\/producto\/al-borde-del-suicidio\/\" \/>\n<meta property=\"og:locale\" content=\"es_ES\" \/>\n<meta property=\"og:type\" content=\"article\" \/>\n<meta property=\"og:title\" content=\"Al borde del suicidio - Catalogo | Letrame Grupo Editorial\" \/>\n<meta property=\"og:description\" content=\"ISBN:\u00a0978-84-1068-434-8  SINOPSIS  Hay vivencias en la vida que no pueden describirse con palabras: la muerte de un hijo, sufrir una enfermedad terminal o tener deseos profundos de morir pueden ser ejemplos de ello.  La autora de Al borde del suicidio pretende acercar su coraz\u00f3n al de aquellos que se sienten solos e incomprendidos. A aquellas personas que sienten un dolor tan profundo que la \u00fanica salida que ven a su dolor es quitarse la vida.  A trav\u00e9s de las palabras y emociones escritas en \u00e9l, el lector podr\u00e1 comprender un poco m\u00e1s lo que una persona con pensamientos suicidas lleva en su alma, mente y coraz\u00f3n.  Un libro honesto, escrito desde la vivencia personal y \u00f3ptica profesional, para poner luz a un tema muy poco visto en nuestra sociedad. Hablemos del suicidio, demos luz a todo ese dolor y sanemos corazones.\" \/>\n<meta property=\"og:url\" content=\"https:\/\/letrame.com\/catalogo\/producto\/al-borde-del-suicidio\/\" \/>\n<meta property=\"og:site_name\" content=\"Catalogo | Letrame Grupo Editorial\" \/>\n<meta property=\"article:modified_time\" content=\"2024-07-17T13:09:13+00:00\" \/>\n<meta property=\"og:image\" content=\"https:\/\/letrame.com\/catalogo\/wp-content\/uploads\/2024\/06\/webp_albordedelsuicidio_9mm-compressed.jpg\" \/>\n\t<meta property=\"og:image:width\" content=\"1748\" \/>\n\t<meta property=\"og:image:height\" content=\"2480\" \/>\n\t<meta property=\"og:image:type\" content=\"image\/jpeg\" \/>\n<meta name=\"twitter:card\" content=\"summary_large_image\" \/>\n<meta name=\"twitter:label1\" content=\"Tiempo de lectura\" \/>\n\t<meta name=\"twitter:data1\" content=\"1 minuto\" \/>\n<script type=\"application\/ld+json\" class=\"yoast-schema-graph\">{\"@context\":\"https:\/\/schema.org\",\"@graph\":[{\"@type\":\"WebPage\",\"@id\":\"https:\/\/letrame.com\/catalogo\/producto\/al-borde-del-suicidio\/\",\"url\":\"https:\/\/letrame.com\/catalogo\/producto\/al-borde-del-suicidio\/\",\"name\":\"Al borde del suicidio - Catalogo | Letrame Grupo Editorial\",\"isPartOf\":{\"@id\":\"https:\/\/letrame.com\/catalogo\/#website\"},\"primaryImageOfPage\":{\"@id\":\"https:\/\/letrame.com\/catalogo\/producto\/al-borde-del-suicidio\/#primaryimage\"},\"image\":{\"@id\":\"https:\/\/letrame.com\/catalogo\/producto\/al-borde-del-suicidio\/#primaryimage\"},\"thumbnailUrl\":\"https:\/\/letrame.com\/catalogo\/wp-content\/uploads\/2024\/06\/webp_albordedelsuicidio_9mm-compressed.jpg\",\"datePublished\":\"2024-06-20T12:21:28+00:00\",\"dateModified\":\"2024-07-17T13:09:13+00:00\",\"breadcrumb\":{\"@id\":\"https:\/\/letrame.com\/catalogo\/producto\/al-borde-del-suicidio\/#breadcrumb\"},\"inLanguage\":\"es\",\"potentialAction\":[{\"@type\":\"ReadAction\",\"target\":[\"https:\/\/letrame.com\/catalogo\/producto\/al-borde-del-suicidio\/\"]}]},{\"@type\":\"ImageObject\",\"inLanguage\":\"es\",\"@id\":\"https:\/\/letrame.com\/catalogo\/producto\/al-borde-del-suicidio\/#primaryimage\",\"url\":\"https:\/\/letrame.com\/catalogo\/wp-content\/uploads\/2024\/06\/webp_albordedelsuicidio_9mm-compressed.jpg\",\"contentUrl\":\"https:\/\/letrame.com\/catalogo\/wp-content\/uploads\/2024\/06\/webp_albordedelsuicidio_9mm-compressed.jpg\",\"width\":1748,\"height\":2480},{\"@type\":\"BreadcrumbList\",\"@id\":\"https:\/\/letrame.com\/catalogo\/producto\/al-borde-del-suicidio\/#breadcrumb\",\"itemListElement\":[{\"@type\":\"ListItem\",\"position\":1,\"name\":\"Portada\",\"item\":\"https:\/\/letrame.com\/catalogo\/\"},{\"@type\":\"ListItem\",\"position\":2,\"name\":\"Cat\u00e1logo\",\"item\":\"https:\/\/letrame.com\/catalogo\/\"},{\"@type\":\"ListItem\",\"position\":3,\"name\":\"Al borde del suicidio\"}]},{\"@type\":\"WebSite\",\"@id\":\"https:\/\/letrame.com\/catalogo\/#website\",\"url\":\"https:\/\/letrame.com\/catalogo\/\",\"name\":\"Catalogo | Letrame Grupo Editorial\",\"description\":\"\",\"publisher\":{\"@id\":\"https:\/\/letrame.com\/catalogo\/#organization\"},\"potentialAction\":[{\"@type\":\"SearchAction\",\"target\":{\"@type\":\"EntryPoint\",\"urlTemplate\":\"https:\/\/letrame.com\/catalogo\/?s={search_term_string}\"},\"query-input\":{\"@type\":\"PropertyValueSpecification\",\"valueRequired\":true,\"valueName\":\"search_term_string\"}}],\"inLanguage\":\"es\"},{\"@type\":\"Organization\",\"@id\":\"https:\/\/letrame.com\/catalogo\/#organization\",\"name\":\"Catalogo | Letrame Grupo Editorial\",\"url\":\"https:\/\/letrame.com\/catalogo\/\",\"logo\":{\"@type\":\"ImageObject\",\"inLanguage\":\"es\",\"@id\":\"https:\/\/letrame.com\/catalogo\/#\/schema\/logo\/image\/\",\"url\":\"https:\/\/letrame.com\/catalogo\/wp-content\/uploads\/2024\/03\/logo2.webp\",\"contentUrl\":\"https:\/\/letrame.com\/catalogo\/wp-content\/uploads\/2024\/03\/logo2.webp\",\"width\":394,\"height\":128,\"caption\":\"Catalogo | Letrame Grupo Editorial\"},\"image\":{\"@id\":\"https:\/\/letrame.com\/catalogo\/#\/schema\/logo\/image\/\"}}]}<\/script>\n<!-- \/ Yoast SEO plugin. -->","yoast_head_json":{"title":"Al borde del suicidio - Catalogo | Letrame Grupo Editorial","robots":{"index":"index","follow":"follow","max-snippet":"max-snippet:-1","max-image-preview":"max-image-preview:large","max-video-preview":"max-video-preview:-1"},"canonical":"https:\/\/letrame.com\/catalogo\/producto\/al-borde-del-suicidio\/","og_locale":"es_ES","og_type":"article","og_title":"Al borde del suicidio - Catalogo | Letrame Grupo Editorial","og_description":"ISBN:\u00a0978-84-1068-434-8  SINOPSIS  Hay vivencias en la vida que no pueden describirse con palabras: la muerte de un hijo, sufrir una enfermedad terminal o tener deseos profundos de morir pueden ser ejemplos de ello.  La autora de Al borde del suicidio pretende acercar su coraz\u00f3n al de aquellos que se sienten solos e incomprendidos. A aquellas personas que sienten un dolor tan profundo que la \u00fanica salida que ven a su dolor es quitarse la vida.  A trav\u00e9s de las palabras y emociones escritas en \u00e9l, el lector podr\u00e1 comprender un poco m\u00e1s lo que una persona con pensamientos suicidas lleva en su alma, mente y coraz\u00f3n.  Un libro honesto, escrito desde la vivencia personal y \u00f3ptica profesional, para poner luz a un tema muy poco visto en nuestra sociedad. Hablemos del suicidio, demos luz a todo ese dolor y sanemos corazones.","og_url":"https:\/\/letrame.com\/catalogo\/producto\/al-borde-del-suicidio\/","og_site_name":"Catalogo | Letrame Grupo Editorial","article_modified_time":"2024-07-17T13:09:13+00:00","og_image":[{"width":1748,"height":2480,"url":"https:\/\/letrame.com\/catalogo\/wp-content\/uploads\/2024\/06\/webp_albordedelsuicidio_9mm-compressed.jpg","type":"image\/jpeg"}],"twitter_card":"summary_large_image","twitter_misc":{"Tiempo de lectura":"1 minuto"},"schema":{"@context":"https:\/\/schema.org","@graph":[{"@type":"WebPage","@id":"https:\/\/letrame.com\/catalogo\/producto\/al-borde-del-suicidio\/","url":"https:\/\/letrame.com\/catalogo\/producto\/al-borde-del-suicidio\/","name":"Al borde del suicidio - Catalogo | Letrame Grupo Editorial","isPartOf":{"@id":"https:\/\/letrame.com\/catalogo\/#website"},"primaryImageOfPage":{"@id":"https:\/\/letrame.com\/catalogo\/producto\/al-borde-del-suicidio\/#primaryimage"},"image":{"@id":"https:\/\/letrame.com\/catalogo\/producto\/al-borde-del-suicidio\/#primaryimage"},"thumbnailUrl":"https:\/\/letrame.com\/catalogo\/wp-content\/uploads\/2024\/06\/webp_albordedelsuicidio_9mm-compressed.jpg","datePublished":"2024-06-20T12:21:28+00:00","dateModified":"2024-07-17T13:09:13+00:00","breadcrumb":{"@id":"https:\/\/letrame.com\/catalogo\/producto\/al-borde-del-suicidio\/#breadcrumb"},"inLanguage":"es","potentialAction":[{"@type":"ReadAction","target":["https:\/\/letrame.com\/catalogo\/producto\/al-borde-del-suicidio\/"]}]},{"@type":"ImageObject","inLanguage":"es","@id":"https:\/\/letrame.com\/catalogo\/producto\/al-borde-del-suicidio\/#primaryimage","url":"https:\/\/letrame.com\/catalogo\/wp-content\/uploads\/2024\/06\/webp_albordedelsuicidio_9mm-compressed.jpg","contentUrl":"https:\/\/letrame.com\/catalogo\/wp-content\/uploads\/2024\/06\/webp_albordedelsuicidio_9mm-compressed.jpg","width":1748,"height":2480},{"@type":"BreadcrumbList","@id":"https:\/\/letrame.com\/catalogo\/producto\/al-borde-del-suicidio\/#breadcrumb","itemListElement":[{"@type":"ListItem","position":1,"name":"Portada","item":"https:\/\/letrame.com\/catalogo\/"},{"@type":"ListItem","position":2,"name":"Cat\u00e1logo","item":"https:\/\/letrame.com\/catalogo\/"},{"@type":"ListItem","position":3,"name":"Al borde del suicidio"}]},{"@type":"WebSite","@id":"https:\/\/letrame.com\/catalogo\/#website","url":"https:\/\/letrame.com\/catalogo\/","name":"Catalogo | Letrame Grupo Editorial","description":"","publisher":{"@id":"https:\/\/letrame.com\/catalogo\/#organization"},"potentialAction":[{"@type":"SearchAction","target":{"@type":"EntryPoint","urlTemplate":"https:\/\/letrame.com\/catalogo\/?s={search_term_string}"},"query-input":{"@type":"PropertyValueSpecification","valueRequired":true,"valueName":"search_term_string"}}],"inLanguage":"es"},{"@type":"Organization","@id":"https:\/\/letrame.com\/catalogo\/#organization","name":"Catalogo | Letrame Grupo Editorial","url":"https:\/\/letrame.com\/catalogo\/","logo":{"@type":"ImageObject","inLanguage":"es","@id":"https:\/\/letrame.com\/catalogo\/#\/schema\/logo\/image\/","url":"https:\/\/letrame.com\/catalogo\/wp-content\/uploads\/2024\/03\/logo2.webp","contentUrl":"https:\/\/letrame.com\/catalogo\/wp-content\/uploads\/2024\/03\/logo2.webp","width":394,"height":128,"caption":"Catalogo | Letrame Grupo Editorial"},"image":{"@id":"https:\/\/letrame.com\/catalogo\/#\/schema\/logo\/image\/"}}]}},"_links":{"self":[{"href":"https:\/\/letrame.com\/catalogo\/wp-json\/wp\/v2\/product\/101528","targetHints":{"allow":["GET"]}}],"collection":[{"href":"https:\/\/letrame.com\/catalogo\/wp-json\/wp\/v2\/product"}],"about":[{"href":"https:\/\/letrame.com\/catalogo\/wp-json\/wp\/v2\/types\/product"}],"replies":[{"embeddable":true,"href":"https:\/\/letrame.com\/catalogo\/wp-json\/wp\/v2\/comments?post=101528"}],"acf:post":[{"embeddable":true,"href":"https:\/\/letrame.com\/catalogo\/wp-json\/wp\/v2\/author_book\/101527"}],"wp:featuredmedia":[{"embeddable":true,"href":"https:\/\/letrame.com\/catalogo\/wp-json\/wp\/v2\/media\/101531"}],"wp:attachment":[{"href":"https:\/\/letrame.com\/catalogo\/wp-json\/wp\/v2\/media?parent=101528"}],"wp:term":[{"taxonomy":"libro","embeddable":true,"href":"https:\/\/letrame.com\/catalogo\/wp-json\/wp\/v2\/libro?post=101528"},{"taxonomy":"product_brand","embeddable":true,"href":"https:\/\/letrame.com\/catalogo\/wp-json\/wp\/v2\/product_brand?post=101528"},{"taxonomy":"product_cat","embeddable":true,"href":"https:\/\/letrame.com\/catalogo\/wp-json\/wp\/v2\/product_cat?post=101528"},{"taxonomy":"product_tag","embeddable":true,"href":"https:\/\/letrame.com\/catalogo\/wp-json\/wp\/v2\/product_tag?post=101528"}],"curies":[{"name":"wp","href":"https:\/\/api.w.org\/{rel}","templated":true}]}}