{"id":101518,"date":"2024-06-20T14:07:23","date_gmt":"2024-06-20T12:07:23","guid":{"rendered":"https:\/\/letrame.com\/catalogo\/?post_type=product&#038;p=101518"},"modified":"2024-06-20T14:07:24","modified_gmt":"2024-06-20T12:07:24","slug":"cartas-al-mundo","status":"publish","type":"product","link":"https:\/\/letrame.com\/catalogo\/producto\/cartas-al-mundo\/","title":{"rendered":"Cartas al mundo"},"content":{"rendered":"<p>ISBN:\u00a0978-84-1068-086-9<br \/>\nT\u00edtulo:\u2028Cartas al mundo<br \/>\nFecha:\u20282024<br \/>\nP\u00e1ginas:\u00a0413<br \/>\nSINOPSIS<\/p>\n<p>\u00abQuerido mundo\u2026\u00bb. As\u00ed comienza cada uno de los cap\u00edtulos que componen este libro. Casi un centenar de cartas en las que su autor, el sacerdote Juan Garc\u00eda Inza, reflexiona sobre algunos temas importantes de la vida, propone dejar que la belleza nos coja de la mano y nos anima a ser felices y a hacer felices a los dem\u00e1s prestando atenci\u00f3n a todas esas verdades sencillas que nos rodean.<br \/>\n\u00abQuerido mundo\u2026 espero que te sirvan de reflexi\u00f3n y que las compartas. Si cada uno piensa y vive en paz, ser\u00e1 posible convivir como hermanos\u00bb. <\/p>\n","protected":false},"excerpt":{"rendered":"<p>ISBN:\u00a0978-84-1068-086-9<\/p>\n<p>SINOPSIS<\/p>\n<p>\u00abQuerido mundo\u2026\u00bb. As\u00ed comienza cada uno de los cap\u00edtulos que componen este libro. Casi un centenar de cartas en las que su autor, el sacerdote Juan Garc\u00eda Inza, reflexiona sobre algunos temas importantes de la vida, propone dejar que la belleza nos coja de la mano y nos anima a ser felices y a hacer felices a los dem\u00e1s prestando atenci\u00f3n a todas esas verdades sencillas que nos rodean.<br \/>\n\u00abQuerido mundo\u2026 espero que te sirvan de reflexi\u00f3n y que las compartas. Si cada uno piensa y vive en paz, ser\u00e1 posible convivir como hermanos\u00bb. <\/p>\n","protected":false},"featured_media":101521,"comment_status":"open","ping_status":"closed","template":"","meta":{"_acf_changed":false},"libro":[],"product_brand":[],"product_cat":[23],"product_tag":[],"class_list":{"0":"post-101518","1":"product","2":"type-product","3":"status-publish","4":"has-post-thumbnail","6":"product_cat-ensayos","8":"first","9":"instock","10":"shipping-taxable","11":"product-type-simple"},"acf":{"autor":[101516],"enlace_de_compra":"https:\/\/www.casadellibro.com\/libro-cartas-al-mundo\/9788410680869\/16112272"},"yoast_head":"<!-- This site is optimized with the Yoast SEO plugin v26.6 - https:\/\/yoast.com\/wordpress\/plugins\/seo\/ -->\n<title>Cartas al mundo - Catalogo | Letrame Grupo Editorial<\/title>\n<meta name=\"robots\" content=\"index, follow, max-snippet:-1, max-image-preview:large, max-video-preview:-1\" \/>\n<link rel=\"canonical\" href=\"https:\/\/letrame.com\/catalogo\/producto\/cartas-al-mundo\/\" \/>\n<meta property=\"og:locale\" content=\"es_ES\" \/>\n<meta property=\"og:type\" content=\"article\" \/>\n<meta property=\"og:title\" content=\"Cartas al mundo - Catalogo | Letrame Grupo Editorial\" \/>\n<meta property=\"og:description\" content=\"ISBN:\u00a0978-84-1068-086-9  SINOPSIS  \u00abQuerido mundo\u2026\u00bb. As\u00ed comienza cada uno de los cap\u00edtulos que componen este libro. Casi un centenar de cartas en las que su autor, el sacerdote Juan Garc\u00eda Inza, reflexiona sobre algunos temas importantes de la vida, propone dejar que la belleza nos coja de la mano y nos anima a ser felices y a hacer felices a los dem\u00e1s prestando atenci\u00f3n a todas esas verdades sencillas que nos rodean.  \u00abQuerido mundo\u2026 espero que te sirvan de reflexi\u00f3n y que las compartas. Si cada uno piensa y vive en paz, ser\u00e1 posible convivir como hermanos\u00bb.\" \/>\n<meta property=\"og:url\" content=\"https:\/\/letrame.com\/catalogo\/producto\/cartas-al-mundo\/\" \/>\n<meta property=\"og:site_name\" content=\"Catalogo | Letrame Grupo Editorial\" \/>\n<meta property=\"article:modified_time\" content=\"2024-06-20T12:07:24+00:00\" \/>\n<meta property=\"og:image\" content=\"https:\/\/letrame.com\/catalogo\/wp-content\/uploads\/2024\/06\/webp_cartasalmundo_228mm-compressed-scaled.jpg\" \/>\n\t<meta property=\"og:image:width\" content=\"1746\" \/>\n\t<meta property=\"og:image:height\" content=\"2560\" \/>\n\t<meta property=\"og:image:type\" content=\"image\/jpeg\" \/>\n<meta name=\"twitter:card\" content=\"summary_large_image\" \/>\n<script type=\"application\/ld+json\" class=\"yoast-schema-graph\">{\"@context\":\"https:\/\/schema.org\",\"@graph\":[{\"@type\":\"WebPage\",\"@id\":\"https:\/\/letrame.com\/catalogo\/producto\/cartas-al-mundo\/\",\"url\":\"https:\/\/letrame.com\/catalogo\/producto\/cartas-al-mundo\/\",\"name\":\"Cartas al mundo - Catalogo | Letrame Grupo Editorial\",\"isPartOf\":{\"@id\":\"https:\/\/letrame.com\/catalogo\/#website\"},\"primaryImageOfPage\":{\"@id\":\"https:\/\/letrame.com\/catalogo\/producto\/cartas-al-mundo\/#primaryimage\"},\"image\":{\"@id\":\"https:\/\/letrame.com\/catalogo\/producto\/cartas-al-mundo\/#primaryimage\"},\"thumbnailUrl\":\"https:\/\/letrame.com\/catalogo\/wp-content\/uploads\/2024\/06\/webp_cartasalmundo_228mm-compressed-scaled.jpg\",\"datePublished\":\"2024-06-20T12:07:23+00:00\",\"dateModified\":\"2024-06-20T12:07:24+00:00\",\"breadcrumb\":{\"@id\":\"https:\/\/letrame.com\/catalogo\/producto\/cartas-al-mundo\/#breadcrumb\"},\"inLanguage\":\"es\",\"potentialAction\":[{\"@type\":\"ReadAction\",\"target\":[\"https:\/\/letrame.com\/catalogo\/producto\/cartas-al-mundo\/\"]}]},{\"@type\":\"ImageObject\",\"inLanguage\":\"es\",\"@id\":\"https:\/\/letrame.com\/catalogo\/producto\/cartas-al-mundo\/#primaryimage\",\"url\":\"https:\/\/letrame.com\/catalogo\/wp-content\/uploads\/2024\/06\/webp_cartasalmundo_228mm-compressed-scaled.jpg\",\"contentUrl\":\"https:\/\/letrame.com\/catalogo\/wp-content\/uploads\/2024\/06\/webp_cartasalmundo_228mm-compressed-scaled.jpg\",\"width\":1746,\"height\":2560},{\"@type\":\"BreadcrumbList\",\"@id\":\"https:\/\/letrame.com\/catalogo\/producto\/cartas-al-mundo\/#breadcrumb\",\"itemListElement\":[{\"@type\":\"ListItem\",\"position\":1,\"name\":\"Portada\",\"item\":\"https:\/\/letrame.com\/catalogo\/\"},{\"@type\":\"ListItem\",\"position\":2,\"name\":\"Cat\u00e1logo\",\"item\":\"https:\/\/letrame.com\/catalogo\/\"},{\"@type\":\"ListItem\",\"position\":3,\"name\":\"Cartas al mundo\"}]},{\"@type\":\"WebSite\",\"@id\":\"https:\/\/letrame.com\/catalogo\/#website\",\"url\":\"https:\/\/letrame.com\/catalogo\/\",\"name\":\"Catalogo | Letrame Grupo Editorial\",\"description\":\"\",\"publisher\":{\"@id\":\"https:\/\/letrame.com\/catalogo\/#organization\"},\"potentialAction\":[{\"@type\":\"SearchAction\",\"target\":{\"@type\":\"EntryPoint\",\"urlTemplate\":\"https:\/\/letrame.com\/catalogo\/?s={search_term_string}\"},\"query-input\":{\"@type\":\"PropertyValueSpecification\",\"valueRequired\":true,\"valueName\":\"search_term_string\"}}],\"inLanguage\":\"es\"},{\"@type\":\"Organization\",\"@id\":\"https:\/\/letrame.com\/catalogo\/#organization\",\"name\":\"Catalogo | Letrame Grupo Editorial\",\"url\":\"https:\/\/letrame.com\/catalogo\/\",\"logo\":{\"@type\":\"ImageObject\",\"inLanguage\":\"es\",\"@id\":\"https:\/\/letrame.com\/catalogo\/#\/schema\/logo\/image\/\",\"url\":\"https:\/\/letrame.com\/catalogo\/wp-content\/uploads\/2024\/03\/logo2.webp\",\"contentUrl\":\"https:\/\/letrame.com\/catalogo\/wp-content\/uploads\/2024\/03\/logo2.webp\",\"width\":394,\"height\":128,\"caption\":\"Catalogo | Letrame Grupo Editorial\"},\"image\":{\"@id\":\"https:\/\/letrame.com\/catalogo\/#\/schema\/logo\/image\/\"}}]}<\/script>\n<!-- \/ Yoast SEO plugin. -->","yoast_head_json":{"title":"Cartas al mundo - Catalogo | Letrame Grupo Editorial","robots":{"index":"index","follow":"follow","max-snippet":"max-snippet:-1","max-image-preview":"max-image-preview:large","max-video-preview":"max-video-preview:-1"},"canonical":"https:\/\/letrame.com\/catalogo\/producto\/cartas-al-mundo\/","og_locale":"es_ES","og_type":"article","og_title":"Cartas al mundo - Catalogo | Letrame Grupo Editorial","og_description":"ISBN:\u00a0978-84-1068-086-9  SINOPSIS  \u00abQuerido mundo\u2026\u00bb. As\u00ed comienza cada uno de los cap\u00edtulos que componen este libro. Casi un centenar de cartas en las que su autor, el sacerdote Juan Garc\u00eda Inza, reflexiona sobre algunos temas importantes de la vida, propone dejar que la belleza nos coja de la mano y nos anima a ser felices y a hacer felices a los dem\u00e1s prestando atenci\u00f3n a todas esas verdades sencillas que nos rodean.  \u00abQuerido mundo\u2026 espero que te sirvan de reflexi\u00f3n y que las compartas. Si cada uno piensa y vive en paz, ser\u00e1 posible convivir como hermanos\u00bb.","og_url":"https:\/\/letrame.com\/catalogo\/producto\/cartas-al-mundo\/","og_site_name":"Catalogo | Letrame Grupo Editorial","article_modified_time":"2024-06-20T12:07:24+00:00","og_image":[{"width":1746,"height":2560,"url":"https:\/\/letrame.com\/catalogo\/wp-content\/uploads\/2024\/06\/webp_cartasalmundo_228mm-compressed-scaled.jpg","type":"image\/jpeg"}],"twitter_card":"summary_large_image","schema":{"@context":"https:\/\/schema.org","@graph":[{"@type":"WebPage","@id":"https:\/\/letrame.com\/catalogo\/producto\/cartas-al-mundo\/","url":"https:\/\/letrame.com\/catalogo\/producto\/cartas-al-mundo\/","name":"Cartas al mundo - Catalogo | Letrame Grupo Editorial","isPartOf":{"@id":"https:\/\/letrame.com\/catalogo\/#website"},"primaryImageOfPage":{"@id":"https:\/\/letrame.com\/catalogo\/producto\/cartas-al-mundo\/#primaryimage"},"image":{"@id":"https:\/\/letrame.com\/catalogo\/producto\/cartas-al-mundo\/#primaryimage"},"thumbnailUrl":"https:\/\/letrame.com\/catalogo\/wp-content\/uploads\/2024\/06\/webp_cartasalmundo_228mm-compressed-scaled.jpg","datePublished":"2024-06-20T12:07:23+00:00","dateModified":"2024-06-20T12:07:24+00:00","breadcrumb":{"@id":"https:\/\/letrame.com\/catalogo\/producto\/cartas-al-mundo\/#breadcrumb"},"inLanguage":"es","potentialAction":[{"@type":"ReadAction","target":["https:\/\/letrame.com\/catalogo\/producto\/cartas-al-mundo\/"]}]},{"@type":"ImageObject","inLanguage":"es","@id":"https:\/\/letrame.com\/catalogo\/producto\/cartas-al-mundo\/#primaryimage","url":"https:\/\/letrame.com\/catalogo\/wp-content\/uploads\/2024\/06\/webp_cartasalmundo_228mm-compressed-scaled.jpg","contentUrl":"https:\/\/letrame.com\/catalogo\/wp-content\/uploads\/2024\/06\/webp_cartasalmundo_228mm-compressed-scaled.jpg","width":1746,"height":2560},{"@type":"BreadcrumbList","@id":"https:\/\/letrame.com\/catalogo\/producto\/cartas-al-mundo\/#breadcrumb","itemListElement":[{"@type":"ListItem","position":1,"name":"Portada","item":"https:\/\/letrame.com\/catalogo\/"},{"@type":"ListItem","position":2,"name":"Cat\u00e1logo","item":"https:\/\/letrame.com\/catalogo\/"},{"@type":"ListItem","position":3,"name":"Cartas al mundo"}]},{"@type":"WebSite","@id":"https:\/\/letrame.com\/catalogo\/#website","url":"https:\/\/letrame.com\/catalogo\/","name":"Catalogo | Letrame Grupo Editorial","description":"","publisher":{"@id":"https:\/\/letrame.com\/catalogo\/#organization"},"potentialAction":[{"@type":"SearchAction","target":{"@type":"EntryPoint","urlTemplate":"https:\/\/letrame.com\/catalogo\/?s={search_term_string}"},"query-input":{"@type":"PropertyValueSpecification","valueRequired":true,"valueName":"search_term_string"}}],"inLanguage":"es"},{"@type":"Organization","@id":"https:\/\/letrame.com\/catalogo\/#organization","name":"Catalogo | Letrame Grupo Editorial","url":"https:\/\/letrame.com\/catalogo\/","logo":{"@type":"ImageObject","inLanguage":"es","@id":"https:\/\/letrame.com\/catalogo\/#\/schema\/logo\/image\/","url":"https:\/\/letrame.com\/catalogo\/wp-content\/uploads\/2024\/03\/logo2.webp","contentUrl":"https:\/\/letrame.com\/catalogo\/wp-content\/uploads\/2024\/03\/logo2.webp","width":394,"height":128,"caption":"Catalogo | Letrame Grupo Editorial"},"image":{"@id":"https:\/\/letrame.com\/catalogo\/#\/schema\/logo\/image\/"}}]}},"_links":{"self":[{"href":"https:\/\/letrame.com\/catalogo\/wp-json\/wp\/v2\/product\/101518","targetHints":{"allow":["GET"]}}],"collection":[{"href":"https:\/\/letrame.com\/catalogo\/wp-json\/wp\/v2\/product"}],"about":[{"href":"https:\/\/letrame.com\/catalogo\/wp-json\/wp\/v2\/types\/product"}],"replies":[{"embeddable":true,"href":"https:\/\/letrame.com\/catalogo\/wp-json\/wp\/v2\/comments?post=101518"}],"acf:post":[{"embeddable":true,"href":"https:\/\/letrame.com\/catalogo\/wp-json\/wp\/v2\/author_book\/101516"}],"wp:featuredmedia":[{"embeddable":true,"href":"https:\/\/letrame.com\/catalogo\/wp-json\/wp\/v2\/media\/101521"}],"wp:attachment":[{"href":"https:\/\/letrame.com\/catalogo\/wp-json\/wp\/v2\/media?parent=101518"}],"wp:term":[{"taxonomy":"libro","embeddable":true,"href":"https:\/\/letrame.com\/catalogo\/wp-json\/wp\/v2\/libro?post=101518"},{"taxonomy":"product_brand","embeddable":true,"href":"https:\/\/letrame.com\/catalogo\/wp-json\/wp\/v2\/product_brand?post=101518"},{"taxonomy":"product_cat","embeddable":true,"href":"https:\/\/letrame.com\/catalogo\/wp-json\/wp\/v2\/product_cat?post=101518"},{"taxonomy":"product_tag","embeddable":true,"href":"https:\/\/letrame.com\/catalogo\/wp-json\/wp\/v2\/product_tag?post=101518"}],"curies":[{"name":"wp","href":"https:\/\/api.w.org\/{rel}","templated":true}]}}