{"id":101515,"date":"2024-06-20T13:59:39","date_gmt":"2024-06-20T11:59:39","guid":{"rendered":"https:\/\/letrame.com\/catalogo\/?post_type=product&#038;p=101515"},"modified":"2024-07-03T12:28:17","modified_gmt":"2024-07-03T10:28:17","slug":"culpando-a-la-mala-suerte","status":"publish","type":"product","link":"https:\/\/letrame.com\/catalogo\/producto\/culpando-a-la-mala-suerte\/","title":{"rendered":"Culpando a la mala suerte"},"content":{"rendered":"<p>ISBN:\u00a0978-84-1068-369-3<br \/>\nT\u00edtulo:\u2028Culpando a la mala suerte<br \/>\nFecha:\u20282024<br \/>\nP\u00e1ginas:\u00a0462<\/p>\n<p>SINOPSIS<\/p>\n<p>\u00bfTe imaginas que un d\u00eda te despiertas de un coma y descubres que tienes cinco personalidades independientes que toman el control de tu cuerpo sin poder recordar nada de lo que hacen? \u00bfTe imaginas que una de ellas secuestra a un ni\u00f1o por tu culpa? Pues menos mal que no es tu problema, porque menuda \u2014CENSURADO\u2014 (Puff\u2026 pronto empezamos).<br \/>\nEl que s\u00ed que tiene que solucionar esa mierd\u2026 \u00a1misi\u00f3n! es Samu, quien, junto con su inseparable compa\u00f1era de piso, deber\u00e1 viajar por todo el mundo para conectar con la vidente, la ni\u00f1a, la estilista, el samur\u00e1i y el doctor que lleva dentro y desentra\u00f1ar cu\u00e1l de ellos secuestr\u00f3 al pobre chico.<br \/>\nY menos mal que tampoco eres Claudia, la bad bitch de la que Samu est\u00e1 perdidamente enamorado, y quien, despu\u00e9s de partirle el coraz\u00f3n (y de qu\u00e9 manera. En serio, este libro merece la pena solo por eso), deber\u00e1 hacerse cargo de un gran peligro sobrenatural que amenaza con acabar con la vida tanto del joven como de toda la humanidad mientras libra una lucha interna contra los traumas que la atormentan por su horrible pasado.<br \/>\nDescubre c\u00f3mo esta disparatada historia cobra sentido a trav\u00e9s de un relato tan bello como dram\u00e1tico, una historia que nos ense\u00f1a que, a veces, en la vida, tan solo nos queda maldecir y acabar culpando a la mala suerte.<\/p>\n","protected":false},"excerpt":{"rendered":"<p>ISBN:\u00a0978-84-1068-369-3<\/p>\n<p>SINOPSIS<\/p>\n<p>\u00bfTe imaginas que un d\u00eda te despiertas de un coma y descubres que tienes cinco personalidades independientes que toman el control de tu cuerpo sin poder recordar nada de lo que hacen? \u00bfTe imaginas que una de ellas secuestra a un ni\u00f1o por tu culpa? Pues menos mal que no es tu problema, porque menuda \u2014CENSURADO\u2014 (Puff\u2026 pronto empezamos).<br \/>\nEl que s\u00ed que tiene que solucionar esa mierd\u2026 \u00a1misi\u00f3n! es Samu, quien, junto con su inseparable compa\u00f1era de piso, deber\u00e1 viajar por todo el mundo para conectar con la vidente, la ni\u00f1a, la estilista, el samur\u00e1i y el doctor que lleva dentro y desentra\u00f1ar cu\u00e1l de ellos secuestr\u00f3 al pobre chico.<br \/>\nY menos mal que tampoco eres Claudia, la bad bitch de la que Samu est\u00e1 perdidamente enamorado, y quien, despu\u00e9s de partirle el coraz\u00f3n (y de qu\u00e9 manera. En serio, este libro merece la pena solo por eso), deber\u00e1 hacerse cargo de un gran peligro sobrenatural que amenaza con acabar con la vida tanto del joven como de toda la humanidad mientras libra una lucha interna contra los traumas que la atormentan por su horrible pasado.<br \/>\nDescubre c\u00f3mo esta disparatada historia cobra sentido a trav\u00e9s de un relato tan bello como dram\u00e1tico, una historia que nos ense\u00f1a que, a veces, en la vida, tan solo nos queda maldecir y acabar culpando a la mala suerte.<\/p>\n","protected":false},"featured_media":101517,"comment_status":"open","ping_status":"closed","template":"","meta":{"_acf_changed":false},"libro":[],"product_brand":[],"product_cat":[118],"product_tag":[],"class_list":{"0":"post-101515","1":"product","2":"type-product","3":"status-publish","4":"has-post-thumbnail","6":"product_cat-fantasia","8":"first","9":"instock","10":"shipping-taxable","11":"product-type-simple"},"acf":{"autor":[76280],"enlace_de_compra":"https:\/\/amzn.to\/4eL7C47"},"yoast_head":"<!-- This site is optimized with the Yoast SEO plugin v26.6 - https:\/\/yoast.com\/wordpress\/plugins\/seo\/ -->\n<title>Culpando a la mala suerte - Catalogo | Letrame Grupo Editorial<\/title>\n<meta name=\"robots\" content=\"index, follow, max-snippet:-1, max-image-preview:large, max-video-preview:-1\" \/>\n<link rel=\"canonical\" href=\"https:\/\/letrame.com\/catalogo\/producto\/culpando-a-la-mala-suerte\/\" \/>\n<meta property=\"og:locale\" content=\"es_ES\" \/>\n<meta property=\"og:type\" content=\"article\" \/>\n<meta property=\"og:title\" content=\"Culpando a la mala suerte - Catalogo | Letrame Grupo Editorial\" \/>\n<meta property=\"og:description\" content=\"ISBN:\u00a0978-84-1068-369-3  SINOPSIS  \u00bfTe imaginas que un d\u00eda te despiertas de un coma y descubres que tienes cinco personalidades independientes que toman el control de tu cuerpo sin poder recordar nada de lo que hacen? \u00bfTe imaginas que una de ellas secuestra a un ni\u00f1o por tu culpa? Pues menos mal que no es tu problema, porque menuda \u2014CENSURADO\u2014 (Puff\u2026 pronto empezamos). El que s\u00ed que tiene que solucionar esa mierd\u2026 \u00a1misi\u00f3n! es Samu, quien, junto con su inseparable compa\u00f1era de piso, deber\u00e1 viajar por todo el mundo para conectar con la vidente, la ni\u00f1a, la estilista, el samur\u00e1i y el doctor que lleva dentro y desentra\u00f1ar cu\u00e1l de ellos secuestr\u00f3 al pobre chico. Y menos mal que tampoco eres Claudia, la bad bitch de la que Samu est\u00e1 perdidamente enamorado, y quien, despu\u00e9s de partirle el coraz\u00f3n (y de qu\u00e9 manera. En serio, este libro merece la pena solo por eso), deber\u00e1 hacerse cargo de un gran peligro sobrenatural que amenaza con acabar con la vida tanto del joven como de toda la humanidad mientras libra una lucha interna contra los traumas que la atormentan por su horrible pasado. Descubre c\u00f3mo esta disparatada historia cobra sentido a trav\u00e9s de un relato tan bello como dram\u00e1tico, una historia que nos ense\u00f1a que, a veces, en la vida, tan solo nos queda maldecir y acabar culpando a la mala suerte.\" \/>\n<meta property=\"og:url\" content=\"https:\/\/letrame.com\/catalogo\/producto\/culpando-a-la-mala-suerte\/\" \/>\n<meta property=\"og:site_name\" content=\"Catalogo | Letrame Grupo Editorial\" \/>\n<meta property=\"article:modified_time\" content=\"2024-07-03T10:28:17+00:00\" \/>\n<meta property=\"og:image\" content=\"https:\/\/letrame.com\/catalogo\/wp-content\/uploads\/2024\/06\/webp_culpandoalasuerte_2238mm-compressed-scaled.jpg\" \/>\n\t<meta property=\"og:image:width\" content=\"1746\" \/>\n\t<meta property=\"og:image:height\" content=\"2560\" \/>\n\t<meta property=\"og:image:type\" content=\"image\/jpeg\" \/>\n<meta name=\"twitter:card\" content=\"summary_large_image\" \/>\n<meta name=\"twitter:label1\" content=\"Tiempo de lectura\" \/>\n\t<meta name=\"twitter:data1\" content=\"2 minutos\" \/>\n<script type=\"application\/ld+json\" class=\"yoast-schema-graph\">{\"@context\":\"https:\/\/schema.org\",\"@graph\":[{\"@type\":\"WebPage\",\"@id\":\"https:\/\/letrame.com\/catalogo\/producto\/culpando-a-la-mala-suerte\/\",\"url\":\"https:\/\/letrame.com\/catalogo\/producto\/culpando-a-la-mala-suerte\/\",\"name\":\"Culpando a la mala suerte - Catalogo | Letrame Grupo Editorial\",\"isPartOf\":{\"@id\":\"https:\/\/letrame.com\/catalogo\/#website\"},\"primaryImageOfPage\":{\"@id\":\"https:\/\/letrame.com\/catalogo\/producto\/culpando-a-la-mala-suerte\/#primaryimage\"},\"image\":{\"@id\":\"https:\/\/letrame.com\/catalogo\/producto\/culpando-a-la-mala-suerte\/#primaryimage\"},\"thumbnailUrl\":\"https:\/\/letrame.com\/catalogo\/wp-content\/uploads\/2024\/06\/webp_culpandoalasuerte_2238mm-compressed-scaled.jpg\",\"datePublished\":\"2024-06-20T11:59:39+00:00\",\"dateModified\":\"2024-07-03T10:28:17+00:00\",\"breadcrumb\":{\"@id\":\"https:\/\/letrame.com\/catalogo\/producto\/culpando-a-la-mala-suerte\/#breadcrumb\"},\"inLanguage\":\"es\",\"potentialAction\":[{\"@type\":\"ReadAction\",\"target\":[\"https:\/\/letrame.com\/catalogo\/producto\/culpando-a-la-mala-suerte\/\"]}]},{\"@type\":\"ImageObject\",\"inLanguage\":\"es\",\"@id\":\"https:\/\/letrame.com\/catalogo\/producto\/culpando-a-la-mala-suerte\/#primaryimage\",\"url\":\"https:\/\/letrame.com\/catalogo\/wp-content\/uploads\/2024\/06\/webp_culpandoalasuerte_2238mm-compressed-scaled.jpg\",\"contentUrl\":\"https:\/\/letrame.com\/catalogo\/wp-content\/uploads\/2024\/06\/webp_culpandoalasuerte_2238mm-compressed-scaled.jpg\",\"width\":1746,\"height\":2560},{\"@type\":\"BreadcrumbList\",\"@id\":\"https:\/\/letrame.com\/catalogo\/producto\/culpando-a-la-mala-suerte\/#breadcrumb\",\"itemListElement\":[{\"@type\":\"ListItem\",\"position\":1,\"name\":\"Portada\",\"item\":\"https:\/\/letrame.com\/catalogo\/\"},{\"@type\":\"ListItem\",\"position\":2,\"name\":\"Cat\u00e1logo\",\"item\":\"https:\/\/letrame.com\/catalogo\/\"},{\"@type\":\"ListItem\",\"position\":3,\"name\":\"Culpando a la mala suerte\"}]},{\"@type\":\"WebSite\",\"@id\":\"https:\/\/letrame.com\/catalogo\/#website\",\"url\":\"https:\/\/letrame.com\/catalogo\/\",\"name\":\"Catalogo | Letrame Grupo Editorial\",\"description\":\"\",\"publisher\":{\"@id\":\"https:\/\/letrame.com\/catalogo\/#organization\"},\"potentialAction\":[{\"@type\":\"SearchAction\",\"target\":{\"@type\":\"EntryPoint\",\"urlTemplate\":\"https:\/\/letrame.com\/catalogo\/?s={search_term_string}\"},\"query-input\":{\"@type\":\"PropertyValueSpecification\",\"valueRequired\":true,\"valueName\":\"search_term_string\"}}],\"inLanguage\":\"es\"},{\"@type\":\"Organization\",\"@id\":\"https:\/\/letrame.com\/catalogo\/#organization\",\"name\":\"Catalogo | Letrame Grupo Editorial\",\"url\":\"https:\/\/letrame.com\/catalogo\/\",\"logo\":{\"@type\":\"ImageObject\",\"inLanguage\":\"es\",\"@id\":\"https:\/\/letrame.com\/catalogo\/#\/schema\/logo\/image\/\",\"url\":\"https:\/\/letrame.com\/catalogo\/wp-content\/uploads\/2024\/03\/logo2.webp\",\"contentUrl\":\"https:\/\/letrame.com\/catalogo\/wp-content\/uploads\/2024\/03\/logo2.webp\",\"width\":394,\"height\":128,\"caption\":\"Catalogo | Letrame Grupo Editorial\"},\"image\":{\"@id\":\"https:\/\/letrame.com\/catalogo\/#\/schema\/logo\/image\/\"}}]}<\/script>\n<!-- \/ Yoast SEO plugin. -->","yoast_head_json":{"title":"Culpando a la mala suerte - Catalogo | Letrame Grupo Editorial","robots":{"index":"index","follow":"follow","max-snippet":"max-snippet:-1","max-image-preview":"max-image-preview:large","max-video-preview":"max-video-preview:-1"},"canonical":"https:\/\/letrame.com\/catalogo\/producto\/culpando-a-la-mala-suerte\/","og_locale":"es_ES","og_type":"article","og_title":"Culpando a la mala suerte - Catalogo | Letrame Grupo Editorial","og_description":"ISBN:\u00a0978-84-1068-369-3  SINOPSIS  \u00bfTe imaginas que un d\u00eda te despiertas de un coma y descubres que tienes cinco personalidades independientes que toman el control de tu cuerpo sin poder recordar nada de lo que hacen? \u00bfTe imaginas que una de ellas secuestra a un ni\u00f1o por tu culpa? Pues menos mal que no es tu problema, porque menuda \u2014CENSURADO\u2014 (Puff\u2026 pronto empezamos). El que s\u00ed que tiene que solucionar esa mierd\u2026 \u00a1misi\u00f3n! es Samu, quien, junto con su inseparable compa\u00f1era de piso, deber\u00e1 viajar por todo el mundo para conectar con la vidente, la ni\u00f1a, la estilista, el samur\u00e1i y el doctor que lleva dentro y desentra\u00f1ar cu\u00e1l de ellos secuestr\u00f3 al pobre chico. Y menos mal que tampoco eres Claudia, la bad bitch de la que Samu est\u00e1 perdidamente enamorado, y quien, despu\u00e9s de partirle el coraz\u00f3n (y de qu\u00e9 manera. En serio, este libro merece la pena solo por eso), deber\u00e1 hacerse cargo de un gran peligro sobrenatural que amenaza con acabar con la vida tanto del joven como de toda la humanidad mientras libra una lucha interna contra los traumas que la atormentan por su horrible pasado. Descubre c\u00f3mo esta disparatada historia cobra sentido a trav\u00e9s de un relato tan bello como dram\u00e1tico, una historia que nos ense\u00f1a que, a veces, en la vida, tan solo nos queda maldecir y acabar culpando a la mala suerte.","og_url":"https:\/\/letrame.com\/catalogo\/producto\/culpando-a-la-mala-suerte\/","og_site_name":"Catalogo | Letrame Grupo Editorial","article_modified_time":"2024-07-03T10:28:17+00:00","og_image":[{"width":1746,"height":2560,"url":"https:\/\/letrame.com\/catalogo\/wp-content\/uploads\/2024\/06\/webp_culpandoalasuerte_2238mm-compressed-scaled.jpg","type":"image\/jpeg"}],"twitter_card":"summary_large_image","twitter_misc":{"Tiempo de lectura":"2 minutos"},"schema":{"@context":"https:\/\/schema.org","@graph":[{"@type":"WebPage","@id":"https:\/\/letrame.com\/catalogo\/producto\/culpando-a-la-mala-suerte\/","url":"https:\/\/letrame.com\/catalogo\/producto\/culpando-a-la-mala-suerte\/","name":"Culpando a la mala suerte - Catalogo | Letrame Grupo Editorial","isPartOf":{"@id":"https:\/\/letrame.com\/catalogo\/#website"},"primaryImageOfPage":{"@id":"https:\/\/letrame.com\/catalogo\/producto\/culpando-a-la-mala-suerte\/#primaryimage"},"image":{"@id":"https:\/\/letrame.com\/catalogo\/producto\/culpando-a-la-mala-suerte\/#primaryimage"},"thumbnailUrl":"https:\/\/letrame.com\/catalogo\/wp-content\/uploads\/2024\/06\/webp_culpandoalasuerte_2238mm-compressed-scaled.jpg","datePublished":"2024-06-20T11:59:39+00:00","dateModified":"2024-07-03T10:28:17+00:00","breadcrumb":{"@id":"https:\/\/letrame.com\/catalogo\/producto\/culpando-a-la-mala-suerte\/#breadcrumb"},"inLanguage":"es","potentialAction":[{"@type":"ReadAction","target":["https:\/\/letrame.com\/catalogo\/producto\/culpando-a-la-mala-suerte\/"]}]},{"@type":"ImageObject","inLanguage":"es","@id":"https:\/\/letrame.com\/catalogo\/producto\/culpando-a-la-mala-suerte\/#primaryimage","url":"https:\/\/letrame.com\/catalogo\/wp-content\/uploads\/2024\/06\/webp_culpandoalasuerte_2238mm-compressed-scaled.jpg","contentUrl":"https:\/\/letrame.com\/catalogo\/wp-content\/uploads\/2024\/06\/webp_culpandoalasuerte_2238mm-compressed-scaled.jpg","width":1746,"height":2560},{"@type":"BreadcrumbList","@id":"https:\/\/letrame.com\/catalogo\/producto\/culpando-a-la-mala-suerte\/#breadcrumb","itemListElement":[{"@type":"ListItem","position":1,"name":"Portada","item":"https:\/\/letrame.com\/catalogo\/"},{"@type":"ListItem","position":2,"name":"Cat\u00e1logo","item":"https:\/\/letrame.com\/catalogo\/"},{"@type":"ListItem","position":3,"name":"Culpando a la mala suerte"}]},{"@type":"WebSite","@id":"https:\/\/letrame.com\/catalogo\/#website","url":"https:\/\/letrame.com\/catalogo\/","name":"Catalogo | Letrame Grupo Editorial","description":"","publisher":{"@id":"https:\/\/letrame.com\/catalogo\/#organization"},"potentialAction":[{"@type":"SearchAction","target":{"@type":"EntryPoint","urlTemplate":"https:\/\/letrame.com\/catalogo\/?s={search_term_string}"},"query-input":{"@type":"PropertyValueSpecification","valueRequired":true,"valueName":"search_term_string"}}],"inLanguage":"es"},{"@type":"Organization","@id":"https:\/\/letrame.com\/catalogo\/#organization","name":"Catalogo | Letrame Grupo Editorial","url":"https:\/\/letrame.com\/catalogo\/","logo":{"@type":"ImageObject","inLanguage":"es","@id":"https:\/\/letrame.com\/catalogo\/#\/schema\/logo\/image\/","url":"https:\/\/letrame.com\/catalogo\/wp-content\/uploads\/2024\/03\/logo2.webp","contentUrl":"https:\/\/letrame.com\/catalogo\/wp-content\/uploads\/2024\/03\/logo2.webp","width":394,"height":128,"caption":"Catalogo | Letrame Grupo Editorial"},"image":{"@id":"https:\/\/letrame.com\/catalogo\/#\/schema\/logo\/image\/"}}]}},"_links":{"self":[{"href":"https:\/\/letrame.com\/catalogo\/wp-json\/wp\/v2\/product\/101515","targetHints":{"allow":["GET"]}}],"collection":[{"href":"https:\/\/letrame.com\/catalogo\/wp-json\/wp\/v2\/product"}],"about":[{"href":"https:\/\/letrame.com\/catalogo\/wp-json\/wp\/v2\/types\/product"}],"replies":[{"embeddable":true,"href":"https:\/\/letrame.com\/catalogo\/wp-json\/wp\/v2\/comments?post=101515"}],"acf:post":[{"embeddable":true,"href":"https:\/\/letrame.com\/catalogo\/wp-json\/wp\/v2\/author_book\/76280"}],"wp:featuredmedia":[{"embeddable":true,"href":"https:\/\/letrame.com\/catalogo\/wp-json\/wp\/v2\/media\/101517"}],"wp:attachment":[{"href":"https:\/\/letrame.com\/catalogo\/wp-json\/wp\/v2\/media?parent=101515"}],"wp:term":[{"taxonomy":"libro","embeddable":true,"href":"https:\/\/letrame.com\/catalogo\/wp-json\/wp\/v2\/libro?post=101515"},{"taxonomy":"product_brand","embeddable":true,"href":"https:\/\/letrame.com\/catalogo\/wp-json\/wp\/v2\/product_brand?post=101515"},{"taxonomy":"product_cat","embeddable":true,"href":"https:\/\/letrame.com\/catalogo\/wp-json\/wp\/v2\/product_cat?post=101515"},{"taxonomy":"product_tag","embeddable":true,"href":"https:\/\/letrame.com\/catalogo\/wp-json\/wp\/v2\/product_tag?post=101515"}],"curies":[{"name":"wp","href":"https:\/\/api.w.org\/{rel}","templated":true}]}}