{"id":101512,"date":"2024-06-20T13:47:54","date_gmt":"2024-06-20T11:47:54","guid":{"rendered":"https:\/\/letrame.com\/catalogo\/?post_type=product&#038;p=101512"},"modified":"2024-06-20T13:48:04","modified_gmt":"2024-06-20T11:48:04","slug":"el-profesor-sustituto","status":"publish","type":"product","link":"https:\/\/letrame.com\/catalogo\/producto\/el-profesor-sustituto\/","title":{"rendered":"El profesor sustituto"},"content":{"rendered":"<p>ISBN:\u00a0978-84-1068-298-6<br \/>\nT\u00edtulo:\u2028El profesor sustituto<br \/>\nFecha:\u20282024<br \/>\nP\u00e1ginas:\u00a096<br \/>\nSINOPSIS<\/p>\n<p>Los tres estudiantes del colegio Sagrado Coraz\u00f3n cre\u00edan tener una vida normal: les iba muy bien en el colegio, ten\u00edan buenas calificaciones, no ten\u00edan problemas con sus padres y todos los fines de semana sal\u00edan al cine o a jugar al f\u00fatbol. Todo parec\u00eda ir normal hasta que, a principios de marzo, lleg\u00f3 un profesor de matem\u00e1ticas para reemplazar al fallecido profesor Eduardo Mart\u00ednez. Desde el primer minuto logr\u00f3 despertar la inquietud en los j\u00f3venes&#8230; \u00bfQu\u00e9 secreto guardaba el profesor sustituto?<\/p>\n","protected":false},"excerpt":{"rendered":"<p>ISBN:\u00a0978-84-1068-298-6<\/p>\n<p>SINOPSIS<\/p>\n<p>Los tres estudiantes del colegio Sagrado Coraz\u00f3n cre\u00edan tener una vida normal: les iba muy bien en el colegio, ten\u00edan buenas calificaciones, no ten\u00edan problemas con sus padres y todos los fines de semana sal\u00edan al cine o a jugar al f\u00fatbol. Todo parec\u00eda ir normal hasta que, a principios de marzo, lleg\u00f3 un profesor de matem\u00e1ticas para reemplazar al fallecido profesor Eduardo Mart\u00ednez. Desde el primer minuto logr\u00f3 despertar la inquietud en los j\u00f3venes&#8230; \u00bfQu\u00e9 secreto guardaba el profesor sustituto?<\/p>\n","protected":false},"featured_media":101514,"comment_status":"open","ping_status":"closed","template":"","meta":{"_acf_changed":false},"libro":[],"product_brand":[],"product_cat":[47],"product_tag":[],"class_list":{"0":"post-101512","1":"product","2":"type-product","3":"status-publish","4":"has-post-thumbnail","6":"product_cat-ciencia-ficcion-misterio","8":"first","9":"instock","10":"shipping-taxable","11":"product-type-simple"},"acf":{"autor":[101511],"enlace_de_compra":"https:\/\/www.casadellibro.com\/libro-el-profesor-sustituto\/9788410682986\/16087631"},"yoast_head":"<!-- This site is optimized with the Yoast SEO plugin v27.4 - https:\/\/yoast.com\/product\/yoast-seo-wordpress\/ -->\n<title>El profesor sustituto - Catalogo | Letrame Grupo Editorial<\/title>\n<meta name=\"robots\" content=\"index, follow, max-snippet:-1, max-image-preview:large, max-video-preview:-1\" \/>\n<link rel=\"canonical\" href=\"https:\/\/letrame.com\/catalogo\/producto\/el-profesor-sustituto\/\" \/>\n<meta property=\"og:locale\" content=\"es_ES\" \/>\n<meta property=\"og:type\" content=\"article\" \/>\n<meta property=\"og:title\" content=\"El profesor sustituto - Catalogo | Letrame Grupo Editorial\" \/>\n<meta property=\"og:description\" content=\"ISBN:\u00a0978-84-1068-298-6  SINOPSIS  Los tres estudiantes del colegio Sagrado Coraz\u00f3n cre\u00edan tener una vida normal: les iba muy bien en el colegio, ten\u00edan buenas calificaciones, no ten\u00edan problemas con sus padres y todos los fines de semana sal\u00edan al cine o a jugar al f\u00fatbol. Todo parec\u00eda ir normal hasta que, a principios de marzo, lleg\u00f3 un profesor de matem\u00e1ticas para reemplazar al fallecido profesor Eduardo Mart\u00ednez. Desde el primer minuto logr\u00f3 despertar la inquietud en los j\u00f3venes... \u00bfQu\u00e9 secreto guardaba el profesor sustituto?\" \/>\n<meta property=\"og:url\" content=\"https:\/\/letrame.com\/catalogo\/producto\/el-profesor-sustituto\/\" \/>\n<meta property=\"og:site_name\" content=\"Catalogo | Letrame Grupo Editorial\" \/>\n<meta property=\"article:modified_time\" content=\"2024-06-20T11:48:04+00:00\" \/>\n<meta property=\"og:image\" content=\"https:\/\/letrame.com\/catalogo\/wp-content\/uploads\/2024\/06\/webp_elprofesor_55mm-compressed-scaled.jpg\" \/>\n\t<meta property=\"og:image:width\" content=\"1746\" \/>\n\t<meta property=\"og:image:height\" content=\"2560\" \/>\n\t<meta property=\"og:image:type\" content=\"image\/jpeg\" \/>\n<meta name=\"twitter:card\" content=\"summary_large_image\" \/>\n<meta name=\"twitter:label1\" content=\"Tiempo de lectura\" \/>\n\t<meta name=\"twitter:data1\" content=\"1 minuto\" \/>\n<script type=\"application\/ld+json\" class=\"yoast-schema-graph\">{\"@context\":\"https:\\\/\\\/schema.org\",\"@graph\":[{\"@type\":\"WebPage\",\"@id\":\"https:\\\/\\\/letrame.com\\\/catalogo\\\/producto\\\/el-profesor-sustituto\\\/\",\"url\":\"https:\\\/\\\/letrame.com\\\/catalogo\\\/producto\\\/el-profesor-sustituto\\\/\",\"name\":\"El profesor sustituto - Catalogo | Letrame Grupo Editorial\",\"isPartOf\":{\"@id\":\"https:\\\/\\\/letrame.com\\\/catalogo\\\/#website\"},\"primaryImageOfPage\":{\"@id\":\"https:\\\/\\\/letrame.com\\\/catalogo\\\/producto\\\/el-profesor-sustituto\\\/#primaryimage\"},\"image\":{\"@id\":\"https:\\\/\\\/letrame.com\\\/catalogo\\\/producto\\\/el-profesor-sustituto\\\/#primaryimage\"},\"thumbnailUrl\":\"https:\\\/\\\/letrame.com\\\/catalogo\\\/wp-content\\\/uploads\\\/2024\\\/06\\\/webp_elprofesor_55mm-compressed-scaled.jpg\",\"datePublished\":\"2024-06-20T11:47:54+00:00\",\"dateModified\":\"2024-06-20T11:48:04+00:00\",\"breadcrumb\":{\"@id\":\"https:\\\/\\\/letrame.com\\\/catalogo\\\/producto\\\/el-profesor-sustituto\\\/#breadcrumb\"},\"inLanguage\":\"es\",\"potentialAction\":[{\"@type\":\"ReadAction\",\"target\":[\"https:\\\/\\\/letrame.com\\\/catalogo\\\/producto\\\/el-profesor-sustituto\\\/\"]}]},{\"@type\":\"ImageObject\",\"inLanguage\":\"es\",\"@id\":\"https:\\\/\\\/letrame.com\\\/catalogo\\\/producto\\\/el-profesor-sustituto\\\/#primaryimage\",\"url\":\"https:\\\/\\\/letrame.com\\\/catalogo\\\/wp-content\\\/uploads\\\/2024\\\/06\\\/webp_elprofesor_55mm-compressed-scaled.jpg\",\"contentUrl\":\"https:\\\/\\\/letrame.com\\\/catalogo\\\/wp-content\\\/uploads\\\/2024\\\/06\\\/webp_elprofesor_55mm-compressed-scaled.jpg\",\"width\":1746,\"height\":2560},{\"@type\":\"BreadcrumbList\",\"@id\":\"https:\\\/\\\/letrame.com\\\/catalogo\\\/producto\\\/el-profesor-sustituto\\\/#breadcrumb\",\"itemListElement\":[{\"@type\":\"ListItem\",\"position\":1,\"name\":\"Portada\",\"item\":\"https:\\\/\\\/letrame.com\\\/catalogo\\\/\"},{\"@type\":\"ListItem\",\"position\":2,\"name\":\"Cat\u00e1logo\",\"item\":\"https:\\\/\\\/letrame.com\\\/catalogo\\\/\"},{\"@type\":\"ListItem\",\"position\":3,\"name\":\"El profesor sustituto\"}]},{\"@type\":\"WebSite\",\"@id\":\"https:\\\/\\\/letrame.com\\\/catalogo\\\/#website\",\"url\":\"https:\\\/\\\/letrame.com\\\/catalogo\\\/\",\"name\":\"Catalogo | Letrame Grupo Editorial\",\"description\":\"\",\"publisher\":{\"@id\":\"https:\\\/\\\/letrame.com\\\/catalogo\\\/#organization\"},\"potentialAction\":[{\"@type\":\"SearchAction\",\"target\":{\"@type\":\"EntryPoint\",\"urlTemplate\":\"https:\\\/\\\/letrame.com\\\/catalogo\\\/?s={search_term_string}\"},\"query-input\":{\"@type\":\"PropertyValueSpecification\",\"valueRequired\":true,\"valueName\":\"search_term_string\"}}],\"inLanguage\":\"es\"},{\"@type\":\"Organization\",\"@id\":\"https:\\\/\\\/letrame.com\\\/catalogo\\\/#organization\",\"name\":\"Catalogo | Letrame Grupo Editorial\",\"url\":\"https:\\\/\\\/letrame.com\\\/catalogo\\\/\",\"logo\":{\"@type\":\"ImageObject\",\"inLanguage\":\"es\",\"@id\":\"https:\\\/\\\/letrame.com\\\/catalogo\\\/#\\\/schema\\\/logo\\\/image\\\/\",\"url\":\"https:\\\/\\\/letrame.com\\\/catalogo\\\/wp-content\\\/uploads\\\/2024\\\/03\\\/logo2.webp\",\"contentUrl\":\"https:\\\/\\\/letrame.com\\\/catalogo\\\/wp-content\\\/uploads\\\/2024\\\/03\\\/logo2.webp\",\"width\":394,\"height\":128,\"caption\":\"Catalogo | Letrame Grupo Editorial\"},\"image\":{\"@id\":\"https:\\\/\\\/letrame.com\\\/catalogo\\\/#\\\/schema\\\/logo\\\/image\\\/\"}}]}<\/script>\n<!-- \/ Yoast SEO plugin. -->","yoast_head_json":{"title":"El profesor sustituto - Catalogo | Letrame Grupo Editorial","robots":{"index":"index","follow":"follow","max-snippet":"max-snippet:-1","max-image-preview":"max-image-preview:large","max-video-preview":"max-video-preview:-1"},"canonical":"https:\/\/letrame.com\/catalogo\/producto\/el-profesor-sustituto\/","og_locale":"es_ES","og_type":"article","og_title":"El profesor sustituto - Catalogo | Letrame Grupo Editorial","og_description":"ISBN:\u00a0978-84-1068-298-6  SINOPSIS  Los tres estudiantes del colegio Sagrado Coraz\u00f3n cre\u00edan tener una vida normal: les iba muy bien en el colegio, ten\u00edan buenas calificaciones, no ten\u00edan problemas con sus padres y todos los fines de semana sal\u00edan al cine o a jugar al f\u00fatbol. Todo parec\u00eda ir normal hasta que, a principios de marzo, lleg\u00f3 un profesor de matem\u00e1ticas para reemplazar al fallecido profesor Eduardo Mart\u00ednez. Desde el primer minuto logr\u00f3 despertar la inquietud en los j\u00f3venes... \u00bfQu\u00e9 secreto guardaba el profesor sustituto?","og_url":"https:\/\/letrame.com\/catalogo\/producto\/el-profesor-sustituto\/","og_site_name":"Catalogo | Letrame Grupo Editorial","article_modified_time":"2024-06-20T11:48:04+00:00","og_image":[{"width":1746,"height":2560,"url":"https:\/\/letrame.com\/catalogo\/wp-content\/uploads\/2024\/06\/webp_elprofesor_55mm-compressed-scaled.jpg","type":"image\/jpeg"}],"twitter_card":"summary_large_image","twitter_misc":{"Tiempo de lectura":"1 minuto"},"schema":{"@context":"https:\/\/schema.org","@graph":[{"@type":"WebPage","@id":"https:\/\/letrame.com\/catalogo\/producto\/el-profesor-sustituto\/","url":"https:\/\/letrame.com\/catalogo\/producto\/el-profesor-sustituto\/","name":"El profesor sustituto - Catalogo | Letrame Grupo Editorial","isPartOf":{"@id":"https:\/\/letrame.com\/catalogo\/#website"},"primaryImageOfPage":{"@id":"https:\/\/letrame.com\/catalogo\/producto\/el-profesor-sustituto\/#primaryimage"},"image":{"@id":"https:\/\/letrame.com\/catalogo\/producto\/el-profesor-sustituto\/#primaryimage"},"thumbnailUrl":"https:\/\/letrame.com\/catalogo\/wp-content\/uploads\/2024\/06\/webp_elprofesor_55mm-compressed-scaled.jpg","datePublished":"2024-06-20T11:47:54+00:00","dateModified":"2024-06-20T11:48:04+00:00","breadcrumb":{"@id":"https:\/\/letrame.com\/catalogo\/producto\/el-profesor-sustituto\/#breadcrumb"},"inLanguage":"es","potentialAction":[{"@type":"ReadAction","target":["https:\/\/letrame.com\/catalogo\/producto\/el-profesor-sustituto\/"]}]},{"@type":"ImageObject","inLanguage":"es","@id":"https:\/\/letrame.com\/catalogo\/producto\/el-profesor-sustituto\/#primaryimage","url":"https:\/\/letrame.com\/catalogo\/wp-content\/uploads\/2024\/06\/webp_elprofesor_55mm-compressed-scaled.jpg","contentUrl":"https:\/\/letrame.com\/catalogo\/wp-content\/uploads\/2024\/06\/webp_elprofesor_55mm-compressed-scaled.jpg","width":1746,"height":2560},{"@type":"BreadcrumbList","@id":"https:\/\/letrame.com\/catalogo\/producto\/el-profesor-sustituto\/#breadcrumb","itemListElement":[{"@type":"ListItem","position":1,"name":"Portada","item":"https:\/\/letrame.com\/catalogo\/"},{"@type":"ListItem","position":2,"name":"Cat\u00e1logo","item":"https:\/\/letrame.com\/catalogo\/"},{"@type":"ListItem","position":3,"name":"El profesor sustituto"}]},{"@type":"WebSite","@id":"https:\/\/letrame.com\/catalogo\/#website","url":"https:\/\/letrame.com\/catalogo\/","name":"Catalogo | Letrame Grupo Editorial","description":"","publisher":{"@id":"https:\/\/letrame.com\/catalogo\/#organization"},"potentialAction":[{"@type":"SearchAction","target":{"@type":"EntryPoint","urlTemplate":"https:\/\/letrame.com\/catalogo\/?s={search_term_string}"},"query-input":{"@type":"PropertyValueSpecification","valueRequired":true,"valueName":"search_term_string"}}],"inLanguage":"es"},{"@type":"Organization","@id":"https:\/\/letrame.com\/catalogo\/#organization","name":"Catalogo | Letrame Grupo Editorial","url":"https:\/\/letrame.com\/catalogo\/","logo":{"@type":"ImageObject","inLanguage":"es","@id":"https:\/\/letrame.com\/catalogo\/#\/schema\/logo\/image\/","url":"https:\/\/letrame.com\/catalogo\/wp-content\/uploads\/2024\/03\/logo2.webp","contentUrl":"https:\/\/letrame.com\/catalogo\/wp-content\/uploads\/2024\/03\/logo2.webp","width":394,"height":128,"caption":"Catalogo | Letrame Grupo Editorial"},"image":{"@id":"https:\/\/letrame.com\/catalogo\/#\/schema\/logo\/image\/"}}]}},"_links":{"self":[{"href":"https:\/\/letrame.com\/catalogo\/wp-json\/wp\/v2\/product\/101512","targetHints":{"allow":["GET"]}}],"collection":[{"href":"https:\/\/letrame.com\/catalogo\/wp-json\/wp\/v2\/product"}],"about":[{"href":"https:\/\/letrame.com\/catalogo\/wp-json\/wp\/v2\/types\/product"}],"replies":[{"embeddable":true,"href":"https:\/\/letrame.com\/catalogo\/wp-json\/wp\/v2\/comments?post=101512"}],"acf:post":[{"embeddable":true,"href":"https:\/\/letrame.com\/catalogo\/wp-json\/wp\/v2\/author_book\/101511"}],"wp:featuredmedia":[{"embeddable":true,"href":"https:\/\/letrame.com\/catalogo\/wp-json\/wp\/v2\/media\/101514"}],"wp:attachment":[{"href":"https:\/\/letrame.com\/catalogo\/wp-json\/wp\/v2\/media?parent=101512"}],"wp:term":[{"taxonomy":"libro","embeddable":true,"href":"https:\/\/letrame.com\/catalogo\/wp-json\/wp\/v2\/libro?post=101512"},{"taxonomy":"product_brand","embeddable":true,"href":"https:\/\/letrame.com\/catalogo\/wp-json\/wp\/v2\/product_brand?post=101512"},{"taxonomy":"product_cat","embeddable":true,"href":"https:\/\/letrame.com\/catalogo\/wp-json\/wp\/v2\/product_cat?post=101512"},{"taxonomy":"product_tag","embeddable":true,"href":"https:\/\/letrame.com\/catalogo\/wp-json\/wp\/v2\/product_tag?post=101512"}],"curies":[{"name":"wp","href":"https:\/\/api.w.org\/{rel}","templated":true}]}}