{"id":101507,"date":"2024-06-20T13:40:52","date_gmt":"2024-06-20T11:40:52","guid":{"rendered":"https:\/\/letrame.com\/catalogo\/?post_type=product&#038;p=101507"},"modified":"2024-06-20T13:41:56","modified_gmt":"2024-06-20T11:41:56","slug":"domingo-lunes-martes-y","status":"publish","type":"product","link":"https:\/\/letrame.com\/catalogo\/producto\/domingo-lunes-martes-y\/","title":{"rendered":"Domingo Lunes Martes Y\u2026"},"content":{"rendered":"<p>ISBN:\u00a0978-84-1068-397-6<br \/>\nT\u00edtulo:\u2028Domingo Lunes Martes Y\u2026<br \/>\nFecha:\u20282024<br \/>\nP\u00e1ginas:\u00a0212<br \/>\nSINOPSIS<\/p>\n<p>Tres d\u00edas del final del verano de 1963 son suficientes para sellar el destino de los dos protagonistas de este relato: un estudiante de Derecho Espa\u00f1ol y un jugador de rugby sudafricano. Firmemente convencidos de haber encontrado, el uno en el otro, el amor de sus j\u00f3venes vidas, estar\u00e1n dispuestos a afrontar todo para poder vivir juntos y en paz su gran pasi\u00f3n amorosa. Ni la Espa\u00f1a franquista ni el r\u00e9gimen racista de Sud\u00e1frica les van a facilitar las cosas. Las relaciones homosexuales est\u00e1n consideradas en ambos pa\u00edses como delitos y convierten en criminales a todos aquellos que las practican. Deber\u00e1n recorrer un largo camino hasta llegar al desenlace, m\u00e1s de veinte a\u00f1os despu\u00e9s, en una playa de Sitges, bello tel\u00f3n de fondo de uno de los tres d\u00edas m\u00e1s felices de sus vidas.<\/p>\n","protected":false},"excerpt":{"rendered":"<p>ISBN:\u00a0978-84-1068-397-6<\/p>\n<p>SINOPSIS<\/p>\n<p>Tres d\u00edas del final del verano de 1963 son suficientes para sellar el destino de los dos protagonistas de este relato: un estudiante de Derecho Espa\u00f1ol y un jugador de rugby sudafricano. Firmemente convencidos de haber encontrado, el uno en el otro, el amor de sus j\u00f3venes vidas, estar\u00e1n dispuestos a afrontar todo para poder vivir juntos y en paz su gran pasi\u00f3n amorosa. Ni la Espa\u00f1a franquista ni el r\u00e9gimen racista de Sud\u00e1frica les van a facilitar las cosas. Las relaciones homosexuales est\u00e1n consideradas en ambos pa\u00edses como delitos y convierten en criminales a todos aquellos que las practican. Deber\u00e1n recorrer un largo camino hasta llegar al desenlace, m\u00e1s de veinte a\u00f1os despu\u00e9s, en una playa de Sitges, bello tel\u00f3n de fondo de uno de los tres d\u00edas m\u00e1s felices de sus vidas.<\/p>\n","protected":false},"featured_media":101510,"comment_status":"open","ping_status":"closed","template":"","meta":{"_acf_changed":false},"libro":[],"product_brand":[],"product_cat":[47],"product_tag":[],"class_list":{"0":"post-101507","1":"product","2":"type-product","3":"status-publish","4":"has-post-thumbnail","6":"product_cat-ciencia-ficcion-misterio","8":"first","9":"instock","10":"shipping-taxable","11":"product-type-simple"},"acf":{"autor":[101508],"enlace_de_compra":"https:\/\/www.casadellibro.com\/libro-domingo-lunes-martes-ycronica-de-un-amor-extemporaneo\/9788410683976\/16087649"},"yoast_head":"<!-- This site is optimized with the Yoast SEO plugin v27.4 - https:\/\/yoast.com\/product\/yoast-seo-wordpress\/ -->\n<title>Domingo Lunes Martes Y\u2026 - Catalogo | Letrame Grupo Editorial<\/title>\n<meta name=\"robots\" content=\"index, follow, max-snippet:-1, max-image-preview:large, max-video-preview:-1\" \/>\n<link rel=\"canonical\" href=\"https:\/\/letrame.com\/catalogo\/producto\/domingo-lunes-martes-y\/\" \/>\n<meta property=\"og:locale\" content=\"es_ES\" \/>\n<meta property=\"og:type\" content=\"article\" \/>\n<meta property=\"og:title\" content=\"Domingo Lunes Martes Y\u2026 - Catalogo | Letrame Grupo Editorial\" \/>\n<meta property=\"og:description\" content=\"ISBN:\u00a0978-84-1068-397-6  SINOPSIS  Tres d\u00edas del final del verano de 1963 son suficientes para sellar el destino de los dos protagonistas de este relato: un estudiante de Derecho Espa\u00f1ol y un jugador de rugby sudafricano. Firmemente convencidos de haber encontrado, el uno en el otro, el amor de sus j\u00f3venes vidas, estar\u00e1n dispuestos a afrontar todo para poder vivir juntos y en paz su gran pasi\u00f3n amorosa. Ni la Espa\u00f1a franquista ni el r\u00e9gimen racista de Sud\u00e1frica les van a facilitar las cosas. Las relaciones homosexuales est\u00e1n consideradas en ambos pa\u00edses como delitos y convierten en criminales a todos aquellos que las practican. Deber\u00e1n recorrer un largo camino hasta llegar al desenlace, m\u00e1s de veinte a\u00f1os despu\u00e9s, en una playa de Sitges, bello tel\u00f3n de fondo de uno de los tres d\u00edas m\u00e1s felices de sus vidas.\" \/>\n<meta property=\"og:url\" content=\"https:\/\/letrame.com\/catalogo\/producto\/domingo-lunes-martes-y\/\" \/>\n<meta property=\"og:site_name\" content=\"Catalogo | Letrame Grupo Editorial\" \/>\n<meta property=\"article:modified_time\" content=\"2024-06-20T11:41:56+00:00\" \/>\n<meta property=\"og:image\" content=\"https:\/\/letrame.com\/catalogo\/wp-content\/uploads\/2024\/06\/webp_domingo_1085mm-compressed-scaled.jpg\" \/>\n\t<meta property=\"og:image:width\" content=\"1746\" \/>\n\t<meta property=\"og:image:height\" content=\"2560\" \/>\n\t<meta property=\"og:image:type\" content=\"image\/jpeg\" \/>\n<meta name=\"twitter:card\" content=\"summary_large_image\" \/>\n<meta name=\"twitter:label1\" content=\"Tiempo de lectura\" \/>\n\t<meta name=\"twitter:data1\" content=\"1 minuto\" \/>\n<script type=\"application\/ld+json\" class=\"yoast-schema-graph\">{\"@context\":\"https:\\\/\\\/schema.org\",\"@graph\":[{\"@type\":\"WebPage\",\"@id\":\"https:\\\/\\\/letrame.com\\\/catalogo\\\/producto\\\/domingo-lunes-martes-y\\\/\",\"url\":\"https:\\\/\\\/letrame.com\\\/catalogo\\\/producto\\\/domingo-lunes-martes-y\\\/\",\"name\":\"Domingo Lunes Martes Y\u2026 - Catalogo | Letrame Grupo Editorial\",\"isPartOf\":{\"@id\":\"https:\\\/\\\/letrame.com\\\/catalogo\\\/#website\"},\"primaryImageOfPage\":{\"@id\":\"https:\\\/\\\/letrame.com\\\/catalogo\\\/producto\\\/domingo-lunes-martes-y\\\/#primaryimage\"},\"image\":{\"@id\":\"https:\\\/\\\/letrame.com\\\/catalogo\\\/producto\\\/domingo-lunes-martes-y\\\/#primaryimage\"},\"thumbnailUrl\":\"https:\\\/\\\/letrame.com\\\/catalogo\\\/wp-content\\\/uploads\\\/2024\\\/06\\\/webp_domingo_1085mm-compressed-scaled.jpg\",\"datePublished\":\"2024-06-20T11:40:52+00:00\",\"dateModified\":\"2024-06-20T11:41:56+00:00\",\"breadcrumb\":{\"@id\":\"https:\\\/\\\/letrame.com\\\/catalogo\\\/producto\\\/domingo-lunes-martes-y\\\/#breadcrumb\"},\"inLanguage\":\"es\",\"potentialAction\":[{\"@type\":\"ReadAction\",\"target\":[\"https:\\\/\\\/letrame.com\\\/catalogo\\\/producto\\\/domingo-lunes-martes-y\\\/\"]}]},{\"@type\":\"ImageObject\",\"inLanguage\":\"es\",\"@id\":\"https:\\\/\\\/letrame.com\\\/catalogo\\\/producto\\\/domingo-lunes-martes-y\\\/#primaryimage\",\"url\":\"https:\\\/\\\/letrame.com\\\/catalogo\\\/wp-content\\\/uploads\\\/2024\\\/06\\\/webp_domingo_1085mm-compressed-scaled.jpg\",\"contentUrl\":\"https:\\\/\\\/letrame.com\\\/catalogo\\\/wp-content\\\/uploads\\\/2024\\\/06\\\/webp_domingo_1085mm-compressed-scaled.jpg\",\"width\":1746,\"height\":2560},{\"@type\":\"BreadcrumbList\",\"@id\":\"https:\\\/\\\/letrame.com\\\/catalogo\\\/producto\\\/domingo-lunes-martes-y\\\/#breadcrumb\",\"itemListElement\":[{\"@type\":\"ListItem\",\"position\":1,\"name\":\"Portada\",\"item\":\"https:\\\/\\\/letrame.com\\\/catalogo\\\/\"},{\"@type\":\"ListItem\",\"position\":2,\"name\":\"Cat\u00e1logo\",\"item\":\"https:\\\/\\\/letrame.com\\\/catalogo\\\/\"},{\"@type\":\"ListItem\",\"position\":3,\"name\":\"Domingo Lunes Martes Y\u2026\"}]},{\"@type\":\"WebSite\",\"@id\":\"https:\\\/\\\/letrame.com\\\/catalogo\\\/#website\",\"url\":\"https:\\\/\\\/letrame.com\\\/catalogo\\\/\",\"name\":\"Catalogo | Letrame Grupo Editorial\",\"description\":\"\",\"publisher\":{\"@id\":\"https:\\\/\\\/letrame.com\\\/catalogo\\\/#organization\"},\"potentialAction\":[{\"@type\":\"SearchAction\",\"target\":{\"@type\":\"EntryPoint\",\"urlTemplate\":\"https:\\\/\\\/letrame.com\\\/catalogo\\\/?s={search_term_string}\"},\"query-input\":{\"@type\":\"PropertyValueSpecification\",\"valueRequired\":true,\"valueName\":\"search_term_string\"}}],\"inLanguage\":\"es\"},{\"@type\":\"Organization\",\"@id\":\"https:\\\/\\\/letrame.com\\\/catalogo\\\/#organization\",\"name\":\"Catalogo | Letrame Grupo Editorial\",\"url\":\"https:\\\/\\\/letrame.com\\\/catalogo\\\/\",\"logo\":{\"@type\":\"ImageObject\",\"inLanguage\":\"es\",\"@id\":\"https:\\\/\\\/letrame.com\\\/catalogo\\\/#\\\/schema\\\/logo\\\/image\\\/\",\"url\":\"https:\\\/\\\/letrame.com\\\/catalogo\\\/wp-content\\\/uploads\\\/2024\\\/03\\\/logo2.webp\",\"contentUrl\":\"https:\\\/\\\/letrame.com\\\/catalogo\\\/wp-content\\\/uploads\\\/2024\\\/03\\\/logo2.webp\",\"width\":394,\"height\":128,\"caption\":\"Catalogo | Letrame Grupo Editorial\"},\"image\":{\"@id\":\"https:\\\/\\\/letrame.com\\\/catalogo\\\/#\\\/schema\\\/logo\\\/image\\\/\"}}]}<\/script>\n<!-- \/ Yoast SEO plugin. -->","yoast_head_json":{"title":"Domingo Lunes Martes Y\u2026 - Catalogo | Letrame Grupo Editorial","robots":{"index":"index","follow":"follow","max-snippet":"max-snippet:-1","max-image-preview":"max-image-preview:large","max-video-preview":"max-video-preview:-1"},"canonical":"https:\/\/letrame.com\/catalogo\/producto\/domingo-lunes-martes-y\/","og_locale":"es_ES","og_type":"article","og_title":"Domingo Lunes Martes Y\u2026 - Catalogo | Letrame Grupo Editorial","og_description":"ISBN:\u00a0978-84-1068-397-6  SINOPSIS  Tres d\u00edas del final del verano de 1963 son suficientes para sellar el destino de los dos protagonistas de este relato: un estudiante de Derecho Espa\u00f1ol y un jugador de rugby sudafricano. Firmemente convencidos de haber encontrado, el uno en el otro, el amor de sus j\u00f3venes vidas, estar\u00e1n dispuestos a afrontar todo para poder vivir juntos y en paz su gran pasi\u00f3n amorosa. Ni la Espa\u00f1a franquista ni el r\u00e9gimen racista de Sud\u00e1frica les van a facilitar las cosas. Las relaciones homosexuales est\u00e1n consideradas en ambos pa\u00edses como delitos y convierten en criminales a todos aquellos que las practican. Deber\u00e1n recorrer un largo camino hasta llegar al desenlace, m\u00e1s de veinte a\u00f1os despu\u00e9s, en una playa de Sitges, bello tel\u00f3n de fondo de uno de los tres d\u00edas m\u00e1s felices de sus vidas.","og_url":"https:\/\/letrame.com\/catalogo\/producto\/domingo-lunes-martes-y\/","og_site_name":"Catalogo | Letrame Grupo Editorial","article_modified_time":"2024-06-20T11:41:56+00:00","og_image":[{"width":1746,"height":2560,"url":"https:\/\/letrame.com\/catalogo\/wp-content\/uploads\/2024\/06\/webp_domingo_1085mm-compressed-scaled.jpg","type":"image\/jpeg"}],"twitter_card":"summary_large_image","twitter_misc":{"Tiempo de lectura":"1 minuto"},"schema":{"@context":"https:\/\/schema.org","@graph":[{"@type":"WebPage","@id":"https:\/\/letrame.com\/catalogo\/producto\/domingo-lunes-martes-y\/","url":"https:\/\/letrame.com\/catalogo\/producto\/domingo-lunes-martes-y\/","name":"Domingo Lunes Martes Y\u2026 - Catalogo | Letrame Grupo Editorial","isPartOf":{"@id":"https:\/\/letrame.com\/catalogo\/#website"},"primaryImageOfPage":{"@id":"https:\/\/letrame.com\/catalogo\/producto\/domingo-lunes-martes-y\/#primaryimage"},"image":{"@id":"https:\/\/letrame.com\/catalogo\/producto\/domingo-lunes-martes-y\/#primaryimage"},"thumbnailUrl":"https:\/\/letrame.com\/catalogo\/wp-content\/uploads\/2024\/06\/webp_domingo_1085mm-compressed-scaled.jpg","datePublished":"2024-06-20T11:40:52+00:00","dateModified":"2024-06-20T11:41:56+00:00","breadcrumb":{"@id":"https:\/\/letrame.com\/catalogo\/producto\/domingo-lunes-martes-y\/#breadcrumb"},"inLanguage":"es","potentialAction":[{"@type":"ReadAction","target":["https:\/\/letrame.com\/catalogo\/producto\/domingo-lunes-martes-y\/"]}]},{"@type":"ImageObject","inLanguage":"es","@id":"https:\/\/letrame.com\/catalogo\/producto\/domingo-lunes-martes-y\/#primaryimage","url":"https:\/\/letrame.com\/catalogo\/wp-content\/uploads\/2024\/06\/webp_domingo_1085mm-compressed-scaled.jpg","contentUrl":"https:\/\/letrame.com\/catalogo\/wp-content\/uploads\/2024\/06\/webp_domingo_1085mm-compressed-scaled.jpg","width":1746,"height":2560},{"@type":"BreadcrumbList","@id":"https:\/\/letrame.com\/catalogo\/producto\/domingo-lunes-martes-y\/#breadcrumb","itemListElement":[{"@type":"ListItem","position":1,"name":"Portada","item":"https:\/\/letrame.com\/catalogo\/"},{"@type":"ListItem","position":2,"name":"Cat\u00e1logo","item":"https:\/\/letrame.com\/catalogo\/"},{"@type":"ListItem","position":3,"name":"Domingo Lunes Martes Y\u2026"}]},{"@type":"WebSite","@id":"https:\/\/letrame.com\/catalogo\/#website","url":"https:\/\/letrame.com\/catalogo\/","name":"Catalogo | Letrame Grupo Editorial","description":"","publisher":{"@id":"https:\/\/letrame.com\/catalogo\/#organization"},"potentialAction":[{"@type":"SearchAction","target":{"@type":"EntryPoint","urlTemplate":"https:\/\/letrame.com\/catalogo\/?s={search_term_string}"},"query-input":{"@type":"PropertyValueSpecification","valueRequired":true,"valueName":"search_term_string"}}],"inLanguage":"es"},{"@type":"Organization","@id":"https:\/\/letrame.com\/catalogo\/#organization","name":"Catalogo | Letrame Grupo Editorial","url":"https:\/\/letrame.com\/catalogo\/","logo":{"@type":"ImageObject","inLanguage":"es","@id":"https:\/\/letrame.com\/catalogo\/#\/schema\/logo\/image\/","url":"https:\/\/letrame.com\/catalogo\/wp-content\/uploads\/2024\/03\/logo2.webp","contentUrl":"https:\/\/letrame.com\/catalogo\/wp-content\/uploads\/2024\/03\/logo2.webp","width":394,"height":128,"caption":"Catalogo | Letrame Grupo Editorial"},"image":{"@id":"https:\/\/letrame.com\/catalogo\/#\/schema\/logo\/image\/"}}]}},"_links":{"self":[{"href":"https:\/\/letrame.com\/catalogo\/wp-json\/wp\/v2\/product\/101507","targetHints":{"allow":["GET"]}}],"collection":[{"href":"https:\/\/letrame.com\/catalogo\/wp-json\/wp\/v2\/product"}],"about":[{"href":"https:\/\/letrame.com\/catalogo\/wp-json\/wp\/v2\/types\/product"}],"replies":[{"embeddable":true,"href":"https:\/\/letrame.com\/catalogo\/wp-json\/wp\/v2\/comments?post=101507"}],"acf:post":[{"embeddable":true,"href":"https:\/\/letrame.com\/catalogo\/wp-json\/wp\/v2\/author_book\/101508"}],"wp:featuredmedia":[{"embeddable":true,"href":"https:\/\/letrame.com\/catalogo\/wp-json\/wp\/v2\/media\/101510"}],"wp:attachment":[{"href":"https:\/\/letrame.com\/catalogo\/wp-json\/wp\/v2\/media?parent=101507"}],"wp:term":[{"taxonomy":"libro","embeddable":true,"href":"https:\/\/letrame.com\/catalogo\/wp-json\/wp\/v2\/libro?post=101507"},{"taxonomy":"product_brand","embeddable":true,"href":"https:\/\/letrame.com\/catalogo\/wp-json\/wp\/v2\/product_brand?post=101507"},{"taxonomy":"product_cat","embeddable":true,"href":"https:\/\/letrame.com\/catalogo\/wp-json\/wp\/v2\/product_cat?post=101507"},{"taxonomy":"product_tag","embeddable":true,"href":"https:\/\/letrame.com\/catalogo\/wp-json\/wp\/v2\/product_tag?post=101507"}],"curies":[{"name":"wp","href":"https:\/\/api.w.org\/{rel}","templated":true}]}}