{"id":101498,"date":"2024-06-20T13:07:48","date_gmt":"2024-06-20T11:07:48","guid":{"rendered":"https:\/\/letrame.com\/catalogo\/?post_type=product&#038;p=101498"},"modified":"2024-07-03T12:33:55","modified_gmt":"2024-07-03T10:33:55","slug":"la-cruda-ansiedad-canina","status":"publish","type":"product","link":"https:\/\/letrame.com\/catalogo\/producto\/la-cruda-ansiedad-canina\/","title":{"rendered":"La cruda ansiedad canina"},"content":{"rendered":"<p>ISBN:\u00a0978-84-1068-437-9<br \/>\nT\u00edtulo:\u2028La cruda ansiedad canina<br \/>\nFecha:\u20282024<br \/>\nP\u00e1ginas:\u00a0302<br \/>\nSINOPSIS<\/p>\n<p>La cruda ansiedad canina ofrece un enfoque novedoso y visi\u00f3n global sobre la ansiedad en los perros, un problema, tan cotidiano y preocupante, que se ha calificado de \u00abepidemia\u00bb y que afecta a millones de perros dom\u00e9sticos en todo el mundo. A pesar de ello, a menudo pasa desapercibido, sin identificarse o tratarse.<br \/>\nPara poder ayudar a tu perro con la ansiedad y mejorar su calidad de vida, es importante conocer las causas y los factores que pueden estar afectando de forma negativa a su salud y comportamiento. El libro ahonda en los procesos que subyacen a la ansiedad canina desde un respeto absoluto a la biolog\u00eda y la fisiolog\u00eda del perro.<br \/>\nCuenta con explicaciones que te permitir\u00e1n comprender de forma sencilla qu\u00e9 est\u00e1 sucediendo en el cuerpo y la mente de tu perro, junto con consejos pr\u00e1cticos y herramientas para que puedas ayudarle en el \u00e1mbito familiar y del hogar a recuperar su equilibrio.<br \/>\nCon un enfoque educativo y preventivo, este libro es una gu\u00eda indispensable para due\u00f1os de perros que buscan mejorar la calidad de vida de sus mascotas.<\/p>\n","protected":false},"excerpt":{"rendered":"<p>ISBN:\u00a0978-84-1068-437-9<\/p>\n<p>SINOPSIS<\/p>\n<p>La cruda ansiedad canina ofrece un enfoque novedoso y visi\u00f3n global sobre la ansiedad en los perros, un problema, tan cotidiano y preocupante, que se ha calificado de \u00abepidemia\u00bb y que afecta a millones de perros dom\u00e9sticos en todo el mundo. A pesar de ello, a menudo pasa desapercibido, sin identificarse o tratarse.<br \/>\nPara poder ayudar a tu perro con la ansiedad y mejorar su calidad de vida, es importante conocer las causas y los factores que pueden estar afectando de forma negativa a su salud y comportamiento. El libro ahonda en los procesos que subyacen a la ansiedad canina desde un respeto absoluto a la biolog\u00eda y la fisiolog\u00eda del perro.<br \/>\nCuenta con explicaciones que te permitir\u00e1n comprender de forma sencilla qu\u00e9 est\u00e1 sucediendo en el cuerpo y la mente de tu perro, junto con consejos pr\u00e1cticos y herramientas para que puedas ayudarle en el \u00e1mbito familiar y del hogar a recuperar su equilibrio.<br \/>\nCon un enfoque educativo y preventivo, este libro es una gu\u00eda indispensable para due\u00f1os de perros que buscan mejorar la calidad de vida de sus mascotas.<\/p>\n","protected":false},"featured_media":101501,"comment_status":"open","ping_status":"closed","template":"","meta":{"_acf_changed":false},"libro":[],"product_brand":[],"product_cat":[27],"product_tag":[],"class_list":{"0":"post-101498","1":"product","2":"type-product","3":"status-publish","4":"has-post-thumbnail","6":"product_cat-divulgacion","8":"first","9":"instock","10":"shipping-taxable","11":"product-type-simple"},"acf":{"autor":[101497],"enlace_de_compra":"https:\/\/amzn.to\/4boVbbn"},"yoast_head":"<!-- This site is optimized with the Yoast SEO plugin v27.4 - https:\/\/yoast.com\/product\/yoast-seo-wordpress\/ -->\n<title>La cruda ansiedad canina - Catalogo | Letrame Grupo Editorial<\/title>\n<meta name=\"robots\" content=\"index, follow, max-snippet:-1, max-image-preview:large, max-video-preview:-1\" \/>\n<link rel=\"canonical\" href=\"https:\/\/letrame.com\/catalogo\/producto\/la-cruda-ansiedad-canina\/\" \/>\n<meta property=\"og:locale\" content=\"es_ES\" \/>\n<meta property=\"og:type\" content=\"article\" \/>\n<meta property=\"og:title\" content=\"La cruda ansiedad canina - Catalogo | Letrame Grupo Editorial\" \/>\n<meta property=\"og:description\" content=\"ISBN:\u00a0978-84-1068-437-9  SINOPSIS  La cruda ansiedad canina ofrece un enfoque novedoso y visi\u00f3n global sobre la ansiedad en los perros, un problema, tan cotidiano y preocupante, que se ha calificado de \u00abepidemia\u00bb y que afecta a millones de perros dom\u00e9sticos en todo el mundo. A pesar de ello, a menudo pasa desapercibido, sin identificarse o tratarse. Para poder ayudar a tu perro con la ansiedad y mejorar su calidad de vida, es importante conocer las causas y los factores que pueden estar afectando de forma negativa a su salud y comportamiento. El libro ahonda en los procesos que subyacen a la ansiedad canina desde un respeto absoluto a la biolog\u00eda y la fisiolog\u00eda del perro. Cuenta con explicaciones que te permitir\u00e1n comprender de forma sencilla qu\u00e9 est\u00e1 sucediendo en el cuerpo y la mente de tu perro, junto con consejos pr\u00e1cticos y herramientas para que puedas ayudarle en el \u00e1mbito familiar y del hogar a recuperar su equilibrio. Con un enfoque educativo y preventivo, este libro es una gu\u00eda indispensable para due\u00f1os de perros que buscan mejorar la calidad de vida de sus mascotas.\" \/>\n<meta property=\"og:url\" content=\"https:\/\/letrame.com\/catalogo\/producto\/la-cruda-ansiedad-canina\/\" \/>\n<meta property=\"og:site_name\" content=\"Catalogo | Letrame Grupo Editorial\" \/>\n<meta property=\"article:modified_time\" content=\"2024-07-03T10:33:55+00:00\" \/>\n<meta property=\"og:image\" content=\"https:\/\/letrame.com\/catalogo\/wp-content\/uploads\/2024\/06\/webp_lacruda_17mm-compressed-scaled.jpg\" \/>\n\t<meta property=\"og:image:width\" content=\"1813\" \/>\n\t<meta property=\"og:image:height\" content=\"2560\" \/>\n\t<meta property=\"og:image:type\" content=\"image\/jpeg\" \/>\n<meta name=\"twitter:card\" content=\"summary_large_image\" \/>\n<meta name=\"twitter:label1\" content=\"Tiempo de lectura\" \/>\n\t<meta name=\"twitter:data1\" content=\"2 minutos\" \/>\n<script type=\"application\/ld+json\" class=\"yoast-schema-graph\">{\"@context\":\"https:\\\/\\\/schema.org\",\"@graph\":[{\"@type\":\"WebPage\",\"@id\":\"https:\\\/\\\/letrame.com\\\/catalogo\\\/producto\\\/la-cruda-ansiedad-canina\\\/\",\"url\":\"https:\\\/\\\/letrame.com\\\/catalogo\\\/producto\\\/la-cruda-ansiedad-canina\\\/\",\"name\":\"La cruda ansiedad canina - Catalogo | Letrame Grupo Editorial\",\"isPartOf\":{\"@id\":\"https:\\\/\\\/letrame.com\\\/catalogo\\\/#website\"},\"primaryImageOfPage\":{\"@id\":\"https:\\\/\\\/letrame.com\\\/catalogo\\\/producto\\\/la-cruda-ansiedad-canina\\\/#primaryimage\"},\"image\":{\"@id\":\"https:\\\/\\\/letrame.com\\\/catalogo\\\/producto\\\/la-cruda-ansiedad-canina\\\/#primaryimage\"},\"thumbnailUrl\":\"https:\\\/\\\/letrame.com\\\/catalogo\\\/wp-content\\\/uploads\\\/2024\\\/06\\\/webp_lacruda_17mm-compressed-scaled.jpg\",\"datePublished\":\"2024-06-20T11:07:48+00:00\",\"dateModified\":\"2024-07-03T10:33:55+00:00\",\"breadcrumb\":{\"@id\":\"https:\\\/\\\/letrame.com\\\/catalogo\\\/producto\\\/la-cruda-ansiedad-canina\\\/#breadcrumb\"},\"inLanguage\":\"es\",\"potentialAction\":[{\"@type\":\"ReadAction\",\"target\":[\"https:\\\/\\\/letrame.com\\\/catalogo\\\/producto\\\/la-cruda-ansiedad-canina\\\/\"]}]},{\"@type\":\"ImageObject\",\"inLanguage\":\"es\",\"@id\":\"https:\\\/\\\/letrame.com\\\/catalogo\\\/producto\\\/la-cruda-ansiedad-canina\\\/#primaryimage\",\"url\":\"https:\\\/\\\/letrame.com\\\/catalogo\\\/wp-content\\\/uploads\\\/2024\\\/06\\\/webp_lacruda_17mm-compressed-scaled.jpg\",\"contentUrl\":\"https:\\\/\\\/letrame.com\\\/catalogo\\\/wp-content\\\/uploads\\\/2024\\\/06\\\/webp_lacruda_17mm-compressed-scaled.jpg\",\"width\":1813,\"height\":2560},{\"@type\":\"BreadcrumbList\",\"@id\":\"https:\\\/\\\/letrame.com\\\/catalogo\\\/producto\\\/la-cruda-ansiedad-canina\\\/#breadcrumb\",\"itemListElement\":[{\"@type\":\"ListItem\",\"position\":1,\"name\":\"Portada\",\"item\":\"https:\\\/\\\/letrame.com\\\/catalogo\\\/\"},{\"@type\":\"ListItem\",\"position\":2,\"name\":\"Cat\u00e1logo\",\"item\":\"https:\\\/\\\/letrame.com\\\/catalogo\\\/\"},{\"@type\":\"ListItem\",\"position\":3,\"name\":\"La cruda ansiedad canina\"}]},{\"@type\":\"WebSite\",\"@id\":\"https:\\\/\\\/letrame.com\\\/catalogo\\\/#website\",\"url\":\"https:\\\/\\\/letrame.com\\\/catalogo\\\/\",\"name\":\"Catalogo | Letrame Grupo Editorial\",\"description\":\"\",\"publisher\":{\"@id\":\"https:\\\/\\\/letrame.com\\\/catalogo\\\/#organization\"},\"potentialAction\":[{\"@type\":\"SearchAction\",\"target\":{\"@type\":\"EntryPoint\",\"urlTemplate\":\"https:\\\/\\\/letrame.com\\\/catalogo\\\/?s={search_term_string}\"},\"query-input\":{\"@type\":\"PropertyValueSpecification\",\"valueRequired\":true,\"valueName\":\"search_term_string\"}}],\"inLanguage\":\"es\"},{\"@type\":\"Organization\",\"@id\":\"https:\\\/\\\/letrame.com\\\/catalogo\\\/#organization\",\"name\":\"Catalogo | Letrame Grupo Editorial\",\"url\":\"https:\\\/\\\/letrame.com\\\/catalogo\\\/\",\"logo\":{\"@type\":\"ImageObject\",\"inLanguage\":\"es\",\"@id\":\"https:\\\/\\\/letrame.com\\\/catalogo\\\/#\\\/schema\\\/logo\\\/image\\\/\",\"url\":\"https:\\\/\\\/letrame.com\\\/catalogo\\\/wp-content\\\/uploads\\\/2024\\\/03\\\/logo2.webp\",\"contentUrl\":\"https:\\\/\\\/letrame.com\\\/catalogo\\\/wp-content\\\/uploads\\\/2024\\\/03\\\/logo2.webp\",\"width\":394,\"height\":128,\"caption\":\"Catalogo | Letrame Grupo Editorial\"},\"image\":{\"@id\":\"https:\\\/\\\/letrame.com\\\/catalogo\\\/#\\\/schema\\\/logo\\\/image\\\/\"}}]}<\/script>\n<!-- \/ Yoast SEO plugin. -->","yoast_head_json":{"title":"La cruda ansiedad canina - Catalogo | Letrame Grupo Editorial","robots":{"index":"index","follow":"follow","max-snippet":"max-snippet:-1","max-image-preview":"max-image-preview:large","max-video-preview":"max-video-preview:-1"},"canonical":"https:\/\/letrame.com\/catalogo\/producto\/la-cruda-ansiedad-canina\/","og_locale":"es_ES","og_type":"article","og_title":"La cruda ansiedad canina - Catalogo | Letrame Grupo Editorial","og_description":"ISBN:\u00a0978-84-1068-437-9  SINOPSIS  La cruda ansiedad canina ofrece un enfoque novedoso y visi\u00f3n global sobre la ansiedad en los perros, un problema, tan cotidiano y preocupante, que se ha calificado de \u00abepidemia\u00bb y que afecta a millones de perros dom\u00e9sticos en todo el mundo. A pesar de ello, a menudo pasa desapercibido, sin identificarse o tratarse. Para poder ayudar a tu perro con la ansiedad y mejorar su calidad de vida, es importante conocer las causas y los factores que pueden estar afectando de forma negativa a su salud y comportamiento. El libro ahonda en los procesos que subyacen a la ansiedad canina desde un respeto absoluto a la biolog\u00eda y la fisiolog\u00eda del perro. Cuenta con explicaciones que te permitir\u00e1n comprender de forma sencilla qu\u00e9 est\u00e1 sucediendo en el cuerpo y la mente de tu perro, junto con consejos pr\u00e1cticos y herramientas para que puedas ayudarle en el \u00e1mbito familiar y del hogar a recuperar su equilibrio. Con un enfoque educativo y preventivo, este libro es una gu\u00eda indispensable para due\u00f1os de perros que buscan mejorar la calidad de vida de sus mascotas.","og_url":"https:\/\/letrame.com\/catalogo\/producto\/la-cruda-ansiedad-canina\/","og_site_name":"Catalogo | Letrame Grupo Editorial","article_modified_time":"2024-07-03T10:33:55+00:00","og_image":[{"width":1813,"height":2560,"url":"https:\/\/letrame.com\/catalogo\/wp-content\/uploads\/2024\/06\/webp_lacruda_17mm-compressed-scaled.jpg","type":"image\/jpeg"}],"twitter_card":"summary_large_image","twitter_misc":{"Tiempo de lectura":"2 minutos"},"schema":{"@context":"https:\/\/schema.org","@graph":[{"@type":"WebPage","@id":"https:\/\/letrame.com\/catalogo\/producto\/la-cruda-ansiedad-canina\/","url":"https:\/\/letrame.com\/catalogo\/producto\/la-cruda-ansiedad-canina\/","name":"La cruda ansiedad canina - Catalogo | Letrame Grupo Editorial","isPartOf":{"@id":"https:\/\/letrame.com\/catalogo\/#website"},"primaryImageOfPage":{"@id":"https:\/\/letrame.com\/catalogo\/producto\/la-cruda-ansiedad-canina\/#primaryimage"},"image":{"@id":"https:\/\/letrame.com\/catalogo\/producto\/la-cruda-ansiedad-canina\/#primaryimage"},"thumbnailUrl":"https:\/\/letrame.com\/catalogo\/wp-content\/uploads\/2024\/06\/webp_lacruda_17mm-compressed-scaled.jpg","datePublished":"2024-06-20T11:07:48+00:00","dateModified":"2024-07-03T10:33:55+00:00","breadcrumb":{"@id":"https:\/\/letrame.com\/catalogo\/producto\/la-cruda-ansiedad-canina\/#breadcrumb"},"inLanguage":"es","potentialAction":[{"@type":"ReadAction","target":["https:\/\/letrame.com\/catalogo\/producto\/la-cruda-ansiedad-canina\/"]}]},{"@type":"ImageObject","inLanguage":"es","@id":"https:\/\/letrame.com\/catalogo\/producto\/la-cruda-ansiedad-canina\/#primaryimage","url":"https:\/\/letrame.com\/catalogo\/wp-content\/uploads\/2024\/06\/webp_lacruda_17mm-compressed-scaled.jpg","contentUrl":"https:\/\/letrame.com\/catalogo\/wp-content\/uploads\/2024\/06\/webp_lacruda_17mm-compressed-scaled.jpg","width":1813,"height":2560},{"@type":"BreadcrumbList","@id":"https:\/\/letrame.com\/catalogo\/producto\/la-cruda-ansiedad-canina\/#breadcrumb","itemListElement":[{"@type":"ListItem","position":1,"name":"Portada","item":"https:\/\/letrame.com\/catalogo\/"},{"@type":"ListItem","position":2,"name":"Cat\u00e1logo","item":"https:\/\/letrame.com\/catalogo\/"},{"@type":"ListItem","position":3,"name":"La cruda ansiedad canina"}]},{"@type":"WebSite","@id":"https:\/\/letrame.com\/catalogo\/#website","url":"https:\/\/letrame.com\/catalogo\/","name":"Catalogo | Letrame Grupo Editorial","description":"","publisher":{"@id":"https:\/\/letrame.com\/catalogo\/#organization"},"potentialAction":[{"@type":"SearchAction","target":{"@type":"EntryPoint","urlTemplate":"https:\/\/letrame.com\/catalogo\/?s={search_term_string}"},"query-input":{"@type":"PropertyValueSpecification","valueRequired":true,"valueName":"search_term_string"}}],"inLanguage":"es"},{"@type":"Organization","@id":"https:\/\/letrame.com\/catalogo\/#organization","name":"Catalogo | Letrame Grupo Editorial","url":"https:\/\/letrame.com\/catalogo\/","logo":{"@type":"ImageObject","inLanguage":"es","@id":"https:\/\/letrame.com\/catalogo\/#\/schema\/logo\/image\/","url":"https:\/\/letrame.com\/catalogo\/wp-content\/uploads\/2024\/03\/logo2.webp","contentUrl":"https:\/\/letrame.com\/catalogo\/wp-content\/uploads\/2024\/03\/logo2.webp","width":394,"height":128,"caption":"Catalogo | Letrame Grupo Editorial"},"image":{"@id":"https:\/\/letrame.com\/catalogo\/#\/schema\/logo\/image\/"}}]}},"_links":{"self":[{"href":"https:\/\/letrame.com\/catalogo\/wp-json\/wp\/v2\/product\/101498","targetHints":{"allow":["GET"]}}],"collection":[{"href":"https:\/\/letrame.com\/catalogo\/wp-json\/wp\/v2\/product"}],"about":[{"href":"https:\/\/letrame.com\/catalogo\/wp-json\/wp\/v2\/types\/product"}],"replies":[{"embeddable":true,"href":"https:\/\/letrame.com\/catalogo\/wp-json\/wp\/v2\/comments?post=101498"}],"acf:post":[{"embeddable":true,"href":"https:\/\/letrame.com\/catalogo\/wp-json\/wp\/v2\/author_book\/101497"}],"wp:featuredmedia":[{"embeddable":true,"href":"https:\/\/letrame.com\/catalogo\/wp-json\/wp\/v2\/media\/101501"}],"wp:attachment":[{"href":"https:\/\/letrame.com\/catalogo\/wp-json\/wp\/v2\/media?parent=101498"}],"wp:term":[{"taxonomy":"libro","embeddable":true,"href":"https:\/\/letrame.com\/catalogo\/wp-json\/wp\/v2\/libro?post=101498"},{"taxonomy":"product_brand","embeddable":true,"href":"https:\/\/letrame.com\/catalogo\/wp-json\/wp\/v2\/product_brand?post=101498"},{"taxonomy":"product_cat","embeddable":true,"href":"https:\/\/letrame.com\/catalogo\/wp-json\/wp\/v2\/product_cat?post=101498"},{"taxonomy":"product_tag","embeddable":true,"href":"https:\/\/letrame.com\/catalogo\/wp-json\/wp\/v2\/product_tag?post=101498"}],"curies":[{"name":"wp","href":"https:\/\/api.w.org\/{rel}","templated":true}]}}