{"id":101488,"date":"2024-06-20T12:54:53","date_gmt":"2024-06-20T10:54:53","guid":{"rendered":"https:\/\/letrame.com\/catalogo\/?post_type=product&#038;p=101488"},"modified":"2024-06-20T12:55:28","modified_gmt":"2024-06-20T10:55:28","slug":"mientras-todos-duermen","status":"publish","type":"product","link":"https:\/\/letrame.com\/catalogo\/producto\/mientras-todos-duermen\/","title":{"rendered":"Mientras todos duermen"},"content":{"rendered":"<p>ISBN:\u00a0978-84-1068-322-8<br \/>\nT\u00edtulo:\u2028Mientras todos duermen<br \/>\nFecha:\u20282024<br \/>\nP\u00e1ginas:\u00a070<br \/>\nSINOPSIS<\/p>\n<p>Es un libro en el que se manifiesta el yo profundo del personaje. Este es un observador que en momentos tambi\u00e9n se convierte en lo observado. Un viaje de alguien que lo ve y lo cuestiona todo, pero sigue siendo fiel a sus ideales, conocimientos y opiniones, los cuales defiende con libertad dentro de su propia mente. El libro es una invitaci\u00f3n a ver nuestra sociedad con otros lentes, a vernos a nosotros mismos y convertirnos en nuestros propios observadores. Atrevernos a utilizar el mismo hacha que alzamos contra otros, para quitarle el filo contra nosotros mismos. Despertar la conciencia. Ser consciente de c\u00f3mo estamos cada vez m\u00e1s condicionados para ir cayendo en una adicci\u00f3n a los est\u00edmulos externos. Donde al final exterminamos el mundo real por completo y, cada vez m\u00e1s, matamos nuestro propio sentido cr\u00edtico e instintos. Y obedecemos a las divisiones sociales impuestas para distraer nuestra atenci\u00f3n de todas las cosas en el mundo que realmente importan. Que estamos tan acostumbrados al dolor, al sufrimiento y a la guerra que han llegado a formar parte de nuestra forma natural de ver la vida y hemos aprendido a vivir con ello y de ello. Todo esto pasa mientras nuestro personaje, un personaje sin nombre, pero con un pasado y un futuro a\u00fan por descifrar, navega en el subsuelo de una de las ciudades m\u00e1s progresistas existentes, con un destino, preocupaciones y anhelos.<\/p>\n","protected":false},"excerpt":{"rendered":"<p>ISBN:\u00a0978-84-1068-322-8<\/p>\n<p>SINOPSIS<\/p>\n<p>Es un libro en el que se manifiesta el yo profundo del personaje. Este es un observador que en momentos tambi\u00e9n se convierte en lo observado. Un viaje de alguien que lo ve y lo cuestiona todo, pero sigue siendo fiel a sus ideales, conocimientos y opiniones, los cuales defiende con libertad dentro de su propia mente. El libro es una invitaci\u00f3n a ver nuestra sociedad con otros lentes, a vernos a nosotros mismos y convertirnos en nuestros propios observadores. Atrevernos a utilizar el mismo hacha que alzamos contra otros, para quitarle el filo contra nosotros mismos. Despertar la conciencia. Ser consciente de c\u00f3mo estamos cada vez m\u00e1s condicionados para ir cayendo en una adicci\u00f3n a los est\u00edmulos externos. Donde al final exterminamos el mundo real por completo y, cada vez m\u00e1s, matamos nuestro propio sentido cr\u00edtico e instintos. Y obedecemos a las divisiones sociales impuestas para distraer nuestra atenci\u00f3n de todas las cosas en el mundo que realmente importan. Que estamos tan acostumbrados al dolor, al sufrimiento y a la guerra que han llegado a formar parte de nuestra forma natural de ver la vida y hemos aprendido a vivir con ello y de ello. Todo esto pasa mientras nuestro personaje, un personaje sin nombre, pero con un pasado y un futuro a\u00fan por descifrar, navega en el subsuelo de una de las ciudades m\u00e1s progresistas existentes, con un destino, preocupaciones y anhelos.<\/p>\n","protected":false},"featured_media":101492,"comment_status":"open","ping_status":"closed","template":"","meta":{"_acf_changed":false},"libro":[],"product_brand":[],"product_cat":[47],"product_tag":[],"class_list":{"0":"post-101488","1":"product","2":"type-product","3":"status-publish","4":"has-post-thumbnail","6":"product_cat-ciencia-ficcion-misterio","8":"first","9":"instock","10":"shipping-taxable","11":"product-type-simple"},"acf":{"autor":[101489],"enlace_de_compra":"https:\/\/www.casadellibro.com\/libro-mientras-todos-duermen\/9788410683228\/16101501?gclid=CjwKCAjwps-zBhAiEiwALwsVYb691JKiUSeAd0POYifUvH7IhpK_KZgLscHdqS5GHyx6tkqkCj84nhoCIcEQAvD_BwE"},"yoast_head":"<!-- This site is optimized with the Yoast SEO plugin v26.6 - https:\/\/yoast.com\/wordpress\/plugins\/seo\/ -->\n<title>Mientras todos duermen - Catalogo | Letrame Grupo Editorial<\/title>\n<meta name=\"robots\" content=\"index, follow, max-snippet:-1, max-image-preview:large, max-video-preview:-1\" \/>\n<link rel=\"canonical\" href=\"https:\/\/letrame.com\/catalogo\/producto\/mientras-todos-duermen\/\" \/>\n<meta property=\"og:locale\" content=\"es_ES\" \/>\n<meta property=\"og:type\" content=\"article\" \/>\n<meta property=\"og:title\" content=\"Mientras todos duermen - Catalogo | Letrame Grupo Editorial\" \/>\n<meta property=\"og:description\" content=\"ISBN:\u00a0978-84-1068-322-8  SINOPSIS  Es un libro en el que se manifiesta el yo profundo del personaje. Este es un observador que en momentos tambi\u00e9n se convierte en lo observado. Un viaje de alguien que lo ve y lo cuestiona todo, pero sigue siendo fiel a sus ideales, conocimientos y opiniones, los cuales defiende con libertad dentro de su propia mente. El libro es una invitaci\u00f3n a ver nuestra sociedad con otros lentes, a vernos a nosotros mismos y convertirnos en nuestros propios observadores. Atrevernos a utilizar el mismo hacha que alzamos contra otros, para quitarle el filo contra nosotros mismos. Despertar la conciencia. Ser consciente de c\u00f3mo estamos cada vez m\u00e1s condicionados para ir cayendo en una adicci\u00f3n a los est\u00edmulos externos. Donde al final exterminamos el mundo real por completo y, cada vez m\u00e1s, matamos nuestro propio sentido cr\u00edtico e instintos. Y obedecemos a las divisiones sociales impuestas para distraer nuestra atenci\u00f3n de todas las cosas en el mundo que realmente importan. Que estamos tan acostumbrados al dolor, al sufrimiento y a la guerra que han llegado a formar parte de nuestra forma natural de ver la vida y hemos aprendido a vivir con ello y de ello. Todo esto pasa mientras nuestro personaje, un personaje sin nombre, pero con un pasado y un futuro a\u00fan por descifrar, navega en el subsuelo de una de las ciudades m\u00e1s progresistas existentes, con un destino, preocupaciones y anhelos.\" \/>\n<meta property=\"og:url\" content=\"https:\/\/letrame.com\/catalogo\/producto\/mientras-todos-duermen\/\" \/>\n<meta property=\"og:site_name\" content=\"Catalogo | Letrame Grupo Editorial\" \/>\n<meta property=\"article:modified_time\" content=\"2024-06-20T10:55:28+00:00\" \/>\n<meta property=\"og:image\" content=\"https:\/\/letrame.com\/catalogo\/wp-content\/uploads\/2024\/06\/webp_mientrastodosduermen_531mm-compressed.jpg\" \/>\n\t<meta property=\"og:image:width\" content=\"1476\" \/>\n\t<meta property=\"og:image:height\" content=\"2303\" \/>\n\t<meta property=\"og:image:type\" content=\"image\/jpeg\" \/>\n<meta name=\"twitter:card\" content=\"summary_large_image\" \/>\n<meta name=\"twitter:label1\" content=\"Tiempo de lectura\" \/>\n\t<meta name=\"twitter:data1\" content=\"2 minutos\" \/>\n<script type=\"application\/ld+json\" class=\"yoast-schema-graph\">{\"@context\":\"https:\/\/schema.org\",\"@graph\":[{\"@type\":\"WebPage\",\"@id\":\"https:\/\/letrame.com\/catalogo\/producto\/mientras-todos-duermen\/\",\"url\":\"https:\/\/letrame.com\/catalogo\/producto\/mientras-todos-duermen\/\",\"name\":\"Mientras todos duermen - Catalogo | Letrame Grupo Editorial\",\"isPartOf\":{\"@id\":\"https:\/\/letrame.com\/catalogo\/#website\"},\"primaryImageOfPage\":{\"@id\":\"https:\/\/letrame.com\/catalogo\/producto\/mientras-todos-duermen\/#primaryimage\"},\"image\":{\"@id\":\"https:\/\/letrame.com\/catalogo\/producto\/mientras-todos-duermen\/#primaryimage\"},\"thumbnailUrl\":\"https:\/\/letrame.com\/catalogo\/wp-content\/uploads\/2024\/06\/webp_mientrastodosduermen_531mm-compressed.jpg\",\"datePublished\":\"2024-06-20T10:54:53+00:00\",\"dateModified\":\"2024-06-20T10:55:28+00:00\",\"breadcrumb\":{\"@id\":\"https:\/\/letrame.com\/catalogo\/producto\/mientras-todos-duermen\/#breadcrumb\"},\"inLanguage\":\"es\",\"potentialAction\":[{\"@type\":\"ReadAction\",\"target\":[\"https:\/\/letrame.com\/catalogo\/producto\/mientras-todos-duermen\/\"]}]},{\"@type\":\"ImageObject\",\"inLanguage\":\"es\",\"@id\":\"https:\/\/letrame.com\/catalogo\/producto\/mientras-todos-duermen\/#primaryimage\",\"url\":\"https:\/\/letrame.com\/catalogo\/wp-content\/uploads\/2024\/06\/webp_mientrastodosduermen_531mm-compressed.jpg\",\"contentUrl\":\"https:\/\/letrame.com\/catalogo\/wp-content\/uploads\/2024\/06\/webp_mientrastodosduermen_531mm-compressed.jpg\",\"width\":1476,\"height\":2303},{\"@type\":\"BreadcrumbList\",\"@id\":\"https:\/\/letrame.com\/catalogo\/producto\/mientras-todos-duermen\/#breadcrumb\",\"itemListElement\":[{\"@type\":\"ListItem\",\"position\":1,\"name\":\"Portada\",\"item\":\"https:\/\/letrame.com\/catalogo\/\"},{\"@type\":\"ListItem\",\"position\":2,\"name\":\"Cat\u00e1logo\",\"item\":\"https:\/\/letrame.com\/catalogo\/\"},{\"@type\":\"ListItem\",\"position\":3,\"name\":\"Mientras todos duermen\"}]},{\"@type\":\"WebSite\",\"@id\":\"https:\/\/letrame.com\/catalogo\/#website\",\"url\":\"https:\/\/letrame.com\/catalogo\/\",\"name\":\"Catalogo | Letrame Grupo Editorial\",\"description\":\"\",\"publisher\":{\"@id\":\"https:\/\/letrame.com\/catalogo\/#organization\"},\"potentialAction\":[{\"@type\":\"SearchAction\",\"target\":{\"@type\":\"EntryPoint\",\"urlTemplate\":\"https:\/\/letrame.com\/catalogo\/?s={search_term_string}\"},\"query-input\":{\"@type\":\"PropertyValueSpecification\",\"valueRequired\":true,\"valueName\":\"search_term_string\"}}],\"inLanguage\":\"es\"},{\"@type\":\"Organization\",\"@id\":\"https:\/\/letrame.com\/catalogo\/#organization\",\"name\":\"Catalogo | Letrame Grupo Editorial\",\"url\":\"https:\/\/letrame.com\/catalogo\/\",\"logo\":{\"@type\":\"ImageObject\",\"inLanguage\":\"es\",\"@id\":\"https:\/\/letrame.com\/catalogo\/#\/schema\/logo\/image\/\",\"url\":\"https:\/\/letrame.com\/catalogo\/wp-content\/uploads\/2024\/03\/logo2.webp\",\"contentUrl\":\"https:\/\/letrame.com\/catalogo\/wp-content\/uploads\/2024\/03\/logo2.webp\",\"width\":394,\"height\":128,\"caption\":\"Catalogo | Letrame Grupo Editorial\"},\"image\":{\"@id\":\"https:\/\/letrame.com\/catalogo\/#\/schema\/logo\/image\/\"}}]}<\/script>\n<!-- \/ Yoast SEO plugin. -->","yoast_head_json":{"title":"Mientras todos duermen - Catalogo | Letrame Grupo Editorial","robots":{"index":"index","follow":"follow","max-snippet":"max-snippet:-1","max-image-preview":"max-image-preview:large","max-video-preview":"max-video-preview:-1"},"canonical":"https:\/\/letrame.com\/catalogo\/producto\/mientras-todos-duermen\/","og_locale":"es_ES","og_type":"article","og_title":"Mientras todos duermen - Catalogo | Letrame Grupo Editorial","og_description":"ISBN:\u00a0978-84-1068-322-8  SINOPSIS  Es un libro en el que se manifiesta el yo profundo del personaje. Este es un observador que en momentos tambi\u00e9n se convierte en lo observado. Un viaje de alguien que lo ve y lo cuestiona todo, pero sigue siendo fiel a sus ideales, conocimientos y opiniones, los cuales defiende con libertad dentro de su propia mente. El libro es una invitaci\u00f3n a ver nuestra sociedad con otros lentes, a vernos a nosotros mismos y convertirnos en nuestros propios observadores. Atrevernos a utilizar el mismo hacha que alzamos contra otros, para quitarle el filo contra nosotros mismos. Despertar la conciencia. Ser consciente de c\u00f3mo estamos cada vez m\u00e1s condicionados para ir cayendo en una adicci\u00f3n a los est\u00edmulos externos. Donde al final exterminamos el mundo real por completo y, cada vez m\u00e1s, matamos nuestro propio sentido cr\u00edtico e instintos. Y obedecemos a las divisiones sociales impuestas para distraer nuestra atenci\u00f3n de todas las cosas en el mundo que realmente importan. Que estamos tan acostumbrados al dolor, al sufrimiento y a la guerra que han llegado a formar parte de nuestra forma natural de ver la vida y hemos aprendido a vivir con ello y de ello. Todo esto pasa mientras nuestro personaje, un personaje sin nombre, pero con un pasado y un futuro a\u00fan por descifrar, navega en el subsuelo de una de las ciudades m\u00e1s progresistas existentes, con un destino, preocupaciones y anhelos.","og_url":"https:\/\/letrame.com\/catalogo\/producto\/mientras-todos-duermen\/","og_site_name":"Catalogo | Letrame Grupo Editorial","article_modified_time":"2024-06-20T10:55:28+00:00","og_image":[{"width":1476,"height":2303,"url":"https:\/\/letrame.com\/catalogo\/wp-content\/uploads\/2024\/06\/webp_mientrastodosduermen_531mm-compressed.jpg","type":"image\/jpeg"}],"twitter_card":"summary_large_image","twitter_misc":{"Tiempo de lectura":"2 minutos"},"schema":{"@context":"https:\/\/schema.org","@graph":[{"@type":"WebPage","@id":"https:\/\/letrame.com\/catalogo\/producto\/mientras-todos-duermen\/","url":"https:\/\/letrame.com\/catalogo\/producto\/mientras-todos-duermen\/","name":"Mientras todos duermen - Catalogo | Letrame Grupo Editorial","isPartOf":{"@id":"https:\/\/letrame.com\/catalogo\/#website"},"primaryImageOfPage":{"@id":"https:\/\/letrame.com\/catalogo\/producto\/mientras-todos-duermen\/#primaryimage"},"image":{"@id":"https:\/\/letrame.com\/catalogo\/producto\/mientras-todos-duermen\/#primaryimage"},"thumbnailUrl":"https:\/\/letrame.com\/catalogo\/wp-content\/uploads\/2024\/06\/webp_mientrastodosduermen_531mm-compressed.jpg","datePublished":"2024-06-20T10:54:53+00:00","dateModified":"2024-06-20T10:55:28+00:00","breadcrumb":{"@id":"https:\/\/letrame.com\/catalogo\/producto\/mientras-todos-duermen\/#breadcrumb"},"inLanguage":"es","potentialAction":[{"@type":"ReadAction","target":["https:\/\/letrame.com\/catalogo\/producto\/mientras-todos-duermen\/"]}]},{"@type":"ImageObject","inLanguage":"es","@id":"https:\/\/letrame.com\/catalogo\/producto\/mientras-todos-duermen\/#primaryimage","url":"https:\/\/letrame.com\/catalogo\/wp-content\/uploads\/2024\/06\/webp_mientrastodosduermen_531mm-compressed.jpg","contentUrl":"https:\/\/letrame.com\/catalogo\/wp-content\/uploads\/2024\/06\/webp_mientrastodosduermen_531mm-compressed.jpg","width":1476,"height":2303},{"@type":"BreadcrumbList","@id":"https:\/\/letrame.com\/catalogo\/producto\/mientras-todos-duermen\/#breadcrumb","itemListElement":[{"@type":"ListItem","position":1,"name":"Portada","item":"https:\/\/letrame.com\/catalogo\/"},{"@type":"ListItem","position":2,"name":"Cat\u00e1logo","item":"https:\/\/letrame.com\/catalogo\/"},{"@type":"ListItem","position":3,"name":"Mientras todos duermen"}]},{"@type":"WebSite","@id":"https:\/\/letrame.com\/catalogo\/#website","url":"https:\/\/letrame.com\/catalogo\/","name":"Catalogo | Letrame Grupo Editorial","description":"","publisher":{"@id":"https:\/\/letrame.com\/catalogo\/#organization"},"potentialAction":[{"@type":"SearchAction","target":{"@type":"EntryPoint","urlTemplate":"https:\/\/letrame.com\/catalogo\/?s={search_term_string}"},"query-input":{"@type":"PropertyValueSpecification","valueRequired":true,"valueName":"search_term_string"}}],"inLanguage":"es"},{"@type":"Organization","@id":"https:\/\/letrame.com\/catalogo\/#organization","name":"Catalogo | Letrame Grupo Editorial","url":"https:\/\/letrame.com\/catalogo\/","logo":{"@type":"ImageObject","inLanguage":"es","@id":"https:\/\/letrame.com\/catalogo\/#\/schema\/logo\/image\/","url":"https:\/\/letrame.com\/catalogo\/wp-content\/uploads\/2024\/03\/logo2.webp","contentUrl":"https:\/\/letrame.com\/catalogo\/wp-content\/uploads\/2024\/03\/logo2.webp","width":394,"height":128,"caption":"Catalogo | Letrame Grupo Editorial"},"image":{"@id":"https:\/\/letrame.com\/catalogo\/#\/schema\/logo\/image\/"}}]}},"_links":{"self":[{"href":"https:\/\/letrame.com\/catalogo\/wp-json\/wp\/v2\/product\/101488","targetHints":{"allow":["GET"]}}],"collection":[{"href":"https:\/\/letrame.com\/catalogo\/wp-json\/wp\/v2\/product"}],"about":[{"href":"https:\/\/letrame.com\/catalogo\/wp-json\/wp\/v2\/types\/product"}],"replies":[{"embeddable":true,"href":"https:\/\/letrame.com\/catalogo\/wp-json\/wp\/v2\/comments?post=101488"}],"acf:post":[{"embeddable":true,"href":"https:\/\/letrame.com\/catalogo\/wp-json\/wp\/v2\/author_book\/101489"}],"wp:featuredmedia":[{"embeddable":true,"href":"https:\/\/letrame.com\/catalogo\/wp-json\/wp\/v2\/media\/101492"}],"wp:attachment":[{"href":"https:\/\/letrame.com\/catalogo\/wp-json\/wp\/v2\/media?parent=101488"}],"wp:term":[{"taxonomy":"libro","embeddable":true,"href":"https:\/\/letrame.com\/catalogo\/wp-json\/wp\/v2\/libro?post=101488"},{"taxonomy":"product_brand","embeddable":true,"href":"https:\/\/letrame.com\/catalogo\/wp-json\/wp\/v2\/product_brand?post=101488"},{"taxonomy":"product_cat","embeddable":true,"href":"https:\/\/letrame.com\/catalogo\/wp-json\/wp\/v2\/product_cat?post=101488"},{"taxonomy":"product_tag","embeddable":true,"href":"https:\/\/letrame.com\/catalogo\/wp-json\/wp\/v2\/product_tag?post=101488"}],"curies":[{"name":"wp","href":"https:\/\/api.w.org\/{rel}","templated":true}]}}