{"id":101471,"date":"2024-06-20T12:29:17","date_gmt":"2024-06-20T10:29:17","guid":{"rendered":"https:\/\/letrame.com\/catalogo\/?post_type=product&#038;p=101471"},"modified":"2024-06-20T12:30:06","modified_gmt":"2024-06-20T10:30:06","slug":"raices-de-bienestar","status":"publish","type":"product","link":"https:\/\/letrame.com\/catalogo\/producto\/raices-de-bienestar\/","title":{"rendered":"Ra\u00edces de bienestar"},"content":{"rendered":"<p>ISBN:\u00a0978-84-1068-430-0<br \/>\nT\u00edtulo:\u2028Ra\u00edces de bienestar<br \/>\nFecha:\u20282024<br \/>\nP\u00e1ginas:\u00a090<br \/>\nSINOPSIS<\/p>\n<p>Con Ra\u00edces de bienestar podr\u00e1s no solo conocer tu alimentaci\u00f3n, sino tambi\u00e9n a ti mismo. Lector, si lo que quieres es tener una buena alimentaci\u00f3n que no solo te permita adelgazar, sino sobre todo conocerte y estar en paz contigo mismo, esta es tu lectura.<br \/>\nAutoconocimiento y constancia ser\u00e1n las claves de tu \u00e9xito. Lectura f\u00e1cil y amena que te dar\u00e1 las claves, de forma sencilla y cotidiana, para ser la mejor versi\u00f3n de ti. <\/p>\n","protected":false},"excerpt":{"rendered":"<p>ISBN:\u00a0978-84-1068-430-0<\/p>\n<p>SINOPSIS<\/p>\n<p>Con Ra\u00edces de bienestar podr\u00e1s no solo conocer tu alimentaci\u00f3n, sino tambi\u00e9n a ti mismo. Lector, si lo que quieres es tener una buena alimentaci\u00f3n que no solo te permita adelgazar, sino sobre todo conocerte y estar en paz contigo mismo, esta es tu lectura.<br \/>\nAutoconocimiento y constancia ser\u00e1n las claves de tu \u00e9xito. Lectura f\u00e1cil y amena que te dar\u00e1 las claves, de forma sencilla y cotidiana, para ser la mejor versi\u00f3n de ti. <\/p>\n","protected":false},"featured_media":101473,"comment_status":"open","ping_status":"closed","template":"","meta":{"_acf_changed":false},"libro":[],"product_brand":[],"product_cat":[101],"product_tag":[],"class_list":{"0":"post-101471","1":"product","2":"type-product","3":"status-publish","4":"has-post-thumbnail","6":"product_cat-salud-y-bienestar","8":"first","9":"instock","10":"shipping-taxable","11":"product-type-simple"},"acf":{"autor":[101469],"enlace_de_compra":"https:\/\/www.casadellibro.com\/libro-raices-de-bienestar\/9788410684300\/16087639?gclid=CjwKCAjwps-zBhAiEiwALwsVYb691JKiUSeAd0POYifUvH7IhpK_KZgLscHdqS5GHyx6tkqkCj84nhoCIcEQAvD_BwE"},"yoast_head":"<!-- This site is optimized with the Yoast SEO plugin v26.6 - https:\/\/yoast.com\/wordpress\/plugins\/seo\/ -->\n<title>Ra\u00edces de bienestar - Catalogo | Letrame Grupo Editorial<\/title>\n<meta name=\"robots\" content=\"index, follow, max-snippet:-1, max-image-preview:large, max-video-preview:-1\" \/>\n<link rel=\"canonical\" href=\"https:\/\/letrame.com\/catalogo\/producto\/raices-de-bienestar\/\" \/>\n<meta property=\"og:locale\" content=\"es_ES\" \/>\n<meta property=\"og:type\" content=\"article\" \/>\n<meta property=\"og:title\" content=\"Ra\u00edces de bienestar - Catalogo | Letrame Grupo Editorial\" \/>\n<meta property=\"og:description\" content=\"ISBN:\u00a0978-84-1068-430-0  SINOPSIS  Con Ra\u00edces de bienestar podr\u00e1s no solo conocer tu alimentaci\u00f3n, sino tambi\u00e9n a ti mismo. Lector, si lo que quieres es tener una buena alimentaci\u00f3n que no solo te permita adelgazar, sino sobre todo conocerte y estar en paz contigo mismo, esta es tu lectura. Autoconocimiento y constancia ser\u00e1n las claves de tu \u00e9xito. Lectura f\u00e1cil y amena que te dar\u00e1 las claves, de forma sencilla y cotidiana, para ser la mejor versi\u00f3n de ti.\" \/>\n<meta property=\"og:url\" content=\"https:\/\/letrame.com\/catalogo\/producto\/raices-de-bienestar\/\" \/>\n<meta property=\"og:site_name\" content=\"Catalogo | Letrame Grupo Editorial\" \/>\n<meta property=\"article:modified_time\" content=\"2024-06-20T10:30:06+00:00\" \/>\n<meta property=\"og:image\" content=\"https:\/\/letrame.com\/catalogo\/wp-content\/uploads\/2024\/06\/webp_raices_581mm-compressed.jpg\" \/>\n\t<meta property=\"og:image:width\" content=\"1772\" \/>\n\t<meta property=\"og:image:height\" content=\"2480\" \/>\n\t<meta property=\"og:image:type\" content=\"image\/jpeg\" \/>\n<meta name=\"twitter:card\" content=\"summary_large_image\" \/>\n<meta name=\"twitter:label1\" content=\"Tiempo de lectura\" \/>\n\t<meta name=\"twitter:data1\" content=\"1 minuto\" \/>\n<script type=\"application\/ld+json\" class=\"yoast-schema-graph\">{\"@context\":\"https:\/\/schema.org\",\"@graph\":[{\"@type\":\"WebPage\",\"@id\":\"https:\/\/letrame.com\/catalogo\/producto\/raices-de-bienestar\/\",\"url\":\"https:\/\/letrame.com\/catalogo\/producto\/raices-de-bienestar\/\",\"name\":\"Ra\u00edces de bienestar - Catalogo | Letrame Grupo Editorial\",\"isPartOf\":{\"@id\":\"https:\/\/letrame.com\/catalogo\/#website\"},\"primaryImageOfPage\":{\"@id\":\"https:\/\/letrame.com\/catalogo\/producto\/raices-de-bienestar\/#primaryimage\"},\"image\":{\"@id\":\"https:\/\/letrame.com\/catalogo\/producto\/raices-de-bienestar\/#primaryimage\"},\"thumbnailUrl\":\"https:\/\/letrame.com\/catalogo\/wp-content\/uploads\/2024\/06\/webp_raices_581mm-compressed.jpg\",\"datePublished\":\"2024-06-20T10:29:17+00:00\",\"dateModified\":\"2024-06-20T10:30:06+00:00\",\"breadcrumb\":{\"@id\":\"https:\/\/letrame.com\/catalogo\/producto\/raices-de-bienestar\/#breadcrumb\"},\"inLanguage\":\"es\",\"potentialAction\":[{\"@type\":\"ReadAction\",\"target\":[\"https:\/\/letrame.com\/catalogo\/producto\/raices-de-bienestar\/\"]}]},{\"@type\":\"ImageObject\",\"inLanguage\":\"es\",\"@id\":\"https:\/\/letrame.com\/catalogo\/producto\/raices-de-bienestar\/#primaryimage\",\"url\":\"https:\/\/letrame.com\/catalogo\/wp-content\/uploads\/2024\/06\/webp_raices_581mm-compressed.jpg\",\"contentUrl\":\"https:\/\/letrame.com\/catalogo\/wp-content\/uploads\/2024\/06\/webp_raices_581mm-compressed.jpg\",\"width\":1772,\"height\":2480},{\"@type\":\"BreadcrumbList\",\"@id\":\"https:\/\/letrame.com\/catalogo\/producto\/raices-de-bienestar\/#breadcrumb\",\"itemListElement\":[{\"@type\":\"ListItem\",\"position\":1,\"name\":\"Portada\",\"item\":\"https:\/\/letrame.com\/catalogo\/\"},{\"@type\":\"ListItem\",\"position\":2,\"name\":\"Cat\u00e1logo\",\"item\":\"https:\/\/letrame.com\/catalogo\/\"},{\"@type\":\"ListItem\",\"position\":3,\"name\":\"Ra\u00edces de bienestar\"}]},{\"@type\":\"WebSite\",\"@id\":\"https:\/\/letrame.com\/catalogo\/#website\",\"url\":\"https:\/\/letrame.com\/catalogo\/\",\"name\":\"Catalogo | Letrame Grupo Editorial\",\"description\":\"\",\"publisher\":{\"@id\":\"https:\/\/letrame.com\/catalogo\/#organization\"},\"potentialAction\":[{\"@type\":\"SearchAction\",\"target\":{\"@type\":\"EntryPoint\",\"urlTemplate\":\"https:\/\/letrame.com\/catalogo\/?s={search_term_string}\"},\"query-input\":{\"@type\":\"PropertyValueSpecification\",\"valueRequired\":true,\"valueName\":\"search_term_string\"}}],\"inLanguage\":\"es\"},{\"@type\":\"Organization\",\"@id\":\"https:\/\/letrame.com\/catalogo\/#organization\",\"name\":\"Catalogo | Letrame Grupo Editorial\",\"url\":\"https:\/\/letrame.com\/catalogo\/\",\"logo\":{\"@type\":\"ImageObject\",\"inLanguage\":\"es\",\"@id\":\"https:\/\/letrame.com\/catalogo\/#\/schema\/logo\/image\/\",\"url\":\"https:\/\/letrame.com\/catalogo\/wp-content\/uploads\/2024\/03\/logo2.webp\",\"contentUrl\":\"https:\/\/letrame.com\/catalogo\/wp-content\/uploads\/2024\/03\/logo2.webp\",\"width\":394,\"height\":128,\"caption\":\"Catalogo | Letrame Grupo Editorial\"},\"image\":{\"@id\":\"https:\/\/letrame.com\/catalogo\/#\/schema\/logo\/image\/\"}}]}<\/script>\n<!-- \/ Yoast SEO plugin. -->","yoast_head_json":{"title":"Ra\u00edces de bienestar - Catalogo | Letrame Grupo Editorial","robots":{"index":"index","follow":"follow","max-snippet":"max-snippet:-1","max-image-preview":"max-image-preview:large","max-video-preview":"max-video-preview:-1"},"canonical":"https:\/\/letrame.com\/catalogo\/producto\/raices-de-bienestar\/","og_locale":"es_ES","og_type":"article","og_title":"Ra\u00edces de bienestar - Catalogo | Letrame Grupo Editorial","og_description":"ISBN:\u00a0978-84-1068-430-0  SINOPSIS  Con Ra\u00edces de bienestar podr\u00e1s no solo conocer tu alimentaci\u00f3n, sino tambi\u00e9n a ti mismo. Lector, si lo que quieres es tener una buena alimentaci\u00f3n que no solo te permita adelgazar, sino sobre todo conocerte y estar en paz contigo mismo, esta es tu lectura. Autoconocimiento y constancia ser\u00e1n las claves de tu \u00e9xito. Lectura f\u00e1cil y amena que te dar\u00e1 las claves, de forma sencilla y cotidiana, para ser la mejor versi\u00f3n de ti.","og_url":"https:\/\/letrame.com\/catalogo\/producto\/raices-de-bienestar\/","og_site_name":"Catalogo | Letrame Grupo Editorial","article_modified_time":"2024-06-20T10:30:06+00:00","og_image":[{"width":1772,"height":2480,"url":"https:\/\/letrame.com\/catalogo\/wp-content\/uploads\/2024\/06\/webp_raices_581mm-compressed.jpg","type":"image\/jpeg"}],"twitter_card":"summary_large_image","twitter_misc":{"Tiempo de lectura":"1 minuto"},"schema":{"@context":"https:\/\/schema.org","@graph":[{"@type":"WebPage","@id":"https:\/\/letrame.com\/catalogo\/producto\/raices-de-bienestar\/","url":"https:\/\/letrame.com\/catalogo\/producto\/raices-de-bienestar\/","name":"Ra\u00edces de bienestar - Catalogo | Letrame Grupo Editorial","isPartOf":{"@id":"https:\/\/letrame.com\/catalogo\/#website"},"primaryImageOfPage":{"@id":"https:\/\/letrame.com\/catalogo\/producto\/raices-de-bienestar\/#primaryimage"},"image":{"@id":"https:\/\/letrame.com\/catalogo\/producto\/raices-de-bienestar\/#primaryimage"},"thumbnailUrl":"https:\/\/letrame.com\/catalogo\/wp-content\/uploads\/2024\/06\/webp_raices_581mm-compressed.jpg","datePublished":"2024-06-20T10:29:17+00:00","dateModified":"2024-06-20T10:30:06+00:00","breadcrumb":{"@id":"https:\/\/letrame.com\/catalogo\/producto\/raices-de-bienestar\/#breadcrumb"},"inLanguage":"es","potentialAction":[{"@type":"ReadAction","target":["https:\/\/letrame.com\/catalogo\/producto\/raices-de-bienestar\/"]}]},{"@type":"ImageObject","inLanguage":"es","@id":"https:\/\/letrame.com\/catalogo\/producto\/raices-de-bienestar\/#primaryimage","url":"https:\/\/letrame.com\/catalogo\/wp-content\/uploads\/2024\/06\/webp_raices_581mm-compressed.jpg","contentUrl":"https:\/\/letrame.com\/catalogo\/wp-content\/uploads\/2024\/06\/webp_raices_581mm-compressed.jpg","width":1772,"height":2480},{"@type":"BreadcrumbList","@id":"https:\/\/letrame.com\/catalogo\/producto\/raices-de-bienestar\/#breadcrumb","itemListElement":[{"@type":"ListItem","position":1,"name":"Portada","item":"https:\/\/letrame.com\/catalogo\/"},{"@type":"ListItem","position":2,"name":"Cat\u00e1logo","item":"https:\/\/letrame.com\/catalogo\/"},{"@type":"ListItem","position":3,"name":"Ra\u00edces de bienestar"}]},{"@type":"WebSite","@id":"https:\/\/letrame.com\/catalogo\/#website","url":"https:\/\/letrame.com\/catalogo\/","name":"Catalogo | Letrame Grupo Editorial","description":"","publisher":{"@id":"https:\/\/letrame.com\/catalogo\/#organization"},"potentialAction":[{"@type":"SearchAction","target":{"@type":"EntryPoint","urlTemplate":"https:\/\/letrame.com\/catalogo\/?s={search_term_string}"},"query-input":{"@type":"PropertyValueSpecification","valueRequired":true,"valueName":"search_term_string"}}],"inLanguage":"es"},{"@type":"Organization","@id":"https:\/\/letrame.com\/catalogo\/#organization","name":"Catalogo | Letrame Grupo Editorial","url":"https:\/\/letrame.com\/catalogo\/","logo":{"@type":"ImageObject","inLanguage":"es","@id":"https:\/\/letrame.com\/catalogo\/#\/schema\/logo\/image\/","url":"https:\/\/letrame.com\/catalogo\/wp-content\/uploads\/2024\/03\/logo2.webp","contentUrl":"https:\/\/letrame.com\/catalogo\/wp-content\/uploads\/2024\/03\/logo2.webp","width":394,"height":128,"caption":"Catalogo | Letrame Grupo Editorial"},"image":{"@id":"https:\/\/letrame.com\/catalogo\/#\/schema\/logo\/image\/"}}]}},"_links":{"self":[{"href":"https:\/\/letrame.com\/catalogo\/wp-json\/wp\/v2\/product\/101471","targetHints":{"allow":["GET"]}}],"collection":[{"href":"https:\/\/letrame.com\/catalogo\/wp-json\/wp\/v2\/product"}],"about":[{"href":"https:\/\/letrame.com\/catalogo\/wp-json\/wp\/v2\/types\/product"}],"replies":[{"embeddable":true,"href":"https:\/\/letrame.com\/catalogo\/wp-json\/wp\/v2\/comments?post=101471"}],"acf:post":[{"embeddable":true,"href":"https:\/\/letrame.com\/catalogo\/wp-json\/wp\/v2\/author_book\/101469"}],"wp:featuredmedia":[{"embeddable":true,"href":"https:\/\/letrame.com\/catalogo\/wp-json\/wp\/v2\/media\/101473"}],"wp:attachment":[{"href":"https:\/\/letrame.com\/catalogo\/wp-json\/wp\/v2\/media?parent=101471"}],"wp:term":[{"taxonomy":"libro","embeddable":true,"href":"https:\/\/letrame.com\/catalogo\/wp-json\/wp\/v2\/libro?post=101471"},{"taxonomy":"product_brand","embeddable":true,"href":"https:\/\/letrame.com\/catalogo\/wp-json\/wp\/v2\/product_brand?post=101471"},{"taxonomy":"product_cat","embeddable":true,"href":"https:\/\/letrame.com\/catalogo\/wp-json\/wp\/v2\/product_cat?post=101471"},{"taxonomy":"product_tag","embeddable":true,"href":"https:\/\/letrame.com\/catalogo\/wp-json\/wp\/v2\/product_tag?post=101471"}],"curies":[{"name":"wp","href":"https:\/\/api.w.org\/{rel}","templated":true}]}}