{"id":101464,"date":"2024-06-20T12:17:13","date_gmt":"2024-06-20T10:17:13","guid":{"rendered":"https:\/\/letrame.com\/catalogo\/?post_type=product&#038;p=101464"},"modified":"2024-06-20T12:17:13","modified_gmt":"2024-06-20T10:17:13","slug":"la-maldicion-del-castillo-de-pena-ramiro","status":"publish","type":"product","link":"https:\/\/letrame.com\/catalogo\/producto\/la-maldicion-del-castillo-de-pena-ramiro\/","title":{"rendered":"La maldici\u00f3n del castillo de Pe\u00f1a Ramiro"},"content":{"rendered":"<p>ISBN:\u00a0978-84-1068-429-4<br \/>\nT\u00edtulo:\u2028La maldici\u00f3n del castillo de Pe\u00f1a Ramiro<br \/>\nFecha:\u20282024<br \/>\nP\u00e1ginas:\u00a0180<br \/>\nSINOPSIS<\/p>\n<p>Felipa, una joven a punto de cumplir los 17 a\u00f1os, se dispone a pasar las vacaciones de verano en casa de su abuelo, en un pueblo dominado por los restos de un viejo castillo. La curiosidad de la joven hace que, por azar, descubra las memorias de don Toribio, un antiguo p\u00e1rroco del pueblo.<br \/>\nA partir de ah\u00ed, Felipa se ve arrastrada a descubrir el secreto que guarda el castillo y a afrontar la maldici\u00f3n que desde hace casi mil seiscientos a\u00f1os pende sobre quienes osen perturbarlo. <\/p>\n","protected":false},"excerpt":{"rendered":"<p>ISBN:\u00a0978-84-1068-429-4<\/p>\n<p>SINOPSIS<\/p>\n<p>Felipa, una joven a punto de cumplir los 17 a\u00f1os, se dispone a pasar las vacaciones de verano en casa de su abuelo, en un pueblo dominado por los restos de un viejo castillo. La curiosidad de la joven hace que, por azar, descubra las memorias de don Toribio, un antiguo p\u00e1rroco del pueblo.<br \/>\nA partir de ah\u00ed, Felipa se ve arrastrada a descubrir el secreto que guarda el castillo y a afrontar la maldici\u00f3n que desde hace casi mil seiscientos a\u00f1os pende sobre quienes osen perturbarlo. <\/p>\n","protected":false},"featured_media":101467,"comment_status":"open","ping_status":"closed","template":"","meta":{"_acf_changed":false},"libro":[],"product_brand":[],"product_cat":[47],"product_tag":[],"class_list":{"0":"post-101464","1":"product","2":"type-product","3":"status-publish","4":"has-post-thumbnail","6":"product_cat-ciencia-ficcion-misterio","8":"first","9":"instock","10":"shipping-taxable","11":"product-type-simple"},"acf":{"autor":[101465],"enlace_de_compra":"https:\/\/www.casadellibro.com\/libro-la-maldicion-del-castillo-de-pena-ramiro\/9788410684294\/16112275?gclid=CjwKCAjwps-zBhAiEiwALwsVYb691JKiUSeAd0POYifUvH7IhpK_KZgLscHdqS5GHyx6tkqkCj84nhoCIcEQAvD_BwE"},"yoast_head":"<!-- This site is optimized with the Yoast SEO plugin v26.6 - https:\/\/yoast.com\/wordpress\/plugins\/seo\/ -->\n<title>La maldici\u00f3n del castillo de Pe\u00f1a Ramiro - Catalogo | Letrame Grupo Editorial<\/title>\n<meta name=\"robots\" content=\"index, follow, max-snippet:-1, max-image-preview:large, max-video-preview:-1\" \/>\n<link rel=\"canonical\" href=\"https:\/\/letrame.com\/catalogo\/producto\/la-maldicion-del-castillo-de-pena-ramiro\/\" \/>\n<meta property=\"og:locale\" content=\"es_ES\" \/>\n<meta property=\"og:type\" content=\"article\" \/>\n<meta property=\"og:title\" content=\"La maldici\u00f3n del castillo de Pe\u00f1a Ramiro - Catalogo | Letrame Grupo Editorial\" \/>\n<meta property=\"og:description\" content=\"ISBN:\u00a0978-84-1068-429-4  SINOPSIS  Felipa, una joven a punto de cumplir los 17 a\u00f1os, se dispone a pasar las vacaciones de verano en casa de su abuelo, en un pueblo dominado por los restos de un viejo castillo. La curiosidad de la joven hace que, por azar, descubra las memorias de don Toribio, un antiguo p\u00e1rroco del pueblo.  A partir de ah\u00ed, Felipa se ve arrastrada a descubrir el secreto que guarda el castillo y a afrontar la maldici\u00f3n que desde hace casi mil seiscientos a\u00f1os pende sobre quienes osen perturbarlo.\" \/>\n<meta property=\"og:url\" content=\"https:\/\/letrame.com\/catalogo\/producto\/la-maldicion-del-castillo-de-pena-ramiro\/\" \/>\n<meta property=\"og:site_name\" content=\"Catalogo | Letrame Grupo Editorial\" \/>\n<meta property=\"og:image\" content=\"https:\/\/letrame.com\/catalogo\/wp-content\/uploads\/2024\/06\/webp_lamaldicion_1042mm-compressed.jpg\" \/>\n\t<meta property=\"og:image:width\" content=\"1772\" \/>\n\t<meta property=\"og:image:height\" content=\"2480\" \/>\n\t<meta property=\"og:image:type\" content=\"image\/jpeg\" \/>\n<meta name=\"twitter:card\" content=\"summary_large_image\" \/>\n<meta name=\"twitter:label1\" content=\"Tiempo de lectura\" \/>\n\t<meta name=\"twitter:data1\" content=\"1 minuto\" \/>\n<script type=\"application\/ld+json\" class=\"yoast-schema-graph\">{\"@context\":\"https:\/\/schema.org\",\"@graph\":[{\"@type\":\"WebPage\",\"@id\":\"https:\/\/letrame.com\/catalogo\/producto\/la-maldicion-del-castillo-de-pena-ramiro\/\",\"url\":\"https:\/\/letrame.com\/catalogo\/producto\/la-maldicion-del-castillo-de-pena-ramiro\/\",\"name\":\"La maldici\u00f3n del castillo de Pe\u00f1a Ramiro - Catalogo | Letrame Grupo Editorial\",\"isPartOf\":{\"@id\":\"https:\/\/letrame.com\/catalogo\/#website\"},\"primaryImageOfPage\":{\"@id\":\"https:\/\/letrame.com\/catalogo\/producto\/la-maldicion-del-castillo-de-pena-ramiro\/#primaryimage\"},\"image\":{\"@id\":\"https:\/\/letrame.com\/catalogo\/producto\/la-maldicion-del-castillo-de-pena-ramiro\/#primaryimage\"},\"thumbnailUrl\":\"https:\/\/letrame.com\/catalogo\/wp-content\/uploads\/2024\/06\/webp_lamaldicion_1042mm-compressed.jpg\",\"datePublished\":\"2024-06-20T10:17:13+00:00\",\"breadcrumb\":{\"@id\":\"https:\/\/letrame.com\/catalogo\/producto\/la-maldicion-del-castillo-de-pena-ramiro\/#breadcrumb\"},\"inLanguage\":\"es\",\"potentialAction\":[{\"@type\":\"ReadAction\",\"target\":[\"https:\/\/letrame.com\/catalogo\/producto\/la-maldicion-del-castillo-de-pena-ramiro\/\"]}]},{\"@type\":\"ImageObject\",\"inLanguage\":\"es\",\"@id\":\"https:\/\/letrame.com\/catalogo\/producto\/la-maldicion-del-castillo-de-pena-ramiro\/#primaryimage\",\"url\":\"https:\/\/letrame.com\/catalogo\/wp-content\/uploads\/2024\/06\/webp_lamaldicion_1042mm-compressed.jpg\",\"contentUrl\":\"https:\/\/letrame.com\/catalogo\/wp-content\/uploads\/2024\/06\/webp_lamaldicion_1042mm-compressed.jpg\",\"width\":1772,\"height\":2480},{\"@type\":\"BreadcrumbList\",\"@id\":\"https:\/\/letrame.com\/catalogo\/producto\/la-maldicion-del-castillo-de-pena-ramiro\/#breadcrumb\",\"itemListElement\":[{\"@type\":\"ListItem\",\"position\":1,\"name\":\"Portada\",\"item\":\"https:\/\/letrame.com\/catalogo\/\"},{\"@type\":\"ListItem\",\"position\":2,\"name\":\"Cat\u00e1logo\",\"item\":\"https:\/\/letrame.com\/catalogo\/\"},{\"@type\":\"ListItem\",\"position\":3,\"name\":\"La maldici\u00f3n del castillo de Pe\u00f1a Ramiro\"}]},{\"@type\":\"WebSite\",\"@id\":\"https:\/\/letrame.com\/catalogo\/#website\",\"url\":\"https:\/\/letrame.com\/catalogo\/\",\"name\":\"Catalogo | Letrame Grupo Editorial\",\"description\":\"\",\"publisher\":{\"@id\":\"https:\/\/letrame.com\/catalogo\/#organization\"},\"potentialAction\":[{\"@type\":\"SearchAction\",\"target\":{\"@type\":\"EntryPoint\",\"urlTemplate\":\"https:\/\/letrame.com\/catalogo\/?s={search_term_string}\"},\"query-input\":{\"@type\":\"PropertyValueSpecification\",\"valueRequired\":true,\"valueName\":\"search_term_string\"}}],\"inLanguage\":\"es\"},{\"@type\":\"Organization\",\"@id\":\"https:\/\/letrame.com\/catalogo\/#organization\",\"name\":\"Catalogo | Letrame Grupo Editorial\",\"url\":\"https:\/\/letrame.com\/catalogo\/\",\"logo\":{\"@type\":\"ImageObject\",\"inLanguage\":\"es\",\"@id\":\"https:\/\/letrame.com\/catalogo\/#\/schema\/logo\/image\/\",\"url\":\"https:\/\/letrame.com\/catalogo\/wp-content\/uploads\/2024\/03\/logo2.webp\",\"contentUrl\":\"https:\/\/letrame.com\/catalogo\/wp-content\/uploads\/2024\/03\/logo2.webp\",\"width\":394,\"height\":128,\"caption\":\"Catalogo | Letrame Grupo Editorial\"},\"image\":{\"@id\":\"https:\/\/letrame.com\/catalogo\/#\/schema\/logo\/image\/\"}}]}<\/script>\n<!-- \/ Yoast SEO plugin. -->","yoast_head_json":{"title":"La maldici\u00f3n del castillo de Pe\u00f1a Ramiro - Catalogo | Letrame Grupo Editorial","robots":{"index":"index","follow":"follow","max-snippet":"max-snippet:-1","max-image-preview":"max-image-preview:large","max-video-preview":"max-video-preview:-1"},"canonical":"https:\/\/letrame.com\/catalogo\/producto\/la-maldicion-del-castillo-de-pena-ramiro\/","og_locale":"es_ES","og_type":"article","og_title":"La maldici\u00f3n del castillo de Pe\u00f1a Ramiro - Catalogo | Letrame Grupo Editorial","og_description":"ISBN:\u00a0978-84-1068-429-4  SINOPSIS  Felipa, una joven a punto de cumplir los 17 a\u00f1os, se dispone a pasar las vacaciones de verano en casa de su abuelo, en un pueblo dominado por los restos de un viejo castillo. La curiosidad de la joven hace que, por azar, descubra las memorias de don Toribio, un antiguo p\u00e1rroco del pueblo.  A partir de ah\u00ed, Felipa se ve arrastrada a descubrir el secreto que guarda el castillo y a afrontar la maldici\u00f3n que desde hace casi mil seiscientos a\u00f1os pende sobre quienes osen perturbarlo.","og_url":"https:\/\/letrame.com\/catalogo\/producto\/la-maldicion-del-castillo-de-pena-ramiro\/","og_site_name":"Catalogo | Letrame Grupo Editorial","og_image":[{"width":1772,"height":2480,"url":"https:\/\/letrame.com\/catalogo\/wp-content\/uploads\/2024\/06\/webp_lamaldicion_1042mm-compressed.jpg","type":"image\/jpeg"}],"twitter_card":"summary_large_image","twitter_misc":{"Tiempo de lectura":"1 minuto"},"schema":{"@context":"https:\/\/schema.org","@graph":[{"@type":"WebPage","@id":"https:\/\/letrame.com\/catalogo\/producto\/la-maldicion-del-castillo-de-pena-ramiro\/","url":"https:\/\/letrame.com\/catalogo\/producto\/la-maldicion-del-castillo-de-pena-ramiro\/","name":"La maldici\u00f3n del castillo de Pe\u00f1a Ramiro - Catalogo | Letrame Grupo Editorial","isPartOf":{"@id":"https:\/\/letrame.com\/catalogo\/#website"},"primaryImageOfPage":{"@id":"https:\/\/letrame.com\/catalogo\/producto\/la-maldicion-del-castillo-de-pena-ramiro\/#primaryimage"},"image":{"@id":"https:\/\/letrame.com\/catalogo\/producto\/la-maldicion-del-castillo-de-pena-ramiro\/#primaryimage"},"thumbnailUrl":"https:\/\/letrame.com\/catalogo\/wp-content\/uploads\/2024\/06\/webp_lamaldicion_1042mm-compressed.jpg","datePublished":"2024-06-20T10:17:13+00:00","breadcrumb":{"@id":"https:\/\/letrame.com\/catalogo\/producto\/la-maldicion-del-castillo-de-pena-ramiro\/#breadcrumb"},"inLanguage":"es","potentialAction":[{"@type":"ReadAction","target":["https:\/\/letrame.com\/catalogo\/producto\/la-maldicion-del-castillo-de-pena-ramiro\/"]}]},{"@type":"ImageObject","inLanguage":"es","@id":"https:\/\/letrame.com\/catalogo\/producto\/la-maldicion-del-castillo-de-pena-ramiro\/#primaryimage","url":"https:\/\/letrame.com\/catalogo\/wp-content\/uploads\/2024\/06\/webp_lamaldicion_1042mm-compressed.jpg","contentUrl":"https:\/\/letrame.com\/catalogo\/wp-content\/uploads\/2024\/06\/webp_lamaldicion_1042mm-compressed.jpg","width":1772,"height":2480},{"@type":"BreadcrumbList","@id":"https:\/\/letrame.com\/catalogo\/producto\/la-maldicion-del-castillo-de-pena-ramiro\/#breadcrumb","itemListElement":[{"@type":"ListItem","position":1,"name":"Portada","item":"https:\/\/letrame.com\/catalogo\/"},{"@type":"ListItem","position":2,"name":"Cat\u00e1logo","item":"https:\/\/letrame.com\/catalogo\/"},{"@type":"ListItem","position":3,"name":"La maldici\u00f3n del castillo de Pe\u00f1a Ramiro"}]},{"@type":"WebSite","@id":"https:\/\/letrame.com\/catalogo\/#website","url":"https:\/\/letrame.com\/catalogo\/","name":"Catalogo | Letrame Grupo Editorial","description":"","publisher":{"@id":"https:\/\/letrame.com\/catalogo\/#organization"},"potentialAction":[{"@type":"SearchAction","target":{"@type":"EntryPoint","urlTemplate":"https:\/\/letrame.com\/catalogo\/?s={search_term_string}"},"query-input":{"@type":"PropertyValueSpecification","valueRequired":true,"valueName":"search_term_string"}}],"inLanguage":"es"},{"@type":"Organization","@id":"https:\/\/letrame.com\/catalogo\/#organization","name":"Catalogo | Letrame Grupo Editorial","url":"https:\/\/letrame.com\/catalogo\/","logo":{"@type":"ImageObject","inLanguage":"es","@id":"https:\/\/letrame.com\/catalogo\/#\/schema\/logo\/image\/","url":"https:\/\/letrame.com\/catalogo\/wp-content\/uploads\/2024\/03\/logo2.webp","contentUrl":"https:\/\/letrame.com\/catalogo\/wp-content\/uploads\/2024\/03\/logo2.webp","width":394,"height":128,"caption":"Catalogo | Letrame Grupo Editorial"},"image":{"@id":"https:\/\/letrame.com\/catalogo\/#\/schema\/logo\/image\/"}}]}},"_links":{"self":[{"href":"https:\/\/letrame.com\/catalogo\/wp-json\/wp\/v2\/product\/101464","targetHints":{"allow":["GET"]}}],"collection":[{"href":"https:\/\/letrame.com\/catalogo\/wp-json\/wp\/v2\/product"}],"about":[{"href":"https:\/\/letrame.com\/catalogo\/wp-json\/wp\/v2\/types\/product"}],"replies":[{"embeddable":true,"href":"https:\/\/letrame.com\/catalogo\/wp-json\/wp\/v2\/comments?post=101464"}],"acf:post":[{"embeddable":true,"href":"https:\/\/letrame.com\/catalogo\/wp-json\/wp\/v2\/author_book\/101465"}],"wp:featuredmedia":[{"embeddable":true,"href":"https:\/\/letrame.com\/catalogo\/wp-json\/wp\/v2\/media\/101467"}],"wp:attachment":[{"href":"https:\/\/letrame.com\/catalogo\/wp-json\/wp\/v2\/media?parent=101464"}],"wp:term":[{"taxonomy":"libro","embeddable":true,"href":"https:\/\/letrame.com\/catalogo\/wp-json\/wp\/v2\/libro?post=101464"},{"taxonomy":"product_brand","embeddable":true,"href":"https:\/\/letrame.com\/catalogo\/wp-json\/wp\/v2\/product_brand?post=101464"},{"taxonomy":"product_cat","embeddable":true,"href":"https:\/\/letrame.com\/catalogo\/wp-json\/wp\/v2\/product_cat?post=101464"},{"taxonomy":"product_tag","embeddable":true,"href":"https:\/\/letrame.com\/catalogo\/wp-json\/wp\/v2\/product_tag?post=101464"}],"curies":[{"name":"wp","href":"https:\/\/api.w.org\/{rel}","templated":true}]}}