{"id":101442,"date":"2024-06-18T15:27:16","date_gmt":"2024-06-18T13:27:16","guid":{"rendered":"https:\/\/letrame.com\/catalogo\/?post_type=product&#038;p=101442"},"modified":"2024-06-18T15:27:17","modified_gmt":"2024-06-18T13:27:17","slug":"instantes-sensitivos","status":"publish","type":"product","link":"https:\/\/letrame.com\/catalogo\/producto\/instantes-sensitivos\/","title":{"rendered":"Instantes sensitivos"},"content":{"rendered":"<p>ISBN:\u00a0978-84-1068-291-7<br \/>\nT\u00edtulo:\u2028Instantes sensitivos<br \/>\nFecha:\u20282024<br \/>\nP\u00e1ginas:\u00a078<br \/>\nSINOPSIS<\/p>\n<p>\u00abSirvan estos versos, solo para amarte, aunque no s\u00e9 en realidad qui\u00e9n eres\u00bb.<\/p>\n<p>Este poemario tiene como hilo conductor las sensaciones que me producen las mujeres, un tema, que, para m\u00ed, es el m\u00e1s po\u00e9tico que existe en la vida humana. El amor, el erotismo y sus variantes, incluyendo la ausencia y la desesperaci\u00f3n, son un material insustituible de la literatura, en especial de la poes\u00eda. Abordo estos sentimientos, desde la introspecci\u00f3n y el psicoan\u00e1lisis, del cual tambi\u00e9n soy gran lector. Tengo preferencia por la poes\u00eda rimada y los efectos ret\u00f3ricos, especies en extinci\u00f3n en los poemas actuales, las cuales quiero defender. El mal de amores me llev\u00f3, desde joven, a escribir y contin\u00faa siendo una de mis principales motivaciones de escritura. Este libro es un registro de sensaciones intensas y especiales que me provocan todo tipo de mujeres, algunas conocidas, antiguas amigas, relaciones pasadas, artistas famosas, incluso personajes imaginarios. <\/p>\n<p>\u00abMientras exista una mujer hermosa, habr\u00e1 poes\u00eda\u00bb<br \/>\nG.A. Becquer.<\/p>\n","protected":false},"excerpt":{"rendered":"<p>ISBN:\u00a0978-84-1068-291-7<\/p>\n<p>SINOPSIS<\/p>\n<p>\u00abSirvan estos versos, solo para amarte, aunque no s\u00e9 en realidad qui\u00e9n eres\u00bb.<\/p>\n<p>Este poemario tiene como hilo conductor las sensaciones que me producen las mujeres, un tema, que, para m\u00ed, es el m\u00e1s po\u00e9tico que existe en la vida humana. El amor, el erotismo y sus variantes, incluyendo la ausencia y la desesperaci\u00f3n, son un material insustituible de la literatura, en especial de la poes\u00eda. Abordo estos sentimientos, desde la introspecci\u00f3n y el psicoan\u00e1lisis, del cual tambi\u00e9n soy gran lector. Tengo preferencia por la poes\u00eda rimada y los efectos ret\u00f3ricos, especies en extinci\u00f3n en los poemas actuales, las cuales quiero defender. El mal de amores me llev\u00f3, desde joven, a escribir y contin\u00faa siendo una de mis principales motivaciones de escritura. Este libro es un registro de sensaciones intensas y especiales que me provocan todo tipo de mujeres, algunas conocidas, antiguas amigas, relaciones pasadas, artistas famosas, incluso personajes imaginarios. <\/p>\n<p>\u00abMientras exista una mujer hermosa, habr\u00e1 poes\u00eda\u00bb<br \/>\nG.A. Becquer.<\/p>\n","protected":false},"featured_media":101445,"comment_status":"open","ping_status":"closed","template":"","meta":{"_acf_changed":false},"libro":[],"product_brand":[],"product_cat":[20],"product_tag":[],"class_list":{"0":"post-101442","1":"product","2":"type-product","3":"status-publish","4":"has-post-thumbnail","6":"product_cat-poesia","8":"first","9":"instock","10":"shipping-taxable","11":"product-type-simple"},"acf":{"autor":[101441],"enlace_de_compra":"https:\/\/www.casadellibro.com\/libro-instantes-sensitivos\/9788410682917\/16087636?gclid=Cj0KCQjw4MSzBhC8ARIsAPFOuyXeRQlcHj8RMHRA9FQN5K1IewzhyggBrvpuZo_9doJLS2pwkYyzmisaAn2bEALw_wcB"},"yoast_head":"<!-- This site is optimized with the Yoast SEO plugin v27.4 - https:\/\/yoast.com\/product\/yoast-seo-wordpress\/ -->\n<title>Instantes sensitivos - Catalogo | Letrame Grupo Editorial<\/title>\n<meta name=\"robots\" content=\"index, follow, max-snippet:-1, max-image-preview:large, max-video-preview:-1\" \/>\n<link rel=\"canonical\" href=\"https:\/\/letrame.com\/catalogo\/producto\/instantes-sensitivos\/\" \/>\n<meta property=\"og:locale\" content=\"es_ES\" \/>\n<meta property=\"og:type\" content=\"article\" \/>\n<meta property=\"og:title\" content=\"Instantes sensitivos - Catalogo | Letrame Grupo Editorial\" \/>\n<meta property=\"og:description\" content=\"ISBN:\u00a0978-84-1068-291-7  SINOPSIS  \u00abSirvan estos versos, solo para amarte, aunque no s\u00e9 en realidad qui\u00e9n eres\u00bb.  Este poemario tiene como hilo conductor las sensaciones que me producen las mujeres, un tema, que, para m\u00ed, es el m\u00e1s po\u00e9tico que existe en la vida humana. El amor, el erotismo y sus variantes, incluyendo la ausencia y la desesperaci\u00f3n, son un material insustituible de la literatura, en especial de la poes\u00eda. Abordo estos sentimientos, desde la introspecci\u00f3n y el psicoan\u00e1lisis, del cual tambi\u00e9n soy gran lector. Tengo preferencia por la poes\u00eda rimada y los efectos ret\u00f3ricos, especies en extinci\u00f3n en los poemas actuales, las cuales quiero defender. El mal de amores me llev\u00f3, desde joven, a escribir y contin\u00faa siendo una de mis principales motivaciones de escritura. Este libro es un registro de sensaciones intensas y especiales que me provocan todo tipo de mujeres, algunas conocidas, antiguas amigas, relaciones pasadas, artistas famosas, incluso personajes imaginarios.   \u00abMientras exista una mujer hermosa, habr\u00e1 poes\u00eda\u00bb G.A. Becquer.\" \/>\n<meta property=\"og:url\" content=\"https:\/\/letrame.com\/catalogo\/producto\/instantes-sensitivos\/\" \/>\n<meta property=\"og:site_name\" content=\"Catalogo | Letrame Grupo Editorial\" \/>\n<meta property=\"article:modified_time\" content=\"2024-06-18T13:27:17+00:00\" \/>\n<meta property=\"og:image\" content=\"https:\/\/letrame.com\/catalogo\/wp-content\/uploads\/2024\/06\/webp_instantessensitivos_467mm-compressed.jpg\" \/>\n\t<meta property=\"og:image:width\" content=\"1633\" \/>\n\t<meta property=\"og:image:height\" content=\"2362\" \/>\n\t<meta property=\"og:image:type\" content=\"image\/jpeg\" \/>\n<meta name=\"twitter:card\" content=\"summary_large_image\" \/>\n<meta name=\"twitter:label1\" content=\"Tiempo de lectura\" \/>\n\t<meta name=\"twitter:data1\" content=\"1 minuto\" \/>\n<script type=\"application\/ld+json\" class=\"yoast-schema-graph\">{\"@context\":\"https:\\\/\\\/schema.org\",\"@graph\":[{\"@type\":\"WebPage\",\"@id\":\"https:\\\/\\\/letrame.com\\\/catalogo\\\/producto\\\/instantes-sensitivos\\\/\",\"url\":\"https:\\\/\\\/letrame.com\\\/catalogo\\\/producto\\\/instantes-sensitivos\\\/\",\"name\":\"Instantes sensitivos - Catalogo | Letrame Grupo Editorial\",\"isPartOf\":{\"@id\":\"https:\\\/\\\/letrame.com\\\/catalogo\\\/#website\"},\"primaryImageOfPage\":{\"@id\":\"https:\\\/\\\/letrame.com\\\/catalogo\\\/producto\\\/instantes-sensitivos\\\/#primaryimage\"},\"image\":{\"@id\":\"https:\\\/\\\/letrame.com\\\/catalogo\\\/producto\\\/instantes-sensitivos\\\/#primaryimage\"},\"thumbnailUrl\":\"https:\\\/\\\/letrame.com\\\/catalogo\\\/wp-content\\\/uploads\\\/2024\\\/06\\\/webp_instantessensitivos_467mm-compressed.jpg\",\"datePublished\":\"2024-06-18T13:27:16+00:00\",\"dateModified\":\"2024-06-18T13:27:17+00:00\",\"breadcrumb\":{\"@id\":\"https:\\\/\\\/letrame.com\\\/catalogo\\\/producto\\\/instantes-sensitivos\\\/#breadcrumb\"},\"inLanguage\":\"es\",\"potentialAction\":[{\"@type\":\"ReadAction\",\"target\":[\"https:\\\/\\\/letrame.com\\\/catalogo\\\/producto\\\/instantes-sensitivos\\\/\"]}]},{\"@type\":\"ImageObject\",\"inLanguage\":\"es\",\"@id\":\"https:\\\/\\\/letrame.com\\\/catalogo\\\/producto\\\/instantes-sensitivos\\\/#primaryimage\",\"url\":\"https:\\\/\\\/letrame.com\\\/catalogo\\\/wp-content\\\/uploads\\\/2024\\\/06\\\/webp_instantessensitivos_467mm-compressed.jpg\",\"contentUrl\":\"https:\\\/\\\/letrame.com\\\/catalogo\\\/wp-content\\\/uploads\\\/2024\\\/06\\\/webp_instantessensitivos_467mm-compressed.jpg\",\"width\":1633,\"height\":2362},{\"@type\":\"BreadcrumbList\",\"@id\":\"https:\\\/\\\/letrame.com\\\/catalogo\\\/producto\\\/instantes-sensitivos\\\/#breadcrumb\",\"itemListElement\":[{\"@type\":\"ListItem\",\"position\":1,\"name\":\"Portada\",\"item\":\"https:\\\/\\\/letrame.com\\\/catalogo\\\/\"},{\"@type\":\"ListItem\",\"position\":2,\"name\":\"Cat\u00e1logo\",\"item\":\"https:\\\/\\\/letrame.com\\\/catalogo\\\/\"},{\"@type\":\"ListItem\",\"position\":3,\"name\":\"Instantes sensitivos\"}]},{\"@type\":\"WebSite\",\"@id\":\"https:\\\/\\\/letrame.com\\\/catalogo\\\/#website\",\"url\":\"https:\\\/\\\/letrame.com\\\/catalogo\\\/\",\"name\":\"Catalogo | Letrame Grupo Editorial\",\"description\":\"\",\"publisher\":{\"@id\":\"https:\\\/\\\/letrame.com\\\/catalogo\\\/#organization\"},\"potentialAction\":[{\"@type\":\"SearchAction\",\"target\":{\"@type\":\"EntryPoint\",\"urlTemplate\":\"https:\\\/\\\/letrame.com\\\/catalogo\\\/?s={search_term_string}\"},\"query-input\":{\"@type\":\"PropertyValueSpecification\",\"valueRequired\":true,\"valueName\":\"search_term_string\"}}],\"inLanguage\":\"es\"},{\"@type\":\"Organization\",\"@id\":\"https:\\\/\\\/letrame.com\\\/catalogo\\\/#organization\",\"name\":\"Catalogo | Letrame Grupo Editorial\",\"url\":\"https:\\\/\\\/letrame.com\\\/catalogo\\\/\",\"logo\":{\"@type\":\"ImageObject\",\"inLanguage\":\"es\",\"@id\":\"https:\\\/\\\/letrame.com\\\/catalogo\\\/#\\\/schema\\\/logo\\\/image\\\/\",\"url\":\"https:\\\/\\\/letrame.com\\\/catalogo\\\/wp-content\\\/uploads\\\/2024\\\/03\\\/logo2.webp\",\"contentUrl\":\"https:\\\/\\\/letrame.com\\\/catalogo\\\/wp-content\\\/uploads\\\/2024\\\/03\\\/logo2.webp\",\"width\":394,\"height\":128,\"caption\":\"Catalogo | Letrame Grupo Editorial\"},\"image\":{\"@id\":\"https:\\\/\\\/letrame.com\\\/catalogo\\\/#\\\/schema\\\/logo\\\/image\\\/\"}}]}<\/script>\n<!-- \/ Yoast SEO plugin. -->","yoast_head_json":{"title":"Instantes sensitivos - Catalogo | Letrame Grupo Editorial","robots":{"index":"index","follow":"follow","max-snippet":"max-snippet:-1","max-image-preview":"max-image-preview:large","max-video-preview":"max-video-preview:-1"},"canonical":"https:\/\/letrame.com\/catalogo\/producto\/instantes-sensitivos\/","og_locale":"es_ES","og_type":"article","og_title":"Instantes sensitivos - Catalogo | Letrame Grupo Editorial","og_description":"ISBN:\u00a0978-84-1068-291-7  SINOPSIS  \u00abSirvan estos versos, solo para amarte, aunque no s\u00e9 en realidad qui\u00e9n eres\u00bb.  Este poemario tiene como hilo conductor las sensaciones que me producen las mujeres, un tema, que, para m\u00ed, es el m\u00e1s po\u00e9tico que existe en la vida humana. El amor, el erotismo y sus variantes, incluyendo la ausencia y la desesperaci\u00f3n, son un material insustituible de la literatura, en especial de la poes\u00eda. Abordo estos sentimientos, desde la introspecci\u00f3n y el psicoan\u00e1lisis, del cual tambi\u00e9n soy gran lector. Tengo preferencia por la poes\u00eda rimada y los efectos ret\u00f3ricos, especies en extinci\u00f3n en los poemas actuales, las cuales quiero defender. El mal de amores me llev\u00f3, desde joven, a escribir y contin\u00faa siendo una de mis principales motivaciones de escritura. Este libro es un registro de sensaciones intensas y especiales que me provocan todo tipo de mujeres, algunas conocidas, antiguas amigas, relaciones pasadas, artistas famosas, incluso personajes imaginarios.   \u00abMientras exista una mujer hermosa, habr\u00e1 poes\u00eda\u00bb G.A. Becquer.","og_url":"https:\/\/letrame.com\/catalogo\/producto\/instantes-sensitivos\/","og_site_name":"Catalogo | Letrame Grupo Editorial","article_modified_time":"2024-06-18T13:27:17+00:00","og_image":[{"width":1633,"height":2362,"url":"https:\/\/letrame.com\/catalogo\/wp-content\/uploads\/2024\/06\/webp_instantessensitivos_467mm-compressed.jpg","type":"image\/jpeg"}],"twitter_card":"summary_large_image","twitter_misc":{"Tiempo de lectura":"1 minuto"},"schema":{"@context":"https:\/\/schema.org","@graph":[{"@type":"WebPage","@id":"https:\/\/letrame.com\/catalogo\/producto\/instantes-sensitivos\/","url":"https:\/\/letrame.com\/catalogo\/producto\/instantes-sensitivos\/","name":"Instantes sensitivos - Catalogo | Letrame Grupo Editorial","isPartOf":{"@id":"https:\/\/letrame.com\/catalogo\/#website"},"primaryImageOfPage":{"@id":"https:\/\/letrame.com\/catalogo\/producto\/instantes-sensitivos\/#primaryimage"},"image":{"@id":"https:\/\/letrame.com\/catalogo\/producto\/instantes-sensitivos\/#primaryimage"},"thumbnailUrl":"https:\/\/letrame.com\/catalogo\/wp-content\/uploads\/2024\/06\/webp_instantessensitivos_467mm-compressed.jpg","datePublished":"2024-06-18T13:27:16+00:00","dateModified":"2024-06-18T13:27:17+00:00","breadcrumb":{"@id":"https:\/\/letrame.com\/catalogo\/producto\/instantes-sensitivos\/#breadcrumb"},"inLanguage":"es","potentialAction":[{"@type":"ReadAction","target":["https:\/\/letrame.com\/catalogo\/producto\/instantes-sensitivos\/"]}]},{"@type":"ImageObject","inLanguage":"es","@id":"https:\/\/letrame.com\/catalogo\/producto\/instantes-sensitivos\/#primaryimage","url":"https:\/\/letrame.com\/catalogo\/wp-content\/uploads\/2024\/06\/webp_instantessensitivos_467mm-compressed.jpg","contentUrl":"https:\/\/letrame.com\/catalogo\/wp-content\/uploads\/2024\/06\/webp_instantessensitivos_467mm-compressed.jpg","width":1633,"height":2362},{"@type":"BreadcrumbList","@id":"https:\/\/letrame.com\/catalogo\/producto\/instantes-sensitivos\/#breadcrumb","itemListElement":[{"@type":"ListItem","position":1,"name":"Portada","item":"https:\/\/letrame.com\/catalogo\/"},{"@type":"ListItem","position":2,"name":"Cat\u00e1logo","item":"https:\/\/letrame.com\/catalogo\/"},{"@type":"ListItem","position":3,"name":"Instantes sensitivos"}]},{"@type":"WebSite","@id":"https:\/\/letrame.com\/catalogo\/#website","url":"https:\/\/letrame.com\/catalogo\/","name":"Catalogo | Letrame Grupo Editorial","description":"","publisher":{"@id":"https:\/\/letrame.com\/catalogo\/#organization"},"potentialAction":[{"@type":"SearchAction","target":{"@type":"EntryPoint","urlTemplate":"https:\/\/letrame.com\/catalogo\/?s={search_term_string}"},"query-input":{"@type":"PropertyValueSpecification","valueRequired":true,"valueName":"search_term_string"}}],"inLanguage":"es"},{"@type":"Organization","@id":"https:\/\/letrame.com\/catalogo\/#organization","name":"Catalogo | Letrame Grupo Editorial","url":"https:\/\/letrame.com\/catalogo\/","logo":{"@type":"ImageObject","inLanguage":"es","@id":"https:\/\/letrame.com\/catalogo\/#\/schema\/logo\/image\/","url":"https:\/\/letrame.com\/catalogo\/wp-content\/uploads\/2024\/03\/logo2.webp","contentUrl":"https:\/\/letrame.com\/catalogo\/wp-content\/uploads\/2024\/03\/logo2.webp","width":394,"height":128,"caption":"Catalogo | Letrame Grupo Editorial"},"image":{"@id":"https:\/\/letrame.com\/catalogo\/#\/schema\/logo\/image\/"}}]}},"_links":{"self":[{"href":"https:\/\/letrame.com\/catalogo\/wp-json\/wp\/v2\/product\/101442","targetHints":{"allow":["GET"]}}],"collection":[{"href":"https:\/\/letrame.com\/catalogo\/wp-json\/wp\/v2\/product"}],"about":[{"href":"https:\/\/letrame.com\/catalogo\/wp-json\/wp\/v2\/types\/product"}],"replies":[{"embeddable":true,"href":"https:\/\/letrame.com\/catalogo\/wp-json\/wp\/v2\/comments?post=101442"}],"acf:post":[{"embeddable":true,"href":"https:\/\/letrame.com\/catalogo\/wp-json\/wp\/v2\/author_book\/101441"}],"wp:featuredmedia":[{"embeddable":true,"href":"https:\/\/letrame.com\/catalogo\/wp-json\/wp\/v2\/media\/101445"}],"wp:attachment":[{"href":"https:\/\/letrame.com\/catalogo\/wp-json\/wp\/v2\/media?parent=101442"}],"wp:term":[{"taxonomy":"libro","embeddable":true,"href":"https:\/\/letrame.com\/catalogo\/wp-json\/wp\/v2\/libro?post=101442"},{"taxonomy":"product_brand","embeddable":true,"href":"https:\/\/letrame.com\/catalogo\/wp-json\/wp\/v2\/product_brand?post=101442"},{"taxonomy":"product_cat","embeddable":true,"href":"https:\/\/letrame.com\/catalogo\/wp-json\/wp\/v2\/product_cat?post=101442"},{"taxonomy":"product_tag","embeddable":true,"href":"https:\/\/letrame.com\/catalogo\/wp-json\/wp\/v2\/product_tag?post=101442"}],"curies":[{"name":"wp","href":"https:\/\/api.w.org\/{rel}","templated":true}]}}