{"id":101437,"date":"2024-06-18T15:21:37","date_gmt":"2024-06-18T13:21:37","guid":{"rendered":"https:\/\/letrame.com\/catalogo\/?post_type=product&#038;p=101437"},"modified":"2024-06-18T15:21:37","modified_gmt":"2024-06-18T13:21:37","slug":"las-cronicas-de-arriet","status":"publish","type":"product","link":"https:\/\/letrame.com\/catalogo\/producto\/las-cronicas-de-arriet\/","title":{"rendered":"Las cr\u00f3nicas de Arriet"},"content":{"rendered":"<p>ISBN:\u00a0978-84-1068-354-9<br \/>\nT\u00edtulo:\u2028Las cr\u00f3nicas de Arriet<br \/>\nFecha:\u20282024<br \/>\nP\u00e1ginas:\u00a084<br \/>\nSINOPSIS<\/p>\n<p>Las cr\u00f3nicas de Arriet es un relato vertiginoso que te har\u00e1 viajar por un mundo de intrigas y batallas mentales contra seres alien\u00edgenas que controlan la realidad. Enfrent\u00e1ndose a la opresi\u00f3n de una M\u00e1trix manipulada, el protagonista lucha por la libertad, utilizando la f\u00edsica cu\u00e1ntica como arma y ali\u00e1ndose con seres de otra dimensi\u00f3n. <\/p>\n<p>Con ingenio y coraje, Juan Montesinos, desaf\u00eda las fuerzas que intentan esclavizar la mente humana, desentra\u00f1ando misterios c\u00f3smicos y desafiando las reglas de la realidad tal como las conocemos.<\/p>\n<p>Una odisea que desaf\u00eda los l\u00edmites de la percepci\u00f3n y nos invita a cuestionar nuestra propia existencia. \u00bfQu\u00e9 verdades yacen m\u00e1s all\u00e1 de lo que podemos ver?<\/p>\n","protected":false},"excerpt":{"rendered":"<p>ISBN:\u00a0978-84-1068-354-9<\/p>\n<p>SINOPSIS<\/p>\n<p>Las cr\u00f3nicas de Arriet es un relato vertiginoso que te har\u00e1 viajar por un mundo de intrigas y batallas mentales contra seres alien\u00edgenas que controlan la realidad. Enfrent\u00e1ndose a la opresi\u00f3n de una M\u00e1trix manipulada, el protagonista lucha por la libertad, utilizando la f\u00edsica cu\u00e1ntica como arma y ali\u00e1ndose con seres de otra dimensi\u00f3n. <\/p>\n<p>Con ingenio y coraje, Juan Montesinos, desaf\u00eda las fuerzas que intentan esclavizar la mente humana, desentra\u00f1ando misterios c\u00f3smicos y desafiando las reglas de la realidad tal como las conocemos.<\/p>\n<p>Una odisea que desaf\u00eda los l\u00edmites de la percepci\u00f3n y nos invita a cuestionar nuestra propia existencia. \u00bfQu\u00e9 verdades yacen m\u00e1s all\u00e1 de lo que podemos ver?<\/p>\n","protected":false},"featured_media":101440,"comment_status":"open","ping_status":"closed","template":"","meta":{"_acf_changed":false},"libro":[],"product_brand":[],"product_cat":[47],"product_tag":[],"class_list":{"0":"post-101437","1":"product","2":"type-product","3":"status-publish","4":"has-post-thumbnail","6":"product_cat-ciencia-ficcion-misterio","8":"first","9":"instock","10":"shipping-taxable","11":"product-type-simple"},"acf":{"autor":[101438],"enlace_de_compra":"https:\/\/www.casadellibro.com\/libro-las-cronicas-de-arriet\/9788410683549\/16087635?gclid=Cj0KCQjw4MSzBhC8ARIsAPFOuyXeRQlcHj8RMHRA9FQN5K1IewzhyggBrvpuZo_9doJLS2pwkYyzmisaAn2bEALw_wcB"},"yoast_head":"<!-- This site is optimized with the Yoast SEO plugin v27.4 - https:\/\/yoast.com\/product\/yoast-seo-wordpress\/ -->\n<title>Las cr\u00f3nicas de Arriet - Catalogo | Letrame Grupo Editorial<\/title>\n<meta name=\"robots\" content=\"index, follow, max-snippet:-1, max-image-preview:large, max-video-preview:-1\" \/>\n<link rel=\"canonical\" href=\"https:\/\/letrame.com\/catalogo\/producto\/las-cronicas-de-arriet\/\" \/>\n<meta property=\"og:locale\" content=\"es_ES\" \/>\n<meta property=\"og:type\" content=\"article\" \/>\n<meta property=\"og:title\" content=\"Las cr\u00f3nicas de Arriet - Catalogo | Letrame Grupo Editorial\" \/>\n<meta property=\"og:description\" content=\"ISBN:\u00a0978-84-1068-354-9  SINOPSIS  Las cr\u00f3nicas de Arriet es un relato vertiginoso que te har\u00e1 viajar por un mundo de intrigas y batallas mentales contra seres alien\u00edgenas que controlan la realidad. Enfrent\u00e1ndose a la opresi\u00f3n de una M\u00e1trix manipulada, el protagonista lucha por la libertad, utilizando la f\u00edsica cu\u00e1ntica como arma y ali\u00e1ndose con seres de otra dimensi\u00f3n.   Con ingenio y coraje, Juan Montesinos, desaf\u00eda las fuerzas que intentan esclavizar la mente humana, desentra\u00f1ando misterios c\u00f3smicos y desafiando las reglas de la realidad tal como las conocemos.  Una odisea que desaf\u00eda los l\u00edmites de la percepci\u00f3n y nos invita a cuestionar nuestra propia existencia. \u00bfQu\u00e9 verdades yacen m\u00e1s all\u00e1 de lo que podemos ver?\" \/>\n<meta property=\"og:url\" content=\"https:\/\/letrame.com\/catalogo\/producto\/las-cronicas-de-arriet\/\" \/>\n<meta property=\"og:site_name\" content=\"Catalogo | Letrame Grupo Editorial\" \/>\n<meta property=\"og:image\" content=\"https:\/\/letrame.com\/catalogo\/wp-content\/uploads\/2024\/06\/webp_lascronicas_5mm-compressed.jpg\" \/>\n\t<meta property=\"og:image:width\" content=\"1535\" \/>\n\t<meta property=\"og:image:height\" content=\"2126\" \/>\n\t<meta property=\"og:image:type\" content=\"image\/jpeg\" \/>\n<meta name=\"twitter:card\" content=\"summary_large_image\" \/>\n<meta name=\"twitter:label1\" content=\"Tiempo de lectura\" \/>\n\t<meta name=\"twitter:data1\" content=\"1 minuto\" \/>\n<script type=\"application\/ld+json\" class=\"yoast-schema-graph\">{\"@context\":\"https:\\\/\\\/schema.org\",\"@graph\":[{\"@type\":\"WebPage\",\"@id\":\"https:\\\/\\\/letrame.com\\\/catalogo\\\/producto\\\/las-cronicas-de-arriet\\\/\",\"url\":\"https:\\\/\\\/letrame.com\\\/catalogo\\\/producto\\\/las-cronicas-de-arriet\\\/\",\"name\":\"Las cr\u00f3nicas de Arriet - Catalogo | Letrame Grupo Editorial\",\"isPartOf\":{\"@id\":\"https:\\\/\\\/letrame.com\\\/catalogo\\\/#website\"},\"primaryImageOfPage\":{\"@id\":\"https:\\\/\\\/letrame.com\\\/catalogo\\\/producto\\\/las-cronicas-de-arriet\\\/#primaryimage\"},\"image\":{\"@id\":\"https:\\\/\\\/letrame.com\\\/catalogo\\\/producto\\\/las-cronicas-de-arriet\\\/#primaryimage\"},\"thumbnailUrl\":\"https:\\\/\\\/letrame.com\\\/catalogo\\\/wp-content\\\/uploads\\\/2024\\\/06\\\/webp_lascronicas_5mm-compressed.jpg\",\"datePublished\":\"2024-06-18T13:21:37+00:00\",\"breadcrumb\":{\"@id\":\"https:\\\/\\\/letrame.com\\\/catalogo\\\/producto\\\/las-cronicas-de-arriet\\\/#breadcrumb\"},\"inLanguage\":\"es\",\"potentialAction\":[{\"@type\":\"ReadAction\",\"target\":[\"https:\\\/\\\/letrame.com\\\/catalogo\\\/producto\\\/las-cronicas-de-arriet\\\/\"]}]},{\"@type\":\"ImageObject\",\"inLanguage\":\"es\",\"@id\":\"https:\\\/\\\/letrame.com\\\/catalogo\\\/producto\\\/las-cronicas-de-arriet\\\/#primaryimage\",\"url\":\"https:\\\/\\\/letrame.com\\\/catalogo\\\/wp-content\\\/uploads\\\/2024\\\/06\\\/webp_lascronicas_5mm-compressed.jpg\",\"contentUrl\":\"https:\\\/\\\/letrame.com\\\/catalogo\\\/wp-content\\\/uploads\\\/2024\\\/06\\\/webp_lascronicas_5mm-compressed.jpg\",\"width\":1535,\"height\":2126},{\"@type\":\"BreadcrumbList\",\"@id\":\"https:\\\/\\\/letrame.com\\\/catalogo\\\/producto\\\/las-cronicas-de-arriet\\\/#breadcrumb\",\"itemListElement\":[{\"@type\":\"ListItem\",\"position\":1,\"name\":\"Portada\",\"item\":\"https:\\\/\\\/letrame.com\\\/catalogo\\\/\"},{\"@type\":\"ListItem\",\"position\":2,\"name\":\"Cat\u00e1logo\",\"item\":\"https:\\\/\\\/letrame.com\\\/catalogo\\\/\"},{\"@type\":\"ListItem\",\"position\":3,\"name\":\"Las cr\u00f3nicas de Arriet\"}]},{\"@type\":\"WebSite\",\"@id\":\"https:\\\/\\\/letrame.com\\\/catalogo\\\/#website\",\"url\":\"https:\\\/\\\/letrame.com\\\/catalogo\\\/\",\"name\":\"Catalogo | Letrame Grupo Editorial\",\"description\":\"\",\"publisher\":{\"@id\":\"https:\\\/\\\/letrame.com\\\/catalogo\\\/#organization\"},\"potentialAction\":[{\"@type\":\"SearchAction\",\"target\":{\"@type\":\"EntryPoint\",\"urlTemplate\":\"https:\\\/\\\/letrame.com\\\/catalogo\\\/?s={search_term_string}\"},\"query-input\":{\"@type\":\"PropertyValueSpecification\",\"valueRequired\":true,\"valueName\":\"search_term_string\"}}],\"inLanguage\":\"es\"},{\"@type\":\"Organization\",\"@id\":\"https:\\\/\\\/letrame.com\\\/catalogo\\\/#organization\",\"name\":\"Catalogo | Letrame Grupo Editorial\",\"url\":\"https:\\\/\\\/letrame.com\\\/catalogo\\\/\",\"logo\":{\"@type\":\"ImageObject\",\"inLanguage\":\"es\",\"@id\":\"https:\\\/\\\/letrame.com\\\/catalogo\\\/#\\\/schema\\\/logo\\\/image\\\/\",\"url\":\"https:\\\/\\\/letrame.com\\\/catalogo\\\/wp-content\\\/uploads\\\/2024\\\/03\\\/logo2.webp\",\"contentUrl\":\"https:\\\/\\\/letrame.com\\\/catalogo\\\/wp-content\\\/uploads\\\/2024\\\/03\\\/logo2.webp\",\"width\":394,\"height\":128,\"caption\":\"Catalogo | Letrame Grupo Editorial\"},\"image\":{\"@id\":\"https:\\\/\\\/letrame.com\\\/catalogo\\\/#\\\/schema\\\/logo\\\/image\\\/\"}}]}<\/script>\n<!-- \/ Yoast SEO plugin. -->","yoast_head_json":{"title":"Las cr\u00f3nicas de Arriet - Catalogo | Letrame Grupo Editorial","robots":{"index":"index","follow":"follow","max-snippet":"max-snippet:-1","max-image-preview":"max-image-preview:large","max-video-preview":"max-video-preview:-1"},"canonical":"https:\/\/letrame.com\/catalogo\/producto\/las-cronicas-de-arriet\/","og_locale":"es_ES","og_type":"article","og_title":"Las cr\u00f3nicas de Arriet - Catalogo | Letrame Grupo Editorial","og_description":"ISBN:\u00a0978-84-1068-354-9  SINOPSIS  Las cr\u00f3nicas de Arriet es un relato vertiginoso que te har\u00e1 viajar por un mundo de intrigas y batallas mentales contra seres alien\u00edgenas que controlan la realidad. Enfrent\u00e1ndose a la opresi\u00f3n de una M\u00e1trix manipulada, el protagonista lucha por la libertad, utilizando la f\u00edsica cu\u00e1ntica como arma y ali\u00e1ndose con seres de otra dimensi\u00f3n.   Con ingenio y coraje, Juan Montesinos, desaf\u00eda las fuerzas que intentan esclavizar la mente humana, desentra\u00f1ando misterios c\u00f3smicos y desafiando las reglas de la realidad tal como las conocemos.  Una odisea que desaf\u00eda los l\u00edmites de la percepci\u00f3n y nos invita a cuestionar nuestra propia existencia. \u00bfQu\u00e9 verdades yacen m\u00e1s all\u00e1 de lo que podemos ver?","og_url":"https:\/\/letrame.com\/catalogo\/producto\/las-cronicas-de-arriet\/","og_site_name":"Catalogo | Letrame Grupo Editorial","og_image":[{"width":1535,"height":2126,"url":"https:\/\/letrame.com\/catalogo\/wp-content\/uploads\/2024\/06\/webp_lascronicas_5mm-compressed.jpg","type":"image\/jpeg"}],"twitter_card":"summary_large_image","twitter_misc":{"Tiempo de lectura":"1 minuto"},"schema":{"@context":"https:\/\/schema.org","@graph":[{"@type":"WebPage","@id":"https:\/\/letrame.com\/catalogo\/producto\/las-cronicas-de-arriet\/","url":"https:\/\/letrame.com\/catalogo\/producto\/las-cronicas-de-arriet\/","name":"Las cr\u00f3nicas de Arriet - Catalogo | Letrame Grupo Editorial","isPartOf":{"@id":"https:\/\/letrame.com\/catalogo\/#website"},"primaryImageOfPage":{"@id":"https:\/\/letrame.com\/catalogo\/producto\/las-cronicas-de-arriet\/#primaryimage"},"image":{"@id":"https:\/\/letrame.com\/catalogo\/producto\/las-cronicas-de-arriet\/#primaryimage"},"thumbnailUrl":"https:\/\/letrame.com\/catalogo\/wp-content\/uploads\/2024\/06\/webp_lascronicas_5mm-compressed.jpg","datePublished":"2024-06-18T13:21:37+00:00","breadcrumb":{"@id":"https:\/\/letrame.com\/catalogo\/producto\/las-cronicas-de-arriet\/#breadcrumb"},"inLanguage":"es","potentialAction":[{"@type":"ReadAction","target":["https:\/\/letrame.com\/catalogo\/producto\/las-cronicas-de-arriet\/"]}]},{"@type":"ImageObject","inLanguage":"es","@id":"https:\/\/letrame.com\/catalogo\/producto\/las-cronicas-de-arriet\/#primaryimage","url":"https:\/\/letrame.com\/catalogo\/wp-content\/uploads\/2024\/06\/webp_lascronicas_5mm-compressed.jpg","contentUrl":"https:\/\/letrame.com\/catalogo\/wp-content\/uploads\/2024\/06\/webp_lascronicas_5mm-compressed.jpg","width":1535,"height":2126},{"@type":"BreadcrumbList","@id":"https:\/\/letrame.com\/catalogo\/producto\/las-cronicas-de-arriet\/#breadcrumb","itemListElement":[{"@type":"ListItem","position":1,"name":"Portada","item":"https:\/\/letrame.com\/catalogo\/"},{"@type":"ListItem","position":2,"name":"Cat\u00e1logo","item":"https:\/\/letrame.com\/catalogo\/"},{"@type":"ListItem","position":3,"name":"Las cr\u00f3nicas de Arriet"}]},{"@type":"WebSite","@id":"https:\/\/letrame.com\/catalogo\/#website","url":"https:\/\/letrame.com\/catalogo\/","name":"Catalogo | Letrame Grupo Editorial","description":"","publisher":{"@id":"https:\/\/letrame.com\/catalogo\/#organization"},"potentialAction":[{"@type":"SearchAction","target":{"@type":"EntryPoint","urlTemplate":"https:\/\/letrame.com\/catalogo\/?s={search_term_string}"},"query-input":{"@type":"PropertyValueSpecification","valueRequired":true,"valueName":"search_term_string"}}],"inLanguage":"es"},{"@type":"Organization","@id":"https:\/\/letrame.com\/catalogo\/#organization","name":"Catalogo | Letrame Grupo Editorial","url":"https:\/\/letrame.com\/catalogo\/","logo":{"@type":"ImageObject","inLanguage":"es","@id":"https:\/\/letrame.com\/catalogo\/#\/schema\/logo\/image\/","url":"https:\/\/letrame.com\/catalogo\/wp-content\/uploads\/2024\/03\/logo2.webp","contentUrl":"https:\/\/letrame.com\/catalogo\/wp-content\/uploads\/2024\/03\/logo2.webp","width":394,"height":128,"caption":"Catalogo | Letrame Grupo Editorial"},"image":{"@id":"https:\/\/letrame.com\/catalogo\/#\/schema\/logo\/image\/"}}]}},"_links":{"self":[{"href":"https:\/\/letrame.com\/catalogo\/wp-json\/wp\/v2\/product\/101437","targetHints":{"allow":["GET"]}}],"collection":[{"href":"https:\/\/letrame.com\/catalogo\/wp-json\/wp\/v2\/product"}],"about":[{"href":"https:\/\/letrame.com\/catalogo\/wp-json\/wp\/v2\/types\/product"}],"replies":[{"embeddable":true,"href":"https:\/\/letrame.com\/catalogo\/wp-json\/wp\/v2\/comments?post=101437"}],"acf:post":[{"embeddable":true,"href":"https:\/\/letrame.com\/catalogo\/wp-json\/wp\/v2\/author_book\/101438"}],"wp:featuredmedia":[{"embeddable":true,"href":"https:\/\/letrame.com\/catalogo\/wp-json\/wp\/v2\/media\/101440"}],"wp:attachment":[{"href":"https:\/\/letrame.com\/catalogo\/wp-json\/wp\/v2\/media?parent=101437"}],"wp:term":[{"taxonomy":"libro","embeddable":true,"href":"https:\/\/letrame.com\/catalogo\/wp-json\/wp\/v2\/libro?post=101437"},{"taxonomy":"product_brand","embeddable":true,"href":"https:\/\/letrame.com\/catalogo\/wp-json\/wp\/v2\/product_brand?post=101437"},{"taxonomy":"product_cat","embeddable":true,"href":"https:\/\/letrame.com\/catalogo\/wp-json\/wp\/v2\/product_cat?post=101437"},{"taxonomy":"product_tag","embeddable":true,"href":"https:\/\/letrame.com\/catalogo\/wp-json\/wp\/v2\/product_tag?post=101437"}],"curies":[{"name":"wp","href":"https:\/\/api.w.org\/{rel}","templated":true}]}}