{"id":101427,"date":"2024-06-18T13:24:55","date_gmt":"2024-06-18T11:24:55","guid":{"rendered":"https:\/\/letrame.com\/catalogo\/?post_type=product&#038;p=101427"},"modified":"2024-06-18T14:56:54","modified_gmt":"2024-06-18T12:56:54","slug":"nuestro-origen-la-raiz-de-nuestro-presente","status":"publish","type":"product","link":"https:\/\/letrame.com\/catalogo\/producto\/nuestro-origen-la-raiz-de-nuestro-presente\/","title":{"rendered":"Nuestro Origen. La ra\u00edz de nuestro presente"},"content":{"rendered":"<p>ISBN:\u00a0978-84-1068-014-2<br \/>\nT\u00edtulo:\u2028Nuestro Origen. La ra\u00edz de nuestro presente<br \/>\nFecha:\u20282024<br \/>\nP\u00e1ginas:\u00a0194<\/p>\n<p>SINOPSIS<\/p>\n<p>La presente obra narra la historia real de una pareja oriunda de Bucaramanga (Colombia), H\u00e9ctor y Alcira, quienes, tras conocerse, enamorarse y casarse, su relaci\u00f3n fue prohibida debido a los conceptos que ten\u00edan cada una de sus familias. Esos conceptos eran principalmente diferencias de ideolog\u00edas pol\u00edticas en plena \u00e9poca de la violencia en Colombia entre liberales y conservadores. A pesar de la censura, su matrimonio fue la clave en el desarrollo y estabilidad de toda la familia involucrada, en la que un alto porcentaje de ellos terminaron haciendo sus vidas en Barranquilla, ciudad donde ellos se mudaron una vez casados. Por eso la importancia de ese matrimonio prohibido que despu\u00e9s se convertir\u00eda en la ra\u00edz de nuestro presente, de todos.<\/p>\n","protected":false},"excerpt":{"rendered":"<p>ISBN:\u00a0978-84-1068-014-2<\/p>\n<p>SINOPSIS<\/p>\n<p>La presente obra narra la historia real de una pareja oriunda de Bucaramanga (Colombia), H\u00e9ctor y Alcira, quienes, tras conocerse, enamorarse y casarse, su relaci\u00f3n fue prohibida debido a los conceptos que ten\u00edan cada una de sus familias. Esos conceptos eran principalmente diferencias de ideolog\u00edas pol\u00edticas en plena \u00e9poca de la violencia en Colombia entre liberales y conservadores. A pesar de la censura, su matrimonio fue la clave en el desarrollo y estabilidad de toda la familia involucrada, en la que un alto porcentaje de ellos terminaron haciendo sus vidas en Barranquilla, ciudad donde ellos se mudaron una vez casados. Por eso la importancia de ese matrimonio prohibido que despu\u00e9s se convertir\u00eda en la ra\u00edz de nuestro presente, de todos.<\/p>\n","protected":false},"featured_media":101431,"comment_status":"open","ping_status":"closed","template":"","meta":{"_acf_changed":false},"libro":[],"product_brand":[],"product_cat":[29],"product_tag":[],"class_list":{"0":"post-101427","1":"product","2":"type-product","3":"status-publish","4":"has-post-thumbnail","6":"product_cat-novela-historica","8":"first","9":"instock","10":"shipping-taxable","11":"product-type-simple"},"acf":{"autor":[101428],"enlace_de_compra":"https:\/\/www.casadellibro.com\/libro-nuestro-origen\/9788410680142\/16101500?gclid=Cj0KCQjw4MSzBhC8ARIsAPFOuyXeRQlcHj8RMHRA9FQN5K1IewzhyggBrvpuZo_9doJLS2pwkYyzmisaAn2bEALw_wcB"},"yoast_head":"<!-- This site is optimized with the Yoast SEO plugin v27.4 - https:\/\/yoast.com\/product\/yoast-seo-wordpress\/ -->\n<title>Nuestro Origen. La ra\u00edz de nuestro presente - Catalogo | Letrame Grupo Editorial<\/title>\n<meta name=\"robots\" content=\"index, follow, max-snippet:-1, max-image-preview:large, max-video-preview:-1\" \/>\n<link rel=\"canonical\" href=\"https:\/\/letrame.com\/catalogo\/producto\/nuestro-origen-la-raiz-de-nuestro-presente\/\" \/>\n<meta property=\"og:locale\" content=\"es_ES\" \/>\n<meta property=\"og:type\" content=\"article\" \/>\n<meta property=\"og:title\" content=\"Nuestro Origen. La ra\u00edz de nuestro presente - Catalogo | Letrame Grupo Editorial\" \/>\n<meta property=\"og:description\" content=\"ISBN:\u00a0978-84-1068-014-2  SINOPSIS  La presente obra narra la historia real de una pareja oriunda de Bucaramanga (Colombia), H\u00e9ctor y Alcira, quienes, tras conocerse, enamorarse y casarse, su relaci\u00f3n fue prohibida debido a los conceptos que ten\u00edan cada una de sus familias. Esos conceptos eran principalmente diferencias de ideolog\u00edas pol\u00edticas en plena \u00e9poca de la violencia en Colombia entre liberales y conservadores. A pesar de la censura, su matrimonio fue la clave en el desarrollo y estabilidad de toda la familia involucrada, en la que un alto porcentaje de ellos terminaron haciendo sus vidas en Barranquilla, ciudad donde ellos se mudaron una vez casados. Por eso la importancia de ese matrimonio prohibido que despu\u00e9s se convertir\u00eda en la ra\u00edz de nuestro presente, de todos.\" \/>\n<meta property=\"og:url\" content=\"https:\/\/letrame.com\/catalogo\/producto\/nuestro-origen-la-raiz-de-nuestro-presente\/\" \/>\n<meta property=\"og:site_name\" content=\"Catalogo | Letrame Grupo Editorial\" \/>\n<meta property=\"article:modified_time\" content=\"2024-06-18T12:56:54+00:00\" \/>\n<meta property=\"og:image\" content=\"https:\/\/letrame.com\/catalogo\/wp-content\/uploads\/2024\/06\/webp_nuestroorigen_1075mm-compressed-scaled.jpg\" \/>\n\t<meta property=\"og:image:width\" content=\"1746\" \/>\n\t<meta property=\"og:image:height\" content=\"2560\" \/>\n\t<meta property=\"og:image:type\" content=\"image\/jpeg\" \/>\n<meta name=\"twitter:card\" content=\"summary_large_image\" \/>\n<meta name=\"twitter:label1\" content=\"Tiempo de lectura\" \/>\n\t<meta name=\"twitter:data1\" content=\"1 minuto\" \/>\n<script type=\"application\/ld+json\" class=\"yoast-schema-graph\">{\"@context\":\"https:\\\/\\\/schema.org\",\"@graph\":[{\"@type\":\"WebPage\",\"@id\":\"https:\\\/\\\/letrame.com\\\/catalogo\\\/producto\\\/nuestro-origen-la-raiz-de-nuestro-presente\\\/\",\"url\":\"https:\\\/\\\/letrame.com\\\/catalogo\\\/producto\\\/nuestro-origen-la-raiz-de-nuestro-presente\\\/\",\"name\":\"Nuestro Origen. La ra\u00edz de nuestro presente - Catalogo | Letrame Grupo Editorial\",\"isPartOf\":{\"@id\":\"https:\\\/\\\/letrame.com\\\/catalogo\\\/#website\"},\"primaryImageOfPage\":{\"@id\":\"https:\\\/\\\/letrame.com\\\/catalogo\\\/producto\\\/nuestro-origen-la-raiz-de-nuestro-presente\\\/#primaryimage\"},\"image\":{\"@id\":\"https:\\\/\\\/letrame.com\\\/catalogo\\\/producto\\\/nuestro-origen-la-raiz-de-nuestro-presente\\\/#primaryimage\"},\"thumbnailUrl\":\"https:\\\/\\\/letrame.com\\\/catalogo\\\/wp-content\\\/uploads\\\/2024\\\/06\\\/webp_nuestroorigen_1075mm-compressed-scaled.jpg\",\"datePublished\":\"2024-06-18T11:24:55+00:00\",\"dateModified\":\"2024-06-18T12:56:54+00:00\",\"breadcrumb\":{\"@id\":\"https:\\\/\\\/letrame.com\\\/catalogo\\\/producto\\\/nuestro-origen-la-raiz-de-nuestro-presente\\\/#breadcrumb\"},\"inLanguage\":\"es\",\"potentialAction\":[{\"@type\":\"ReadAction\",\"target\":[\"https:\\\/\\\/letrame.com\\\/catalogo\\\/producto\\\/nuestro-origen-la-raiz-de-nuestro-presente\\\/\"]}]},{\"@type\":\"ImageObject\",\"inLanguage\":\"es\",\"@id\":\"https:\\\/\\\/letrame.com\\\/catalogo\\\/producto\\\/nuestro-origen-la-raiz-de-nuestro-presente\\\/#primaryimage\",\"url\":\"https:\\\/\\\/letrame.com\\\/catalogo\\\/wp-content\\\/uploads\\\/2024\\\/06\\\/webp_nuestroorigen_1075mm-compressed-scaled.jpg\",\"contentUrl\":\"https:\\\/\\\/letrame.com\\\/catalogo\\\/wp-content\\\/uploads\\\/2024\\\/06\\\/webp_nuestroorigen_1075mm-compressed-scaled.jpg\",\"width\":1746,\"height\":2560},{\"@type\":\"BreadcrumbList\",\"@id\":\"https:\\\/\\\/letrame.com\\\/catalogo\\\/producto\\\/nuestro-origen-la-raiz-de-nuestro-presente\\\/#breadcrumb\",\"itemListElement\":[{\"@type\":\"ListItem\",\"position\":1,\"name\":\"Portada\",\"item\":\"https:\\\/\\\/letrame.com\\\/catalogo\\\/\"},{\"@type\":\"ListItem\",\"position\":2,\"name\":\"Cat\u00e1logo\",\"item\":\"https:\\\/\\\/letrame.com\\\/catalogo\\\/\"},{\"@type\":\"ListItem\",\"position\":3,\"name\":\"Nuestro Origen. La ra\u00edz de nuestro presente\"}]},{\"@type\":\"WebSite\",\"@id\":\"https:\\\/\\\/letrame.com\\\/catalogo\\\/#website\",\"url\":\"https:\\\/\\\/letrame.com\\\/catalogo\\\/\",\"name\":\"Catalogo | Letrame Grupo Editorial\",\"description\":\"\",\"publisher\":{\"@id\":\"https:\\\/\\\/letrame.com\\\/catalogo\\\/#organization\"},\"potentialAction\":[{\"@type\":\"SearchAction\",\"target\":{\"@type\":\"EntryPoint\",\"urlTemplate\":\"https:\\\/\\\/letrame.com\\\/catalogo\\\/?s={search_term_string}\"},\"query-input\":{\"@type\":\"PropertyValueSpecification\",\"valueRequired\":true,\"valueName\":\"search_term_string\"}}],\"inLanguage\":\"es\"},{\"@type\":\"Organization\",\"@id\":\"https:\\\/\\\/letrame.com\\\/catalogo\\\/#organization\",\"name\":\"Catalogo | Letrame Grupo Editorial\",\"url\":\"https:\\\/\\\/letrame.com\\\/catalogo\\\/\",\"logo\":{\"@type\":\"ImageObject\",\"inLanguage\":\"es\",\"@id\":\"https:\\\/\\\/letrame.com\\\/catalogo\\\/#\\\/schema\\\/logo\\\/image\\\/\",\"url\":\"https:\\\/\\\/letrame.com\\\/catalogo\\\/wp-content\\\/uploads\\\/2024\\\/03\\\/logo2.webp\",\"contentUrl\":\"https:\\\/\\\/letrame.com\\\/catalogo\\\/wp-content\\\/uploads\\\/2024\\\/03\\\/logo2.webp\",\"width\":394,\"height\":128,\"caption\":\"Catalogo | Letrame Grupo Editorial\"},\"image\":{\"@id\":\"https:\\\/\\\/letrame.com\\\/catalogo\\\/#\\\/schema\\\/logo\\\/image\\\/\"}}]}<\/script>\n<!-- \/ Yoast SEO plugin. -->","yoast_head_json":{"title":"Nuestro Origen. La ra\u00edz de nuestro presente - Catalogo | Letrame Grupo Editorial","robots":{"index":"index","follow":"follow","max-snippet":"max-snippet:-1","max-image-preview":"max-image-preview:large","max-video-preview":"max-video-preview:-1"},"canonical":"https:\/\/letrame.com\/catalogo\/producto\/nuestro-origen-la-raiz-de-nuestro-presente\/","og_locale":"es_ES","og_type":"article","og_title":"Nuestro Origen. La ra\u00edz de nuestro presente - Catalogo | Letrame Grupo Editorial","og_description":"ISBN:\u00a0978-84-1068-014-2  SINOPSIS  La presente obra narra la historia real de una pareja oriunda de Bucaramanga (Colombia), H\u00e9ctor y Alcira, quienes, tras conocerse, enamorarse y casarse, su relaci\u00f3n fue prohibida debido a los conceptos que ten\u00edan cada una de sus familias. Esos conceptos eran principalmente diferencias de ideolog\u00edas pol\u00edticas en plena \u00e9poca de la violencia en Colombia entre liberales y conservadores. A pesar de la censura, su matrimonio fue la clave en el desarrollo y estabilidad de toda la familia involucrada, en la que un alto porcentaje de ellos terminaron haciendo sus vidas en Barranquilla, ciudad donde ellos se mudaron una vez casados. Por eso la importancia de ese matrimonio prohibido que despu\u00e9s se convertir\u00eda en la ra\u00edz de nuestro presente, de todos.","og_url":"https:\/\/letrame.com\/catalogo\/producto\/nuestro-origen-la-raiz-de-nuestro-presente\/","og_site_name":"Catalogo | Letrame Grupo Editorial","article_modified_time":"2024-06-18T12:56:54+00:00","og_image":[{"width":1746,"height":2560,"url":"https:\/\/letrame.com\/catalogo\/wp-content\/uploads\/2024\/06\/webp_nuestroorigen_1075mm-compressed-scaled.jpg","type":"image\/jpeg"}],"twitter_card":"summary_large_image","twitter_misc":{"Tiempo de lectura":"1 minuto"},"schema":{"@context":"https:\/\/schema.org","@graph":[{"@type":"WebPage","@id":"https:\/\/letrame.com\/catalogo\/producto\/nuestro-origen-la-raiz-de-nuestro-presente\/","url":"https:\/\/letrame.com\/catalogo\/producto\/nuestro-origen-la-raiz-de-nuestro-presente\/","name":"Nuestro Origen. La ra\u00edz de nuestro presente - Catalogo | Letrame Grupo Editorial","isPartOf":{"@id":"https:\/\/letrame.com\/catalogo\/#website"},"primaryImageOfPage":{"@id":"https:\/\/letrame.com\/catalogo\/producto\/nuestro-origen-la-raiz-de-nuestro-presente\/#primaryimage"},"image":{"@id":"https:\/\/letrame.com\/catalogo\/producto\/nuestro-origen-la-raiz-de-nuestro-presente\/#primaryimage"},"thumbnailUrl":"https:\/\/letrame.com\/catalogo\/wp-content\/uploads\/2024\/06\/webp_nuestroorigen_1075mm-compressed-scaled.jpg","datePublished":"2024-06-18T11:24:55+00:00","dateModified":"2024-06-18T12:56:54+00:00","breadcrumb":{"@id":"https:\/\/letrame.com\/catalogo\/producto\/nuestro-origen-la-raiz-de-nuestro-presente\/#breadcrumb"},"inLanguage":"es","potentialAction":[{"@type":"ReadAction","target":["https:\/\/letrame.com\/catalogo\/producto\/nuestro-origen-la-raiz-de-nuestro-presente\/"]}]},{"@type":"ImageObject","inLanguage":"es","@id":"https:\/\/letrame.com\/catalogo\/producto\/nuestro-origen-la-raiz-de-nuestro-presente\/#primaryimage","url":"https:\/\/letrame.com\/catalogo\/wp-content\/uploads\/2024\/06\/webp_nuestroorigen_1075mm-compressed-scaled.jpg","contentUrl":"https:\/\/letrame.com\/catalogo\/wp-content\/uploads\/2024\/06\/webp_nuestroorigen_1075mm-compressed-scaled.jpg","width":1746,"height":2560},{"@type":"BreadcrumbList","@id":"https:\/\/letrame.com\/catalogo\/producto\/nuestro-origen-la-raiz-de-nuestro-presente\/#breadcrumb","itemListElement":[{"@type":"ListItem","position":1,"name":"Portada","item":"https:\/\/letrame.com\/catalogo\/"},{"@type":"ListItem","position":2,"name":"Cat\u00e1logo","item":"https:\/\/letrame.com\/catalogo\/"},{"@type":"ListItem","position":3,"name":"Nuestro Origen. La ra\u00edz de nuestro presente"}]},{"@type":"WebSite","@id":"https:\/\/letrame.com\/catalogo\/#website","url":"https:\/\/letrame.com\/catalogo\/","name":"Catalogo | Letrame Grupo Editorial","description":"","publisher":{"@id":"https:\/\/letrame.com\/catalogo\/#organization"},"potentialAction":[{"@type":"SearchAction","target":{"@type":"EntryPoint","urlTemplate":"https:\/\/letrame.com\/catalogo\/?s={search_term_string}"},"query-input":{"@type":"PropertyValueSpecification","valueRequired":true,"valueName":"search_term_string"}}],"inLanguage":"es"},{"@type":"Organization","@id":"https:\/\/letrame.com\/catalogo\/#organization","name":"Catalogo | Letrame Grupo Editorial","url":"https:\/\/letrame.com\/catalogo\/","logo":{"@type":"ImageObject","inLanguage":"es","@id":"https:\/\/letrame.com\/catalogo\/#\/schema\/logo\/image\/","url":"https:\/\/letrame.com\/catalogo\/wp-content\/uploads\/2024\/03\/logo2.webp","contentUrl":"https:\/\/letrame.com\/catalogo\/wp-content\/uploads\/2024\/03\/logo2.webp","width":394,"height":128,"caption":"Catalogo | Letrame Grupo Editorial"},"image":{"@id":"https:\/\/letrame.com\/catalogo\/#\/schema\/logo\/image\/"}}]}},"_links":{"self":[{"href":"https:\/\/letrame.com\/catalogo\/wp-json\/wp\/v2\/product\/101427","targetHints":{"allow":["GET"]}}],"collection":[{"href":"https:\/\/letrame.com\/catalogo\/wp-json\/wp\/v2\/product"}],"about":[{"href":"https:\/\/letrame.com\/catalogo\/wp-json\/wp\/v2\/types\/product"}],"replies":[{"embeddable":true,"href":"https:\/\/letrame.com\/catalogo\/wp-json\/wp\/v2\/comments?post=101427"}],"acf:post":[{"embeddable":true,"href":"https:\/\/letrame.com\/catalogo\/wp-json\/wp\/v2\/author_book\/101428"}],"wp:featuredmedia":[{"embeddable":true,"href":"https:\/\/letrame.com\/catalogo\/wp-json\/wp\/v2\/media\/101431"}],"wp:attachment":[{"href":"https:\/\/letrame.com\/catalogo\/wp-json\/wp\/v2\/media?parent=101427"}],"wp:term":[{"taxonomy":"libro","embeddable":true,"href":"https:\/\/letrame.com\/catalogo\/wp-json\/wp\/v2\/libro?post=101427"},{"taxonomy":"product_brand","embeddable":true,"href":"https:\/\/letrame.com\/catalogo\/wp-json\/wp\/v2\/product_brand?post=101427"},{"taxonomy":"product_cat","embeddable":true,"href":"https:\/\/letrame.com\/catalogo\/wp-json\/wp\/v2\/product_cat?post=101427"},{"taxonomy":"product_tag","embeddable":true,"href":"https:\/\/letrame.com\/catalogo\/wp-json\/wp\/v2\/product_tag?post=101427"}],"curies":[{"name":"wp","href":"https:\/\/api.w.org\/{rel}","templated":true}]}}