{"id":101416,"date":"2024-06-18T11:50:46","date_gmt":"2024-06-18T09:50:46","guid":{"rendered":"https:\/\/letrame.com\/catalogo\/?post_type=product&#038;p=101416"},"modified":"2024-06-18T11:55:16","modified_gmt":"2024-06-18T09:55:16","slug":"amor-de-madre-caminando-entre-rosas-y-espinas","status":"publish","type":"product","link":"https:\/\/letrame.com\/catalogo\/producto\/amor-de-madre-caminando-entre-rosas-y-espinas\/","title":{"rendered":"Amor de Madre. Caminando entre rosas y espinas"},"content":{"rendered":"<p>ISBN:\u00a0978-84-1068-242-9<br \/>\nT\u00edtulo:\u2028Amor de Madre. Caminando entre rosas y espinas<br \/>\nFecha:\u20282024<br \/>\nP\u00e1ginas:\u00a0164<\/p>\n<p>SINOPSIS<\/p>\n<p>Es la historia de una mujer que naci\u00f3 inmediatamente despu\u00e9s del final de la Segunda Guerra Mundial. Un tiempo dif\u00edcil debido a la situaci\u00f3n social y econ\u00f3mica, que causaba estragos en cuanto a enfermedades, que sol\u00edan tener un final tr\u00e1gico: la muerte. La autora consigue transmitir no solo su historia personal, si no tambi\u00e9n los valores y ense\u00f1anzas que ha recorrido a lo largo de su vida, convirtiendo este libro en un testimonio de valor incalculable sobre la fortaleza humana y la capacidad de superar las adversidades.<\/p>\n","protected":false},"excerpt":{"rendered":"<p>ISBN:\u00a0978-84-1068-242-9<\/p>\n<p>SINOPSIS<\/p>\n<p>Es la historia de una mujer que naci\u00f3 inmediatamente despu\u00e9s del final de la Segunda Guerra Mundial. Un tiempo dif\u00edcil debido a la situaci\u00f3n social y econ\u00f3mica, que causaba estragos en cuanto a enfermedades, que sol\u00edan tener un final tr\u00e1gico: la muerte. La autora consigue transmitir no solo su historia personal, si no tambi\u00e9n los valores y ense\u00f1anzas que ha recorrido a lo largo de su vida, convirtiendo este libro en un testimonio de valor incalculable sobre la fortaleza humana y la capacidad de superar las adversidades.<\/p>\n","protected":false},"featured_media":101421,"comment_status":"open","ping_status":"closed","template":"","meta":{"_acf_changed":false},"libro":[],"product_brand":[],"product_cat":[59],"product_tag":[],"class_list":{"0":"post-101416","1":"product","2":"type-product","3":"status-publish","4":"has-post-thumbnail","6":"product_cat-memorias","8":"first","9":"instock","10":"shipping-taxable","11":"product-type-simple"},"acf":{"autor":[101417],"enlace_de_compra":"https:\/\/www.casadellibro.com\/libro-amor-de-madre\/9788410682429\/16087638?gclid=Cj0KCQjw4MSzBhC8ARIsAPFOuyXeRQlcHj8RMHRA9FQN5K1IewzhyggBrvpuZo_9doJLS2pwkYyzmisaAn2bEALw_wcB"},"yoast_head":"<!-- This site is optimized with the Yoast SEO plugin v27.4 - https:\/\/yoast.com\/product\/yoast-seo-wordpress\/ -->\n<title>Amor de Madre. Caminando entre rosas y espinas - Catalogo | Letrame Grupo Editorial<\/title>\n<meta name=\"robots\" content=\"index, follow, max-snippet:-1, max-image-preview:large, max-video-preview:-1\" \/>\n<link rel=\"canonical\" href=\"https:\/\/letrame.com\/catalogo\/producto\/amor-de-madre-caminando-entre-rosas-y-espinas\/\" \/>\n<meta property=\"og:locale\" content=\"es_ES\" \/>\n<meta property=\"og:type\" content=\"article\" \/>\n<meta property=\"og:title\" content=\"Amor de Madre. Caminando entre rosas y espinas - Catalogo | Letrame Grupo Editorial\" \/>\n<meta property=\"og:description\" content=\"ISBN:\u00a0978-84-1068-242-9  SINOPSIS  Es la historia de una mujer que naci\u00f3 inmediatamente despu\u00e9s del final de la Segunda Guerra Mundial. Un tiempo dif\u00edcil debido a la situaci\u00f3n social y econ\u00f3mica, que causaba estragos en cuanto a enfermedades, que sol\u00edan tener un final tr\u00e1gico: la muerte. La autora consigue transmitir no solo su historia personal, si no tambi\u00e9n los valores y ense\u00f1anzas que ha recorrido a lo largo de su vida, convirtiendo este libro en un testimonio de valor incalculable sobre la fortaleza humana y la capacidad de superar las adversidades.\" \/>\n<meta property=\"og:url\" content=\"https:\/\/letrame.com\/catalogo\/producto\/amor-de-madre-caminando-entre-rosas-y-espinas\/\" \/>\n<meta property=\"og:site_name\" content=\"Catalogo | Letrame Grupo Editorial\" \/>\n<meta property=\"article:modified_time\" content=\"2024-06-18T09:55:16+00:00\" \/>\n<meta property=\"og:image\" content=\"https:\/\/letrame.com\/catalogo\/wp-content\/uploads\/2024\/06\/webp_amordemadre_864mm-compressed.jpg\" \/>\n\t<meta property=\"og:image:width\" content=\"1748\" \/>\n\t<meta property=\"og:image:height\" content=\"2480\" \/>\n\t<meta property=\"og:image:type\" content=\"image\/jpeg\" \/>\n<meta name=\"twitter:card\" content=\"summary_large_image\" \/>\n<meta name=\"twitter:label1\" content=\"Tiempo de lectura\" \/>\n\t<meta name=\"twitter:data1\" content=\"1 minuto\" \/>\n<script type=\"application\/ld+json\" class=\"yoast-schema-graph\">{\"@context\":\"https:\\\/\\\/schema.org\",\"@graph\":[{\"@type\":\"WebPage\",\"@id\":\"https:\\\/\\\/letrame.com\\\/catalogo\\\/producto\\\/amor-de-madre-caminando-entre-rosas-y-espinas\\\/\",\"url\":\"https:\\\/\\\/letrame.com\\\/catalogo\\\/producto\\\/amor-de-madre-caminando-entre-rosas-y-espinas\\\/\",\"name\":\"Amor de Madre. Caminando entre rosas y espinas - Catalogo | Letrame Grupo Editorial\",\"isPartOf\":{\"@id\":\"https:\\\/\\\/letrame.com\\\/catalogo\\\/#website\"},\"primaryImageOfPage\":{\"@id\":\"https:\\\/\\\/letrame.com\\\/catalogo\\\/producto\\\/amor-de-madre-caminando-entre-rosas-y-espinas\\\/#primaryimage\"},\"image\":{\"@id\":\"https:\\\/\\\/letrame.com\\\/catalogo\\\/producto\\\/amor-de-madre-caminando-entre-rosas-y-espinas\\\/#primaryimage\"},\"thumbnailUrl\":\"https:\\\/\\\/letrame.com\\\/catalogo\\\/wp-content\\\/uploads\\\/2024\\\/06\\\/webp_amordemadre_864mm-compressed.jpg\",\"datePublished\":\"2024-06-18T09:50:46+00:00\",\"dateModified\":\"2024-06-18T09:55:16+00:00\",\"breadcrumb\":{\"@id\":\"https:\\\/\\\/letrame.com\\\/catalogo\\\/producto\\\/amor-de-madre-caminando-entre-rosas-y-espinas\\\/#breadcrumb\"},\"inLanguage\":\"es\",\"potentialAction\":[{\"@type\":\"ReadAction\",\"target\":[\"https:\\\/\\\/letrame.com\\\/catalogo\\\/producto\\\/amor-de-madre-caminando-entre-rosas-y-espinas\\\/\"]}]},{\"@type\":\"ImageObject\",\"inLanguage\":\"es\",\"@id\":\"https:\\\/\\\/letrame.com\\\/catalogo\\\/producto\\\/amor-de-madre-caminando-entre-rosas-y-espinas\\\/#primaryimage\",\"url\":\"https:\\\/\\\/letrame.com\\\/catalogo\\\/wp-content\\\/uploads\\\/2024\\\/06\\\/webp_amordemadre_864mm-compressed.jpg\",\"contentUrl\":\"https:\\\/\\\/letrame.com\\\/catalogo\\\/wp-content\\\/uploads\\\/2024\\\/06\\\/webp_amordemadre_864mm-compressed.jpg\",\"width\":1748,\"height\":2480},{\"@type\":\"BreadcrumbList\",\"@id\":\"https:\\\/\\\/letrame.com\\\/catalogo\\\/producto\\\/amor-de-madre-caminando-entre-rosas-y-espinas\\\/#breadcrumb\",\"itemListElement\":[{\"@type\":\"ListItem\",\"position\":1,\"name\":\"Portada\",\"item\":\"https:\\\/\\\/letrame.com\\\/catalogo\\\/\"},{\"@type\":\"ListItem\",\"position\":2,\"name\":\"Cat\u00e1logo\",\"item\":\"https:\\\/\\\/letrame.com\\\/catalogo\\\/\"},{\"@type\":\"ListItem\",\"position\":3,\"name\":\"Amor de Madre. Caminando entre rosas y espinas\"}]},{\"@type\":\"WebSite\",\"@id\":\"https:\\\/\\\/letrame.com\\\/catalogo\\\/#website\",\"url\":\"https:\\\/\\\/letrame.com\\\/catalogo\\\/\",\"name\":\"Catalogo | Letrame Grupo Editorial\",\"description\":\"\",\"publisher\":{\"@id\":\"https:\\\/\\\/letrame.com\\\/catalogo\\\/#organization\"},\"potentialAction\":[{\"@type\":\"SearchAction\",\"target\":{\"@type\":\"EntryPoint\",\"urlTemplate\":\"https:\\\/\\\/letrame.com\\\/catalogo\\\/?s={search_term_string}\"},\"query-input\":{\"@type\":\"PropertyValueSpecification\",\"valueRequired\":true,\"valueName\":\"search_term_string\"}}],\"inLanguage\":\"es\"},{\"@type\":\"Organization\",\"@id\":\"https:\\\/\\\/letrame.com\\\/catalogo\\\/#organization\",\"name\":\"Catalogo | Letrame Grupo Editorial\",\"url\":\"https:\\\/\\\/letrame.com\\\/catalogo\\\/\",\"logo\":{\"@type\":\"ImageObject\",\"inLanguage\":\"es\",\"@id\":\"https:\\\/\\\/letrame.com\\\/catalogo\\\/#\\\/schema\\\/logo\\\/image\\\/\",\"url\":\"https:\\\/\\\/letrame.com\\\/catalogo\\\/wp-content\\\/uploads\\\/2024\\\/03\\\/logo2.webp\",\"contentUrl\":\"https:\\\/\\\/letrame.com\\\/catalogo\\\/wp-content\\\/uploads\\\/2024\\\/03\\\/logo2.webp\",\"width\":394,\"height\":128,\"caption\":\"Catalogo | Letrame Grupo Editorial\"},\"image\":{\"@id\":\"https:\\\/\\\/letrame.com\\\/catalogo\\\/#\\\/schema\\\/logo\\\/image\\\/\"}}]}<\/script>\n<!-- \/ Yoast SEO plugin. -->","yoast_head_json":{"title":"Amor de Madre. Caminando entre rosas y espinas - Catalogo | Letrame Grupo Editorial","robots":{"index":"index","follow":"follow","max-snippet":"max-snippet:-1","max-image-preview":"max-image-preview:large","max-video-preview":"max-video-preview:-1"},"canonical":"https:\/\/letrame.com\/catalogo\/producto\/amor-de-madre-caminando-entre-rosas-y-espinas\/","og_locale":"es_ES","og_type":"article","og_title":"Amor de Madre. Caminando entre rosas y espinas - Catalogo | Letrame Grupo Editorial","og_description":"ISBN:\u00a0978-84-1068-242-9  SINOPSIS  Es la historia de una mujer que naci\u00f3 inmediatamente despu\u00e9s del final de la Segunda Guerra Mundial. Un tiempo dif\u00edcil debido a la situaci\u00f3n social y econ\u00f3mica, que causaba estragos en cuanto a enfermedades, que sol\u00edan tener un final tr\u00e1gico: la muerte. La autora consigue transmitir no solo su historia personal, si no tambi\u00e9n los valores y ense\u00f1anzas que ha recorrido a lo largo de su vida, convirtiendo este libro en un testimonio de valor incalculable sobre la fortaleza humana y la capacidad de superar las adversidades.","og_url":"https:\/\/letrame.com\/catalogo\/producto\/amor-de-madre-caminando-entre-rosas-y-espinas\/","og_site_name":"Catalogo | Letrame Grupo Editorial","article_modified_time":"2024-06-18T09:55:16+00:00","og_image":[{"width":1748,"height":2480,"url":"https:\/\/letrame.com\/catalogo\/wp-content\/uploads\/2024\/06\/webp_amordemadre_864mm-compressed.jpg","type":"image\/jpeg"}],"twitter_card":"summary_large_image","twitter_misc":{"Tiempo de lectura":"1 minuto"},"schema":{"@context":"https:\/\/schema.org","@graph":[{"@type":"WebPage","@id":"https:\/\/letrame.com\/catalogo\/producto\/amor-de-madre-caminando-entre-rosas-y-espinas\/","url":"https:\/\/letrame.com\/catalogo\/producto\/amor-de-madre-caminando-entre-rosas-y-espinas\/","name":"Amor de Madre. Caminando entre rosas y espinas - Catalogo | Letrame Grupo Editorial","isPartOf":{"@id":"https:\/\/letrame.com\/catalogo\/#website"},"primaryImageOfPage":{"@id":"https:\/\/letrame.com\/catalogo\/producto\/amor-de-madre-caminando-entre-rosas-y-espinas\/#primaryimage"},"image":{"@id":"https:\/\/letrame.com\/catalogo\/producto\/amor-de-madre-caminando-entre-rosas-y-espinas\/#primaryimage"},"thumbnailUrl":"https:\/\/letrame.com\/catalogo\/wp-content\/uploads\/2024\/06\/webp_amordemadre_864mm-compressed.jpg","datePublished":"2024-06-18T09:50:46+00:00","dateModified":"2024-06-18T09:55:16+00:00","breadcrumb":{"@id":"https:\/\/letrame.com\/catalogo\/producto\/amor-de-madre-caminando-entre-rosas-y-espinas\/#breadcrumb"},"inLanguage":"es","potentialAction":[{"@type":"ReadAction","target":["https:\/\/letrame.com\/catalogo\/producto\/amor-de-madre-caminando-entre-rosas-y-espinas\/"]}]},{"@type":"ImageObject","inLanguage":"es","@id":"https:\/\/letrame.com\/catalogo\/producto\/amor-de-madre-caminando-entre-rosas-y-espinas\/#primaryimage","url":"https:\/\/letrame.com\/catalogo\/wp-content\/uploads\/2024\/06\/webp_amordemadre_864mm-compressed.jpg","contentUrl":"https:\/\/letrame.com\/catalogo\/wp-content\/uploads\/2024\/06\/webp_amordemadre_864mm-compressed.jpg","width":1748,"height":2480},{"@type":"BreadcrumbList","@id":"https:\/\/letrame.com\/catalogo\/producto\/amor-de-madre-caminando-entre-rosas-y-espinas\/#breadcrumb","itemListElement":[{"@type":"ListItem","position":1,"name":"Portada","item":"https:\/\/letrame.com\/catalogo\/"},{"@type":"ListItem","position":2,"name":"Cat\u00e1logo","item":"https:\/\/letrame.com\/catalogo\/"},{"@type":"ListItem","position":3,"name":"Amor de Madre. Caminando entre rosas y espinas"}]},{"@type":"WebSite","@id":"https:\/\/letrame.com\/catalogo\/#website","url":"https:\/\/letrame.com\/catalogo\/","name":"Catalogo | Letrame Grupo Editorial","description":"","publisher":{"@id":"https:\/\/letrame.com\/catalogo\/#organization"},"potentialAction":[{"@type":"SearchAction","target":{"@type":"EntryPoint","urlTemplate":"https:\/\/letrame.com\/catalogo\/?s={search_term_string}"},"query-input":{"@type":"PropertyValueSpecification","valueRequired":true,"valueName":"search_term_string"}}],"inLanguage":"es"},{"@type":"Organization","@id":"https:\/\/letrame.com\/catalogo\/#organization","name":"Catalogo | Letrame Grupo Editorial","url":"https:\/\/letrame.com\/catalogo\/","logo":{"@type":"ImageObject","inLanguage":"es","@id":"https:\/\/letrame.com\/catalogo\/#\/schema\/logo\/image\/","url":"https:\/\/letrame.com\/catalogo\/wp-content\/uploads\/2024\/03\/logo2.webp","contentUrl":"https:\/\/letrame.com\/catalogo\/wp-content\/uploads\/2024\/03\/logo2.webp","width":394,"height":128,"caption":"Catalogo | Letrame Grupo Editorial"},"image":{"@id":"https:\/\/letrame.com\/catalogo\/#\/schema\/logo\/image\/"}}]}},"_links":{"self":[{"href":"https:\/\/letrame.com\/catalogo\/wp-json\/wp\/v2\/product\/101416","targetHints":{"allow":["GET"]}}],"collection":[{"href":"https:\/\/letrame.com\/catalogo\/wp-json\/wp\/v2\/product"}],"about":[{"href":"https:\/\/letrame.com\/catalogo\/wp-json\/wp\/v2\/types\/product"}],"replies":[{"embeddable":true,"href":"https:\/\/letrame.com\/catalogo\/wp-json\/wp\/v2\/comments?post=101416"}],"acf:post":[{"embeddable":true,"href":"https:\/\/letrame.com\/catalogo\/wp-json\/wp\/v2\/author_book\/101417"}],"wp:featuredmedia":[{"embeddable":true,"href":"https:\/\/letrame.com\/catalogo\/wp-json\/wp\/v2\/media\/101421"}],"wp:attachment":[{"href":"https:\/\/letrame.com\/catalogo\/wp-json\/wp\/v2\/media?parent=101416"}],"wp:term":[{"taxonomy":"libro","embeddable":true,"href":"https:\/\/letrame.com\/catalogo\/wp-json\/wp\/v2\/libro?post=101416"},{"taxonomy":"product_brand","embeddable":true,"href":"https:\/\/letrame.com\/catalogo\/wp-json\/wp\/v2\/product_brand?post=101416"},{"taxonomy":"product_cat","embeddable":true,"href":"https:\/\/letrame.com\/catalogo\/wp-json\/wp\/v2\/product_cat?post=101416"},{"taxonomy":"product_tag","embeddable":true,"href":"https:\/\/letrame.com\/catalogo\/wp-json\/wp\/v2\/product_tag?post=101416"}],"curies":[{"name":"wp","href":"https:\/\/api.w.org\/{rel}","templated":true}]}}