{"id":101413,"date":"2024-06-18T11:34:57","date_gmt":"2024-06-18T09:34:57","guid":{"rendered":"https:\/\/letrame.com\/catalogo\/?post_type=product&#038;p=101413"},"modified":"2024-06-18T11:34:58","modified_gmt":"2024-06-18T09:34:58","slug":"somos-treinta-la-paleta-de-las-emociones","status":"publish","type":"product","link":"https:\/\/letrame.com\/catalogo\/producto\/somos-treinta-la-paleta-de-las-emociones\/","title":{"rendered":"Somos Treinta \u00abLa paleta de las emociones\u00bb"},"content":{"rendered":"<p>ISBN:\u00a0978-84-1068-395-2<br \/>\nT\u00edtulo:\u2028Somos Treinta \u00abLa paleta de las emociones\u00bb<br \/>\nFecha:\u20282024<br \/>\nP\u00e1ginas:\u00a0142<br \/>\nSINOPSIS<\/p>\n<p>Somos Treinta es una inmersi\u00f3n profunda en el espectro de emociones humanas, guiando a los lectores a trav\u00e9s de treinta cap\u00edtulos que exploran la complejidad y riqueza de sentir. Desde la alegr\u00eda hasta la tristeza, la valent\u00eda hasta la vulnerabilidad, este libro ofrece una mirada introspectiva a c\u00f3mo nuestras emociones conforman la tela de nuestra existencia. A trav\u00e9s de reflexiones personales, investigaciones psicol\u00f3gicas y ejercicios pr\u00e1cticos, el autor nos invita a comprender y valorar todas nuestras emociones, proporcionando herramientas para navegarlas con mayor conciencia.<br \/>\nSomos Treinta es m\u00e1s que un libro; es un compa\u00f1ero en el viaje hacia la autocomprensi\u00f3n emocional y el crecimiento personal. Cada emoci\u00f3n se revela como una parte integral de lo que significa ser humano, anim\u00e1ndonos a abrazar nuestra diversidad emocional como nuestra mayor fortaleza. Perfecto para aquellos que buscan profundizar en su autoconocimiento y enriquecer sus vidas con una comprensi\u00f3n emocional m\u00e1s plena. Este libro transforma la manera en la que vemos nuestras emociones, marcando el camino hacia una vida m\u00e1s aut\u00e9ntica y conectada.<\/p>\n","protected":false},"excerpt":{"rendered":"<p>ISBN:\u00a0978-84-1068-395-2<\/p>\n<p>SINOPSIS<\/p>\n<p>Somos Treinta es una inmersi\u00f3n profunda en el espectro de emociones humanas, guiando a los lectores a trav\u00e9s de treinta cap\u00edtulos que exploran la complejidad y riqueza de sentir. Desde la alegr\u00eda hasta la tristeza, la valent\u00eda hasta la vulnerabilidad, este libro ofrece una mirada introspectiva a c\u00f3mo nuestras emociones conforman la tela de nuestra existencia. A trav\u00e9s de reflexiones personales, investigaciones psicol\u00f3gicas y ejercicios pr\u00e1cticos, el autor nos invita a comprender y valorar todas nuestras emociones, proporcionando herramientas para navegarlas con mayor conciencia.<br \/>\nSomos Treinta es m\u00e1s que un libro; es un compa\u00f1ero en el viaje hacia la autocomprensi\u00f3n emocional y el crecimiento personal. Cada emoci\u00f3n se revela como una parte integral de lo que significa ser humano, anim\u00e1ndonos a abrazar nuestra diversidad emocional como nuestra mayor fortaleza. Perfecto para aquellos que buscan profundizar en su autoconocimiento y enriquecer sus vidas con una comprensi\u00f3n emocional m\u00e1s plena. Este libro transforma la manera en la que vemos nuestras emociones, marcando el camino hacia una vida m\u00e1s aut\u00e9ntica y conectada.<\/p>\n","protected":false},"featured_media":101415,"comment_status":"open","ping_status":"closed","template":"","meta":{"_acf_changed":false},"libro":[],"product_brand":[],"product_cat":[15],"product_tag":[],"class_list":{"0":"post-101413","1":"product","2":"type-product","3":"status-publish","4":"has-post-thumbnail","6":"product_cat-sin-categorizar","8":"first","9":"instock","10":"shipping-taxable","11":"product-type-simple"},"acf":{"autor":[101412],"enlace_de_compra":"https:\/\/www.casadellibro.com\/libro-somos-treinta\/9788410683952\/16087633?gclid=Cj0KCQjw4MSzBhC8ARIsAPFOuyXeRQlcHj8RMHRA9FQN5K1IewzhyggBrvpuZo_9doJLS2pwkYyzmisaAn2bEALw_wcB"},"yoast_head":"<!-- This site is optimized with the Yoast SEO plugin v27.4 - https:\/\/yoast.com\/product\/yoast-seo-wordpress\/ -->\n<title>Somos Treinta \u00abLa paleta de las emociones\u00bb - Catalogo | Letrame Grupo Editorial<\/title>\n<meta name=\"robots\" content=\"index, follow, max-snippet:-1, max-image-preview:large, max-video-preview:-1\" \/>\n<link rel=\"canonical\" href=\"https:\/\/letrame.com\/catalogo\/producto\/somos-treinta-la-paleta-de-las-emociones\/\" \/>\n<meta property=\"og:locale\" content=\"es_ES\" \/>\n<meta property=\"og:type\" content=\"article\" \/>\n<meta property=\"og:title\" content=\"Somos Treinta \u00abLa paleta de las emociones\u00bb - Catalogo | Letrame Grupo Editorial\" \/>\n<meta property=\"og:description\" content=\"ISBN:\u00a0978-84-1068-395-2  SINOPSIS  Somos Treinta es una inmersi\u00f3n profunda en el espectro de emociones humanas, guiando a los lectores a trav\u00e9s de treinta cap\u00edtulos que exploran la complejidad y riqueza de sentir. Desde la alegr\u00eda hasta la tristeza, la valent\u00eda hasta la vulnerabilidad, este libro ofrece una mirada introspectiva a c\u00f3mo nuestras emociones conforman la tela de nuestra existencia. A trav\u00e9s de reflexiones personales, investigaciones psicol\u00f3gicas y ejercicios pr\u00e1cticos, el autor nos invita a comprender y valorar todas nuestras emociones, proporcionando herramientas para navegarlas con mayor conciencia. Somos Treinta es m\u00e1s que un libro; es un compa\u00f1ero en el viaje hacia la autocomprensi\u00f3n emocional y el crecimiento personal. Cada emoci\u00f3n se revela como una parte integral de lo que significa ser humano, anim\u00e1ndonos a abrazar nuestra diversidad emocional como nuestra mayor fortaleza. Perfecto para aquellos que buscan profundizar en su autoconocimiento y enriquecer sus vidas con una comprensi\u00f3n emocional m\u00e1s plena. Este libro transforma la manera en la que vemos nuestras emociones, marcando el camino hacia una vida m\u00e1s aut\u00e9ntica y conectada.\" \/>\n<meta property=\"og:url\" content=\"https:\/\/letrame.com\/catalogo\/producto\/somos-treinta-la-paleta-de-las-emociones\/\" \/>\n<meta property=\"og:site_name\" content=\"Catalogo | Letrame Grupo Editorial\" \/>\n<meta property=\"article:modified_time\" content=\"2024-06-18T09:34:58+00:00\" \/>\n<meta property=\"og:image\" content=\"https:\/\/letrame.com\/catalogo\/wp-content\/uploads\/2024\/06\/webp_somostreinta_762mm-compressed.jpg\" \/>\n\t<meta property=\"og:image:width\" content=\"1654\" \/>\n\t<meta property=\"og:image:height\" content=\"2362\" \/>\n\t<meta property=\"og:image:type\" content=\"image\/jpeg\" \/>\n<meta name=\"twitter:card\" content=\"summary_large_image\" \/>\n<meta name=\"twitter:label1\" content=\"Tiempo de lectura\" \/>\n\t<meta name=\"twitter:data1\" content=\"1 minuto\" \/>\n<script type=\"application\/ld+json\" class=\"yoast-schema-graph\">{\"@context\":\"https:\\\/\\\/schema.org\",\"@graph\":[{\"@type\":\"WebPage\",\"@id\":\"https:\\\/\\\/letrame.com\\\/catalogo\\\/producto\\\/somos-treinta-la-paleta-de-las-emociones\\\/\",\"url\":\"https:\\\/\\\/letrame.com\\\/catalogo\\\/producto\\\/somos-treinta-la-paleta-de-las-emociones\\\/\",\"name\":\"Somos Treinta \u00abLa paleta de las emociones\u00bb - Catalogo | Letrame Grupo Editorial\",\"isPartOf\":{\"@id\":\"https:\\\/\\\/letrame.com\\\/catalogo\\\/#website\"},\"primaryImageOfPage\":{\"@id\":\"https:\\\/\\\/letrame.com\\\/catalogo\\\/producto\\\/somos-treinta-la-paleta-de-las-emociones\\\/#primaryimage\"},\"image\":{\"@id\":\"https:\\\/\\\/letrame.com\\\/catalogo\\\/producto\\\/somos-treinta-la-paleta-de-las-emociones\\\/#primaryimage\"},\"thumbnailUrl\":\"https:\\\/\\\/letrame.com\\\/catalogo\\\/wp-content\\\/uploads\\\/2024\\\/06\\\/webp_somostreinta_762mm-compressed.jpg\",\"datePublished\":\"2024-06-18T09:34:57+00:00\",\"dateModified\":\"2024-06-18T09:34:58+00:00\",\"breadcrumb\":{\"@id\":\"https:\\\/\\\/letrame.com\\\/catalogo\\\/producto\\\/somos-treinta-la-paleta-de-las-emociones\\\/#breadcrumb\"},\"inLanguage\":\"es\",\"potentialAction\":[{\"@type\":\"ReadAction\",\"target\":[\"https:\\\/\\\/letrame.com\\\/catalogo\\\/producto\\\/somos-treinta-la-paleta-de-las-emociones\\\/\"]}]},{\"@type\":\"ImageObject\",\"inLanguage\":\"es\",\"@id\":\"https:\\\/\\\/letrame.com\\\/catalogo\\\/producto\\\/somos-treinta-la-paleta-de-las-emociones\\\/#primaryimage\",\"url\":\"https:\\\/\\\/letrame.com\\\/catalogo\\\/wp-content\\\/uploads\\\/2024\\\/06\\\/webp_somostreinta_762mm-compressed.jpg\",\"contentUrl\":\"https:\\\/\\\/letrame.com\\\/catalogo\\\/wp-content\\\/uploads\\\/2024\\\/06\\\/webp_somostreinta_762mm-compressed.jpg\",\"width\":1654,\"height\":2362},{\"@type\":\"BreadcrumbList\",\"@id\":\"https:\\\/\\\/letrame.com\\\/catalogo\\\/producto\\\/somos-treinta-la-paleta-de-las-emociones\\\/#breadcrumb\",\"itemListElement\":[{\"@type\":\"ListItem\",\"position\":1,\"name\":\"Portada\",\"item\":\"https:\\\/\\\/letrame.com\\\/catalogo\\\/\"},{\"@type\":\"ListItem\",\"position\":2,\"name\":\"Cat\u00e1logo\",\"item\":\"https:\\\/\\\/letrame.com\\\/catalogo\\\/\"},{\"@type\":\"ListItem\",\"position\":3,\"name\":\"Somos Treinta \u00abLa paleta de las emociones\u00bb\"}]},{\"@type\":\"WebSite\",\"@id\":\"https:\\\/\\\/letrame.com\\\/catalogo\\\/#website\",\"url\":\"https:\\\/\\\/letrame.com\\\/catalogo\\\/\",\"name\":\"Catalogo | Letrame Grupo Editorial\",\"description\":\"\",\"publisher\":{\"@id\":\"https:\\\/\\\/letrame.com\\\/catalogo\\\/#organization\"},\"potentialAction\":[{\"@type\":\"SearchAction\",\"target\":{\"@type\":\"EntryPoint\",\"urlTemplate\":\"https:\\\/\\\/letrame.com\\\/catalogo\\\/?s={search_term_string}\"},\"query-input\":{\"@type\":\"PropertyValueSpecification\",\"valueRequired\":true,\"valueName\":\"search_term_string\"}}],\"inLanguage\":\"es\"},{\"@type\":\"Organization\",\"@id\":\"https:\\\/\\\/letrame.com\\\/catalogo\\\/#organization\",\"name\":\"Catalogo | Letrame Grupo Editorial\",\"url\":\"https:\\\/\\\/letrame.com\\\/catalogo\\\/\",\"logo\":{\"@type\":\"ImageObject\",\"inLanguage\":\"es\",\"@id\":\"https:\\\/\\\/letrame.com\\\/catalogo\\\/#\\\/schema\\\/logo\\\/image\\\/\",\"url\":\"https:\\\/\\\/letrame.com\\\/catalogo\\\/wp-content\\\/uploads\\\/2024\\\/03\\\/logo2.webp\",\"contentUrl\":\"https:\\\/\\\/letrame.com\\\/catalogo\\\/wp-content\\\/uploads\\\/2024\\\/03\\\/logo2.webp\",\"width\":394,\"height\":128,\"caption\":\"Catalogo | Letrame Grupo Editorial\"},\"image\":{\"@id\":\"https:\\\/\\\/letrame.com\\\/catalogo\\\/#\\\/schema\\\/logo\\\/image\\\/\"}}]}<\/script>\n<!-- \/ Yoast SEO plugin. -->","yoast_head_json":{"title":"Somos Treinta \u00abLa paleta de las emociones\u00bb - Catalogo | Letrame Grupo Editorial","robots":{"index":"index","follow":"follow","max-snippet":"max-snippet:-1","max-image-preview":"max-image-preview:large","max-video-preview":"max-video-preview:-1"},"canonical":"https:\/\/letrame.com\/catalogo\/producto\/somos-treinta-la-paleta-de-las-emociones\/","og_locale":"es_ES","og_type":"article","og_title":"Somos Treinta \u00abLa paleta de las emociones\u00bb - Catalogo | Letrame Grupo Editorial","og_description":"ISBN:\u00a0978-84-1068-395-2  SINOPSIS  Somos Treinta es una inmersi\u00f3n profunda en el espectro de emociones humanas, guiando a los lectores a trav\u00e9s de treinta cap\u00edtulos que exploran la complejidad y riqueza de sentir. Desde la alegr\u00eda hasta la tristeza, la valent\u00eda hasta la vulnerabilidad, este libro ofrece una mirada introspectiva a c\u00f3mo nuestras emociones conforman la tela de nuestra existencia. A trav\u00e9s de reflexiones personales, investigaciones psicol\u00f3gicas y ejercicios pr\u00e1cticos, el autor nos invita a comprender y valorar todas nuestras emociones, proporcionando herramientas para navegarlas con mayor conciencia. Somos Treinta es m\u00e1s que un libro; es un compa\u00f1ero en el viaje hacia la autocomprensi\u00f3n emocional y el crecimiento personal. Cada emoci\u00f3n se revela como una parte integral de lo que significa ser humano, anim\u00e1ndonos a abrazar nuestra diversidad emocional como nuestra mayor fortaleza. Perfecto para aquellos que buscan profundizar en su autoconocimiento y enriquecer sus vidas con una comprensi\u00f3n emocional m\u00e1s plena. Este libro transforma la manera en la que vemos nuestras emociones, marcando el camino hacia una vida m\u00e1s aut\u00e9ntica y conectada.","og_url":"https:\/\/letrame.com\/catalogo\/producto\/somos-treinta-la-paleta-de-las-emociones\/","og_site_name":"Catalogo | Letrame Grupo Editorial","article_modified_time":"2024-06-18T09:34:58+00:00","og_image":[{"width":1654,"height":2362,"url":"https:\/\/letrame.com\/catalogo\/wp-content\/uploads\/2024\/06\/webp_somostreinta_762mm-compressed.jpg","type":"image\/jpeg"}],"twitter_card":"summary_large_image","twitter_misc":{"Tiempo de lectura":"1 minuto"},"schema":{"@context":"https:\/\/schema.org","@graph":[{"@type":"WebPage","@id":"https:\/\/letrame.com\/catalogo\/producto\/somos-treinta-la-paleta-de-las-emociones\/","url":"https:\/\/letrame.com\/catalogo\/producto\/somos-treinta-la-paleta-de-las-emociones\/","name":"Somos Treinta \u00abLa paleta de las emociones\u00bb - Catalogo | Letrame Grupo Editorial","isPartOf":{"@id":"https:\/\/letrame.com\/catalogo\/#website"},"primaryImageOfPage":{"@id":"https:\/\/letrame.com\/catalogo\/producto\/somos-treinta-la-paleta-de-las-emociones\/#primaryimage"},"image":{"@id":"https:\/\/letrame.com\/catalogo\/producto\/somos-treinta-la-paleta-de-las-emociones\/#primaryimage"},"thumbnailUrl":"https:\/\/letrame.com\/catalogo\/wp-content\/uploads\/2024\/06\/webp_somostreinta_762mm-compressed.jpg","datePublished":"2024-06-18T09:34:57+00:00","dateModified":"2024-06-18T09:34:58+00:00","breadcrumb":{"@id":"https:\/\/letrame.com\/catalogo\/producto\/somos-treinta-la-paleta-de-las-emociones\/#breadcrumb"},"inLanguage":"es","potentialAction":[{"@type":"ReadAction","target":["https:\/\/letrame.com\/catalogo\/producto\/somos-treinta-la-paleta-de-las-emociones\/"]}]},{"@type":"ImageObject","inLanguage":"es","@id":"https:\/\/letrame.com\/catalogo\/producto\/somos-treinta-la-paleta-de-las-emociones\/#primaryimage","url":"https:\/\/letrame.com\/catalogo\/wp-content\/uploads\/2024\/06\/webp_somostreinta_762mm-compressed.jpg","contentUrl":"https:\/\/letrame.com\/catalogo\/wp-content\/uploads\/2024\/06\/webp_somostreinta_762mm-compressed.jpg","width":1654,"height":2362},{"@type":"BreadcrumbList","@id":"https:\/\/letrame.com\/catalogo\/producto\/somos-treinta-la-paleta-de-las-emociones\/#breadcrumb","itemListElement":[{"@type":"ListItem","position":1,"name":"Portada","item":"https:\/\/letrame.com\/catalogo\/"},{"@type":"ListItem","position":2,"name":"Cat\u00e1logo","item":"https:\/\/letrame.com\/catalogo\/"},{"@type":"ListItem","position":3,"name":"Somos Treinta \u00abLa paleta de las emociones\u00bb"}]},{"@type":"WebSite","@id":"https:\/\/letrame.com\/catalogo\/#website","url":"https:\/\/letrame.com\/catalogo\/","name":"Catalogo | Letrame Grupo Editorial","description":"","publisher":{"@id":"https:\/\/letrame.com\/catalogo\/#organization"},"potentialAction":[{"@type":"SearchAction","target":{"@type":"EntryPoint","urlTemplate":"https:\/\/letrame.com\/catalogo\/?s={search_term_string}"},"query-input":{"@type":"PropertyValueSpecification","valueRequired":true,"valueName":"search_term_string"}}],"inLanguage":"es"},{"@type":"Organization","@id":"https:\/\/letrame.com\/catalogo\/#organization","name":"Catalogo | Letrame Grupo Editorial","url":"https:\/\/letrame.com\/catalogo\/","logo":{"@type":"ImageObject","inLanguage":"es","@id":"https:\/\/letrame.com\/catalogo\/#\/schema\/logo\/image\/","url":"https:\/\/letrame.com\/catalogo\/wp-content\/uploads\/2024\/03\/logo2.webp","contentUrl":"https:\/\/letrame.com\/catalogo\/wp-content\/uploads\/2024\/03\/logo2.webp","width":394,"height":128,"caption":"Catalogo | Letrame Grupo Editorial"},"image":{"@id":"https:\/\/letrame.com\/catalogo\/#\/schema\/logo\/image\/"}}]}},"_links":{"self":[{"href":"https:\/\/letrame.com\/catalogo\/wp-json\/wp\/v2\/product\/101413","targetHints":{"allow":["GET"]}}],"collection":[{"href":"https:\/\/letrame.com\/catalogo\/wp-json\/wp\/v2\/product"}],"about":[{"href":"https:\/\/letrame.com\/catalogo\/wp-json\/wp\/v2\/types\/product"}],"replies":[{"embeddable":true,"href":"https:\/\/letrame.com\/catalogo\/wp-json\/wp\/v2\/comments?post=101413"}],"acf:post":[{"embeddable":true,"href":"https:\/\/letrame.com\/catalogo\/wp-json\/wp\/v2\/author_book\/101412"}],"wp:featuredmedia":[{"embeddable":true,"href":"https:\/\/letrame.com\/catalogo\/wp-json\/wp\/v2\/media\/101415"}],"wp:attachment":[{"href":"https:\/\/letrame.com\/catalogo\/wp-json\/wp\/v2\/media?parent=101413"}],"wp:term":[{"taxonomy":"libro","embeddable":true,"href":"https:\/\/letrame.com\/catalogo\/wp-json\/wp\/v2\/libro?post=101413"},{"taxonomy":"product_brand","embeddable":true,"href":"https:\/\/letrame.com\/catalogo\/wp-json\/wp\/v2\/product_brand?post=101413"},{"taxonomy":"product_cat","embeddable":true,"href":"https:\/\/letrame.com\/catalogo\/wp-json\/wp\/v2\/product_cat?post=101413"},{"taxonomy":"product_tag","embeddable":true,"href":"https:\/\/letrame.com\/catalogo\/wp-json\/wp\/v2\/product_tag?post=101413"}],"curies":[{"name":"wp","href":"https:\/\/api.w.org\/{rel}","templated":true}]}}