{"id":101400,"date":"2024-06-18T10:03:07","date_gmt":"2024-06-18T08:03:07","guid":{"rendered":"https:\/\/letrame.com\/catalogo\/?post_type=product&#038;p=101400"},"modified":"2024-06-18T10:03:07","modified_gmt":"2024-06-18T08:03:07","slug":"el-compromiso-matrimonio-forzado","status":"publish","type":"product","link":"https:\/\/letrame.com\/catalogo\/producto\/el-compromiso-matrimonio-forzado\/","title":{"rendered":"El Compromiso. Matrimonio forzado"},"content":{"rendered":"<p>ISBN:\u00a0978-84-1068-004-3<br \/>\nT\u00edtulo:\u2028El Compromiso. Matrimonio forzado<br \/>\nFecha:\u20282024<br \/>\nP\u00e1ginas:\u00a0626<br \/>\nSINOPSIS<\/p>\n<p>En Matrimonio forzado, el segundo libro de la saga El compromiso y continuaci\u00f3n de Amor o tradici\u00f3n, nos encontramos con un Arun decidido a no aceptar la imposici\u00f3n de su padre. Aprovechando un viaje a Nepal, que debe realizar junto a Naya debido a la filmaci\u00f3n que protagonizan, la sorprende proponi\u00e9ndole matrimonio, yendo en contra de la tradici\u00f3n y de su padre. Ella acepta sin saber las consecuencias que su precipitada decisi\u00f3n traer\u00e1 a la vida de ambos, a sus respectivas familias y amigos.<br \/>\nNaraka, la prometida de Arun, quien ha vivido su vida en Londres olvidando su compromiso, regresa a India solo para vengarse del hombre al que alguna vez am\u00f3, pero que nunca le correspondi\u00f3. <\/p>\n","protected":false},"excerpt":{"rendered":"<p>ISBN:\u00a0978-84-1068-004-3<\/p>\n<p>SINOPSIS<\/p>\n<p>En Matrimonio forzado, el segundo libro de la saga El compromiso y continuaci\u00f3n de Amor o tradici\u00f3n, nos encontramos con un Arun decidido a no aceptar la imposici\u00f3n de su padre. Aprovechando un viaje a Nepal, que debe realizar junto a Naya debido a la filmaci\u00f3n que protagonizan, la sorprende proponi\u00e9ndole matrimonio, yendo en contra de la tradici\u00f3n y de su padre. Ella acepta sin saber las consecuencias que su precipitada decisi\u00f3n traer\u00e1 a la vida de ambos, a sus respectivas familias y amigos.<br \/>\nNaraka, la prometida de Arun, quien ha vivido su vida en Londres olvidando su compromiso, regresa a India solo para vengarse del hombre al que alguna vez am\u00f3, pero que nunca le correspondi\u00f3. <\/p>\n","protected":false},"featured_media":101401,"comment_status":"open","ping_status":"closed","template":"","meta":{"_acf_changed":false},"libro":[],"product_brand":[],"product_cat":[50],"product_tag":[],"class_list":{"0":"post-101400","1":"product","2":"type-product","3":"status-publish","4":"has-post-thumbnail","6":"product_cat-novela-romantica","8":"first","9":"instock","10":"shipping-taxable","11":"product-type-simple"},"acf":{"autor":[78043],"enlace_de_compra":"https:\/\/www.casadellibro.com\/libro-el-compromiso\/9788410680043\/16100915?gclid=Cj0KCQjw4MSzBhC8ARIsAPFOuyXeRQlcHj8RMHRA9FQN5K1IewzhyggBrvpuZo_9doJLS2pwkYyzmisaAn2bEALw_wcB"},"yoast_head":"<!-- This site is optimized with the Yoast SEO plugin v26.6 - https:\/\/yoast.com\/wordpress\/plugins\/seo\/ -->\n<title>El Compromiso. Matrimonio forzado - Catalogo | Letrame Grupo Editorial<\/title>\n<meta name=\"robots\" content=\"index, follow, max-snippet:-1, max-image-preview:large, max-video-preview:-1\" \/>\n<link rel=\"canonical\" href=\"https:\/\/letrame.com\/catalogo\/producto\/el-compromiso-matrimonio-forzado\/\" \/>\n<meta property=\"og:locale\" content=\"es_ES\" \/>\n<meta property=\"og:type\" content=\"article\" \/>\n<meta property=\"og:title\" content=\"El Compromiso. Matrimonio forzado - Catalogo | Letrame Grupo Editorial\" \/>\n<meta property=\"og:description\" content=\"ISBN:\u00a0978-84-1068-004-3  SINOPSIS  En Matrimonio forzado, el segundo libro de la saga El compromiso y continuaci\u00f3n de Amor o tradici\u00f3n, nos encontramos con un Arun decidido a no aceptar la imposici\u00f3n de su padre. Aprovechando un viaje a Nepal, que debe realizar junto a Naya debido a la filmaci\u00f3n que protagonizan, la sorprende proponi\u00e9ndole matrimonio, yendo en contra de la tradici\u00f3n y de su padre. Ella acepta sin saber las consecuencias que su precipitada decisi\u00f3n traer\u00e1 a la vida de ambos, a sus respectivas familias y amigos.  Naraka, la prometida de Arun, quien ha vivido su vida en Londres olvidando su compromiso, regresa a India solo para vengarse del hombre al que alguna vez am\u00f3, pero que nunca le correspondi\u00f3.\" \/>\n<meta property=\"og:url\" content=\"https:\/\/letrame.com\/catalogo\/producto\/el-compromiso-matrimonio-forzado\/\" \/>\n<meta property=\"og:site_name\" content=\"Catalogo | Letrame Grupo Editorial\" \/>\n<meta property=\"og:image\" content=\"https:\/\/letrame.com\/catalogo\/wp-content\/uploads\/2024\/06\/webp_matrimonioforzado_336mm-compressed-scaled.jpg\" \/>\n\t<meta property=\"og:image:width\" content=\"1746\" \/>\n\t<meta property=\"og:image:height\" content=\"2560\" \/>\n\t<meta property=\"og:image:type\" content=\"image\/jpeg\" \/>\n<meta name=\"twitter:card\" content=\"summary_large_image\" \/>\n<meta name=\"twitter:label1\" content=\"Tiempo de lectura\" \/>\n\t<meta name=\"twitter:data1\" content=\"1 minuto\" \/>\n<script type=\"application\/ld+json\" class=\"yoast-schema-graph\">{\"@context\":\"https:\/\/schema.org\",\"@graph\":[{\"@type\":\"WebPage\",\"@id\":\"https:\/\/letrame.com\/catalogo\/producto\/el-compromiso-matrimonio-forzado\/\",\"url\":\"https:\/\/letrame.com\/catalogo\/producto\/el-compromiso-matrimonio-forzado\/\",\"name\":\"El Compromiso. Matrimonio forzado - Catalogo | Letrame Grupo Editorial\",\"isPartOf\":{\"@id\":\"https:\/\/letrame.com\/catalogo\/#website\"},\"primaryImageOfPage\":{\"@id\":\"https:\/\/letrame.com\/catalogo\/producto\/el-compromiso-matrimonio-forzado\/#primaryimage\"},\"image\":{\"@id\":\"https:\/\/letrame.com\/catalogo\/producto\/el-compromiso-matrimonio-forzado\/#primaryimage\"},\"thumbnailUrl\":\"https:\/\/letrame.com\/catalogo\/wp-content\/uploads\/2024\/06\/webp_matrimonioforzado_336mm-compressed-scaled.jpg\",\"datePublished\":\"2024-06-18T08:03:07+00:00\",\"breadcrumb\":{\"@id\":\"https:\/\/letrame.com\/catalogo\/producto\/el-compromiso-matrimonio-forzado\/#breadcrumb\"},\"inLanguage\":\"es\",\"potentialAction\":[{\"@type\":\"ReadAction\",\"target\":[\"https:\/\/letrame.com\/catalogo\/producto\/el-compromiso-matrimonio-forzado\/\"]}]},{\"@type\":\"ImageObject\",\"inLanguage\":\"es\",\"@id\":\"https:\/\/letrame.com\/catalogo\/producto\/el-compromiso-matrimonio-forzado\/#primaryimage\",\"url\":\"https:\/\/letrame.com\/catalogo\/wp-content\/uploads\/2024\/06\/webp_matrimonioforzado_336mm-compressed-scaled.jpg\",\"contentUrl\":\"https:\/\/letrame.com\/catalogo\/wp-content\/uploads\/2024\/06\/webp_matrimonioforzado_336mm-compressed-scaled.jpg\",\"width\":1746,\"height\":2560},{\"@type\":\"BreadcrumbList\",\"@id\":\"https:\/\/letrame.com\/catalogo\/producto\/el-compromiso-matrimonio-forzado\/#breadcrumb\",\"itemListElement\":[{\"@type\":\"ListItem\",\"position\":1,\"name\":\"Portada\",\"item\":\"https:\/\/letrame.com\/catalogo\/\"},{\"@type\":\"ListItem\",\"position\":2,\"name\":\"Cat\u00e1logo\",\"item\":\"https:\/\/letrame.com\/catalogo\/\"},{\"@type\":\"ListItem\",\"position\":3,\"name\":\"El Compromiso. Matrimonio forzado\"}]},{\"@type\":\"WebSite\",\"@id\":\"https:\/\/letrame.com\/catalogo\/#website\",\"url\":\"https:\/\/letrame.com\/catalogo\/\",\"name\":\"Catalogo | Letrame Grupo Editorial\",\"description\":\"\",\"publisher\":{\"@id\":\"https:\/\/letrame.com\/catalogo\/#organization\"},\"potentialAction\":[{\"@type\":\"SearchAction\",\"target\":{\"@type\":\"EntryPoint\",\"urlTemplate\":\"https:\/\/letrame.com\/catalogo\/?s={search_term_string}\"},\"query-input\":{\"@type\":\"PropertyValueSpecification\",\"valueRequired\":true,\"valueName\":\"search_term_string\"}}],\"inLanguage\":\"es\"},{\"@type\":\"Organization\",\"@id\":\"https:\/\/letrame.com\/catalogo\/#organization\",\"name\":\"Catalogo | Letrame Grupo Editorial\",\"url\":\"https:\/\/letrame.com\/catalogo\/\",\"logo\":{\"@type\":\"ImageObject\",\"inLanguage\":\"es\",\"@id\":\"https:\/\/letrame.com\/catalogo\/#\/schema\/logo\/image\/\",\"url\":\"https:\/\/letrame.com\/catalogo\/wp-content\/uploads\/2024\/03\/logo2.webp\",\"contentUrl\":\"https:\/\/letrame.com\/catalogo\/wp-content\/uploads\/2024\/03\/logo2.webp\",\"width\":394,\"height\":128,\"caption\":\"Catalogo | Letrame Grupo Editorial\"},\"image\":{\"@id\":\"https:\/\/letrame.com\/catalogo\/#\/schema\/logo\/image\/\"}}]}<\/script>\n<!-- \/ Yoast SEO plugin. -->","yoast_head_json":{"title":"El Compromiso. Matrimonio forzado - Catalogo | Letrame Grupo Editorial","robots":{"index":"index","follow":"follow","max-snippet":"max-snippet:-1","max-image-preview":"max-image-preview:large","max-video-preview":"max-video-preview:-1"},"canonical":"https:\/\/letrame.com\/catalogo\/producto\/el-compromiso-matrimonio-forzado\/","og_locale":"es_ES","og_type":"article","og_title":"El Compromiso. Matrimonio forzado - Catalogo | Letrame Grupo Editorial","og_description":"ISBN:\u00a0978-84-1068-004-3  SINOPSIS  En Matrimonio forzado, el segundo libro de la saga El compromiso y continuaci\u00f3n de Amor o tradici\u00f3n, nos encontramos con un Arun decidido a no aceptar la imposici\u00f3n de su padre. Aprovechando un viaje a Nepal, que debe realizar junto a Naya debido a la filmaci\u00f3n que protagonizan, la sorprende proponi\u00e9ndole matrimonio, yendo en contra de la tradici\u00f3n y de su padre. Ella acepta sin saber las consecuencias que su precipitada decisi\u00f3n traer\u00e1 a la vida de ambos, a sus respectivas familias y amigos.  Naraka, la prometida de Arun, quien ha vivido su vida en Londres olvidando su compromiso, regresa a India solo para vengarse del hombre al que alguna vez am\u00f3, pero que nunca le correspondi\u00f3.","og_url":"https:\/\/letrame.com\/catalogo\/producto\/el-compromiso-matrimonio-forzado\/","og_site_name":"Catalogo | Letrame Grupo Editorial","og_image":[{"width":1746,"height":2560,"url":"https:\/\/letrame.com\/catalogo\/wp-content\/uploads\/2024\/06\/webp_matrimonioforzado_336mm-compressed-scaled.jpg","type":"image\/jpeg"}],"twitter_card":"summary_large_image","twitter_misc":{"Tiempo de lectura":"1 minuto"},"schema":{"@context":"https:\/\/schema.org","@graph":[{"@type":"WebPage","@id":"https:\/\/letrame.com\/catalogo\/producto\/el-compromiso-matrimonio-forzado\/","url":"https:\/\/letrame.com\/catalogo\/producto\/el-compromiso-matrimonio-forzado\/","name":"El Compromiso. Matrimonio forzado - Catalogo | Letrame Grupo Editorial","isPartOf":{"@id":"https:\/\/letrame.com\/catalogo\/#website"},"primaryImageOfPage":{"@id":"https:\/\/letrame.com\/catalogo\/producto\/el-compromiso-matrimonio-forzado\/#primaryimage"},"image":{"@id":"https:\/\/letrame.com\/catalogo\/producto\/el-compromiso-matrimonio-forzado\/#primaryimage"},"thumbnailUrl":"https:\/\/letrame.com\/catalogo\/wp-content\/uploads\/2024\/06\/webp_matrimonioforzado_336mm-compressed-scaled.jpg","datePublished":"2024-06-18T08:03:07+00:00","breadcrumb":{"@id":"https:\/\/letrame.com\/catalogo\/producto\/el-compromiso-matrimonio-forzado\/#breadcrumb"},"inLanguage":"es","potentialAction":[{"@type":"ReadAction","target":["https:\/\/letrame.com\/catalogo\/producto\/el-compromiso-matrimonio-forzado\/"]}]},{"@type":"ImageObject","inLanguage":"es","@id":"https:\/\/letrame.com\/catalogo\/producto\/el-compromiso-matrimonio-forzado\/#primaryimage","url":"https:\/\/letrame.com\/catalogo\/wp-content\/uploads\/2024\/06\/webp_matrimonioforzado_336mm-compressed-scaled.jpg","contentUrl":"https:\/\/letrame.com\/catalogo\/wp-content\/uploads\/2024\/06\/webp_matrimonioforzado_336mm-compressed-scaled.jpg","width":1746,"height":2560},{"@type":"BreadcrumbList","@id":"https:\/\/letrame.com\/catalogo\/producto\/el-compromiso-matrimonio-forzado\/#breadcrumb","itemListElement":[{"@type":"ListItem","position":1,"name":"Portada","item":"https:\/\/letrame.com\/catalogo\/"},{"@type":"ListItem","position":2,"name":"Cat\u00e1logo","item":"https:\/\/letrame.com\/catalogo\/"},{"@type":"ListItem","position":3,"name":"El Compromiso. Matrimonio forzado"}]},{"@type":"WebSite","@id":"https:\/\/letrame.com\/catalogo\/#website","url":"https:\/\/letrame.com\/catalogo\/","name":"Catalogo | Letrame Grupo Editorial","description":"","publisher":{"@id":"https:\/\/letrame.com\/catalogo\/#organization"},"potentialAction":[{"@type":"SearchAction","target":{"@type":"EntryPoint","urlTemplate":"https:\/\/letrame.com\/catalogo\/?s={search_term_string}"},"query-input":{"@type":"PropertyValueSpecification","valueRequired":true,"valueName":"search_term_string"}}],"inLanguage":"es"},{"@type":"Organization","@id":"https:\/\/letrame.com\/catalogo\/#organization","name":"Catalogo | Letrame Grupo Editorial","url":"https:\/\/letrame.com\/catalogo\/","logo":{"@type":"ImageObject","inLanguage":"es","@id":"https:\/\/letrame.com\/catalogo\/#\/schema\/logo\/image\/","url":"https:\/\/letrame.com\/catalogo\/wp-content\/uploads\/2024\/03\/logo2.webp","contentUrl":"https:\/\/letrame.com\/catalogo\/wp-content\/uploads\/2024\/03\/logo2.webp","width":394,"height":128,"caption":"Catalogo | Letrame Grupo Editorial"},"image":{"@id":"https:\/\/letrame.com\/catalogo\/#\/schema\/logo\/image\/"}}]}},"_links":{"self":[{"href":"https:\/\/letrame.com\/catalogo\/wp-json\/wp\/v2\/product\/101400","targetHints":{"allow":["GET"]}}],"collection":[{"href":"https:\/\/letrame.com\/catalogo\/wp-json\/wp\/v2\/product"}],"about":[{"href":"https:\/\/letrame.com\/catalogo\/wp-json\/wp\/v2\/types\/product"}],"replies":[{"embeddable":true,"href":"https:\/\/letrame.com\/catalogo\/wp-json\/wp\/v2\/comments?post=101400"}],"acf:post":[{"embeddable":true,"href":"https:\/\/letrame.com\/catalogo\/wp-json\/wp\/v2\/author_book\/78043"}],"wp:featuredmedia":[{"embeddable":true,"href":"https:\/\/letrame.com\/catalogo\/wp-json\/wp\/v2\/media\/101401"}],"wp:attachment":[{"href":"https:\/\/letrame.com\/catalogo\/wp-json\/wp\/v2\/media?parent=101400"}],"wp:term":[{"taxonomy":"libro","embeddable":true,"href":"https:\/\/letrame.com\/catalogo\/wp-json\/wp\/v2\/libro?post=101400"},{"taxonomy":"product_brand","embeddable":true,"href":"https:\/\/letrame.com\/catalogo\/wp-json\/wp\/v2\/product_brand?post=101400"},{"taxonomy":"product_cat","embeddable":true,"href":"https:\/\/letrame.com\/catalogo\/wp-json\/wp\/v2\/product_cat?post=101400"},{"taxonomy":"product_tag","embeddable":true,"href":"https:\/\/letrame.com\/catalogo\/wp-json\/wp\/v2\/product_tag?post=101400"}],"curies":[{"name":"wp","href":"https:\/\/api.w.org\/{rel}","templated":true}]}}