{"id":101398,"date":"2024-06-18T09:57:18","date_gmt":"2024-06-18T07:57:18","guid":{"rendered":"https:\/\/letrame.com\/catalogo\/?post_type=product&#038;p=101398"},"modified":"2024-06-18T09:57:18","modified_gmt":"2024-06-18T07:57:18","slug":"el-imperio-dorado-2","status":"publish","type":"product","link":"https:\/\/letrame.com\/catalogo\/producto\/el-imperio-dorado-2\/","title":{"rendered":"El imperio dorado"},"content":{"rendered":"<p>ISBN:\u00a0978-84-1181-822-3<br \/>\nT\u00edtulo:\u2028El imperio dorado<br \/>\nFecha:\u20282024<br \/>\nP\u00e1ginas:\u00a0796<br \/>\nSINOPSIS<\/p>\n<p>La ancestral ciudad de Dorhian muere. Hace miles de a\u00f1os, una gran calamidad estuvo a punto de destruir el mundo. Ahora, cientos de reinos se alzan sobre los vestigios de deidades ca\u00eddas y las ruinas de un viejo mundo. Aquellas antiguas leyendas que profesan la destrucci\u00f3n siguen dormidas en las profundidades de la tierra.<br \/>\nLa fr\u00e1gil paz del continente se ve amenazada ante una inminente escaramuza de Iceldia, quienes durante siglos han buscado desesperadamente dominar la zetrocita para potenciar su ciencia. No obstante, los vientos de guerra que se levantan en el horizonte no son el \u00fanico peligro para la ciudad. Antiguos y obscuros rituales se preparan en secreto para revivir los vestigios de aquella calamidad arcana, usando para ello la sangre de la gente del desierto.<br \/>\nAnte este ominoso escenario, Dorhian env\u00eda como \u00faltimo recurso a un pu\u00f1ado de hombres a un viaje sin retorno para salvar sus hogares, sus familias y todo cuanto aman. Una guerra de ambiciones e intrigas est\u00e1 a punto de derribar el dorado imperio de las arenas.<\/p>\n","protected":false},"excerpt":{"rendered":"<p>ISBN:\u00a0978-84-1181-822-3<\/p>\n<p>SINOPSIS<\/p>\n<p>La ancestral ciudad de Dorhian muere. Hace miles de a\u00f1os, una gran calamidad estuvo a punto de destruir el mundo. Ahora, cientos de reinos se alzan sobre los vestigios de deidades ca\u00eddas y las ruinas de un viejo mundo. Aquellas antiguas leyendas que profesan la destrucci\u00f3n siguen dormidas en las profundidades de la tierra.<br \/>\nLa fr\u00e1gil paz del continente se ve amenazada ante una inminente escaramuza de Iceldia, quienes durante siglos han buscado desesperadamente dominar la zetrocita para potenciar su ciencia. No obstante, los vientos de guerra que se levantan en el horizonte no son el \u00fanico peligro para la ciudad. Antiguos y obscuros rituales se preparan en secreto para revivir los vestigios de aquella calamidad arcana, usando para ello la sangre de la gente del desierto.<br \/>\nAnte este ominoso escenario, Dorhian env\u00eda como \u00faltimo recurso a un pu\u00f1ado de hombres a un viaje sin retorno para salvar sus hogares, sus familias y todo cuanto aman. Una guerra de ambiciones e intrigas est\u00e1 a punto de derribar el dorado imperio de las arenas.<\/p>\n","protected":false},"featured_media":101399,"comment_status":"open","ping_status":"closed","template":"","meta":{"_acf_changed":false},"libro":[],"product_brand":[],"product_cat":[118],"product_tag":[],"class_list":{"0":"post-101398","1":"product","2":"type-product","3":"status-publish","4":"has-post-thumbnail","6":"product_cat-fantasia","8":"first","9":"instock","10":"shipping-taxable","11":"product-type-simple"},"acf":{"autor":[100627],"enlace_de_compra":"https:\/\/www.casadellibro.com\/libro-el-imperio-dorado-las-tierras-del-ocaso-i\/9788411818223\/15986635?gclid=Cj0KCQjw4MSzBhC8ARIsAPFOuyXeRQlcHj8RMHRA9FQN5K1IewzhyggBrvpuZo_9doJLS2pwkYyzmisaAn2bEALw_wcB"},"yoast_head":"<!-- This site is optimized with the Yoast SEO plugin v27.4 - https:\/\/yoast.com\/product\/yoast-seo-wordpress\/ -->\n<title>El imperio dorado - Catalogo | Letrame Grupo Editorial<\/title>\n<meta name=\"robots\" content=\"index, follow, max-snippet:-1, max-image-preview:large, max-video-preview:-1\" \/>\n<link rel=\"canonical\" href=\"https:\/\/letrame.com\/catalogo\/producto\/el-imperio-dorado-2\/\" \/>\n<meta property=\"og:locale\" content=\"es_ES\" \/>\n<meta property=\"og:type\" content=\"article\" \/>\n<meta property=\"og:title\" content=\"El imperio dorado - Catalogo | Letrame Grupo Editorial\" \/>\n<meta property=\"og:description\" content=\"ISBN:\u00a0978-84-1181-822-3  SINOPSIS  La ancestral ciudad de Dorhian muere. Hace miles de a\u00f1os, una gran calamidad estuvo a punto de destruir el mundo. Ahora, cientos de reinos se alzan sobre los vestigios de deidades ca\u00eddas y las ruinas de un viejo mundo. Aquellas antiguas leyendas que profesan la destrucci\u00f3n siguen dormidas en las profundidades de la tierra. La fr\u00e1gil paz del continente se ve amenazada ante una inminente escaramuza de Iceldia, quienes durante siglos han buscado desesperadamente dominar la zetrocita para potenciar su ciencia. No obstante, los vientos de guerra que se levantan en el horizonte no son el \u00fanico peligro para la ciudad. Antiguos y obscuros rituales se preparan en secreto para revivir los vestigios de aquella calamidad arcana, usando para ello la sangre de la gente del desierto. Ante este ominoso escenario, Dorhian env\u00eda como \u00faltimo recurso a un pu\u00f1ado de hombres a un viaje sin retorno para salvar sus hogares, sus familias y todo cuanto aman. Una guerra de ambiciones e intrigas est\u00e1 a punto de derribar el dorado imperio de las arenas.\" \/>\n<meta property=\"og:url\" content=\"https:\/\/letrame.com\/catalogo\/producto\/el-imperio-dorado-2\/\" \/>\n<meta property=\"og:site_name\" content=\"Catalogo | Letrame Grupo Editorial\" \/>\n<meta property=\"og:image\" content=\"https:\/\/letrame.com\/catalogo\/wp-content\/uploads\/2024\/06\/webp_elimperiodorado_3778mm-compressed-scaled.jpg\" \/>\n\t<meta property=\"og:image:width\" content=\"1746\" \/>\n\t<meta property=\"og:image:height\" content=\"2560\" \/>\n\t<meta property=\"og:image:type\" content=\"image\/jpeg\" \/>\n<meta name=\"twitter:card\" content=\"summary_large_image\" \/>\n<meta name=\"twitter:label1\" content=\"Tiempo de lectura\" \/>\n\t<meta name=\"twitter:data1\" content=\"1 minuto\" \/>\n<script type=\"application\/ld+json\" class=\"yoast-schema-graph\">{\"@context\":\"https:\\\/\\\/schema.org\",\"@graph\":[{\"@type\":\"WebPage\",\"@id\":\"https:\\\/\\\/letrame.com\\\/catalogo\\\/producto\\\/el-imperio-dorado-2\\\/\",\"url\":\"https:\\\/\\\/letrame.com\\\/catalogo\\\/producto\\\/el-imperio-dorado-2\\\/\",\"name\":\"El imperio dorado - Catalogo | Letrame Grupo Editorial\",\"isPartOf\":{\"@id\":\"https:\\\/\\\/letrame.com\\\/catalogo\\\/#website\"},\"primaryImageOfPage\":{\"@id\":\"https:\\\/\\\/letrame.com\\\/catalogo\\\/producto\\\/el-imperio-dorado-2\\\/#primaryimage\"},\"image\":{\"@id\":\"https:\\\/\\\/letrame.com\\\/catalogo\\\/producto\\\/el-imperio-dorado-2\\\/#primaryimage\"},\"thumbnailUrl\":\"https:\\\/\\\/letrame.com\\\/catalogo\\\/wp-content\\\/uploads\\\/2024\\\/06\\\/webp_elimperiodorado_3778mm-compressed-scaled.jpg\",\"datePublished\":\"2024-06-18T07:57:18+00:00\",\"breadcrumb\":{\"@id\":\"https:\\\/\\\/letrame.com\\\/catalogo\\\/producto\\\/el-imperio-dorado-2\\\/#breadcrumb\"},\"inLanguage\":\"es\",\"potentialAction\":[{\"@type\":\"ReadAction\",\"target\":[\"https:\\\/\\\/letrame.com\\\/catalogo\\\/producto\\\/el-imperio-dorado-2\\\/\"]}]},{\"@type\":\"ImageObject\",\"inLanguage\":\"es\",\"@id\":\"https:\\\/\\\/letrame.com\\\/catalogo\\\/producto\\\/el-imperio-dorado-2\\\/#primaryimage\",\"url\":\"https:\\\/\\\/letrame.com\\\/catalogo\\\/wp-content\\\/uploads\\\/2024\\\/06\\\/webp_elimperiodorado_3778mm-compressed-scaled.jpg\",\"contentUrl\":\"https:\\\/\\\/letrame.com\\\/catalogo\\\/wp-content\\\/uploads\\\/2024\\\/06\\\/webp_elimperiodorado_3778mm-compressed-scaled.jpg\",\"width\":1746,\"height\":2560},{\"@type\":\"BreadcrumbList\",\"@id\":\"https:\\\/\\\/letrame.com\\\/catalogo\\\/producto\\\/el-imperio-dorado-2\\\/#breadcrumb\",\"itemListElement\":[{\"@type\":\"ListItem\",\"position\":1,\"name\":\"Portada\",\"item\":\"https:\\\/\\\/letrame.com\\\/catalogo\\\/\"},{\"@type\":\"ListItem\",\"position\":2,\"name\":\"Cat\u00e1logo\",\"item\":\"https:\\\/\\\/letrame.com\\\/catalogo\\\/\"},{\"@type\":\"ListItem\",\"position\":3,\"name\":\"El imperio dorado\"}]},{\"@type\":\"WebSite\",\"@id\":\"https:\\\/\\\/letrame.com\\\/catalogo\\\/#website\",\"url\":\"https:\\\/\\\/letrame.com\\\/catalogo\\\/\",\"name\":\"Catalogo | Letrame Grupo Editorial\",\"description\":\"\",\"publisher\":{\"@id\":\"https:\\\/\\\/letrame.com\\\/catalogo\\\/#organization\"},\"potentialAction\":[{\"@type\":\"SearchAction\",\"target\":{\"@type\":\"EntryPoint\",\"urlTemplate\":\"https:\\\/\\\/letrame.com\\\/catalogo\\\/?s={search_term_string}\"},\"query-input\":{\"@type\":\"PropertyValueSpecification\",\"valueRequired\":true,\"valueName\":\"search_term_string\"}}],\"inLanguage\":\"es\"},{\"@type\":\"Organization\",\"@id\":\"https:\\\/\\\/letrame.com\\\/catalogo\\\/#organization\",\"name\":\"Catalogo | Letrame Grupo Editorial\",\"url\":\"https:\\\/\\\/letrame.com\\\/catalogo\\\/\",\"logo\":{\"@type\":\"ImageObject\",\"inLanguage\":\"es\",\"@id\":\"https:\\\/\\\/letrame.com\\\/catalogo\\\/#\\\/schema\\\/logo\\\/image\\\/\",\"url\":\"https:\\\/\\\/letrame.com\\\/catalogo\\\/wp-content\\\/uploads\\\/2024\\\/03\\\/logo2.webp\",\"contentUrl\":\"https:\\\/\\\/letrame.com\\\/catalogo\\\/wp-content\\\/uploads\\\/2024\\\/03\\\/logo2.webp\",\"width\":394,\"height\":128,\"caption\":\"Catalogo | Letrame Grupo Editorial\"},\"image\":{\"@id\":\"https:\\\/\\\/letrame.com\\\/catalogo\\\/#\\\/schema\\\/logo\\\/image\\\/\"}}]}<\/script>\n<!-- \/ Yoast SEO plugin. -->","yoast_head_json":{"title":"El imperio dorado - Catalogo | Letrame Grupo Editorial","robots":{"index":"index","follow":"follow","max-snippet":"max-snippet:-1","max-image-preview":"max-image-preview:large","max-video-preview":"max-video-preview:-1"},"canonical":"https:\/\/letrame.com\/catalogo\/producto\/el-imperio-dorado-2\/","og_locale":"es_ES","og_type":"article","og_title":"El imperio dorado - Catalogo | Letrame Grupo Editorial","og_description":"ISBN:\u00a0978-84-1181-822-3  SINOPSIS  La ancestral ciudad de Dorhian muere. Hace miles de a\u00f1os, una gran calamidad estuvo a punto de destruir el mundo. Ahora, cientos de reinos se alzan sobre los vestigios de deidades ca\u00eddas y las ruinas de un viejo mundo. Aquellas antiguas leyendas que profesan la destrucci\u00f3n siguen dormidas en las profundidades de la tierra. La fr\u00e1gil paz del continente se ve amenazada ante una inminente escaramuza de Iceldia, quienes durante siglos han buscado desesperadamente dominar la zetrocita para potenciar su ciencia. No obstante, los vientos de guerra que se levantan en el horizonte no son el \u00fanico peligro para la ciudad. Antiguos y obscuros rituales se preparan en secreto para revivir los vestigios de aquella calamidad arcana, usando para ello la sangre de la gente del desierto. Ante este ominoso escenario, Dorhian env\u00eda como \u00faltimo recurso a un pu\u00f1ado de hombres a un viaje sin retorno para salvar sus hogares, sus familias y todo cuanto aman. Una guerra de ambiciones e intrigas est\u00e1 a punto de derribar el dorado imperio de las arenas.","og_url":"https:\/\/letrame.com\/catalogo\/producto\/el-imperio-dorado-2\/","og_site_name":"Catalogo | Letrame Grupo Editorial","og_image":[{"width":1746,"height":2560,"url":"https:\/\/letrame.com\/catalogo\/wp-content\/uploads\/2024\/06\/webp_elimperiodorado_3778mm-compressed-scaled.jpg","type":"image\/jpeg"}],"twitter_card":"summary_large_image","twitter_misc":{"Tiempo de lectura":"1 minuto"},"schema":{"@context":"https:\/\/schema.org","@graph":[{"@type":"WebPage","@id":"https:\/\/letrame.com\/catalogo\/producto\/el-imperio-dorado-2\/","url":"https:\/\/letrame.com\/catalogo\/producto\/el-imperio-dorado-2\/","name":"El imperio dorado - Catalogo | Letrame Grupo Editorial","isPartOf":{"@id":"https:\/\/letrame.com\/catalogo\/#website"},"primaryImageOfPage":{"@id":"https:\/\/letrame.com\/catalogo\/producto\/el-imperio-dorado-2\/#primaryimage"},"image":{"@id":"https:\/\/letrame.com\/catalogo\/producto\/el-imperio-dorado-2\/#primaryimage"},"thumbnailUrl":"https:\/\/letrame.com\/catalogo\/wp-content\/uploads\/2024\/06\/webp_elimperiodorado_3778mm-compressed-scaled.jpg","datePublished":"2024-06-18T07:57:18+00:00","breadcrumb":{"@id":"https:\/\/letrame.com\/catalogo\/producto\/el-imperio-dorado-2\/#breadcrumb"},"inLanguage":"es","potentialAction":[{"@type":"ReadAction","target":["https:\/\/letrame.com\/catalogo\/producto\/el-imperio-dorado-2\/"]}]},{"@type":"ImageObject","inLanguage":"es","@id":"https:\/\/letrame.com\/catalogo\/producto\/el-imperio-dorado-2\/#primaryimage","url":"https:\/\/letrame.com\/catalogo\/wp-content\/uploads\/2024\/06\/webp_elimperiodorado_3778mm-compressed-scaled.jpg","contentUrl":"https:\/\/letrame.com\/catalogo\/wp-content\/uploads\/2024\/06\/webp_elimperiodorado_3778mm-compressed-scaled.jpg","width":1746,"height":2560},{"@type":"BreadcrumbList","@id":"https:\/\/letrame.com\/catalogo\/producto\/el-imperio-dorado-2\/#breadcrumb","itemListElement":[{"@type":"ListItem","position":1,"name":"Portada","item":"https:\/\/letrame.com\/catalogo\/"},{"@type":"ListItem","position":2,"name":"Cat\u00e1logo","item":"https:\/\/letrame.com\/catalogo\/"},{"@type":"ListItem","position":3,"name":"El imperio dorado"}]},{"@type":"WebSite","@id":"https:\/\/letrame.com\/catalogo\/#website","url":"https:\/\/letrame.com\/catalogo\/","name":"Catalogo | Letrame Grupo Editorial","description":"","publisher":{"@id":"https:\/\/letrame.com\/catalogo\/#organization"},"potentialAction":[{"@type":"SearchAction","target":{"@type":"EntryPoint","urlTemplate":"https:\/\/letrame.com\/catalogo\/?s={search_term_string}"},"query-input":{"@type":"PropertyValueSpecification","valueRequired":true,"valueName":"search_term_string"}}],"inLanguage":"es"},{"@type":"Organization","@id":"https:\/\/letrame.com\/catalogo\/#organization","name":"Catalogo | Letrame Grupo Editorial","url":"https:\/\/letrame.com\/catalogo\/","logo":{"@type":"ImageObject","inLanguage":"es","@id":"https:\/\/letrame.com\/catalogo\/#\/schema\/logo\/image\/","url":"https:\/\/letrame.com\/catalogo\/wp-content\/uploads\/2024\/03\/logo2.webp","contentUrl":"https:\/\/letrame.com\/catalogo\/wp-content\/uploads\/2024\/03\/logo2.webp","width":394,"height":128,"caption":"Catalogo | Letrame Grupo Editorial"},"image":{"@id":"https:\/\/letrame.com\/catalogo\/#\/schema\/logo\/image\/"}}]}},"_links":{"self":[{"href":"https:\/\/letrame.com\/catalogo\/wp-json\/wp\/v2\/product\/101398","targetHints":{"allow":["GET"]}}],"collection":[{"href":"https:\/\/letrame.com\/catalogo\/wp-json\/wp\/v2\/product"}],"about":[{"href":"https:\/\/letrame.com\/catalogo\/wp-json\/wp\/v2\/types\/product"}],"replies":[{"embeddable":true,"href":"https:\/\/letrame.com\/catalogo\/wp-json\/wp\/v2\/comments?post=101398"}],"acf:post":[{"embeddable":true,"href":"https:\/\/letrame.com\/catalogo\/wp-json\/wp\/v2\/author_book\/100627"}],"wp:featuredmedia":[{"embeddable":true,"href":"https:\/\/letrame.com\/catalogo\/wp-json\/wp\/v2\/media\/101399"}],"wp:attachment":[{"href":"https:\/\/letrame.com\/catalogo\/wp-json\/wp\/v2\/media?parent=101398"}],"wp:term":[{"taxonomy":"libro","embeddable":true,"href":"https:\/\/letrame.com\/catalogo\/wp-json\/wp\/v2\/libro?post=101398"},{"taxonomy":"product_brand","embeddable":true,"href":"https:\/\/letrame.com\/catalogo\/wp-json\/wp\/v2\/product_brand?post=101398"},{"taxonomy":"product_cat","embeddable":true,"href":"https:\/\/letrame.com\/catalogo\/wp-json\/wp\/v2\/product_cat?post=101398"},{"taxonomy":"product_tag","embeddable":true,"href":"https:\/\/letrame.com\/catalogo\/wp-json\/wp\/v2\/product_tag?post=101398"}],"curies":[{"name":"wp","href":"https:\/\/api.w.org\/{rel}","templated":true}]}}